{"id":12408,"date":"2023-04-19T13:01:44","date_gmt":"2023-04-19T11:01:44","guid":{"rendered":"https:\/\/litteraturbanken.se\/diktensmuseum\/?page_id=12408"},"modified":"2023-04-27T05:33:16","modified_gmt":"2023-04-27T03:33:16","slug":"samisk-litteratur-den-forste-forfattaren","status":"publish","type":"page","link":"https:\/\/litteraturbanken.se\/diktensmuseum\/samisk-litteratur-den-forste-forfattaren\/","title":{"rendered":"Samisk litteratur Den f\u00f6rste f\u00f6rfattaren"},"content":{"rendered":"<body>\n<div class=\"wp-block-columns is-layout-flex wp-container-core-columns-is-layout-9d6595d7 wp-block-columns-is-layout-flex\">\n<div class=\"wp-block-column is-layout-flow wp-block-column-is-layout-flow\" style=\"flex-basis:65%\">\n<h1 class=\"wp-block-heading has-vivid-red-color has-text-color\">Samisk litteratur<\/h1>\n\n\n\n<h3 class=\"wp-block-heading\">Den f\u00f6rsta f\u00f6rfattaren<\/h3>\n\n\n\n<div style=\"height:35px\" aria-hidden=\"true\" class=\"wp-block-spacer\"><\/div>\n\n\n\n<div style=\"height:40px\" aria-hidden=\"true\" class=\"wp-block-spacer\"><\/div>\n\n\n\n<div style=\"height:20px\" aria-hidden=\"true\" class=\"wp-block-spacer\"><\/div>\n\n\n\n<p><a href=\"https:\/\/litteraturbanken.se\/f%C3%B6rfattare\/TuriJ\">Johan Turi<\/a> (1854\u20131936) brukar beskrivas som den f\u00f6rsta samiska f\u00f6rfattaren som skrev om samiska f\u00f6rh\u00e5llanden. Han f\u00f6ddes 1854 i en rensk\u00f6tarfamilj i Guovdageaidnu (Kautokeino) p\u00e5 norsk sida av S\u00e1pmi. Under 1880-talet flyttade familjen \u00f6ver till svensk sida. Turi var bland annat verksam som vargj\u00e4gare, men han hade tidigt en dr\u00f6m om att skriva en bok om fj\u00e4llsamernas liv. Han l\u00e4rde sig sj\u00e4lv att l\u00e4sa och skriva i vuxen \u00e5lder \u2013\u00a0n\u00e5gon skola hade han aldrig g\u00e5tt i.<\/p>\n\n\n\n<p>Ber\u00e4ttelsen om hans v\u00e4g till f\u00f6rfattarskapet \u00e4r fascinerande. Det ber\u00e4ttas om hur Turi m\u00f6tte den danska konstn\u00e4ren <a rel=\"noreferrer noopener\" href=\"https:\/\/litteraturbanken.se\/f%C3%B6rfattare\/DemantHattE\" target=\"_blank\">Emilie Demant<\/a> (senare Demant-Hatt) p\u00e5 ett malmt\u00e5g mellan Riksgr\u00e4nsen och Tornetr\u00e4sk sommaren 1904. Demant-Hatt hade ocks\u00e5 en dr\u00f6m: att l\u00e4ra sig samiska och leva med fj\u00e4llsamer. De tv\u00e5 kom \u00f6verens om att hj\u00e4lpa varandra, och s\u00e5 blev det ocks\u00e5. N\u00e4r Demant-Hatt kom tillbaka till K\u00f6penhamn hade hon turen att det just d\u00e5 fanns m\u00f6jlighet att studera samiska vid universitetet d\u00e4r. Efter tre \u00e5rs studier \u00e5terv\u00e4nde hon till S\u00e1pmi. Under fyra m\u00e5naders tid bodde hon och Johan Turi tillsammans i en barack vid Duortnosj\u00e1vri (Tornetr\u00e4sk). Demant-Hatt sk\u00f6tte hush\u00e5llet och uppmuntrade\u00a0 Turi i skrivandet, vilket beh\u00f6vdes\u00a0\u2013 Turi blev enligt egen utsago ofta rastl\u00f6s och ville kasta pennan ifr\u00e5n sig.<\/p>\n\n\n\n<div style=\"height:20px\" aria-hidden=\"true\" class=\"wp-block-spacer\"><\/div>\n\n\n\n<figure class=\"wp-block-gallery has-nested-images columns-default is-cropped wp-block-gallery-1 is-layout-flex wp-block-gallery-is-layout-flex\">\n<figure class=\"wp-block-image size-large\"><a href=\"https:\/\/litteraturbanken.se\/diktensmuseum\/wp-content\/uploads\/2023\/04\/032s8YzS1iux.jpeg\" target=\"_blank\" rel=\"noreferrer noopener\"><img decoding=\"async\" width=\"764\" height=\"1024\" data-id=\"12446\" src=\"https:\/\/litteraturbanken.se\/diktensmuseum\/wp-content\/uploads\/2023\/04\/032s8YzS1iux-764x1024.jpeg\" alt=\"\" class=\"wp-image-12446\" loading=\"lazy\" srcset=\"https:\/\/litteraturbanken.se\/diktensmuseum\/wp-content\/uploads\/2023\/04\/032s8YzS1iux-764x1024.jpeg 764w, https:\/\/litteraturbanken.se\/diktensmuseum\/wp-content\/uploads\/2023\/04\/032s8YzS1iux-224x300.jpeg 224w, https:\/\/litteraturbanken.se\/diktensmuseum\/wp-content\/uploads\/2023\/04\/032s8YzS1iux-768x1030.jpeg 768w, https:\/\/litteraturbanken.se\/diktensmuseum\/wp-content\/uploads\/2023\/04\/032s8YzS1iux-480x643.jpeg 480w, https:\/\/litteraturbanken.se\/diktensmuseum\/wp-content\/uploads\/2023\/04\/032s8YzS1iux.jpeg 925w\" sizes=\"auto, (max-width: 764px) 100vw, 764px\" \/><\/a><\/figure>\n<figcaption class=\"blocks-gallery-caption wp-element-caption\"><em>Johan Turi med en vargunge. Foto av Emilie Demant-Hatt, Nordiska museet (<a rel=\"noreferrer noopener\" href=\"https:\/\/creativecommons.org\/licenses\/by-nc-nd\/4.0\/deed.sv\" target=\"_blank\">CC BY-NC-ND<\/a>).<\/em><\/figcaption><\/figure>\n\n\n\n<div style=\"height:50px\" aria-hidden=\"true\" class=\"wp-block-spacer\"><\/div>\n\n\n\n<p>N\u00e4r boken var f\u00e4rdigskriven redigerade Demant-Hatt manuskriptet, \u00f6versatte det till danska och s\u00e5g till att det blev utgivet (med hj\u00e4lp av <a href=\"https:\/\/litteraturbanken.se\/f%C3%B6rfattare\/LundbohmHj\" target=\"_blank\" rel=\"noreferrer noopener\">Hjalmar Lundbohm<\/a>). Turi hj\u00e4lpte henne i sin tur att hitta en rensk\u00f6tarfamilj hon kunde f\u00e5 bo hos under en l\u00e4ngre period. \u00a0<\/p>\n\n\n\n<p>S\u00e5 kommer det sig allts\u00e5 att Turis ber\u00f6mda verk <em>Muittalus samid birra<\/em> (Ber\u00e4ttelse om samerna) f\u00f6rsta g\u00e5ngen utkom 1910 p\u00e5 nordsamiska och danska. Till denna danska utg\u00e5va h\u00f6rde ocks\u00e5 en s\u00e5 kallad Atlas, allts\u00e5 en volym i st\u00f6rre format med Turis egna teckningar. I den svenska utg\u00e5van ing\u00e5r dessa teckningar ist\u00e4llet i slutet av boken. <\/p>\n\n\n\n<div style=\"height:20px\" aria-hidden=\"true\" class=\"wp-block-spacer\"><\/div>\n\n\n\n<figure class=\"wp-block-gallery has-nested-images columns-default is-cropped wp-block-gallery-2 is-layout-flex wp-block-gallery-is-layout-flex\">\n<figure class=\"wp-block-image size-large\"><img decoding=\"async\" width=\"1024\" height=\"637\" data-id=\"12467\" src=\"https:\/\/litteraturbanken.se\/diktensmuseum\/wp-content\/uploads\/2023\/04\/atlas-1-1024x637.jpg\" alt=\"\" class=\"wp-image-12467\" loading=\"lazy\" srcset=\"https:\/\/litteraturbanken.se\/diktensmuseum\/wp-content\/uploads\/2023\/04\/atlas-1-1024x637.jpg 1024w, https:\/\/litteraturbanken.se\/diktensmuseum\/wp-content\/uploads\/2023\/04\/atlas-1-300x187.jpg 300w, https:\/\/litteraturbanken.se\/diktensmuseum\/wp-content\/uploads\/2023\/04\/atlas-1-768x477.jpg 768w, https:\/\/litteraturbanken.se\/diktensmuseum\/wp-content\/uploads\/2023\/04\/atlas-1-480x298.jpg 480w, https:\/\/litteraturbanken.se\/diktensmuseum\/wp-content\/uploads\/2023\/04\/atlas-1.jpg 1200w\" sizes=\"auto, (max-width: 1024px) 100vw, 1024px\" \/><\/figure>\n<figcaption class=\"blocks-gallery-caption wp-element-caption\">Johan Turi,\u00a0<em><a rel=\"noreferrer noopener\" href=\"https:\/\/litteraturbanken.se\/f%C3%B6rfattare\/TuriJ\/titlar\/MuittalusAtlas\/sida\/2\/faksimil\" target=\"_blank\">Muittalus samid birra. Atlas med 14 tavler<\/a>\u00a0<\/em>(1910).<\/figcaption><\/figure>\n\n\n\n<div style=\"height:50px\" aria-hidden=\"true\" class=\"wp-block-spacer\"><\/div>\n\n\n\n<p>P\u00e5 svenska utkom <em>Muittalus samid birra<\/em> f\u00f6rst 1917, d\u00e5 i \u00f6vers\u00e4ttning av <a rel=\"noreferrer noopener\" href=\"https:\/\/litteraturbanken.se\/f%C3%B6rfattare\/Karl%C3%A9nS\/titlar\" target=\"_blank\">Sven Karl\u00e9n<\/a> och <a rel=\"noreferrer noopener\" href=\"https:\/\/litteraturbanken.se\/f%C3%B6rfattare\/WiklundKB\/titlar\" target=\"_blank\">Karl Bernhard Wiklund<\/a>. D\u00e4remellan utgavs boken p\u00e5 tyska 1912 och den har senare \u00f6versatts till ett dussintal spr\u00e5k.<\/p>\n\n\n\n<div style=\"height:20px\" aria-hidden=\"true\" class=\"wp-block-spacer\"><\/div>\n\n\n\n<figure class=\"wp-block-gallery has-nested-images columns-default is-cropped wp-block-gallery-3 is-layout-flex wp-block-gallery-is-layout-flex\">\n<figure class=\"wp-block-image size-large\"><img decoding=\"async\" width=\"748\" height=\"1024\" data-id=\"12465\" src=\"https:\/\/litteraturbanken.se\/diktensmuseum\/wp-content\/uploads\/2023\/04\/muittalus2-1-748x1024.jpg\" alt=\"\" class=\"wp-image-12465\" loading=\"lazy\" srcset=\"https:\/\/litteraturbanken.se\/diktensmuseum\/wp-content\/uploads\/2023\/04\/muittalus2-1-748x1024.jpg 748w, https:\/\/litteraturbanken.se\/diktensmuseum\/wp-content\/uploads\/2023\/04\/muittalus2-1-219x300.jpg 219w, https:\/\/litteraturbanken.se\/diktensmuseum\/wp-content\/uploads\/2023\/04\/muittalus2-1-768x1051.jpg 768w, https:\/\/litteraturbanken.se\/diktensmuseum\/wp-content\/uploads\/2023\/04\/muittalus2-1-1123x1536.jpg 1123w, https:\/\/litteraturbanken.se\/diktensmuseum\/wp-content\/uploads\/2023\/04\/muittalus2-1-480x657.jpg 480w, https:\/\/litteraturbanken.se\/diktensmuseum\/wp-content\/uploads\/2023\/04\/muittalus2-1.jpg 1200w\" sizes=\"auto, (max-width: 748px) 100vw, 748px\" \/><\/figure>\n\n\n\n<figure class=\"wp-block-image size-large\"><img decoding=\"async\" width=\"748\" height=\"1024\" data-id=\"12463\" src=\"https:\/\/litteraturbanken.se\/diktensmuseum\/wp-content\/uploads\/2023\/04\/muittalus1-748x1024.jpg\" alt=\"\" class=\"wp-image-12463\" loading=\"lazy\" srcset=\"https:\/\/litteraturbanken.se\/diktensmuseum\/wp-content\/uploads\/2023\/04\/muittalus1-748x1024.jpg 748w, https:\/\/litteraturbanken.se\/diktensmuseum\/wp-content\/uploads\/2023\/04\/muittalus1-219x300.jpg 219w, https:\/\/litteraturbanken.se\/diktensmuseum\/wp-content\/uploads\/2023\/04\/muittalus1-768x1051.jpg 768w, https:\/\/litteraturbanken.se\/diktensmuseum\/wp-content\/uploads\/2023\/04\/muittalus1-1123x1536.jpg 1123w, https:\/\/litteraturbanken.se\/diktensmuseum\/wp-content\/uploads\/2023\/04\/muittalus1-480x657.jpg 480w, https:\/\/litteraturbanken.se\/diktensmuseum\/wp-content\/uploads\/2023\/04\/muittalus1.jpg 1200w\" sizes=\"auto, (max-width: 748px) 100vw, 748px\" \/><\/figure>\n<figcaption class=\"blocks-gallery-caption wp-element-caption\"><em>Johan Turis Muittalus samid birra i <a href=\"https:\/\/litteraturbanken.se\/f%C3%B6rfattare\/TuriJ\/titlar\/Muittalus1910\/sida\/5\/faksimil\" target=\"_blank\" rel=\"noreferrer noopener\">den dansk-samiska utg\u00e5van<\/a> fr\u00e5n 1910 och <a rel=\"noreferrer noopener\" href=\"http:\/\/lb.se\/f\/TuriJ\/t\/Muittalus1917\/sida\/5\/faksimil\" target=\"_blank\">den svenska utg\u00e5van<\/a> fr\u00e5n 1917.<\/em><\/figcaption><\/figure>\n\n\n\n<div style=\"height:50px\" aria-hidden=\"true\" class=\"wp-block-spacer\"><\/div>\n\n\n\n<p>Det finns ocks\u00e5 flera olika utg\u00e5vor p\u00e5 samiska. Fritt tillg\u00e4nglig p\u00e5 n\u00e4tet, hos <a href=\"https:\/\/www.bokselskap.no\/forfattere\/turi\" target=\"_blank\" rel=\"noreferrer noopener\">Bokselskap.no<\/a>, finns 1987 \u00e5rs utg\u00e5va p\u00e5 f\u00f6rlaget S\u00e1mi Girjjit som \u00e4r baserad p\u00e5 Demant-Hatts utg\u00e5va fr\u00e5n 1910 men d\u00e4r stavningen har normaliserats till modern nordsamiska. Den b\u00e4sta utg\u00e5van f\u00f6r att komma n\u00e4ra originalet torde dock vara den som utkom p\u00e5 f\u00f6rlaget \u010c\u00e1lliidL\u00e1gadus\u00a02010. I denna utg\u00e5va har Mikael Svonni, professor i samiska spr\u00e5k, g\u00e5tt till Turis egna handskrivna manuskript, som f\u00f6rvaras i Nordiska museet \u2013\u00a0denna utg\u00e5va finns dock \u00e4n s\u00e5 l\u00e4nge inte digitalt tillg\u00e4nglig.<\/p>\n\n\n\n<div style=\"height:20px\" aria-hidden=\"true\" class=\"wp-block-spacer\"><\/div>\n\n\n\n<figure class=\"wp-block-gallery has-nested-images columns-default is-cropped wp-block-gallery-4 is-layout-flex wp-block-gallery-is-layout-flex\">\n<figure class=\"wp-block-image size-large\"><img decoding=\"async\" width=\"800\" height=\"551\" data-id=\"12453\" src=\"https:\/\/litteraturbanken.se\/diktensmuseum\/wp-content\/uploads\/2023\/04\/turis_ms_mindre.jpg\" alt=\"\" class=\"wp-image-12453\" loading=\"lazy\" srcset=\"https:\/\/litteraturbanken.se\/diktensmuseum\/wp-content\/uploads\/2023\/04\/turis_ms_mindre.jpg 800w, https:\/\/litteraturbanken.se\/diktensmuseum\/wp-content\/uploads\/2023\/04\/turis_ms_mindre-300x207.jpg 300w, https:\/\/litteraturbanken.se\/diktensmuseum\/wp-content\/uploads\/2023\/04\/turis_ms_mindre-768x529.jpg 768w, https:\/\/litteraturbanken.se\/diktensmuseum\/wp-content\/uploads\/2023\/04\/turis_ms_mindre-480x331.jpg 480w\" sizes=\"auto, (max-width: 800px) 100vw, 800px\" \/><\/figure>\n<figcaption class=\"blocks-gallery-caption wp-element-caption\"><em>Ett uppslag ur Turis originalmanuskript i <a rel=\"noreferrer noopener\" href=\"https:\/\/digitaltmuseum.se\/0210111472132\/johan-turis-originalmanuskript-i-nordiska-museets-arkiv\" target=\"_blank\">Nordiska museets arkiv.<\/a><\/em><\/figcaption><\/figure>\n\n\n\n<div style=\"height:50px\" aria-hidden=\"true\" class=\"wp-block-spacer\"><\/div>\n\n\n\n<p>Efter framg\u00e5ngen med <em>Muittalus samid birra <\/em>skrev Turi ytterligare ett par b\u00f6cker.  Hans <em><a href=\"https:\/\/litteraturbanken.se\/f%C3%B6rfattare\/TuriJ\/titlar\/Matkemuitalusat\/sida\/3\/etext?om-boken\">M\u00e1tkemuitalusat ja ie\u017e\u00e1 muitalusat<\/a> <\/em>(<em>Reseber\u00e4ttelser och andra ber\u00e4ttelser<\/em>) finns att l\u00e4sa i Litteraturbanken p\u00e5 nordsamiska. Turi fortsatte ocks\u00e5 att teckna och m\u00e5la. En rad av hans bilder finns digitaliserade av Nordiska museet.<\/p>\n\n\n\n<div style=\"height:20px\" aria-hidden=\"true\" class=\"wp-block-spacer\"><\/div>\n\n\n\n<figure class=\"wp-block-gallery has-nested-images columns-default is-cropped wp-block-gallery-5 is-layout-flex wp-block-gallery-is-layout-flex\">\n<figure class=\"wp-block-image size-large\"><img decoding=\"async\" width=\"800\" height=\"696\" data-id=\"12454\" src=\"https:\/\/litteraturbanken.se\/diktensmuseum\/wp-content\/uploads\/2023\/04\/NMA.0103129_mindre.jpg\" alt=\"\" class=\"wp-image-12454\" loading=\"lazy\" srcset=\"https:\/\/litteraturbanken.se\/diktensmuseum\/wp-content\/uploads\/2023\/04\/NMA.0103129_mindre.jpg 800w, https:\/\/litteraturbanken.se\/diktensmuseum\/wp-content\/uploads\/2023\/04\/NMA.0103129_mindre-300x261.jpg 300w, https:\/\/litteraturbanken.se\/diktensmuseum\/wp-content\/uploads\/2023\/04\/NMA.0103129_mindre-768x668.jpg 768w, https:\/\/litteraturbanken.se\/diktensmuseum\/wp-content\/uploads\/2023\/04\/NMA.0103129_mindre-480x418.jpg 480w\" sizes=\"auto, (max-width: 800px) 100vw, 800px\" \/><\/figure>\n<figcaption class=\"blocks-gallery-caption wp-element-caption\"><em>Teckning och akvarell av Johan Turi. Bilden har vi l\u00e5nat fr\u00e5n <a rel=\"noreferrer noopener\" href=\"https:\/\/digitaltmuseum.se\/0210112345742\/teckning-och-akvarell-av-johan-turi-tomt-omgiven-av-staket-bostadshus\" target=\"_blank\">Nordiska museet<\/a>. Denna och fler bilder av Turi finns att se i <a href=\"https:\/\/digitaltmuseum.se\/021037462237\/turi-johan-1854-1936\">Digitalt museum<\/a>.<\/em><\/figcaption><\/figure>\n\n\n\n<div style=\"height:50px\" aria-hidden=\"true\" class=\"wp-block-spacer\"><\/div>\n\n\n\n<p class=\"has-text-align-right\" style=\"font-size:12px\"><br><\/p>\n<\/div>\n\n\n\n<div class=\"wp-block-column is-layout-flow wp-block-column-is-layout-flow\" style=\"flex-basis:35%\">\n<div style=\"height:20px\" aria-hidden=\"true\" class=\"wp-block-spacer\"><\/div>\n\n\n\n<p><a href=\"https:\/\/litteraturbanken.se\/diktensmuseum\/samisk-litteratur-inledning\/\">EN INLEDNING<\/a><br><a href=\"https:\/\/litteraturbanken.se\/diktensmuseum\/samisk-litteratur-den-forste-forfattaren\/\">DEN F\u00d6RSTE F\u00d6RFATTAREN<\/a><br><a href=\"https:\/\/litteraturbanken.se\/diktensmuseum\/samisk-litteratur-politiska-pionjarer\/\">POLITISKA PIONJ\u00c4RER<\/a><br><a href=\"https:\/\/litteraturbanken.se\/diktensmuseum\/samisk-litteratur-tva-1970-talsforfattare\/\">TV\u00c5 1970-TALSF\u00d6RFATTARE<\/a><br><a href=\"https:\/\/litteraturbanken.se\/diktensmuseum\/samisk-litteratur-varldsberomda-jojkar\/\">V\u00c4RLDSBER\u00d6MDA JOJKAR<\/a><br><a href=\"https:\/\/litteraturbanken.se\/diktensmuseum\/samisk-litteratur-texter-pa-samiska-sprak\/\">TEXTER P\u00c5 SAMISKA SPR\u00c5K<\/a><br><a href=\"https:\/\/litteraturbanken.se\/diktensmuseum\/samisk-litteratur-samiskt-i-ljud-bild\/\" data-type=\"page\" data-id=\"12430\">SAMISKT I LJUD &amp; BILD<\/a><\/p>\n\n\n\n<div style=\"height:20px\" aria-hidden=\"true\" class=\"wp-block-spacer\"><\/div>\n\n\n\n<div style=\"height:20px\" aria-hidden=\"true\" class=\"wp-block-spacer\"><\/div>\n\n\n\n<div style=\"height:20px\" aria-hidden=\"true\" class=\"wp-block-spacer\"><\/div>\n\n\n\n<figure class=\"wp-block-image size-large\"><a href=\"https:\/\/litteraturbanken.se\/diktensmuseum\/wp-content\/uploads\/2023\/04\/lb_samiska-utstallningen_affisch_4.2023.jpg\" target=\"_blank\" rel=\"noreferrer noopener\"><img decoding=\"async\" width=\"724\" height=\"1024\" src=\"https:\/\/litteraturbanken.se\/diktensmuseum\/wp-content\/uploads\/2023\/04\/lb_samiska-utstallningen_affisch_4.2023-724x1024.jpg\" alt=\"\" class=\"wp-image-12432\" loading=\"lazy\" srcset=\"https:\/\/litteraturbanken.se\/diktensmuseum\/wp-content\/uploads\/2023\/04\/lb_samiska-utstallningen_affisch_4.2023-724x1024.jpg 724w, https:\/\/litteraturbanken.se\/diktensmuseum\/wp-content\/uploads\/2023\/04\/lb_samiska-utstallningen_affisch_4.2023-212x300.jpg 212w, https:\/\/litteraturbanken.se\/diktensmuseum\/wp-content\/uploads\/2023\/04\/lb_samiska-utstallningen_affisch_4.2023-768x1086.jpg 768w, https:\/\/litteraturbanken.se\/diktensmuseum\/wp-content\/uploads\/2023\/04\/lb_samiska-utstallningen_affisch_4.2023-1086x1536.jpg 1086w, https:\/\/litteraturbanken.se\/diktensmuseum\/wp-content\/uploads\/2023\/04\/lb_samiska-utstallningen_affisch_4.2023-480x679.jpg 480w, https:\/\/litteraturbanken.se\/diktensmuseum\/wp-content\/uploads\/2023\/04\/lb_samiska-utstallningen_affisch_4.2023.jpg 1200w\" sizes=\"auto, (max-width: 724px) 100vw, 724px\" \/><\/a><\/figure>\n\n\n\n<div style=\"height:40px\" aria-hidden=\"true\" class=\"wp-block-spacer\"><\/div>\n\n\n\n<hr class=\"wp-block-separator has-css-opacity\">\n\n\n\n<h5 class=\"wp-block-heading\">OM UTST\u00c4LLNINGEN<\/h5>\n\n\n\n<p style=\"font-size:11px\"><em>Utst\u00e4llningen \u201dSamisk litteratur\u201d producerades f\u00f6r Litteraturbanken under 202<\/em>3 av<em> Cai Alfredson, som ocks\u00e5 har skrivit kringtexterna d\u00e4r inget annat anges.<\/em><\/p>\n\n\n\n<div style=\"height:20px\" aria-hidden=\"true\" class=\"wp-block-spacer\"><\/div>\n\n\n\n<p style=\"font-size:11px\"><em>L\u00e4s mer om den samiska litteraturens historia fr\u00e5n dess gryning till v\u00e5ra dagar i Johan Sandberg McGuinne och Anne Wuolabs specialskrivna presentation <a href=\"https:\/\/litteraturbanken.se\/forfattare\/SandbergMcGuinneJ\/titlar\/LitteraturensSapmi\/sida\/1\/etext\">Litteraturens S\u00e1pmi<\/a>.  <br> <br> <br> Alla verk i v\u00e5ra samlingar som \u00e4r relaterade till samisk litteratur eller samisk kultur och historia kan filtreras fram i Biblioteket genom att v\u00e4lja samlingen <a href=\"https:\/\/litteraturbanken.se\/bibliotek?keywords=keyword:Sapmi\">\u201dS\u00e1pmi\u201d.<\/a>  <br> <br> Alla texter p\u00e5 samiska spr\u00e5k hittas genom att v\u00e4lja <a href=\"https:\/\/litteraturbanken.se\/bibliotek?avancerat&amp;languages=language:smi\">\u201dSamiska spr\u00e5k\u201d<\/a> under Spr\u00e5k (som finns under Fler inst\u00e4llningar).  <\/em><\/p>\n\n\n\n<p><\/p>\n\n\n\n<div style=\"height:40px\" aria-hidden=\"true\" class=\"wp-block-spacer\"><\/div>\n\n\n\n<h5 class=\"wp-block-heading\">MER AV OCH OM JOHAN TURI<\/h5>\n\n\n\n<p><br><a href=\"https:\/\/litteraturbanken.se\/f%C3%B6rfattare\/TuriJ\/titlar\/Muittalus1910\/sida\/5\/faksimil\">Muittalus samid birra (1910, p\u00e5 nordsamiska &amp; danska)<\/a><br><a href=\"https:\/\/litteraturbanken.se\/f%C3%B6rfattare\/TuriJ\/titlar\/MuittalusAtlas\/sida\/2\/faksimil\">Atlasbandet till danska utg\u00e5van<\/a><br><a rel=\"noreferrer noopener\" href=\"https:\/\/litteraturbanken.se\/f%C3%B6rfattare\/TuriJ\/titlar\/Muittalus1917\/sida\/v\/faksimil?om-boken\" target=\"_blank\">Muittalus samid birra (1917, p\u00e5 svenska)<\/a><br><a href=\"https:\/\/litteraturbanken.se\/f%C3%B6rfattare\/TuriJ\/titlar\/Matkemuitalusat\/sida\/3\/etext?om-boken\">M\u00e1tkemuitalusat ja ie\u017e\u00e1 muitalusat (nordsamiska)<\/a><br><a href=\"https:\/\/www.bokselskap.no\/boker\/muitalussamiidbirra\/tittelside\">Muitalus s\u00e1miid birra (nordsamiska, 1987 \u00e5rs utg\u00e5va hos Bokselskap.no) <\/a> <\/p>\n\n\n\n<p><a href=\"https:\/\/litteraturbanken.se\/f%C3%B6rfattare\/MuntheA\/titlar\/BokenOmSanMichele\/sida\/105\/etext\">Axel Munthe om Turi<\/a><br><a href=\"https:\/\/litteraturbanken.se\/f%C3%B6rfattare\/RantaR%C3%B6nnlundS\/titlar\/NjoalpasS%C3%B6ner\/sida\/157\/faksimil\">Sara Ranta-R\u00f6nnlund om Turi<\/a><br><a href=\"https:\/\/digitaltmuseum.org\/021037462237\/turi-johan-1854-1936\">Johan Turi i DigitaltMuseum<\/a><br> <\/p>\n\n\n\n<p><\/p>\n\n\n\n<p><\/p>\n<\/div>\n<\/div>\n\n\n\n<div style=\"height:20px\" aria-hidden=\"true\" class=\"wp-block-spacer\"><\/div>\n\n\n\n<div style=\"height:20px\" aria-hidden=\"true\" class=\"wp-block-spacer\"><\/div>\n<\/body>","protected":false},"excerpt":{"rendered":"<p>Samisk litteratur Den f\u00f6rsta f\u00f6rfattaren Johan Turi (1854\u20131936) brukar beskrivas som den f\u00f6rsta samiska f\u00f6rfattaren som skrev om samiska f\u00f6rh\u00e5llanden. Han f\u00f6ddes 1854 i en rensk\u00f6tarfamilj i Guovdageaidnu (Kautokeino) p\u00e5 norsk sida av S\u00e1pmi. Under 1880-talet flyttade familjen \u00f6ver till [&hellip;]<\/p>\n","protected":false},"author":1,"featured_media":12432,"parent":0,"menu_order":1,"comment_status":"closed","ping_status":"closed","template":"","meta":{"footnotes":""},"class_list":["post-12408","page","type-page","status-publish","has-post-thumbnail","hentry"],"_links":{"self":[{"href":"https:\/\/litteraturbanken.se\/diktensmuseum\/wp-json\/wp\/v2\/pages\/12408","targetHints":{"allow":["GET"]}}],"collection":[{"href":"https:\/\/litteraturbanken.se\/diktensmuseum\/wp-json\/wp\/v2\/pages"}],"about":[{"href":"https:\/\/litteraturbanken.se\/diktensmuseum\/wp-json\/wp\/v2\/types\/page"}],"author":[{"embeddable":true,"href":"https:\/\/litteraturbanken.se\/diktensmuseum\/wp-json\/wp\/v2\/users\/1"}],"replies":[{"embeddable":true,"href":"https:\/\/litteraturbanken.se\/diktensmuseum\/wp-json\/wp\/v2\/comments?post=12408"}],"version-history":[{"count":23,"href":"https:\/\/litteraturbanken.se\/diktensmuseum\/wp-json\/wp\/v2\/pages\/12408\/revisions"}],"predecessor-version":[{"id":12720,"href":"https:\/\/litteraturbanken.se\/diktensmuseum\/wp-json\/wp\/v2\/pages\/12408\/revisions\/12720"}],"wp:featuredmedia":[{"embeddable":true,"href":"https:\/\/litteraturbanken.se\/diktensmuseum\/wp-json\/wp\/v2\/media\/12432"}],"wp:attachment":[{"href":"https:\/\/litteraturbanken.se\/diktensmuseum\/wp-json\/wp\/v2\/media?parent=12408"}],"curies":[{"name":"wp","href":"https:\/\/api.w.org\/{rel}","templated":true}]}}