{"id":12419,"date":"2023-04-19T13:00:46","date_gmt":"2023-04-19T11:00:46","guid":{"rendered":"https:\/\/litteraturbanken.se\/diktensmuseum\/?page_id=12419"},"modified":"2023-04-27T05:35:03","modified_gmt":"2023-04-27T03:35:03","slug":"samisk-litteratur-texter-pa-samiska-sprak","status":"publish","type":"page","link":"https:\/\/litteraturbanken.se\/diktensmuseum\/samisk-litteratur-texter-pa-samiska-sprak\/","title":{"rendered":"Samisk litteratur: Texter p\u00e5 samiska spr\u00e5k"},"content":{"rendered":"<body>\n<div class=\"wp-block-columns is-layout-flex wp-container-core-columns-is-layout-9d6595d7 wp-block-columns-is-layout-flex\">\n<div class=\"wp-block-column is-layout-flow wp-block-column-is-layout-flow\" style=\"flex-basis:65%\">\n<h1 class=\"wp-block-heading has-vivid-red-color has-text-color\">Samisk litteratur<\/h1>\n\n\n\n<h3 class=\"wp-block-heading\">Texter p\u00e5 samiska spr\u00e5k \u2013 i digitalt format<\/h3>\n\n\n\n<div style=\"height:35px\" aria-hidden=\"true\" class=\"wp-block-spacer\"><\/div>\n\n\n\n<div style=\"height:40px\" aria-hidden=\"true\" class=\"wp-block-spacer\"><\/div>\n\n\n\n<div style=\"height:20px\" aria-hidden=\"true\" class=\"wp-block-spacer\"><\/div>\n\n\n\n<h4 class=\"wp-block-heading\">I Litteraturbanken<\/h4>\n\n\n\n<p>Litteraturbanken samlar i f\u00f6rsta hand \u00e4ldre material som inte \u00e4r r\u00e4ttighetsskyddat. Det betyder i sin tur att m\u00e5nga av texterna \u00e4r skrivna med \u00e4ldre stavning och p\u00e5 ett mer eller mindre \u00e5lderdomligt spr\u00e5k. Eftersom antalet verk p\u00e5 samiska spr\u00e5k i Litteraturbanken inte \u00e4r s\u00e4rskilt stort, och det inte alltid g\u00e5r att avg\u00f6ra vilket samiskt spr\u00e5k de \u00e4ldre texterna \u00e4r skrivna p\u00e5, har vi valt att inte dela upp spr\u00e5ken utan alla samiska spr\u00e5k hittas i samma s\u00f6kning.<\/p>\n\n\n\n<p>F\u00f6r att hitta samtliga texter p\u00e5 samiska spr\u00e5k som finns i Litteraturbanken, g\u00e5 till Biblioteket och v\u00e4lj <a href=\"https:\/\/litteraturbanken.se\/bibliotek?avancerat&amp;languages=language:smi\">Samiska spr\u00e5k<\/a> under Spr\u00e5k (som i sin tur finns under Fler inst\u00e4llningar).<\/p>\n\n\n\n<p><\/p>\n\n\n\n<div style=\"height:20px\" aria-hidden=\"true\" class=\"wp-block-spacer\"><\/div>\n\n\n\n<p>N\u00e5gra l\u00e4stips till dig som vill l\u00e4sa p\u00e5 nordsamiska:<\/p>\n\n\n\n<p>Pe\u0111ar Jalvi, <em><a href=\"https:\/\/litteraturbanken.se\/f%C3%B6rfattare\/JalviP\/titlar\/Muottacalmit\/sida\/1\/etext\">Muotta\u010dalmit<\/a> <\/em>(<em>Sn\u00f6flingor<\/em>, 1915)<\/p>\n\n\n\n<p>Anders Larsen, <em><a href=\"https:\/\/litteraturbanken.se\/f%C3%B6rfattare\/LarsenA\/titlar\/B%C3%A6ivveAlggo\/sida\/VII\/faksimil\">B\u00e6ivve-Alggo<\/a> <\/em>(<em>Gryning<\/em>, 1912)<\/p>\n\n\n\n<p>August Strindberg, <em><a href=\"https:\/\/litteraturbanken.se\/f%C3%B6rfattare\/StrindbergA\/titlar\/Niehkocajalmas\/sida\/3\/etext\">Niehko\u010d\u00e1j\u00e1lmas<\/a><\/em> (<em>Ett dr\u00f6mspel<\/em>, 1902, \u00f6vers. Mikael Svonni 2012)<\/p>\n\n\n\n<figure class=\"wp-block-gallery has-nested-images columns-default wp-block-gallery-1 is-layout-flex wp-block-gallery-is-layout-flex\">\n<figure class=\"wp-block-image size-full\"><a href=\"https:\/\/litteraturbanken.se\/diktensmuseum\/wp-content\/uploads\/2023\/04\/Jalvi.jpeg\"><img decoding=\"async\" width=\"366\" height=\"600\" data-id=\"12512\" src=\"https:\/\/litteraturbanken.se\/diktensmuseum\/wp-content\/uploads\/2023\/04\/Jalvi.jpeg\" alt=\"\" class=\"wp-image-12512\" loading=\"lazy\" srcset=\"https:\/\/litteraturbanken.se\/diktensmuseum\/wp-content\/uploads\/2023\/04\/Jalvi.jpeg 366w, https:\/\/litteraturbanken.se\/diktensmuseum\/wp-content\/uploads\/2023\/04\/Jalvi-183x300.jpeg 183w\" sizes=\"auto, (max-width: 366px) 100vw, 366px\" \/><\/a><\/figure>\n\n\n\n<figure class=\"wp-block-image size-full\"><a href=\"https:\/\/litteraturbanken.se\/diktensmuseum\/wp-content\/uploads\/2023\/04\/Larsen.jpeg\"><img decoding=\"async\" width=\"366\" height=\"600\" data-id=\"12513\" src=\"https:\/\/litteraturbanken.se\/diktensmuseum\/wp-content\/uploads\/2023\/04\/Larsen.jpeg\" alt=\"\" class=\"wp-image-12513\" loading=\"lazy\" srcset=\"https:\/\/litteraturbanken.se\/diktensmuseum\/wp-content\/uploads\/2023\/04\/Larsen.jpeg 366w, https:\/\/litteraturbanken.se\/diktensmuseum\/wp-content\/uploads\/2023\/04\/Larsen-183x300.jpeg 183w\" sizes=\"auto, (max-width: 366px) 100vw, 366px\" \/><\/a><\/figure>\n\n\n\n<figure class=\"wp-block-image size-full\"><a href=\"https:\/\/litteraturbanken.se\/diktensmuseum\/wp-content\/uploads\/2023\/04\/Strindberg.jpg\"><img decoding=\"async\" width=\"366\" height=\"600\" data-id=\"12514\" src=\"https:\/\/litteraturbanken.se\/diktensmuseum\/wp-content\/uploads\/2023\/04\/Strindberg.jpg\" alt=\"\" class=\"wp-image-12514\" loading=\"lazy\" srcset=\"https:\/\/litteraturbanken.se\/diktensmuseum\/wp-content\/uploads\/2023\/04\/Strindberg.jpg 366w, https:\/\/litteraturbanken.se\/diktensmuseum\/wp-content\/uploads\/2023\/04\/Strindberg-183x300.jpg 183w\" sizes=\"auto, (max-width: 366px) 100vw, 366px\" \/><\/a><\/figure>\n<\/figure>\n\n\n\n<div style=\"height:30px\" aria-hidden=\"true\" class=\"wp-block-spacer\"><\/div>\n\n\n\n<h4 class=\"wp-block-heading\">Andra k\u00e4llor<\/h4>\n\n\n\n<figure class=\"wp-block-image size-large\"><a href=\"https:\/\/litteraturbanken.se\/diktensmuseum\/wp-content\/uploads\/2023\/04\/ipad-telefon.jpg\" target=\"_blank\" rel=\"noreferrer noopener\"><img decoding=\"async\" width=\"1024\" height=\"576\" src=\"https:\/\/litteraturbanken.se\/diktensmuseum\/wp-content\/uploads\/2023\/04\/ipad-telefon-1024x576.jpg\" alt=\"\" class=\"wp-image-12515\" loading=\"lazy\" srcset=\"https:\/\/litteraturbanken.se\/diktensmuseum\/wp-content\/uploads\/2023\/04\/ipad-telefon-1024x576.jpg 1024w, https:\/\/litteraturbanken.se\/diktensmuseum\/wp-content\/uploads\/2023\/04\/ipad-telefon-300x169.jpg 300w, https:\/\/litteraturbanken.se\/diktensmuseum\/wp-content\/uploads\/2023\/04\/ipad-telefon-768x432.jpg 768w, https:\/\/litteraturbanken.se\/diktensmuseum\/wp-content\/uploads\/2023\/04\/ipad-telefon-1536x864.jpg 1536w, https:\/\/litteraturbanken.se\/diktensmuseum\/wp-content\/uploads\/2023\/04\/ipad-telefon-480x270.jpg 480w, https:\/\/litteraturbanken.se\/diktensmuseum\/wp-content\/uploads\/2023\/04\/ipad-telefon.jpg 1920w\" sizes=\"auto, (max-width: 1024px) 100vw, 1024px\" \/><\/a><\/figure>\n\n\n\n<p><\/p>\n\n\n\n<p>I Kungl. Bibliotekets app <a href=\"https:\/\/www.kb.se\/samverkan-och-utveckling\/biblioteksutveckling\/nationella-minoriteters-bibliotek\/bladdra.html\">Bl\u00e4ddra<\/a> finns fler moderna b\u00f6cker p\u00e5 olika samiska spr\u00e5k.<\/p>\n\n\n\n<p>Hos norska <a href=\"https:\/\/www.bokselskap.no\/?s=samisk\">Bokselskap<\/a> finns n\u00e5gra eb\u00f6cker p\u00e5 nordsamiska som fritt kan laddas ner \u00e4ven fr\u00e5n svenska ip-adresser.<\/p>\n\n\n\n<p>Den som surfar fr\u00e5n en norsk ip-adress kan hitta ganska mycket hos norska <a href=\"https:\/\/www.nb.no\/search?mediatype=b%C3%B8ker&amp;literaryform=Skj%C3%B8nnlitteratur&amp;languages=sme\">Nasjonalbiblioteket<\/a>.<\/p>\n\n\n\n<div style=\"height:50px\" aria-hidden=\"true\" class=\"wp-block-spacer\"><\/div>\n<\/div>\n\n\n\n<div class=\"wp-block-column is-layout-flow wp-block-column-is-layout-flow\" style=\"flex-basis:35%\">\n<div style=\"height:20px\" aria-hidden=\"true\" class=\"wp-block-spacer\"><\/div>\n\n\n\n<p><a href=\"https:\/\/litteraturbanken.se\/diktensmuseum\/samisk-litteratur-inledning\/\">EN INLEDNING<\/a><br><a href=\"https:\/\/litteraturbanken.se\/diktensmuseum\/samisk-litteratur-den-forste-forfattaren\/\">DEN F\u00d6RSTE F\u00d6RFATTAREN<\/a><br><a href=\"https:\/\/litteraturbanken.se\/diktensmuseum\/samisk-litteratur-politiska-pionjarer\/\">POLITISKA PIONJ\u00c4RER<\/a><br><a href=\"https:\/\/litteraturbanken.se\/diktensmuseum\/samisk-litteratur-tva-1970-talsforfattare\/\">TV\u00c5 1970-TALSF\u00d6RFATTARE<\/a><br><a href=\"https:\/\/litteraturbanken.se\/diktensmuseum\/samisk-litteratur-varldsberomda-jojkar\/\">V\u00c4RLDSBER\u00d6MDA JOJKAR<\/a><br><a href=\"https:\/\/litteraturbanken.se\/diktensmuseum\/samisk-litteratur-texter-pa-samiska-sprak\/\">TEXTER P\u00c5 SAMISKA SPR\u00c5K<\/a><br><a href=\"https:\/\/litteraturbanken.se\/diktensmuseum\/samisk-litteratur-samiskt-i-ljud-bild\/\" data-type=\"page\" data-id=\"12430\">SAMISKT I LJUD &amp; BILD<\/a><\/p>\n\n\n\n<div style=\"height:20px\" aria-hidden=\"true\" class=\"wp-block-spacer\"><\/div>\n\n\n\n<div style=\"height:20px\" aria-hidden=\"true\" class=\"wp-block-spacer\"><\/div>\n\n\n\n<div style=\"height:20px\" aria-hidden=\"true\" class=\"wp-block-spacer\"><\/div>\n\n\n\n<figure class=\"wp-block-image size-large\"><a href=\"https:\/\/litteraturbanken.se\/diktensmuseum\/wp-content\/uploads\/2023\/04\/lb_samiska-utstallningen_affisch_4.2023.jpg\" target=\"_blank\" rel=\"noreferrer noopener\"><img decoding=\"async\" width=\"724\" height=\"1024\" src=\"https:\/\/litteraturbanken.se\/diktensmuseum\/wp-content\/uploads\/2023\/04\/lb_samiska-utstallningen_affisch_4.2023-724x1024.jpg\" alt=\"\" class=\"wp-image-12432\" loading=\"lazy\" srcset=\"https:\/\/litteraturbanken.se\/diktensmuseum\/wp-content\/uploads\/2023\/04\/lb_samiska-utstallningen_affisch_4.2023-724x1024.jpg 724w, https:\/\/litteraturbanken.se\/diktensmuseum\/wp-content\/uploads\/2023\/04\/lb_samiska-utstallningen_affisch_4.2023-212x300.jpg 212w, https:\/\/litteraturbanken.se\/diktensmuseum\/wp-content\/uploads\/2023\/04\/lb_samiska-utstallningen_affisch_4.2023-768x1086.jpg 768w, https:\/\/litteraturbanken.se\/diktensmuseum\/wp-content\/uploads\/2023\/04\/lb_samiska-utstallningen_affisch_4.2023-1086x1536.jpg 1086w, https:\/\/litteraturbanken.se\/diktensmuseum\/wp-content\/uploads\/2023\/04\/lb_samiska-utstallningen_affisch_4.2023-480x679.jpg 480w, https:\/\/litteraturbanken.se\/diktensmuseum\/wp-content\/uploads\/2023\/04\/lb_samiska-utstallningen_affisch_4.2023.jpg 1200w\" sizes=\"auto, (max-width: 724px) 100vw, 724px\" \/><\/a><\/figure>\n\n\n\n<div style=\"height:40px\" aria-hidden=\"true\" class=\"wp-block-spacer\"><\/div>\n\n\n\n<hr class=\"wp-block-separator has-css-opacity\">\n\n\n\n<h5 class=\"wp-block-heading\">OM UTST\u00c4LLNINGEN<\/h5>\n\n\n\n<p style=\"font-size:11px\"><em>Utst\u00e4llningen \u201dSamisk litteratur\u201d producerades f\u00f6r Litteraturbanken under 202<\/em>3 av<em> Cai Alfredson, som ocks\u00e5 har skrivit kringtexterna d\u00e4r inget annat anges.<\/em><\/p>\n\n\n\n<div style=\"height:20px\" aria-hidden=\"true\" class=\"wp-block-spacer\"><\/div>\n\n\n\n<p style=\"font-size:11px\"><em>L\u00e4s mer om den samiska litteraturens historia fr\u00e5n dess gryning till v\u00e5ra dagar i Johan Sandberg McGuinne och Anne Wuolabs specialskrivna presentation <a href=\"https:\/\/litteraturbanken.se\/forfattare\/SandbergMcGuinneJ\/titlar\/LitteraturensSapmi\/sida\/1\/etext\">Litteraturens S\u00e1pmi<\/a>.  <br> <br> <br> Alla verk i v\u00e5ra samlingar som \u00e4r relaterade till samisk litteratur eller samisk kultur och historia kan filtreras fram i Biblioteket genom att v\u00e4lja samlingen <a href=\"https:\/\/litteraturbanken.se\/bibliotek?keywords=keyword:Sapmi\">\u201dS\u00e1pmi\u201d.<\/a>  <br> <br> Alla texter p\u00e5 samiska spr\u00e5k hittas genom att v\u00e4lja <a href=\"https:\/\/litteraturbanken.se\/bibliotek?avancerat&amp;languages=language:smi\">\u201dSamiska spr\u00e5k\u201d<\/a> under Spr\u00e5k (som finns under Fler inst\u00e4llningar).  <\/em><\/p>\n\n\n\n<div style=\"height:40px\" aria-hidden=\"true\" class=\"wp-block-spacer\"><\/div>\n<\/div>\n<\/div>\n\n\n\n<div style=\"height:20px\" aria-hidden=\"true\" class=\"wp-block-spacer\"><\/div>\n\n\n\n<div style=\"height:20px\" aria-hidden=\"true\" class=\"wp-block-spacer\"><\/div>\n<\/body>","protected":false},"excerpt":{"rendered":"<p>Samisk litteratur Texter p\u00e5 samiska spr\u00e5k \u2013 i digitalt format I Litteraturbanken Litteraturbanken samlar i f\u00f6rsta hand \u00e4ldre material som inte \u00e4r r\u00e4ttighetsskyddat. Det betyder i sin tur att m\u00e5nga av texterna \u00e4r skrivna med \u00e4ldre stavning och p\u00e5 ett [&hellip;]<\/p>\n","protected":false},"author":1,"featured_media":12534,"parent":0,"menu_order":1,"comment_status":"closed","ping_status":"closed","template":"","meta":{"footnotes":""},"class_list":["post-12419","page","type-page","status-publish","has-post-thumbnail","hentry"],"_links":{"self":[{"href":"https:\/\/litteraturbanken.se\/diktensmuseum\/wp-json\/wp\/v2\/pages\/12419","targetHints":{"allow":["GET"]}}],"collection":[{"href":"https:\/\/litteraturbanken.se\/diktensmuseum\/wp-json\/wp\/v2\/pages"}],"about":[{"href":"https:\/\/litteraturbanken.se\/diktensmuseum\/wp-json\/wp\/v2\/types\/page"}],"author":[{"embeddable":true,"href":"https:\/\/litteraturbanken.se\/diktensmuseum\/wp-json\/wp\/v2\/users\/1"}],"replies":[{"embeddable":true,"href":"https:\/\/litteraturbanken.se\/diktensmuseum\/wp-json\/wp\/v2\/comments?post=12419"}],"version-history":[{"count":16,"href":"https:\/\/litteraturbanken.se\/diktensmuseum\/wp-json\/wp\/v2\/pages\/12419\/revisions"}],"predecessor-version":[{"id":12724,"href":"https:\/\/litteraturbanken.se\/diktensmuseum\/wp-json\/wp\/v2\/pages\/12419\/revisions\/12724"}],"wp:featuredmedia":[{"embeddable":true,"href":"https:\/\/litteraturbanken.se\/diktensmuseum\/wp-json\/wp\/v2\/media\/12534"}],"wp:attachment":[{"href":"https:\/\/litteraturbanken.se\/diktensmuseum\/wp-json\/wp\/v2\/media?parent=12419"}],"curies":[{"name":"wp","href":"https:\/\/api.w.org\/{rel}","templated":true}]}}