{"id":13980,"date":"2023-10-24T13:42:34","date_gmt":"2023-10-24T11:42:34","guid":{"rendered":"https:\/\/litteraturbanken.se\/diktensmuseum\/?page_id=13980"},"modified":"2023-10-24T13:42:36","modified_gmt":"2023-10-24T11:42:36","slug":"verskonstens-abc-intro","status":"publish","type":"page","link":"https:\/\/litteraturbanken.se\/diktensmuseum\/verskonstens-abc-intro\/","title":{"rendered":"VERSKONSTENS ABC: En utst\u00e4llning"},"content":{"rendered":"<body>\n<script type=\"text\/javascript\">jQuery(function() { _initLayerSlider( '#layerslider_143_dhv28hihnr01', {createdWith: '7.6.8', sliderVersion: '7.9.10', type: 'fullsize', marginTop: '0px', marginBottom: '0px', sceneDuration: 3, autoStart: false, keybNav: false, cycles: 1, skin: 'v6', navPrevNext: false, hoverPrevNext: false, navStartStop: false, navButtons: false, showCircleTimer: false, useSrcset: true, skinsPath: 'https:\/\/litteraturbanken.se\/diktensmuseum\/wp-content\/plugins\/LayerSlider\/assets\/static\/layerslider\/skins\/', performanceMode: true, height: 1000}); });<\/script><link href=\"https:\/\/fonts.googleapis.com\/css?family=Oswald:100,100i,200,200i,300,300i,400,400i,500,500i,600,600i,700,700i,800,800i,900,900i%7CLato:100,100i,200,200i,300,300i,400,400i,500,500i,600,600i,700,700i,800,800i,900,900i%7CAlfa+Slab+One:100,100i,200,200i,300,300i,400,400i,500,500i,600,600i,700,700i,800,800i,900,900i\" rel=\"stylesheet\"><div id=\"layerslider_143_dhv28hihnr01\"  class=\"ls-wp-container fitvidsignore ls-selectable\" style=\"width:1280px;height:100vh;margin:0 auto;\"><div class=\"ls-slide\" data-ls=\"bgsize:cover;bgposition:0% 0%;bgcolor:#8a9e90;duration:9000;transition2d:5;transitionduration:2000;\"><img loading=\"lazy\" decoding=\"async\" width=\"1280\" height=\"1000\" src=\"https:\/\/litteraturbanken.se\/diktensmuseum\/wp-content\/uploads\/2023\/10\/ls-project-143-slide-1-4.jpg\" class=\"ls-tn\" alt=\"\" srcset=\"https:\/\/litteraturbanken.se\/diktensmuseum\/wp-content\/uploads\/2023\/10\/ls-project-143-slide-1-4.jpg 1280w, https:\/\/litteraturbanken.se\/diktensmuseum\/wp-content\/uploads\/2023\/10\/ls-project-143-slide-1-4-300x234.jpg 300w, https:\/\/litteraturbanken.se\/diktensmuseum\/wp-content\/uploads\/2023\/10\/ls-project-143-slide-1-4-1024x800.jpg 1024w, https:\/\/litteraturbanken.se\/diktensmuseum\/wp-content\/uploads\/2023\/10\/ls-project-143-slide-1-4-768x600.jpg 768w, https:\/\/litteraturbanken.se\/diktensmuseum\/wp-content\/uploads\/2023\/10\/ls-project-143-slide-1-4-480x375.jpg 480w\" sizes=\"auto, (max-width: 1280px) 100vw, 1280px\" \/><img loading=\"lazy\" decoding=\"async\" width=\"4321\" height=\"5448\" src=\"https:\/\/litteraturbanken.se\/diktensmuseum\/wp-content\/uploads\/2023\/10\/Insects-and-Book.png\" class=\"ls-l ls-img-layer\" alt=\"\" srcset=\"https:\/\/litteraturbanken.se\/diktensmuseum\/wp-content\/uploads\/2023\/10\/Insects-and-Book.png 4321w, https:\/\/litteraturbanken.se\/diktensmuseum\/wp-content\/uploads\/2023\/10\/Insects-and-Book-238x300.png 238w, https:\/\/litteraturbanken.se\/diktensmuseum\/wp-content\/uploads\/2023\/10\/Insects-and-Book-812x1024.png 812w, https:\/\/litteraturbanken.se\/diktensmuseum\/wp-content\/uploads\/2023\/10\/Insects-and-Book-768x968.png 768w, https:\/\/litteraturbanken.se\/diktensmuseum\/wp-content\/uploads\/2023\/10\/Insects-and-Book-1218x1536.png 1218w, https:\/\/litteraturbanken.se\/diktensmuseum\/wp-content\/uploads\/2023\/10\/Insects-and-Book-1624x2048.png 1624w, https:\/\/litteraturbanken.se\/diktensmuseum\/wp-content\/uploads\/2023\/10\/Insects-and-Book-480x605.png 480w\" sizes=\"auto, (max-width: 4321px) 100vw, 4321px\" style=\"width:1013px;top:-278px;left:-167px;opacity:0.55;height:1277px;\" data-ls=\"position:fixedx;pinned:true;\"><a style=\"\" class=\"ls-l\" href=\"https:\/\/litteraturbanken.se\/diktensmuseum\/\" target=\"_blank\" data-ls=\"showinfo:disabled;controls:disabled;offsetxin:right;durationin:0;easingin:easeOutQuint;fadein:false;texttransitionin:true;texttypein:chars_asc;textfadein:false;hover:true;hoverdurationin:75;hovereasingin:easeInOutQuint;hovercolor:#ffcc00;static:2;rotation:-90;position:fixedx;pinned:true;\"><p style=\"top:663px;left:-56px;text-align:initial;mix-blend-mode:normal;font-size:15px;font-family:Lato;letter-spacing:4px;line-height:falsepx;border-width:0px 0px 0px 0px;color:#ffffff;font-weight:700;\" class=\"ls-text-layer\">ETT KUNSKAPSRUM<br> I DIKTENS MUSEUM<\/p><\/a><p style=\"top:579px;left:831px;text-align:initial;mix-blend-mode:normal;font-size:23px;font-family:Lato;letter-spacing:4px;color:#faf7f7;line-height:falsepx;font-weight:700;\" class=\"ls-l ls-text-layer\" data-ls=\"showinfo:disabled;controls:disabled;offsetyin:10;durationin:500;hover:true;hoverdurationin:75;hovereasingin:easeOutQuint;hovercolor:#ffcc00;position:fixedx;pinned:true;\" data-ls-actions='[{\"action\":\"nextSlide\",\"trigger\":\"click\",\"delay\":0}]'>INLEDNING<\/p><p style=\"top:469px;left:785px;text-align:initial;mix-blend-mode:normal;font-size:20px;font-family:Lato;letter-spacing:4px;line-height:falsepx;color:#ffcc00;font-weight:700;\" class=\"ls-l ls-text-layer\" data-ls=\"showinfo:disabled;controls:disabled;offsetyin:10;durationin:500;colorin:#ffffff;position:fixedx;pinned:true;\">ALF HENRIKSON OM <br>VERSM\u00c5TTENS HISTORIA <br>OCH PRAKTIK<\/p><p style=\"top:299px;left:136px;text-align:initial;mix-blend-mode:normal;font-size:141px;width:1346px;line-height:141px;font-family:'Alfa Slab One';color:#fcf9f9;box-shadow:0px 0px 0px 0px;white-space:normal;\" class=\"ls-l ls-text-layer\" data-ls=\"durationin:200;texttransitionin:true;texttypein:lines_asc;textoffsetxin:-100;texteasingin:easeOutQuint;textstartatin:transitioninend + 0;position:fixedx;pinned:true;\">Verskonstens<br>\nABC<\/p><div style=\"top:-64px;left:93px;text-align:initial;font-weight:300;mix-blend-mode:normal;font-family:Oswald;font-size:47px;color:#ffffff;width:1px;line-height:falsepx;height:900px;background-color:#ffcc00;\" class=\"ls-l ls-html-layer\" data-ls=\"showinfo:1;durationin:0;easingin:easeOutQuint;fadein:false;rotateyin:90;static:2;position:fixedx;pinned:true;\"><\/div><ls-layer style=\"width:40px;stroke:#000000;top:808px;left:67px;height:40px;color:#ffcc00;\" class=\"ls-l ls-shape-layer\" data-ls=\"durationin:0;static:2;position:fixedx;pinned:true;\"><svg xmlns=\"http:\/\/www.w3.org\/2000\/svg\" viewbox=\"-0 -0 150 150\" preserveaspectratio=\"none\"><path fill=\"currentColor\" d=\"M0,75a75,75 0 1,0 150,0a75,75 0 1,0 -150,0\"><\/path><\/svg><\/ls-layer><ls-layer style=\"width:40px;stroke:#000000;top:98px;left:79px;height:40px;color:#ffcc00;\" class=\"ls-l ls-shape-layer\" data-ls=\"durationin:0;static:2;position:fixedx;pinned:true;\"><svg xmlns=\"http:\/\/www.w3.org\/2000\/svg\" viewbox=\"-0 -0 150 150\" preserveaspectratio=\"none\"><path fill=\"currentColor\" d=\"M0,75a75,75 0 1,0 150,0a75,75 0 1,0 -150,0\"><\/path><\/svg><\/ls-layer><ls-layer style=\"width:40px;stroke:#000000;top:573px;left:782px;height:40px;color:#ffcc00;\" class=\"ls-l ls-shape-layer\" data-ls=\"durationin:0;position:fixedx;pinned:true;\" data-ls-actions='[{\"action\":\"nextSlide\",\"trigger\":\"click\",\"delay\":0}]'><svg xmlns=\"http:\/\/www.w3.org\/2000\/svg\" viewbox=\"-0 -0 150 150\" preserveaspectratio=\"none\"><path fill=\"currentColor\" d=\"M0,75a75,75 0 1,0 150,0a75,75 0 1,0 -150,0\"><\/path><\/svg><\/ls-layer><ls-layer style=\"font-size:28px;overflow:visible;top:579px;left:788px;color:#080808;\" class=\"ls-l ls-icon-layer\" data-ls=\"bgcolorin:#b4bed6;position:fixedx;pinned:true;\" data-ls-actions='[{\"action\":\"nextSlide\",\"trigger\":\"click\",\"delay\":0}]'><svg data-name=\"arrow-forward-circle-sharp\" viewbox=\"0 0 512 512\"><path xmlns=\"http:\/\/www.w3.org\/2000\/svg\" d=\"M464,256c0-114.87-93.13-208-208-208S48,141.13,48,256s93.13,208,208,208S464,370.87,464,256ZM240,336.09,303.58,272H154V240H303.58L240,175.91l22.71-22.54L364.54,256,262.7,358.63Z\"><\/path><\/svg><\/ls-layer><\/div><div class=\"ls-slide\" data-ls=\"bgsize:cover;bgposition:0% 0%;bgcolor:#606c91;duration:9000;transition2d:5;transitionduration:2000;\"><img loading=\"lazy\" decoding=\"async\" width=\"1280\" height=\"1066\" src=\"https:\/\/litteraturbanken.se\/diktensmuseum\/wp-content\/uploads\/2023\/10\/ls-project-154-slide-1-2.jpg\" class=\"ls-tn\" alt=\"\" srcset=\"https:\/\/litteraturbanken.se\/diktensmuseum\/wp-content\/uploads\/2023\/10\/ls-project-154-slide-1-2.jpg 1280w, https:\/\/litteraturbanken.se\/diktensmuseum\/wp-content\/uploads\/2023\/10\/ls-project-154-slide-1-2-300x250.jpg 300w, https:\/\/litteraturbanken.se\/diktensmuseum\/wp-content\/uploads\/2023\/10\/ls-project-154-slide-1-2-1024x853.jpg 1024w, https:\/\/litteraturbanken.se\/diktensmuseum\/wp-content\/uploads\/2023\/10\/ls-project-154-slide-1-2-768x640.jpg 768w, https:\/\/litteraturbanken.se\/diktensmuseum\/wp-content\/uploads\/2023\/10\/ls-project-154-slide-1-2-480x400.jpg 480w\" sizes=\"auto, (max-width: 1280px) 100vw, 1280px\" \/><img loading=\"lazy\" decoding=\"async\" width=\"1583\" height=\"2093\" src=\"https:\/\/litteraturbanken.se\/diktensmuseum\/wp-content\/uploads\/2023\/10\/Butterfly-on-Flower.png\" class=\"ls-l ls-img-layer\" alt=\"\" srcset=\"https:\/\/litteraturbanken.se\/diktensmuseum\/wp-content\/uploads\/2023\/10\/Butterfly-on-Flower.png 1583w, https:\/\/litteraturbanken.se\/diktensmuseum\/wp-content\/uploads\/2023\/10\/Butterfly-on-Flower-227x300.png 227w, https:\/\/litteraturbanken.se\/diktensmuseum\/wp-content\/uploads\/2023\/10\/Butterfly-on-Flower-774x1024.png 774w, https:\/\/litteraturbanken.se\/diktensmuseum\/wp-content\/uploads\/2023\/10\/Butterfly-on-Flower-768x1015.png 768w, https:\/\/litteraturbanken.se\/diktensmuseum\/wp-content\/uploads\/2023\/10\/Butterfly-on-Flower-1162x1536.png 1162w, https:\/\/litteraturbanken.se\/diktensmuseum\/wp-content\/uploads\/2023\/10\/Butterfly-on-Flower-1549x2048.png 1549w, https:\/\/litteraturbanken.se\/diktensmuseum\/wp-content\/uploads\/2023\/10\/Butterfly-on-Flower-480x635.png 480w\" sizes=\"auto, (max-width: 1583px) 100vw, 1583px\" style=\"top:-109px;left:406px;opacity:0.4;height:921px;\" data-ls=\"position:fixedx;pinned:true;\"><a style=\"\" class=\"ls-l\" href=\"https:\/\/litteraturbanken.se\/diktensmuseum\/verskonstens-abc-begrepp-i\/\" target=\"_top\" data-ls=\"showinfo:disabled;controls:disabled;offsetyin:10;durationin:500;hover:true;hoverdurationin:75;hovereasingin:easeOutQuint;hovercolor:#ffcc00;static:12;minfontsize:11;minmobilefontsize:11;position:fixedx;pinned:true;\"><p style=\"top:683px;left:150px;text-align:initial;mix-blend-mode:normal;font-size:23px;font-family:Lato;letter-spacing:4px;color:#faf7f7;line-height:falsepx;font-weight:900;\" class=\"ls-text-layer\">BEGREPP<\/p><\/a><a style=\"\" class=\"ls-l\" href=\"https:\/\/litteraturbanken.se\/f%C3%B6rfattare\/HenriksonA\/titlar\/VerskonstensABC\/sida\/I\/faksimil?storlek=2\" target=\"_blank\" data-ls=\"showinfo:1;offsetxin:right;offsetyin:bottom;durationin:2000;delayin:400;easingin:easeOutQuad;fadein:false;rotatein:30;scalexin:.5;scaleyin:.5;rotation:5;scaleX:.5;scaleY:.5;position:fixedx;pinned:true;\"><img loading=\"lazy\" decoding=\"async\" width=\"866\" height=\"1406\" src=\"https:\/\/litteraturbanken.se\/diktensmuseum\/wp-content\/uploads\/2023\/11\/henrikson_omslag.jpg\" class=\"ls-img-layer\" alt=\"\" srcset=\"https:\/\/litteraturbanken.se\/diktensmuseum\/wp-content\/uploads\/2023\/11\/henrikson_omslag.jpg 866w, https:\/\/litteraturbanken.se\/diktensmuseum\/wp-content\/uploads\/2023\/11\/henrikson_omslag-185x300.jpg 185w, https:\/\/litteraturbanken.se\/diktensmuseum\/wp-content\/uploads\/2023\/11\/henrikson_omslag-631x1024.jpg 631w, https:\/\/litteraturbanken.se\/diktensmuseum\/wp-content\/uploads\/2023\/11\/henrikson_omslag-768x1247.jpg 768w, https:\/\/litteraturbanken.se\/diktensmuseum\/wp-content\/uploads\/2023\/11\/henrikson_omslag-480x779.jpg 480w\" sizes=\"auto, (max-width: 866px) 100vw, 866px\" style=\"border: 20px solid #eee; box-shadow: 0px 4px 30px rgba(0,0,0,.3);top:432px;left:272px;text-align:initial;width:400px;\"><\/a><a style=\"\" class=\"ls-l\" href=\"https:\/\/litteraturbanken.se\/ljudochbild\/\" target=\"_blank\" data-ls=\"showinfo:1;offsetxin:right;offsetyin:bottom;durationin:2000;delayin:400;easingin:easeOutQuad;fadein:false;rotatein:30;scalexin:.5;scaleyin:.5;rotation:-5;scaleX:.5;scaleY:.5;position:fixedx;pinned:true;\"><img loading=\"lazy\" decoding=\"async\" width=\"1488\" height=\"1686\" src=\"https:\/\/litteraturbanken.se\/diktensmuseum\/wp-content\/uploads\/2023\/11\/ljudochbild.jpg\" class=\"ls-img-layer\" alt=\"\" srcset=\"https:\/\/litteraturbanken.se\/diktensmuseum\/wp-content\/uploads\/2023\/11\/ljudochbild.jpg 1488w, https:\/\/litteraturbanken.se\/diktensmuseum\/wp-content\/uploads\/2023\/11\/ljudochbild-265x300.jpg 265w, https:\/\/litteraturbanken.se\/diktensmuseum\/wp-content\/uploads\/2023\/11\/ljudochbild-904x1024.jpg 904w, https:\/\/litteraturbanken.se\/diktensmuseum\/wp-content\/uploads\/2023\/11\/ljudochbild-768x870.jpg 768w, https:\/\/litteraturbanken.se\/diktensmuseum\/wp-content\/uploads\/2023\/11\/ljudochbild-1356x1536.jpg 1356w, https:\/\/litteraturbanken.se\/diktensmuseum\/wp-content\/uploads\/2023\/11\/ljudochbild-480x544.jpg 480w\" sizes=\"auto, (max-width: 1488px) 100vw, 1488px\" style=\"border: 20px solid #eee; box-shadow: 0px 4px 30px rgba(0,0,0,.3);top:219px;left:622px;text-align:initial;width:500px;\"><\/a><a style=\"\" class=\"ls-l\" href=\"https:\/\/litteraturbanken.se\/ljudochbild\/\" target=\"_blank\" data-ls=\"durationin:2000;delayin:1200;easingin:easeOutQuart;rotatein:random(120,-120);rotatexin:random(120,-120);rotateyin:random(120,-120);scalexin:1.5;scaleyin:1.5;hover:true;hoverdurationin:75;hovereasingin:easeInOutQuint;hovercolor:#ffcc00;minfontsize:8;minmobilefontsize:8;rotation:-5;position:fixedx;pinned:true;\"><ls-layer style=\"overflow:visible;top:679px;left:946px;width:100px;height:80px;font-family:Lato;color:#faf7f7;line-height:14px;text-shadow:0px 0px 0px;box-shadow:0px 0px 0px 0px;font-size:11px;white-space:normal;\" class=\"ls-text-layer\">Lyssna p\u00e5 svenska poeter som l\u00e4ser egna dikter p\u00e5 Litteraturbankens sida f\u00f6r Ljud &amp; Bild! H\u00e4r hittar du diktare som Karin Boye, Harry Martinson, Erik Axel Karlfeldt, Anna Greta Wide, Nils Ferlin \u2013 och m\u00e5nga fler. Klicka p\u00e5 bilden s\u00e5 kommer du till Ljud &amp; Bild!<\/ls-layer><\/a><a style=\"\" class=\"ls-l\" href=\"https:\/\/litteraturbanken.se\/forfattare\/EllerstromJ\/titlar\/Verskonsten\/sida\/1\/etext\" target=\"_blank\" data-ls=\"durationin:0;durationout:0;hover:true;hoverdurationin:75;hovereasingin:easeInOutQuint;hovercolor:#ffcc00;minfontsize:8;minmobilefontsize:8;position:fixedx;pinned:true;\"><ls-layer style=\"overflow:visible;top:830px;left:712px;font-family:Lato;line-height:16px;text-shadow:0px 0px 0px;box-shadow:0px 0px 0px 0px;font-size:12px;font-weight:900;color:#faf5f5;width:160px;height:55px;white-space:normal;\" class=\"ls-text-layer\">L\u00c4S OCKS\u00c5 JONAS<br>\nELLERSTR\u00d6MS &amp;<br>\nISABELLA NILSSONS<br>\nESS\u00c4 \u201dVERSKONSTEN:<br>\nEN DIALOG I SJU AVSNITT\u201d <br>\nHOS LB.SE<\/ls-layer><\/a><a style=\"\" class=\"ls-l\" href=\"https:\/\/litteraturbanken.se\/bibliotek?keywords=keyword:Metrik&amp;sort=kronologi\" target=\"_blank\" data-ls=\"durationin:0;durationout:0;hover:true;hoverdurationin:75;hovereasingin:easeInOutQuint;hovercolor:#ffcc00;minfontsize:8;minmobilefontsize:8;position:fixedx;pinned:true;\"><ls-layer style=\"overflow:visible;top:757px;left:712px;font-family:Lato;line-height:16px;text-shadow:0px 0px 0px;box-shadow:0px 0px 0px 0px;font-size:12px;font-weight:900;color:#faf5f5;width:160px;height:55px;white-space:normal;\" class=\"ls-text-layer\">L\u00c4S FLER B\u00d6CKER<br>\nOM METRIK &amp; VERS<br>\nHOS LITTERATURBANKEN<\/ls-layer><\/a><a style=\"\" class=\"ls-l\" href=\"https:\/\/litteraturbanken.se\/forfattare\/EllerstromJ\/titlar\/Verskonsten\/sida\/1\/etext\" target=\"_blank\" data-ls=\"durationin:0;durationout:0;position:fixedx;pinned:true;\"><ls-layer style=\"width:40px;stroke:#000000;top:828px;left:660px;height:40px;color:#e38f56;\" class=\"ls-shape-layer\"><svg xmlns=\"http:\/\/www.w3.org\/2000\/svg\" viewbox=\"-0 -0 150 150\" preserveaspectratio=\"none\"><path fill=\"currentColor\" d=\"M0,75a75,75 0 1,0 150,0a75,75 0 1,0 -150,0\"><\/path><\/svg><\/ls-layer><\/a><a style=\"\" class=\"ls-l\" href=\"https:\/\/litteraturbanken.se\/bibliotek?keywords=keyword:Metrik&amp;sort=kronologi\" target=\"_blank\" data-ls=\"durationin:0;durationout:0;position:fixedx;pinned:true;\"><ls-layer style=\"width:40px;stroke:#000000;top:755px;left:660px;height:40px;color:#ffcc00;\" class=\"ls-shape-layer\"><svg xmlns=\"http:\/\/www.w3.org\/2000\/svg\" viewbox=\"-0 -0 150 150\" preserveaspectratio=\"none\"><path fill=\"currentColor\" d=\"M0,75a75,75 0 1,0 150,0a75,75 0 1,0 -150,0\"><\/path><\/svg><\/ls-layer><\/a><a style=\"\" class=\"ls-l\" href=\"https:\/\/litteraturbanken.se\/forfattare\/EllerstromJ\/titlar\/Verskonsten\/sida\/1\/etext\" target=\"_blank\" data-ls=\"durationin:0;bgcolorin:#b4bed6;durationout:0;position:fixedx;pinned:true;\"><ls-layer style=\"font-size:28px;overflow:visible;top:834px;left:666px;color:#030303;\" class=\"ls-icon-layer\"><svg data-name=\"arrow-forward-circle-sharp\" viewbox=\"0 0 512 512\"><path xmlns=\"http:\/\/www.w3.org\/2000\/svg\" d=\"M464,256c0-114.87-93.13-208-208-208S48,141.13,48,256s93.13,208,208,208S464,370.87,464,256ZM240,336.09,303.58,272H154V240H303.58L240,175.91l22.71-22.54L364.54,256,262.7,358.63Z\"><\/path><\/svg><\/ls-layer><\/a><a style=\"\" class=\"ls-l\" href=\"https:\/\/litteraturbanken.se\/bibliotek?keywords=keyword:Metrik&amp;sort=kronologi\" target=\"_blank\" data-ls=\"durationin:0;bgcolorin:#b4bed6;durationout:0;position:fixedx;pinned:true;\"><ls-layer style=\"font-size:28px;overflow:visible;top:761px;left:666px;color:#030303;\" class=\"ls-icon-layer\"><svg data-name=\"arrow-forward-circle-sharp\" viewbox=\"0 0 512 512\"><path xmlns=\"http:\/\/www.w3.org\/2000\/svg\" d=\"M464,256c0-114.87-93.13-208-208-208S48,141.13,48,256s93.13,208,208,208S464,370.87,464,256ZM240,336.09,303.58,272H154V240H303.58L240,175.91l22.71-22.54L364.54,256,262.7,358.63Z\"><\/path><\/svg><\/ls-layer><\/a><a style=\"\" class=\"ls-l\" href=\"https:\/\/litteraturbanken.se\/diktensmuseum\/verskonstens-abc-versmatt\/\" target=\"_top\" data-ls=\"showinfo:disabled;controls:disabled;offsetyin:10;durationin:500;hover:true;hoverdurationin:75;hovereasingin:easeOutQuint;hovercolor:#ffcc00;static:12;minfontsize:11;minmobilefontsize:11;position:fixedx;pinned:true;\"><p style=\"top:651px;left:148px;text-align:initial;mix-blend-mode:normal;font-size:23px;font-family:Lato;letter-spacing:4px;color:#faf7f7;line-height:falsepx;font-weight:900;\" class=\"ls-text-layer\">VERSM\u00c5TT<\/p><\/a><a style=\"\" class=\"ls-l\" href=\"https:\/\/litteraturbanken.se\/diktensmuseum\/verskonstens-abc-versfotter\/\" target=\"_top\" data-ls=\"showinfo:disabled;controls:disabled;offsetyin:10;durationin:500;hover:true;hoverdurationin:75;hovereasingin:easeOutQuint;hovercolor:#ffcc00;static:12;minfontsize:11;minmobilefontsize:11;position:fixedx;pinned:true;\"><p style=\"top:620px;left:149px;text-align:initial;mix-blend-mode:normal;font-size:23px;font-family:Lato;letter-spacing:4px;color:#faf7f7;line-height:falsepx;font-weight:900;\" class=\"ls-text-layer\">VERSF\u00d6TTER<\/p><\/a><a style=\"\" class=\"ls-l\" href=\"https:\/\/litteraturbanken.se\/diktensmuseum\/verskonstens-abc-intro\/\" target=\"_top\" data-ls=\"showinfo:disabled;controls:disabled;offsetyin:10;durationin:500;colorin:#ffffff;static:12;position:fixedx;pinned:true;\"><p style=\"top:162px;left:351px;text-align:initial;mix-blend-mode:normal;font-size:16px;font-family:Lato;letter-spacing:4px;line-height:falsepx;font-weight:700;color:#ffcc00;\" class=\"ls-text-layer\">ALF HENRIKSON OM <br>VERSM\u00c5TTENS HISTORIA <br>OCH PRAKTIK<\/p><\/a><a style=\"\" class=\"ls-l\" href=\"https:\/\/litteraturbanken.se\/diktensmuseum\/verskonstens-abc-intro\/\" target=\"_top\" data-ls=\"durationin:200;texttransitionin:true;texttypein:lines_asc;textoffsetxin:-100;texteasingin:easeOutQuint;textstartatin:transitioninend + 0;static:12;position:fixedx;pinned:true;\"><p style=\"top:81px;left:153px;text-align:initial;mix-blend-mode:normal;font-size:73px;width:590px;line-height:73px;font-family:'Alfa Slab One';color:#fcf9f9;box-shadow:0px 0px 0px 0px;white-space:normal;\" class=\"ls-text-layer\">Verskonstens<br>\nABC<\/p><\/a><ls-layer style=\"overflow:visible;top:270px;left:152px;width:560px;height:162px;font-family:Lato;font-size:16px;color:#fcfcfc;text-shadow:0px 0px 0px;box-shadow:0px 0px 0px 0px;line-height:22px;font-weight:500;white-space:normal;\" class=\"ls-l ls-text-layer\" data-ls=\"minfontsize:10;minmobilefontsize:8;position:fixedx;pinned:true;\"><i>\u201dVers \u00e4r ord som har ordnats till n\u00e5got slags melodi.<br>\nMelodi \u00e4r rytmer och klanger som \u00e5terkommer.\u201d<\/i><br><br>\nS\u00e5 b\u00f6rjar Alf Henrikson sin klassiska genomg\u00e5ng av verskonstens historia i VERSKONSTENS ABC, som f\u00f6rst kom i tryck 1982. Hela boken finns att l\u00e4sa hos Litteraturbanken \u2013 och i detta kunskapsrum hittar du en kort introduktion till det viktigaste, allt h\u00e4mtat fr\u00e5n Henriksons egna uppslagsord. Anv\u00e4nd l\u00e4nkarna h\u00e4r nere f\u00f6r att g\u00e5 vidare in i versens v\u00e4rld och i Henriksons rika bok!<\/ls-layer><\/div><\/div>\n<\/body>","protected":false},"excerpt":{"rendered":"","protected":false},"author":1,"featured_media":0,"parent":0,"menu_order":0,"comment_status":"closed","ping_status":"closed","template":"blank-slate-template.php","meta":{"footnotes":""},"class_list":["post-13980","page","type-page","status-publish","hentry"],"_links":{"self":[{"href":"https:\/\/litteraturbanken.se\/diktensmuseum\/wp-json\/wp\/v2\/pages\/13980","targetHints":{"allow":["GET"]}}],"collection":[{"href":"https:\/\/litteraturbanken.se\/diktensmuseum\/wp-json\/wp\/v2\/pages"}],"about":[{"href":"https:\/\/litteraturbanken.se\/diktensmuseum\/wp-json\/wp\/v2\/types\/page"}],"author":[{"embeddable":true,"href":"https:\/\/litteraturbanken.se\/diktensmuseum\/wp-json\/wp\/v2\/users\/1"}],"replies":[{"embeddable":true,"href":"https:\/\/litteraturbanken.se\/diktensmuseum\/wp-json\/wp\/v2\/comments?post=13980"}],"version-history":[{"count":2,"href":"https:\/\/litteraturbanken.se\/diktensmuseum\/wp-json\/wp\/v2\/pages\/13980\/revisions"}],"predecessor-version":[{"id":13982,"href":"https:\/\/litteraturbanken.se\/diktensmuseum\/wp-json\/wp\/v2\/pages\/13980\/revisions\/13982"}],"wp:attachment":[{"href":"https:\/\/litteraturbanken.se\/diktensmuseum\/wp-json\/wp\/v2\/media?parent=13980"}],"curies":[{"name":"wp","href":"https:\/\/api.w.org\/{rel}","templated":true}]}}