{"id":2722,"date":"2020-01-24T08:37:47","date_gmt":"2020-01-24T07:37:47","guid":{"rendered":"http:\/\/ordfabriken.org\/utveckling\/?page_id=2722"},"modified":"2022-03-07T14:01:29","modified_gmt":"2022-03-07T13:01:29","slug":"wide-en-inledning","status":"publish","type":"page","link":"https:\/\/litteraturbanken.se\/diktensmuseum\/wide-en-inledning\/","title":{"rendered":"Frihet &#038; sanning"},"content":{"rendered":"<body>\n<div class=\"wp-block-columns is-layout-flex wp-container-core-columns-is-layout-9d6595d7 wp-block-columns-is-layout-flex\">\n<div class=\"wp-block-column is-layout-flow wp-block-column-is-layout-flow\" style=\"flex-basis:65%\">\n<h1 class=\"has-vivid-red-color has-text-color wp-block-heading\">FRIHET &amp; SANNING<\/h1>\n\n\n\n<h3 class=\"wp-block-heading\">En utst\u00e4llning<br>om Anna Greta Wide<\/h3>\n\n\n\n<h4 class=\"wp-block-heading\">1920\u20131965<\/h4>\n\n\n\n<div style=\"height:35px\" aria-hidden=\"true\" class=\"wp-block-spacer\"><\/div>\n\n\n\n<div style=\"height:40px\" aria-hidden=\"true\" class=\"wp-block-spacer\"><\/div>\n\n\n\n<h3 class=\"wp-block-heading\">En inledning<\/h3>\n\n\n\n<div style=\"height:20px\" aria-hidden=\"true\" class=\"wp-block-spacer\"><\/div>\n\n\n\n<p class=\"has-normal-font-size\">Det h\u00e4r \u00e4r en utst\u00e4llning om poeten <a rel=\"noreferrer noopener\" href=\"https:\/\/litteraturbanken.se\/f%C3%B6rfattare\/WideAG\" target=\"_blank\">Anna Greta Wide (1920\u20131965)<\/a> \u2013 om hennes liv och g\u00e4rning. I utst\u00e4llningens absoluta br\u00e4nnfokus st\u00e5r en resv\u00e4ska som donerades av Wides sl\u00e4kt till G\u00f6teborgs universitetsbibliotek i december 2018: i den fanns Wides litter\u00e4ra kvarl\u00e5tenskap. D\u00e4r fanns anteckningsblock, korrektur, fotografier, f\u00f6rlagsavtal, teckningar, brev. <\/p>\n\n\n\n<p>Men ocks\u00e5 dikter. Hundratals ok\u00e4nda dikter.<\/p>\n\n\n\n<div style=\"height:20px\" aria-hidden=\"true\" class=\"wp-block-spacer\"><\/div>\n\n\n\n<figure class=\"wp-block-gallery has-nested-images columns-default wp-block-gallery-1 is-layout-flex wp-block-gallery-is-layout-flex\">\n<figure class=\"wp-block-image\"><img decoding=\"async\" width=\"1011\" height=\"1024\" data-id=\"4495\" src=\"https:\/\/litteraturbanken.se\/diktensmuseum\/wp-content\/uploads\/2020\/03\/wide_307-1011x1024.jpg\" alt=\"\" class=\"wp-image-4495\" loading=\"lazy\" srcset=\"https:\/\/litteraturbanken.se\/diktensmuseum\/wp-content\/uploads\/2020\/03\/wide_307-1011x1024.jpg 1011w, https:\/\/litteraturbanken.se\/diktensmuseum\/wp-content\/uploads\/2020\/03\/wide_307-296x300.jpg 296w, https:\/\/litteraturbanken.se\/diktensmuseum\/wp-content\/uploads\/2020\/03\/wide_307-768x778.jpg 768w, https:\/\/litteraturbanken.se\/diktensmuseum\/wp-content\/uploads\/2020\/03\/wide_307-480x486.jpg 480w, https:\/\/litteraturbanken.se\/diktensmuseum\/wp-content\/uploads\/2020\/03\/wide_307.jpg 1200w\" sizes=\"auto, (max-width: 1011px) 100vw, 1011px\" \/><\/figure>\n\n\n\n<figure class=\"wp-block-image\"><img decoding=\"async\" width=\"1022\" height=\"1024\" data-id=\"4490\" src=\"https:\/\/litteraturbanken.se\/diktensmuseum\/wp-content\/uploads\/2020\/03\/wide_312-1022x1024.jpg\" alt=\"\" class=\"wp-image-4490\" loading=\"lazy\" srcset=\"https:\/\/litteraturbanken.se\/diktensmuseum\/wp-content\/uploads\/2020\/03\/wide_312-1022x1024.jpg 1022w, https:\/\/litteraturbanken.se\/diktensmuseum\/wp-content\/uploads\/2020\/03\/wide_312-300x300.jpg 300w, https:\/\/litteraturbanken.se\/diktensmuseum\/wp-content\/uploads\/2020\/03\/wide_312-150x150.jpg 150w, https:\/\/litteraturbanken.se\/diktensmuseum\/wp-content\/uploads\/2020\/03\/wide_312-768x769.jpg 768w, https:\/\/litteraturbanken.se\/diktensmuseum\/wp-content\/uploads\/2020\/03\/wide_312-480x481.jpg 480w, https:\/\/litteraturbanken.se\/diktensmuseum\/wp-content\/uploads\/2020\/03\/wide_312.jpg 1200w\" sizes=\"auto, (max-width: 1022px) 100vw, 1022px\" \/><\/figure>\n<figcaption class=\"blocks-gallery-caption\"><em>Anna Greta Wide (1942).<\/em><\/figcaption><\/figure>\n\n\n\n<div style=\"height:30px\" aria-hidden=\"true\" class=\"wp-block-spacer\"><\/div>\n\n\n\n<p>Det har nu g\u00e5tt ett sekel sedan Anna Greta Wide f\u00f6ddes den 4 december 1920. <a rel=\"noreferrer noopener\" aria-label=\" (\u00f6ppnas i en ny flik)\" href=\"https:\/\/litteraturbanken.se\/f%C3%B6rfattare\/WideAG\/titlar\" target=\"_blank\">Hennes sex diktsamlingar finns redan hos Litteraturbanken<\/a> sedan flera \u00e5r tillbaka. Men materialet som utst\u00e4llningen nu presenterar \u2013 resv\u00e4skans efterl\u00e4mnade skatter \u2013 omskapar bilden av Wides f\u00f6rfattarskap. Ger djup. Sk\u00e4rper blicken.<\/p>\n\n\n\n<p>N\u00e4r man l\u00e4ser Anna Greta Wides dikter \u00e4r det snart mycket tydligt att beg\u00e4ret efter sanning, och l\u00e4ngtan efter frihet, \u00e4r grundl\u00e4ggande f\u00f6ruts\u00e4ttningar f\u00f6r hennes diktning. Men Wides dikter f\u00f6ljer inget bekv\u00e4mt schema och svarar inte mot en f\u00f6rutfattad mening. De verkar ist\u00e4llet vid sidan av tiden: vrider och v\u00e4nder p\u00e5 livets grundvalar, granskar och f\u00f6rkastar och omfamnar. Precis n\u00e4r man tror att man har f\u00f6rst\u00e5tt och begripit och n\u00e5tt fram s\u00e5 flyr dikten undan: mot n\u00e5got annat, mot en annan och lika tillf\u00e4llig slutsats och exil. <\/p>\n\n\n\n<p>Anna Greta Wides dikt pr\u00f6var den m\u00e4nskliga erfarenheten. Utforskar sanningen. H\u00e5ller frihetens l\u00f6fte mot ett skarpt ljus och genomlyser dess d\u00f6ende hj\u00e4rta.<\/p>\n\n\n\n<div style=\"height:20px\" aria-hidden=\"true\" class=\"wp-block-spacer\"><\/div>\n\n\n\n<figure class=\"wp-block-image size-large\"><a href=\"https:\/\/litteraturbanken.se\/diktensmuseum\/wp-content\/uploads\/2020\/01\/wide_3.jpg\" target=\"_blank\" rel=\"noreferrer noopener\"><img decoding=\"async\" width=\"1024\" height=\"702\" src=\"https:\/\/litteraturbanken.se\/diktensmuseum\/wp-content\/uploads\/2020\/01\/wide_3-1024x702.jpg\" alt=\"\" class=\"wp-image-2762\" loading=\"lazy\" srcset=\"https:\/\/litteraturbanken.se\/diktensmuseum\/wp-content\/uploads\/2020\/01\/wide_3-1024x702.jpg 1024w, https:\/\/litteraturbanken.se\/diktensmuseum\/wp-content\/uploads\/2020\/01\/wide_3-300x206.jpg 300w, https:\/\/litteraturbanken.se\/diktensmuseum\/wp-content\/uploads\/2020\/01\/wide_3-768x527.jpg 768w, https:\/\/litteraturbanken.se\/diktensmuseum\/wp-content\/uploads\/2020\/01\/wide_3-480x329.jpg 480w, https:\/\/litteraturbanken.se\/diktensmuseum\/wp-content\/uploads\/2020\/01\/wide_3.jpg 1420w\" sizes=\"auto, (max-width: 1024px) 100vw, 1024px\" \/><\/a><figcaption><em>Anna Greta Wide (cirka 1945).<\/em> <em>Foto: familjen.<\/em><\/figcaption><\/figure>\n\n\n\n<div style=\"height:30px\" aria-hidden=\"true\" class=\"wp-block-spacer\"><\/div>\n\n\n\n<div class=\"wp-playlist wp-audio-playlist wp-playlist-light\">\n\t\t\t<div class=\"wp-playlist-current-item\"><\/div>\n\t\t<audio controls=\"controls\" preload=\"none\" width=\"618\"\n\t\t\t><\/audio>\n\t<div class=\"wp-playlist-next\"><\/div>\n\t<div class=\"wp-playlist-prev\"><\/div>\n\t<noscript>\n\t<ol>\n\t\t<li><a href='https:\/\/litteraturbanken.se\/diktensmuseum\/wp-content\/uploads\/2020\/03\/wide_detfinnsensegerutantriumfensytlighet_berglund.mp3'>Det finns en seger utan triumfens ytlighet<\/a><\/li>\t<\/ol>\n\t<\/noscript>\n\t<script type=\"application\/json\" class=\"wp-playlist-script\">{\"type\":\"audio\",\"tracklist\":true,\"tracknumbers\":true,\"images\":true,\"artists\":true,\"tracks\":[{\"src\":\"https:\/\/litteraturbanken.se\/diktensmuseum\/wp-content\/uploads\/2020\/03\/wide_detfinnsensegerutantriumfensytlighet_berglund.mp3\",\"type\":\"audio\/mpeg\",\"title\":\"Det finns en seger utan triumfens ytlighet\",\"caption\":\"\",\"description\":\"\\\"Det finns en seger utan triumfens ytlighet\\\" fr\\u00e5n Dan Berglund l\\u00e4ser Anna Greta Wide av Wide, Anna Greta. Sl\\u00e4ppt: 2020. Sp\\u00e5r 54.\",\"meta\":{\"artist\":\"Dan Berglund l\\u00e4ser dikter av Anna Greta Wide\",\"album\":\"Anna Greta Wide\",\"year\":\"2020\",\"length_formatted\":\"0:47\"},\"image\":{\"src\":\"https:\/\/litteraturbanken.se\/diktensmuseum\/wp-content\/uploads\/2020\/03\/pressbild_wide_affisch_2020.jpg\",\"width\":1039,\"height\":1457},\"thumb\":{\"src\":\"https:\/\/litteraturbanken.se\/diktensmuseum\/wp-content\/uploads\/2020\/03\/pressbild_wide_affisch_2020-150x150.jpg\",\"width\":150,\"height\":150}}]}<\/script>\n<\/div>\n\t\n\n\n\n<div style=\"height:30px\" aria-hidden=\"true\" class=\"wp-block-spacer\"><\/div>\n\n\n\n<p>Efter Wides d\u00f6d 1965 f\u00f6rsvann hennes dikter fr\u00e5n offentligheten. Enstaka undantag kunde noteras. 1989 kom en tunn urvalsvolym, redigerad av Gunnel Vallquist. I <em>Den svenska litteraturen<\/em> (1991) skrev Sven Delblanc ink\u00e4nnande och vackert om hennes diktning. Och 1996 tecknade Anne Br\u00fcgge, i <em><a href=\"https:\/\/litteraturbanken.se\/f%C3%B6rfattare\/M%C3%B8llerJensenE\/titlar\/NordiskKvinnolitteraturhistoria3\/sida\/447\/etext\" target=\"_blank\" rel=\"noreferrer noopener\" aria-label=\"Nordisk kvinnolitteraturhistoria (\u00f6ppnas i en ny flik)\">Nordisk kvinnolitteraturhistoria<\/a><\/em>, Wides liv och verk <a href=\"https:\/\/litteraturbanken.se\/f%C3%B6rfattare\/M%C3%B8llerJensenE\/titlar\/NordiskKvinnolitteraturhistoria3\/sida\/447\/etext\" target=\"_blank\" rel=\"noreferrer noopener\" aria-label=\"i en text som \u00e4n idag m\u00e5ste betraktas som alldeles omistlig (\u00f6ppnas i en ny flik)\">i en text som \u00e4n idag m\u00e5ste betraktas som alldeles omistlig<\/a>.<\/p>\n\n\n\n<p>Men det var s\u00e4llsynta undantag. Och kanske fanns det helt enkelt ingen plats f\u00f6r Wides spr\u00e5k att verka under de d\u00e4r \u00e5ren. <\/p>\n\n\n\n<p>Kanske var det alltf\u00f6r f\u00e5 som v\u00e5gade lyssna. \u201dDikten sj\u00e4lv \u00e4r ett svar i r\u00f6relse\u201d, <a rel=\"noreferrer noopener\" aria-label=\"skriver Anna Williams i sin ess\u00e4 om Wide: (\u00f6ppnas i en ny flik)\" href=\"https:\/\/litteraturbanken.se\/diktensmuseum\/wide-en-inledning\/anna-greta-wide-livet-och-dikten\/\" target=\"_blank\">skriver Anna Williams i sin ess\u00e4 om Wide:<\/a> \u201dS\u00e5 kommer den att f\u00f6rbli.\u201d Och Wides svar var k\u00e4rvt och kr\u00e4vande. Svaret var en oupph\u00f6rlig fr\u00e5ga.<\/p>\n\n\n\n<p>\u00c4nd\u00e5: att l\u00e4sa Wide blev f\u00f6r m\u00e5nga ett behov f\u00f6r livet. Hennes l\u00e4sare fanns kvar. De levde med hennes ord.<\/p>\n\n\n\n<p>Nu \u00f6ppnas d\u00f6rrarna till f\u00f6rfattarskapet p\u00e5 nytt. Och de \u00f6ppnas p\u00e5 vid gavel. Det \u00e4r h\u00f6g tid.<\/p>\n\n\n\n<div style=\"height:20px\" aria-hidden=\"true\" class=\"wp-block-spacer\"><\/div>\n\n\n\n<h3 class=\"wp-block-heading\">Ett tack<\/h3>\n\n\n\n<div style=\"height:20px\" aria-hidden=\"true\" class=\"wp-block-spacer\"><\/div>\n\n\n\n<p>Den h\u00e4r utst\u00e4llningen hade varit om\u00f6jlig att st\u00e4lla samman utan Anna Greta Wides sl\u00e4kt. Fr\u00e4mst b\u00f6r n\u00e4mnas Ingemar och Margareta Kjellmer, som tillsammans med Viveka Kjellmer donerade <a rel=\"noreferrer noopener\" aria-label=\"Wides resv\u00e4ska och de skatter den inneh\u00f6ll (\u00f6ppnas i en ny flik)\" href=\"https:\/\/litteraturbanken.se\/diktensmuseum\/wide-en-inledning\/resvaskans-skatter\/\" target=\"_blank\">Wides resv\u00e4ska och de skatter den inneh\u00f6ll<\/a> till G\u00f6teborgs universitetsbibliotek och som, tillsammans med Hans och Kerstin Agar, ocks\u00e5 i \u00f6vrigt varit p\u00e5 alla s\u00e4tt ov\u00e4rderliga i samband med arbetet med Wides liv och diktning. Det \u00e4r tack vare sl\u00e4ktens oerh\u00f6rda generositet <a rel=\"noreferrer noopener\" aria-label=\"som Wides diktning kan tillg\u00e4ngligg\u00f6ras hos Litteraturbanken (\u00f6ppnas i en ny flik)\" href=\"https:\/\/litteraturbanken.se\/f%C3%B6rfattare\/WideAG\/titlar\" target=\"_blank\">som Wides diktning finns hos Litteraturbanken<\/a>, fritt tillg\u00e4nglig f\u00f6r alla. <\/p>\n\n\n\n<div style=\"height:20px\" aria-hidden=\"true\" class=\"wp-block-spacer\"><\/div>\n\n\n\n<figure class=\"wp-block-image size-large\"><a href=\"https:\/\/litteraturbanken.se\/diktensmuseum\/wp-content\/uploads\/2020\/02\/wide_68b_hansagar.jpg\"><img decoding=\"async\" width=\"1024\" height=\"615\" src=\"https:\/\/litteraturbanken.se\/diktensmuseum\/wp-content\/uploads\/2020\/02\/wide_68b_hansagar-1024x615.jpg\" alt=\"\" class=\"wp-image-3106\" loading=\"lazy\" srcset=\"https:\/\/litteraturbanken.se\/diktensmuseum\/wp-content\/uploads\/2020\/02\/wide_68b_hansagar-1024x615.jpg 1024w, https:\/\/litteraturbanken.se\/diktensmuseum\/wp-content\/uploads\/2020\/02\/wide_68b_hansagar-300x180.jpg 300w, https:\/\/litteraturbanken.se\/diktensmuseum\/wp-content\/uploads\/2020\/02\/wide_68b_hansagar-768x461.jpg 768w, https:\/\/litteraturbanken.se\/diktensmuseum\/wp-content\/uploads\/2020\/02\/wide_68b_hansagar-1536x922.jpg 1536w, https:\/\/litteraturbanken.se\/diktensmuseum\/wp-content\/uploads\/2020\/02\/wide_68b_hansagar-480x288.jpg 480w, https:\/\/litteraturbanken.se\/diktensmuseum\/wp-content\/uploads\/2020\/02\/wide_68b_hansagar.jpg 2000w\" sizes=\"auto, (max-width: 1024px) 100vw, 1024px\" \/><\/a><figcaption><em>Anna Greta Wide (1960). Foto: Hans Agar.<\/em><\/figcaption><\/figure>\n\n\n\n<div style=\"height:30px\" aria-hidden=\"true\" class=\"wp-block-spacer\"><\/div>\n\n\n\n<p>Ett stort tack ocks\u00e5 till Anne Br\u00fcgge, som med entusiasm och exemplarisk kollegialitet delade med sig av sin kunskap om Wide \u2013 och till Maria R\u00e5stam och Gunnel Hedberg, som b\u00e4gge gener\u00f6st bidrog med avg\u00f6rande pusselbitar i den nu p\u00e5b\u00f6rjade rekonstruktionen av Wides g\u00e4rning. Tack ocks\u00e5 till Paulina Helgeson, Johan Svedjedal, Gunnar D Hansson, Magnus William-Olsson och Anna Williams \u2013 och ett stort tack till Anders Larsson vid handskriftsavdelningen vid G\u00f6teborgs universitetsbibliotek, d\u00e4r Anna Greta Wides resv\u00e4ska till slut st\u00e4llts ner f\u00f6r gott. Ett tack till Per \u00d6rtenblad och Lennart Stark (ocks\u00e5 de vid G\u00f6teborgs universitetsbibliotek), som s\u00e5g till att resv\u00e4skans inneh\u00e5ll digitaliserades, och till H\u00e5kan H\u00e5kansson vid Lunds universitetsbibliotek och M\u00e5rten Asp vid Kungliga biblioteket f\u00f6r hj\u00e4lp med b\u00e5de det ena och det andra i samband med utst\u00e4llningen. Kort sagt: <em>tack!<\/em><\/p>\n\n\n\n<h5 class=\"has-text-align-right wp-block-heading\">DICK CLA\u00c9SSON<\/h5>\n\n\n\n<p class=\"has-text-align-right\" style=\"font-size:12px\">Huvudredakt\u00f6r<br>Litteraturbanken<\/p>\n<\/div>\n\n\n\n<div class=\"wp-block-column is-layout-flow wp-block-column-is-layout-flow\" style=\"flex-basis:35%\">\n<div style=\"height:20px\" aria-hidden=\"true\" class=\"wp-block-spacer\"><\/div>\n\n\n\n<p><a href=\"https:\/\/litteraturbanken.se\/diktensmuseum\/wide-en-inledning\/\">UTST\u00c4LLNINGENS ENTR\u00c9<\/a><br><a href=\"https:\/\/litteraturbanken.se\/diktensmuseum\/wide-en-inledning\/resvaskans-skatter\/\">RESV\u00c4SKANS SKATTER<\/a><br><a href=\"https:\/\/litteraturbanken.se\/diktensmuseum\/wide-en-inledning\/anna-greta-wide-livet-och-dikten\/\">EN GUIDE: LIVET &amp; DIKTEN<\/a><br><a href=\"https:\/\/litteraturbanken.se\/diktensmuseum\/wide-en-inledning\/de-forsta-aren\/\">DE F\u00d6RSTA \u00c5REN: 1920\u20131944<\/a><br><a href=\"https:\/\/litteraturbanken.se\/diktensmuseum\/wide-en-inledning\/de-tysta-aren\/\">DE TYSTA \u00c5REN: 1945\u20131954<\/a><br><a href=\"https:\/\/litteraturbanken.se\/diktensmuseum\/wide-en-inledning\/aterkomsten\/\">\u00c5TERKOMSTEN: 1955\u20131956<\/a><br><a href=\"https:\/\/litteraturbanken.se\/diktensmuseum\/wide-en-inledning\/de-sista-aren\/\">DE SISTA \u00c5REN: 1957\u20131965<\/a><br><a href=\"https:\/\/litteraturbanken.se\/diktensmuseum\/wide-en-inledning\/en-dikt-blir-till\/\">EN DIKT BLIR TILL<\/a><br><a href=\"https:\/\/litteraturbanken.se\/diktensmuseum\/wide-en-inledning\/fotografierna\/\">FOTOGRAFIERNA<\/a><br><a href=\"https:\/\/litteraturbanken.se\/diktensmuseum\/wide-en-inledning\/teckningarna\/\">TECKNINGARNA<\/a><br><a href=\"https:\/\/litteraturbanken.se\/diktensmuseum\/wide-en-inledning\/hojdpunkter\/\">H\u00d6JDPUNKTER<\/a><br><a href=\"https:\/\/litteraturbanken.se\/diktensmuseum\/wide-en-inledning\/samlingarna\/\">SAMLINGARNA<\/a><br><a href=\"https:\/\/litteraturbanken.se\/diktensmuseum\/wide-en-inledning\/wides-rost\/\">WIDES R\u00d6ST<\/a><\/p>\n\n\n\n<div style=\"height:20px\" aria-hidden=\"true\" class=\"wp-block-spacer\"><\/div>\n\n\n\n<div style=\"height:20px\" aria-hidden=\"true\" class=\"wp-block-spacer\"><\/div>\n\n\n\n<figure class=\"wp-block-image size-large\"><a href=\"https:\/\/litteraturbanken.se\/diktensmuseum\/wide-en-inledning\/hojdpunkter\/\" target=\"_blank\" rel=\"noreferrer noopener\"><img decoding=\"async\" src=\"https:\/\/litteraturbanken.se\/diktensmuseum\/wp-content\/uploads\/2020\/03\/lb_wideutst%C3%A4llningen_affischer_3.2020_ny_ljusorange-730x1024.jpg\" alt=\"\" class=\"wp-image-4516\" loading=\"lazy\"><\/a><\/figure>\n\n\n\n<div style=\"height:20px\" aria-hidden=\"true\" class=\"wp-block-spacer\"><\/div>\n\n\n\n<figure class=\"wp-block-image size-large\"><a href=\"https:\/\/litteraturbanken.se\/txt\/epub\/WideAG_DetHungrandeHj%C3%A4rtatsHemkomst.epub\"><img decoding=\"async\" src=\"https:\/\/litteraturbanken.se\/diktensmuseum\/wp-content\/uploads\/2020\/03\/lb_omslag_wide_dethungrandehj%C3%A4rtatshemkomst_omslag-640x1024.jpg\" alt=\"\" class=\"wp-image-3710\" loading=\"lazy\"><\/a><figcaption><em>Till utst\u00e4llningen h\u00f6r ocks\u00e5 en antologi med fyrtiofem tidigare opublicerade dikter \u2013 fritt nerladdningsbar.<\/em> <em>Klicka p\u00e5 bilden s\u00e5 laddas boken ner.<\/em><\/figcaption><\/figure>\n\n\n\n<div style=\"height:20px\" aria-hidden=\"true\" class=\"wp-block-spacer\"><\/div>\n\n\n\n<hr class=\"wp-block-separator\">\n\n\n\n<h5 class=\"wp-block-heading\">OM UTST\u00c4LLNINGEN<\/h5>\n\n\n\n<p style=\"font-size:11px\"><em>Utst\u00e4llningen producerades f\u00f6r Litteraturbanken under 2020<\/em> av<em> <a href=\"mailto:dick.claesson@litteraturbanken.se\">Dick Cla\u00e9sson<\/a>. Alla dikter och citat ur Anna Greta Wides texter, som \u00e4r copyrightskyddade, samt fotografier och manuskript ur samlingarna \u00e5terges med tillst\u00e5nd fr\u00e5n r\u00e4ttighetshavaren. Radioprogrammen med Anna Greta Wide publiceras med tillst\u00e5nd fr\u00e5n Sveriges Radio och r\u00e4ttighetshavaren. \u2013 D\u00e4r inget annat anges \u00e4r alla texter skrivna av Dick Cla\u00e9sson.<\/em><\/p>\n\n\n\n<div style=\"height:20px\" aria-hidden=\"true\" class=\"wp-block-spacer\"><\/div>\n\n\n\n<hr class=\"wp-block-separator\">\n\n\n\n<h5 class=\"wp-block-heading\">LUNDSTR\u00d6MS BOKRADIO OM WIDE<\/h5>\n\n\n\n<p style=\"font-size:11px\"><em>Lyssna g\u00e4rna p\u00e5 ett samtal om Anna Greta Wide i <a href=\"https:\/\/sverigesradio.se\/avsnitt\/1596774\" target=\"_blank\" rel=\"noreferrer noopener\" aria-label=\"Lundstr\u00f6ms Bokradio (\u00f6ppnas i en ny flik)\">Lundstr\u00f6ms Bokradio<\/a>.<\/em><\/p>\n\n\n\n<div class=\"wp-playlist wp-audio-playlist wp-playlist-light\">\n\t\t\t<div class=\"wp-playlist-current-item\"><\/div>\n\t\t<audio controls=\"controls\" preload=\"none\" width=\"618\"\n\t\t\t><\/audio>\n\t<div class=\"wp-playlist-next\"><\/div>\n\t<div class=\"wp-playlist-prev\"><\/div>\n\t<noscript>\n\t<ol>\n\t\t<li><a href='https:\/\/litteraturbanken.se\/diktensmuseum\/wp-content\/uploads\/2020\/11\/p1_bokradio_20201107.mp3'>Lundstr\u00f6ms Bokradio om Anna Greta Wide<\/a><\/li>\t<\/ol>\n\t<\/noscript>\n\t<script type=\"application\/json\" class=\"wp-playlist-script\">{\"type\":\"audio\",\"tracklist\":true,\"tracknumbers\":true,\"images\":true,\"artists\":true,\"tracks\":[{\"src\":\"https:\/\/litteraturbanken.se\/diktensmuseum\/wp-content\/uploads\/2020\/11\/p1_bokradio_20201107.mp3\",\"type\":\"audio\/mpeg\",\"title\":\"Lundstr\\u00f6ms Bokradio om Anna Greta Wide\",\"caption\":\"\",\"description\":\"\\\"Resv\\u00e4skan med Anna Greta Wides poesi hittade till slut hem till r\\u00e4tt person\\\" fr\\u00e5n Lundstr\\u00f6ms Bokradio av Sveriges Radio. Sl\\u00e4ppt: 2020. Sp\\u00e5r 1. Genre: Poddradio.\",\"meta\":{\"artist\":\"Lundstr\\u00f6ms Bokradio\",\"album\":\"Sveriges Radio\",\"genre\":\"Poddradio\",\"year\":\"2020\",\"length_formatted\":\"44:18\"},\"image\":{\"src\":\"https:\/\/litteraturbanken.se\/diktensmuseum\/wp-content\/uploads\/2020\/11\/wide_343.jpg\",\"width\":2000,\"height\":1335},\"thumb\":{\"src\":\"https:\/\/litteraturbanken.se\/diktensmuseum\/wp-content\/uploads\/2020\/11\/wide_343-150x150.jpg\",\"width\":150,\"height\":150}}]}<\/script>\n<\/div>\n\t\n\n\n\n<div style=\"height:20px\" aria-hidden=\"true\" class=\"wp-block-spacer\"><\/div>\n\n\n\n<hr class=\"wp-block-separator\">\n\n\n\n<h5 class=\"wp-block-heading\">EN POD OM WIDE<\/h5>\n\n\n\n<p style=\"font-size:11px\"><em>Lyssna g\u00e4rna p\u00e5 <a href=\"http:\/\/ornenochkrakan.se\" target=\"_blank\" rel=\"noreferrer noopener\" aria-label=\"\u00d6rnen och Kr\u00e5kans poesipod (\u00f6ppnas i en ny flik)\">\u00d6rnen och Kr\u00e5kans poesipod<\/a> om Anna Greta Wide.<\/em><\/p>\n\n\n\n<div class=\"wp-playlist wp-audio-playlist wp-playlist-light\">\n\t\t\t<div class=\"wp-playlist-current-item\"><\/div>\n\t\t<audio controls=\"controls\" preload=\"none\" width=\"618\"\n\t\t\t><\/audio>\n\t<div class=\"wp-playlist-next\"><\/div>\n\t<div class=\"wp-playlist-prev\"><\/div>\n\t<noscript>\n\t<ol>\n\t\t<li><a href='https:\/\/litteraturbanken.se\/diktensmuseum\/wp-content\/uploads\/2020\/03\/ornenochkrakan_wide.mp3'>\u00d6rnen och Kr\u00e5kans Poesipod om Anna Greta Wide<\/a><\/li>\t<\/ol>\n\t<\/noscript>\n\t<script type=\"application\/json\" class=\"wp-playlist-script\">{\"type\":\"audio\",\"tracklist\":true,\"tracknumbers\":true,\"images\":true,\"artists\":true,\"tracks\":[{\"src\":\"https:\/\/litteraturbanken.se\/diktensmuseum\/wp-content\/uploads\/2020\/03\/ornenochkrakan_wide.mp3\",\"type\":\"audio\/mpeg\",\"title\":\"\\u00d6rnen och Kr\\u00e5kans Poesipod om Anna Greta Wide\",\"caption\":\"\",\"description\":\"\\\"Anna-Greta Wide\\\" fr\\u00e5n \\u00d6rnen och Kr\\u00e5kans Poesipod av Anna Greta Wide, Dick Cla\\u00e9sson och Ida Westin. Sl\\u00e4ppt: 200226. Genre: Poesipod.\",\"meta\":{\"artist\":\"\\u00d6rnen och Kr\\u00e5kans Poesipod om Anna Greta Wide\",\"album\":\"Magnus William-Olsson, Ida Westin, Dick Cla\\u00e9sson\",\"genre\":\"Poesipod\",\"year\":\"200226\",\"length_formatted\":\"1:02:30\"},\"image\":{\"src\":\"https:\/\/litteraturbanken.se\/diktensmuseum\/wp-content\/uploads\/2020\/03\/wide_98.jpg\",\"width\":1130,\"height\":1452},\"thumb\":{\"src\":\"https:\/\/litteraturbanken.se\/diktensmuseum\/wp-content\/uploads\/2020\/03\/wide_98-150x150.jpg\",\"width\":150,\"height\":150}}]}<\/script>\n<\/div>\n\t\n<\/div>\n<\/div>\n\n\n\n<div style=\"height:20px\" aria-hidden=\"true\" class=\"wp-block-spacer\"><\/div>\n\n\n\n<div style=\"height:20px\" aria-hidden=\"true\" class=\"wp-block-spacer\"><\/div>\n<\/body>","protected":false},"excerpt":{"rendered":"<p>FRIHET &amp; SANNING En utst\u00e4llningom Anna Greta Wide 1920\u20131965 En inledning Det h\u00e4r \u00e4r en utst\u00e4llning om poeten Anna Greta Wide (1920\u20131965) \u2013 om hennes liv och g\u00e4rning. I utst\u00e4llningens absoluta br\u00e4nnfokus st\u00e5r en resv\u00e4ska som donerades av Wides sl\u00e4kt [&hellip;]<\/p>\n","protected":false},"author":1,"featured_media":4519,"parent":0,"menu_order":1,"comment_status":"closed","ping_status":"closed","template":"","meta":{"footnotes":""},"class_list":["post-2722","page","type-page","status-publish","has-post-thumbnail","hentry"],"_links":{"self":[{"href":"https:\/\/litteraturbanken.se\/diktensmuseum\/wp-json\/wp\/v2\/pages\/2722","targetHints":{"allow":["GET"]}}],"collection":[{"href":"https:\/\/litteraturbanken.se\/diktensmuseum\/wp-json\/wp\/v2\/pages"}],"about":[{"href":"https:\/\/litteraturbanken.se\/diktensmuseum\/wp-json\/wp\/v2\/types\/page"}],"author":[{"embeddable":true,"href":"https:\/\/litteraturbanken.se\/diktensmuseum\/wp-json\/wp\/v2\/users\/1"}],"replies":[{"embeddable":true,"href":"https:\/\/litteraturbanken.se\/diktensmuseum\/wp-json\/wp\/v2\/comments?post=2722"}],"version-history":[{"count":350,"href":"https:\/\/litteraturbanken.se\/diktensmuseum\/wp-json\/wp\/v2\/pages\/2722\/revisions"}],"predecessor-version":[{"id":7750,"href":"https:\/\/litteraturbanken.se\/diktensmuseum\/wp-json\/wp\/v2\/pages\/2722\/revisions\/7750"}],"wp:featuredmedia":[{"embeddable":true,"href":"https:\/\/litteraturbanken.se\/diktensmuseum\/wp-json\/wp\/v2\/media\/4519"}],"wp:attachment":[{"href":"https:\/\/litteraturbanken.se\/diktensmuseum\/wp-json\/wp\/v2\/media?parent=2722"}],"curies":[{"name":"wp","href":"https:\/\/api.w.org\/{rel}","templated":true}]}}