{"id":5423,"date":"2020-10-21T16:03:29","date_gmt":"2020-10-21T14:03:29","guid":{"rendered":"https:\/\/litteraturbanken.se\/diktensmuseum\/?page_id=5423"},"modified":"2020-10-25T09:32:18","modified_gmt":"2020-10-25T08:32:18","slug":"1-anslag","status":"publish","type":"page","link":"https:\/\/litteraturbanken.se\/diktensmuseum\/1-anslag\/","title":{"rendered":"1. Anslag"},"content":{"rendered":"<body>\n<div class=\"wp-block-columns is-layout-flex wp-container-core-columns-is-layout-9d6595d7 wp-block-columns-is-layout-flex\">\n<div class=\"wp-block-column is-layout-flow wp-block-column-is-layout-flow\" style=\"flex-basis:65%\">\n<h1 class=\"has-vivid-red-color has-text-color wp-block-heading\">B\u00fcchner &amp; Aurell<\/h1>\n\n\n\n<h3 class=\"wp-block-heading\">Arbetet med Woyzeck<\/h3>\n\n\n\n<div style=\"height:35px\" aria-hidden=\"true\" class=\"wp-block-spacer\"><\/div>\n\n\n\n<div style=\"height:40px\" aria-hidden=\"true\" class=\"wp-block-spacer\"><\/div>\n\n\n\n<h3 class=\"wp-block-heading\">1. Anslag<\/h3>\n\n\n\n<div style=\"height:20px\" aria-hidden=\"true\" class=\"wp-block-spacer\"><\/div>\n\n\n\n<p>L\u00e4nge var det <em>\u00f6ppningsscenen<\/em>. I moderna, textkritiska utg\u00e5vor har man f\u00f6rst\u00e5s tolkat <a rel=\"noreferrer noopener\" aria-label=\"handskrifterna (\u00f6ppnas i en ny flik)\" href=\"http:\/\/buechnerportal.de\/werke\/woyzeck\/\" target=\"_blank\">handskrifterna<\/a> p\u00e5 nytt och f\u00f6rpassat replikskiftet till en senare inplacering i pj\u00e4sen. Men f\u00f6r Tage Aurell och hans samtida var rakstugescenen lika med anslag och ing\u00e5ng.<\/p>\n\n\n\n<p>Det \u00e4r n\u00e5got stillsamt m\u00e4rkv\u00e4rdigt med denna f\u00f6rsta replik: \u201dLangsam, Woyzeck, langsam\u201d. Som om texten manar ocks\u00e5 <em>\u00e5sk\u00e5daren<\/em> till ett f\u00f6rsiktigt, l\u00e5ngsamt seende.<\/p>\n\n\n\n<div style=\"height:20px\" aria-hidden=\"true\" class=\"wp-block-spacer\"><\/div>\n\n\n\n<figure class=\"wp-block-image size-large\"><a href=\"https:\/\/litteraturbanken.se\/diktensmuseum\/wp-content\/uploads\/2020\/10\/buchner_1879_2.jpg\" target=\"_blank\" rel=\"noreferrer noopener\"><img decoding=\"async\" width=\"1024\" height=\"914\" src=\"https:\/\/litteraturbanken.se\/diktensmuseum\/wp-content\/uploads\/2020\/10\/buchner_1879_2-1024x914.jpg\" alt=\"\" class=\"wp-image-5517\" loading=\"lazy\" srcset=\"https:\/\/litteraturbanken.se\/diktensmuseum\/wp-content\/uploads\/2020\/10\/buchner_1879_2-1024x914.jpg 1024w, https:\/\/litteraturbanken.se\/diktensmuseum\/wp-content\/uploads\/2020\/10\/buchner_1879_2-300x268.jpg 300w, https:\/\/litteraturbanken.se\/diktensmuseum\/wp-content\/uploads\/2020\/10\/buchner_1879_2-768x686.jpg 768w, https:\/\/litteraturbanken.se\/diktensmuseum\/wp-content\/uploads\/2020\/10\/buchner_1879_2-1536x1372.jpg 1536w, https:\/\/litteraturbanken.se\/diktensmuseum\/wp-content\/uploads\/2020\/10\/buchner_1879_2-480x429.jpg 480w, https:\/\/litteraturbanken.se\/diktensmuseum\/wp-content\/uploads\/2020\/10\/buchner_1879_2.jpg 2000w\" sizes=\"auto, (max-width: 1024px) 100vw, 1024px\" \/><\/a><figcaption><em>Inledningen till f\u00f6rsta scenen fr\u00e5n f\u00f6rsta utg\u00e5van av Georg B\u00fcchners Woyzeck (1879), h\u00e4r \u201dWozzeck\u201d.<\/em> (<em>Klicka p\u00e5 bilden f\u00f6r att se den i st\u00f6rre storlek.)<\/em><\/figcaption><\/figure>\n\n\n\n<div style=\"height:30px\" aria-hidden=\"true\" class=\"wp-block-spacer\"><\/div>\n\n\n\n<p>Och s\u00e5 \u00e4r det f\u00f6rst\u00e5s rakkniven, det rakbladsvassa vapnet \u2013 draget redan i f\u00f6rsta scenen. Just i v\u00e5ldet ligger ju dramats k\u00e4rnpunkt. V\u00e5ldet \u00e4r hela tiden n\u00e4rvarande. Kaptenens ton \u00e4r m\u00e4strande och h\u00e5nfull \u2013 och \u00e4nd\u00e5 \u00e4r det Woyzeck som h\u00e5ller i rakkniven. <\/p>\n\n\n\n<p>Makten balanserar p\u00e5 en knivsegg. F\u00f6r\u00e4ndringens knivskarpa verktyg kan n\u00e4r som helst v\u00e4ndas mot f\u00f6rtryckaren. Men den f\u00f6rtryckte vet det inte.<\/p>\n\n\n\n<div style=\"height:20px\" aria-hidden=\"true\" class=\"wp-block-spacer\"><\/div>\n\n\n\n<figure class=\"wp-block-image size-large\"><a href=\"https:\/\/litteraturbanken.se\/diktensmuseum\/wp-content\/uploads\/2020\/10\/buchner_1879_2.jpg\" target=\"_blank\" rel=\"noreferrer noopener\"><img decoding=\"async\" width=\"1024\" height=\"707\" src=\"https:\/\/litteraturbanken.se\/diktensmuseum\/wp-content\/uploads\/2020\/10\/buchner_1909_2-1024x707.jpg\" alt=\"\" class=\"wp-image-5514\" loading=\"lazy\" srcset=\"https:\/\/litteraturbanken.se\/diktensmuseum\/wp-content\/uploads\/2020\/10\/buchner_1909_2-1024x707.jpg 1024w, https:\/\/litteraturbanken.se\/diktensmuseum\/wp-content\/uploads\/2020\/10\/buchner_1909_2-300x207.jpg 300w, https:\/\/litteraturbanken.se\/diktensmuseum\/wp-content\/uploads\/2020\/10\/buchner_1909_2-768x530.jpg 768w, https:\/\/litteraturbanken.se\/diktensmuseum\/wp-content\/uploads\/2020\/10\/buchner_1909_2-1536x1061.jpg 1536w, https:\/\/litteraturbanken.se\/diktensmuseum\/wp-content\/uploads\/2020\/10\/buchner_1909_2-480x331.jpg 480w, https:\/\/litteraturbanken.se\/diktensmuseum\/wp-content\/uploads\/2020\/10\/buchner_1909_2.jpg 2000w\" sizes=\"auto, (max-width: 1024px) 100vw, 1024px\" \/><\/a><figcaption><em>Inledningen till f\u00f6rsta scenen fr\u00e5n f\u00f6rsta utg\u00e5van av Georg B\u00fcchners Woyzeck (1909), h\u00e4r fortfarande \u201dWozzeck\u201d.<\/em> (<em>Klicka p\u00e5 bilden f\u00f6r att se den i st\u00f6rre storlek.)<\/em><\/figcaption><\/figure>\n\n\n\n<div style=\"height:30px\" aria-hidden=\"true\" class=\"wp-block-spacer\"><\/div>\n\n\n\n<p>\u201dL\u00e5ngsamt, Woyzeck, l\u00e5ngsamt\u201d \u2013 s\u00e5 ljudliknande och sj\u00e4lvklart hade Nils Afzelius \u00f6versatt inledningsrepliken 1949. Tage Aurell skulle v\u00e4lja en annan v\u00e4g. I det f\u00f6rsta utkastet pr\u00f6vade han olika skrivningar i kaptenens inledande replik. Men den f\u00f6rsta meningen f\u00f6r\u00e4ndrade han vare sig d\u00e5 eller senare: \u201dSakta i backarna, Woyzeck, sakta i backarna!\u201d<\/p>\n\n\n\n<div style=\"height:20px\" aria-hidden=\"true\" class=\"wp-block-spacer\"><\/div>\n\n\n\n<figure class=\"wp-block-image size-large\"><a href=\"https:\/\/litteraturbanken.se\/diktensmuseum\/wp-content\/uploads\/2020\/10\/A_1956_1.jpg\" target=\"_blank\" rel=\"noreferrer noopener\"><img decoding=\"async\" width=\"1024\" height=\"922\" src=\"https:\/\/litteraturbanken.se\/diktensmuseum\/wp-content\/uploads\/2020\/10\/A_1956_1-1024x922.jpg\" alt=\"\" class=\"wp-image-5338\" loading=\"lazy\" srcset=\"https:\/\/litteraturbanken.se\/diktensmuseum\/wp-content\/uploads\/2020\/10\/A_1956_1-1024x922.jpg 1024w, https:\/\/litteraturbanken.se\/diktensmuseum\/wp-content\/uploads\/2020\/10\/A_1956_1-300x270.jpg 300w, https:\/\/litteraturbanken.se\/diktensmuseum\/wp-content\/uploads\/2020\/10\/A_1956_1-768x692.jpg 768w, https:\/\/litteraturbanken.se\/diktensmuseum\/wp-content\/uploads\/2020\/10\/A_1956_1-480x432.jpg 480w, https:\/\/litteraturbanken.se\/diktensmuseum\/wp-content\/uploads\/2020\/10\/A_1956_1.jpg 1200w\" sizes=\"auto, (max-width: 1024px) 100vw, 1024px\" \/><\/a><figcaption><em>F\u00f6rsta scenen fr\u00e5n manuskript A till Georg B\u00fcchners Woyzeck (1956).<\/em> (<em>Klicka p\u00e5 bilden f\u00f6r att se den i st\u00f6rre storlek.)<\/em><\/figcaption><\/figure>\n\n\n\n<div style=\"height:30px\" aria-hidden=\"true\" class=\"wp-block-spacer\"><\/div>\n\n\n\n<p>Kaptenens \u00f6ppningsreplik i version A av Aurells manuskript fr\u00e5n 1956 lyder:<\/p>\n\n\n\n<p><a href=\"https:\/\/litteraturbanken.se\/f%C3%B6rfattare\/B%C3%BCchnerG\/titlar\/B%C3%BCchnerWoyzeck1956aMS\/sida\/5\/faksimil\" target=\"_blank\" rel=\"noreferrer noopener\" aria-label=\"\u201dSakta i backarna, Woyzeck, sakta i backarna! (\u00f6ppnas i en ny flik)\">\u201dSakta i backarna, Woyzeck, sakta i backarna!<\/a> F\u00f6rst det ena och sen det andra! Han g\u00f6r mig ju alldeles yr i skallen! Vad skall jag nu ta mig till me de tie minuterna han blir f\u00f6r fort f\u00e4rdig i dag? T\u00e4nk sig f\u00f6r, Woyzeck, t\u00e4nk sig f\u00f6r: Han har \u00e4nnu sina modiga tretti \u00e5r att leva. Tretti \u00e5r! Det g\u00f6r trehundra sexti m\u00e5nader! Och dagar! Timmar! Minuter! Vad vill han egentligen g\u00f6ra med denna oerh\u00f6rda massa tid? Bara r\u00e4kna efter lite grand, Woyzeck!\u201d <\/p>\n\n\n\n<p><a rel=\"noreferrer noopener\" aria-label=\"S\u00e5 b\u00f6rjar Aurell pr\u00f6va andra skrivningar. (\u00f6ppnas i en ny flik)\" href=\"https:\/\/litteraturbanken.se\/f%C3%B6rfattare\/B%C3%BCchnerG\/titlar\/B%C3%BCchnerWoyzeck1956aMS\/sida\/5\/faksimil\" target=\"_blank\">S\u00e5 b\u00f6rjar Aurell pr\u00f6va andra skrivningar.<\/a> Formuleringen \u201dblir f\u00f6r fort f\u00e4rdig i dag\u201d best\u00e5s med en alternativ skrivning i blyerts i marginalen: \u201dsom han i dag f\u00e5r \u00f6ver\u201d. Och den korta frasen \u201dt\u00e4nk sig f\u00f6r\u201d \u2013 i marginalen ges tv\u00e5 alternativ: \u201dt\u00e4nk p\u00e5 det\u201d, eller \u201dt\u00e4nk efter\u201d. Och det talspr\u00e5kliga \u201dme\u201d best\u00e5s med ett \u201dd\u201d. Kanske tvekar Aurell inf\u00f6r den stilistiska extremen.<\/p>\n\n\n\n<p>Det \u00e4r viktigt att f\u00e5 anslaget r\u00e4tt. \u00c4ven i Woyzecks korthuggna svar pr\u00f6var Aurell tv\u00e5 olika alternativ. \u201dBegrips, kapten.\u201d st\u00e4lls mot det \u00e4n mer lakoniska \u201dJa, kapten.\u201d<\/p>\n\n\n\n<div style=\"height:20px\" aria-hidden=\"true\" class=\"wp-block-spacer\"><\/div>\n\n\n\n<figure class=\"wp-block-image size-large\"><a href=\"https:\/\/litteraturbanken.se\/diktensmuseum\/wp-content\/uploads\/2020\/10\/B_1956_1.jpg\" target=\"_blank\" rel=\"noreferrer noopener\"><img decoding=\"async\" width=\"1024\" height=\"902\" src=\"https:\/\/litteraturbanken.se\/diktensmuseum\/wp-content\/uploads\/2020\/10\/B_1956_1-1024x902.jpg\" alt=\"\" class=\"wp-image-5342\" loading=\"lazy\" srcset=\"https:\/\/litteraturbanken.se\/diktensmuseum\/wp-content\/uploads\/2020\/10\/B_1956_1-1024x902.jpg 1024w, https:\/\/litteraturbanken.se\/diktensmuseum\/wp-content\/uploads\/2020\/10\/B_1956_1-300x264.jpg 300w, https:\/\/litteraturbanken.se\/diktensmuseum\/wp-content\/uploads\/2020\/10\/B_1956_1-768x676.jpg 768w, https:\/\/litteraturbanken.se\/diktensmuseum\/wp-content\/uploads\/2020\/10\/B_1956_1-480x423.jpg 480w, https:\/\/litteraturbanken.se\/diktensmuseum\/wp-content\/uploads\/2020\/10\/B_1956_1.jpg 1200w\" sizes=\"auto, (max-width: 1024px) 100vw, 1024px\" \/><\/a><figcaption><em>F\u00f6rsta scenen fr\u00e5n manuskript B till Georg B\u00fcchners Woyzeck (1956).<\/em> (<em>Klicka p\u00e5 bilden f\u00f6r att se den i st\u00f6rre storlek.)<\/em><\/figcaption><\/figure>\n\n\n\n<div style=\"height:30px\" aria-hidden=\"true\" class=\"wp-block-spacer\"><\/div>\n\n\n\n<p>I det andra utkastet fr\u00e5n 1956 lyder passagen:<\/p>\n\n\n\n<p><a href=\"https:\/\/litteraturbanken.se\/f%C3%B6rfattare\/B%C3%BCchnerG\/titlar\/B%C3%BCchnerWoyzeck1956bMS\/sida\/5\/faksimil\" target=\"_blank\" rel=\"noreferrer noopener\" aria-label=\"\u201dSakta i backarna, Woyzeck, sakta i backarna! (\u00f6ppnas i en ny flik)\">\u201dSakta i backarna, Woyzeck, sakta i backarna!<\/a> F\u00f6rst det ena och sen det andra! Han g\u00f6r mig ju alldeles yr i skallen! Vad skall jag nu ta mig till me de tie minuterna som han i dag f\u00e5r \u00f6ver? T\u00e4nk p\u00e5 det, Woyzeck, t\u00e4nk p\u00e5 det: Han har \u00e4nnu sina modiga tretti \u00e5r att leva. Tretti \u00e5r! Det g\u00f6r trehundra sexti m\u00e5nader! Och dagar! Timmar! Minuter! Vad vill han egentligen g\u00f6ra med denna oerh\u00f6rda massa tid? Bara r\u00e4kna efter lite grand, Woyzeck!\u201d<\/p>\n\n\n\n<p><a href=\"https:\/\/litteraturbanken.se\/f%C3%B6rfattare\/B%C3%BCchnerG\/titlar\/B%C3%BCchnerWoyzeck1956bMS\/sida\/5\/faksimil\" target=\"_blank\" rel=\"noreferrer noopener\" aria-label=\"Nu har Aurell best\u00e4mt sig f\u00f6r marginalens pr\u00f6vande versioner: (\u00f6ppnas i en ny flik)\">Nu har Aurell best\u00e4mt sig f\u00f6r marginalens pr\u00f6vande versioner:<\/a> \u201dsom han i dag f\u00e5r \u00f6ver\u201d och \u201dT\u00e4nk p\u00e5 det, Woyzeck, t\u00e4nk p\u00e5 det\u201d har slagit ut de tidigare formuleringarna. Och \u201dJa, kapten.\u201d likas\u00e5.<\/p>\n\n\n\n<p>Knappt m\u00e4rkbart har ocks\u00e5 det talspr\u00e5kliga draget i \u00f6vers\u00e4ttningen f\u00f6rst\u00e4rkts. \u00c4ndelser som \u201dtie\u201d och \u201dsexti\u201d har h\u00e4r f\u00f6rst\u00e4rkts genom att \u201dme\u201d \u00e5terintr\u00e4der \u2013 \u201dta mig till me de tie\u201d.<\/p>\n\n\n\n<div style=\"height:20px\" aria-hidden=\"true\" class=\"wp-block-spacer\"><\/div>\n\n\n\n<figure class=\"wp-block-image size-large\"><a href=\"https:\/\/litteraturbanken.se\/diktensmuseum\/wp-content\/uploads\/2020\/10\/1961_1.jpg\" target=\"_blank\" rel=\"noreferrer noopener\"><img decoding=\"async\" width=\"1024\" height=\"791\" src=\"https:\/\/litteraturbanken.se\/diktensmuseum\/wp-content\/uploads\/2020\/10\/1961_1-1024x791.jpg\" alt=\"\" class=\"wp-image-5339\" loading=\"lazy\" srcset=\"https:\/\/litteraturbanken.se\/diktensmuseum\/wp-content\/uploads\/2020\/10\/1961_1-1024x791.jpg 1024w, https:\/\/litteraturbanken.se\/diktensmuseum\/wp-content\/uploads\/2020\/10\/1961_1-300x232.jpg 300w, https:\/\/litteraturbanken.se\/diktensmuseum\/wp-content\/uploads\/2020\/10\/1961_1-768x593.jpg 768w, https:\/\/litteraturbanken.se\/diktensmuseum\/wp-content\/uploads\/2020\/10\/1961_1-480x371.jpg 480w, https:\/\/litteraturbanken.se\/diktensmuseum\/wp-content\/uploads\/2020\/10\/1961_1.jpg 1200w\" sizes=\"auto, (max-width: 1024px) 100vw, 1024px\" \/><\/a><figcaption><em>F\u00f6rsta scenen fr\u00e5n manuskriptet till Georg B\u00fcchners Woyzeck (1961).<\/em> (<em>Klicka p\u00e5 bilden f\u00f6r att se den i st\u00f6rre storlek.)<\/em><\/figcaption><\/figure>\n\n\n\n<div style=\"height:30px\" aria-hidden=\"true\" class=\"wp-block-spacer\"><\/div>\n\n\n\n<p>1961 \u00e4r det dags f\u00f6r mer omfattande justeringar. Nu har Aurell en delvis ny replik att presentera. Den f\u00f6rsta versionen av den f\u00f6rsta repliken lyder i manus som f\u00f6ljer:<\/p>\n\n\n\n<p><a href=\"https:\/\/litteraturbanken.se\/f%C3%B6rfattare\/B%C3%BCchnerG\/titlar\/B%C3%BCchnerWoyzeck1961MS\/sida\/7\/faksimil\" target=\"_blank\" rel=\"noreferrer noopener\" aria-label=\"\u201dSakta i backarna, Woyzeck, sakta i backarna! (\u00f6ppnas i en ny flik)\">\u201dSakta i backarna, Woyzeck, sakta i backarna!<\/a> Det ena f\u00f6rst, det andra sen! Han g\u00f6r mig alldeles yr i skallen. Vad ska jag nu ta mig till med de tie minuterna som han f\u00e5r \u00f6ver i dag? T\u00e4nk p\u00e5 det, Woyzeck, t\u00e4nk p\u00e5 det: Han har \u00e4nnu sina modiga tretti \u00e5r att leva. Tretti \u00e5r! Det g\u00f6r tre hundra sexti m\u00e5nader! Och dagar. Timmar! Minuter! Vad vill han g\u00f6ra med denna oerh\u00f6rda massa tid egentligen? R\u00e4kna efter, Woyzeck!\u201d<\/p>\n\n\n\n<p><a rel=\"noreferrer noopener\" aria-label=\"Redan i grundutf\u00f6randet finns det tydliga skillnader. (\u00f6ppnas i en ny flik)\" href=\"https:\/\/litteraturbanken.se\/f%C3%B6rfattare\/B%C3%BCchnerG\/titlar\/B%C3%BCchnerWoyzeck1961MS\/sida\/7\/faksimil\" target=\"_blank\">Redan i grundutf\u00f6randet finns det tydliga skillnader.<\/a> Fem \u00e5r har gjort Aurell mer bekv\u00e4m med texten. \u201dDet ena f\u00f6rst, det andra sen!\u201d \u2013 en ny rytm. Ett \u201dskall\u201d har blivit ett \u201dska\u201d, ett \u201dju\u201d har fallit bort i \u201dHan g\u00f6r mig alldeles yr\u201d, ett utropstecken har raderats i \u201dOch dagar.\u201d, och \u201dme\u201d har \u00e5ter blivit \u201dmed\u201d. Replikens n\u00e5got kr\u00e5ngliga slutfras \u2013 \u201dBara r\u00e4kna efter lite grand, Woyzeck!\u201d \u2013 har nu f\u00f6rvandlats till det mer distinkt formulerade \u201dR\u00e4kna efter, Woyzeck!\u201d. Och Woyzecks korta svar har givits \u00e4nnu en ny utformning: \u201dJa v\u00e4l, kapten.\u201d<\/p>\n\n\n\n<p><a href=\"https:\/\/litteraturbanken.se\/f%C3%B6rfattare\/B%C3%BCchnerG\/titlar\/B%C3%BCchnerWoyzeck1961MS\/sida\/7\/faksimil\" target=\"_blank\" rel=\"noreferrer noopener\" aria-label=\"Och s\u00e5 b\u00f6rjar Aurell anteckna i blyerts. (\u00f6ppnas i en ny flik)\">Och s\u00e5 b\u00f6rjar Aurell anteckna i blyerts.<\/a> En ny version uppst\u00e5r som en palimpsest ovanp\u00e5 den f\u00f6rsta:<\/p>\n\n\n\n<p>\u201dSakta i backarna, Woyzeck, sakta i backarna! En sak i s\u00e4nder! Han g\u00f6r mig alldeles yr i skallen. Vad ska jag nu ta mig till med de tie minuterna som han f\u00e5r \u00f6ver i dag? T\u00e4nk p\u00e5 det, Woyzeck, han har \u00e4nnu sina modiga tretti \u00e5r att leva. Tretti \u00e5r! Det g\u00f6r tre hundra sexti m\u00e5nader! Och dagar. Timmar! Minuter! Vad t\u00e4nker han g\u00f6ra med denna oerh\u00f6rda massa tid egentligen? R\u00e4kna efter, Woyzeck!\u201d<\/p>\n\n\n\n<p>Och exakt s\u00e5 gick replikskiftet i tryck i <a rel=\"noreferrer noopener\" aria-label=\"V\u00e4rldens b\u00e4sta dramer i urval (1961) (\u00f6ppnas i en ny flik)\" href=\"https:\/\/litteraturbanken.se\/f%C3%B6rfattare\/B%C3%BCchnerG\/titlar\/Woyzeck1961\/sida\/497\/etext\" target=\"_blank\"><em>V\u00e4rldens b\u00e4sta dramer i urval<\/em> (1961)<\/a> och, ett drygt decennium senare, i <a rel=\"noreferrer noopener\" aria-label=\"Studentlitteraturs utg\u00e5va fr\u00e5n 1972 (\u00f6ppnas i en ny flik)\" href=\"https:\/\/litteraturbanken.se\/f%C3%B6rfattare\/B%C3%BCchnerG\/titlar\/Woyzeck1972\/sida\/5\/etext\" target=\"_blank\">Studentlitteraturs utg\u00e5va fr\u00e5n 1972<\/a>. <\/p>\n\n\n\n<p>Skillnaderna mellan det f\u00f6rsta utkastet och den tryckta versionen m\u00e5 vid en f\u00f6rsta anblick framst\u00e5 som f\u00f6rsiktiga \u2013 men de var avg\u00f6rande f\u00f6r anslaget. Aurell slipade formuleringarna noga.<\/p>\n\n\n\n<p><em><a href=\"https:\/\/litteraturbanken.se\/diktensmuseum\/woyzeck-2-tontraff\/\">L\u00e4s vidare om Tage Aurells \u00f6vers\u00e4ttningsarbete h\u00e4r.<\/a><\/em><\/p>\n\n\n\n<p><a rel=\"noreferrer noopener\" href=\"https:\/\/litteraturbanken.se\/f%C3%B6rfattare\/B%C3%BCchnerG\/titlar\/B%C3%BCchnerWoyzeck1956aMS\/sida\/1\/faksimil\" target=\"_blank\">MANUSKRIPT A, WOYZECK (1956)<\/a><br><a rel=\"noreferrer noopener\" href=\"https:\/\/litteraturbanken.se\/f%C3%B6rfattare\/B%C3%BCchnerG\/titlar\/B%C3%BCchnerWoyzeck1956bMS\/sida\/1\/faksimil\" target=\"_blank\">MANUSKRIPT B, WOYZECK (1956)<\/a><br><a rel=\"noreferrer noopener\" href=\"https:\/\/litteraturbanken.se\/f%C3%B6rfattare\/B%C3%BCchnerG\/titlar\/B%C3%BCchnerWoyzeck1961MS\/sida\/1\/faksimil\" target=\"_blank\">TV\u00c5 MANUSKRIPT, WOYZECK (1961)<\/a><br><a rel=\"noreferrer noopener\" href=\"https:\/\/litteraturbanken.se\/f%C3%B6rfattare\/B%C3%BCchnerG\/titlar\/Woyzeck1961\/sida\/497\/etext\" target=\"_blank\">TRYCKT UTG\u00c5VA, WOYZECK (1961)<\/a><br><a rel=\"noreferrer noopener\" href=\"https:\/\/litteraturbanken.se\/f%C3%B6rfattare\/B%C3%BCchnerG\/titlar\/Woyzeck1972\/sida\/1\/etext\" target=\"_blank\">TRYCKT UTG\u00c5VA, WOYZECK (1972)<\/a><\/p>\n<\/div>\n\n\n\n<div class=\"wp-block-column is-layout-flow wp-block-column-is-layout-flow\" style=\"flex-basis:35%\">\n<div style=\"height:20px\" aria-hidden=\"true\" class=\"wp-block-spacer\"><\/div>\n\n\n\n<p><a href=\"https:\/\/litteraturbanken.se\/diktensmuseum\/aurell-en-inledning\/\">EN INLEDNING<br><\/a><a href=\"https:\/\/litteraturbanken.se\/diktensmuseum\/aurell-en-inledning\/georg-buchner\/\">GEORG B\u00dcCHNER<\/a><br><a href=\"https:\/\/litteraturbanken.se\/diktensmuseum\/aurell-en-inledning\/pjasen-woyzeck\/\">WOYZECK: PJ\u00c4SEN<\/a><br><a href=\"https:\/\/litteraturbanken.se\/diktensmuseum\/aurell-en-inledning\/buchner-i-sverige\/\">B\u00dcCHNER I SVERIGE<\/a><br><a href=\"https:\/\/litteraturbanken.se\/diktensmuseum\/aurell-en-inledning\/aurell-woyzeck\/\">AURELL &amp; WOYZECK<\/a><br><a href=\"https:\/\/litteraturbanken.se\/diktensmuseum\/1-anslag\/\">1. ANSLAG<\/a><br><a href=\"https:\/\/litteraturbanken.se\/diktensmuseum\/woyzeck-2-tontraff\/\">2. TONTR\u00c4FF<\/a><br><a href=\"https:\/\/litteraturbanken.se\/diktensmuseum\/3-nyckelscen\/\">3. NYCKELSCEN<\/a><\/p>\n\n\n\n<div style=\"height:20px\" aria-hidden=\"true\" class=\"wp-block-spacer\"><\/div>\n\n\n\n<div style=\"height:20px\" aria-hidden=\"true\" class=\"wp-block-spacer\"><\/div>\n\n\n\n<div style=\"height:20px\" aria-hidden=\"true\" class=\"wp-block-spacer\"><\/div>\n\n\n\n<figure class=\"wp-block-image size-large\"><a href=\"https:\/\/litteraturbanken.se\/diktensmuseum\/wp-content\/uploads\/2020\/10\/480148_m06_10_01_1895_tage_aurell_01-797x800-1.jpg\" target=\"_blank\" rel=\"noreferrer noopener\"><img decoding=\"async\" width=\"797\" height=\"800\" src=\"https:\/\/litteraturbanken.se\/diktensmuseum\/wp-content\/uploads\/2020\/10\/480148_m06_10_01_1895_tage_aurell_01-797x800-1.jpg\" alt=\"\" class=\"wp-image-5484\" loading=\"lazy\" srcset=\"https:\/\/litteraturbanken.se\/diktensmuseum\/wp-content\/uploads\/2020\/10\/480148_m06_10_01_1895_tage_aurell_01-797x800-1.jpg 797w, https:\/\/litteraturbanken.se\/diktensmuseum\/wp-content\/uploads\/2020\/10\/480148_m06_10_01_1895_tage_aurell_01-797x800-1-300x300.jpg 300w, https:\/\/litteraturbanken.se\/diktensmuseum\/wp-content\/uploads\/2020\/10\/480148_m06_10_01_1895_tage_aurell_01-797x800-1-150x150.jpg 150w, https:\/\/litteraturbanken.se\/diktensmuseum\/wp-content\/uploads\/2020\/10\/480148_m06_10_01_1895_tage_aurell_01-797x800-1-768x771.jpg 768w, https:\/\/litteraturbanken.se\/diktensmuseum\/wp-content\/uploads\/2020\/10\/480148_m06_10_01_1895_tage_aurell_01-797x800-1-480x482.jpg 480w\" sizes=\"auto, (max-width: 797px) 100vw, 797px\" \/><\/a><figcaption><em>Tage Aurell. Portr\u00e4ttet har vi l\u00e5nat fr\u00e5n\u00a0<a href=\"http:\/\/www.bygdeband.se\/person\/897159\/sverige\/varmlands-lan\/arvika\/brunskogs-hembygdsforening\/tage-aurell\/\">Brunskogs hembygdsf\u00f6rening<\/a><\/em>.<\/figcaption><\/figure>\n\n\n\n<div style=\"height:20px\" aria-hidden=\"true\" class=\"wp-block-spacer\"><\/div>\n\n\n\n<hr class=\"wp-block-separator\">\n\n\n\n<h5 class=\"wp-block-heading\">OM B\u00dcCHNER &amp; AURELL<\/h5>\n\n\n\n<p style=\"font-size:11px\"><em>\u201dB\u00fcchner &amp; Aurell\u201d producerades f\u00f6r Litteraturbanken under 2020<\/em> av<em> <a href=\"mailto:dick.claesson@litteraturbanken.se\">Dick Cla\u00e9sson<\/a>. Alla citat ur Tage Aurells \u00f6vers\u00e4ttningar \u00e5terges med tillst\u00e5nd fr\u00e5n r\u00e4ttighetshavaren. D\u00e4r inget annat anges \u00e4r alla kringtexter skrivna av Dick Cla\u00e9sson.<\/em><\/p>\n\n\n\n<div style=\"height:20px\" aria-hidden=\"true\" class=\"wp-block-spacer\"><\/div>\n<\/div>\n<\/div>\n\n\n\n<div style=\"height:20px\" aria-hidden=\"true\" class=\"wp-block-spacer\"><\/div>\n\n\n\n<div style=\"height:20px\" aria-hidden=\"true\" class=\"wp-block-spacer\"><\/div>\n<\/body>","protected":false},"excerpt":{"rendered":"<p>B\u00fcchner &amp; Aurell Arbetet med Woyzeck 1. Anslag L\u00e4nge var det \u00f6ppningsscenen. I moderna, textkritiska utg\u00e5vor har man f\u00f6rst\u00e5s tolkat handskrifterna p\u00e5 nytt och f\u00f6rpassat replikskiftet till en senare inplacering i pj\u00e4sen. Men f\u00f6r Tage Aurell och hans samtida var [&hellip;]<\/p>\n","protected":false},"author":1,"featured_media":5338,"parent":0,"menu_order":1,"comment_status":"closed","ping_status":"closed","template":"","meta":{"footnotes":""},"class_list":["post-5423","page","type-page","status-publish","has-post-thumbnail","hentry"],"_links":{"self":[{"href":"https:\/\/litteraturbanken.se\/diktensmuseum\/wp-json\/wp\/v2\/pages\/5423","targetHints":{"allow":["GET"]}}],"collection":[{"href":"https:\/\/litteraturbanken.se\/diktensmuseum\/wp-json\/wp\/v2\/pages"}],"about":[{"href":"https:\/\/litteraturbanken.se\/diktensmuseum\/wp-json\/wp\/v2\/types\/page"}],"author":[{"embeddable":true,"href":"https:\/\/litteraturbanken.se\/diktensmuseum\/wp-json\/wp\/v2\/users\/1"}],"replies":[{"embeddable":true,"href":"https:\/\/litteraturbanken.se\/diktensmuseum\/wp-json\/wp\/v2\/comments?post=5423"}],"version-history":[{"count":35,"href":"https:\/\/litteraturbanken.se\/diktensmuseum\/wp-json\/wp\/v2\/pages\/5423\/revisions"}],"predecessor-version":[{"id":5713,"href":"https:\/\/litteraturbanken.se\/diktensmuseum\/wp-json\/wp\/v2\/pages\/5423\/revisions\/5713"}],"wp:featuredmedia":[{"embeddable":true,"href":"https:\/\/litteraturbanken.se\/diktensmuseum\/wp-json\/wp\/v2\/media\/5338"}],"wp:attachment":[{"href":"https:\/\/litteraturbanken.se\/diktensmuseum\/wp-json\/wp\/v2\/media?parent=5423"}],"curies":[{"name":"wp","href":"https:\/\/api.w.org\/{rel}","templated":true}]}}