{"id":5888,"date":"2021-02-18T06:47:59","date_gmt":"2021-02-18T05:47:59","guid":{"rendered":"https:\/\/litteraturbanken.se\/diktensmuseum\/?page_id=5888"},"modified":"2021-03-26T12:57:54","modified_gmt":"2021-03-26T11:57:54","slug":"nv-tema-barnlitteratur","status":"publish","type":"page","link":"https:\/\/litteraturbanken.se\/diktensmuseum\/nv-tema-barnlitteratur\/","title":{"rendered":"Barnlitteratur"},"content":{"rendered":"<body>\n<div class=\"wp-block-columns is-layout-flex wp-container-core-columns-is-layout-9d6595d7 wp-block-columns-is-layout-flex\">\n<div class=\"wp-block-column is-layout-flow wp-block-column-is-layout-flow\" style=\"flex-basis:65%\">\n<h1 class=\"has-vivid-red-color has-text-color wp-block-heading\">Nya v\u00e4gar <br>till det f\u00f6rflutna<\/h1>\n\n\n\n<h3 class=\"wp-block-heading\">Tema: Barnlitteratur<\/h3>\n\n\n\n<div style=\"height:35px\" aria-hidden=\"true\" class=\"wp-block-spacer\"><\/div>\n\n\n\n<div style=\"height:40px\" aria-hidden=\"true\" class=\"wp-block-spacer\"><\/div>\n\n\n\n<div style=\"height:20px\" aria-hidden=\"true\" class=\"wp-block-spacer\"><\/div>\n\n\n\n<p>Barnboksutgivningen i Sverige \u00f6kade betydligt under senare delen av 1800-talet. Det h\u00e4nger samman med den barnsyn som v\u00e4xte fram under romantiken, d\u00e5 barndomen b\u00f6rjade ses som en s\u00e4rskild tid i en m\u00e4nniskas liv. Spel och leksaker fick ett uppsving, och m\u00e4ngden litteratur som v\u00e4nder sig direkt till barn \u00f6kade. L\u00e4s mer om\u00a0<a href=\"https:\/\/litteraturbanken.se\/presentationer\/specialomraden\/BarnlitteraturensUtvecklingISverige.html\">barnlitteraturens utveckling i Sverige<\/a>\u00a0i Lena K\u00e5relands presentation \u00f6ver \u00e4mnet.<\/p>\n\n\n\n<div style=\"height:30px\" aria-hidden=\"true\" class=\"wp-block-spacer\"><\/div>\n\n\n\n<h2 class=\"wp-block-heading\"><strong>L\u00e4rob\u00f6cker<\/strong><\/h2>\n\n\n\n<div style=\"height:20px\" aria-hidden=\"true\" class=\"wp-block-spacer\"><\/div>\n\n\n\n<p>N\u00e4r den obligatoriska folkskolan inf\u00f6rdes 1842 saknades l\u00e4nge l\u00e4mpliga l\u00e4rob\u00f6cker. \u00c5r 1868 utkom den f\u00f6rsta upplagan av\u00a0<a href=\"https:\/\/litteraturbanken.se\/f%C3%B6rfattare\/Anonym\/titlar\/L%C3%A4sebokF%C3%B6rFolkskolan1868\/sida\/I\/faksimil\"><em>L\u00e4sebok f\u00f6r folkskolan<\/em><\/a>, som senare fick m\u00e5nga nya, omarbetade utg\u00e5vor. L\u00e4romedlet skulle t\u00e4cka l\u00e4sbehovet f\u00f6r flera olika \u00e4mnen i skolan. F\u00f6rutom dikter, fabler och noveller inneh\u00f6ll l\u00e4seboken ocks\u00e5 naturskildringar och historiska ber\u00e4ttelser.\u00a0Flera liknande l\u00e4seb\u00f6cker utkom, d\u00e4ribland\u00a0<a href=\"https:\/\/litteraturbanken.se\/f%C3%B6rfattare\/%C3%96manVE\/titlar\/PoetiskL%C3%A4sebokF%C3%B6rFolkskolan\/sida\/1\/faksimil\"><em>Poetisk l\u00e4sebok f\u00f6r folkskolan<\/em><\/a>\u00a0(1869), redigerad av V. E. \u00d6man. Detta var ett kortare urval av k\u00e4nda dikter, som ans\u00e5gs l\u00e4mpliga f\u00f6r mindre barn. Tidigt i samlingen \u00e5terfinns tv\u00e5 dikter av Zacharias Topelius, som v\u00e4nder sig till\u00a0<a href=\"https:\/\/litteraturbanken.se\/f%C3%B6rfattare\/%C3%96manVE\/titlar\/PoetiskL%C3%A4sebokF%C3%B6rFolkskolan\/sida\/12\/faksimil\">flickor<\/a>\u00a0respektive\u00a0<a href=\"https:\/\/litteraturbanken.se\/f%C3%B6rfattare\/%C3%96manVE\/titlar\/PoetiskL%C3%A4sebokF%C3%B6rFolkskolan\/sida\/10\/faksimil\">pojkar<\/a>:\u00a0<\/p>\n\n\n\n<div style=\"height:20px\" aria-hidden=\"true\" class=\"wp-block-spacer\"><\/div>\n\n\n\n<figure class=\"wp-block-gallery columns-2 is-cropped wp-block-gallery-1 is-layout-flex wp-block-gallery-is-layout-flex\"><ul class=\"blocks-gallery-grid\"><li class=\"blocks-gallery-item\"><figure><a href=\"https:\/\/litteraturbanken.se\/diktensmuseum\/wp-content\/uploads\/2021\/02\/1_topelis_flicka-kopia.jpg\"><img decoding=\"async\" width=\"1024\" height=\"672\" src=\"https:\/\/litteraturbanken.se\/diktensmuseum\/wp-content\/uploads\/2021\/02\/1_topelis_flicka-kopia-1024x672.jpg\" alt=\"\" data-id=\"5921\" data-full-url=\"https:\/\/litteraturbanken.se\/diktensmuseum\/wp-content\/uploads\/2021\/02\/1_topelis_flicka-kopia.jpg\" data-link=\"https:\/\/litteraturbanken.se\/diktensmuseum\/1_topelis_flicka-kopia\/\" class=\"wp-image-5921\" loading=\"lazy\" srcset=\"https:\/\/litteraturbanken.se\/diktensmuseum\/wp-content\/uploads\/2021\/02\/1_topelis_flicka-kopia-1024x672.jpg 1024w, https:\/\/litteraturbanken.se\/diktensmuseum\/wp-content\/uploads\/2021\/02\/1_topelis_flicka-kopia-300x197.jpg 300w, https:\/\/litteraturbanken.se\/diktensmuseum\/wp-content\/uploads\/2021\/02\/1_topelis_flicka-kopia-768x504.jpg 768w, https:\/\/litteraturbanken.se\/diktensmuseum\/wp-content\/uploads\/2021\/02\/1_topelis_flicka-kopia-480x315.jpg 480w, https:\/\/litteraturbanken.se\/diktensmuseum\/wp-content\/uploads\/2021\/02\/1_topelis_flicka-kopia.jpg 1200w\" sizes=\"auto, (max-width: 1024px) 100vw, 1024px\" \/><\/a><\/figure><\/li><li class=\"blocks-gallery-item\"><figure><a href=\"https:\/\/litteraturbanken.se\/diktensmuseum\/wp-content\/uploads\/2021\/02\/2_topelius_pojke-kopia.jpg\"><img decoding=\"async\" width=\"900\" height=\"844\" src=\"https:\/\/litteraturbanken.se\/diktensmuseum\/wp-content\/uploads\/2021\/02\/2_topelius_pojke-kopia.jpg\" alt=\"\" data-id=\"5912\" data-full-url=\"https:\/\/litteraturbanken.se\/diktensmuseum\/wp-content\/uploads\/2021\/02\/2_topelius_pojke-kopia.jpg\" data-link=\"https:\/\/litteraturbanken.se\/diktensmuseum\/2_topelius_pojke-kopia\/\" class=\"wp-image-5912\" loading=\"lazy\" srcset=\"https:\/\/litteraturbanken.se\/diktensmuseum\/wp-content\/uploads\/2021\/02\/2_topelius_pojke-kopia.jpg 900w, https:\/\/litteraturbanken.se\/diktensmuseum\/wp-content\/uploads\/2021\/02\/2_topelius_pojke-kopia-300x281.jpg 300w, https:\/\/litteraturbanken.se\/diktensmuseum\/wp-content\/uploads\/2021\/02\/2_topelius_pojke-kopia-768x720.jpg 768w, https:\/\/litteraturbanken.se\/diktensmuseum\/wp-content\/uploads\/2021\/02\/2_topelius_pojke-kopia-480x450.jpg 480w\" sizes=\"auto, (max-width: 900px) 100vw, 900px\" \/><\/a><\/figure><\/li><\/ul><figcaption class=\"blocks-gallery-caption\"><em>Ur Zacharias Topelius bidrag till <a href=\"https:\/\/litteraturbanken.se\/f%C3%B6rfattare\/%C3%96manVE\/titlar\/PoetiskL%C3%A4sebokF%C3%B6rFolkskolan\/sida\/1\/faksimil\" target=\"_blank\" rel=\"noreferrer noopener\" aria-label=\"Poetisk l\u00e4sebok f\u00f6r folkskolan (\u00f6ppnas i en ny flik)\">Poetisk l\u00e4sebok f\u00f6r folkskolan<\/a> (1869).<\/em><\/figcaption><\/figure>\n\n\n\n<div style=\"height:30px\" aria-hidden=\"true\" class=\"wp-block-spacer\"><\/div>\n\n\n\n<p>I \u00d6mans l\u00e4sebok fanns bland annat Anna Maria Lenngrens omtyckta dikt \u201d<a href=\"https:\/\/litteraturbanken.se\/f%C3%B6rfattare\/%C3%96manVE\/titlar\/PoetiskL%C3%A4sebokF%C3%B6rFolkskolan\/sida\/37\/faksimil\">Pojkarne<\/a>\u201d, som du ocks\u00e5 kan lyssna p\u00e5:<\/p>\n\n\n\n<p>\u201dJag mins den ljufva tiden,<br>jag mins den som i g\u00e5r,<br>d\u00e5 oskulden och friden<br>t\u00e4tt f\u00f6ljde mina sp\u00e5r\u2026\u201d<\/p>\n\n\n\n<div class=\"wp-playlist wp-audio-playlist wp-playlist-light\">\n\t\t\t<div class=\"wp-playlist-current-item\"><\/div>\n\t\t<audio controls=\"controls\" preload=\"none\" width=\"618\"\n\t\t\t><\/audio>\n\t<div class=\"wp-playlist-next\"><\/div>\n\t<div class=\"wp-playlist-prev\"><\/div>\n\t<noscript>\n\t<ol>\n\t\t<li><a href='https:\/\/litteraturbanken.se\/diktensmuseum\/wp-content\/uploads\/2021\/02\/lenngren_pojkarna_mossaed.mp3'>Pojkarne<\/a><\/li>\t<\/ol>\n\t<\/noscript>\n\t<script type=\"application\/json\" class=\"wp-playlist-script\">{\"type\":\"audio\",\"tracklist\":true,\"tracknumbers\":true,\"images\":true,\"artists\":true,\"tracks\":[{\"src\":\"https:\/\/litteraturbanken.se\/diktensmuseum\/wp-content\/uploads\/2021\/02\/lenngren_pojkarna_mossaed.mp3\",\"type\":\"audio\/mpeg\",\"title\":\"Pojkarne\",\"caption\":\"\",\"description\":\"\\\"Pojkarne\\\" fr\\u00e5n Jila Mossaed l\\u00e4ser svenska klassiker av Lenngren, Anna Maria. Sl\\u00e4ppt: 2019. Sp\\u00e5r 12.\",\"meta\":{\"artist\":\"Anna Maria Lenngren\",\"album\":\"Jila Mossaed l\\u00e4ser Anna Maria Lenngren\",\"year\":\"2019\",\"length_formatted\":\"3:50\"},\"image\":{\"src\":\"https:\/\/litteraturbanken.se\/diktensmuseum\/wp-content\/uploads\/2021\/02\/lb_affisch_nyav\\u00e4gar_2.2021_st\\u00e5ende_r\\u00f6d.jpg\",\"width\":900,\"height\":1245},\"thumb\":{\"src\":\"https:\/\/litteraturbanken.se\/diktensmuseum\/wp-content\/uploads\/2021\/02\/lb_affisch_nyav\\u00e4gar_2.2021_st\\u00e5ende_r\\u00f6d-150x150.jpg\",\"width\":150,\"height\":150}}]}<\/script>\n<\/div>\n\t\n\n\n\n<div style=\"height:20px\" aria-hidden=\"true\" class=\"wp-block-spacer\"><\/div>\n\n\n\n<p>F\u00f6rutom sina l\u00e4tta och ljusa barndikter, \u00e4r Topelius f\u00f6retr\u00e4dd i samlingen <em>Nya v\u00e4gar<\/em> med flera nummer av\u00a0<em>L\u00e4sning f\u00f6r barn<\/em>, samt med den popul\u00e4ra\u00a0<em><a href=\"https:\/\/litteraturbanken.se\/f%C3%B6rfattare\/TopeliusZ\/titlar\/L%C3%A4sebokF%C3%B6rDeL%C3%A4gstaL%C3%A4roverkenIFinland2\/sida\/5\/faksimil\">Boken om v\u00e5rt land<\/a><\/em> (1875), inneh\u00e5llande 38\u00a0<a href=\"https:\/\/litteraturbanken.se\/f%C3%B6rfattare\/TopeliusZ\/titlar\/L%C3%A4sebokF%C3%B6rDeL%C3%A4gstaL%C3%A4roverkenIFinland2\/sida\/51\/faksimil\">tr\u00e4snitt<\/a>, som fortsatte anv\u00e4ndas i finl\u00e4ndska skolor l\u00e5ngt in p\u00e5 1900-talet.<\/p>\n\n\n\n<div style=\"height:20px\" aria-hidden=\"true\" class=\"wp-block-spacer\"><\/div>\n\n\n\n<figure class=\"wp-block-image size-large\"><a href=\"https:\/\/litteraturbanken.se\/diktensmuseum\/wp-content\/uploads\/2021\/02\/3_topelius_land-kopia.jpg\" target=\"_blank\" rel=\"noreferrer noopener\"><img decoding=\"async\" width=\"1024\" height=\"853\" src=\"https:\/\/litteraturbanken.se\/diktensmuseum\/wp-content\/uploads\/2021\/02\/3_topelius_land-kopia-1024x853.jpg\" alt=\"\" class=\"wp-image-5920\" loading=\"lazy\" srcset=\"https:\/\/litteraturbanken.se\/diktensmuseum\/wp-content\/uploads\/2021\/02\/3_topelius_land-kopia-1024x853.jpg 1024w, https:\/\/litteraturbanken.se\/diktensmuseum\/wp-content\/uploads\/2021\/02\/3_topelius_land-kopia-300x250.jpg 300w, https:\/\/litteraturbanken.se\/diktensmuseum\/wp-content\/uploads\/2021\/02\/3_topelius_land-kopia-768x640.jpg 768w, https:\/\/litteraturbanken.se\/diktensmuseum\/wp-content\/uploads\/2021\/02\/3_topelius_land-kopia-480x400.jpg 480w, https:\/\/litteraturbanken.se\/diktensmuseum\/wp-content\/uploads\/2021\/02\/3_topelius_land-kopia.jpg 1200w\" sizes=\"auto, (max-width: 1024px) 100vw, 1024px\" \/><\/a><figcaption><em>Ur Zacharias Topelius <a href=\"https:\/\/litteraturbanken.se\/f%C3%B6rfattare\/TopeliusZ\/titlar\/L%C3%A4sebokF%C3%B6rDeL%C3%A4gstaL%C3%A4roverkenIFinland2\/sida\/5\/faksimil\" target=\"_blank\" rel=\"noreferrer noopener\" aria-label=\"Boken om v\u00e5rt land (\u00f6ppnas i en ny flik)\">Boken om v\u00e5rt land<\/a> (1875).<\/em><\/figcaption><\/figure>\n\n\n\n<div style=\"height:20px\" aria-hidden=\"true\" class=\"wp-block-spacer\"><\/div>\n\n\n\n<figure class=\"wp-block-image size-large\"><a href=\"https:\/\/litteraturbanken.se\/diktensmuseum\/wp-content\/uploads\/2021\/02\/4_topelius-kopia.jpg\" target=\"_blank\" rel=\"noreferrer noopener\"><img decoding=\"async\" width=\"581\" height=\"1024\" src=\"https:\/\/litteraturbanken.se\/diktensmuseum\/wp-content\/uploads\/2021\/02\/4_topelius-kopia-581x1024.jpg\" alt=\"\" class=\"wp-image-5913\" loading=\"lazy\" srcset=\"https:\/\/litteraturbanken.se\/diktensmuseum\/wp-content\/uploads\/2021\/02\/4_topelius-kopia-581x1024.jpg 581w, https:\/\/litteraturbanken.se\/diktensmuseum\/wp-content\/uploads\/2021\/02\/4_topelius-kopia-170x300.jpg 170w, https:\/\/litteraturbanken.se\/diktensmuseum\/wp-content\/uploads\/2021\/02\/4_topelius-kopia-768x1354.jpg 768w, https:\/\/litteraturbanken.se\/diktensmuseum\/wp-content\/uploads\/2021\/02\/4_topelius-kopia-871x1536.jpg 871w, https:\/\/litteraturbanken.se\/diktensmuseum\/wp-content\/uploads\/2021\/02\/4_topelius-kopia-1161x2048.jpg 1161w, https:\/\/litteraturbanken.se\/diktensmuseum\/wp-content\/uploads\/2021\/02\/4_topelius-kopia-480x846.jpg 480w, https:\/\/litteraturbanken.se\/diktensmuseum\/wp-content\/uploads\/2021\/02\/4_topelius-kopia.jpg 1200w\" sizes=\"auto, (max-width: 581px) 100vw, 581px\" \/><\/a><figcaption><em>Ur Zacharias Topelius <a href=\"https:\/\/litteraturbanken.se\/f%C3%B6rfattare\/TopeliusZ\/titlar\/L%C3%A4sningF%C3%B6rBarn2\/sida\/7\/faksimil\" target=\"_blank\" rel=\"noreferrer noopener\" aria-label=\"L\u00e4sning f\u00f6r barn (\u00f6ppnas i en ny flik)\">L\u00e4sning f\u00f6r barn<\/a> (1866).<\/em><\/figcaption><\/figure>\n\n\n\n<div style=\"height:30px\" aria-hidden=\"true\" class=\"wp-block-spacer\"><\/div>\n\n\n\n<h2 class=\"wp-block-heading\"><strong>Bildprakt<\/strong><\/h2>\n\n\n\n<div style=\"height:20px\" aria-hidden=\"true\" class=\"wp-block-spacer\"><\/div>\n\n\n\n<p>Ju l\u00e4ngre seklet framskrider, desto fler illustrationer m\u00f6ts man av i litteraturen. Tryckteknikens framsteg utnyttjas inte minst inom barnlitteraturen. Det blir ocks\u00e5 vanligare att typografin och sidstorleken anpassas till den tillt\u00e4nkta barnpubliken, exempelvis genom att ha st\u00f6rre typsnitt och en mindre l\u00e4syta.\u00a0<\/p>\n\n\n\n<p>H\u00f6gtider lockade ofta till s\u00e4rskild utgivning \u2013 g\u00e4rna julb\u00f6cker med f\u00e4rgglada bilder. Ett exempel \u00e4r den anonymt utgivna\u00a0<a href=\"https:\/\/litteraturbanken.se\/f%C3%B6rfattare\/Anonym\/titlar\/Sm%C3%A5ttingarnesJulklapp\/sida\/1\/faksimil\"><em>Sm\u00e5ttingarnes julklapp. Ber\u00e4ttelser f\u00f6r sn\u00e4lla barn<\/em><\/a>\u00a0(1868), som inneh\u00e5ller flera kolorerade planscher:\u00a0<\/p>\n\n\n\n<div style=\"height:20px\" aria-hidden=\"true\" class=\"wp-block-spacer\"><\/div>\n\n\n\n<figure class=\"wp-block-gallery columns-2 is-cropped wp-block-gallery-2 is-layout-flex wp-block-gallery-is-layout-flex\"><ul class=\"blocks-gallery-grid\"><li class=\"blocks-gallery-item\"><figure><a href=\"https:\/\/litteraturbanken.se\/diktensmuseum\/wp-content\/uploads\/2021\/02\/6_sm%C3%A5ttingarnes-kopia.jpg\"><img decoding=\"async\" src=\"https:\/\/litteraturbanken.se\/diktensmuseum\/wp-content\/uploads\/2021\/02\/6_sm%C3%A5ttingarnes-kopia-754x1024.jpg\" alt=\"\" data-id=\"5915\" data-full-url=\"https:\/\/litteraturbanken.se\/diktensmuseum\/wp-content\/uploads\/2021\/02\/6_sm\u00e5ttingarnes-kopia.jpg\" data-link=\"https:\/\/litteraturbanken.se\/diktensmuseum\/6_smattingarnes-kopia\/\" class=\"wp-image-5915\" loading=\"lazy\"><\/a><\/figure><\/li><li class=\"blocks-gallery-item\"><figure><a href=\"https:\/\/litteraturbanken.se\/diktensmuseum\/wp-content\/uploads\/2021\/02\/5_sm%C3%A5ttingarne-kopia.jpg\"><img decoding=\"async\" src=\"https:\/\/litteraturbanken.se\/diktensmuseum\/wp-content\/uploads\/2021\/02\/5_sm%C3%A5ttingarne-kopia-781x1024.jpg\" alt=\"\" data-id=\"5914\" data-full-url=\"https:\/\/litteraturbanken.se\/diktensmuseum\/wp-content\/uploads\/2021\/02\/5_sm\u00e5ttingarne-kopia.jpg\" data-link=\"https:\/\/litteraturbanken.se\/diktensmuseum\/5_smattingarne-kopia\/\" class=\"wp-image-5914\" loading=\"lazy\"><\/a><\/figure><\/li><\/ul><figcaption class=\"blocks-gallery-caption\"><em>Ur <a href=\"https:\/\/litteraturbanken.se\/f%C3%B6rfattare\/Anonym\/titlar\/Sm%C3%A5ttingarnesJulklapp\/sida\/1\/faksimil\">Sm\u00e5ttingarnes julklapp. Ber\u00e4ttelser f\u00f6r sn\u00e4lla barn<\/a>\u00a0(1868).<\/em><\/figcaption><\/figure>\n\n\n\n<div style=\"height:30px\" aria-hidden=\"true\" class=\"wp-block-spacer\"><\/div>\n\n\n\n<p>Sophie Bolanders\u00a0<a href=\"https:\/\/litteraturbanken.se\/f%C3%B6rfattare\/BolanderS\/titlar\/Julklapp\/sida\/1\/faksimil\"><em>Julklapp till lilla Helga<\/em><\/a>\u00a0(1852) pryds ocks\u00e5 av fyra vackra illustrationer:<\/p>\n\n\n\n<div style=\"height:20px\" aria-hidden=\"true\" class=\"wp-block-spacer\"><\/div>\n\n\n\n<figure class=\"wp-block-gallery columns-2 is-cropped wp-block-gallery-3 is-layout-flex wp-block-gallery-is-layout-flex\"><ul class=\"blocks-gallery-grid\"><li class=\"blocks-gallery-item\"><figure><a href=\"https:\/\/litteraturbanken.se\/diktensmuseum\/wp-content\/uploads\/2021\/02\/8_bolinder-kopia.jpg\"><img decoding=\"async\" width=\"828\" height=\"1024\" src=\"https:\/\/litteraturbanken.se\/diktensmuseum\/wp-content\/uploads\/2021\/02\/8_bolinder-kopia-828x1024.jpg\" alt=\"\" data-id=\"5917\" data-full-url=\"https:\/\/litteraturbanken.se\/diktensmuseum\/wp-content\/uploads\/2021\/02\/8_bolinder-kopia.jpg\" data-link=\"https:\/\/litteraturbanken.se\/diktensmuseum\/8_bolinder-kopia\/\" class=\"wp-image-5917\" loading=\"lazy\" srcset=\"https:\/\/litteraturbanken.se\/diktensmuseum\/wp-content\/uploads\/2021\/02\/8_bolinder-kopia-828x1024.jpg 828w, https:\/\/litteraturbanken.se\/diktensmuseum\/wp-content\/uploads\/2021\/02\/8_bolinder-kopia-243x300.jpg 243w, https:\/\/litteraturbanken.se\/diktensmuseum\/wp-content\/uploads\/2021\/02\/8_bolinder-kopia-768x950.jpg 768w, https:\/\/litteraturbanken.se\/diktensmuseum\/wp-content\/uploads\/2021\/02\/8_bolinder-kopia-480x594.jpg 480w, https:\/\/litteraturbanken.se\/diktensmuseum\/wp-content\/uploads\/2021\/02\/8_bolinder-kopia.jpg 1200w\" sizes=\"auto, (max-width: 828px) 100vw, 828px\" \/><\/a><\/figure><\/li><li class=\"blocks-gallery-item\"><figure><a href=\"https:\/\/litteraturbanken.se\/diktensmuseum\/wp-content\/uploads\/2021\/02\/7_bolinder-kopia.jpg\"><img decoding=\"async\" width=\"809\" height=\"1024\" src=\"https:\/\/litteraturbanken.se\/diktensmuseum\/wp-content\/uploads\/2021\/02\/7_bolinder-kopia-809x1024.jpg\" alt=\"\" data-id=\"5916\" data-full-url=\"https:\/\/litteraturbanken.se\/diktensmuseum\/wp-content\/uploads\/2021\/02\/7_bolinder-kopia.jpg\" data-link=\"https:\/\/litteraturbanken.se\/diktensmuseum\/7_bolinder-kopia\/\" class=\"wp-image-5916\" loading=\"lazy\" srcset=\"https:\/\/litteraturbanken.se\/diktensmuseum\/wp-content\/uploads\/2021\/02\/7_bolinder-kopia-809x1024.jpg 809w, https:\/\/litteraturbanken.se\/diktensmuseum\/wp-content\/uploads\/2021\/02\/7_bolinder-kopia-237x300.jpg 237w, https:\/\/litteraturbanken.se\/diktensmuseum\/wp-content\/uploads\/2021\/02\/7_bolinder-kopia-768x972.jpg 768w, https:\/\/litteraturbanken.se\/diktensmuseum\/wp-content\/uploads\/2021\/02\/7_bolinder-kopia-480x608.jpg 480w, https:\/\/litteraturbanken.se\/diktensmuseum\/wp-content\/uploads\/2021\/02\/7_bolinder-kopia.jpg 1200w\" sizes=\"auto, (max-width: 809px) 100vw, 809px\" \/><\/a><\/figure><\/li><\/ul><figcaption class=\"blocks-gallery-caption\"><em>Ur Sophie Bolanders\u00a0<a href=\"https:\/\/litteraturbanken.se\/f%C3%B6rfattare\/BolanderS\/titlar\/Julklapp\/sida\/1\/faksimil\">Julklapp till lilla Helga<\/a>\u00a0(1852).<\/em><\/figcaption><\/figure>\n\n\n\n<div style=\"height:30px\" aria-hidden=\"true\" class=\"wp-block-spacer\"><\/div>\n\n\n\n<p>I dessa verk \u00e4r text och bild klart \u00e5tskilda. I andra verk \u00e4r boksidan en helhet, med texten handskriven och integrerad med bilden. M\u00e5nga sagosamlingar \u00e4r \u00e5ldersneutrala: de v\u00e4nder sig lika mycket, eller till och med i f\u00f6rsta hand, till en vuxenpublik. Det g\u00e4ller exempelvis Fredrik Wilhelm Scholanders bok\u00a0<em><a href=\"https:\/\/litteraturbanken.se\/f%C3%B6rfattare\/ScholanderFW\/titlar\/FjolnersSaga\/sida\/5\/faksimil\">Fjolners saga<\/a><\/em> (1867), som best\u00e5r av 31 blad, d\u00e4r text och bild utg\u00f6r en enhet.\u00a0<\/p>\n\n\n\n<div style=\"height:20px\" aria-hidden=\"true\" class=\"wp-block-spacer\"><\/div>\n\n\n\n<figure class=\"wp-block-gallery columns-2 is-cropped wp-block-gallery-4 is-layout-flex wp-block-gallery-is-layout-flex\"><ul class=\"blocks-gallery-grid\"><li class=\"blocks-gallery-item\"><figure><a href=\"https:\/\/litteraturbanken.se\/diktensmuseum\/wp-content\/uploads\/2021\/02\/10_scholander-kopia.jpg\"><img decoding=\"async\" width=\"610\" height=\"1024\" src=\"https:\/\/litteraturbanken.se\/diktensmuseum\/wp-content\/uploads\/2021\/02\/10_scholander-kopia-610x1024.jpg\" alt=\"\" data-id=\"5919\" data-full-url=\"https:\/\/litteraturbanken.se\/diktensmuseum\/wp-content\/uploads\/2021\/02\/10_scholander-kopia.jpg\" data-link=\"https:\/\/litteraturbanken.se\/diktensmuseum\/10_scholander-kopia\/\" class=\"wp-image-5919\" loading=\"lazy\" srcset=\"https:\/\/litteraturbanken.se\/diktensmuseum\/wp-content\/uploads\/2021\/02\/10_scholander-kopia-610x1024.jpg 610w, https:\/\/litteraturbanken.se\/diktensmuseum\/wp-content\/uploads\/2021\/02\/10_scholander-kopia-179x300.jpg 179w, https:\/\/litteraturbanken.se\/diktensmuseum\/wp-content\/uploads\/2021\/02\/10_scholander-kopia-768x1288.jpg 768w, https:\/\/litteraturbanken.se\/diktensmuseum\/wp-content\/uploads\/2021\/02\/10_scholander-kopia-916x1536.jpg 916w, https:\/\/litteraturbanken.se\/diktensmuseum\/wp-content\/uploads\/2021\/02\/10_scholander-kopia-480x805.jpg 480w, https:\/\/litteraturbanken.se\/diktensmuseum\/wp-content\/uploads\/2021\/02\/10_scholander-kopia.jpg 1200w\" sizes=\"auto, (max-width: 610px) 100vw, 610px\" \/><\/a><\/figure><\/li><li class=\"blocks-gallery-item\"><figure><a href=\"https:\/\/litteraturbanken.se\/diktensmuseum\/wp-content\/uploads\/2021\/02\/9_scholander-kopia.jpg\"><img decoding=\"async\" width=\"604\" height=\"1024\" src=\"https:\/\/litteraturbanken.se\/diktensmuseum\/wp-content\/uploads\/2021\/02\/9_scholander-kopia-604x1024.jpg\" alt=\"\" data-id=\"5918\" data-full-url=\"https:\/\/litteraturbanken.se\/diktensmuseum\/wp-content\/uploads\/2021\/02\/9_scholander-kopia.jpg\" data-link=\"https:\/\/litteraturbanken.se\/diktensmuseum\/9_scholander-kopia\/\" class=\"wp-image-5918\" loading=\"lazy\" srcset=\"https:\/\/litteraturbanken.se\/diktensmuseum\/wp-content\/uploads\/2021\/02\/9_scholander-kopia-604x1024.jpg 604w, https:\/\/litteraturbanken.se\/diktensmuseum\/wp-content\/uploads\/2021\/02\/9_scholander-kopia-177x300.jpg 177w, https:\/\/litteraturbanken.se\/diktensmuseum\/wp-content\/uploads\/2021\/02\/9_scholander-kopia-768x1303.jpg 768w, https:\/\/litteraturbanken.se\/diktensmuseum\/wp-content\/uploads\/2021\/02\/9_scholander-kopia-905x1536.jpg 905w, https:\/\/litteraturbanken.se\/diktensmuseum\/wp-content\/uploads\/2021\/02\/9_scholander-kopia-480x814.jpg 480w, https:\/\/litteraturbanken.se\/diktensmuseum\/wp-content\/uploads\/2021\/02\/9_scholander-kopia.jpg 1200w\" sizes=\"auto, (max-width: 604px) 100vw, 604px\" \/><\/a><\/figure><\/li><\/ul><figcaption class=\"blocks-gallery-caption\"><em>Ur Fredrik Wilhelm Scholanders\u00a0<a href=\"https:\/\/litteraturbanken.se\/f%C3%B6rfattare\/ScholanderFW\/titlar\/FjolnersSaga\/sida\/5\/faksimil\">Fjolners saga<\/a>\u00a0(1867).<\/em><\/figcaption><\/figure>\n<\/div>\n\n\n\n<div class=\"wp-block-column is-layout-flow wp-block-column-is-layout-flow\" style=\"flex-basis:35%\">\n<div style=\"height:20px\" aria-hidden=\"true\" class=\"wp-block-spacer\"><\/div>\n\n\n\n<p><a href=\"https:\/\/litteraturbanken.se\/diktensmuseum\/nya-vagar-inledning\/\">INLEDNING<\/a><br><a href=\"https:\/\/litteraturbanken.se\/diktensmuseum\/nv-ur-projektbeskrivningen\/\">OM PROJEKTET<br><\/a><a href=\"https:\/\/litteraturbanken.se\/diktensmuseum\/nv-tema-folkskrifter\/\">FOLKSKRIFTER<\/a><br><a href=\"https:\/\/litteraturbanken.se\/diktensmuseum\/nv-tema-barnlitteratur\/\">BARNLITTERATUR<\/a><br><a href=\"https:\/\/litteraturbanken.se\/diktensmuseum\/nv-kvinnliga-prosaforfattare\/\">KVINNLIGA F\u00d6RFATTARE<\/a><br><a href=\"https:\/\/litteraturbanken.se\/diktensmuseum\/nv-tema-kalendrar\/\">KALENDRAR<br><\/a><a href=\"https:\/\/litteraturbanken.se\/diktensmuseum\/nv-lyssna-till-seklet\/\">LYSSNA<\/a><\/p>\n\n\n\n<div style=\"height:20px\" aria-hidden=\"true\" class=\"wp-block-spacer\"><\/div>\n\n\n\n<div style=\"height:20px\" aria-hidden=\"true\" class=\"wp-block-spacer\"><\/div>\n\n\n\n<div style=\"height:20px\" aria-hidden=\"true\" class=\"wp-block-spacer\"><\/div>\n\n\n\n<figure class=\"wp-block-image size-large\"><a href=\"https:\/\/litteraturbanken.se\/diktensmuseum\/wp-content\/uploads\/2021\/02\/lb_affisch_nyav%C3%A4gar_2.2021_c.jpg\" target=\"_blank\" rel=\"noreferrer noopener\"><img decoding=\"async\" src=\"https:\/\/litteraturbanken.se\/diktensmuseum\/wp-content\/uploads\/2021\/02\/lb_affisch_nyav%C3%A4gar_2.2021_c-740x1024.jpg\" alt=\"\" class=\"wp-image-5948\" loading=\"lazy\"><\/a><\/figure>\n\n\n\n<div style=\"height:40px\" aria-hidden=\"true\" class=\"wp-block-spacer\"><\/div>\n\n\n\n<hr class=\"wp-block-separator\">\n\n\n\n<h5 class=\"wp-block-heading\">OM UTST\u00c4LLNINGEN<\/h5>\n\n\n\n<p style=\"font-size:11px\"><em>Utst\u00e4llningen \u201dNya v\u00e4gar till det f\u00f6rflutna\u201d producerades f\u00f6r Litteraturbanken under 2021<\/em> av<em> Ljubica Mio\u010devi\u0107. D\u00e4r inget annat anges \u00e4r alla kringtexter skrivna av Ljubica Mio\u010devi\u0107.<\/em><\/p>\n\n\n\n<div style=\"height:20px\" aria-hidden=\"true\" class=\"wp-block-spacer\"><\/div>\n\n\n\n<p style=\"font-size:11px\"><em>Alla verk i v\u00e5ra samlingar som kommit till inom projekten kring massdigitalisering av 1800-talets sk\u00f6nlitteratur kan filtreras fram i Biblioteket <a rel=\"noreferrer noopener\" href=\"https:\/\/litteraturbanken.se\/bibliotek?visa=works&amp;keywords=keyword:1800\" target=\"_blank\">genom att\u00a0v\u00e4lja samlingen \u201dNya v\u00e4gar till 1800-talet\u201d<\/a>.\u00a0<\/em><\/p>\n\n\n\n<div style=\"height:40px\" aria-hidden=\"true\" class=\"wp-block-spacer\"><\/div>\n<\/div>\n<\/div>\n\n\n\n<div style=\"height:20px\" aria-hidden=\"true\" class=\"wp-block-spacer\"><\/div>\n\n\n\n<div style=\"height:20px\" aria-hidden=\"true\" class=\"wp-block-spacer\"><\/div>\n<\/body>","protected":false},"excerpt":{"rendered":"<p>Nya v\u00e4gar till det f\u00f6rflutna Tema: Barnlitteratur Barnboksutgivningen i Sverige \u00f6kade betydligt under senare delen av 1800-talet. Det h\u00e4nger samman med den barnsyn som v\u00e4xte fram under romantiken, d\u00e5 barndomen b\u00f6rjade ses som en s\u00e4rskild tid i en m\u00e4nniskas liv. [&hellip;]<\/p>\n","protected":false},"author":1,"featured_media":5948,"parent":0,"menu_order":1,"comment_status":"closed","ping_status":"closed","template":"","meta":{"footnotes":""},"class_list":["post-5888","page","type-page","status-publish","has-post-thumbnail","hentry"],"_links":{"self":[{"href":"https:\/\/litteraturbanken.se\/diktensmuseum\/wp-json\/wp\/v2\/pages\/5888","targetHints":{"allow":["GET"]}}],"collection":[{"href":"https:\/\/litteraturbanken.se\/diktensmuseum\/wp-json\/wp\/v2\/pages"}],"about":[{"href":"https:\/\/litteraturbanken.se\/diktensmuseum\/wp-json\/wp\/v2\/types\/page"}],"author":[{"embeddable":true,"href":"https:\/\/litteraturbanken.se\/diktensmuseum\/wp-json\/wp\/v2\/users\/1"}],"replies":[{"embeddable":true,"href":"https:\/\/litteraturbanken.se\/diktensmuseum\/wp-json\/wp\/v2\/comments?post=5888"}],"version-history":[{"count":23,"href":"https:\/\/litteraturbanken.se\/diktensmuseum\/wp-json\/wp\/v2\/pages\/5888\/revisions"}],"predecessor-version":[{"id":6714,"href":"https:\/\/litteraturbanken.se\/diktensmuseum\/wp-json\/wp\/v2\/pages\/5888\/revisions\/6714"}],"wp:featuredmedia":[{"embeddable":true,"href":"https:\/\/litteraturbanken.se\/diktensmuseum\/wp-json\/wp\/v2\/media\/5948"}],"wp:attachment":[{"href":"https:\/\/litteraturbanken.se\/diktensmuseum\/wp-json\/wp\/v2\/media?parent=5888"}],"curies":[{"name":"wp","href":"https:\/\/api.w.org\/{rel}","templated":true}]}}