{"id":5982,"date":"2021-02-19T09:23:13","date_gmt":"2021-02-19T08:23:13","guid":{"rendered":"https:\/\/litteraturbanken.se\/diktensmuseum\/?page_id=5982"},"modified":"2025-02-26T08:52:19","modified_gmt":"2025-02-26T07:52:19","slug":"nv-ur-projektbeskrivningen","status":"publish","type":"page","link":"https:\/\/litteraturbanken.se\/diktensmuseum\/nv-ur-projektbeskrivningen\/","title":{"rendered":"Ur projektbeskrivningen"},"content":{"rendered":"<body>\n<div class=\"wp-block-columns is-layout-flex wp-container-core-columns-is-layout-9d6595d7 wp-block-columns-is-layout-flex\">\n<div class=\"wp-block-column is-layout-flow wp-block-column-is-layout-flow\" style=\"flex-basis:65%\">\n<h1 class=\"wp-block-heading has-vivid-red-color has-text-color\">Nya v\u00e4gar <br>till det f\u00f6rflutna<\/h1>\n\n\n\n<h3 class=\"wp-block-heading\">Om ett projekt kring 1800-talets svenska sk\u00f6nlitteratur<\/h3>\n\n\n\n<div style=\"height:35px\" aria-hidden=\"true\" class=\"wp-block-spacer\"><\/div>\n\n\n\n<div style=\"height:40px\" aria-hidden=\"true\" class=\"wp-block-spacer\"><\/div>\n\n\n\n<div style=\"height:20px\" aria-hidden=\"true\" class=\"wp-block-spacer\"><\/div>\n\n\n\n<p>Sk\u00f6nlitteraturen erbjuder en unik m\u00f6jlighet till att utforska det f\u00f6rg\u00e5ngna. Humanistiska och samh\u00e4llsvetenskapliga forskare, men ocks\u00e5 allm\u00e4nintresserade l\u00e4sare, har mycket att h\u00e4mta i den litteratur som <em>gestaltar<\/em> det svunna. <\/p>\n\n\n\n<p>N\u00e4r resultat av projektet\u00a0<em>Nya v\u00e4gar till det f\u00f6rflutna. Det litter\u00e4ra kulturarvet som k\u00e4llmaterial f\u00f6r humaniora och samh\u00e4llsvetenskap<\/em>\u00a0\u00e4r f\u00e4rdigpublicerat kommer en stor del av den svenska sk\u00f6nlitteraturen\u00a0fr\u00e5n det s\u00e5 kallade l\u00e5nga 1800-talet att finnas digitaliserad och \u00f6ppet tillg\u00e4nglig hos Litteraturbanken. Det mesta kommer ocks\u00e5 att vara s\u00f6kbart. Projektet, som finansieras av Riksbankens Jubileumsfond, var ursprungligen planerat att p\u00e5g\u00e5 under 2020\u20132022 och omfatta perioden 1800\u20131900. Projekttiden f\u00f6rl\u00e4ngdes till 2020\u20132024 och omfattar nu litteraturen fr\u00e5n \u00e5ren 1789\u20131912. I skrivande stund (februari 2025) arbetar vi f\u00f6r fullt med att l\u00e4gga ut de digitaliserade verken hos Litteraturbanken.<\/p>\n\n\n\n<p>Det \u00e4r ett stort antal verk det handlar om.<\/p>\n\n\n\n<p>Sammanlagt omfattas drygt 11.000 verk av projektets ramar: separattryckt svensk sk\u00f6nlitteratur som \u00e4r tryckt mellan 1789 och 1912. Endast en liten del av dessa b\u00f6cker har redan digitaliserats genom tidigare insatser, och d\u00e4rmed \u00e5terst\u00e5r fortfarande cirka 8.600 volymer. Denna \u00e5terstod har nu digitaliseras och kommer snart att tillg\u00e4ngligg\u00f6ras, fritt f\u00f6r alla, inom ramen f\u00f6r\u00a0<em>Nya v\u00e4gar till det f\u00f6rflutna<\/em>.<\/p>\n\n\n\n<div style=\"height:20px\" aria-hidden=\"true\" class=\"wp-block-spacer\"><\/div>\n\n\n\n<figure class=\"wp-block-image size-large\"><a href=\"https:\/\/litteraturbanken.se\/diktensmuseum\/wp-content\/uploads\/2021\/02\/lb2428142_5_0049.jpg\" target=\"_blank\" rel=\"noreferrer noopener\"><img decoding=\"async\" width=\"1024\" height=\"735\" src=\"https:\/\/litteraturbanken.se\/diktensmuseum\/wp-content\/uploads\/2021\/02\/uub_3-1024x735.jpg\" alt=\"\" class=\"wp-image-5863\" loading=\"lazy\" srcset=\"https:\/\/litteraturbanken.se\/diktensmuseum\/wp-content\/uploads\/2021\/02\/uub_3-1024x735.jpg 1024w, https:\/\/litteraturbanken.se\/diktensmuseum\/wp-content\/uploads\/2021\/02\/uub_3-300x215.jpg 300w, https:\/\/litteraturbanken.se\/diktensmuseum\/wp-content\/uploads\/2021\/02\/uub_3-768x551.jpg 768w, https:\/\/litteraturbanken.se\/diktensmuseum\/wp-content\/uploads\/2021\/02\/uub_3-480x344.jpg 480w, https:\/\/litteraturbanken.se\/diktensmuseum\/wp-content\/uploads\/2021\/02\/uub_3.jpg 1200w\" sizes=\"auto, (max-width: 1024px) 100vw, 1024px\" \/><\/a><figcaption class=\"wp-element-caption\"><em>Bibliotekarien Sofie Kraft vid UUB g\u00e5r igenom framplockade b\u00f6cker och f\u00f6rbereder dem f\u00f6r att skickas till digitalisering.<\/em>\u00a0<em>Fotografi Magnus Hjalmarsson, Uppsala universitetsbibliotek.<\/em><\/figcaption><\/figure>\n\n\n\n<div style=\"height:30px\" aria-hidden=\"true\" class=\"wp-block-spacer\"><\/div>\n\n\n\n<p>Projektet <em>Nya v\u00e4gar<\/em> f\u00f6regicks av tv\u00e5 mindre. B\u00e4gge kan betraktas som f\u00f6rarbeten till det nu p\u00e5g\u00e5ende Riksbanksprojektet. Det f\u00f6rsta var\u00a0<em><a href=\"https:\/\/spraakbanken.gu.se\/resurser\/spf\">Svensk prosafiktion 1800\u20131900<\/a><\/em>. D\u00e4r digitaliserades all svensk prosafiktion som trycktes f\u00f6r f\u00f6rsta g\u00e5ngen \u00e5ren 1800, 1820, 1840, 1860, 1880 och 1900. (Verk som digitaliserades i samband med <em>Svensk prosafiktion<\/em> \u00e4r delvis redan inlagda i Litteraturbankens samlingar, och den spr\u00e5kligt intresserade kan dessutom studera textsamlingen med hj\u00e4lp av avancerade s\u00f6kverktyg hos\u00a0<a href=\"https:\/\/spraakbanken.gu.se\/korp\/?mode=spf#?cqp=%5B%5D\">Spr\u00e5kbanken<\/a>.)<\/p>\n\n\n\n<p>Det andra projektet hette\u00a0<em>Det moderna genombrottet 1880\u20131900<\/em>, och inom dess ramar digitaliserades \u00f6ver 1.000 romaner och novellsamlingar fr\u00e5n de tv\u00e5 sista decennierna av 1800-talet. Dessa verk l\u00e4ggs nu ocks\u00e5 till samlingarna hos LB.se under det kommande \u00e5ret.<\/p>\n\n\n\n<div style=\"height:20px\" aria-hidden=\"true\" class=\"wp-block-spacer\"><\/div>\n\n\n\n<figure class=\"wp-block-image size-large\"><a href=\"https:\/\/litteraturbanken.se\/diktensmuseum\/wp-content\/uploads\/2021\/02\/lb2428142_5_0049.jpg\" target=\"_blank\" rel=\"noreferrer noopener\"><img decoding=\"async\" src=\"https:\/\/litteraturbanken.se\/diktensmuseum\/wp-content\/uploads\/2021\/02\/Uppst%C3%A4llt-f%C3%B6r-skanning-i-Arkivet-1-1024x763.jpg\" alt=\"\" class=\"wp-image-5853\" loading=\"lazy\"><\/a><figcaption class=\"wp-element-caption\"><em>B\u00f6cker uppst\u00e4llda inf\u00f6r scanning. Fotografi Susanne Edbom, Riksarkivet.<\/em><\/figcaption><\/figure>\n\n\n\n<div style=\"height:30px\" aria-hidden=\"true\" class=\"wp-block-spacer\"><\/div>\n\n\n\n<div style=\"height:30px\" aria-hidden=\"true\" class=\"wp-block-spacer\"><\/div>\n\n\n\n<h2 class=\"wp-block-heading\"><strong>Tekniken<\/strong><\/h2>\n\n\n\n<div style=\"height:20px\" aria-hidden=\"true\" class=\"wp-block-spacer\"><\/div>\n\n\n\n<p>Projektet\u00a0<em>Nya v\u00e4gar till det f\u00f6rflutna<\/em>\u00a0bygger p\u00e5 samarbete mellan flera institutioner. Uppsala universitetsbibliotek (UUB) har sammanst\u00e4llt listor \u00f6ver alla romaner, novell- och poesisamlingar, dramer och andra sk\u00f6nlitter\u00e4ra genrer.\u00a0\u00a0Digitaliseringarna har sedan utf\u00f6rts av UUB, Kungliga biblioteket och Enheten f\u00f6r digitisering (DiT) vid Riksarkivet Fr\u00e4nsta.\u00a0<\/p>\n\n\n\n<p>N\u00e4r materialet \u00e4r digitaliserat laddas digitala bilder och filer upp p\u00e5\u00a0Litteraturbankens servrar. H\u00e4r sker en automatisk import till v\u00e5ra system, innan en redakt\u00f6r g\u00e5r in och f\u00f6r\u00e4dlar de\u00a0<em>metadata<\/em>\u00a0som skall underl\u00e4tta f\u00f6r anv\u00e4ndaren\u00a0<a href=\"https:\/\/litteraturbanken.se\/bibliotek\" target=\"_blank\" rel=\"noreferrer noopener\">att hitta det man letar efter<\/a>.<\/p>\n\n\n\n<div style=\"height:20px\" aria-hidden=\"true\" class=\"wp-block-spacer\"><\/div>\n\n\n\n<figure class=\"wp-block-image size-large\"><a href=\"https:\/\/litteraturbanken.se\/diktensmuseum\/wp-content\/uploads\/2021\/02\/lb2428142_5_0049.jpg\" target=\"_blank\" rel=\"noreferrer noopener\"><img decoding=\"async\" src=\"https:\/\/litteraturbanken.se\/diktensmuseum\/wp-content\/uploads\/2021\/02\/Bildf%C3%A5ngst-i-V-skanner_1200-1024x768.jpg\" alt=\"\" class=\"wp-image-5944\" loading=\"lazy\"><\/a><figcaption class=\"wp-element-caption\"><em>Bilden visar bildf\u00e5ngst i en V-skanner. Fotografi Susanne Edbom, Riksarkivet.<\/em><\/figcaption><\/figure>\n\n\n\n<div style=\"height:30px\" aria-hidden=\"true\" class=\"wp-block-spacer\"><\/div>\n\n\n\n<p>N\u00e4r b\u00f6ckerna v\u00e4l \u00e4r importerade i Litteraturbankens system \u00e4r det av st\u00f6rsta vikt att alla tidigare steg i processen varit optimala. Det m\u00e4nskliga \u00f6gat har inga problem med att anpassa sig om boken vrids en centimeter hit eller dit. Men om en boksida \u00e4r snett inskannad, s\u00e5 kommer v\u00e5ra datorer inte att k\u00e4nna igen bokst\u00e4verna p\u00e5 ett korrekt s\u00e4tt. D\u00e5 f\u00e5r man s\u00e5 kallade skanningsfel. N\u00e4r du som anv\u00e4ndare till exempel s\u00f6ker efter ordet \u201dk\u00e4rlek\u201d s\u00e5 kan det h\u00e4nda att du inte f\u00e5r tr\u00e4ff p\u00e5 alla faktiska f\u00f6rekomster i boken: p\u00e5 grund av ett otydligt tryck kan datorn ha feltolkat bokst\u00e4verna till \u201dk\u00e4rkk\u201d \u2013 eller till n\u00e5got helt annat. <\/p>\n\n\n\n<p>Tekniken har allts\u00e5 sina gr\u00e4nser. Men utvecklingen g\u00e5r snabbt fram\u00e5t, och skanningsfelen blir f\u00f6rhoppningsvis f\u00e4rre med tiden.\u00a0<\/p>\n\n\n\n<div style=\"height:30px\" aria-hidden=\"true\" class=\"wp-block-spacer\"><\/div>\n\n\n\n<h2 class=\"wp-block-heading\"><strong>Nya v\u00e4gar f\u00f6r forskning och allm\u00e4nhet<\/strong><\/h2>\n\n\n\n<div style=\"height:20px\" aria-hidden=\"true\" class=\"wp-block-spacer\"><\/div>\n\n\n\n<p>Projektet\u00a0<em>Nya v\u00e4gar till det f\u00f6rflutna\u00a0<\/em>\u00e4r ett av de st\u00f6rsta massdigitaliseringsprojekt som genomf\u00f6rts i Sverige. Som j\u00e4mf\u00f6relse: innan de nya verken b\u00f6rjade l\u00e4ggas till, hade Litteraturbanken drygt 4.700 verk i samlingarna. N\u00e4r projektet \u00e4r avslutat kommer denna siffra att ha vuxit till \u00f6ver 15.000 verk \u2013 varav merparten kommer att vara s\u00f6kbara. Detta \u00f6ppnar f\u00f6r fantastiska m\u00f6jligheter f\u00f6r s\u00e5v\u00e4l forskare som f\u00f6r den litteratur- och historieintresserade allm\u00e4nheten.<\/p>\n\n\n\n<p>M\u00e5nga verk som publiceras genom projektet \u00e4r i vanliga fall \u201dosynliga\u201d eftersom de inte f\u00f6rekommer i digitaliserade och s\u00f6kbara kataloger. Somliga s\u00e4llsynta verk finns bara i enstaka exemplar i landet \u2013 varf\u00f6r projektet ocks\u00e5 \u00e4r viktigt ur bevarande- och tillg\u00e4nglighetssynpunkt. Viktigt \u00e4r ocks\u00e5 att kataloguppgifter f\u00f6rb\u00e4ttras.\u00a0Katalogerna \u00e4r ju p\u00e5 s\u00e4tt och vis en av de viktigaste nycklarna till kunskapen om v\u00e5rt f\u00f6rflutna.<\/p>\n\n\n\n<p>Gamla v\u00e4lk\u00e4nda p\u00e4rlor dammas av och f\u00e5r nytt liv genom projektet. Men det \u00e4r ocks\u00e5 mycket <em>annat<\/em> som kommer fram, och inte alltid kanske det mest sj\u00e4lvklart \u201dklassiska\u201d och l\u00e4tt igenk\u00e4nnbara. Inte minst utst\u00e4llningsrummet om litter\u00e4ra kalendrar bjuder p\u00e5 tidstypiska litteraturformer \u2013 och det \u00e4r inte alltid som dessa uttryckss\u00e4tt \u00e5ldrats med v\u00e4rdighet. Men en ov\u00e4rderlig bild av kulturlivet vid mitten av 1800-talet, det ger de alldeles oavsett.<\/p>\n\n\n\n<p>Allt digitaliserat material publiceras parallellt i tre kanaler: dels hos\u00a0<a href=\"https:\/\/litteraturbanken.se\/\">Litteraturbanken<\/a>,\u00a0men ocks\u00e5 i databaserna <a href=\"http:\/\/www.alvin-portal.org\/alvin\/\">Alvin<\/a>\u00a0och\u00a0<a href=\"http:\/\/libris.kb.se\/index.jsp\">Libris<\/a>. Samtidigt arbetar vi med ta fram olika forskningsverktyg och utvecklar nya m\u00f6jligheter f\u00f6r att ladda ner material. Det blir mer om det s\u00e5 sm\u00e5ningom.<\/p>\n<\/div>\n\n\n\n<div class=\"wp-block-column is-layout-flow wp-block-column-is-layout-flow\" style=\"flex-basis:35%\">\n<div style=\"height:20px\" aria-hidden=\"true\" class=\"wp-block-spacer\"><\/div>\n\n\n\n<p><a href=\"https:\/\/litteraturbanken.se\/diktensmuseum\/nya-vagar-inledning\/\">INLEDNING<\/a><br><a href=\"https:\/\/litteraturbanken.se\/diktensmuseum\/nv-ur-projektbeskrivningen\/\">OM PROJEKTET<br><\/a><a href=\"https:\/\/litteraturbanken.se\/diktensmuseum\/nv-tema-folkskrifter\/\">FOLKSKRIFTER<\/a><br><a href=\"https:\/\/litteraturbanken.se\/diktensmuseum\/nv-tema-barnlitteratur\/\">BARNLITTERATUR<\/a><br><a href=\"https:\/\/litteraturbanken.se\/diktensmuseum\/nv-kvinnliga-prosaforfattare\/\">KVINNLIGA F\u00d6RFATTARE<\/a><br><a href=\"https:\/\/litteraturbanken.se\/diktensmuseum\/nv-tema-kalendrar\/\">KALENDRAR<br><\/a><a href=\"https:\/\/litteraturbanken.se\/diktensmuseum\/nv-lyssna-till-seklet\/\">LYSSNA<\/a><\/p>\n\n\n\n<div style=\"height:20px\" aria-hidden=\"true\" class=\"wp-block-spacer\"><\/div>\n\n\n\n<div style=\"height:20px\" aria-hidden=\"true\" class=\"wp-block-spacer\"><\/div>\n\n\n\n<div style=\"height:20px\" aria-hidden=\"true\" class=\"wp-block-spacer\"><\/div>\n\n\n\n<figure class=\"wp-block-image size-large\"><a href=\"https:\/\/litteraturbanken.se\/diktensmuseum\/wp-content\/uploads\/2021\/02\/lb_affisch_nyav%C3%A4gar_2.2021_duotone_st%C3%A5ende.jpg\" target=\"_blank\" rel=\"noreferrer noopener\"><img decoding=\"async\" src=\"https:\/\/litteraturbanken.se\/diktensmuseum\/wp-content\/uploads\/2021\/02\/lb_affisch_nyav%C3%A4gar_2.2021_duotone_st%C3%A5ende-740x1024.jpg\" alt=\"\" class=\"wp-image-5836\" loading=\"lazy\"><\/a><\/figure>\n\n\n\n<div style=\"height:40px\" aria-hidden=\"true\" class=\"wp-block-spacer\"><\/div>\n\n\n\n<hr class=\"wp-block-separator has-css-opacity\">\n\n\n\n<h5 class=\"wp-block-heading\">OM UTST\u00c4LLNINGEN<\/h5>\n\n\n\n<p style=\"font-size:11px\"><em>Utst\u00e4llningen \u201dNya v\u00e4gar till det f\u00f6rflutna\u201d producerades f\u00f6r Litteraturbanken under 2021<\/em> av<em> Ljubica Mio\u010devi\u0107. D\u00e4r inget annat anges \u00e4r alla kringtexter skrivna av Ljubica Mio\u010devi\u0107.<\/em><\/p>\n\n\n\n<div style=\"height:20px\" aria-hidden=\"true\" class=\"wp-block-spacer\"><\/div>\n\n\n\n<p style=\"font-size:11px\"><em>Alla verk i v\u00e5ra samlingar som kommit till inom projekten kring massdigitalisering av 1800-talets sk\u00f6nlitteratur kan filtreras fram i Biblioteket <a rel=\"noreferrer noopener\" href=\"https:\/\/litteraturbanken.se\/bibliotek?visa=works&amp;keywords=keyword:1800\" target=\"_blank\">genom att\u00a0v\u00e4lja samlingen \u201dNya v\u00e4gar till 1800-talet\u201d<\/a>.\u00a0<\/em><\/p>\n\n\n\n<div style=\"height:20px\" aria-hidden=\"true\" class=\"wp-block-spacer\"><\/div>\n\n\n\n<p style=\"font-size:11px\"><em><a href=\"https:\/\/litteraturbanken.se\/diktensmuseum\/wp-content\/uploads\/2021\/02\/nv_summary_2021.pdf\" target=\"_blank\" rel=\"noreferrer noopener\" aria-label=\"Read the project summary in English here (\u00f6ppnas i en ny flik)\">Read the project summary in English here<\/a><\/em> <em>(pdf).<\/em><\/p>\n\n\n\n<div style=\"height:20px\" aria-hidden=\"true\" class=\"wp-block-spacer\"><\/div>\n\n\n\n<figure class=\"wp-block-image size-large\"><a href=\"https:\/\/litteraturbanken.se\/diktensmuseum\/wp-content\/uploads\/2021\/02\/SoderbergH_large.jpeg\" target=\"_blank\" rel=\"noreferrer noopener\"><img decoding=\"async\" width=\"929\" height=\"1024\" src=\"https:\/\/litteraturbanken.se\/diktensmuseum\/wp-content\/uploads\/2021\/02\/uub_1-929x1024.jpg\" alt=\"\" class=\"wp-image-5856\" loading=\"lazy\" srcset=\"https:\/\/litteraturbanken.se\/diktensmuseum\/wp-content\/uploads\/2021\/02\/uub_1-929x1024.jpg 929w, https:\/\/litteraturbanken.se\/diktensmuseum\/wp-content\/uploads\/2021\/02\/uub_1-272x300.jpg 272w, https:\/\/litteraturbanken.se\/diktensmuseum\/wp-content\/uploads\/2021\/02\/uub_1-768x847.jpg 768w, https:\/\/litteraturbanken.se\/diktensmuseum\/wp-content\/uploads\/2021\/02\/uub_1-480x529.jpg 480w, https:\/\/litteraturbanken.se\/diktensmuseum\/wp-content\/uploads\/2021\/02\/uub_1.jpg 1200w\" sizes=\"auto, (max-width: 929px) 100vw, 929px\" \/><\/a><figcaption class=\"wp-element-caption\"><em>Bibliotekarien Sofie Kraft vid UUB g\u00e5r igenom framplockade b\u00f6cker och f\u00f6rbereder dem f\u00f6r att skickas till digitalisering.<\/em>\u00a0<em>Fotografi Magnus Hjalmarsson, Uppsala universitetsbibliotek.<\/em><\/figcaption><\/figure>\n\n\n\n<div style=\"height:20px\" aria-hidden=\"true\" class=\"wp-block-spacer\"><\/div>\n<\/div>\n<\/div>\n\n\n\n<div style=\"height:20px\" aria-hidden=\"true\" class=\"wp-block-spacer\"><\/div>\n\n\n\n<div style=\"height:20px\" aria-hidden=\"true\" class=\"wp-block-spacer\"><\/div>\n<\/body>","protected":false},"excerpt":{"rendered":"<p>Nya v\u00e4gar till det f\u00f6rflutna Om ett projekt kring 1800-talets svenska sk\u00f6nlitteratur Sk\u00f6nlitteraturen erbjuder en unik m\u00f6jlighet till att utforska det f\u00f6rg\u00e5ngna. Humanistiska och samh\u00e4llsvetenskapliga forskare, men ocks\u00e5 allm\u00e4nintresserade l\u00e4sare, har mycket att h\u00e4mta i den litteratur som gestaltar det [&hellip;]<\/p>\n","protected":false},"author":1,"featured_media":5846,"parent":0,"menu_order":1,"comment_status":"closed","ping_status":"closed","template":"","meta":{"footnotes":""},"class_list":["post-5982","page","type-page","status-publish","has-post-thumbnail","hentry"],"_links":{"self":[{"href":"https:\/\/litteraturbanken.se\/diktensmuseum\/wp-json\/wp\/v2\/pages\/5982","targetHints":{"allow":["GET"]}}],"collection":[{"href":"https:\/\/litteraturbanken.se\/diktensmuseum\/wp-json\/wp\/v2\/pages"}],"about":[{"href":"https:\/\/litteraturbanken.se\/diktensmuseum\/wp-json\/wp\/v2\/types\/page"}],"author":[{"embeddable":true,"href":"https:\/\/litteraturbanken.se\/diktensmuseum\/wp-json\/wp\/v2\/users\/1"}],"replies":[{"embeddable":true,"href":"https:\/\/litteraturbanken.se\/diktensmuseum\/wp-json\/wp\/v2\/comments?post=5982"}],"version-history":[{"count":5,"href":"https:\/\/litteraturbanken.se\/diktensmuseum\/wp-json\/wp\/v2\/pages\/5982\/revisions"}],"predecessor-version":[{"id":16161,"href":"https:\/\/litteraturbanken.se\/diktensmuseum\/wp-json\/wp\/v2\/pages\/5982\/revisions\/16161"}],"wp:featuredmedia":[{"embeddable":true,"href":"https:\/\/litteraturbanken.se\/diktensmuseum\/wp-json\/wp\/v2\/media\/5846"}],"wp:attachment":[{"href":"https:\/\/litteraturbanken.se\/diktensmuseum\/wp-json\/wp\/v2\/media?parent=5982"}],"curies":[{"name":"wp","href":"https:\/\/api.w.org\/{rel}","templated":true}]}}