{"id":6095,"date":"2021-03-05T10:33:19","date_gmt":"2021-03-05T09:33:19","guid":{"rendered":"https:\/\/litteraturbanken.se\/diktensmuseum\/?page_id=6095"},"modified":"2021-03-12T16:49:56","modified_gmt":"2021-03-12T15:49:56","slug":"taube-inledning","status":"publish","type":"page","link":"https:\/\/litteraturbanken.se\/diktensmuseum\/taube-inledning\/","title":{"rendered":"Taube: vallfartens diktare"},"content":{"rendered":"<body>\n<div class=\"wp-block-columns is-layout-flex wp-container-core-columns-is-layout-9d6595d7 wp-block-columns-is-layout-flex\">\n<div class=\"wp-block-column is-layout-flow wp-block-column-is-layout-flow\" style=\"flex-basis:65%\">\n<h1 class=\"has-vivid-red-color has-text-color wp-block-heading\">Taube<\/h1>\n\n\n\n<h3 class=\"has-vivid-red-color has-text-color wp-block-heading\">VALLFARTENS DIKTARE<\/h3>\n\n\n\n<div style=\"height:20px\" aria-hidden=\"true\" class=\"wp-block-spacer\"><\/div>\n\n\n\n<h4 class=\"wp-block-heading\">En utst\u00e4llning om Evert Taubes <br>arbete med <em>Vallfart till Trubadurien och Toscana<\/em><br>&amp; radioprogrammen 1956\u20131957<\/h4>\n\n\n\n<div style=\"height:35px\" aria-hidden=\"true\" class=\"wp-block-spacer\"><\/div>\n\n\n\n<div style=\"height:40px\" aria-hidden=\"true\" class=\"wp-block-spacer\"><\/div>\n\n\n\n<div style=\"height:20px\" aria-hidden=\"true\" class=\"wp-block-spacer\"><\/div>\n\n\n\n<h2 class=\"wp-block-heading\">En introduktion.<\/h2>\n\n\n\n<div style=\"height:20px\" aria-hidden=\"true\" class=\"wp-block-spacer\"><\/div>\n\n\n\n<p><a href=\"https:\/\/litteraturbanken.se\/f%C3%B6rfattare\/TaubeE\" target=\"_blank\" rel=\"noreferrer noopener\" aria-label=\" (\u00f6ppnas i en ny flik)\">Evert Taube<\/a>\u00a0(1890\u20131976) var en man med m\u00e5nga ansikten. M\u00e5nga k\u00e4nner till upphovsmannen bakom visorna om Fritiof Andersson och R\u00f6nnerdahl, Vingasonen och sj\u00f6fararen likas\u00e5. Sannolikt \u00e4r en och annan \u00e4ven f\u00f6rtrogen med bildkonstn\u00e4ren och pj\u00e4sf\u00f6rfattaren Taube.<\/p>\n\n\n\n<p>Men den\u00a0<em>vittre<\/em>\u00a0Taube talas det t\u00e4mligen s\u00e4llan om i historieb\u00f6ckerna. Och det \u00e4r just denna gestalt vi ska bekanta oss med i utst\u00e4llningen \u2013 n\u00e4rmare best\u00e4mt den vittre Taube som under 1950-talet \u00f6verraskade svenska folket med en r\u00e4cka radioprogram om den medeltida trubadurlyriken.<\/p>\n\n\n\n<div style=\"height:20px\" aria-hidden=\"true\" class=\"wp-block-spacer\"><\/div>\n\n\n\n<figure class=\"wp-block-image\"><img decoding=\"async\" width=\"728\" height=\"1024\" src=\"https:\/\/litteraturbanken.se\/diktensmuseum\/wp-content\/uploads\/2021\/03\/IMG_2539-728x1024.jpg\" alt=\"\" class=\"wp-image-6290\" loading=\"lazy\" srcset=\"https:\/\/litteraturbanken.se\/diktensmuseum\/wp-content\/uploads\/2021\/03\/IMG_2539-728x1024.jpg 728w, https:\/\/litteraturbanken.se\/diktensmuseum\/wp-content\/uploads\/2021\/03\/IMG_2539-213x300.jpg 213w, https:\/\/litteraturbanken.se\/diktensmuseum\/wp-content\/uploads\/2021\/03\/IMG_2539-768x1081.jpg 768w, https:\/\/litteraturbanken.se\/diktensmuseum\/wp-content\/uploads\/2021\/03\/IMG_2539-1091x1536.jpg 1091w, https:\/\/litteraturbanken.se\/diktensmuseum\/wp-content\/uploads\/2021\/03\/IMG_2539-480x676.jpg 480w, https:\/\/litteraturbanken.se\/diktensmuseum\/wp-content\/uploads\/2021\/03\/IMG_2539.jpg 1200w\" sizes=\"auto, (max-width: 728px) 100vw, 728px\" \/><figcaption><em>Evert Taube (1956). Fotografier inf\u00f6r presskortet till tidningen Vi. Fotografierna \u00e5terfinns i samlingen vid G\u00f6teborgs universitetsbibliotek.<\/em><\/figcaption><\/figure>\n\n\n\n<div style=\"height:30px\" aria-hidden=\"true\" class=\"wp-block-spacer\"><\/div>\n\n\n\n<p>Ur Sveriges Radios arkiv har vi n\u00e4mligen gr\u00e4vt fram de \u00e5tta radioprogram som s\u00e4ndes p\u00e5 fredagar under b\u00e4sta s\u00e4ndningstid, med programtitlarna\u00a0<a href=\"https:\/\/litteraturbanken.se\/diktensmuseum\/taube-sasong-1-avsnitt-1\/\">\u201dEvert Taube i Trubadurien\u201d<\/a>\u00a0(1956) och\u00a0<a href=\"https:\/\/litteraturbanken.se\/diktensmuseum\/taube-sasong-2-avsnitt-1\/\">\u201dEvert Taube p\u00e5 nya str\u00f6vt\u00e5g i Trubadurien\u201d<\/a> (1957). Nu publicerar vi allts\u00e5 helheten h\u00e4r p\u00e5 Diktens museum, ihop med ett par kortare texter och\u00a0<a href=\"https:\/\/litteraturbanken.se\/diktensmuseum\/anthin-del-1\/\">en l\u00e4ngre ess\u00e4<\/a>\u00a0av Taubeforskaren David Anthin.\u00a0<\/p>\n\n\n\n<div class=\"wp-playlist wp-audio-playlist wp-playlist-light\">\n\t\t\t<div class=\"wp-playlist-current-item\"><\/div>\n\t\t<audio controls=\"controls\" preload=\"none\" width=\"618\"\n\t\t\t><\/audio>\n\t<div class=\"wp-playlist-next\"><\/div>\n\t<div class=\"wp-playlist-prev\"><\/div>\n\t<noscript>\n\t<ol>\n\t\t<li><a href='https:\/\/litteraturbanken.se\/diktensmuseum\/wp-content\/uploads\/2021\/03\/taube_teaser_taube.mp3'>Taube i Trubadurien \u2013 ett smakprov<\/a><\/li>\t<\/ol>\n\t<\/noscript>\n\t<script type=\"application\/json\" class=\"wp-playlist-script\">{\"type\":\"audio\",\"tracklist\":true,\"tracknumbers\":true,\"images\":true,\"artists\":true,\"tracks\":[{\"src\":\"https:\/\/litteraturbanken.se\/diktensmuseum\/wp-content\/uploads\/2021\/03\/taube_teaser_taube.mp3\",\"type\":\"audio\/mpeg\",\"title\":\"Taube i Trubadurien \\u2013 ett smakprov\",\"caption\":\"\",\"description\":\"\\\"taube_teaser_taube\\\".\",\"meta\":{\"artist\":\"Evert Taube i Trubadurien (1957)\",\"album\":\"Evert Taube\",\"length_formatted\":\"2:17\"},\"image\":{\"src\":\"https:\/\/litteraturbanken.se\/diktensmuseum\/wp-content\/uploads\/2021\/03\/lb_affisch_taube_2.202_st\\u00e5ende_\\u00f6vertoning_lila.jpg\",\"width\":1200,\"height\":1697},\"thumb\":{\"src\":\"https:\/\/litteraturbanken.se\/diktensmuseum\/wp-content\/uploads\/2021\/03\/lb_affisch_taube_2.202_st\\u00e5ende_\\u00f6vertoning_lila-150x150.jpg\",\"width\":150,\"height\":150}}]}<\/script>\n<\/div>\n\t\n\n\n\n<p class=\"has-small-font-size\"><em>Inledningen till ett av Taubes radioprogram som aldrig s\u00e4ndes \u2013 lyssna p\u00e5\u00a0<\/em><a href=\"https:\/\/litteraturbanken.se\/diktensmuseum\/taube-sasong-1-avsnitt-2\/\"><em>hela avsnittet h\u00e4r<\/em><\/a><em>. Inspelningen \u00e5terges med tillst\u00e5nd fr\u00e5n Sveriges Radio och r\u00e4ttighetshavarna.\u00a0<\/em><\/p>\n\n\n\n<div style=\"height:20px\" aria-hidden=\"true\" class=\"wp-block-spacer\"><\/div>\n\n\n\n<figure class=\"wp-block-image size-large\"><a href=\"https:\/\/litteraturbanken.se\/diktensmuseum\/wp-content\/uploads\/2021\/03\/taube_%C3%B6rebrol%C3%A4nsmuseum.jpg\" target=\"_blank\" rel=\"noreferrer noopener\"><img decoding=\"async\" src=\"https:\/\/litteraturbanken.se\/diktensmuseum\/wp-content\/uploads\/2021\/03\/taube_%C3%B6rebrol%C3%A4nsmuseum.jpg\" alt=\"\" class=\"wp-image-6225\" loading=\"lazy\"><\/a><figcaption><em>Evert Taube, den 25 februari 1955. Fotografiet har vi l\u00e5nat fr\u00e5n <a rel=\"noreferrer noopener\" aria-label=\"\u00d6rebro l\u00e4ns museum (\u00f6ppnas i en ny flik)\" href=\"https:\/\/digitaltmuseum.se\/021016197702\/evert-taube-25-februari-1955\" target=\"_blank\">\u00d6rebro l\u00e4ns museum<\/a>.<\/em><\/figcaption><\/figure>\n\n\n\n<div style=\"height:30px\" aria-hidden=\"true\" class=\"wp-block-spacer\"><\/div>\n\n\n\n<p>Men f\u00f6rst en kort introduktion av det sammanhang som radioserien uppstod ur. Redan under 1920-talets resor i Sydeuropa introducerades Taube\u00a0p\u00e5 allvar\u00a0f\u00f6r medeltida poeter som Arnaut Dani\u00e8l (1180\u20131200) och Dante Alighieri (1265\u20131321), och h\u00e4nf\u00f6rd av dessa kom han mer och mer att betrakta sig som <em>trubadur,<\/em>\u00a0och ej blott som kabar\u00e9s\u00e5ngare eller visdiktare. De h\u00f6viska idealen, som \u00e4r k\u00e4nnetecknande f\u00f6r de medeltida trubadurernas konst, blev alltmer avg\u00f6rande f\u00f6r\u00a0<a href=\"https:\/\/litteraturbanken.se\/f%C3%B6rfattare\/TaubeE\/titlar\" target=\"_blank\" rel=\"noreferrer noopener\" aria-label=\" (\u00f6ppnas i en ny flik)\">hans egen diktning<\/a>.<\/p>\n\n\n\n<div style=\"height:20px\" aria-hidden=\"true\" class=\"wp-block-spacer\"><\/div>\n\n\n\n<figure class=\"wp-block-image size-large\"><a href=\"https:\/\/litteraturbanken.se\/diktensmuseum\/wp-content\/uploads\/2021\/03\/taube_gub_3.jpg\" target=\"_blank\" rel=\"noreferrer noopener\"><img decoding=\"async\" width=\"1024\" height=\"764\" src=\"https:\/\/litteraturbanken.se\/diktensmuseum\/wp-content\/uploads\/2021\/03\/taube_gub_3-1024x764.jpg\" alt=\"\" class=\"wp-image-6442\" loading=\"lazy\" srcset=\"https:\/\/litteraturbanken.se\/diktensmuseum\/wp-content\/uploads\/2021\/03\/taube_gub_3-1024x764.jpg 1024w, https:\/\/litteraturbanken.se\/diktensmuseum\/wp-content\/uploads\/2021\/03\/taube_gub_3-300x224.jpg 300w, https:\/\/litteraturbanken.se\/diktensmuseum\/wp-content\/uploads\/2021\/03\/taube_gub_3-768x573.jpg 768w, https:\/\/litteraturbanken.se\/diktensmuseum\/wp-content\/uploads\/2021\/03\/taube_gub_3-480x358.jpg 480w, https:\/\/litteraturbanken.se\/diktensmuseum\/wp-content\/uploads\/2021\/03\/taube_gub_3.jpg 1200w\" sizes=\"auto, (max-width: 1024px) 100vw, 1024px\" \/><\/a><figcaption><em>Evert Taube (1920). Fotografiet, av en ok\u00e4nd fotograf, \u00e5terfinns i samlingen vid G\u00f6teborgs universitetsbibliotek.<\/em><\/figcaption><\/figure>\n\n\n\n<div style=\"height:30px\" aria-hidden=\"true\" class=\"wp-block-spacer\"><\/div>\n\n\n\n<p>N\u00e4r Taube l\u00e5ngt senare p\u00e5 1950-talet tillfr\u00e5gades om att f\u00f6rfatta en artikelserie om de medeltida trubadurerna f\u00f6r tidningen\u00a0<em>Vi\u00a0<\/em>blev svaret ett entusiastiskt ja! Taube vallf\u00e4rdade omedelbart ner till\u00a0<em>k\u00e4llorna<\/em>, det vill s\u00e4ga Provence, Pyren\u00e9erna, Katalonien med omnejd, f\u00f6r att s\u00f6ka r\u00e4tt p\u00e5 trubadurtraditionens r\u00f6tter. Det \u00e4r allts\u00e5 dessa landomr\u00e5den som omfattas av det uppdiktade namnet\u00a0<em>Trubadurien.\u00a0<\/em>Resan resulterade i nitton m\u00e4rkv\u00e4rdiga artiklar som befinner sig i gr\u00e4nslanden mellan reseskildring, historisk redog\u00f6relse och fantasieggande fiktion.\u00a0<\/p>\n\n\n\n<p>1957 redigerades artiklarna till en vacker bok:\u00a0<a href=\"https:\/\/litteraturbanken.se\/f%C3%B6rfattare\/TaubeE\/titlar\/Vallfart\/sida\/5\/etext\" target=\"_blank\" rel=\"noreferrer noopener\" aria-label=\" (\u00f6ppnas i en ny flik)\"><em>Vallfart till Trubadurien och Toscana<\/em><\/a><em>.<\/em>\u00a0Den har i efterhand kallats Taubes mest l\u00e4rda verk. Och det var allts\u00e5 strax h\u00e4rf\u00f6rinnan radioserien blev till. I samarbete med radioproducenten Bertil Perrolf (1917\u20132004), och kapellm\u00e4stare Gunnar Hahn (1908\u20132001), tillsammans med en \u201dmedeltida balladkvintett\u201d, spelades programmen in under ett par dagar i S\u00f6dra Teatern p\u00e5 Mosebacke torg. Radioavsnitten baserades, liksom boken, p\u00e5 de nitton artiklarna i\u00a0<em>Vi.<\/em><\/p>\n\n\n\n<div style=\"height:20px\" aria-hidden=\"true\" class=\"wp-block-spacer\"><\/div>\n\n\n\n<figure class=\"wp-block-image size-large\"><a href=\"https:\/\/litteraturbanken.se\/diktensmuseum\/wp-content\/uploads\/2021\/03\/lb78374_5_0005.jpg\" target=\"_blank\" rel=\"noreferrer noopener\"><img decoding=\"async\" width=\"616\" height=\"1024\" src=\"https:\/\/litteraturbanken.se\/diktensmuseum\/wp-content\/uploads\/2021\/03\/lb78374_5_0005-616x1024.jpg\" alt=\"\" class=\"wp-image-6447\" loading=\"lazy\" srcset=\"https:\/\/litteraturbanken.se\/diktensmuseum\/wp-content\/uploads\/2021\/03\/lb78374_5_0005-616x1024.jpg 616w, https:\/\/litteraturbanken.se\/diktensmuseum\/wp-content\/uploads\/2021\/03\/lb78374_5_0005-180x300.jpg 180w, https:\/\/litteraturbanken.se\/diktensmuseum\/wp-content\/uploads\/2021\/03\/lb78374_5_0005-768x1277.jpg 768w, https:\/\/litteraturbanken.se\/diktensmuseum\/wp-content\/uploads\/2021\/03\/lb78374_5_0005-923x1536.jpg 923w, https:\/\/litteraturbanken.se\/diktensmuseum\/wp-content\/uploads\/2021\/03\/lb78374_5_0005-480x798.jpg 480w, https:\/\/litteraturbanken.se\/diktensmuseum\/wp-content\/uploads\/2021\/03\/lb78374_5_0005.jpg 1200w\" sizes=\"auto, (max-width: 616px) 100vw, 616px\" \/><\/a><figcaption><em>Omslaget till Vallfart till Trubadurien och Toscana (1957).<\/em><\/figcaption><\/figure>\n\n\n\n<div style=\"height:30px\" aria-hidden=\"true\" class=\"wp-block-spacer\"><\/div>\n\n\n\n<p>Att bildning b\u00f6r kombineras med underh\u00e5llning var en grundprincip f\u00f6r Taube, och den g\u00e4llde \u00e4ven h\u00e4r. Det faktum att radioprogrammen gick p\u00e5 djupet av den medeltida poesin f\u00f6rhindrade inte n\u00e4rheten till skrattet. Att Taube inflikade egna visor och s\u00e5nger skadade inte heller. Och alltsamman, \u00e4ven prosastycken, \u00e4r varsamt tonsatt och ackompanjerat av Hahn och kompani.<\/p>\n\n\n\n<div style=\"height:20px\" aria-hidden=\"true\" class=\"wp-block-spacer\"><\/div>\n\n\n\n<figure class=\"wp-block-image size-large\"><a href=\"https:\/\/litteraturbanken.se\/diktensmuseum\/wp-content\/uploads\/2021\/03\/taube_gub_4.jpg\" target=\"_blank\" rel=\"noreferrer noopener\"><img decoding=\"async\" width=\"1024\" height=\"774\" src=\"https:\/\/litteraturbanken.se\/diktensmuseum\/wp-content\/uploads\/2021\/03\/taube_gub_4-1024x774.jpg\" alt=\"\" class=\"wp-image-6444\" loading=\"lazy\" srcset=\"https:\/\/litteraturbanken.se\/diktensmuseum\/wp-content\/uploads\/2021\/03\/taube_gub_4-1024x774.jpg 1024w, https:\/\/litteraturbanken.se\/diktensmuseum\/wp-content\/uploads\/2021\/03\/taube_gub_4-300x227.jpg 300w, https:\/\/litteraturbanken.se\/diktensmuseum\/wp-content\/uploads\/2021\/03\/taube_gub_4-768x580.jpg 768w, https:\/\/litteraturbanken.se\/diktensmuseum\/wp-content\/uploads\/2021\/03\/taube_gub_4-480x363.jpg 480w, https:\/\/litteraturbanken.se\/diktensmuseum\/wp-content\/uploads\/2021\/03\/taube_gub_4.jpg 1200w\" sizes=\"auto, (max-width: 1024px) 100vw, 1024px\" \/><\/a><figcaption><em>Evert Taube (1956). Fotografiet, av en ok\u00e4nd fotograf, \u00e5terfinns i samlingen vid G\u00f6teborgs universitetsbibliotek.<\/em><\/figcaption><\/figure>\n\n\n\n<div style=\"height:30px\" aria-hidden=\"true\" class=\"wp-block-spacer\"><\/div>\n\n\n\n<p>F\u00f6r den svenska allm\u00e4nheten presenterade allts\u00e5 Taube medeltida trubadurer som Peire Vidal (ca 1175\u20131229), Vilhelm IX av Akvitanien (1071\u20131127) och Bernard de Ventadorn (ca 1135\u20131194), men \u00e4ven en del av tidens kvinnliga s\u00e5 kallade trobairitzer, s\u00e5som Beatritz de Dia (ca 1140\u20131175). Av den vittre Taube \u00e4r det kanske \u00f6vers\u00e4ttningarna av dessa poeter som f\u00f6rvaltats b\u00e4st. Taube \u00f6versatte n\u00e4mligen obehindrat fr\u00e5n occitanska, franska, spanska, katalanska, italienska \u2013 listan kan g\u00f6ras l\u00e5ng. Radioprogrammen med dess talrika uppl\u00e4sningar talar synnerligen f\u00f6r den saken.<\/p>\n\n\n\n<p><a href=\"https:\/\/litteraturbanken.se\/f%C3%B6rfattare\/TaubeE\" target=\"_blank\" rel=\"noreferrer noopener\" aria-label=\" (\u00f6ppnas i en ny flik)\">EVERT TAUBE HOS LITTERATURBANKEN<\/a><br><a href=\"https:\/\/litteraturbanken.se\/f%C3%B6rfattare\/TaubeE\/titlar\/Vallfart\/sida\/5\/etext\" target=\"_blank\" rel=\"noreferrer noopener\" aria-label=\" (\u00f6ppnas i en ny flik)\"><em>VALLFART TILL TRUBADURIEN OCH TOSCANA\u00a0<\/em>(1957)<\/a><br><a href=\"https:\/\/litteraturbanken.se\/f%C3%B6rfattare\/AnthinD\/titlar\/EvertTaubesScener\/sida\/1\/faksimil\" target=\"_blank\" rel=\"noreferrer noopener\" aria-label=\" (\u00f6ppnas i en ny flik)\">DAVID ANTHIN:\u00a0<em>EVERT TAUBES SCENER\u00a0<\/em>(2007)<\/a><\/p>\n\n\n\n<p>Nog talat. Det \u00e4r h\u00f6g tid <a href=\"https:\/\/litteraturbanken.se\/diktensmuseum\/taube-sasong-1-avsnitt-1\/\">att lyssna<\/a>, att l\u00e5ta Taubes r\u00f6st tala f\u00f6r sig sj\u00e4lv, och h\u00f6ra hur den str\u00e4cker sig \u00f6ver decennierna. \u201dDet \u00e4r minsann v\u00e4rt en vallfart, det vill jag lova\u201d \u2013 f\u00f6r att l\u00e5na Taubes egna ord.<\/p>\n\n\n\n<h5 class=\"has-text-align-right wp-block-heading\">MARTIN JOVIKEN<\/h5>\n\n\n\n<p style=\"font-size:12px\" class=\"has-text-align-right\">Litteraturbanken<\/p>\n<\/div>\n\n\n\n<div class=\"wp-block-column is-layout-flow wp-block-column-is-layout-flow\" style=\"flex-basis:35%\">\n<div style=\"height:20px\" aria-hidden=\"true\" class=\"wp-block-spacer\"><\/div>\n\n\n\n<p><a href=\"https:\/\/litteraturbanken.se\/diktensmuseum\/taube-inledning\/\">EN INTRODUKTION<\/a><br><br>RADIO: S\u00c4SONG 1<br><a href=\"https:\/\/litteraturbanken.se\/diktensmuseum\/taube-sasong-1-avsnitt-1\/\">AVSNITT ETT<\/a><br><a href=\"https:\/\/litteraturbanken.se\/diktensmuseum\/taube-sasong-1-avsnitt-2\/\">AVSNITT TV\u00c5<\/a><br><a href=\"https:\/\/litteraturbanken.se\/diktensmuseum\/taube-sasong-1-avsnitt-3\/\">AVSNITT TRE<\/a><br><a href=\"https:\/\/litteraturbanken.se\/diktensmuseum\/taube-sasong-1-avsnitt-4\/\">AVSNITT FYRA<\/a><br><br>RADIO: S\u00c4SONG 2<br><a href=\"https:\/\/litteraturbanken.se\/diktensmuseum\/taube-sasong-2-avsnitt-1\/\">AVSNITT ETT<\/a><br><a href=\"https:\/\/litteraturbanken.se\/diktensmuseum\/taube-sasong-2-avsnitt-2\/\">AVSNITT TV\u00c5<\/a><br><a href=\"https:\/\/litteraturbanken.se\/diktensmuseum\/taube-sasong-2-avsnitt-3\/\">AVSNITT TRE<\/a><br><a href=\"https:\/\/litteraturbanken.se\/diktensmuseum\/taube-sasong-2-avsnitt-4\/\">AVSNITT FYRA<\/a><br><br><a href=\"https:\/\/litteraturbanken.se\/diktensmuseum\/taube-bortklippt\/\">BORTKLIPPT<\/a><\/p>\n\n\n\n<p>DAVID ANTHIN:<br>EVERT TAUBE I TRUBADURIEN<br><a href=\"https:\/\/litteraturbanken.se\/diktensmuseum\/anthin-del-1\/\">1. INLEDNING<\/a><br><a href=\"https:\/\/litteraturbanken.se\/diktensmuseum\/anthin-del-2\/\">2. DAMEN I SVART MED VIOLER<\/a><br><a href=\"https:\/\/litteraturbanken.se\/diktensmuseum\/anthin-del-3\/\">3. EN VALLFART I FLERA MEDIER<\/a><br><a href=\"https:\/\/litteraturbanken.se\/diktensmuseum\/anthin-del-4\/\">4. VALLFARTENS EVIGA V\u00c4RDE<\/a><\/p>\n\n\n\n<div style=\"height:20px\" aria-hidden=\"true\" class=\"wp-block-spacer\"><\/div>\n\n\n\n<div style=\"height:20px\" aria-hidden=\"true\" class=\"wp-block-spacer\"><\/div>\n\n\n\n<div style=\"height:20px\" aria-hidden=\"true\" class=\"wp-block-spacer\"><\/div>\n\n\n\n<figure class=\"wp-block-image size-large\"><a href=\"https:\/\/litteraturbanken.se\/diktensmuseum\/wp-content\/uploads\/2021\/03\/lb_affisch_taube_2.202_st%C3%A5ende_%C3%B6t_ljusr%C3%B6d.jpg\" target=\"_blank\" rel=\"noreferrer noopener\"><img decoding=\"async\" src=\"https:\/\/litteraturbanken.se\/diktensmuseum\/wp-content\/uploads\/2021\/03\/lb_affisch_taube_2.202_st%C3%A5ende_%C3%B6t_ljusr%C3%B6d-724x1024.jpg\" alt=\"\" class=\"wp-image-6455\" loading=\"lazy\"><\/a><\/figure>\n\n\n\n<div style=\"height:40px\" aria-hidden=\"true\" class=\"wp-block-spacer\"><\/div>\n\n\n\n<hr class=\"wp-block-separator\">\n\n\n\n<h5 class=\"wp-block-heading\">OM UTST\u00c4LLNINGEN<\/h5>\n\n\n\n<p style=\"font-size:11px\"><em>Utst\u00e4llningen \u201dTaube: vallfartens diktare\u201d producerades f\u00f6r Litteraturbanken under februari &amp; mars 2021 av Martin Joviken. D\u00e4r inget annat anges \u00e4r alla texter skrivna av Martin Joviken. \u201dEvert Taube i Trubadurien\u201d \u00e4r skriven av David Anthin.<\/em><\/p>\n\n\n\n<div style=\"height:20px\" aria-hidden=\"true\" class=\"wp-block-spacer\"><\/div>\n\n\n\n<p style=\"font-size:11px\"><em>Radioprogrammen \u00e5terges med tillst\u00e5nd fr\u00e5n r\u00e4ttighetshavaren och Sveriges Radio.<\/em><\/p>\n\n\n\n<div style=\"height:20px\" aria-hidden=\"true\" class=\"wp-block-spacer\"><\/div>\n\n\n\n<p style=\"font-size:11px\"><em><a href=\"https:\/\/litteraturbanken.se\/txt\/epub\/TaubeE_Vallfart.epub\">Ladda ner Evert Taubes bok Vallfart till Trubadurien och Toscana (1957) till din l\u00e4splatta.<\/a><\/em><\/p>\n\n\n\n<div style=\"height:40px\" aria-hidden=\"true\" class=\"wp-block-spacer\"><\/div>\n\n\n\n<p style=\"font-size:11px\"><em>L\u00e4s g\u00e4rna mer i Pia Schmidt de Graafs och Lennart Starks utst\u00e4llning <a rel=\"noreferrer noopener\" aria-label=\"\u201dEvert Taube och den provensalska trubadurlyriken\u201d (\u00f6ppnas i en ny flik)\" href=\"http:\/\/www2.ub.gu.se\/samlingar\/handskrift\/taube_provence\/\" target=\"_blank\">\u201dEvert Taube och den provensalska trubadurlyriken\u201d<\/a> p\u00e5 G\u00f6teborgs universitetsbiblioteks hemsida. D\u00e4r kan du ocks\u00e5 se <a rel=\"noreferrer noopener\" aria-label=\"en del av de manuskript (\u00f6ppnas i en ny flik)\" href=\"http:\/\/www2.ub.gu.se\/samlingar\/handskrift\/taube_provence\/vallfart\/\" target=\"_blank\">en del av de manuskript<\/a> som ligger till grund f\u00f6r Taubes arbeten.<\/em><\/p>\n<\/div>\n<\/div>\n\n\n\n<div style=\"height:20px\" aria-hidden=\"true\" class=\"wp-block-spacer\"><\/div>\n\n\n\n<div style=\"height:20px\" aria-hidden=\"true\" class=\"wp-block-spacer\"><\/div>\n<\/body>","protected":false},"excerpt":{"rendered":"<p>Taube VALLFARTENS DIKTARE En utst\u00e4llning om Evert Taubes arbete med Vallfart till Trubadurien och Toscana&amp; radioprogrammen 1956\u20131957 En introduktion. Evert Taube\u00a0(1890\u20131976) var en man med m\u00e5nga ansikten. M\u00e5nga k\u00e4nner till upphovsmannen bakom visorna om Fritiof Andersson och R\u00f6nnerdahl, Vingasonen och [&hellip;]<\/p>\n","protected":false},"author":1,"featured_media":6455,"parent":0,"menu_order":1,"comment_status":"closed","ping_status":"closed","template":"","meta":{"footnotes":""},"class_list":["post-6095","page","type-page","status-publish","has-post-thumbnail","hentry"],"_links":{"self":[{"href":"https:\/\/litteraturbanken.se\/diktensmuseum\/wp-json\/wp\/v2\/pages\/6095","targetHints":{"allow":["GET"]}}],"collection":[{"href":"https:\/\/litteraturbanken.se\/diktensmuseum\/wp-json\/wp\/v2\/pages"}],"about":[{"href":"https:\/\/litteraturbanken.se\/diktensmuseum\/wp-json\/wp\/v2\/types\/page"}],"author":[{"embeddable":true,"href":"https:\/\/litteraturbanken.se\/diktensmuseum\/wp-json\/wp\/v2\/users\/1"}],"replies":[{"embeddable":true,"href":"https:\/\/litteraturbanken.se\/diktensmuseum\/wp-json\/wp\/v2\/comments?post=6095"}],"version-history":[{"count":64,"href":"https:\/\/litteraturbanken.se\/diktensmuseum\/wp-json\/wp\/v2\/pages\/6095\/revisions"}],"predecessor-version":[{"id":6678,"href":"https:\/\/litteraturbanken.se\/diktensmuseum\/wp-json\/wp\/v2\/pages\/6095\/revisions\/6678"}],"wp:featuredmedia":[{"embeddable":true,"href":"https:\/\/litteraturbanken.se\/diktensmuseum\/wp-json\/wp\/v2\/media\/6455"}],"wp:attachment":[{"href":"https:\/\/litteraturbanken.se\/diktensmuseum\/wp-json\/wp\/v2\/media?parent=6095"}],"curies":[{"name":"wp","href":"https:\/\/api.w.org\/{rel}","templated":true}]}}