{"id":6145,"date":"2021-03-05T10:34:43","date_gmt":"2021-03-05T09:34:43","guid":{"rendered":"https:\/\/litteraturbanken.se\/diktensmuseum\/?page_id=6145"},"modified":"2021-03-11T16:38:30","modified_gmt":"2021-03-11T15:38:30","slug":"anthin-del-2","status":"publish","type":"page","link":"https:\/\/litteraturbanken.se\/diktensmuseum\/anthin-del-2\/","title":{"rendered":"Anthin om Taube: del 2"},"content":{"rendered":"<body>\n<div class=\"wp-block-columns is-layout-flex wp-container-core-columns-is-layout-9d6595d7 wp-block-columns-is-layout-flex\">\n<div class=\"wp-block-column is-layout-flow wp-block-column-is-layout-flow\" style=\"flex-basis:65%\">\n<h1 class=\"has-vivid-red-color has-text-color wp-block-heading\">Taube<\/h1>\n\n\n\n<h3 class=\"has-vivid-red-color has-text-color wp-block-heading\">VALLFARTENS DIKTARE<\/h3>\n\n\n\n<div style=\"height:20px\" aria-hidden=\"true\" class=\"wp-block-spacer\"><\/div>\n\n\n\n<h3 class=\"wp-block-heading\">Evert Taube i Trubadurien<\/h3>\n\n\n\n<h4 class=\"wp-block-heading\">En ess\u00e4 av David Anthin<\/h4>\n\n\n\n<div style=\"height:35px\" aria-hidden=\"true\" class=\"wp-block-spacer\"><\/div>\n\n\n\n<div style=\"height:40px\" aria-hidden=\"true\" class=\"wp-block-spacer\"><\/div>\n\n\n\n<div style=\"height:20px\" aria-hidden=\"true\" class=\"wp-block-spacer\"><\/div>\n\n\n\n<h2 class=\"wp-block-heading\">2. Damen i svart med violer.<\/h2>\n\n\n\n<div style=\"height:20px\" aria-hidden=\"true\" class=\"wp-block-spacer\"><\/div>\n\n\n\n<p>Evert Taubes intresse f\u00f6r den provensalska trubadurlyriken finns dokumenterat fr\u00e5n mitten av 1940-talet. Anledningen till detta var ett m\u00f6te med en alldeles best\u00e4md v\u00e4stsvensk dam: Margot Lithander (1909\u20132002). Taube hade tr\u00e4ffat henne p\u00e5 en bal redan 1929, men det var fr\u00e5n mitten av 1940-talet som bekantskapen dem emellan djupnade till en b\u00e5de v\u00e4nskaps- och arbetsrelation. Margot var fil.mag. i romanska spr\u00e5k och beh\u00e4rskade provensalska (occitanska). \u00c5ren 1945\u201360 blev hon b\u00e5de Taubes magister och hans s\u00e5ngm\u00f6, vilket de 181 breven fr\u00e5n Evert till Margot som finns bevarade i Evert Taubes arkiv vittnar om (fr\u00e5n Margot till Evert finns endast 18 brev bevarade i samma arkiv).\u00a0<\/p>\n\n\n\n<div style=\"height:20px\" aria-hidden=\"true\" class=\"wp-block-spacer\"><\/div>\n\n\n\n<figure class=\"wp-block-image size-large\"><img decoding=\"async\" width=\"900\" height=\"750\" src=\"https:\/\/litteraturbanken.se\/diktensmuseum\/wp-content\/uploads\/2021\/03\/Lithander_reducerad.jpg\" alt=\"\" class=\"wp-image-6217\" loading=\"lazy\" srcset=\"https:\/\/litteraturbanken.se\/diktensmuseum\/wp-content\/uploads\/2021\/03\/Lithander_reducerad.jpg 900w, https:\/\/litteraturbanken.se\/diktensmuseum\/wp-content\/uploads\/2021\/03\/Lithander_reducerad-300x250.jpg 300w, https:\/\/litteraturbanken.se\/diktensmuseum\/wp-content\/uploads\/2021\/03\/Lithander_reducerad-768x640.jpg 768w, https:\/\/litteraturbanken.se\/diktensmuseum\/wp-content\/uploads\/2021\/03\/Lithander_reducerad-480x400.jpg 480w\" sizes=\"auto, (max-width: 900px) 100vw, 900px\" \/><figcaption><em>Margot Lithander.<\/em><\/figcaption><\/figure>\n\n\n\n<div style=\"height:30px\" aria-hidden=\"true\" class=\"wp-block-spacer\"><\/div>\n\n\n\n<p>F\u00f6rsommaren 1945 kom Taube seglande till S\u00e4r\u00f6, s\u00f6der om G\u00f6teborg, och tr\u00e4ffade d\u00e4r Margot. Han blev genast f\u00f6r\u00e4lskad i denna vackra och bildade dam. Detta meddelade han ocks\u00e5 omg\u00e5ende i ett 16 sidor l\u00e5ngt brev \u2013 adresserat till Margots make, Georg Lithander! Den ridderlige Taube ville inte g\u00e5 bakom ryggen p\u00e5 Georg utan f\u00f6reslog ist\u00e4llet en duell med \u201dblanka vapen och \u00f6ppet visir\u201d. N\u00e5gon s\u00e5dan duell \u00e4gde naturligtvis aldrig rum och Taubes f\u00f6rh\u00e5llande till Margot stannade vid djup v\u00e4nskap och \u00f6msesidig respekt.<\/p>\n\n\n\n<p>I september samma \u00e5r m\u00f6tte Taube sin nyfunna s\u00e5ngm\u00f6 p\u00e5 nytt, nu vid en bjudning p\u00e5 Lorensberg i G\u00f6teborg. Trubaduren blev \u00e4nnu en g\u00e5ng helt tagen och skrev samma natt den sm\u00e4ktande visan \u201dDamen i svart med violer\u201d. I vistexten fr\u00e5gar sig poeten\/s\u00e5ngaren (l\u00e4s Taube) f\u00f6ljande d\u00e5 han ser den sk\u00f6na damen i svart (l\u00e4s Margot) sv\u00e4va f\u00f6rbi honom: \u201dViskade jag i ditt \u00e4lskliga \u00f6ra \/ strofer ur sk\u00f6n proven\u00e7alsk poesi?\u201d I verkligheten var f\u00f6rh\u00e5llandet troligen det omv\u00e4nda: det var ju Margot som var den verkliga experten p\u00e5 detta spr\u00e5komr\u00e5de.<\/p>\n\n\n\n<div style=\"height:20px\" aria-hidden=\"true\" class=\"wp-block-spacer\"><\/div>\n\n\n\n<figure class=\"wp-block-image size-large\"><a href=\"https:\/\/litteraturbanken.se\/diktensmuseum\/wp-content\/uploads\/2021\/03\/lb78374_5_0109.jpg\" target=\"_blank\" rel=\"noreferrer noopener\"><img decoding=\"async\" width=\"900\" height=\"985\" src=\"https:\/\/litteraturbanken.se\/diktensmuseum\/wp-content\/uploads\/2021\/03\/lb78374_5_0109.jpg\" alt=\"\" class=\"wp-image-6271\" loading=\"lazy\" srcset=\"https:\/\/litteraturbanken.se\/diktensmuseum\/wp-content\/uploads\/2021\/03\/lb78374_5_0109.jpg 900w, https:\/\/litteraturbanken.se\/diktensmuseum\/wp-content\/uploads\/2021\/03\/lb78374_5_0109-274x300.jpg 274w, https:\/\/litteraturbanken.se\/diktensmuseum\/wp-content\/uploads\/2021\/03\/lb78374_5_0109-768x841.jpg 768w, https:\/\/litteraturbanken.se\/diktensmuseum\/wp-content\/uploads\/2021\/03\/lb78374_5_0109-480x525.jpg 480w\" sizes=\"auto, (max-width: 900px) 100vw, 900px\" \/><\/a><figcaption><em>Fr\u00e5n Vallfart till Trubadurien och Toscana (1957). Bokens illustrationer utf\u00f6rdes av Ulla Sundin-Wickman.<\/em><\/figcaption><\/figure>\n\n\n\n<div style=\"height:30px\" aria-hidden=\"true\" class=\"wp-block-spacer\"><\/div>\n\n\n\n<p>Visan \u201dDamen i svart med violer\u201d publicerades f\u00f6rsta g\u00e5ngen i\u00a0<em>Tidningen Vi<\/em>\u00a0i december 1945 och sedan \u00e4ven i samlingen\u00a0<em>Sv\u00e4rmerier<\/em>\u00a0(1946). Vi m\u00f6ter h\u00e4r den karakteristiska h\u00f6viska h\u00e5llningen hos Taube. Distansen till damen som uppvaktas finns i flera av hans visor som kretsar kring dans, men aldrig \u00e4r den v\u00e4l s\u00e5 tydligt uppr\u00e4ttad som i just denna visa:<\/p>\n\n\n\n<p>\u201dDamen i svart med violer i barmen,<br>skimrande marmorvit skuldra och hals,<br>nacken med guldbruna lockar och armen<br>sv\u00e4vande vingl\u00e4tt i yrande vals,<br>ser inte s\u00e5ngarn som dr\u00f6mmer i salen,<br>sv\u00e4var f\u00f6rbi honom, rodnande, yr.<br>Den som jag \u00e4lskat finns inte p\u00e5 balen,<br>damen som dansar \u00e4r Dafne som flyr.\u201d<\/p>\n\n\n\n<div style=\"height:20px\" aria-hidden=\"true\" class=\"wp-block-spacer\"><\/div>\n\n\n\n<div class=\"wp-playlist wp-audio-playlist wp-playlist-light\">\n\t\t\t<div class=\"wp-playlist-current-item\"><\/div>\n\t\t<audio controls=\"controls\" preload=\"none\" width=\"618\"\n\t\t\t><\/audio>\n\t<div class=\"wp-playlist-next\"><\/div>\n\t<div class=\"wp-playlist-prev\"><\/div>\n\t<noscript>\n\t<ol>\n\t\t<li><a href='https:\/\/litteraturbanken.se\/diktensmuseum\/wp-content\/uploads\/2021\/03\/taube_nocturne_taube.mp3'>Nocturne<\/a><\/li>\t<\/ol>\n\t<\/noscript>\n\t<script type=\"application\/json\" class=\"wp-playlist-script\">{\"type\":\"audio\",\"tracklist\":true,\"tracknumbers\":true,\"images\":true,\"artists\":true,\"tracks\":[{\"src\":\"https:\/\/litteraturbanken.se\/diktensmuseum\/wp-content\/uploads\/2021\/03\/taube_nocturne_taube.mp3\",\"type\":\"audio\/mpeg\",\"title\":\"Nocturne\",\"caption\":\"\",\"description\":\"\\\"taube_nocturne_taube\\\".\",\"meta\":{\"artist\":\"Evert Taube p\\u00e5 nya str\\u00f6vt\\u00e5g i Trubadurien (1957)\",\"album\":\"Evert Taube\",\"length_formatted\":\"4:10\"},\"image\":{\"src\":\"https:\/\/litteraturbanken.se\/diktensmuseum\/wp-content\/uploads\/2021\/03\/lb_affisch_taube_2.202_st\\u00e5ende_\\u00f6t_bl\\u00e5.jpg\",\"width\":1200,\"height\":1697},\"thumb\":{\"src\":\"https:\/\/litteraturbanken.se\/diktensmuseum\/wp-content\/uploads\/2021\/03\/lb_affisch_taube_2.202_st\\u00e5ende_\\u00f6t_bl\\u00e5-150x150.jpg\",\"width\":150,\"height\":150}}]}<\/script>\n<\/div>\n\t\n\n\n\n<p class=\"has-small-font-size\"><em>Inspelningen \u00e5terges med tillst\u00e5nd fr\u00e5n Sveriges Radio och r\u00e4ttighetshavarna.<\/em><\/p>\n\n\n\n<div style=\"height:20px\" aria-hidden=\"true\" class=\"wp-block-spacer\"><\/div>\n\n\n\n<p>Just Dafne skulle Taube senare anv\u00e4nda som tilltalsnamn i m\u00e5nga av breven till Margot. Som s\u00e5ngm\u00f6 skulle ocks\u00e5 Margot inspirera honom till flera av hans mest innerliga visor i provensalsk anda, som till exempel \u201dS\u00e5 skimrande var aldrig havet\u201d, \u201dNocturne\u201d (\u201dSov p\u00e5 min arm\u201d) och \u201dFragancia\u201d. Den f\u00f6rstn\u00e4mnda visan, som f\u00f6rst publicerades i samlingen\u00a0<em>Sv\u00e4rmerier<\/em>\u00a0som en dikt, visar hur Taube redan vid denna tid full\u00e4ndat beh\u00e4rskade det provensalska trubadurtilltalet. Dikten best\u00e5r av endast en mening, som om den vore t\u00e4nkt att deklameras p\u00e5 en enda k\u00e4rleksfull utandning. Det \u00e4r inte heller l\u00e4ngre tal om n\u00e5gon distans:<\/p>\n\n\n\n<p>\u201dS\u00e5 skimrande var aldrig havet<br>och stranden aldrig s\u00e5 befriande,<br>f\u00e4lten, \u00e4ngarna och tr\u00e4den aldrig s\u00e5 vackra<br>och blommorna aldrig s\u00e5 ljuvligt doftande<br>som n\u00e4r du gick vid min sida<br>mot solnedg\u00e5ngen,<br>aftonen<br>den underbara,<br>d\u00e5 dina lockar dolde mig f\u00f6r v\u00e4rlden<br>medan du dr\u00e4nkte alla mina sorger,<br>\u00e4lskling,<br>i din f\u00f6rsta kyss.\u201d<\/p>\n\n\n\n<p>Detta om poesin. I den prosaiska verkligheten kom Taube alltmer att se Margot som en viktig kollega och samtalspartner i arbetet. Pia Schmidt de Graaf, som var ansvarig f\u00f6r f\u00f6rtecknandet av Evert Taubes arkiv i G\u00f6teborg, har skrivit en initierad uppsats om Margot Lithanders betydelse f\u00f6r Taubes konstn\u00e4rskap (publicerad i antologin\u00a0<em>Elva sidor av Taube<\/em>, 2014). Schmidt de Graaf visar bland annat hur Taube ville involvera Margot i en rad litter\u00e4ra projekt. 1950 planerade han till exempel att ge ut vissa av sina texter p\u00e5 franska, och f\u00f6rordet skulle Margot skriva, och d\u00e5 \u201dutan krus anspela p\u00e5 v\u00e5r v\u00e4nskap (med f\u00f6rt\u00e4ckt antydan att Du sj\u00e4lv \u00e4r den som i en kritisk period av mitt liv lyfte mig \u00f6ver gruset till den niveau som Svenska Akademien observerat).\u201d H\u00e4r anspelar Taube p\u00e5 att han just 1950 fick ta emot Bellmanpriset av Svenska Akademien.<\/p>\n\n\n\n<div style=\"height:20px\" aria-hidden=\"true\" class=\"wp-block-spacer\"><\/div>\n\n\n\n<figure class=\"wp-block-image size-large\"><a href=\"https:\/\/litteraturbanken.se\/diktensmuseum\/wp-content\/uploads\/2021\/03\/taube_sj%C3%B6historiska_ok%C3%A4nd_1933.jpg\" target=\"_blank\" rel=\"noreferrer noopener\"><img decoding=\"async\" src=\"https:\/\/litteraturbanken.se\/diktensmuseum\/wp-content\/uploads\/2021\/03\/taube_sj%C3%B6historiska_ok%C3%A4nd_1933.jpg\" alt=\"\" class=\"wp-image-6239\" loading=\"lazy\"><\/a><figcaption><em>Evert Taube (1933). Fotografiet, av en ok\u00e4nd fotograf, har vi l\u00e5nat fr\u00e5n\u00a0<a rel=\"noreferrer noopener\" href=\"https:\/\/digitaltmuseum.se\/021016102730\/evert-taube-i-roddbat\" target=\"_blank\">Sj\u00f6historiska museet<\/a>.<\/em><\/figcaption><\/figure>\n\n\n\n<div style=\"height:30px\" aria-hidden=\"true\" class=\"wp-block-spacer\"><\/div>\n\n\n\n<p>Helt naturligt fick ocks\u00e5 Margot stor betydelse f\u00f6r Taubes arbete med\u00a0<em>Vallfart<\/em>. Han kallade henne f\u00f6r Magistern och de hade t\u00e4t kontakt under hans research- och skrivarbete, b\u00e5de n\u00e4r han befann sig utomlands och n\u00e4r han var hemma i Sverige. I breven m\u00e4rks det att Taube snart b\u00f6rjade bli varm i kl\u00e4derna d\u00e5 han g\u00f6r sina sedvanligt dj\u00e4rva j\u00e4mf\u00f6relser mellan till exempel provensalska trubadurer och v\u00e5r egen Bellman: \u201dDe kunde allt ifr\u00e5ga om musikantisk poesi, varmed menas dikt i ord och toner [\u2026], att ord, melos och rytmik, har ett fullkomligt naturligt inb\u00f6rdes sammanhang [\u2026].\u201d<\/p>\n\n\n\n<p>I kontakten med sin kvinnliga Magister var Taube s\u00e4rskilt stolt \u00f6ver att han valt att lyfta fram de kvinnliga trubadurerna i sitt arbete. I ett brev daterat den 10 januari 1956 ber\u00e4ttar han hur detta gjort stort intryck inom den akademiska v\u00e4rlden:<\/p>\n\n\n\n<p>\u201dProfessorerna st\u00e5r, efter en provf\u00f6rel\u00e4sning jag h\u00e5llit, gapande inf\u00f6r min explikation betr\u00e4ffande Ali\u00e9nor d\u2019Aquitaine, Comtesse de Die, Marie de France, Ermengard de Narbonne, Etienette de Provence (princess de Baux) och systern Douce, grevinna av Barcelona och reine d\u2019Aragon.<\/p>\n\n\n\n<p>Professorerna hade f\u00f6rest\u00e4llt sig trubadurerna som det huvudsakliga, men jag har n\u00f6dgats p\u00e5visa att de inte kan ha f\u00f6rh\u00e5llit sig s\u00e5 p\u00e5 sin tid [\u2026].\u201d<\/p>\n\n\n\n<p>Margot st\u00f6ttade och gav experthj\u00e4lp under hela processen med b\u00e5de artikelserie och senare bokutgivning. Som en direkt avbetalning f\u00f6r detta arbete s\u00e5g Taube till att str\u00f6 rikligt med violer i sin\u00a0<em>Vallfart<\/em>-text, en nog s\u00e5 tydlig k\u00e4rleksbetygelse till \u201dDamen i svart med violer i barmen\u201d.<\/p>\n\n\n\n<p><em><a href=\"https:\/\/litteraturbanken.se\/diktensmuseum\/anthin-del-3\/\">L\u00e4s vidare om Evert Taube i Trubadurien.<\/a><\/em><\/p>\n<\/div>\n\n\n\n<div class=\"wp-block-column is-layout-flow wp-block-column-is-layout-flow\" style=\"flex-basis:35%\">\n<div style=\"height:20px\" aria-hidden=\"true\" class=\"wp-block-spacer\"><\/div>\n\n\n\n<p><a href=\"https:\/\/litteraturbanken.se\/diktensmuseum\/taube-inledning\/\">EN INTRODUKTION<\/a><br><br>RADIO: S\u00c4SONG 1<br><a href=\"https:\/\/litteraturbanken.se\/diktensmuseum\/taube-sasong-1-avsnitt-1\/\">AVSNITT ETT<\/a><br><a href=\"https:\/\/litteraturbanken.se\/diktensmuseum\/taube-sasong-1-avsnitt-2\/\">AVSNITT TV\u00c5<\/a><br><a href=\"https:\/\/litteraturbanken.se\/diktensmuseum\/taube-sasong-1-avsnitt-3\/\">AVSNITT TRE<\/a><br><a href=\"https:\/\/litteraturbanken.se\/diktensmuseum\/taube-sasong-1-avsnitt-4\/\">AVSNITT FYRA<\/a><br><br>RADIO: S\u00c4SONG 2<br><a href=\"https:\/\/litteraturbanken.se\/diktensmuseum\/taube-sasong-2-avsnitt-1\/\">AVSNITT ETT<\/a><br><a href=\"https:\/\/litteraturbanken.se\/diktensmuseum\/taube-sasong-2-avsnitt-2\/\">AVSNITT TV\u00c5<\/a><br><a href=\"https:\/\/litteraturbanken.se\/diktensmuseum\/taube-sasong-2-avsnitt-3\/\">AVSNITT TRE<\/a><br><a href=\"https:\/\/litteraturbanken.se\/diktensmuseum\/taube-sasong-2-avsnitt-4\/\">AVSNITT FYRA<\/a><br><br><a href=\"https:\/\/litteraturbanken.se\/diktensmuseum\/taube-bortklippt\/\">BORTKLIPPT<\/a><\/p>\n\n\n\n<p>DAVID ANTHIN:<br>EVERT TAUBE I TRUBADURIEN<br><a href=\"https:\/\/litteraturbanken.se\/diktensmuseum\/anthin-del-1\/\">1. INLEDNING<\/a><br><a href=\"https:\/\/litteraturbanken.se\/diktensmuseum\/anthin-del-2\/\">2. DAMEN I SVART MED VIOLER<\/a><br><a href=\"https:\/\/litteraturbanken.se\/diktensmuseum\/anthin-del-3\/\">3. EN VALLFART I FLERA MEDIER<\/a><br><a href=\"https:\/\/litteraturbanken.se\/diktensmuseum\/anthin-del-4\/\">4. VALLFARTENS EVIGA V\u00c4RDE<\/a><\/p>\n\n\n\n<div style=\"height:20px\" aria-hidden=\"true\" class=\"wp-block-spacer\"><\/div>\n\n\n\n<div style=\"height:20px\" aria-hidden=\"true\" class=\"wp-block-spacer\"><\/div>\n\n\n\n<div style=\"height:20px\" aria-hidden=\"true\" class=\"wp-block-spacer\"><\/div>\n\n\n\n<figure class=\"wp-block-image size-large\"><a href=\"https:\/\/litteraturbanken.se\/diktensmuseum\/wp-content\/uploads\/2021\/03\/lb_affisch_taube_2.202_st%C3%A5ende_%C3%B6vertoning_lila.jpg\" target=\"_blank\" rel=\"noreferrer noopener\"><img decoding=\"async\" src=\"https:\/\/litteraturbanken.se\/diktensmuseum\/wp-content\/uploads\/2021\/03\/lb_affisch_taube_2.202_st%C3%A5ende_%C3%B6vertoning_lila-724x1024.jpg\" alt=\"\" class=\"wp-image-6457\" loading=\"lazy\"><\/a><\/figure>\n\n\n\n<div style=\"height:40px\" aria-hidden=\"true\" class=\"wp-block-spacer\"><\/div>\n\n\n\n<hr class=\"wp-block-separator\">\n\n\n\n<h5 class=\"wp-block-heading\">OM UTST\u00c4LLNINGEN<\/h5>\n\n\n\n<div style=\"height:20px\" aria-hidden=\"true\" class=\"wp-block-spacer\"><\/div>\n\n\n\n<p style=\"font-size:11px\"><em>\u201dEvert Taube i Trubadurien\u201d \u00e4r skriven av David Anthin.<\/em><\/p>\n\n\n\n<div style=\"height:20px\" aria-hidden=\"true\" class=\"wp-block-spacer\"><\/div>\n\n\n\n<p style=\"font-size:11px\"><em>Utst\u00e4llningen \u201dTaube: vallfartens diktare\u201d producerades f\u00f6r Litteraturbanken under februari &amp; mars 2021 av Martin Joviken. D\u00e4r inget annat anges \u00e4r alla texter skrivna av Martin Joviken.<\/em><\/p>\n\n\n\n<div style=\"height:20px\" aria-hidden=\"true\" class=\"wp-block-spacer\"><\/div>\n\n\n\n<p style=\"font-size:11px\"><em>Radioprogrammen \u00e5terges med tillst\u00e5nd fr\u00e5n r\u00e4ttighetshavaren och Sveriges Radio.<\/em><\/p>\n\n\n\n<div style=\"height:40px\" aria-hidden=\"true\" class=\"wp-block-spacer\"><\/div>\n<\/div>\n<\/div>\n\n\n\n<div style=\"height:20px\" aria-hidden=\"true\" class=\"wp-block-spacer\"><\/div>\n\n\n\n<div style=\"height:20px\" aria-hidden=\"true\" class=\"wp-block-spacer\"><\/div>\n<\/body>","protected":false},"excerpt":{"rendered":"<p>Taube VALLFARTENS DIKTARE Evert Taube i Trubadurien En ess\u00e4 av David Anthin 2. Damen i svart med violer. Evert Taubes intresse f\u00f6r den provensalska trubadurlyriken finns dokumenterat fr\u00e5n mitten av 1940-talet. Anledningen till detta var ett m\u00f6te med en alldeles [&hellip;]<\/p>\n","protected":false},"author":1,"featured_media":6457,"parent":0,"menu_order":1,"comment_status":"closed","ping_status":"closed","template":"","meta":{"footnotes":""},"class_list":["post-6145","page","type-page","status-publish","has-post-thumbnail","hentry"],"_links":{"self":[{"href":"https:\/\/litteraturbanken.se\/diktensmuseum\/wp-json\/wp\/v2\/pages\/6145","targetHints":{"allow":["GET"]}}],"collection":[{"href":"https:\/\/litteraturbanken.se\/diktensmuseum\/wp-json\/wp\/v2\/pages"}],"about":[{"href":"https:\/\/litteraturbanken.se\/diktensmuseum\/wp-json\/wp\/v2\/types\/page"}],"author":[{"embeddable":true,"href":"https:\/\/litteraturbanken.se\/diktensmuseum\/wp-json\/wp\/v2\/users\/1"}],"replies":[{"embeddable":true,"href":"https:\/\/litteraturbanken.se\/diktensmuseum\/wp-json\/wp\/v2\/comments?post=6145"}],"version-history":[{"count":16,"href":"https:\/\/litteraturbanken.se\/diktensmuseum\/wp-json\/wp\/v2\/pages\/6145\/revisions"}],"predecessor-version":[{"id":6644,"href":"https:\/\/litteraturbanken.se\/diktensmuseum\/wp-json\/wp\/v2\/pages\/6145\/revisions\/6644"}],"wp:featuredmedia":[{"embeddable":true,"href":"https:\/\/litteraturbanken.se\/diktensmuseum\/wp-json\/wp\/v2\/media\/6457"}],"wp:attachment":[{"href":"https:\/\/litteraturbanken.se\/diktensmuseum\/wp-json\/wp\/v2\/media?parent=6145"}],"curies":[{"name":"wp","href":"https:\/\/api.w.org\/{rel}","templated":true}]}}