{"id":6165,"date":"2021-03-05T10:34:30","date_gmt":"2021-03-05T09:34:30","guid":{"rendered":"https:\/\/litteraturbanken.se\/diktensmuseum\/?page_id=6165"},"modified":"2021-03-12T08:29:45","modified_gmt":"2021-03-12T07:29:45","slug":"taube-sasong-1-avsnitt-1","status":"publish","type":"page","link":"https:\/\/litteraturbanken.se\/diktensmuseum\/taube-sasong-1-avsnitt-1\/","title":{"rendered":"Taube i Trubadurien: s\u00e4song 1, avsnitt 1"},"content":{"rendered":"<body>\n<div class=\"wp-block-columns is-layout-flex wp-container-core-columns-is-layout-9d6595d7 wp-block-columns-is-layout-flex\">\n<div class=\"wp-block-column is-layout-flow wp-block-column-is-layout-flow\" style=\"flex-basis:65%\">\n<h1 class=\"has-vivid-red-color has-text-color wp-block-heading\">Taube<\/h1>\n\n\n\n<h3 class=\"has-vivid-red-color has-text-color wp-block-heading\">VALLFARTENS DIKTARE<\/h3>\n\n\n\n<div style=\"height:20px\" aria-hidden=\"true\" class=\"wp-block-spacer\"><\/div>\n\n\n\n<h4 class=\"wp-block-heading\">Radioprogrammen: <br>den f\u00f6rsta s\u00e4songen<\/h4>\n\n\n\n<div style=\"height:35px\" aria-hidden=\"true\" class=\"wp-block-spacer\"><\/div>\n\n\n\n<div style=\"height:40px\" aria-hidden=\"true\" class=\"wp-block-spacer\"><\/div>\n\n\n\n<div style=\"height:20px\" aria-hidden=\"true\" class=\"wp-block-spacer\"><\/div>\n\n\n\n<h2 class=\"wp-block-heading\">1956. F\u00f6rsta avsnittet.<\/h2>\n\n\n\n<div style=\"height:20px\" aria-hidden=\"true\" class=\"wp-block-spacer\"><\/div>\n\n\n\n<p>Man h\u00f6r S\u00f6dra teaterns tr\u00e4golv knarra n\u00e4r Taube inleder seriens f\u00f6rsta program. Orkestern har just l\u00e5tit vinjettmusikens sista ackord ringa ut n\u00e4r Taube fuktar l\u00e4pparna och d\u00e4refter basunerar ut: \u201dJa, p\u00e5 tal om Europas medeltida lyrik \u2013 var h\u00e4mtade den sina ideal? Var h\u00e4mtade den sina former?\u201d<\/p>\n\n\n\n<div class=\"wp-playlist wp-audio-playlist wp-playlist-light\">\n\t\t\t<div class=\"wp-playlist-current-item\"><\/div>\n\t\t<audio controls=\"controls\" preload=\"none\" width=\"618\"\n\t\t\t><\/audio>\n\t<div class=\"wp-playlist-next\"><\/div>\n\t<div class=\"wp-playlist-prev\"><\/div>\n\t<noscript>\n\t<ol>\n\t\t<li><a href='https:\/\/litteraturbanken.se\/diktensmuseum\/wp-content\/uploads\/2021\/03\/taube_trubadurien1-1_taube.mp3'>Del 1. Om den provensalska litteraturen under medeltiden<\/a><\/li>\t<\/ol>\n\t<\/noscript>\n\t<script type=\"application\/json\" class=\"wp-playlist-script\">{\"type\":\"audio\",\"tracklist\":true,\"tracknumbers\":true,\"images\":true,\"artists\":true,\"tracks\":[{\"src\":\"https:\/\/litteraturbanken.se\/diktensmuseum\/wp-content\/uploads\/2021\/03\/taube_trubadurien1-1_taube.mp3\",\"type\":\"audio\/mpeg\",\"title\":\"Del 1. Om den provensalska litteraturen under medeltiden\",\"caption\":\"\",\"description\":\"\\\"Del 1. Om den provensalska litteraturen under medeltiden\\\" fr\\u00e5n Evert Taube i Trubadurien av Taube, Evert. Sl\\u00e4ppt: 1956. Sp\\u00e5r 1.\",\"meta\":{\"artist\":\"Evert Taube i Trubadurien (1956)\",\"album\":\"Evert Taube\",\"year\":\"1956\",\"length_formatted\":\"29:34\"},\"image\":{\"src\":\"https:\/\/litteraturbanken.se\/diktensmuseum\/wp-content\/uploads\/2021\/03\/lb_affisch_taube_2.202_st\\u00e5ende_\\u00f6t_ljusr\\u00f6d-1.jpg\",\"width\":1200,\"height\":1697},\"thumb\":{\"src\":\"https:\/\/litteraturbanken.se\/diktensmuseum\/wp-content\/uploads\/2021\/03\/lb_affisch_taube_2.202_st\\u00e5ende_\\u00f6t_ljusr\\u00f6d-1-150x150.jpg\",\"width\":150,\"height\":150}}]}<\/script>\n<\/div>\n\t\n\n\n\n<p class=\"has-small-font-size\"><em>Programmet s\u00e4ndes den 5 oktober 1956, klockan 20.15. Inspelningen \u00e5terges med tillst\u00e5nd fr\u00e5n Sveriges Radio och r\u00e4ttighetshavarna.<\/em><\/p>\n\n\n\n<div style=\"height:20px\" aria-hidden=\"true\" class=\"wp-block-spacer\"><\/div>\n\n\n\n<figure class=\"wp-block-image size-large\"><a href=\"https:\/\/litteraturbanken.se\/diktensmuseum\/wp-content\/uploads\/2021\/03\/taube_1925_gub_1.jpg\" target=\"_blank\" rel=\"noreferrer noopener\"><img decoding=\"async\" width=\"750\" height=\"1024\" src=\"https:\/\/litteraturbanken.se\/diktensmuseum\/wp-content\/uploads\/2021\/03\/taube_1925_gub_1-750x1024.jpg\" alt=\"\" class=\"wp-image-6251\" loading=\"lazy\" srcset=\"https:\/\/litteraturbanken.se\/diktensmuseum\/wp-content\/uploads\/2021\/03\/taube_1925_gub_1-750x1024.jpg 750w, https:\/\/litteraturbanken.se\/diktensmuseum\/wp-content\/uploads\/2021\/03\/taube_1925_gub_1-220x300.jpg 220w, https:\/\/litteraturbanken.se\/diktensmuseum\/wp-content\/uploads\/2021\/03\/taube_1925_gub_1-768x1048.jpg 768w, https:\/\/litteraturbanken.se\/diktensmuseum\/wp-content\/uploads\/2021\/03\/taube_1925_gub_1-480x655.jpg 480w, https:\/\/litteraturbanken.se\/diktensmuseum\/wp-content\/uploads\/2021\/03\/taube_1925_gub_1.jpg 900w\" sizes=\"auto, (max-width: 750px) 100vw, 750px\" \/><\/a><figcaption><em>Evert Taube med luta. Ett tidigt fotografi, som vi har l\u00e5nat fr\u00e5n <a href=\"http:\/\/urn.kb.se\/resolve?urn=urn:nbn:se:alvin:portal:record-121020\" target=\"_blank\" rel=\"noreferrer noopener\" aria-label=\"samlingen vid G\u00f6teborgs universitetsbibliotek (\u00f6ppnas i en ny flik)\">samlingen vid G\u00f6teborgs universitetsbibliotek<\/a>.<\/em><\/figcaption><\/figure>\n\n\n\n<div style=\"height:30px\" aria-hidden=\"true\" class=\"wp-block-spacer\"><\/div>\n\n\n\n<p>I grund och botten \u00e4r det den sortens stora fr\u00e5gor som resten av programserien har f\u00f6r avsikt att reda ut. Men ocks\u00e5: vad har medeltidens lyrik under seklernas g\u00e5ng gett upphov till? F\u00f6r Taube st\u00e5r svaret klart. Nog \u00e4r den hela v\u00e4sterlandets lyriska k\u00e4llspr\u00e5ng. \u201dHur skulle <a href=\"https:\/\/litteraturbanken.se\/f%C3%B6rfattare\/BellmanCM\" target=\"_blank\" rel=\"noreferrer noopener\" aria-label=\"Bellman (\u00f6ppnas i en ny flik)\">Bellman<\/a> kunna t\u00e4nkas utan den provensalska poesin? Det \u00e4r om\u00f6jligt. Han \u00e4r helt enkelt bara en variation \u2026\u201d, menar Taube.<\/p>\n\n\n\n<p>\u00c5terkommande po\u00e4ngterar han att hans egna visor heller aldrig skulle\u00a0ha sett dagens ljus\u00a0om det inte vore f\u00f6r den provensalska poesin. P\u00e5 s\u00e5 vis blir hela Trubadurienprojektet ett slags tacktal \u00f6ver epoken.<\/p>\n\n\n\n<div style=\"height:20px\" aria-hidden=\"true\" class=\"wp-block-spacer\"><\/div>\n\n\n\n<figure class=\"wp-block-image size-large\"><a href=\"https:\/\/litteraturbanken.se\/diktensmuseum\/wp-content\/uploads\/2021\/03\/lb78374_5_0159.jpg\" target=\"_blank\" rel=\"noreferrer noopener\"><img decoding=\"async\" width=\"900\" height=\"552\" src=\"https:\/\/litteraturbanken.se\/diktensmuseum\/wp-content\/uploads\/2021\/03\/lb78374_5_0159.jpg\" alt=\"\" class=\"wp-image-6289\" loading=\"lazy\" srcset=\"https:\/\/litteraturbanken.se\/diktensmuseum\/wp-content\/uploads\/2021\/03\/lb78374_5_0159.jpg 900w, https:\/\/litteraturbanken.se\/diktensmuseum\/wp-content\/uploads\/2021\/03\/lb78374_5_0159-300x184.jpg 300w, https:\/\/litteraturbanken.se\/diktensmuseum\/wp-content\/uploads\/2021\/03\/lb78374_5_0159-768x471.jpg 768w, https:\/\/litteraturbanken.se\/diktensmuseum\/wp-content\/uploads\/2021\/03\/lb78374_5_0159-480x294.jpg 480w\" sizes=\"auto, (max-width: 900px) 100vw, 900px\" \/><\/a><figcaption><em>Fr\u00e5n Vallfart till Trubadurien och Toscana (1957). Bokens illustrationer utf\u00f6rdes av Ulla Sundin-Wickman.<\/em><\/figcaption><\/figure>\n\n\n\n<div style=\"height:30px\" aria-hidden=\"true\" class=\"wp-block-spacer\"><\/div>\n\n\n\n<p>Det \u00e4r ocks\u00e5 en Taube mitt i \u00f6vers\u00e4ttningsarbetet vi m\u00f6ter i programmet. Han var p\u00e5 samma g\u00e5ng noggrann och spontan i sitt skapande. \u00d6vers\u00e4ttningarna av de medeltida dikterna \u00f6verensst\u00e4mmer n\u00e4stan aldrig till fullo med de d\u00e4refter tryckta i\u00a0<em>Vallfart till Trubadurien och Toscana.\u00a0<\/em>Ett ord h\u00e4r och ett ord d\u00e4r kunde alltid f\u00e5 l\u00e4mna plats \u00e5t ett annat. Men man b\u00f6r h\u00e5lla i minnet att de slutgiltiga \u00f6vers\u00e4ttningarna \u00e4nnu inte hade g\u00e5tt till tryck vid s\u00e4ndningen. F\u00f6ljaktligen kan man m\u00f6jligen betrakta de uppl\u00e4sta dikterna som f\u00f6rstudier till de slutgiltiga.\u00a0<\/p>\n\n\n\n<div style=\"height:20px\" aria-hidden=\"true\" class=\"wp-block-spacer\"><\/div>\n\n\n\n<figure class=\"wp-block-image size-large\"><a href=\"https:\/\/litteraturbanken.se\/diktensmuseum\/wp-content\/uploads\/2021\/03\/danteocavalcanti_vasari.jpg\" target=\"_blank\" rel=\"noreferrer noopener\"><img decoding=\"async\" width=\"1024\" height=\"625\" src=\"https:\/\/litteraturbanken.se\/diktensmuseum\/wp-content\/uploads\/2021\/03\/danteocavalcanti_vasari-1024x625.jpg\" alt=\"\" class=\"wp-image-6391\" loading=\"lazy\" srcset=\"https:\/\/litteraturbanken.se\/diktensmuseum\/wp-content\/uploads\/2021\/03\/danteocavalcanti_vasari-1024x625.jpg 1024w, https:\/\/litteraturbanken.se\/diktensmuseum\/wp-content\/uploads\/2021\/03\/danteocavalcanti_vasari-300x183.jpg 300w, https:\/\/litteraturbanken.se\/diktensmuseum\/wp-content\/uploads\/2021\/03\/danteocavalcanti_vasari-768x469.jpg 768w, https:\/\/litteraturbanken.se\/diktensmuseum\/wp-content\/uploads\/2021\/03\/danteocavalcanti_vasari-480x293.jpg 480w, https:\/\/litteraturbanken.se\/diktensmuseum\/wp-content\/uploads\/2021\/03\/danteocavalcanti_vasari.jpg 1200w\" sizes=\"auto, (max-width: 1024px) 100vw, 1024px\" \/><\/a><figcaption><em>Giorgio Vasari, Dante Alighieri och Guido Cavalcanti (detalj, beskuren). Konstverket har vi l\u00e5nat fr\u00e5n <a href=\"https:\/\/commons.wikimedia.org\/wiki\/File:Giorgio_Vasari_-_Six_Tuscan_Poets_-_Google_Art_Project.jpg\" target=\"_blank\" rel=\"noreferrer noopener\" aria-label=\"Minneapolis Institute of Art (\u00f6ppnas i en ny flik)\">Minneapolis Institute of Art<\/a>.<\/em><\/figcaption><\/figure>\n\n\n\n<div style=\"height:30px\" aria-hidden=\"true\" class=\"wp-block-spacer\"><\/div>\n\n\n\n<p>En s\u00e5dan avvikelse kan man lyssna till 23 minuter in i programmet. D\u00e5 l\u00e4ser Taube, ackompanjerad av Hahns orkester, upp en tolkning av den florentinska poeten Guido Cavalcantis (ca 1258\u20131300) sonett \u201dEn glimt av \u00e4lskog\u201d. I denna version har Taube omarbetat hela sista versraden i sonettens volta. Ist\u00e4llet f\u00f6r det tryckta \u201datt k\u00e4rleksguden tagit mitt parti\u201d, l\u00e4ser Taube: \u201datt Amor sk\u00f6t dessa pilar av ren sympati.\u201d\u00a0<\/p>\n\n\n\n<p><\/p>\n\n\n\n<p>EN GLIMT AV \u00c4LSKOG <em>(tryckt version)<\/em><\/p>\n\n\n\n<p><a href=\"https:\/\/litteraturbanken.se\/f%C3%B6rfattare\/TaubeE\/titlar\/Vallfart\/sida\/183\/etext\" target=\"_blank\" rel=\"noreferrer noopener\" aria-label=\" (\u00f6ppnas i en ny flik)\">En glimt av \u00e4lskog i ett \u00f6gonkast<\/a><br>och k\u00e4rlekens behag st\u00e5r f\u00f6r min sj\u00e4l<br>mer levande \u00e4n f\u00f6rr och h\u00e5ller fast<br>min tanke t\u00e4tt vid den jag h\u00e5ller k\u00e4r.<\/p>\n\n\n\n<p>Min egen kvinna menar jag, den sk\u00f6na<br>som utan misskund ser mitt hj\u00e4rta lida<br>s\u00e5 sv\u00e5ra kval var g\u00e5ng jag m\u00e5ste r\u00f6na<br>hur hennes vredes vassa pilar svida.<\/p>\n\n\n\n<p>Men n\u00e4r hon med en blick av \u00e4lskog leker<br>f\u00f6r mina \u00f6gon och med sinnet smeker<br>mitt hj\u00e4rta och min lust till harmoni,<br>jag gl\u00f6mmer genast hennes vredes pilar<br>och blixtsnabbt genom mig en aning ilar<br>att k\u00e4rleksguden tagit mitt parti.<\/p>\n\n\n\n<div class=\"wp-playlist wp-audio-playlist wp-playlist-light\">\n\t\t\t<div class=\"wp-playlist-current-item\"><\/div>\n\t\t<audio controls=\"controls\" preload=\"none\" width=\"618\"\n\t\t\t><\/audio>\n\t<div class=\"wp-playlist-next\"><\/div>\n\t<div class=\"wp-playlist-prev\"><\/div>\n\t<noscript>\n\t<ol>\n\t\t<li><a href='https:\/\/litteraturbanken.se\/diktensmuseum\/wp-content\/uploads\/2021\/03\/taube_englimtavalskog_taube.mp3'>\u2019En glimt av \u00e4lskog\u2019 av Guido Cavalcanti<\/a><\/li>\t<\/ol>\n\t<\/noscript>\n\t<script type=\"application\/json\" class=\"wp-playlist-script\">{\"type\":\"audio\",\"tracklist\":true,\"tracknumbers\":true,\"images\":true,\"artists\":true,\"tracks\":[{\"src\":\"https:\/\/litteraturbanken.se\/diktensmuseum\/wp-content\/uploads\/2021\/03\/taube_englimtavalskog_taube.mp3\",\"type\":\"audio\/mpeg\",\"title\":\"\\u2019En glimt av \\u00e4lskog\\u2019 av Guido Cavalcanti\",\"caption\":\"\",\"description\":\"\\\"taube_englimtavalskog_taube\\\".\",\"meta\":{\"artist\":\"Evert Taube i Trubadurien (1956)\",\"album\":\"Evert Taube\",\"length_formatted\":\"0:51\"},\"image\":{\"src\":\"https:\/\/litteraturbanken.se\/diktensmuseum\/wp-content\/uploads\/2021\/03\/lb_affisch_taube_2.202_st\\u00e5ende_\\u00f6t_ljusr\\u00f6d.jpg\",\"width\":1200,\"height\":1697},\"thumb\":{\"src\":\"https:\/\/litteraturbanken.se\/diktensmuseum\/wp-content\/uploads\/2021\/03\/lb_affisch_taube_2.202_st\\u00e5ende_\\u00f6t_ljusr\\u00f6d-150x150.jpg\",\"width\":150,\"height\":150}}]}<\/script>\n<\/div>\n\t\n\n\n\n<p class=\"has-small-font-size\"><em>Inspelningen \u00e5terges med tillst\u00e5nd fr\u00e5n Sveriges Radio och r\u00e4ttighetshavarna.<\/em><\/p>\n\n\n\n<div class=\"wp-block-group\"><div class=\"wp-block-group__inner-container\"><div class=\"wp-block-group__inner-container is-layout-flow wp-block-group-is-layout-flow\">\n<div style=\"height:37px\" aria-hidden=\"true\" class=\"wp-block-spacer\"><\/div>\n\n\n\n<figure class=\"wp-block-gallery columns-2 wp-block-gallery-1 is-layout-flex wp-block-gallery-is-layout-flex\"><ul class=\"blocks-gallery-grid\"><li class=\"blocks-gallery-item\"><figure><a href=\"https:\/\/litteraturbanken.se\/diktensmuseum\/wp-content\/uploads\/2021\/03\/taube_6okt1956_expr.jpg\"><img decoding=\"async\" width=\"590\" height=\"1024\" src=\"https:\/\/litteraturbanken.se\/diktensmuseum\/wp-content\/uploads\/2021\/03\/taube_6okt1956_expr-590x1024.jpg\" alt=\"\" data-id=\"6601\" data-full-url=\"https:\/\/litteraturbanken.se\/diktensmuseum\/wp-content\/uploads\/2021\/03\/taube_6okt1956_expr.jpg\" data-link=\"https:\/\/litteraturbanken.se\/diktensmuseum\/taube_6okt1956_expr\/\" class=\"wp-image-6601\" loading=\"lazy\" srcset=\"https:\/\/litteraturbanken.se\/diktensmuseum\/wp-content\/uploads\/2021\/03\/taube_6okt1956_expr-590x1024.jpg 590w, https:\/\/litteraturbanken.se\/diktensmuseum\/wp-content\/uploads\/2021\/03\/taube_6okt1956_expr-173x300.jpg 173w, https:\/\/litteraturbanken.se\/diktensmuseum\/wp-content\/uploads\/2021\/03\/taube_6okt1956_expr-480x834.jpg 480w, https:\/\/litteraturbanken.se\/diktensmuseum\/wp-content\/uploads\/2021\/03\/taube_6okt1956_expr.jpg 600w\" sizes=\"auto, (max-width: 590px) 100vw, 590px\" \/><\/a><\/figure><\/li><li class=\"blocks-gallery-item\"><figure><a href=\"https:\/\/litteraturbanken.se\/diktensmuseum\/wp-content\/uploads\/2021\/03\/taube_6okt1956_svd.jpg\"><img decoding=\"async\" width=\"500\" height=\"659\" src=\"https:\/\/litteraturbanken.se\/diktensmuseum\/wp-content\/uploads\/2021\/03\/taube_6okt1956_svd.jpg\" alt=\"\" data-id=\"6599\" data-full-url=\"https:\/\/litteraturbanken.se\/diktensmuseum\/wp-content\/uploads\/2021\/03\/taube_6okt1956_svd.jpg\" data-link=\"https:\/\/litteraturbanken.se\/diktensmuseum\/taube_6okt1956_svd\/\" class=\"wp-image-6599\" loading=\"lazy\" srcset=\"https:\/\/litteraturbanken.se\/diktensmuseum\/wp-content\/uploads\/2021\/03\/taube_6okt1956_svd.jpg 500w, https:\/\/litteraturbanken.se\/diktensmuseum\/wp-content\/uploads\/2021\/03\/taube_6okt1956_svd-228x300.jpg 228w, https:\/\/litteraturbanken.se\/diktensmuseum\/wp-content\/uploads\/2021\/03\/taube_6okt1956_svd-480x633.jpg 480w\" sizes=\"auto, (max-width: 500px) 100vw, 500px\" \/><\/a><\/figure><\/li><\/ul><figcaption class=\"blocks-gallery-caption\"><em>Notiser ur dagspress dagen efter s\u00e4ndning, den 6 oktober 1956. Expressen t.v., Svenska Dagbladet t.h.<\/em><\/figcaption><\/figure>\n<\/div><\/div><\/div>\n\n\n\n<div style=\"height:50px\" aria-hidden=\"true\" class=\"wp-block-spacer\"><\/div>\n\n\n\n<p><em>I n\u00e4sta avsnitt beger vi oss i riktning mot Spanien. <a href=\"https:\/\/litteraturbanken.se\/diktensmuseum\/taube-sasong-1-avsnitt-2\/\">Klicka h\u00e4r f\u00f6r att ta dig vidare dit.<\/a><\/em><\/p>\n\n\n\n<div style=\"height:28px\" aria-hidden=\"true\" class=\"wp-block-spacer\"><\/div>\n\n\n\n<p>L\u00c4NKAR TILL BOKKAPITEL SOM TAUBE L\u00c4SER UR I PROGRAMMET:<em><br>\u2013\u00a0<a href=\"https:\/\/litteraturbanken.se\/f%C3%B6rfattare\/TaubeE\/titlar\/Vallfart\/sida\/9\/etext\" target=\"_blank\" rel=\"noreferrer noopener\" aria-label=\" (\u00f6ppnas i en ny flik)\">\u201dDen ljusa medeltiden\u201d<\/a><br>\u2013 \u00a0<a href=\"https:\/\/litteraturbanken.se\/f%C3%B6rfattare\/TaubeE\/titlar\/Vallfart\/sida\/180\/etext\" target=\"_blank\" rel=\"noreferrer noopener\" aria-label=\" (\u00f6ppnas i en ny flik)\">\u201dIl nostro Guido\u201d<\/a><\/em><\/p>\n<\/div>\n\n\n\n<div class=\"wp-block-column is-layout-flow wp-block-column-is-layout-flow\" style=\"flex-basis:35%\">\n<div style=\"height:20px\" aria-hidden=\"true\" class=\"wp-block-spacer\"><\/div>\n\n\n\n<p><a href=\"https:\/\/litteraturbanken.se\/diktensmuseum\/taube-inledning\/\">EN INTRODUKTION<\/a><br><br>RADIO: S\u00c4SONG 1<br><a href=\"https:\/\/litteraturbanken.se\/diktensmuseum\/taube-sasong-1-avsnitt-1\/\">AVSNITT ETT<\/a><br><a href=\"https:\/\/litteraturbanken.se\/diktensmuseum\/taube-sasong-1-avsnitt-2\/\">AVSNITT TV\u00c5<\/a><br><a href=\"https:\/\/litteraturbanken.se\/diktensmuseum\/taube-sasong-1-avsnitt-3\/\">AVSNITT TRE<\/a><br><a href=\"https:\/\/litteraturbanken.se\/diktensmuseum\/taube-sasong-1-avsnitt-4\/\">AVSNITT FYRA<\/a><br><br>RADIO: S\u00c4SONG 2<br><a href=\"https:\/\/litteraturbanken.se\/diktensmuseum\/taube-sasong-2-avsnitt-1\/\">AVSNITT ETT<\/a><br><a href=\"https:\/\/litteraturbanken.se\/diktensmuseum\/taube-sasong-2-avsnitt-2\/\">AVSNITT TV\u00c5<\/a><br><a href=\"https:\/\/litteraturbanken.se\/diktensmuseum\/taube-sasong-2-avsnitt-3\/\">AVSNITT TRE<\/a><br><a href=\"https:\/\/litteraturbanken.se\/diktensmuseum\/taube-sasong-2-avsnitt-4\/\">AVSNITT FYRA<\/a><br><br><a href=\"https:\/\/litteraturbanken.se\/diktensmuseum\/taube-bortklippt\/\">BORTKLIPPT<\/a><\/p>\n\n\n\n<p>DAVID ANTHIN:<br>EVERT TAUBE I TRUBADURIEN<br><a href=\"https:\/\/litteraturbanken.se\/diktensmuseum\/anthin-del-1\/\">1. INLEDNING<\/a><br><a href=\"https:\/\/litteraturbanken.se\/diktensmuseum\/anthin-del-2\/\">2. DAMEN I SVART MED VIOLER<\/a><br><a href=\"https:\/\/litteraturbanken.se\/diktensmuseum\/anthin-del-3\/\">3. EN VALLFART I FLERA MEDIER<\/a><br><a href=\"https:\/\/litteraturbanken.se\/diktensmuseum\/anthin-del-4\/\">4. VALLFARTENS EVIGA V\u00c4RDE<\/a><\/p>\n\n\n\n<div style=\"height:20px\" aria-hidden=\"true\" class=\"wp-block-spacer\"><\/div>\n\n\n\n<div style=\"height:20px\" aria-hidden=\"true\" class=\"wp-block-spacer\"><\/div>\n\n\n\n<div style=\"height:20px\" aria-hidden=\"true\" class=\"wp-block-spacer\"><\/div>\n\n\n\n<figure class=\"wp-block-image size-large\"><a href=\"https:\/\/litteraturbanken.se\/diktensmuseum\/wp-content\/uploads\/2021\/03\/lb_affisch_taube_2.202_st%C3%A5ende_%C3%B6vertoning_lila.jpg\" target=\"_blank\" rel=\"noreferrer noopener\"><img decoding=\"async\" src=\"https:\/\/litteraturbanken.se\/diktensmuseum\/wp-content\/uploads\/2021\/03\/lb_affisch_taube_2.202_st%C3%A5ende_%C3%B6vertoning_lila-724x1024.jpg\" alt=\"\" class=\"wp-image-6457\" loading=\"lazy\"><\/a><\/figure>\n\n\n\n<div style=\"height:40px\" aria-hidden=\"true\" class=\"wp-block-spacer\"><\/div>\n\n\n\n<hr class=\"wp-block-separator\">\n\n\n\n<h5 class=\"wp-block-heading\">OM UTST\u00c4LLNINGEN<\/h5>\n\n\n\n<p style=\"font-size:11px\"><em>Utst\u00e4llningen \u201dTaube: vallfartens diktare\u201d producerades f\u00f6r Litteraturbanken under februari &amp; mars 2021 av Martin Joviken. D\u00e4r inget annat anges \u00e4r alla texter skrivna av Martin Joviken. \u201dEvert Taube i Trubadurien\u201d \u00e4r skriven av David Anthin.<\/em><\/p>\n\n\n\n<div style=\"height:20px\" aria-hidden=\"true\" class=\"wp-block-spacer\"><\/div>\n\n\n\n<p style=\"font-size:11px\"><em>Radioprogrammen \u00e5terges med tillst\u00e5nd fr\u00e5n r\u00e4ttighetshavaren och Sveriges Radio.<\/em><\/p>\n\n\n\n<div style=\"height:40px\" aria-hidden=\"true\" class=\"wp-block-spacer\"><\/div>\n<\/div>\n<\/div>\n\n\n\n<div style=\"height:20px\" aria-hidden=\"true\" class=\"wp-block-spacer\"><\/div>\n\n\n\n<div style=\"height:20px\" aria-hidden=\"true\" class=\"wp-block-spacer\"><\/div>\n<\/body>","protected":false},"excerpt":{"rendered":"<p>Taube VALLFARTENS DIKTARE Radioprogrammen: den f\u00f6rsta s\u00e4songen 1956. F\u00f6rsta avsnittet. Man h\u00f6r S\u00f6dra teaterns tr\u00e4golv knarra n\u00e4r Taube inleder seriens f\u00f6rsta program. Orkestern har just l\u00e5tit vinjettmusikens sista ackord ringa ut n\u00e4r Taube fuktar l\u00e4pparna och d\u00e4refter basunerar ut: \u201dJa, [&hellip;]<\/p>\n","protected":false},"author":1,"featured_media":6457,"parent":0,"menu_order":1,"comment_status":"closed","ping_status":"closed","template":"","meta":{"footnotes":""},"class_list":["post-6165","page","type-page","status-publish","has-post-thumbnail","hentry"],"_links":{"self":[{"href":"https:\/\/litteraturbanken.se\/diktensmuseum\/wp-json\/wp\/v2\/pages\/6165","targetHints":{"allow":["GET"]}}],"collection":[{"href":"https:\/\/litteraturbanken.se\/diktensmuseum\/wp-json\/wp\/v2\/pages"}],"about":[{"href":"https:\/\/litteraturbanken.se\/diktensmuseum\/wp-json\/wp\/v2\/types\/page"}],"author":[{"embeddable":true,"href":"https:\/\/litteraturbanken.se\/diktensmuseum\/wp-json\/wp\/v2\/users\/1"}],"replies":[{"embeddable":true,"href":"https:\/\/litteraturbanken.se\/diktensmuseum\/wp-json\/wp\/v2\/comments?post=6165"}],"version-history":[{"count":24,"href":"https:\/\/litteraturbanken.se\/diktensmuseum\/wp-json\/wp\/v2\/pages\/6165\/revisions"}],"predecessor-version":[{"id":6657,"href":"https:\/\/litteraturbanken.se\/diktensmuseum\/wp-json\/wp\/v2\/pages\/6165\/revisions\/6657"}],"wp:featuredmedia":[{"embeddable":true,"href":"https:\/\/litteraturbanken.se\/diktensmuseum\/wp-json\/wp\/v2\/media\/6457"}],"wp:attachment":[{"href":"https:\/\/litteraturbanken.se\/diktensmuseum\/wp-json\/wp\/v2\/media?parent=6165"}],"curies":[{"name":"wp","href":"https:\/\/api.w.org\/{rel}","templated":true}]}}