{"id":6169,"date":"2021-03-05T10:34:26","date_gmt":"2021-03-05T09:34:26","guid":{"rendered":"https:\/\/litteraturbanken.se\/diktensmuseum\/?page_id=6169"},"modified":"2021-03-12T08:31:24","modified_gmt":"2021-03-12T07:31:24","slug":"taube-sasong-1-avsnitt-2","status":"publish","type":"page","link":"https:\/\/litteraturbanken.se\/diktensmuseum\/taube-sasong-1-avsnitt-2\/","title":{"rendered":"Taube i Trubadurien: s\u00e4song 1, avsnitt 2"},"content":{"rendered":"<body>\n<div class=\"wp-block-columns is-layout-flex wp-container-core-columns-is-layout-9d6595d7 wp-block-columns-is-layout-flex\">\n<div class=\"wp-block-column is-layout-flow wp-block-column-is-layout-flow\" style=\"flex-basis:65%\">\n<h1 class=\"has-vivid-red-color has-text-color wp-block-heading\">Taube<\/h1>\n\n\n\n<h3 class=\"has-vivid-red-color has-text-color wp-block-heading\">VALLFARTENS DIKTARE<\/h3>\n\n\n\n<div style=\"height:20px\" aria-hidden=\"true\" class=\"wp-block-spacer\"><\/div>\n\n\n\n<h4 class=\"wp-block-heading\">Radioprogrammen: <br>den f\u00f6rsta s\u00e4songen<\/h4>\n\n\n\n<div style=\"height:35px\" aria-hidden=\"true\" class=\"wp-block-spacer\"><\/div>\n\n\n\n<div style=\"height:40px\" aria-hidden=\"true\" class=\"wp-block-spacer\"><\/div>\n\n\n\n<div style=\"height:20px\" aria-hidden=\"true\" class=\"wp-block-spacer\"><\/div>\n\n\n\n<h2 class=\"wp-block-heading\">1956. Andra avsnittet.<\/h2>\n\n\n\n<div style=\"height:20px\" aria-hidden=\"true\" class=\"wp-block-spacer\"><\/div>\n\n\n\n<p>Andra avsnittet i f\u00f6rsta serien \u00e4r en smula speciellt. Det spelades n\u00e4mligen in i tv\u00e5 versioner, som p\u00e5 det hela taget \u00e4r mycket olika varandra. Men huvudmotivet st\u00e5r klart i b\u00e5da programmens anslag: en resa i fantasin genom de sydfranska landskapen i riktning mot Spanien.<\/p>\n\n\n\n<div class=\"wp-playlist wp-audio-playlist wp-playlist-light\">\n\t\t\t<div class=\"wp-playlist-current-item\"><\/div>\n\t\t<audio controls=\"controls\" preload=\"none\" width=\"618\"\n\t\t\t><\/audio>\n\t<div class=\"wp-playlist-next\"><\/div>\n\t<div class=\"wp-playlist-prev\"><\/div>\n\t<noscript>\n\t<ol>\n\t\t<li><a href='https:\/\/litteraturbanken.se\/diktensmuseum\/wp-content\/uploads\/2021\/03\/taube_trubadurien1-2ejsand_taube.mp3'>Del 2. Sydfrankrike och Spanien (aldrig s\u00e4nd)<\/a><\/li>\t<\/ol>\n\t<\/noscript>\n\t<script type=\"application\/json\" class=\"wp-playlist-script\">{\"type\":\"audio\",\"tracklist\":true,\"tracknumbers\":true,\"images\":true,\"artists\":true,\"tracks\":[{\"src\":\"https:\/\/litteraturbanken.se\/diktensmuseum\/wp-content\/uploads\/2021\/03\/taube_trubadurien1-2ejsand_taube.mp3\",\"type\":\"audio\/mpeg\",\"title\":\"Del 2. Sydfrankrike och Spanien (aldrig s\\u00e4nd)\",\"caption\":\"\",\"description\":\"\\\"Del 2. Sydfrankrike och Spanien (aldrig s\\u00e4nd)\\\" fr\\u00e5n Evert Taube i Trubadurien av Taube, Evert. Sl\\u00e4ppt: 1956. Sp\\u00e5r 2.\",\"meta\":{\"artist\":\"Evert Taube i Trubadurien (1956)\",\"album\":\"Evert Taube\",\"year\":\"1956\",\"length_formatted\":\"38:45\"},\"image\":{\"src\":\"https:\/\/litteraturbanken.se\/diktensmuseum\/wp-content\/uploads\/2021\/03\/lb_affisch_taube_2.202_st\\u00e5ende_\\u00f6t_ljusr\\u00f6d-1.jpg\",\"width\":1200,\"height\":1697},\"thumb\":{\"src\":\"https:\/\/litteraturbanken.se\/diktensmuseum\/wp-content\/uploads\/2021\/03\/lb_affisch_taube_2.202_st\\u00e5ende_\\u00f6t_ljusr\\u00f6d-1-150x150.jpg\",\"width\":150,\"height\":150}}]}<\/script>\n<\/div>\n\t\n\n\n\n<p class=\"has-small-font-size\"><em>Detta program s\u00e4ndes aldrig p\u00e5 radion, utan ersattes av programmet som \u00e5terfinns h\u00e4r nedanf\u00f6r. Inspelningen \u00e5terges med tillst\u00e5nd fr\u00e5n Sveriges Radio och r\u00e4ttighetshavarna.<\/em><\/p>\n\n\n\n<div style=\"height:20px\" aria-hidden=\"true\" class=\"wp-block-spacer\"><\/div>\n\n\n\n<figure class=\"wp-block-image size-large\"><a href=\"https:\/\/litteraturbanken.se\/diktensmuseum\/wp-content\/uploads\/2021\/03\/Chemin_de_fer_du_Midi_-_Tauzin_Louis_1910.jpg\" target=\"_blank\" rel=\"noreferrer noopener\"><img decoding=\"async\" width=\"971\" height=\"1024\" src=\"https:\/\/litteraturbanken.se\/diktensmuseum\/wp-content\/uploads\/2021\/03\/Chemin_de_fer_du_Midi_-_Tauzin_Louis_1910-971x1024.jpg\" alt=\"\" class=\"wp-image-6401\" loading=\"lazy\" srcset=\"https:\/\/litteraturbanken.se\/diktensmuseum\/wp-content\/uploads\/2021\/03\/Chemin_de_fer_du_Midi_-_Tauzin_Louis_1910-971x1024.jpg 971w, https:\/\/litteraturbanken.se\/diktensmuseum\/wp-content\/uploads\/2021\/03\/Chemin_de_fer_du_Midi_-_Tauzin_Louis_1910-285x300.jpg 285w, https:\/\/litteraturbanken.se\/diktensmuseum\/wp-content\/uploads\/2021\/03\/Chemin_de_fer_du_Midi_-_Tauzin_Louis_1910-768x810.jpg 768w, https:\/\/litteraturbanken.se\/diktensmuseum\/wp-content\/uploads\/2021\/03\/Chemin_de_fer_du_Midi_-_Tauzin_Louis_1910-480x506.jpg 480w, https:\/\/litteraturbanken.se\/diktensmuseum\/wp-content\/uploads\/2021\/03\/Chemin_de_fer_du_Midi_-_Tauzin_Louis_1910.jpg 1200w\" sizes=\"auto, (max-width: 971px) 100vw, 971px\" \/><\/a><figcaption><em>Affischen, fr\u00e5n 1910 (h\u00e4r beskuren), har vi l\u00e5nat fr\u00e5n <a rel=\"noreferrer noopener\" href=\"https:\/\/commons.wikimedia.org\/wiki\/File:Chemin_de_fer_du_Midi_-_Tauzin_Louis_(1910).jpg\" target=\"_blank\">Wikimedia<\/a>.<\/em><\/figcaption><\/figure>\n\n\n\n<div style=\"height:30px\" aria-hidden=\"true\" class=\"wp-block-spacer\"><\/div>\n\n\n\n<div class=\"wp-playlist wp-audio-playlist wp-playlist-light\">\n\t\t\t<div class=\"wp-playlist-current-item\"><\/div>\n\t\t<audio controls=\"controls\" preload=\"none\" width=\"618\"\n\t\t\t><\/audio>\n\t<div class=\"wp-playlist-next\"><\/div>\n\t<div class=\"wp-playlist-prev\"><\/div>\n\t<noscript>\n\t<ol>\n\t\t<li><a href='https:\/\/litteraturbanken.se\/diktensmuseum\/wp-content\/uploads\/2021\/03\/taube_trubadurien1-2_taube.mp3'>Del 2. Sydfrankrike och Spanien<\/a><\/li>\t<\/ol>\n\t<\/noscript>\n\t<script type=\"application\/json\" class=\"wp-playlist-script\">{\"type\":\"audio\",\"tracklist\":true,\"tracknumbers\":true,\"images\":true,\"artists\":true,\"tracks\":[{\"src\":\"https:\/\/litteraturbanken.se\/diktensmuseum\/wp-content\/uploads\/2021\/03\/taube_trubadurien1-2_taube.mp3\",\"type\":\"audio\/mpeg\",\"title\":\"Del 2. Sydfrankrike och Spanien\",\"caption\":\"\",\"description\":\"\\\"Del 2. Sydfrankrike och Spanien\\\" fr\\u00e5n Evert Taube i Trubadurien av Taube, Evert. Sl\\u00e4ppt: 1956. Sp\\u00e5r 3.\",\"meta\":{\"artist\":\"Evert Taube i Trubadurien (1956)\",\"album\":\"Evert Taube\",\"year\":\"1956\",\"length_formatted\":\"26:57\"},\"image\":{\"src\":\"https:\/\/litteraturbanken.se\/diktensmuseum\/wp-content\/uploads\/2021\/03\/lb_affisch_taube_2.202_st\\u00e5ende_\\u00f6t_ljusr\\u00f6d-1.jpg\",\"width\":1200,\"height\":1697},\"thumb\":{\"src\":\"https:\/\/litteraturbanken.se\/diktensmuseum\/wp-content\/uploads\/2021\/03\/lb_affisch_taube_2.202_st\\u00e5ende_\\u00f6t_ljusr\\u00f6d-1-150x150.jpg\",\"width\":150,\"height\":150}}]}<\/script>\n<\/div>\n\t\n\n\n\n<p class=\"has-small-font-size\"><em>Programmet s\u00e4ndes den 12 oktober 1956, klockan 19.30. Inspelningen \u00e5terges med tillst\u00e5nd fr\u00e5n Sveriges Radio och r\u00e4ttighetshavarna.<\/em><\/p>\n\n\n\n<p>Taube ber\u00e4ttar om hur han susar fram med sin \u201dsvartgl\u00e4nsande Bugatti\u201d p\u00e5 ur\u00e5ldriga v\u00e4gar anlagda redan p\u00e5 romarnas tid. Det \u00e4r en 1900-talets vallfart. Vyerna fr\u00e5n denna utflykt vittnar om en f\u00f6rfluten glansperiod, och bilf\u00e4rden utvecklar sig d\u00e4rf\u00f6r till en fantasins spr\u00e5ngbr\u00e4da tillbaka till de provensalska riddarpoeterna, till de arabiska ryttarna fr\u00e5n s\u00f6dern.\u00a0<\/p>\n\n\n\n<blockquote class=\"wp-block-quote is-layout-flow wp-block-quote-is-layout-flow\"><p><em>\u201cBilens hundra kilometer i timmen ger en tjusande rytm \u00e5t sceneriets v\u00e4xlingar\u201d<\/em><\/p><\/blockquote>\n\n\n\n<div style=\"height:20px\" aria-hidden=\"true\" class=\"wp-block-spacer\"><\/div>\n\n\n\n<figure class=\"wp-block-image size-large\"><a href=\"https:\/\/litteraturbanken.se\/diktensmuseum\/wp-content\/uploads\/2021\/03\/ET-med-Bugattin_reducerad.jpg\" target=\"_blank\" rel=\"noreferrer noopener\"><img decoding=\"async\" width=\"900\" height=\"511\" src=\"https:\/\/litteraturbanken.se\/diktensmuseum\/wp-content\/uploads\/2021\/03\/ET-med-Bugattin_reducerad.jpg\" alt=\"\" class=\"wp-image-6219\" loading=\"lazy\" srcset=\"https:\/\/litteraturbanken.se\/diktensmuseum\/wp-content\/uploads\/2021\/03\/ET-med-Bugattin_reducerad.jpg 900w, https:\/\/litteraturbanken.se\/diktensmuseum\/wp-content\/uploads\/2021\/03\/ET-med-Bugattin_reducerad-300x170.jpg 300w, https:\/\/litteraturbanken.se\/diktensmuseum\/wp-content\/uploads\/2021\/03\/ET-med-Bugattin_reducerad-768x436.jpg 768w, https:\/\/litteraturbanken.se\/diktensmuseum\/wp-content\/uploads\/2021\/03\/ET-med-Bugattin_reducerad-480x273.jpg 480w\" sizes=\"auto, (max-width: 900px) 100vw, 900px\" \/><\/a><figcaption><em>Evert Taube med Bugattin.<\/em><\/figcaption><\/figure>\n\n\n\n<div style=\"height:30px\" aria-hidden=\"true\" class=\"wp-block-spacer\"><\/div>\n\n\n\n<p>Taube tjusas av tanken om att \u201dhela den str\u00e5lande kultur och levnadskonst som spreds fr\u00e5n Provence var en gestaltning av den arabiska civilisationen\u201d. D\u00e5 bildade Pyren\u00e9erna och Roussillon den m\u00f6tesplats d\u00e4r det arabiska Spanien och de kristna sydfranska provinserna samf\u00e4llt befruktade varandras kulturer.\u00a0<\/p>\n\n\n\n<div style=\"height:20px\" aria-hidden=\"true\" class=\"wp-block-spacer\"><\/div>\n\n\n\n<figure class=\"wp-block-image size-large\"><a href=\"https:\/\/litteraturbanken.se\/diktensmuseum\/wp-content\/uploads\/2021\/03\/Roussillon_-_Carte_de_Nicolas_de_Fer_1706_beskuren.jpg\" target=\"_blank\" rel=\"noreferrer noopener\"><img decoding=\"async\" width=\"1024\" height=\"765\" src=\"https:\/\/litteraturbanken.se\/diktensmuseum\/wp-content\/uploads\/2021\/03\/Roussillon_-_Carte_de_Nicolas_de_Fer_1706_beskuren-1024x765.jpg\" alt=\"\" class=\"wp-image-6397\" loading=\"lazy\" srcset=\"https:\/\/litteraturbanken.se\/diktensmuseum\/wp-content\/uploads\/2021\/03\/Roussillon_-_Carte_de_Nicolas_de_Fer_1706_beskuren-1024x765.jpg 1024w, https:\/\/litteraturbanken.se\/diktensmuseum\/wp-content\/uploads\/2021\/03\/Roussillon_-_Carte_de_Nicolas_de_Fer_1706_beskuren-300x224.jpg 300w, https:\/\/litteraturbanken.se\/diktensmuseum\/wp-content\/uploads\/2021\/03\/Roussillon_-_Carte_de_Nicolas_de_Fer_1706_beskuren-768x574.jpg 768w, https:\/\/litteraturbanken.se\/diktensmuseum\/wp-content\/uploads\/2021\/03\/Roussillon_-_Carte_de_Nicolas_de_Fer_1706_beskuren-480x359.jpg 480w, https:\/\/litteraturbanken.se\/diktensmuseum\/wp-content\/uploads\/2021\/03\/Roussillon_-_Carte_de_Nicolas_de_Fer_1706_beskuren.jpg 1200w\" sizes=\"auto, (max-width: 1024px) 100vw, 1024px\" \/><\/a><figcaption><em>Kartan \u00f6ver Roussillon, fr\u00e5n 1706, har vi l\u00e5nat fr\u00e5n Wikipedia.<\/em><\/figcaption><\/figure>\n\n\n\n<div style=\"height:30px\" aria-hidden=\"true\" class=\"wp-block-spacer\"><\/div>\n\n\n\n<p>Anledningen till att det finns tv\u00e5 bevarade versioner av programmet kan vi bara spekulera kring. Men David Anthin skriver ang\u00e5ende detta:\u00a0<a href=\"https:\/\/litteraturbanken.se\/f%C3%B6rfattare\/AnthinD\/titlar\/EvertTaubesScener\/sida\/361\/faksimil\">\u201dI den f\u00f6rsta versionen l\u00e4ser<\/a>, eller r\u00e4ttare sagt ber\u00e4ttar Taube hela kapitlet \u2019Bilhorn och panfl\u00f6jt\u2019 ur\u00a0<em>Vallfart,\u00a0<\/em>med en m\u00e4ngd utvikningar och inpass, och det \u00e4r \u00e5tminstone inledningsvis en Taube i\u00a0toppform\u00a0som upptr\u00e4der. Mot slutet mattas Taube emellertid n\u00e5got och han tappar allt oftare tr\u00e5den, vilket f\u00f6rmodligen var det som fr\u00e4mst f\u00f6ranledde omtagningen. I den andra versionen har orkestern skickats hem och Hahn sk\u00f6ter sj\u00e4lv ackompanjemanget p\u00e5 piano.\u201d<\/p>\n\n\n\n<p>I den andra, senare s\u00e4nda versionen kan man \u00e4ven h\u00f6ra Taube sjunga n\u00e5gra visor ur sin egen repertoar: \u201dFritiof Anderssons paradmarsch\u201d (5:00), \u201dResan till Spanien eller En sj\u00f6matros uti bl\u00e5a kl\u00e4der\u201d (13:30), samt \u201dOxdragars\u00e5ng\u201d (24:37).<\/p>\n\n\n\n<p><em>P\u00e5 andra sidan Pyren\u00e9erna vinkar Barcelona i fj\u00e4rran. <a href=\"https:\/\/litteraturbanken.se\/diktensmuseum\/taube-sasong-1-avsnitt-3\/\">Dit reser vi med Taube i n\u00e4sta program. <\/a><\/em><\/p>\n\n\n\n<p>L\u00c4NK TILL BOKKAPITEL SOM TAUBE L\u00c4SER UR I PROGRAMMET:<br>\u2013\u00a0<a href=\"https:\/\/litteraturbanken.se\/f%C3%B6rfattare\/TaubeE\/titlar\/Vallfart\/sida\/17\/etext\" target=\"_blank\" rel=\"noreferrer noopener\" aria-label=\" (\u00f6ppnas i en ny flik)\">\u201dBilhorn och panfl\u00f6jt\u201d<\/a><\/p>\n<\/div>\n\n\n\n<div class=\"wp-block-column is-layout-flow wp-block-column-is-layout-flow\" style=\"flex-basis:35%\">\n<div style=\"height:20px\" aria-hidden=\"true\" class=\"wp-block-spacer\"><\/div>\n\n\n\n<p><a href=\"https:\/\/litteraturbanken.se\/diktensmuseum\/taube-inledning\/\">EN INTRODUKTION<\/a><br><br>RADIO: S\u00c4SONG 1<br><a href=\"https:\/\/litteraturbanken.se\/diktensmuseum\/taube-sasong-1-avsnitt-1\/\">AVSNITT ETT<\/a><br><a href=\"https:\/\/litteraturbanken.se\/diktensmuseum\/taube-sasong-1-avsnitt-2\/\">AVSNITT TV\u00c5<\/a><br><a href=\"https:\/\/litteraturbanken.se\/diktensmuseum\/taube-sasong-1-avsnitt-3\/\">AVSNITT TRE<\/a><br><a href=\"https:\/\/litteraturbanken.se\/diktensmuseum\/taube-sasong-1-avsnitt-4\/\">AVSNITT FYRA<\/a><br><br>RADIO: S\u00c4SONG 2<br><a href=\"https:\/\/litteraturbanken.se\/diktensmuseum\/taube-sasong-2-avsnitt-1\/\">AVSNITT ETT<\/a><br><a href=\"https:\/\/litteraturbanken.se\/diktensmuseum\/taube-sasong-2-avsnitt-2\/\">AVSNITT TV\u00c5<\/a><br><a href=\"https:\/\/litteraturbanken.se\/diktensmuseum\/taube-sasong-2-avsnitt-3\/\">AVSNITT TRE<\/a><br><a href=\"https:\/\/litteraturbanken.se\/diktensmuseum\/taube-sasong-2-avsnitt-4\/\">AVSNITT FYRA<\/a><br><br><a href=\"https:\/\/litteraturbanken.se\/diktensmuseum\/taube-bortklippt\/\">BORTKLIPPT<\/a><\/p>\n\n\n\n<p>DAVID ANTHIN:<br>EVERT TAUBE I TRUBADURIEN<br><a href=\"https:\/\/litteraturbanken.se\/diktensmuseum\/anthin-del-1\/\">1. INLEDNING<\/a><br><a href=\"https:\/\/litteraturbanken.se\/diktensmuseum\/anthin-del-2\/\">2. DAMEN I SVART MED VIOLER<\/a><br><a href=\"https:\/\/litteraturbanken.se\/diktensmuseum\/anthin-del-3\/\">3. EN VALLFART I FLERA MEDIER<\/a><br><a href=\"https:\/\/litteraturbanken.se\/diktensmuseum\/anthin-del-4\/\">4. VALLFARTENS EVIGA V\u00c4RDE<\/a><\/p>\n\n\n\n<div style=\"height:20px\" aria-hidden=\"true\" class=\"wp-block-spacer\"><\/div>\n\n\n\n<div style=\"height:20px\" aria-hidden=\"true\" class=\"wp-block-spacer\"><\/div>\n\n\n\n<div style=\"height:20px\" aria-hidden=\"true\" class=\"wp-block-spacer\"><\/div>\n\n\n\n<figure class=\"wp-block-image size-large\"><a href=\"https:\/\/litteraturbanken.se\/diktensmuseum\/wp-content\/uploads\/2021\/03\/lb_affisch_taube_2.202_st%C3%A5ende_%C3%B6t_bl%C3%A5.jpg\" target=\"_blank\" rel=\"noreferrer noopener\"><img decoding=\"async\" src=\"https:\/\/litteraturbanken.se\/diktensmuseum\/wp-content\/uploads\/2021\/03\/lb_affisch_taube_2.202_st%C3%A5ende_%C3%B6t_bl%C3%A5-724x1024.jpg\" alt=\"\" class=\"wp-image-6459\" loading=\"lazy\"><\/a><\/figure>\n\n\n\n<div style=\"height:40px\" aria-hidden=\"true\" class=\"wp-block-spacer\"><\/div>\n\n\n\n<hr class=\"wp-block-separator\">\n\n\n\n<h5 class=\"wp-block-heading\">OM UTST\u00c4LLNINGEN<\/h5>\n\n\n\n<p style=\"font-size:11px\"><em>Utst\u00e4llningen \u201dTaube: vallfartens diktare\u201d producerades f\u00f6r Litteraturbanken under februari &amp; mars 2021 av Martin Joviken. D\u00e4r inget annat anges \u00e4r alla texter skrivna av Martin Joviken. \u201dEvert Taube i Trubadurien\u201d \u00e4r skriven av David Anthin.<\/em><\/p>\n\n\n\n<div style=\"height:20px\" aria-hidden=\"true\" class=\"wp-block-spacer\"><\/div>\n\n\n\n<p style=\"font-size:11px\"><em>Radioprogrammen \u00e5terges med tillst\u00e5nd fr\u00e5n r\u00e4ttighetshavaren och Sveriges Radio.<\/em><\/p>\n\n\n\n<div style=\"height:40px\" aria-hidden=\"true\" class=\"wp-block-spacer\"><\/div>\n<\/div>\n<\/div>\n\n\n\n<div style=\"height:20px\" aria-hidden=\"true\" class=\"wp-block-spacer\"><\/div>\n\n\n\n<div style=\"height:20px\" aria-hidden=\"true\" class=\"wp-block-spacer\"><\/div>\n<\/body>","protected":false},"excerpt":{"rendered":"<p>Taube VALLFARTENS DIKTARE Radioprogrammen: den f\u00f6rsta s\u00e4songen 1956. Andra avsnittet. Andra avsnittet i f\u00f6rsta serien \u00e4r en smula speciellt. Det spelades n\u00e4mligen in i tv\u00e5 versioner, som p\u00e5 det hela taget \u00e4r mycket olika varandra. Men huvudmotivet st\u00e5r klart i [&hellip;]<\/p>\n","protected":false},"author":1,"featured_media":6459,"parent":0,"menu_order":1,"comment_status":"closed","ping_status":"closed","template":"","meta":{"footnotes":""},"class_list":["post-6169","page","type-page","status-publish","has-post-thumbnail","hentry"],"_links":{"self":[{"href":"https:\/\/litteraturbanken.se\/diktensmuseum\/wp-json\/wp\/v2\/pages\/6169","targetHints":{"allow":["GET"]}}],"collection":[{"href":"https:\/\/litteraturbanken.se\/diktensmuseum\/wp-json\/wp\/v2\/pages"}],"about":[{"href":"https:\/\/litteraturbanken.se\/diktensmuseum\/wp-json\/wp\/v2\/types\/page"}],"author":[{"embeddable":true,"href":"https:\/\/litteraturbanken.se\/diktensmuseum\/wp-json\/wp\/v2\/users\/1"}],"replies":[{"embeddable":true,"href":"https:\/\/litteraturbanken.se\/diktensmuseum\/wp-json\/wp\/v2\/comments?post=6169"}],"version-history":[{"count":28,"href":"https:\/\/litteraturbanken.se\/diktensmuseum\/wp-json\/wp\/v2\/pages\/6169\/revisions"}],"predecessor-version":[{"id":6658,"href":"https:\/\/litteraturbanken.se\/diktensmuseum\/wp-json\/wp\/v2\/pages\/6169\/revisions\/6658"}],"wp:featuredmedia":[{"embeddable":true,"href":"https:\/\/litteraturbanken.se\/diktensmuseum\/wp-json\/wp\/v2\/media\/6459"}],"wp:attachment":[{"href":"https:\/\/litteraturbanken.se\/diktensmuseum\/wp-json\/wp\/v2\/media?parent=6169"}],"curies":[{"name":"wp","href":"https:\/\/api.w.org\/{rel}","templated":true}]}}