{"id":6171,"date":"2021-03-05T10:34:22","date_gmt":"2021-03-05T09:34:22","guid":{"rendered":"https:\/\/litteraturbanken.se\/diktensmuseum\/?page_id=6171"},"modified":"2021-03-12T08:33:07","modified_gmt":"2021-03-12T07:33:07","slug":"taube-sasong-1-avsnitt-3","status":"publish","type":"page","link":"https:\/\/litteraturbanken.se\/diktensmuseum\/taube-sasong-1-avsnitt-3\/","title":{"rendered":"Taube i Trubadurien: s\u00e4song 1, avsnitt 3"},"content":{"rendered":"<body>\n<div class=\"wp-block-columns is-layout-flex wp-container-core-columns-is-layout-9d6595d7 wp-block-columns-is-layout-flex\">\n<div class=\"wp-block-column is-layout-flow wp-block-column-is-layout-flow\" style=\"flex-basis:65%\">\n<h1 class=\"has-vivid-red-color has-text-color wp-block-heading\">Taube<\/h1>\n\n\n\n<h3 class=\"has-vivid-red-color has-text-color wp-block-heading\">VALLFARTENS DIKTARE<\/h3>\n\n\n\n<div style=\"height:20px\" aria-hidden=\"true\" class=\"wp-block-spacer\"><\/div>\n\n\n\n<h4 class=\"wp-block-heading\">Radioprogrammen: <br>den f\u00f6rsta s\u00e4songen<\/h4>\n\n\n\n<div style=\"height:35px\" aria-hidden=\"true\" class=\"wp-block-spacer\"><\/div>\n\n\n\n<div style=\"height:40px\" aria-hidden=\"true\" class=\"wp-block-spacer\"><\/div>\n\n\n\n<div style=\"height:20px\" aria-hidden=\"true\" class=\"wp-block-spacer\"><\/div>\n\n\n\n<h2 class=\"wp-block-heading\">1956. Tredje avsnittet.<\/h2>\n\n\n\n<div style=\"height:20px\" aria-hidden=\"true\" class=\"wp-block-spacer\"><\/div>\n\n\n\n<p>Vi har nu korsat Pyren\u00e9erna och l\u00e4mnat Sydfrankrike bakom oss f\u00f6r ett \u00f6gonblick. Barcelona \u00e4r n\u00e4mligen det tredje avsnittets resm\u00e5l. Taube ber\u00e4ttar att han h\u00e4r undervisats i iberisk folkpoesi av sj\u00e4lvaste Felipe Pedrell (1841\u20131922), en katalansk komposit\u00f6r och musikhistoriker, vars bibliotek p\u00e5st\u00e5s vara n\u00e5got ut\u00f6ver det vanliga.<\/p>\n\n\n\n<div style=\"height:20px\" aria-hidden=\"true\" class=\"wp-block-spacer\"><\/div>\n\n\n\n<figure class=\"wp-block-image size-large\"><a href=\"https:\/\/litteraturbanken.se\/diktensmuseum\/wp-content\/uploads\/2021\/03\/Felipe_Pedrell_01.jpg\" target=\"_blank\" rel=\"noreferrer noopener\"><img decoding=\"async\" width=\"1024\" height=\"853\" src=\"https:\/\/litteraturbanken.se\/diktensmuseum\/wp-content\/uploads\/2021\/03\/Felipe_Pedrell_01-1024x853.jpg\" alt=\"\" class=\"wp-image-6404\" loading=\"lazy\" srcset=\"https:\/\/litteraturbanken.se\/diktensmuseum\/wp-content\/uploads\/2021\/03\/Felipe_Pedrell_01-1024x853.jpg 1024w, https:\/\/litteraturbanken.se\/diktensmuseum\/wp-content\/uploads\/2021\/03\/Felipe_Pedrell_01-300x250.jpg 300w, https:\/\/litteraturbanken.se\/diktensmuseum\/wp-content\/uploads\/2021\/03\/Felipe_Pedrell_01-768x640.jpg 768w, https:\/\/litteraturbanken.se\/diktensmuseum\/wp-content\/uploads\/2021\/03\/Felipe_Pedrell_01-480x400.jpg 480w, https:\/\/litteraturbanken.se\/diktensmuseum\/wp-content\/uploads\/2021\/03\/Felipe_Pedrell_01.jpg 1200w\" sizes=\"auto, (max-width: 1024px) 100vw, 1024px\" \/><\/a><figcaption><em>Felipe Pedrell. Bilden har vi l\u00e5nat fr\u00e5n <a href=\"https:\/\/commons.wikimedia.org\/wiki\/File:Felipe_Pedrell_01.jpg\" target=\"_blank\" rel=\"noreferrer noopener\" aria-label=\"Wikipedia (\u00f6ppnas i en ny flik)\">Wikipedia<\/a>.<\/em><\/figcaption><\/figure>\n\n\n\n<div style=\"height:30px\" aria-hidden=\"true\" class=\"wp-block-spacer\"><\/div>\n\n\n\n<div class=\"wp-playlist wp-audio-playlist wp-playlist-light\">\n\t\t\t<div class=\"wp-playlist-current-item\"><\/div>\n\t\t<audio controls=\"controls\" preload=\"none\" width=\"618\"\n\t\t\t><\/audio>\n\t<div class=\"wp-playlist-next\"><\/div>\n\t<div class=\"wp-playlist-prev\"><\/div>\n\t<noscript>\n\t<ol>\n\t\t<li><a href='https:\/\/litteraturbanken.se\/diktensmuseum\/wp-content\/uploads\/2021\/03\/taube_trubadurien1-3_taube.mp3'>Del 3. Medelhavets st\u00e4der, s\u00e4rskilt Barcelona<\/a><\/li>\t<\/ol>\n\t<\/noscript>\n\t<script type=\"application\/json\" class=\"wp-playlist-script\">{\"type\":\"audio\",\"tracklist\":true,\"tracknumbers\":true,\"images\":true,\"artists\":true,\"tracks\":[{\"src\":\"https:\/\/litteraturbanken.se\/diktensmuseum\/wp-content\/uploads\/2021\/03\/taube_trubadurien1-3_taube.mp3\",\"type\":\"audio\/mpeg\",\"title\":\"Del 3. Medelhavets st\\u00e4der, s\\u00e4rskilt Barcelona\",\"caption\":\"\",\"description\":\"\\\"Del 3. Medelhavets st\\u00e4der, s\\u00e4rskilt Barcelona\\\" fr\\u00e5n Evert Taube i Trubadurien av Taube, Evert. Sl\\u00e4ppt: 1956. Sp\\u00e5r 4.\",\"meta\":{\"artist\":\"Evert Taube i Trubadurien (1956)\",\"album\":\"Evert Taube\",\"year\":\"1956\",\"length_formatted\":\"39:57\"},\"image\":{\"src\":\"https:\/\/litteraturbanken.se\/diktensmuseum\/wp-content\/uploads\/2021\/03\/lb_affisch_taube_2.202_st\\u00e5ende_\\u00f6t_ljusr\\u00f6d-1.jpg\",\"width\":1200,\"height\":1697},\"thumb\":{\"src\":\"https:\/\/litteraturbanken.se\/diktensmuseum\/wp-content\/uploads\/2021\/03\/lb_affisch_taube_2.202_st\\u00e5ende_\\u00f6t_ljusr\\u00f6d-1-150x150.jpg\",\"width\":150,\"height\":150}}]}<\/script>\n<\/div>\n\t\n\n\n\n<p class=\"has-small-font-size\"><em>Programmet s\u00e4ndes den 19 oktober 1956, klockan 19.30. Inspelningen \u00e5terges med tillst\u00e5nd fr\u00e5n Sveriges Radio och r\u00e4ttighetshavarna.<\/em><\/p>\n\n\n\n<p>Enligt legenden bodde \u00e4ven f\u00f6rfattaren\u00a0<a href=\"https:\/\/litteraturbanken.se\/f%C3%B6rfattare\/CervantesSM\/titlar\" target=\"_blank\" rel=\"noreferrer noopener\" aria-label=\" (\u00f6ppnas i en ny flik)\">Miguel de Cervantes<\/a>\u00a0(1547\u20131616) i ett av husen l\u00e4ngs med strandgatan Paseo de Col\u00f3n h\u00e4r i staden i b\u00f6rjan av 1600-talet, ber\u00e4ttar Taube.\u00a0\u00a0H\u00e4r avslutade f\u00f6rfattaren sista delen av sin stora roman om Don Quijote. \u201dJag hoppas att det finns n\u00e5gon lyssnare i Sverige som tycker att detta \u00e4r intressant\u201d, till\u00e4gger Taube bet\u00e4nksamt och forts\u00e4tter: \u201dJag tycker att det \u00e4r v\u00e4rt att ha blivit\u00a0<em>f\u00f6dd<\/em>\u00a0f\u00f6r att se en s\u00e5n sak. Men det beror ju p\u00e5 att jag \u00e4r litterat\u00f6r.\u201d Som vi lite senare ska se i\u00a0<a href=\"https:\/\/litteraturbanken.se\/diktensmuseum\/anthin-del-1\/\">David Anthins f\u00f6rdjupning<\/a> fanns det obestridligen lyssnare som brydde sig.\u00a0<\/p>\n\n\n\n<div style=\"height:20px\" aria-hidden=\"true\" class=\"wp-block-spacer\"><\/div>\n\n\n\n<figure class=\"wp-block-image size-large\"><a href=\"https:\/\/litteraturbanken.se\/diktensmuseum\/wp-content\/uploads\/2021\/03\/barcelona.jpg\" target=\"_blank\" rel=\"noreferrer noopener\"><img decoding=\"async\" width=\"1024\" height=\"649\" src=\"https:\/\/litteraturbanken.se\/diktensmuseum\/wp-content\/uploads\/2021\/03\/barcelona-1024x649.jpg\" alt=\"\" class=\"wp-image-6407\" loading=\"lazy\" srcset=\"https:\/\/litteraturbanken.se\/diktensmuseum\/wp-content\/uploads\/2021\/03\/barcelona-1024x649.jpg 1024w, https:\/\/litteraturbanken.se\/diktensmuseum\/wp-content\/uploads\/2021\/03\/barcelona-300x190.jpg 300w, https:\/\/litteraturbanken.se\/diktensmuseum\/wp-content\/uploads\/2021\/03\/barcelona-768x486.jpg 768w, https:\/\/litteraturbanken.se\/diktensmuseum\/wp-content\/uploads\/2021\/03\/barcelona-480x304.jpg 480w, https:\/\/litteraturbanken.se\/diktensmuseum\/wp-content\/uploads\/2021\/03\/barcelona.jpg 1200w\" sizes=\"auto, (max-width: 1024px) 100vw, 1024px\" \/><\/a><figcaption><em>Barcelona. Vykort.<\/em><\/figcaption><\/figure>\n\n\n\n<div style=\"height:30px\" aria-hidden=\"true\" class=\"wp-block-spacer\"><\/div>\n\n\n\n<p>Och det \u00e4r i egenskap av litterat\u00f6r som Taube leder oss vidare i programmet. Att de katalanska och spanska folkvisorna b\u00e4r p\u00e5 en s\u00e4rskild ordmagi tycks Taube ha uppt\u00e4ckt i Barcelona; han understryker att dess \u201dtonfall, klang och rytm lyfter k\u00e4nslan \u00f6ver vardagen \u2013 lyfter k\u00e4nslan \u00f6ver vardagen! \u2013 h\u00e4n till en v\u00e4rld d\u00e4r allt \u00e4r poesi, b\u00e5de gl\u00e4djen och sorgen.\u201d<\/p>\n\n\n\n<p>Till denna v\u00e4rld ledsagar oss litterat\u00f6ren Taube sedermera n\u00e4r han deklamerar tv\u00e5 \u00f6vers\u00e4ttningar, f\u00f6rst av en katalansk vaggvisa och d\u00e4refter en andalusisk ballad. Den senare ackompanjerad av str\u00e5kar och bl\u00e5s tjugo minuter in i programmet:<\/p>\n\n\n\n<div class=\"wp-block-columns is-layout-flex wp-container-core-columns-is-layout-9d6595d7 wp-block-columns-is-layout-flex\">\n<div class=\"wp-block-column is-layout-flow wp-block-column-is-layout-flow\">\n<p>TRYCKT:<\/p>\n\n\n\n<p class=\"has-small-font-size\"><a href=\"https:\/\/litteraturbanken.se\/f%C3%B6rfattare\/TaubeE\/titlar\/Vallfart\/sida\/32\/etext\" target=\"_blank\" rel=\"noreferrer noopener\" aria-label=\" (\u00f6ppnas i en ny flik)\">\u201dSuckade du Valdovinos<\/a><br>f\u00f6r n\u00e5got du t\u00e4nkte hinna,<br>f\u00f6r n\u00e5got du t\u00e4nkte hinna?<br>\u00c4r du kanske f\u00f6r morerna r\u00e4dd<br>eller har i Frankrike kvinna,<br>eller har i Frankrike kvinna?\u201d<br>\u201dInte fruktar jag f\u00f6r morer,<br>har inte i Frankrike kvinna,<br>har inte i Frankrike kvinna.<br>Men du \u00e4r hedning och kristen \u00e4r jag.<br>Tillsamman m\u00e5nde vi brinna!\u201d<\/p>\n<\/div>\n\n\n\n<div class=\"wp-block-column is-layout-flow wp-block-column-is-layout-flow\">\n<p>UPPL\u00c4ST:<\/p>\n\n\n\n<p class=\"has-small-font-size\">\u201dSuckade du Valdovinos<br>f\u00f6r n\u00e5got du t\u00e4nkte hinna,<br>f\u00f6r n\u00e5got du t\u00e4nkte hinna?<br>\u00c4r du kanske r\u00e4dd f\u00f6r morerna<br>eller har du i Frankrike en kvinna,<br>eller har du i Frankrike en kvinna?\u201d<br>\u201dInte fruktar jag f\u00f6r morer,<br>jag har inte i Frankrike kvinna,<br>har inte i Frankrike kvinna.<br>Men du \u00e4r hedning och kristen \u00e4r jag.<br>Och tillsamman f\u00e5r vi snart brinna!\u201d<\/p>\n<\/div>\n<\/div>\n\n\n\n<div class=\"wp-playlist wp-audio-playlist wp-playlist-light\">\n\t\t\t<div class=\"wp-playlist-current-item\"><\/div>\n\t\t<audio controls=\"controls\" preload=\"none\" width=\"618\"\n\t\t\t><\/audio>\n\t<div class=\"wp-playlist-next\"><\/div>\n\t<div class=\"wp-playlist-prev\"><\/div>\n\t<noscript>\n\t<ol>\n\t\t<li><a href='https:\/\/litteraturbanken.se\/diktensmuseum\/wp-content\/uploads\/2021\/03\/taube_suckadeduvaldovinos_taube.mp3'>Suckade du Valdovinos<\/a><\/li>\t<\/ol>\n\t<\/noscript>\n\t<script type=\"application\/json\" class=\"wp-playlist-script\">{\"type\":\"audio\",\"tracklist\":true,\"tracknumbers\":true,\"images\":true,\"artists\":true,\"tracks\":[{\"src\":\"https:\/\/litteraturbanken.se\/diktensmuseum\/wp-content\/uploads\/2021\/03\/taube_suckadeduvaldovinos_taube.mp3\",\"type\":\"audio\/mpeg\",\"title\":\"Suckade du Valdovinos\",\"caption\":\"\",\"description\":\"\\\"taube_suckadeduvaldovinos_taube\\\".\",\"meta\":{\"artist\":\"Evert Taube i Trubadurien (1956)\",\"album\":\"Evert Taube\",\"length_formatted\":\"0:43\"},\"image\":{\"src\":\"https:\/\/litteraturbanken.se\/diktensmuseum\/wp-content\/uploads\/2021\/03\/lb_affisch_taube_2.202_st\\u00e5ende_\\u00f6t_ljusr\\u00f6d.jpg\",\"width\":1200,\"height\":1697},\"thumb\":{\"src\":\"https:\/\/litteraturbanken.se\/diktensmuseum\/wp-content\/uploads\/2021\/03\/lb_affisch_taube_2.202_st\\u00e5ende_\\u00f6t_ljusr\\u00f6d-150x150.jpg\",\"width\":150,\"height\":150}}]}<\/script>\n<\/div>\n\t\n\n\n\n<p class=\"has-small-font-size\"><em>Inspelningen \u00e5terges med tillst\u00e5nd fr\u00e5n Sveriges Radio och r\u00e4ttighetshavarna.<\/em><\/p>\n\n\n\n<div style=\"height:21px\" aria-hidden=\"true\" class=\"wp-block-spacer\"><\/div>\n\n\n\n<p>Det \u00e4r inte alltid l\u00e4tt att uttala sig om olikheterna mellan tryckt och uppl\u00e4st dikt n\u00e4r det g\u00e4ller Taubes texter. I m\u00e5nga fall \u00e4r skillnaderna mycket sm\u00e5, i andra avg\u00f6rande. Men det \u00e4r hur som helst uppenbart att lyriken \u00e4r ett slags levande material i Taubes h\u00e4nder. Talet och skriften ger hans texter olika f\u00f6ruts\u00e4ttningar, och de formas d\u00e4refter.<\/p>\n\n\n\n<div style=\"height:20px\" aria-hidden=\"true\" class=\"wp-block-spacer\"><\/div>\n\n\n\n<figure class=\"wp-block-image size-large\"><a href=\"https:\/\/litteraturbanken.se\/diktensmuseum\/wp-content\/uploads\/2021\/03\/taube_gub_beskuren.jpg\" target=\"_blank\" rel=\"noreferrer noopener\"><img decoding=\"async\" width=\"900\" height=\"613\" src=\"https:\/\/litteraturbanken.se\/diktensmuseum\/wp-content\/uploads\/2021\/03\/taube_gub_beskuren.jpg\" alt=\"\" class=\"wp-image-6255\" loading=\"lazy\" srcset=\"https:\/\/litteraturbanken.se\/diktensmuseum\/wp-content\/uploads\/2021\/03\/taube_gub_beskuren.jpg 900w, https:\/\/litteraturbanken.se\/diktensmuseum\/wp-content\/uploads\/2021\/03\/taube_gub_beskuren-300x204.jpg 300w, https:\/\/litteraturbanken.se\/diktensmuseum\/wp-content\/uploads\/2021\/03\/taube_gub_beskuren-768x523.jpg 768w, https:\/\/litteraturbanken.se\/diktensmuseum\/wp-content\/uploads\/2021\/03\/taube_gub_beskuren-480x327.jpg 480w\" sizes=\"auto, (max-width: 900px) 100vw, 900px\" \/><\/a><figcaption><em>Evert Taube i Melbourne (1908). Fotografiet, h\u00e4r beskuret, har vi l\u00e5nat fr\u00e5n <a href=\"http:\/\/urn.kb.se\/resolve?urn=urn:nbn:se:alvin:portal:record-121020\" target=\"_blank\" rel=\"noreferrer noopener\" aria-label=\"samlingen vid G\u00f6teborgs universitetsbibliotek (\u00f6ppnas i en ny flik)\">samlingen vid G\u00f6teborgs universitetsbibliotek<\/a>.<\/em><\/figcaption><\/figure>\n\n\n\n<div style=\"height:30px\" aria-hidden=\"true\" class=\"wp-block-spacer\"><\/div>\n\n\n\n<figure class=\"wp-block-gallery columns-2 wp-block-gallery-1 is-layout-flex wp-block-gallery-is-layout-flex\"><ul class=\"blocks-gallery-grid\"><li class=\"blocks-gallery-item\"><figure><a href=\"https:\/\/litteraturbanken.se\/diktensmuseum\/wp-content\/uploads\/2021\/03\/taube_20okt1956_expr.jpg\"><img decoding=\"async\" width=\"549\" height=\"1024\" src=\"https:\/\/litteraturbanken.se\/diktensmuseum\/wp-content\/uploads\/2021\/03\/taube_20okt1956_expr-549x1024.jpg\" alt=\"\" data-id=\"6603\" data-full-url=\"https:\/\/litteraturbanken.se\/diktensmuseum\/wp-content\/uploads\/2021\/03\/taube_20okt1956_expr.jpg\" data-link=\"https:\/\/litteraturbanken.se\/diktensmuseum\/taube_20okt1956_expr\/\" class=\"wp-image-6603\" loading=\"lazy\" srcset=\"https:\/\/litteraturbanken.se\/diktensmuseum\/wp-content\/uploads\/2021\/03\/taube_20okt1956_expr-549x1024.jpg 549w, https:\/\/litteraturbanken.se\/diktensmuseum\/wp-content\/uploads\/2021\/03\/taube_20okt1956_expr-161x300.jpg 161w, https:\/\/litteraturbanken.se\/diktensmuseum\/wp-content\/uploads\/2021\/03\/taube_20okt1956_expr-480x896.jpg 480w, https:\/\/litteraturbanken.se\/diktensmuseum\/wp-content\/uploads\/2021\/03\/taube_20okt1956_expr.jpg 600w\" sizes=\"auto, (max-width: 549px) 100vw, 549px\" \/><\/a><\/figure><\/li><li class=\"blocks-gallery-item\"><figure><a href=\"https:\/\/litteraturbanken.se\/diktensmuseum\/wp-content\/uploads\/2021\/03\/taube_20okt1956_svd.jpg\"><img decoding=\"async\" width=\"500\" height=\"366\" src=\"https:\/\/litteraturbanken.se\/diktensmuseum\/wp-content\/uploads\/2021\/03\/taube_20okt1956_svd.jpg\" alt=\"\" data-id=\"6600\" data-full-url=\"https:\/\/litteraturbanken.se\/diktensmuseum\/wp-content\/uploads\/2021\/03\/taube_20okt1956_svd.jpg\" data-link=\"https:\/\/litteraturbanken.se\/diktensmuseum\/taube_20okt1956_svd\/\" class=\"wp-image-6600\" loading=\"lazy\" srcset=\"https:\/\/litteraturbanken.se\/diktensmuseum\/wp-content\/uploads\/2021\/03\/taube_20okt1956_svd.jpg 500w, https:\/\/litteraturbanken.se\/diktensmuseum\/wp-content\/uploads\/2021\/03\/taube_20okt1956_svd-300x220.jpg 300w, https:\/\/litteraturbanken.se\/diktensmuseum\/wp-content\/uploads\/2021\/03\/taube_20okt1956_svd-480x351.jpg 480w\" sizes=\"auto, (max-width: 500px) 100vw, 500px\" \/><\/a><\/figure><\/li><\/ul><figcaption class=\"blocks-gallery-caption\"><em>Notiser ur dagspress dagen efter s\u00e4ndning, den 20 oktober 1956. Expressen t.v., Svenska Dagbladet t.h.<\/em><\/figcaption><\/figure>\n\n\n\n<div style=\"height:30px\" aria-hidden=\"true\" class=\"wp-block-spacer\"><\/div>\n\n\n\n<p><em><a href=\"https:\/\/litteraturbanken.se\/diktensmuseum\/taube-sasong-1-avsnitt-4\/\">Klicka h\u00e4r f\u00f6r att ta dig till n\u00e4sta avsnitt, som \u00e4r f\u00f6rsta s\u00e4songens sista avsnitt.<\/a><\/em><\/p>\n\n\n\n<p>L\u00c4NK TILL BOKKAPITEL SOM TAUBE L\u00c4SER UR I PROGRAMMET:<br>\u2013 <a href=\"https:\/\/litteraturbanken.se\/f%C3%B6rfattare\/TaubeE\/titlar\/Vallfart\/sida\/26\/etext\" target=\"_blank\" rel=\"noreferrer noopener\" aria-label=\" (\u00f6ppnas i en ny flik)\">\u201dLa Esplandida Barcelona\u201d<\/a><\/p>\n<\/div>\n\n\n\n<div class=\"wp-block-column is-layout-flow wp-block-column-is-layout-flow\" style=\"flex-basis:35%\">\n<div style=\"height:20px\" aria-hidden=\"true\" class=\"wp-block-spacer\"><\/div>\n\n\n\n<p><a href=\"https:\/\/litteraturbanken.se\/diktensmuseum\/taube-inledning\/\">EN INTRODUKTION<\/a><br><br>RADIO: S\u00c4SONG 1<br><a href=\"https:\/\/litteraturbanken.se\/diktensmuseum\/taube-sasong-1-avsnitt-1\/\">AVSNITT ETT<\/a><br><a href=\"https:\/\/litteraturbanken.se\/diktensmuseum\/taube-sasong-1-avsnitt-2\/\">AVSNITT TV\u00c5<\/a><br><a href=\"https:\/\/litteraturbanken.se\/diktensmuseum\/taube-sasong-1-avsnitt-3\/\">AVSNITT TRE<\/a><br><a href=\"https:\/\/litteraturbanken.se\/diktensmuseum\/taube-sasong-1-avsnitt-4\/\">AVSNITT FYRA<\/a><br><br>RADIO: S\u00c4SONG 2<br><a href=\"https:\/\/litteraturbanken.se\/diktensmuseum\/taube-sasong-2-avsnitt-1\/\">AVSNITT ETT<\/a><br><a href=\"https:\/\/litteraturbanken.se\/diktensmuseum\/taube-sasong-2-avsnitt-2\/\">AVSNITT TV\u00c5<\/a><br><a href=\"https:\/\/litteraturbanken.se\/diktensmuseum\/taube-sasong-2-avsnitt-3\/\">AVSNITT TRE<\/a><br><a href=\"https:\/\/litteraturbanken.se\/diktensmuseum\/taube-sasong-2-avsnitt-4\/\">AVSNITT FYRA<\/a><br><br><a href=\"https:\/\/litteraturbanken.se\/diktensmuseum\/taube-bortklippt\/\">BORTKLIPPT<\/a><\/p>\n\n\n\n<p>DAVID ANTHIN:<br>EVERT TAUBE I TRUBADURIEN<br><a href=\"https:\/\/litteraturbanken.se\/diktensmuseum\/anthin-del-1\/\">1. INLEDNING<\/a><br><a href=\"https:\/\/litteraturbanken.se\/diktensmuseum\/anthin-del-2\/\">2. DAMEN I SVART MED VIOLER<\/a><br><a href=\"https:\/\/litteraturbanken.se\/diktensmuseum\/anthin-del-3\/\">3. EN VALLFART I FLERA MEDIER<\/a><br><a href=\"https:\/\/litteraturbanken.se\/diktensmuseum\/anthin-del-4\/\">4. VALLFARTENS EVIGA V\u00c4RDE<\/a><\/p>\n\n\n\n<div style=\"height:20px\" aria-hidden=\"true\" class=\"wp-block-spacer\"><\/div>\n\n\n\n<div style=\"height:20px\" aria-hidden=\"true\" class=\"wp-block-spacer\"><\/div>\n\n\n\n<div style=\"height:20px\" aria-hidden=\"true\" class=\"wp-block-spacer\"><\/div>\n\n\n\n<figure class=\"wp-block-image size-large\"><a href=\"https:\/\/litteraturbanken.se\/diktensmuseum\/wp-content\/uploads\/2021\/03\/lb_affisch_taube_2.202_st%C3%A5ende_%C3%B6t_svart.jpg\" target=\"_blank\" rel=\"noreferrer noopener\"><img decoding=\"async\" src=\"https:\/\/litteraturbanken.se\/diktensmuseum\/wp-content\/uploads\/2021\/03\/lb_affisch_taube_2.202_st%C3%A5ende_%C3%B6t_svart-724x1024.jpg\" alt=\"\" class=\"wp-image-6461\" loading=\"lazy\"><\/a><\/figure>\n\n\n\n<div style=\"height:40px\" aria-hidden=\"true\" class=\"wp-block-spacer\"><\/div>\n\n\n\n<hr class=\"wp-block-separator\">\n\n\n\n<h5 class=\"wp-block-heading\">OM UTST\u00c4LLNINGEN<\/h5>\n\n\n\n<p style=\"font-size:11px\"><em>Utst\u00e4llningen \u201dTaube: vallfartens diktare\u201d producerades f\u00f6r Litteraturbanken under februari &amp; mars 2021 av Martin Joviken. D\u00e4r inget annat anges \u00e4r alla texter skrivna av Martin Joviken. \u201dEvert Taube i Trubadurien\u201d \u00e4r skriven av David Anthin.<\/em><\/p>\n\n\n\n<div style=\"height:20px\" aria-hidden=\"true\" class=\"wp-block-spacer\"><\/div>\n\n\n\n<p style=\"font-size:11px\"><em>Radioprogrammen \u00e5terges med tillst\u00e5nd fr\u00e5n r\u00e4ttighetshavaren och Sveriges Radio.<\/em><\/p>\n\n\n\n<div style=\"height:40px\" aria-hidden=\"true\" class=\"wp-block-spacer\"><\/div>\n<\/div>\n<\/div>\n\n\n\n<div style=\"height:20px\" aria-hidden=\"true\" class=\"wp-block-spacer\"><\/div>\n\n\n\n<div style=\"height:20px\" aria-hidden=\"true\" class=\"wp-block-spacer\"><\/div>\n<\/body>","protected":false},"excerpt":{"rendered":"<p>Taube VALLFARTENS DIKTARE Radioprogrammen: den f\u00f6rsta s\u00e4songen 1956. Tredje avsnittet. Vi har nu korsat Pyren\u00e9erna och l\u00e4mnat Sydfrankrike bakom oss f\u00f6r ett \u00f6gonblick. Barcelona \u00e4r n\u00e4mligen det tredje avsnittets resm\u00e5l. Taube ber\u00e4ttar att han h\u00e4r undervisats i iberisk folkpoesi av [&hellip;]<\/p>\n","protected":false},"author":1,"featured_media":6461,"parent":0,"menu_order":1,"comment_status":"closed","ping_status":"closed","template":"","meta":{"footnotes":""},"class_list":["post-6171","page","type-page","status-publish","has-post-thumbnail","hentry"],"_links":{"self":[{"href":"https:\/\/litteraturbanken.se\/diktensmuseum\/wp-json\/wp\/v2\/pages\/6171","targetHints":{"allow":["GET"]}}],"collection":[{"href":"https:\/\/litteraturbanken.se\/diktensmuseum\/wp-json\/wp\/v2\/pages"}],"about":[{"href":"https:\/\/litteraturbanken.se\/diktensmuseum\/wp-json\/wp\/v2\/types\/page"}],"author":[{"embeddable":true,"href":"https:\/\/litteraturbanken.se\/diktensmuseum\/wp-json\/wp\/v2\/users\/1"}],"replies":[{"embeddable":true,"href":"https:\/\/litteraturbanken.se\/diktensmuseum\/wp-json\/wp\/v2\/comments?post=6171"}],"version-history":[{"count":25,"href":"https:\/\/litteraturbanken.se\/diktensmuseum\/wp-json\/wp\/v2\/pages\/6171\/revisions"}],"predecessor-version":[{"id":6660,"href":"https:\/\/litteraturbanken.se\/diktensmuseum\/wp-json\/wp\/v2\/pages\/6171\/revisions\/6660"}],"wp:featuredmedia":[{"embeddable":true,"href":"https:\/\/litteraturbanken.se\/diktensmuseum\/wp-json\/wp\/v2\/media\/6461"}],"wp:attachment":[{"href":"https:\/\/litteraturbanken.se\/diktensmuseum\/wp-json\/wp\/v2\/media?parent=6171"}],"curies":[{"name":"wp","href":"https:\/\/api.w.org\/{rel}","templated":true}]}}