{"id":6173,"date":"2021-03-05T10:34:17","date_gmt":"2021-03-05T09:34:17","guid":{"rendered":"https:\/\/litteraturbanken.se\/diktensmuseum\/?page_id=6173"},"modified":"2021-03-12T08:34:46","modified_gmt":"2021-03-12T07:34:46","slug":"taube-sasong-1-avsnitt-4","status":"publish","type":"page","link":"https:\/\/litteraturbanken.se\/diktensmuseum\/taube-sasong-1-avsnitt-4\/","title":{"rendered":"Taube i Trubadurien: s\u00e4song 1, avsnitt 4"},"content":{"rendered":"<body>\n<div class=\"wp-block-columns is-layout-flex wp-container-core-columns-is-layout-9d6595d7 wp-block-columns-is-layout-flex\">\n<div class=\"wp-block-column is-layout-flow wp-block-column-is-layout-flow\" style=\"flex-basis:65%\">\n<h1 class=\"has-vivid-red-color has-text-color wp-block-heading\">Taube<\/h1>\n\n\n\n<h3 class=\"has-vivid-red-color has-text-color wp-block-heading\">VALLFARTENS DIKTARE<\/h3>\n\n\n\n<div style=\"height:20px\" aria-hidden=\"true\" class=\"wp-block-spacer\"><\/div>\n\n\n\n<h4 class=\"wp-block-heading\">Radioprogrammen: <br>den f\u00f6rsta s\u00e4songen<\/h4>\n\n\n\n<div style=\"height:35px\" aria-hidden=\"true\" class=\"wp-block-spacer\"><\/div>\n\n\n\n<div style=\"height:40px\" aria-hidden=\"true\" class=\"wp-block-spacer\"><\/div>\n\n\n\n<div style=\"height:20px\" aria-hidden=\"true\" class=\"wp-block-spacer\"><\/div>\n\n\n\n<h2 class=\"wp-block-heading\">1956. Fj\u00e4rde avsnittet.<\/h2>\n\n\n\n<div style=\"height:20px\" aria-hidden=\"true\" class=\"wp-block-spacer\"><\/div>\n\n\n\n<div class=\"wp-playlist wp-audio-playlist wp-playlist-light\">\n\t\t\t<div class=\"wp-playlist-current-item\"><\/div>\n\t\t<audio controls=\"controls\" preload=\"none\" width=\"618\"\n\t\t\t><\/audio>\n\t<div class=\"wp-playlist-next\"><\/div>\n\t<div class=\"wp-playlist-prev\"><\/div>\n\t<noscript>\n\t<ol>\n\t\t<li><a href='https:\/\/litteraturbanken.se\/diktensmuseum\/wp-content\/uploads\/2021\/03\/taube_trubadurien1-4_taube.mp3'>Del 4. Pyren\u00e9erna<\/a><\/li>\t<\/ol>\n\t<\/noscript>\n\t<script type=\"application\/json\" class=\"wp-playlist-script\">{\"type\":\"audio\",\"tracklist\":true,\"tracknumbers\":true,\"images\":true,\"artists\":true,\"tracks\":[{\"src\":\"https:\/\/litteraturbanken.se\/diktensmuseum\/wp-content\/uploads\/2021\/03\/taube_trubadurien1-4_taube.mp3\",\"type\":\"audio\/mpeg\",\"title\":\"Del 4. Pyren\\u00e9erna\",\"caption\":\"\",\"description\":\"\\\"Del 4. Pyren\\u00e9erna\\\" fr\\u00e5n Evert Taube i Trubadurien av Taube, Evert. Sl\\u00e4ppt: 1956. Sp\\u00e5r 5.\",\"meta\":{\"artist\":\"Evert Taube i Trubadurien (1956)\",\"album\":\"Evert Taube\",\"year\":\"1956\",\"length_formatted\":\"28:07\"},\"image\":{\"src\":\"https:\/\/litteraturbanken.se\/diktensmuseum\/wp-content\/uploads\/2021\/03\/lb_affisch_taube_2.202_st\\u00e5ende_\\u00f6t_ljusr\\u00f6d-1.jpg\",\"width\":1200,\"height\":1697},\"thumb\":{\"src\":\"https:\/\/litteraturbanken.se\/diktensmuseum\/wp-content\/uploads\/2021\/03\/lb_affisch_taube_2.202_st\\u00e5ende_\\u00f6t_ljusr\\u00f6d-1-150x150.jpg\",\"width\":150,\"height\":150}}]}<\/script>\n<\/div>\n\t\n\n\n\n<p class=\"has-small-font-size\"><em>Programmet s\u00e4ndes den 26 oktober 1956, klockan 19.30. Inspelningen \u00e5terges med tillst\u00e5nd fr\u00e5n Sveriges Radio och r\u00e4ttighetshavarna.<\/em><\/p>\n\n\n\n<p>N\u00e4r vi nu slutligen ankommit f\u00f6rsta seriens sista anhalt har vi rest tillbaka till Pyren\u00e9ernas h\u00f6gl\u00e4nder. H\u00e4r m\u00f6ter vi en Taube som visar prov p\u00e5 sk\u00e5despelartalang n\u00e4r han muntligen gestaltar ett m\u00f6te mellan en spanjor och en fransos p\u00e5 utsiktstorget i Puigcerd\u00e1 \u2013 en gemytlig gr\u00e4nsstad tusen meter \u00f6ver havet p\u00e5 den spanska sidan av gr\u00e4nsen.<\/p>\n\n\n\n<div style=\"height:20px\" aria-hidden=\"true\" class=\"wp-block-spacer\"><\/div>\n\n\n\n<figure class=\"wp-block-image size-large\"><a href=\"https:\/\/litteraturbanken.se\/diktensmuseum\/wp-content\/uploads\/2021\/03\/Evert-p%C3%A5-Gr%C3%B6nan-1965.jpg\" target=\"_blank\" rel=\"noreferrer noopener\"><img decoding=\"async\" src=\"https:\/\/litteraturbanken.se\/diktensmuseum\/wp-content\/uploads\/2021\/03\/Evert-p%C3%A5-Gr%C3%B6nan-1965-1024x660.jpg\" alt=\"\" class=\"wp-image-6415\" loading=\"lazy\"><\/a><figcaption><em>Evert Taube p\u00e5 Gr\u00f6na Lund (1965).<\/em><\/figcaption><\/figure>\n\n\n\n<div style=\"height:30px\" aria-hidden=\"true\" class=\"wp-block-spacer\"><\/div>\n\n\n\n<p>Det \u00e4r en fartfylld ordv\u00e4xling, och Taube anv\u00e4nder alla medel som st\u00e5r honom till buds f\u00f6r att levandeg\u00f6ra \u00f6gonblicket. Utrop varvas med hesa viskningar. Franska fraser med spanskt temperament. Till syvende och sist tycks spanjoren och fransosen inte vara \u00f6verens om annat \u00e4n Pyren\u00e9ernas f\u00f6rtr\u00e4fflighet \u2013\u00a0men ocks\u00e5 om sk\u00f6nheten i nunnornas s\u00e5ng i ett n\u00e4rbel\u00e4get kloster.\u00a0I Taubes \u00f6vers\u00e4ttning lyder s\u00e5ngen:<\/p>\n\n\n\n<p><a href=\"https:\/\/litteraturbanken.se\/f%C3%B6rfattare\/TaubeE\/titlar\/Vallfart\/sida\/45\/etext\" target=\"_blank\" rel=\"noreferrer noopener\" aria-label=\" (\u00f6ppnas i en ny flik)\">\u201dH\u00f6r du fr\u00e5n skogen vid randen<\/a><br>av k\u00e4llan min enkla s\u00e5ng?<br>Jag sjunger i landet Cerdanien,<br>ack, svara mig i Roussillon!<br>Ave Maria, hj\u00e4rtans fru,<br>O, Jesu moder, v\u00e4lsignad Du!\u201d<\/p>\n\n\n\n<p>\u201dO, Du som skydd och f\u00f6rb\u00f6n<br>f\u00f6r alla Guds trogna \u00e4r,<br>h\u00f6r, till Din \u00e4ra sorlar<br>k\u00e4llan i skogen h\u00e4r!\u201d<\/p>\n\n\n\n<div class=\"wp-playlist wp-audio-playlist wp-playlist-light\">\n\t\t\t<div class=\"wp-playlist-current-item\"><\/div>\n\t\t<audio controls=\"controls\" preload=\"none\" width=\"618\"\n\t\t\t><\/audio>\n\t<div class=\"wp-playlist-next\"><\/div>\n\t<div class=\"wp-playlist-prev\"><\/div>\n\t<noscript>\n\t<ol>\n\t\t<li><a href='https:\/\/litteraturbanken.se\/diktensmuseum\/wp-content\/uploads\/2021\/03\/taube_hordufranskogen_taube.mp3'>H\u00f6r du fr\u00e5n skogen ...<\/a><\/li>\t<\/ol>\n\t<\/noscript>\n\t<script type=\"application\/json\" class=\"wp-playlist-script\">{\"type\":\"audio\",\"tracklist\":true,\"tracknumbers\":true,\"images\":true,\"artists\":true,\"tracks\":[{\"src\":\"https:\/\/litteraturbanken.se\/diktensmuseum\/wp-content\/uploads\/2021\/03\/taube_hordufranskogen_taube.mp3\",\"type\":\"audio\/mpeg\",\"title\":\"H\\u00f6r du fr\\u00e5n skogen ...\",\"caption\":\"\",\"description\":\"\\\"taube_hordufranskogen_taube\\\".\",\"meta\":{\"artist\":\"Evert Taube i Trubadurien (1956)\",\"album\":\"Evert Taube\",\"length_formatted\":\"0:50\"},\"image\":{\"src\":\"https:\/\/litteraturbanken.se\/diktensmuseum\/wp-content\/uploads\/2021\/03\/lb_affisch_taube_2.202_st\\u00e5ende_\\u00f6t_ljusr\\u00f6d-1.jpg\",\"width\":1200,\"height\":1697},\"thumb\":{\"src\":\"https:\/\/litteraturbanken.se\/diktensmuseum\/wp-content\/uploads\/2021\/03\/lb_affisch_taube_2.202_st\\u00e5ende_\\u00f6t_ljusr\\u00f6d-1-150x150.jpg\",\"width\":150,\"height\":150}}]}<\/script>\n<\/div>\n\t\n\n\n\n<p class=\"has-small-font-size\"><em>Inspelningen \u00e5terges med tillst\u00e5nd fr\u00e5n Sveriges Radio och r\u00e4ttighetshavarna.<\/em><\/p>\n\n\n\n<div style=\"height:35px\" aria-hidden=\"true\" class=\"wp-block-spacer\"><\/div>\n\n\n\n<figure class=\"wp-block-image size-large\"><a href=\"https:\/\/litteraturbanken.se\/diktensmuseum\/wp-content\/uploads\/2021\/03\/Painting_of_Carcassonne_from_1462.jpg\" target=\"_blank\" rel=\"noreferrer noopener\"><img decoding=\"async\" width=\"1024\" height=\"704\" src=\"https:\/\/litteraturbanken.se\/diktensmuseum\/wp-content\/uploads\/2021\/03\/Painting_of_Carcassonne_from_1462-1024x704.jpg\" alt=\"\" class=\"wp-image-6413\" loading=\"lazy\" srcset=\"https:\/\/litteraturbanken.se\/diktensmuseum\/wp-content\/uploads\/2021\/03\/Painting_of_Carcassonne_from_1462-1024x704.jpg 1024w, https:\/\/litteraturbanken.se\/diktensmuseum\/wp-content\/uploads\/2021\/03\/Painting_of_Carcassonne_from_1462-300x206.jpg 300w, https:\/\/litteraturbanken.se\/diktensmuseum\/wp-content\/uploads\/2021\/03\/Painting_of_Carcassonne_from_1462-768x528.jpg 768w, https:\/\/litteraturbanken.se\/diktensmuseum\/wp-content\/uploads\/2021\/03\/Painting_of_Carcassonne_from_1462-480x330.jpg 480w, https:\/\/litteraturbanken.se\/diktensmuseum\/wp-content\/uploads\/2021\/03\/Painting_of_Carcassonne_from_1462.jpg 1200w\" sizes=\"auto, (max-width: 1024px) 100vw, 1024px\" \/><\/a><figcaption><em>Carcassone (1462). Bilden har vi l\u00e5nat fr\u00e5n <a href=\"https:\/\/commons.wikimedia.org\/wiki\/File:Painting_of_Carcassonne_from_1462.jpeg\" target=\"_blank\" rel=\"noreferrer noopener\" aria-label=\"Wikipedia (\u00f6ppnas i en ny flik)\">Wikipedia<\/a>.<\/em><\/figcaption><\/figure>\n\n\n\n<div style=\"height:30px\" aria-hidden=\"true\" class=\"wp-block-spacer\"><\/div>\n\n\n\n<p>V\u00e4garna leder d\u00e4refter Taube tillbaka \u00f6ver gr\u00e4nsen till Frankrike, och l\u00e4ngs den brusande floden Aude hittar han slutligen fram till staden Carcassonne. H\u00e4r har Taube \u00e4nnu en anledning att \u00f6verraska med en \u00f6vers\u00e4ttning av en ur\u00e5ldrig fransk festballad, som han en g\u00e5ng uppf\u00e5ngade under en br\u00f6llopsresa i staden. Han sjunger balladen, som f\u00f6r efterv\u00e4rlden \u00e4r k\u00e4nd som \u201dDansvisa i Carcassonne\u201d, i egen tons\u00e4ttning 22 minuter och 30 sekunder in i programmet:<\/p>\n\n\n\n<div class=\"wp-block-columns is-layout-flex wp-container-core-columns-is-layout-9d6595d7 wp-block-columns-is-layout-flex\">\n<div class=\"wp-block-column is-layout-flow wp-block-column-is-layout-flow\">\n<p>TRYCKT:<br><\/p>\n\n\n\n<p class=\"has-small-font-size\"><a href=\"https:\/\/litteraturbanken.se\/f%C3%B6rfattare\/TaubeE\/titlar\/Vallfart\/sida\/55\/etext\" target=\"_blank\" rel=\"noreferrer noopener\" aria-label=\" (\u00f6ppnas i en ny flik)\">Dukar och kl\u00e4den s\u00e5dana man har b\u00e4st<\/a><br>d\u00e4r l\u00e4ggas f\u00f6r de herrar som \u00e4r komne till fest.<br>N\u00e4ktergal och siska och trast sitter still<br>ner vid ena f\u00e5llen \u00e5t marken till,<br>men gripen och \u00f6rnen de sitter d\u00e4r mitt i<br>f\u00f6r att envar skall b\u00e4ttre dem varsebli<br>och falken hur han flyger man grant kan se<br>och hur de andra f\u00e5glar p\u00e5 flykt sig bege,<br>lindormar ser man vid tredje \u00e4ndans f\u00e5ll,<br>de sl\u00e5ss mot varandra med ursinnigt v\u00e5ld.<br>Av hjortar och hindar man s\u00e5g en stor flock<br>sydda med r\u00f6tt gull, fast\u00e4n levande dock.<br>Ja s\u00e4llsam att sk\u00e5da var duken som d\u00e4r l\u00e5g<br>med m\u00e5ngen fr\u00f6jd f\u00f6r \u00f6gat och f\u00f6r riddarens m\u00e5g.<\/p>\n<\/div>\n\n\n\n<div class=\"wp-block-column is-layout-flow wp-block-column-is-layout-flow\">\n<p>UPPL\u00c4ST:<br><\/p>\n\n\n\n<p class=\"has-small-font-size\">Dukar och kl\u00e4den s\u00e5na man har b\u00e4st<br>d\u00e4r l\u00e4ggas f\u00f6r de herrar som \u00e4r komna till fest.<br>N\u00e4ktergal och siska och trast sitter still<br>ner vid ena f\u00e5llen \u00e5t marken till,<br>men gripen och \u00f6rnen de sitter d\u00e4r mitt i<br>f\u00f6r att envar skall b\u00e4ttre dem varsebli<br>och falken hur han flyger man grant kan se<br>och hur de andra f\u00e5glar p\u00e5 flykt sig bege,<br>och lindormar d\u00e4r ser man vid \u00e4ndans f\u00e5ll,<br>de sl\u00e5ss med varandra med ursinnigt v\u00e5ld.<br>Av hjortar och av hindar man s\u00e5g en stor flock<br>hopsydda med r\u00f6tt gull, fast\u00e4n levande dock.<br>Ja s\u00e4llsam att sk\u00e5da var duken som d\u00e4r l\u00e5g<br>med m\u00e5ngen fr\u00f6jd f\u00f6r \u00f6gat och f\u00f6r riddarens m\u00e5g.<\/p>\n<\/div>\n<\/div>\n\n\n\n<div class=\"wp-playlist wp-audio-playlist wp-playlist-light\">\n\t\t\t<div class=\"wp-playlist-current-item\"><\/div>\n\t\t<audio controls=\"controls\" preload=\"none\" width=\"618\"\n\t\t\t><\/audio>\n\t<div class=\"wp-playlist-next\"><\/div>\n\t<div class=\"wp-playlist-prev\"><\/div>\n\t<noscript>\n\t<ol>\n\t\t<li><a href='https:\/\/litteraturbanken.se\/diktensmuseum\/wp-content\/uploads\/2021\/03\/taube_dansvisa_taube.mp3'>Dansvisa i Carcassonne<\/a><\/li>\t<\/ol>\n\t<\/noscript>\n\t<script type=\"application\/json\" class=\"wp-playlist-script\">{\"type\":\"audio\",\"tracklist\":true,\"tracknumbers\":true,\"images\":true,\"artists\":true,\"tracks\":[{\"src\":\"https:\/\/litteraturbanken.se\/diktensmuseum\/wp-content\/uploads\/2021\/03\/taube_dansvisa_taube.mp3\",\"type\":\"audio\/mpeg\",\"title\":\"Dansvisa i Carcassonne\",\"caption\":\"\",\"description\":\"\\\"taube_dansvisa_taube\\\".\",\"meta\":{\"artist\":\"Evert Taube i Trubadurien (1956)\",\"album\":\"Evert Taube\",\"length_formatted\":\"1:27\"},\"image\":{\"src\":\"https:\/\/litteraturbanken.se\/diktensmuseum\/wp-content\/uploads\/2021\/03\/lb_affisch_taube_2.202_st\\u00e5ende_\\u00f6t_ljusr\\u00f6d.jpg\",\"width\":1200,\"height\":1697},\"thumb\":{\"src\":\"https:\/\/litteraturbanken.se\/diktensmuseum\/wp-content\/uploads\/2021\/03\/lb_affisch_taube_2.202_st\\u00e5ende_\\u00f6t_ljusr\\u00f6d-150x150.jpg\",\"width\":150,\"height\":150}}]}<\/script>\n<\/div>\n\t\n\n\n\n<p class=\"has-small-font-size\"><em>Inspelningen \u00e5terges med tillst\u00e5nd fr\u00e5n Sveriges Radio och r\u00e4ttighetshavarna.<\/em><\/p>\n\n\n\n<div style=\"height:41px\" aria-hidden=\"true\" class=\"wp-block-spacer\"><\/div>\n\n\n\n<figure class=\"wp-block-image size-large\"><a href=\"https:\/\/litteraturbanken.se\/diktensmuseum\/wp-content\/uploads\/2021\/03\/El_Canig%C3%B3_des_de_la_carena_de_Barbet.jpg\" target=\"_blank\" rel=\"noreferrer noopener\"><img decoding=\"async\" src=\"https:\/\/litteraturbanken.se\/diktensmuseum\/wp-content\/uploads\/2021\/03\/El_Canig%C3%B3_des_de_la_carena_de_Barbet-1024x731.jpg\" alt=\"\" class=\"wp-image-6410\" loading=\"lazy\"><\/a><figcaption><em>Berget Canigou i franska Pyren\u00e9erna. Fotografiet har vi l\u00e5nat fr\u00e5n <a rel=\"noreferrer noopener\" aria-label=\"Wikimedia (\u00f6ppnas i en ny flik)\" href=\"https:\/\/commons.wikimedia.org\/wiki\/File:El_Canig%C3%B3_des_de_la_carena_de_Barbet.jpeg\" target=\"_blank\">Wikimedia<\/a>.<\/em><\/figcaption><\/figure>\n\n\n\n<div style=\"height:30px\" aria-hidden=\"true\" class=\"wp-block-spacer\"><\/div>\n\n\n\n<p>Men det stora \u00f6gonblicket finner man precis i slutet av programmet d\u00e5 Taube sjunger en tolkning av den pyreneiska visan \u201dDuvan p\u00e5 Canigou\u201d. David Anthin skriver i sin avhandling om denna stund:\u00a0<a href=\"https:\/\/litteraturbanken.se\/f%C3%B6rfattare\/AnthinD\/titlar\/EvertTaubesScener\/sida\/364\/faksimil\" target=\"_blank\" rel=\"noreferrer noopener\" aria-label=\" (\u00f6ppnas i en ny flik)\">\u201dVid detta framf\u00f6rande uppst\u00e5r en lyckad kontrast<\/a>, d\u00e5 Taubes hesa r\u00f6st med det kraftiga vibratot tydligt bryter mot vistextens patetiskt-sentimentala inneh\u00e5ll. Det som med en sammetslen r\u00f6st l\u00e4tt skulle ha blivit onaturligt och s\u00f6kt, f\u00e5r i Taubes br\u00e4ckliga version ist\u00e4llet en \u00e4kta och innerlig karakt\u00e4r. Den romantiskt vackra musiken \u2013 Taube framf\u00f6r visan till orkesterackompanjemang \u2013 och visans placering sist i det aktuella radioprogrammet, g\u00f6r naturligtvis ocks\u00e5 sitt till f\u00f6r att skapa den r\u00e4tta, i detta fall gripande, st\u00e4mningen.\u201d<\/p>\n\n\n\n<p>DUVAN P\u00c5 CANIGOU<\/p>\n\n\n\n<p><a href=\"https:\/\/litteraturbanken.se\/f%C3%B6rfattare\/TaubeE\/titlar\/Vallfart\/sida\/61\/etext\" target=\"_blank\" rel=\"noreferrer noopener\" aria-label=\" (\u00f6ppnas i en ny flik)\">Ack, p\u00e5 den h\u00e5rda skarsn\u00f6n<\/a><br>fann jag just denna morgon<br>en stackars frusen duva<br>som stormen r\u00f6vat bort.<br><br>Jag s\u00e5g det var din duva,<br>min \u00e4lskade, och d\u00e4rf\u00f6r<br>jag v\u00e5rdar den med \u00f6mhet.<br>Hon flyger inom kort.<\/p>\n\n\n\n<p>Ack, sorgsen \u00e4r den duvan<br>som sakna f\u00e5r sin hemtrakt<br>och sorgsen \u00e4r den k\u00e4rlek<br>som ensam brinner ner.<\/p>\n\n\n\n<p>Men nog kan livet jubla<br>\u00e4n, om jag blott f\u00e5r se dig,<br>och nog st\u00e5r himlen \u00f6ppen<br>var g\u00e5ng du mot mig ler.<\/p>\n\n\n\n<div class=\"wp-playlist wp-audio-playlist wp-playlist-light\">\n\t\t\t<div class=\"wp-playlist-current-item\"><\/div>\n\t\t<audio controls=\"controls\" preload=\"none\" width=\"618\"\n\t\t\t><\/audio>\n\t<div class=\"wp-playlist-next\"><\/div>\n\t<div class=\"wp-playlist-prev\"><\/div>\n\t<noscript>\n\t<ol>\n\t\t<li><a href='https:\/\/litteraturbanken.se\/diktensmuseum\/wp-content\/uploads\/2021\/03\/taube_duvanpacanigou_taube.mp3'>Duvan p\u00e5 Canigou<\/a><\/li>\t<\/ol>\n\t<\/noscript>\n\t<script type=\"application\/json\" class=\"wp-playlist-script\">{\"type\":\"audio\",\"tracklist\":true,\"tracknumbers\":true,\"images\":true,\"artists\":true,\"tracks\":[{\"src\":\"https:\/\/litteraturbanken.se\/diktensmuseum\/wp-content\/uploads\/2021\/03\/taube_duvanpacanigou_taube.mp3\",\"type\":\"audio\/mpeg\",\"title\":\"Duvan p\\u00e5 Canigou\",\"caption\":\"\",\"description\":\"\\\"taube_duvanpacanigou_taube\\\".\",\"meta\":{\"artist\":\"Evert Taube i Trubadurien (1956)\",\"album\":\"Evert Taube\",\"length_formatted\":\"0:42\"},\"image\":{\"src\":\"https:\/\/litteraturbanken.se\/diktensmuseum\/wp-content\/uploads\/2021\/03\/lb_affisch_taube_2.202_st\\u00e5ende_\\u00f6t_ljusr\\u00f6d.jpg\",\"width\":1200,\"height\":1697},\"thumb\":{\"src\":\"https:\/\/litteraturbanken.se\/diktensmuseum\/wp-content\/uploads\/2021\/03\/lb_affisch_taube_2.202_st\\u00e5ende_\\u00f6t_ljusr\\u00f6d-150x150.jpg\",\"width\":150,\"height\":150}}]}<\/script>\n<\/div>\n\t\n\n\n\n<p class=\"has-small-font-size\"><em>Inspelningen \u00e5terges med tillst\u00e5nd fr\u00e5n Sveriges Radio och r\u00e4ttighetshavarna.<\/em><\/p>\n\n\n\n<div style=\"height:20px\" aria-hidden=\"true\" class=\"wp-block-spacer\"><\/div>\n\n\n\n<p>Med denna duva avslutas f\u00f6rsta s\u00e4songen av \u201dEvert Taube i Trubadurien\u201d. Men programmen mottogs v\u00e4l av lyssnare och press, och det dr\u00f6jde det inte heller l\u00e4nge innan en ny omg\u00e5ng avsnitt spelades in och s\u00e4ndes, till lyssnarnas stora f\u00f6rtjusning.<\/p>\n\n\n\n<p><em><a href=\"https:\/\/litteraturbanken.se\/diktensmuseum\/taube-sasong-2-avsnitt-1\/\">Klicka dig vidare till\u00a0n\u00e4sta s\u00e4song h\u00e4r.<\/a><\/em><\/p>\n\n\n\n<div style=\"height:30px\" aria-hidden=\"true\" class=\"wp-block-spacer\"><\/div>\n\n\n\n<p>L\u00c4NKAR TILL BOKKAPITEL SOM TAUBE L\u00c4SER UR I PROGRAMMET:<\/p>\n\n\n\n<p>\u2013 <a href=\"https:\/\/litteraturbanken.se\/f%C3%B6rfattare\/TaubeE\/titlar\/Vallfart\/sida\/42\/etext\" target=\"_blank\" rel=\"noreferrer noopener\" aria-label=\" (\u00f6ppnas i en ny flik)\">\u201dSpanjoren, fransosen och kejsarens torn\u201d<\/a><br>\u2013 <a href=\"https:\/\/litteraturbanken.se\/f%C3%B6rfattare\/TaubeE\/titlar\/Vallfart\/sida\/55\/etext\" target=\"_blank\" rel=\"noreferrer noopener\" aria-label=\" (\u00f6ppnas i en ny flik)\">\u201dP\u00e5 v\u00e4g till Carcassonne\u201d<\/a><\/p>\n<\/div>\n\n\n\n<div class=\"wp-block-column is-layout-flow wp-block-column-is-layout-flow\" style=\"flex-basis:35%\">\n<div style=\"height:20px\" aria-hidden=\"true\" class=\"wp-block-spacer\"><\/div>\n\n\n\n<p><a href=\"https:\/\/litteraturbanken.se\/diktensmuseum\/taube-inledning\/\">EN INTRODUKTION<\/a><br><br>RADIO: S\u00c4SONG 1<br><a href=\"https:\/\/litteraturbanken.se\/diktensmuseum\/taube-sasong-1-avsnitt-1\/\">AVSNITT ETT<\/a><br><a href=\"https:\/\/litteraturbanken.se\/diktensmuseum\/taube-sasong-1-avsnitt-2\/\">AVSNITT TV\u00c5<\/a><br><a href=\"https:\/\/litteraturbanken.se\/diktensmuseum\/taube-sasong-1-avsnitt-3\/\">AVSNITT TRE<\/a><br><a href=\"https:\/\/litteraturbanken.se\/diktensmuseum\/taube-sasong-1-avsnitt-4\/\">AVSNITT FYRA<\/a><br><br>RADIO: S\u00c4SONG 2<br><a href=\"https:\/\/litteraturbanken.se\/diktensmuseum\/taube-sasong-2-avsnitt-1\/\">AVSNITT ETT<\/a><br><a href=\"https:\/\/litteraturbanken.se\/diktensmuseum\/taube-sasong-2-avsnitt-2\/\">AVSNITT TV\u00c5<\/a><br><a href=\"https:\/\/litteraturbanken.se\/diktensmuseum\/taube-sasong-2-avsnitt-3\/\">AVSNITT TRE<\/a><br><a href=\"https:\/\/litteraturbanken.se\/diktensmuseum\/taube-sasong-2-avsnitt-4\/\">AVSNITT FYRA<\/a><br><br><a href=\"https:\/\/litteraturbanken.se\/diktensmuseum\/taube-bortklippt\/\">BORTKLIPPT<\/a><\/p>\n\n\n\n<p>DAVID ANTHIN:<br>EVERT TAUBE I TRUBADURIEN<br><a href=\"https:\/\/litteraturbanken.se\/diktensmuseum\/anthin-del-1\/\">1. INLEDNING<\/a><br><a href=\"https:\/\/litteraturbanken.se\/diktensmuseum\/anthin-del-2\/\">2. DAMEN I SVART MED VIOLER<\/a><br><a href=\"https:\/\/litteraturbanken.se\/diktensmuseum\/anthin-del-3\/\">3. EN VALLFART I FLERA MEDIER<\/a><br><a href=\"https:\/\/litteraturbanken.se\/diktensmuseum\/anthin-del-4\/\">4. VALLFARTENS EVIGA V\u00c4RDE<\/a><\/p>\n\n\n\n<div style=\"height:20px\" aria-hidden=\"true\" class=\"wp-block-spacer\"><\/div>\n\n\n\n<div style=\"height:20px\" aria-hidden=\"true\" class=\"wp-block-spacer\"><\/div>\n\n\n\n<div style=\"height:20px\" aria-hidden=\"true\" class=\"wp-block-spacer\"><\/div>\n\n\n\n<figure class=\"wp-block-image size-large\"><a href=\"https:\/\/litteraturbanken.se\/diktensmuseum\/wp-content\/uploads\/2021\/03\/lb_affisch_taube_2.202_st%C3%A5ende_%C3%B6t_ljusr%C3%B6d-1.jpg\" target=\"_blank\" rel=\"noreferrer noopener\"><img decoding=\"async\" src=\"https:\/\/litteraturbanken.se\/diktensmuseum\/wp-content\/uploads\/2021\/03\/lb_affisch_taube_2.202_st%C3%A5ende_%C3%B6t_ljusr%C3%B6d-1-724x1024.jpg\" alt=\"\" class=\"wp-image-6463\" loading=\"lazy\"><\/a><\/figure>\n\n\n\n<div style=\"height:40px\" aria-hidden=\"true\" class=\"wp-block-spacer\"><\/div>\n\n\n\n<hr class=\"wp-block-separator\">\n\n\n\n<h5 class=\"wp-block-heading\">OM UTST\u00c4LLNINGEN<\/h5>\n\n\n\n<p style=\"font-size:11px\"><em>Utst\u00e4llningen \u201dTaube: vallfartens diktare\u201d producerades f\u00f6r Litteraturbanken under februari &amp; mars 2021 av Martin Joviken. D\u00e4r inget annat anges \u00e4r alla texter skrivna av Martin Joviken. \u201dEvert Taube i Trubadurien\u201d \u00e4r skriven av David Anthin.<\/em><\/p>\n\n\n\n<div style=\"height:20px\" aria-hidden=\"true\" class=\"wp-block-spacer\"><\/div>\n\n\n\n<p style=\"font-size:11px\"><em>Radioprogrammen \u00e5terges med tillst\u00e5nd fr\u00e5n r\u00e4ttighetshavaren och Sveriges Radio.<\/em><\/p>\n\n\n\n<div style=\"height:40px\" aria-hidden=\"true\" class=\"wp-block-spacer\"><\/div>\n<\/div>\n<\/div>\n\n\n\n<div style=\"height:20px\" aria-hidden=\"true\" class=\"wp-block-spacer\"><\/div>\n\n\n\n<div style=\"height:20px\" aria-hidden=\"true\" class=\"wp-block-spacer\"><\/div>\n<\/body>","protected":false},"excerpt":{"rendered":"<p>Taube VALLFARTENS DIKTARE Radioprogrammen: den f\u00f6rsta s\u00e4songen 1956. Fj\u00e4rde avsnittet. Programmet s\u00e4ndes den 26 oktober 1956, klockan 19.30. Inspelningen \u00e5terges med tillst\u00e5nd fr\u00e5n Sveriges Radio och r\u00e4ttighetshavarna. N\u00e4r vi nu slutligen ankommit f\u00f6rsta seriens sista anhalt har vi rest tillbaka [&hellip;]<\/p>\n","protected":false},"author":1,"featured_media":6463,"parent":0,"menu_order":1,"comment_status":"closed","ping_status":"closed","template":"","meta":{"footnotes":""},"class_list":["post-6173","page","type-page","status-publish","has-post-thumbnail","hentry"],"_links":{"self":[{"href":"https:\/\/litteraturbanken.se\/diktensmuseum\/wp-json\/wp\/v2\/pages\/6173","targetHints":{"allow":["GET"]}}],"collection":[{"href":"https:\/\/litteraturbanken.se\/diktensmuseum\/wp-json\/wp\/v2\/pages"}],"about":[{"href":"https:\/\/litteraturbanken.se\/diktensmuseum\/wp-json\/wp\/v2\/types\/page"}],"author":[{"embeddable":true,"href":"https:\/\/litteraturbanken.se\/diktensmuseum\/wp-json\/wp\/v2\/users\/1"}],"replies":[{"embeddable":true,"href":"https:\/\/litteraturbanken.se\/diktensmuseum\/wp-json\/wp\/v2\/comments?post=6173"}],"version-history":[{"count":25,"href":"https:\/\/litteraturbanken.se\/diktensmuseum\/wp-json\/wp\/v2\/pages\/6173\/revisions"}],"predecessor-version":[{"id":6662,"href":"https:\/\/litteraturbanken.se\/diktensmuseum\/wp-json\/wp\/v2\/pages\/6173\/revisions\/6662"}],"wp:featuredmedia":[{"embeddable":true,"href":"https:\/\/litteraturbanken.se\/diktensmuseum\/wp-json\/wp\/v2\/media\/6463"}],"wp:attachment":[{"href":"https:\/\/litteraturbanken.se\/diktensmuseum\/wp-json\/wp\/v2\/media?parent=6173"}],"curies":[{"name":"wp","href":"https:\/\/api.w.org\/{rel}","templated":true}]}}