{"id":6175,"date":"2021-03-05T10:34:12","date_gmt":"2021-03-05T09:34:12","guid":{"rendered":"https:\/\/litteraturbanken.se\/diktensmuseum\/?page_id=6175"},"modified":"2021-03-12T08:37:17","modified_gmt":"2021-03-12T07:37:17","slug":"taube-sasong-2-avsnitt-1","status":"publish","type":"page","link":"https:\/\/litteraturbanken.se\/diktensmuseum\/taube-sasong-2-avsnitt-1\/","title":{"rendered":"Taube i Trubadurien: s\u00e4song 2, avsnitt 1"},"content":{"rendered":"<body>\n<div class=\"wp-block-columns is-layout-flex wp-container-core-columns-is-layout-9d6595d7 wp-block-columns-is-layout-flex\">\n<div class=\"wp-block-column is-layout-flow wp-block-column-is-layout-flow\" style=\"flex-basis:65%\">\n<h1 class=\"has-vivid-red-color has-text-color wp-block-heading\">Taube<\/h1>\n\n\n\n<h3 class=\"has-vivid-red-color has-text-color wp-block-heading\">VALLFARTENS DIKTARE<\/h3>\n\n\n\n<div style=\"height:20px\" aria-hidden=\"true\" class=\"wp-block-spacer\"><\/div>\n\n\n\n<h4 class=\"wp-block-heading\">Radioprogrammen: <br>den andra s\u00e4songen<\/h4>\n\n\n\n<div style=\"height:35px\" aria-hidden=\"true\" class=\"wp-block-spacer\"><\/div>\n\n\n\n<div style=\"height:40px\" aria-hidden=\"true\" class=\"wp-block-spacer\"><\/div>\n\n\n\n<div style=\"height:20px\" aria-hidden=\"true\" class=\"wp-block-spacer\"><\/div>\n\n\n\n<h2 class=\"wp-block-heading\">1957. F\u00f6rsta avsnittet.<\/h2>\n\n\n\n<div style=\"height:20px\" aria-hidden=\"true\" class=\"wp-block-spacer\"><\/div>\n\n\n\n<p>Ungef\u00e4r ett halv\u00e5r hade passerat n\u00e4r Evert Taube var tillbaka i radion med en andra s\u00e4song den 7 april 1957. Den nya programtiteln l\u00f6d \u201dEvert Taube p\u00e5 nya str\u00f6vt\u00e5g i Trubadurien\u201d och det var nu bara n\u00e5gra m\u00e5nader kvar tills\u00a0<em><a href=\"https:\/\/litteraturbanken.se\/f%C3%B6rfattare\/TaubeE\/titlar\/Vallfart\/sida\/5\/etext\" target=\"_blank\" rel=\"noreferrer noopener\" aria-label=\" (\u00f6ppnas i en ny flik)\">Vallfart till Trubadurien och Toscana<\/a><\/em> skickades ut till bokhandeln f\u00f6r f\u00f6rs\u00e4ljning.<\/p>\n\n\n\n<div style=\"height:20px\" aria-hidden=\"true\" class=\"wp-block-spacer\"><\/div>\n\n\n\n<figure class=\"wp-block-image size-large\"><a href=\"https:\/\/litteraturbanken.se\/diktensmuseum\/wp-content\/uploads\/2021\/03\/taube_GUB_1918.jpg\" target=\"_blank\" rel=\"noreferrer noopener\"><img decoding=\"async\" width=\"652\" height=\"1024\" src=\"https:\/\/litteraturbanken.se\/diktensmuseum\/wp-content\/uploads\/2021\/03\/taube_GUB_1918-652x1024.jpg\" alt=\"\" class=\"wp-image-6259\" loading=\"lazy\" srcset=\"https:\/\/litteraturbanken.se\/diktensmuseum\/wp-content\/uploads\/2021\/03\/taube_GUB_1918-652x1024.jpg 652w, https:\/\/litteraturbanken.se\/diktensmuseum\/wp-content\/uploads\/2021\/03\/taube_GUB_1918-191x300.jpg 191w, https:\/\/litteraturbanken.se\/diktensmuseum\/wp-content\/uploads\/2021\/03\/taube_GUB_1918-768x1206.jpg 768w, https:\/\/litteraturbanken.se\/diktensmuseum\/wp-content\/uploads\/2021\/03\/taube_GUB_1918-480x754.jpg 480w, https:\/\/litteraturbanken.se\/diktensmuseum\/wp-content\/uploads\/2021\/03\/taube_GUB_1918.jpg 900w\" sizes=\"auto, (max-width: 652px) 100vw, 652px\" \/><\/a><figcaption><em>Evert Taube i K\u00f6penhamn (1918). Fotografiet har vi l\u00e5nat fr\u00e5n\u00a0<a rel=\"noreferrer noopener\" href=\"http:\/\/urn.kb.se\/resolve?urn=urn:nbn:se:alvin:portal:record-121020\" target=\"_blank\">samlingen vid G\u00f6teborgs universitetsbibliotek<\/a>.<\/em><\/figcaption><\/figure>\n\n\n\n<div style=\"height:30px\" aria-hidden=\"true\" class=\"wp-block-spacer\"><\/div>\n\n\n\n<p>\u00c4ven om det stundtals var slitsamt f\u00f6r radiomedarbetarna under inspelningen av den tidigare s\u00e4songen, med m\u00e5nga sena n\u00e4tter och l\u00e5nga sessioner, hade de oftast roligt i s\u00e4llskap med Taube. Manskapet var s\u00e5ledes detsamma under arbetet med andra s\u00e4songen: i spetsen f\u00f6r arbetslaget \u00e5terfanns \u00e4ven denna g\u00e5ng Bertil Perrolf som producent och Gunnar Hahn som kapellm\u00e4stare. Samarbetet skulle visa sig fortg\u00e5 i m\u00e5nga \u00e5r och generera flertalet radioserier fram\u00f6ver.<\/p>\n\n\n\n<p>Det f\u00f6rsta avsnittet i den nya omg\u00e5ngen inleds\u00a0av instrumentalversionen av\u00a0Taubes visa \u201dPierina\u201d, eller \u201dBl\u00e5 anemonerna\u201d som den ocks\u00e5 kom att kallas. S\u00e4ndningen avslutas \u00e4ven med samma melodi, men den h\u00e4r g\u00e5ngen med Taube p\u00e5 s\u00e5ng.\u00a0Det hela ger programmet en tjusig inramning.<\/p>\n\n\n\n<div class=\"wp-playlist wp-audio-playlist wp-playlist-light\">\n\t\t\t<div class=\"wp-playlist-current-item\"><\/div>\n\t\t<audio controls=\"controls\" preload=\"none\" width=\"618\"\n\t\t\t><\/audio>\n\t<div class=\"wp-playlist-next\"><\/div>\n\t<div class=\"wp-playlist-prev\"><\/div>\n\t<noscript>\n\t<ol>\n\t\t<li><a href='https:\/\/litteraturbanken.se\/diktensmuseum\/wp-content\/uploads\/2021\/03\/taube_trubadurien2-1_taube.mp3'>Del 1<\/a><\/li>\t<\/ol>\n\t<\/noscript>\n\t<script type=\"application\/json\" class=\"wp-playlist-script\">{\"type\":\"audio\",\"tracklist\":true,\"tracknumbers\":true,\"images\":true,\"artists\":true,\"tracks\":[{\"src\":\"https:\/\/litteraturbanken.se\/diktensmuseum\/wp-content\/uploads\/2021\/03\/taube_trubadurien2-1_taube.mp3\",\"type\":\"audio\/mpeg\",\"title\":\"Del 1\",\"caption\":\"\",\"description\":\"\\\"Del 1\\\" fr\\u00e5n Evert Taube p\\u00e5 nya str\\u00f6vt\\u00e5g i Trubadurien av Taube, Evert. Sl\\u00e4ppt: 1957. Sp\\u00e5r 1.\",\"meta\":{\"artist\":\"Evert Taube p\\u00e5 nya str\\u00f6vt\\u00e5g i Trubadurien (1957)\",\"album\":\"Evert Taube\",\"year\":\"1957\",\"length_formatted\":\"29:22\"},\"image\":{\"src\":\"https:\/\/litteraturbanken.se\/diktensmuseum\/wp-content\/uploads\/2021\/03\/lb_affisch_taube_2.202_st\\u00e5ende_\\u00f6t_bl\\u00e5.jpg\",\"width\":1200,\"height\":1697},\"thumb\":{\"src\":\"https:\/\/litteraturbanken.se\/diktensmuseum\/wp-content\/uploads\/2021\/03\/lb_affisch_taube_2.202_st\\u00e5ende_\\u00f6t_bl\\u00e5-150x150.jpg\",\"width\":150,\"height\":150}}]}<\/script>\n<\/div>\n\t\n\n\n\n<p class=\"has-small-font-size\"><em>Programmet s\u00e4ndes den 7 april 1957, klockan 19.30. Inspelningen \u00e5terges med tillst\u00e5nd fr\u00e5n Sveriges Radio och r\u00e4ttighetshavarna.<\/em><\/p>\n\n\n\n<p>\u201dMina damer, mina herrar, viljen I m\u00e5h\u00e4nda g\u00e4rna lyssna till en vacker visa, som hertig Vilhelm av Akvitanien diktade till lutan f\u00f6r niohundra \u00e5r sedan, n\u00e4r han \u00e4ntligen b\u00f6rjade \u00e5ngra sina synder?\u201d \u00e4r Taubes inledande ord efter den halv\u00e5riga radiotystnaden.\u00a0<\/p>\n\n\n\n<div style=\"height:20px\" aria-hidden=\"true\" class=\"wp-block-spacer\"><\/div>\n\n\n\n<figure class=\"wp-block-image size-large\"><a href=\"https:\/\/litteraturbanken.se\/diktensmuseum\/wp-content\/uploads\/2021\/03\/BnF_ms._854_fol._142v_-_Guillaume_IX_dAquitaine_1.jpg\" target=\"_blank\" rel=\"noreferrer noopener\"><img decoding=\"async\" width=\"1024\" height=\"812\" src=\"https:\/\/litteraturbanken.se\/diktensmuseum\/wp-content\/uploads\/2021\/03\/BnF_ms._854_fol._142v_-_Guillaume_IX_dAquitaine_1-1024x812.jpg\" alt=\"\" class=\"wp-image-6422\" loading=\"lazy\" srcset=\"https:\/\/litteraturbanken.se\/diktensmuseum\/wp-content\/uploads\/2021\/03\/BnF_ms._854_fol._142v_-_Guillaume_IX_dAquitaine_1-1024x812.jpg 1024w, https:\/\/litteraturbanken.se\/diktensmuseum\/wp-content\/uploads\/2021\/03\/BnF_ms._854_fol._142v_-_Guillaume_IX_dAquitaine_1-300x238.jpg 300w, https:\/\/litteraturbanken.se\/diktensmuseum\/wp-content\/uploads\/2021\/03\/BnF_ms._854_fol._142v_-_Guillaume_IX_dAquitaine_1-768x609.jpg 768w, https:\/\/litteraturbanken.se\/diktensmuseum\/wp-content\/uploads\/2021\/03\/BnF_ms._854_fol._142v_-_Guillaume_IX_dAquitaine_1-480x380.jpg 480w, https:\/\/litteraturbanken.se\/diktensmuseum\/wp-content\/uploads\/2021\/03\/BnF_ms._854_fol._142v_-_Guillaume_IX_dAquitaine_1.jpg 1200w\" sizes=\"auto, (max-width: 1024px) 100vw, 1024px\" \/><\/a><figcaption><em>Vilhelm IX av Akvitanien. Bilden har vi l\u00e5nat fr\u00e5n <a href=\"https:\/\/commons.wikimedia.org\/wiki\/File:BnF_ms._854_fol._142v_-_Guillaume_IX_d%27Aquitaine_(1).jpg\" target=\"_blank\" rel=\"noreferrer noopener\" aria-label=\"Wikimedia (\u00f6ppnas i en ny flik)\">Wikimedia<\/a>.<\/em><\/figcaption><\/figure>\n\n\n\n<div style=\"height:30px\" aria-hidden=\"true\" class=\"wp-block-spacer\"><\/div>\n\n\n\n<p>Ja, Vihelm IX av Akvitanien (1071\u20131126) betraktas av efterv\u00e4rlden som den f\u00f6rste trubaduren och \u00e4r naturligtvis en omistlig inspirationsk\u00e4lla f\u00f6r Taubes egna arbeten. Och efter en kort historielektion om hertigens levnads\u00e5r och sl\u00e4ktband i b\u00f6rjan av programmet briljerar Taube \u00e4nnu en g\u00e5ng med sin \u00f6vers\u00e4ttningskonst. Ledsagad av Hahns arrangemang i medeltida skalor sjunger Taube \u00f6vers\u00e4ttningen av \u201dPos de chantar\u201d (vilken f\u00f6r \u00f6vrigt \u00e4r den  enda dikt ur Vilhelm av Akvitaniens repertoar vars s\u00e5ngmelodi \u00e4r bevarad).<\/p>\n\n\n\n<div class=\"wp-block-columns is-layout-flex wp-container-core-columns-is-layout-9d6595d7 wp-block-columns-is-layout-flex\">\n<div class=\"wp-block-column is-layout-flow wp-block-column-is-layout-flow\">\n<p>TRYCKT:<\/p>\n\n\n\n<p class=\"has-small-font-size\"><a href=\"https:\/\/litteraturbanken.se\/f%C3%B6rfattare\/TaubeE\/titlar\/Vallfart\/sida\/88\/etext\" target=\"_blank\" rel=\"noreferrer noopener\" aria-label=\" (\u00f6ppnas i en ny flik)\">Jag k\u00e4nner mig h\u00e5gad att sjunga ett tag,<\/a><br>fast nog blir min visa av sorgligt slag.<br>Aldrig mer till kvinnor g\u00e5r jag<br>i Peitau eller bort i Lemozi.<br><br>F\u00f6r g\u00e5r jag till kvinnor och l\u00e4mnar min son,<br>s\u00e5 kommer b\u00e5d\u2019 n\u00e4ra och fj\u00e4rran ifr\u00e5n<br>krigare hit\u00e5t och vill sl\u00e5\u2019n,<br>innan jag hinner hem fr\u00e5n Lemozi.<br><br>Och sorglig det blir v\u00e4l min snarliga d\u00f6d,<br>om barnen och landet d\u00e5 l\u00e4mnas i n\u00f6d!<br>Folcos, fr\u00e4nde ge dem ditt st\u00f6d<br>och beskydda min gosse, den enda!<br><br>Men g\u00f6r du dig inte det minsta besv\u00e4r<br>och kungen ej heller som h\u00f6ll mig s\u00e5 k\u00e4r.<br>Ja, d\u00e5 \u00e4r gascognarn snart h\u00e4r,<br>det v\u00e4rsta som kunde oss h\u00e4nda!<br><br>Min son han \u00e4r inte nog stridskunnig \u00e4n<br>och inte nog tapper. Och listiga m\u00e4n<br>har ju alltid s\u00e5dant p\u00e5 k\u00e4nn,<br>och de sl\u00e5r honom \u00f6ver \u00e4nda.<br><br>Jag har gjort dig or\u00e4tt min k\u00e4ra kusin<br>men h\u00e4mnden \u00e4r Herrens, den \u00e4r inte din!<br>Bed till Gud! Du kan ju latin,<br>p\u00e5 romanska ber jag om f\u00f6rskoning.<br><br>R\u00e4tt livad det var jag och lustig och k\u00e4r,<br>men nu vill V\u00e5r Herre ha slut p\u00e5 det d\u00e4r.<br>Tung \u00e4r b\u00f6rdan som jag nu b\u00e4r.<br>Mina synder de kr\u00e4ver f\u00f6rsoning.<\/p>\n<\/div>\n\n\n\n<div class=\"wp-block-column is-layout-flow wp-block-column-is-layout-flow\">\n<p class=\"has-small-font-size\">SJUNGEN:<br><br>Jag k\u00e4nner mig h\u00e5gad att sjunga ett tag,<br>fast nog blir min visa av sorgligt slag.<br>Aldrig mer till kvinnor g\u00e5r jag<br>i Peitau eller bort i Lemozi.<br><br>F\u00f6r g\u00e5r jag till kvinnor och l\u00e4mnar min son,<br>s\u00e5 kommer b\u00e5d\u2019 n\u00e4ra och fj\u00e4rran ifr\u00e5n<br>krigare hit\u00e5t och vill sl\u00e5\u2019n,<br>innan jag hinner hem fr\u00e5n Lemozi.<br><br>Och sorglig det blir v\u00e4l min snarliga d\u00f6d,<br>om barnen och landet d\u00e5 l\u00e4mnas i n\u00f6d!<br>K\u00e4re fr\u00e4nde! Sk\u00e4nk oss ditt st\u00f6d<br>och beskydda min gosse, den enda!<br><br>Men g\u00f6r du dig inte det minsta besv\u00e4r<br>och kungen inte heller fast han h\u00f6ll mig s\u00e5 k\u00e4r.<br>Ja, d\u00e5 \u00e4r gascognarn snart h\u00e4r,<br>just det v\u00e4rsta som kunde oss h\u00e4nda!<br><br>Min son han \u00e4r inte nog stridsduglig \u00e4n<br>och inte nog tapper. Och listiga m\u00e4n<br>har ju alltid s\u00e5dant p\u00e5 k\u00e4nn,<br>ja, de sl\u00e5r honom snart \u00f6ver \u00e4nda.<br><br>Jag har gjort dig or\u00e4tt min k\u00e4ra kusin<br>men h\u00e4mnden \u00e4r Herrens, den \u00e4r inte din!<br>Bed till Gud! Du kan ju latin,<br>p\u00e5 romanska ber jag om f\u00f6rskoning.<br><br>Jag var ganska livad och lustig och k\u00e4r,<br>men se nu vill V\u00e5r Herre ha slut p\u00e5 det d\u00e4r.<br>Tung \u00e4r b\u00f6rdan som jag nu b\u00e4r.<br>Mina synder jag b\u00e4r till f\u00f6rsoning.<br><br>Men stick mig ett vildsvin, ett sista till slut!<br>\u00c4n har jag r\u00f6tt vin! Kom, h\u00e4ll i och drick ut!<br>Flicka! R\u00e4ck mig genast din trut<br>och din famn och dr\u00f6j kvar i min boning!<\/p>\n<\/div>\n<\/div>\n\n\n\n<div class=\"wp-playlist wp-audio-playlist wp-playlist-light\">\n\t\t\t<div class=\"wp-playlist-current-item\"><\/div>\n\t\t<audio controls=\"controls\" preload=\"none\" width=\"618\"\n\t\t\t><\/audio>\n\t<div class=\"wp-playlist-next\"><\/div>\n\t<div class=\"wp-playlist-prev\"><\/div>\n\t<noscript>\n\t<ol>\n\t\t<li><a href='https:\/\/litteraturbanken.se\/diktensmuseum\/wp-content\/uploads\/2021\/03\/avakvitanien_posdechantar_taube.mp3'>\u2019Pos de chantar\u2019 av Vilhelm IX av Akvitanien<\/a><\/li>\t<\/ol>\n\t<\/noscript>\n\t<script type=\"application\/json\" class=\"wp-playlist-script\">{\"type\":\"audio\",\"tracklist\":true,\"tracknumbers\":true,\"images\":true,\"artists\":true,\"tracks\":[{\"src\":\"https:\/\/litteraturbanken.se\/diktensmuseum\/wp-content\/uploads\/2021\/03\/avakvitanien_posdechantar_taube.mp3\",\"type\":\"audio\/mpeg\",\"title\":\"\\u2019Pos de chantar\\u2019 av Vilhelm IX av Akvitanien\",\"caption\":\"\",\"description\":\"\\\"avakvitanien_posdechantar_taube\\\".\",\"meta\":{\"artist\":\"Evert Taube p\\u00e5 nya str\\u00f6vt\\u00e5g i Trubadurien (1957)\",\"album\":\"Evert Taube\",\"length_formatted\":\"4:13\"},\"image\":{\"src\":\"https:\/\/litteraturbanken.se\/diktensmuseum\/wp-content\/uploads\/2021\/03\/lb_affisch_taube_2.202_st\\u00e5ende_\\u00f6t_bl\\u00e5.jpg\",\"width\":1200,\"height\":1697},\"thumb\":{\"src\":\"https:\/\/litteraturbanken.se\/diktensmuseum\/wp-content\/uploads\/2021\/03\/lb_affisch_taube_2.202_st\\u00e5ende_\\u00f6t_bl\\u00e5-150x150.jpg\",\"width\":150,\"height\":150}}]}<\/script>\n<\/div>\n\t\n\n\n\n<p class=\"has-small-font-size\"><em>Inspelningen \u00e5terges med tillst\u00e5nd fr\u00e5n Sveriges Radio och r\u00e4ttighetshavarna.<\/em><\/p>\n\n\n\n<div style=\"height:34px\" aria-hidden=\"true\" class=\"wp-block-spacer\"><\/div>\n\n\n\n<p>I r\u00e4ttvisans namn ska till\u00e4ggas att hertig Vilhelm IX av Akvitanien ingalunda \u00e4r Eleonora av Akvitaniens (ca 1124\u20131204) far, vilket Taube p\u00e5st\u00e5r i radion. I sj\u00e4lva verket \u00e4r han hennes farfar. Men fantasin om det f\u00f6rflutna r\u00e5r inga misstag p\u00e5.<\/p>\n\n\n\n<div style=\"height:20px\" aria-hidden=\"true\" class=\"wp-block-spacer\"><\/div>\n\n\n\n<figure class=\"wp-block-image size-large\"><a href=\"https:\/\/litteraturbanken.se\/diktensmuseum\/wp-content\/uploads\/2021\/03\/Avignon_Le_passage_du_bac_devant_la_ville_dAvignon.jpg\" target=\"_blank\" rel=\"noreferrer noopener\"><img decoding=\"async\" width=\"1024\" height=\"727\" src=\"https:\/\/litteraturbanken.se\/diktensmuseum\/wp-content\/uploads\/2021\/03\/Avignon_Le_passage_du_bac_devant_la_ville_dAvignon-1024x727.jpg\" alt=\"\" class=\"wp-image-6424\" loading=\"lazy\" srcset=\"https:\/\/litteraturbanken.se\/diktensmuseum\/wp-content\/uploads\/2021\/03\/Avignon_Le_passage_du_bac_devant_la_ville_dAvignon-1024x727.jpg 1024w, https:\/\/litteraturbanken.se\/diktensmuseum\/wp-content\/uploads\/2021\/03\/Avignon_Le_passage_du_bac_devant_la_ville_dAvignon-300x213.jpg 300w, https:\/\/litteraturbanken.se\/diktensmuseum\/wp-content\/uploads\/2021\/03\/Avignon_Le_passage_du_bac_devant_la_ville_dAvignon-768x545.jpg 768w, https:\/\/litteraturbanken.se\/diktensmuseum\/wp-content\/uploads\/2021\/03\/Avignon_Le_passage_du_bac_devant_la_ville_dAvignon-480x341.jpg 480w, https:\/\/litteraturbanken.se\/diktensmuseum\/wp-content\/uploads\/2021\/03\/Avignon_Le_passage_du_bac_devant_la_ville_dAvignon.jpg 1200w\" sizes=\"auto, (max-width: 1024px) 100vw, 1024px\" \/><\/a><figcaption><em>\u201dP\u00e5 den sv\u00e4llande Rh\u00f4ne glider skepp efter skepp ned mot Medelhavet med sjungande korsfarare fr\u00e5n Champagne.\u201d Konstverket har vi l\u00e5nat fr\u00e5n <a href=\"https:\/\/commons.wikimedia.org\/wiki\/File:Painting_of_Carcassonne_from_1462.jpeg\" target=\"_blank\" rel=\"noreferrer noopener\" aria-label=\"Wikimedia (\u00f6ppnas i en ny flik)\">Wikimedia<\/a>.<\/em><\/figcaption><\/figure>\n\n\n\n<div style=\"height:30px\" aria-hidden=\"true\" class=\"wp-block-spacer\"><\/div>\n\n\n\n<p>I fantasin far vi sedan vidare med v\u00e5r ciceron Taube, fr\u00e5n de bl\u00e5 anemonerna vid Rh\u00f4ne till nakenbad vid hovet hos Etienette, grevinna av Provence (ca 1100\u20131160). Han f\u00f6rklarar: \u201dAlldeles som nudisterna i v\u00e5ra dagar betraktar sin nakna lek och dans i naturen som fromma \u00f6vningar, som sundhet \u2026 Om man byter ut den provensalska musiken mot nudistens polka till exempel \u2013 ja, ta en s\u00e5n sak, av idag! \u2013 s\u00e5 \u00e4r det ingen blasfemi, det \u00e4r inget h\u00e5n.\u201d<\/p>\n\n\n\n<div style=\"height:20px\" aria-hidden=\"true\" class=\"wp-block-spacer\"><\/div>\n\n\n\n<figure class=\"wp-block-image size-large\"><a href=\"https:\/\/litteraturbanken.se\/diktensmuseum\/wp-content\/uploads\/2021\/03\/Ch%C3%A2teau_ancien_-_Ruines_chapelle_-_Baux-de-Provence_Les_-_M%C3%A9diath%C3%A8que_de_larchitecture_et_du_patrimoine_-_APMH00000306.jpg\" target=\"_blank\" rel=\"noreferrer noopener\"><img decoding=\"async\" src=\"https:\/\/litteraturbanken.se\/diktensmuseum\/wp-content\/uploads\/2021\/03\/Ch%C3%A2teau_ancien_-_Ruines_chapelle_-_Baux-de-Provence_Les_-_M%C3%A9diath%C3%A8que_de_larchitecture_et_du_patrimoine_-_APMH00000306-1024x743.jpg\" alt=\"\" class=\"wp-image-6426\" loading=\"lazy\"><\/a><figcaption><em>Ch\u00e2teau des Baux, i vilket radioprogrammets sista halva utspelar sig. Fotografiet har vi l\u00e5nat fr\u00e5n <a rel=\"noreferrer noopener\" aria-label=\"Wikimedia (\u00f6ppnas i en ny flik)\" href=\"https:\/\/commons.wikimedia.org\/wiki\/Category:Ch%C3%A2teau_des_Baux#\/media\/File:Ch%C3%A2teau_(ancien)_-_Ruines,_chapelle_-_Baux-de-Provence_(Les)_-_M%C3%A9diath%C3%A8que_de_l'architecture_et_du_patrimoine_-_APMH00000306.jpg\" target=\"_blank\">Wikimedia<\/a>.<\/em><\/figcaption><\/figure>\n\n\n\n<div style=\"height:30px\" aria-hidden=\"true\" class=\"wp-block-spacer\"><\/div>\n\n\n\n<p>\u201dMan skulle mycket v\u00e4l kunna t\u00e4nka sig att prinsessan Etienette hade lyssnat med f\u00f6rtjusning till en s\u00e5n sak, om inte just till min polka, s\u00e5 till n\u00e5got liknande,\u201d forts\u00e4tter Taube och brister d\u00e4refter ut i munter s\u00e5ng. Det n\u00e5got l\u00e5ngs\u00f6kta l\u00e5tvalet blir under alla omst\u00e4ndigheter en underfundig \u00f6verg\u00e5ng till ett tal som Etienette h\u00e5ller f\u00f6r en \u201df\u00f6rsamling av damer och herrar p\u00e5 1100-talet som nyss tagit ett gemensamt \u00e5ngbad i slottets saracenska badhus\u201d. Ett tal om h\u00f6visk k\u00e4rlek, ett tal om ridderlig \u00e4lskog, som Taube inlevelsefullt reciterar, ur fantasin, fram till programmets avslut.<\/p>\n\n\n\n<div style=\"height:30px\" aria-hidden=\"true\" class=\"wp-block-spacer\"><\/div>\n\n\n\n<figure class=\"wp-block-image size-full is-resized\"><a href=\"https:\/\/litteraturbanken.se\/diktensmuseum\/wp-content\/uploads\/2021\/03\/taube_8apr1957_expr.jpg\" target=\"_blank\" rel=\"noreferrer noopener\"><img decoding=\"async\" src=\"https:\/\/litteraturbanken.se\/diktensmuseum\/wp-content\/uploads\/2021\/03\/taube_8apr1957_expr.jpg\" alt=\"\" class=\"wp-image-6602\" width=\"445\" loading=\"lazy\" srcset=\"https:\/\/litteraturbanken.se\/diktensmuseum\/wp-content\/uploads\/2021\/03\/taube_8apr1957_expr.jpg 600w, https:\/\/litteraturbanken.se\/diktensmuseum\/wp-content\/uploads\/2021\/03\/taube_8apr1957_expr-193x300.jpg 193w, https:\/\/litteraturbanken.se\/diktensmuseum\/wp-content\/uploads\/2021\/03\/taube_8apr1957_expr-480x746.jpg 480w\" sizes=\"auto, (max-width: 600px) 100vw, 600px\" \/><\/a><figcaption><em>Notis ur Expressen dagen efter s\u00e4ndning, den 8 april 1957.<\/em><\/figcaption><\/figure>\n\n\n\n<div style=\"height:30px\" aria-hidden=\"true\" class=\"wp-block-spacer\"><\/div>\n\n\n\n<p><em><a href=\"https:\/\/litteraturbanken.se\/diktensmuseum\/taube-sasong-2-avsnitt-2\/\">I n\u00e4sta avsnitt far vi \u00f6sterut, klicka h\u00e4r f\u00f6r att ta dig vidare.<\/a><\/em><\/p>\n\n\n\n<div style=\"height:27px\" aria-hidden=\"true\" class=\"wp-block-spacer\"><\/div>\n\n\n\n<p>L\u00c4NKAR TILL BOKKAPITEL SOM TAUBE L\u00c4SER UR I PROGRAMMET:<br>\u2013 <a href=\"https:\/\/litteraturbanken.se\/f%C3%B6rfattare\/TaubeE\/titlar\/Vallfart\/sida\/79\/etext\" target=\"_blank\" rel=\"noreferrer noopener\" aria-label=\" (\u00f6ppnas i en ny flik)\">\u201dTrubaduren Ventadour\u201d<\/a><br>\u2013\u00a0<a href=\"https:\/\/litteraturbanken.se\/f%C3%B6rfattare\/TaubeE\/titlar\/Vallfart\/sida\/128\/etext\" target=\"_blank\" rel=\"noreferrer noopener\" aria-label=\" (\u00f6ppnas i en ny flik)\">\u201dRidderlig \u00e4lskog\u201d<\/a><\/p>\n<\/div>\n\n\n\n<div class=\"wp-block-column is-layout-flow wp-block-column-is-layout-flow\" style=\"flex-basis:35%\">\n<div style=\"height:20px\" aria-hidden=\"true\" class=\"wp-block-spacer\"><\/div>\n\n\n\n<p><a href=\"https:\/\/litteraturbanken.se\/diktensmuseum\/taube-inledning\/\">EN INTRODUKTION<\/a><br><br>RADIO: S\u00c4SONG 1<br><a href=\"https:\/\/litteraturbanken.se\/diktensmuseum\/taube-sasong-1-avsnitt-1\/\">AVSNITT ETT<\/a><br><a href=\"https:\/\/litteraturbanken.se\/diktensmuseum\/taube-sasong-1-avsnitt-2\/\">AVSNITT TV\u00c5<\/a><br><a href=\"https:\/\/litteraturbanken.se\/diktensmuseum\/taube-sasong-1-avsnitt-3\/\">AVSNITT TRE<\/a><br><a href=\"https:\/\/litteraturbanken.se\/diktensmuseum\/taube-sasong-1-avsnitt-4\/\">AVSNITT FYRA<\/a><br><br>RADIO: S\u00c4SONG 2<br><a href=\"https:\/\/litteraturbanken.se\/diktensmuseum\/taube-sasong-2-avsnitt-1\/\">AVSNITT ETT<\/a><br><a href=\"https:\/\/litteraturbanken.se\/diktensmuseum\/taube-sasong-2-avsnitt-2\/\">AVSNITT TV\u00c5<\/a><br><a href=\"https:\/\/litteraturbanken.se\/diktensmuseum\/taube-sasong-2-avsnitt-3\/\">AVSNITT TRE<\/a><br><a href=\"https:\/\/litteraturbanken.se\/diktensmuseum\/taube-sasong-2-avsnitt-4\/\">AVSNITT FYRA<\/a><br><br><a href=\"https:\/\/litteraturbanken.se\/diktensmuseum\/taube-bortklippt\/\">BORTKLIPPT<\/a><\/p>\n\n\n\n<p>DAVID ANTHIN:<br>EVERT TAUBE I TRUBADURIEN<br><a href=\"https:\/\/litteraturbanken.se\/diktensmuseum\/anthin-del-1\/\">1. INLEDNING<\/a><br><a href=\"https:\/\/litteraturbanken.se\/diktensmuseum\/anthin-del-2\/\">2. DAMEN I SVART MED VIOLER<\/a><br><a href=\"https:\/\/litteraturbanken.se\/diktensmuseum\/anthin-del-3\/\">3. EN VALLFART I FLERA MEDIER<\/a><br><a href=\"https:\/\/litteraturbanken.se\/diktensmuseum\/anthin-del-4\/\">4. VALLFARTENS EVIGA V\u00c4RDE<\/a><\/p>\n\n\n\n<div style=\"height:20px\" aria-hidden=\"true\" class=\"wp-block-spacer\"><\/div>\n\n\n\n<div style=\"height:20px\" aria-hidden=\"true\" class=\"wp-block-spacer\"><\/div>\n\n\n\n<div style=\"height:20px\" aria-hidden=\"true\" class=\"wp-block-spacer\"><\/div>\n\n\n\n<figure class=\"wp-block-image size-large\"><a href=\"https:\/\/litteraturbanken.se\/diktensmuseum\/wp-content\/uploads\/2021\/03\/lb_affisch_taube_2.202_st%C3%A5ende_%C3%B6vertoning_lila.jpg\" target=\"_blank\" rel=\"noreferrer noopener\"><img decoding=\"async\" src=\"https:\/\/litteraturbanken.se\/diktensmuseum\/wp-content\/uploads\/2021\/03\/lb_affisch_taube_2.202_st%C3%A5ende_%C3%B6vertoning_lila-724x1024.jpg\" alt=\"\" class=\"wp-image-6457\" loading=\"lazy\"><\/a><\/figure>\n\n\n\n<div style=\"height:40px\" aria-hidden=\"true\" class=\"wp-block-spacer\"><\/div>\n\n\n\n<hr class=\"wp-block-separator\">\n\n\n\n<h5 class=\"wp-block-heading\">OM UTST\u00c4LLNINGEN<\/h5>\n\n\n\n<p style=\"font-size:11px\"><em>Utst\u00e4llningen \u201dTaube: vallfartens diktare\u201d producerades f\u00f6r Litteraturbanken under februari &amp; mars 2021 av Martin Joviken. D\u00e4r inget annat anges \u00e4r alla texter skrivna av Martin Joviken. \u201dEvert Taube i Trubadurien\u201d \u00e4r skriven av David Anthin.<\/em><\/p>\n\n\n\n<div style=\"height:20px\" aria-hidden=\"true\" class=\"wp-block-spacer\"><\/div>\n\n\n\n<p style=\"font-size:11px\"><em>Radioprogrammen \u00e5terges med tillst\u00e5nd fr\u00e5n r\u00e4ttighetshavaren och Sveriges Radio.<\/em><\/p>\n\n\n\n<div style=\"height:40px\" aria-hidden=\"true\" class=\"wp-block-spacer\"><\/div>\n<\/div>\n<\/div>\n\n\n\n<div style=\"height:20px\" aria-hidden=\"true\" class=\"wp-block-spacer\"><\/div>\n\n\n\n<div style=\"height:20px\" aria-hidden=\"true\" class=\"wp-block-spacer\"><\/div>\n<\/body>","protected":false},"excerpt":{"rendered":"<p>Taube VALLFARTENS DIKTARE Radioprogrammen: den andra s\u00e4songen 1957. F\u00f6rsta avsnittet. Ungef\u00e4r ett halv\u00e5r hade passerat n\u00e4r Evert Taube var tillbaka i radion med en andra s\u00e4song den 7 april 1957. Den nya programtiteln l\u00f6d \u201dEvert Taube p\u00e5 nya str\u00f6vt\u00e5g i [&hellip;]<\/p>\n","protected":false},"author":1,"featured_media":6457,"parent":0,"menu_order":1,"comment_status":"closed","ping_status":"closed","template":"","meta":{"footnotes":""},"class_list":["post-6175","page","type-page","status-publish","has-post-thumbnail","hentry"],"_links":{"self":[{"href":"https:\/\/litteraturbanken.se\/diktensmuseum\/wp-json\/wp\/v2\/pages\/6175","targetHints":{"allow":["GET"]}}],"collection":[{"href":"https:\/\/litteraturbanken.se\/diktensmuseum\/wp-json\/wp\/v2\/pages"}],"about":[{"href":"https:\/\/litteraturbanken.se\/diktensmuseum\/wp-json\/wp\/v2\/types\/page"}],"author":[{"embeddable":true,"href":"https:\/\/litteraturbanken.se\/diktensmuseum\/wp-json\/wp\/v2\/users\/1"}],"replies":[{"embeddable":true,"href":"https:\/\/litteraturbanken.se\/diktensmuseum\/wp-json\/wp\/v2\/comments?post=6175"}],"version-history":[{"count":37,"href":"https:\/\/litteraturbanken.se\/diktensmuseum\/wp-json\/wp\/v2\/pages\/6175\/revisions"}],"predecessor-version":[{"id":6664,"href":"https:\/\/litteraturbanken.se\/diktensmuseum\/wp-json\/wp\/v2\/pages\/6175\/revisions\/6664"}],"wp:featuredmedia":[{"embeddable":true,"href":"https:\/\/litteraturbanken.se\/diktensmuseum\/wp-json\/wp\/v2\/media\/6457"}],"wp:attachment":[{"href":"https:\/\/litteraturbanken.se\/diktensmuseum\/wp-json\/wp\/v2\/media?parent=6175"}],"curies":[{"name":"wp","href":"https:\/\/api.w.org\/{rel}","templated":true}]}}