{"id":6180,"date":"2021-03-05T10:34:03","date_gmt":"2021-03-05T09:34:03","guid":{"rendered":"https:\/\/litteraturbanken.se\/diktensmuseum\/?page_id=6180"},"modified":"2021-03-12T08:43:10","modified_gmt":"2021-03-12T07:43:10","slug":"taube-sasong-2-avsnitt-3","status":"publish","type":"page","link":"https:\/\/litteraturbanken.se\/diktensmuseum\/taube-sasong-2-avsnitt-3\/","title":{"rendered":"Taube i Trubadurien: s\u00e4song 2, avsnitt 3"},"content":{"rendered":"<body>\n<div class=\"wp-block-columns is-layout-flex wp-container-core-columns-is-layout-9d6595d7 wp-block-columns-is-layout-flex\">\n<div class=\"wp-block-column is-layout-flow wp-block-column-is-layout-flow\" style=\"flex-basis:65%\">\n<h1 class=\"has-vivid-red-color has-text-color wp-block-heading\">Taube<\/h1>\n\n\n\n<h3 class=\"has-vivid-red-color has-text-color wp-block-heading\">VALLFARTENS DIKTARE<\/h3>\n\n\n\n<div style=\"height:20px\" aria-hidden=\"true\" class=\"wp-block-spacer\"><\/div>\n\n\n\n<h4 class=\"wp-block-heading\">Radioprogrammen: <br>den andra s\u00e4songen<\/h4>\n\n\n\n<div style=\"height:35px\" aria-hidden=\"true\" class=\"wp-block-spacer\"><\/div>\n\n\n\n<div style=\"height:40px\" aria-hidden=\"true\" class=\"wp-block-spacer\"><\/div>\n\n\n\n<div style=\"height:20px\" aria-hidden=\"true\" class=\"wp-block-spacer\"><\/div>\n\n\n\n<h2 class=\"wp-block-heading\">1957. Tredje avsnittet.<\/h2>\n\n\n\n<div style=\"height:20px\" aria-hidden=\"true\" class=\"wp-block-spacer\"><\/div>\n\n\n\n<p>F\u00f6r ett \u00f6gonblick lyfter Taube blicken fr\u00e5n medeltidens trubadurer. I tredje avsnittet reser vi n\u00e4mligen till 1900-talets Norditalien, och den som intresserar sig f\u00f6r anekdoter fr\u00e5n Taubes eget liv l\u00e4r inte bli besviken.<\/p>\n\n\n\n<div style=\"height:20px\" aria-hidden=\"true\" class=\"wp-block-spacer\"><\/div>\n\n\n\n<figure class=\"wp-block-image size-large\"><a href=\"https:\/\/litteraturbanken.se\/diktensmuseum\/wp-content\/uploads\/2021\/03\/taube_GUB_1917.jpg\" target=\"_blank\" rel=\"noreferrer noopener\"><img decoding=\"async\" width=\"900\" height=\"647\" src=\"https:\/\/litteraturbanken.se\/diktensmuseum\/wp-content\/uploads\/2021\/03\/taube_GUB_1917.jpg\" alt=\"\" class=\"wp-image-6263\" loading=\"lazy\" srcset=\"https:\/\/litteraturbanken.se\/diktensmuseum\/wp-content\/uploads\/2021\/03\/taube_GUB_1917.jpg 900w, https:\/\/litteraturbanken.se\/diktensmuseum\/wp-content\/uploads\/2021\/03\/taube_GUB_1917-300x216.jpg 300w, https:\/\/litteraturbanken.se\/diktensmuseum\/wp-content\/uploads\/2021\/03\/taube_GUB_1917-768x552.jpg 768w, https:\/\/litteraturbanken.se\/diktensmuseum\/wp-content\/uploads\/2021\/03\/taube_GUB_1917-480x345.jpg 480w\" sizes=\"auto, (max-width: 900px) 100vw, 900px\" \/><\/a><figcaption><em>Evert Taube i Sm\u00f6gen (1917). Fotografiet har vi l\u00e5nat fr\u00e5n\u00a0<a rel=\"noreferrer noopener\" href=\"http:\/\/urn.kb.se\/resolve?urn=urn:nbn:se:alvin:portal:record-121020\" target=\"_blank\">samlingen vid G\u00f6teborgs universitetsbibliotek<\/a>.<\/em><\/figcaption><\/figure>\n\n\n\n<div style=\"height:30px\" aria-hidden=\"true\" class=\"wp-block-spacer\"><\/div>\n\n\n\n<div class=\"wp-playlist wp-audio-playlist wp-playlist-light\">\n\t\t\t<div class=\"wp-playlist-current-item\"><\/div>\n\t\t<audio controls=\"controls\" preload=\"none\" width=\"618\"\n\t\t\t><\/audio>\n\t<div class=\"wp-playlist-next\"><\/div>\n\t<div class=\"wp-playlist-prev\"><\/div>\n\t<noscript>\n\t<ol>\n\t\t<li><a href='https:\/\/litteraturbanken.se\/diktensmuseum\/wp-content\/uploads\/2021\/03\/taube_trubadurien2-3_taube.mp3'>Del 3<\/a><\/li>\t<\/ol>\n\t<\/noscript>\n\t<script type=\"application\/json\" class=\"wp-playlist-script\">{\"type\":\"audio\",\"tracklist\":true,\"tracknumbers\":true,\"images\":true,\"artists\":true,\"tracks\":[{\"src\":\"https:\/\/litteraturbanken.se\/diktensmuseum\/wp-content\/uploads\/2021\/03\/taube_trubadurien2-3_taube.mp3\",\"type\":\"audio\/mpeg\",\"title\":\"Del 3\",\"caption\":\"\",\"description\":\"\\\"Del 3\\\" fr\\u00e5n Evert Taube p\\u00e5 nya str\\u00f6vt\\u00e5g i Trubadurien av Taube, Evert. Sl\\u00e4ppt: 1957. Sp\\u00e5r 3.\",\"meta\":{\"artist\":\"Evert Taube p\\u00e5 nya str\\u00f6vt\\u00e5g i Trubadurien (1957)\",\"album\":\"Evert Taube\",\"year\":\"1957\",\"length_formatted\":\"33:16\"},\"image\":{\"src\":\"https:\/\/litteraturbanken.se\/diktensmuseum\/wp-content\/uploads\/2021\/03\/lb_affisch_taube_2.202_st\\u00e5ende_\\u00f6t_bl\\u00e5.jpg\",\"width\":1200,\"height\":1697},\"thumb\":{\"src\":\"https:\/\/litteraturbanken.se\/diktensmuseum\/wp-content\/uploads\/2021\/03\/lb_affisch_taube_2.202_st\\u00e5ende_\\u00f6t_bl\\u00e5-150x150.jpg\",\"width\":150,\"height\":150}}]}<\/script>\n<\/div>\n\t\n\n\n\n<p class=\"has-small-font-size\"><em>Programmet s\u00e4ndes den 22 april 1957, klockan 19.30. Inspelningen \u00e5terges med tillst\u00e5nd fr\u00e5n Sveriges Radio och r\u00e4ttighetshavarna.<\/em><\/p>\n\n\n\n<p>Det hela b\u00f6rjar med en flygtur till Florens tillsammans med en viss mademoiselle A\u00e9liz Bonnieux \u2013 blotta minnet f\u00e5r Taube att brista ut i s\u00e5ng. Han m\u00e4ssar Gunnar Wennerbergs (1817\u20131901)\u00a0<a href=\"https:\/\/litteraturbanken.se\/f%C3%B6rfattare\/WennerbergG\/titlar\/Gluntarne\/sida\/236\/faksimil\" target=\"_blank\" rel=\"noreferrer noopener\" aria-label=\" (\u00f6ppnas i en ny flik)\">\u201dH\u00e4r \u00e4r gudagodt att vara\u201d<\/a>, och \u00e5terger d\u00e4refter h\u00e4nf\u00f6rt vyerna nedanf\u00f6r flygplanet.<\/p>\n\n\n\n<div style=\"height:20px\" aria-hidden=\"true\" class=\"wp-block-spacer\"><\/div>\n\n\n\n<figure class=\"wp-block-image size-large\"><a href=\"https:\/\/litteraturbanken.se\/diktensmuseum\/wp-content\/uploads\/2021\/03\/lossy-page1-1280px-Florence_from_hotel_window_on_the_Lung_Arno_July_1st_1857_Italy_RMG_PZ4689.tiff.jpg\" target=\"_blank\" rel=\"noreferrer noopener\"><img decoding=\"async\" width=\"1024\" height=\"729\" src=\"https:\/\/litteraturbanken.se\/diktensmuseum\/wp-content\/uploads\/2021\/03\/lossy-page1-1280px-Florence_from_hotel_window_on_the_Lung_Arno_July_1st_1857_Italy_RMG_PZ4689.tiff-1024x729.jpg\" alt=\"\" class=\"wp-image-6429\" loading=\"lazy\" srcset=\"https:\/\/litteraturbanken.se\/diktensmuseum\/wp-content\/uploads\/2021\/03\/lossy-page1-1280px-Florence_from_hotel_window_on_the_Lung_Arno_July_1st_1857_Italy_RMG_PZ4689.tiff-1024x729.jpg 1024w, https:\/\/litteraturbanken.se\/diktensmuseum\/wp-content\/uploads\/2021\/03\/lossy-page1-1280px-Florence_from_hotel_window_on_the_Lung_Arno_July_1st_1857_Italy_RMG_PZ4689.tiff-300x214.jpg 300w, https:\/\/litteraturbanken.se\/diktensmuseum\/wp-content\/uploads\/2021\/03\/lossy-page1-1280px-Florence_from_hotel_window_on_the_Lung_Arno_July_1st_1857_Italy_RMG_PZ4689.tiff-768x547.jpg 768w, https:\/\/litteraturbanken.se\/diktensmuseum\/wp-content\/uploads\/2021\/03\/lossy-page1-1280px-Florence_from_hotel_window_on_the_Lung_Arno_July_1st_1857_Italy_RMG_PZ4689.tiff-480x342.jpg 480w, https:\/\/litteraturbanken.se\/diktensmuseum\/wp-content\/uploads\/2021\/03\/lossy-page1-1280px-Florence_from_hotel_window_on_the_Lung_Arno_July_1st_1857_Italy_RMG_PZ4689.tiff.jpg 1200w\" sizes=\"auto, (max-width: 1024px) 100vw, 1024px\" \/><\/a><figcaption><em>Florens. Skissen, av Edward Gennys Fanshawe, har vi l\u00e5nat fr\u00e5n <a href=\"https:\/\/commons.wikimedia.org\/wiki\/Category:Cityscapes_of_Florence#\/media\/File:'Florence_from_hotel_window_on_the_Lung'_Arno,_July_1st_1857'_(Italy)_RMG_PZ4689.tiff\" target=\"_blank\" rel=\"noreferrer noopener\" aria-label=\"Wikimedia (\u00f6ppnas i en ny flik)\">Wikimedia<\/a>.<\/em><\/figcaption><\/figure>\n\n\n\n<div style=\"height:30px\" aria-hidden=\"true\" class=\"wp-block-spacer\"><\/div>\n\n\n\n<p>Via n\u00e5gra sticksp\u00e5r ber\u00e4ttar han om melodif\u00f6rlagan till den nog s\u00e5 omhuldade visan \u201dBrevet fr\u00e5n Lillan\u201d \u2013 melodin \u00e4r i sj\u00e4lva verket baserad p\u00e5 en lantlig pastoral fr\u00e5n Ligurien med titeln \u201dQuando di maggio\u201d.<\/p>\n\n\n\n<div class=\"wp-playlist wp-audio-playlist wp-playlist-light\">\n\t\t\t<div class=\"wp-playlist-current-item\"><\/div>\n\t\t<audio controls=\"controls\" preload=\"none\" width=\"618\"\n\t\t\t><\/audio>\n\t<div class=\"wp-playlist-next\"><\/div>\n\t<div class=\"wp-playlist-prev\"><\/div>\n\t<noscript>\n\t<ol>\n\t\t<li><a href='https:\/\/litteraturbanken.se\/diktensmuseum\/wp-content\/uploads\/2021\/03\/taube_quandodimaggio_taube.mp3'>Quando di maggio<\/a><\/li>\t<\/ol>\n\t<\/noscript>\n\t<script type=\"application\/json\" class=\"wp-playlist-script\">{\"type\":\"audio\",\"tracklist\":true,\"tracknumbers\":true,\"images\":true,\"artists\":true,\"tracks\":[{\"src\":\"https:\/\/litteraturbanken.se\/diktensmuseum\/wp-content\/uploads\/2021\/03\/taube_quandodimaggio_taube.mp3\",\"type\":\"audio\/mpeg\",\"title\":\"Quando di maggio\",\"caption\":\"\",\"description\":\"\\\"taube_quandodimaggio_taube\\\".\",\"meta\":{\"artist\":\"Evert Taube p\\u00e5 nya str\\u00f6vt\\u00e5g i Trubadurien (1957)\",\"album\":\"Evert Taube\",\"length_formatted\":\"0:19\"},\"image\":{\"src\":\"https:\/\/litteraturbanken.se\/diktensmuseum\/wp-content\/uploads\/2021\/03\/lb_affisch_taube_2.202_st\\u00e5ende_\\u00f6t_bl\\u00e5.jpg\",\"width\":1200,\"height\":1697},\"thumb\":{\"src\":\"https:\/\/litteraturbanken.se\/diktensmuseum\/wp-content\/uploads\/2021\/03\/lb_affisch_taube_2.202_st\\u00e5ende_\\u00f6t_bl\\u00e5-150x150.jpg\",\"width\":150,\"height\":150}}]}<\/script>\n<\/div>\n\t\n\n\n\n<p class=\"has-small-font-size\"><em>Inspelningen \u00e5terges med tillst\u00e5nd fr\u00e5n Sveriges Radio och r\u00e4ttighetshavarna.<\/em><\/p>\n\n\n\n<p>En likartad historia ligger till grund f\u00f6r en annan av hans visor \u2013 <a href=\"https:\/\/litteraturbanken.se\/f%C3%B6rfattare\/TaubeE\/titlar\/DenGyldeneFreden\/sida\/36\/faksimil\" target=\"_blank\" rel=\"noreferrer noopener\" aria-label=\"\u201dSerenad i Pr\u00e4stgatan\u201d\/\u201dBlondin med de rosende kinder\u201d (\u00f6ppnas i en ny flik)\">\u201dSerenad i Pr\u00e4stgatan\u201d\/\u201dBlondin med de rosende kinder\u201d<\/a>. Enligt Taube stod det fr\u00e5n b\u00f6rjan skrivet i noterna: \u201dmelodin upptecknad efter en liten flickas s\u00e5ng i Tivoli utanf\u00f6r Rom\u201d. Men dessa sm\u00e5 kr\u00e5kf\u00f6tter har av outgrundliga sk\u00e4l f\u00f6rsvunnit ur notpapperen efter hand, f\u00f6rklarar ber\u00e4ttaren.\u00a0<\/p>\n\n\n\n<p>Inte nog med detta. I ett p\u00e4rlband av mer eller mindre osannolika h\u00e4ndelser \u00e5terser han av en lycklig slump sina ungdoms\u00f6vers\u00e4ttningar av Dante och Cavalcanti, i det florentinska hus d\u00e4r hustrun Astri Bergman bodde som konstakademistudent under 1920-talet. Detta trettio \u00e5r efter\u00e5t! Avsnittet \u00e4r med andra ord fyllt till br\u00e4dden av taubesk dikt och skr\u00f6na. Och det \u00e4r sv\u00e5rt att slita sig fr\u00e5n f\u00f6rest\u00e4llningen.<\/p>\n\n\n\n<div style=\"height:20px\" aria-hidden=\"true\" class=\"wp-block-spacer\"><\/div>\n\n\n\n<figure class=\"wp-block-image size-large\"><a href=\"https:\/\/litteraturbanken.se\/diktensmuseum\/wp-content\/uploads\/2021\/03\/lb78374_5_0155.jpg\" target=\"_blank\" rel=\"noreferrer noopener\"><img decoding=\"async\" width=\"900\" height=\"634\" src=\"https:\/\/litteraturbanken.se\/diktensmuseum\/wp-content\/uploads\/2021\/03\/lb78374_5_0155.jpg\" alt=\"\" class=\"wp-image-6274\" loading=\"lazy\" srcset=\"https:\/\/litteraturbanken.se\/diktensmuseum\/wp-content\/uploads\/2021\/03\/lb78374_5_0155.jpg 900w, https:\/\/litteraturbanken.se\/diktensmuseum\/wp-content\/uploads\/2021\/03\/lb78374_5_0155-300x211.jpg 300w, https:\/\/litteraturbanken.se\/diktensmuseum\/wp-content\/uploads\/2021\/03\/lb78374_5_0155-768x541.jpg 768w, https:\/\/litteraturbanken.se\/diktensmuseum\/wp-content\/uploads\/2021\/03\/lb78374_5_0155-480x338.jpg 480w\" sizes=\"auto, (max-width: 900px) 100vw, 900px\" \/><\/a><figcaption><em>Fr\u00e5n Vallfart till Trubadurien och Toscana (1957). Bokens illustrationer utf\u00f6rdes av Ulla Sundin-Wickman.<\/em><\/figcaption><\/figure>\n\n\n\n<div style=\"height:30px\" aria-hidden=\"true\" class=\"wp-block-spacer\"><\/div>\n\n\n\n<p>Att 1920-talets Italienvistelser spelade en avg\u00f6rande roll i Taubes liv kan v\u00e4nnen och Taubef\u00f6rl\u00e4ggaren Georg Svensson (1904\u20131998) bekr\u00e4fta. Han  skriver i boken\u00a0<em>Evert Taube. Poet, musikant, artist\u00a0<\/em>(1976): \u201dDessa m\u00e5nader vid Medelhavet [i San Remo], varom breven ber\u00e4ttar p\u00e5 ytplanet i en genomg\u00e5ende uppsluppen ton, skulle bli av stor betydelse f\u00f6r Evert Taube p\u00e5 ett djupare plan. Han gjorde sin f\u00f6rsta bekantskap med den provensalska kulturen och diktningen, han upplevde Dante i Florens och de romerska poeterna i Rom. En sorts poetisk himlajord f\u00f6ll ner i hans sj\u00e4l. Han hade funnit nya k\u00e4llor att \u00f6sa ur. Nu f\u00f6ddes trubaduren Evert Taube.\u201d<\/p>\n\n\n\n<p><em><a href=\"https:\/\/litteraturbanken.se\/diktensmuseum\/taube-sasong-2-avsnitt-4\/\">Klicka dig vidare till det sista radioprogrammet h\u00e4r.<\/a><\/em><\/p>\n\n\n\n<p>L\u00c4NK TILL BOKKAPITEL SOM TAUBE L\u00c4SER UR I PROGRAMMET:<br>\u2013 <a href=\"https:\/\/litteraturbanken.se\/f%C3%B6rfattare\/TaubeE\/titlar\/Vallfart\/sida\/157\/etext\" target=\"_blank\" rel=\"noreferrer noopener\" aria-label=\" (\u00f6ppnas i en ny flik)\">\u201dVinterlegend\u201d<\/a><\/p>\n<\/div>\n\n\n\n<div class=\"wp-block-column is-layout-flow wp-block-column-is-layout-flow\" style=\"flex-basis:35%\">\n<div style=\"height:20px\" aria-hidden=\"true\" class=\"wp-block-spacer\"><\/div>\n\n\n\n<p><a href=\"https:\/\/litteraturbanken.se\/diktensmuseum\/taube-inledning\/\">EN INTRODUKTION<\/a><br><br>RADIO: S\u00c4SONG 1<br><a href=\"https:\/\/litteraturbanken.se\/diktensmuseum\/taube-sasong-1-avsnitt-1\/\">AVSNITT ETT<\/a><br><a href=\"https:\/\/litteraturbanken.se\/diktensmuseum\/taube-sasong-1-avsnitt-2\/\">AVSNITT TV\u00c5<\/a><br><a href=\"https:\/\/litteraturbanken.se\/diktensmuseum\/taube-sasong-1-avsnitt-3\/\">AVSNITT TRE<\/a><br><a href=\"https:\/\/litteraturbanken.se\/diktensmuseum\/taube-sasong-1-avsnitt-4\/\">AVSNITT FYRA<\/a><br><br>RADIO: S\u00c4SONG 2<br><a href=\"https:\/\/litteraturbanken.se\/diktensmuseum\/taube-sasong-2-avsnitt-1\/\">AVSNITT ETT<\/a><br><a href=\"https:\/\/litteraturbanken.se\/diktensmuseum\/taube-sasong-2-avsnitt-2\/\">AVSNITT TV\u00c5<\/a><br><a href=\"https:\/\/litteraturbanken.se\/diktensmuseum\/taube-sasong-2-avsnitt-3\/\">AVSNITT TRE<\/a><br><a href=\"https:\/\/litteraturbanken.se\/diktensmuseum\/taube-sasong-2-avsnitt-4\/\">AVSNITT FYRA<\/a><br><br><a href=\"https:\/\/litteraturbanken.se\/diktensmuseum\/taube-bortklippt\/\">BORTKLIPPT<\/a><\/p>\n\n\n\n<p>DAVID ANTHIN:<br>EVERT TAUBE I TRUBADURIEN<br><a href=\"https:\/\/litteraturbanken.se\/diktensmuseum\/anthin-del-1\/\">1. INLEDNING<\/a><br><a href=\"https:\/\/litteraturbanken.se\/diktensmuseum\/anthin-del-2\/\">2. DAMEN I SVART MED VIOLER<\/a><br><a href=\"https:\/\/litteraturbanken.se\/diktensmuseum\/anthin-del-3\/\">3. EN VALLFART I FLERA MEDIER<\/a><br><a href=\"https:\/\/litteraturbanken.se\/diktensmuseum\/anthin-del-4\/\">4. VALLFARTENS EVIGA V\u00c4RDE<\/a><\/p>\n\n\n\n<div style=\"height:20px\" aria-hidden=\"true\" class=\"wp-block-spacer\"><\/div>\n\n\n\n<div style=\"height:20px\" aria-hidden=\"true\" class=\"wp-block-spacer\"><\/div>\n\n\n\n<div style=\"height:20px\" aria-hidden=\"true\" class=\"wp-block-spacer\"><\/div>\n\n\n\n<figure class=\"wp-block-image size-large\"><a href=\"https:\/\/litteraturbanken.se\/diktensmuseum\/wp-content\/uploads\/2021\/03\/lb_affisch_taube_2.202_st%C3%A5ende_%C3%B6t_bl%C3%A5.jpg\" target=\"_blank\" rel=\"noreferrer noopener\"><img decoding=\"async\" src=\"https:\/\/litteraturbanken.se\/diktensmuseum\/wp-content\/uploads\/2021\/03\/lb_affisch_taube_2.202_st%C3%A5ende_%C3%B6t_bl%C3%A5-724x1024.jpg\" alt=\"\" class=\"wp-image-6459\" loading=\"lazy\"><\/a><\/figure>\n\n\n\n<div style=\"height:40px\" aria-hidden=\"true\" class=\"wp-block-spacer\"><\/div>\n\n\n\n<hr class=\"wp-block-separator\">\n\n\n\n<h5 class=\"wp-block-heading\">OM UTST\u00c4LLNINGEN<\/h5>\n\n\n\n<p style=\"font-size:11px\"><em>Utst\u00e4llningen \u201dTaube: vallfartens diktare\u201d producerades f\u00f6r Litteraturbanken under februari &amp; mars 2021 av Martin Joviken. D\u00e4r inget annat anges \u00e4r alla texter skrivna av Martin Joviken. \u201dEvert Taube i Trubadurien\u201d \u00e4r skriven av David Anthin.<\/em><\/p>\n\n\n\n<div style=\"height:20px\" aria-hidden=\"true\" class=\"wp-block-spacer\"><\/div>\n\n\n\n<p style=\"font-size:11px\"><em>Radioprogrammen \u00e5terges med tillst\u00e5nd fr\u00e5n r\u00e4ttighetshavaren och Sveriges Radio.<\/em><\/p>\n\n\n\n<div style=\"height:40px\" aria-hidden=\"true\" class=\"wp-block-spacer\"><\/div>\n<\/div>\n<\/div>\n\n\n\n<div style=\"height:20px\" aria-hidden=\"true\" class=\"wp-block-spacer\"><\/div>\n\n\n\n<div style=\"height:20px\" aria-hidden=\"true\" class=\"wp-block-spacer\"><\/div>\n<\/body>","protected":false},"excerpt":{"rendered":"<p>Taube VALLFARTENS DIKTARE Radioprogrammen: den andra s\u00e4songen 1957. Tredje avsnittet. F\u00f6r ett \u00f6gonblick lyfter Taube blicken fr\u00e5n medeltidens trubadurer. I tredje avsnittet reser vi n\u00e4mligen till 1900-talets Norditalien, och den som intresserar sig f\u00f6r anekdoter fr\u00e5n Taubes eget liv l\u00e4r [&hellip;]<\/p>\n","protected":false},"author":1,"featured_media":6459,"parent":0,"menu_order":1,"comment_status":"closed","ping_status":"closed","template":"","meta":{"footnotes":""},"class_list":["post-6180","page","type-page","status-publish","has-post-thumbnail","hentry"],"_links":{"self":[{"href":"https:\/\/litteraturbanken.se\/diktensmuseum\/wp-json\/wp\/v2\/pages\/6180","targetHints":{"allow":["GET"]}}],"collection":[{"href":"https:\/\/litteraturbanken.se\/diktensmuseum\/wp-json\/wp\/v2\/pages"}],"about":[{"href":"https:\/\/litteraturbanken.se\/diktensmuseum\/wp-json\/wp\/v2\/types\/page"}],"author":[{"embeddable":true,"href":"https:\/\/litteraturbanken.se\/diktensmuseum\/wp-json\/wp\/v2\/users\/1"}],"replies":[{"embeddable":true,"href":"https:\/\/litteraturbanken.se\/diktensmuseum\/wp-json\/wp\/v2\/comments?post=6180"}],"version-history":[{"count":18,"href":"https:\/\/litteraturbanken.se\/diktensmuseum\/wp-json\/wp\/v2\/pages\/6180\/revisions"}],"predecessor-version":[{"id":6667,"href":"https:\/\/litteraturbanken.se\/diktensmuseum\/wp-json\/wp\/v2\/pages\/6180\/revisions\/6667"}],"wp:featuredmedia":[{"embeddable":true,"href":"https:\/\/litteraturbanken.se\/diktensmuseum\/wp-json\/wp\/v2\/media\/6459"}],"wp:attachment":[{"href":"https:\/\/litteraturbanken.se\/diktensmuseum\/wp-json\/wp\/v2\/media?parent=6180"}],"curies":[{"name":"wp","href":"https:\/\/api.w.org\/{rel}","templated":true}]}}