{"id":6182,"date":"2021-03-05T10:33:59","date_gmt":"2021-03-05T09:33:59","guid":{"rendered":"https:\/\/litteraturbanken.se\/diktensmuseum\/?page_id=6182"},"modified":"2021-03-12T11:05:37","modified_gmt":"2021-03-12T10:05:37","slug":"taube-sasong-2-avsnitt-4","status":"publish","type":"page","link":"https:\/\/litteraturbanken.se\/diktensmuseum\/taube-sasong-2-avsnitt-4\/","title":{"rendered":"Taube i Trubadurien: s\u00e4song 2, avsnitt 4"},"content":{"rendered":"<body>\n<div class=\"wp-block-columns is-layout-flex wp-container-core-columns-is-layout-9d6595d7 wp-block-columns-is-layout-flex\">\n<div class=\"wp-block-column is-layout-flow wp-block-column-is-layout-flow\" style=\"flex-basis:65%\">\n<h1 class=\"has-vivid-red-color has-text-color wp-block-heading\">Taube<\/h1>\n\n\n\n<h3 class=\"has-vivid-red-color has-text-color wp-block-heading\">VALLFARTENS DIKTARE<\/h3>\n\n\n\n<div style=\"height:20px\" aria-hidden=\"true\" class=\"wp-block-spacer\"><\/div>\n\n\n\n<h4 class=\"wp-block-heading\">Radioprogrammen: <br>den andra s\u00e4songen<\/h4>\n\n\n\n<div style=\"height:35px\" aria-hidden=\"true\" class=\"wp-block-spacer\"><\/div>\n\n\n\n<div style=\"height:40px\" aria-hidden=\"true\" class=\"wp-block-spacer\"><\/div>\n\n\n\n<div style=\"height:20px\" aria-hidden=\"true\" class=\"wp-block-spacer\"><\/div>\n\n\n\n<h2 class=\"wp-block-heading\">1957. Fj\u00e4rde avsnittet.<\/h2>\n\n\n\n<div style=\"height:20px\" aria-hidden=\"true\" class=\"wp-block-spacer\"><\/div>\n\n\n\n<p>I det sista avsnittet \u00e4r vi kvar i Toscana, men nu \u00e4r det 1200-tal. I seriens final f\u00f6rdjupar sig Taube i\u00a0<a href=\"https:\/\/litteraturbanken.se\/f%C3%B6rfattare\/AlighieriD\/titlar\" target=\"_blank\" rel=\"noreferrer noopener\" aria-label=\" (\u00f6ppnas i en ny flik)\">Dante Alighieri<\/a>\u00a0(1265\u20131321) och dennes diktkonst. Inget tidigare radioavsnitt inneh\u00e5ller ett s\u00e5 stort antal tolkningar och \u00f6vers\u00e4ttningar som detta. Det \u00e4r allts\u00e5 alldeles uppenbart att Dante har en s\u00e4rskild plats i Taubes diktarhj\u00e4rta.<\/p>\n\n\n\n<div style=\"height:20px\" aria-hidden=\"true\" class=\"wp-block-spacer\"><\/div>\n\n\n\n<figure class=\"wp-block-image size-large\"><a href=\"https:\/\/litteraturbanken.se\/diktensmuseum\/wp-content\/uploads\/2021\/03\/1280px-Dante_Domenico_di_Michelino_Duomo_Florence.jpg\" target=\"_blank\" rel=\"noreferrer noopener\"><img decoding=\"async\" width=\"1024\" height=\"731\" src=\"https:\/\/litteraturbanken.se\/diktensmuseum\/wp-content\/uploads\/2021\/03\/1280px-Dante_Domenico_di_Michelino_Duomo_Florence-1024x731.jpg\" alt=\"\" class=\"wp-image-6431\" loading=\"lazy\" srcset=\"https:\/\/litteraturbanken.se\/diktensmuseum\/wp-content\/uploads\/2021\/03\/1280px-Dante_Domenico_di_Michelino_Duomo_Florence-1024x731.jpg 1024w, https:\/\/litteraturbanken.se\/diktensmuseum\/wp-content\/uploads\/2021\/03\/1280px-Dante_Domenico_di_Michelino_Duomo_Florence-300x214.jpg 300w, https:\/\/litteraturbanken.se\/diktensmuseum\/wp-content\/uploads\/2021\/03\/1280px-Dante_Domenico_di_Michelino_Duomo_Florence-768x548.jpg 768w, https:\/\/litteraturbanken.se\/diktensmuseum\/wp-content\/uploads\/2021\/03\/1280px-Dante_Domenico_di_Michelino_Duomo_Florence-480x343.jpg 480w, https:\/\/litteraturbanken.se\/diktensmuseum\/wp-content\/uploads\/2021\/03\/1280px-Dante_Domenico_di_Michelino_Duomo_Florence.jpg 1200w\" sizes=\"auto, (max-width: 1024px) 100vw, 1024px\" \/><\/a><figcaption><em>Dante Alighieri, avbildad p\u00e5 en v\u00e4ggm\u00e5lning i Duomo di Firenze. Konstverket har vi l\u00e5nat fr\u00e5n <a rel=\"noreferrer noopener\" aria-label=\"Wikimedia (\u00f6ppnas i en ny flik)\" href=\"https:\/\/commons.wikimedia.org\/wiki\/File:Dante_Domenico_di_Michelino_Duomo_Florence.jpg\" target=\"_blank\">Wikimedia<\/a>.<\/em><\/figcaption><\/figure>\n\n\n\n<div style=\"height:30px\" aria-hidden=\"true\" class=\"wp-block-spacer\"><\/div>\n\n\n\n<div class=\"wp-playlist wp-audio-playlist wp-playlist-light\">\n\t\t\t<div class=\"wp-playlist-current-item\"><\/div>\n\t\t<audio controls=\"controls\" preload=\"none\" width=\"618\"\n\t\t\t><\/audio>\n\t<div class=\"wp-playlist-next\"><\/div>\n\t<div class=\"wp-playlist-prev\"><\/div>\n\t<noscript>\n\t<ol>\n\t\t<li><a href='https:\/\/litteraturbanken.se\/diktensmuseum\/wp-content\/uploads\/2021\/03\/taube_trubadurien2-4_taube.mp3'>Del 4<\/a><\/li>\t<\/ol>\n\t<\/noscript>\n\t<script type=\"application\/json\" class=\"wp-playlist-script\">{\"type\":\"audio\",\"tracklist\":true,\"tracknumbers\":true,\"images\":true,\"artists\":true,\"tracks\":[{\"src\":\"https:\/\/litteraturbanken.se\/diktensmuseum\/wp-content\/uploads\/2021\/03\/taube_trubadurien2-4_taube.mp3\",\"type\":\"audio\/mpeg\",\"title\":\"Del 4\",\"caption\":\"\",\"description\":\"\\\"Del 4\\\" fr\\u00e5n Evert Taube p\\u00e5 nya str\\u00f6vt\\u00e5g i Trubadurien av Taube, Evert. Sl\\u00e4ppt: 1957. Sp\\u00e5r 4.\",\"meta\":{\"artist\":\"Evert Taube p\\u00e5 nya str\\u00f6vt\\u00e5g i Trubadurien (1957)\",\"album\":\"Evert Taube\",\"year\":\"1957\",\"length_formatted\":\"30:13\"},\"image\":{\"src\":\"https:\/\/litteraturbanken.se\/diktensmuseum\/wp-content\/uploads\/2021\/03\/lb_affisch_taube_2.202_st\\u00e5ende_\\u00f6t_bl\\u00e5.jpg\",\"width\":1200,\"height\":1697},\"thumb\":{\"src\":\"https:\/\/litteraturbanken.se\/diktensmuseum\/wp-content\/uploads\/2021\/03\/lb_affisch_taube_2.202_st\\u00e5ende_\\u00f6t_bl\\u00e5-150x150.jpg\",\"width\":150,\"height\":150}}]}<\/script>\n<\/div>\n\t\n\n\n\n<p class=\"has-small-font-size\"><em>Programmet s\u00e4ndes den 28 april 1957, klockan 19.30. Inspelningen \u00e5terges med tillst\u00e5nd fr\u00e5n Sveriges Radio och r\u00e4ttighetshavarna.<\/em><\/p>\n\n\n\n<p>\u201dN\u00e4r man vill uppleva poesins monumentalitet eller himlaflykt eller innerligaste \u00f6mhet och smek eller torterande melankoli eller daggst\u00e4nk av lyriska t\u00e5rar eller f\u00f6rtvivlans gr\u00e5t ur r\u00f6dkantade \u00f6gon i en ungkarlslya d\u00e4r lakanen br\u00e4nner som n\u00e4sslor, nattskjortan dryper av \u00e5ngestsvett och dj\u00e4vulen st\u00e5r i tamburen, d\u00e5 skall man l\u00e4sa Dante\u201d, f\u00f6rkunnar Taube.<\/p>\n\n\n\n<div style=\"height:20px\" aria-hidden=\"true\" class=\"wp-block-spacer\"><\/div>\n\n\n\n<figure class=\"wp-block-image size-large\"><a href=\"https:\/\/litteraturbanken.se\/diktensmuseum\/wp-content\/uploads\/2021\/03\/Henry_Holiday_-_Dante_meets_Beatrice.jpg\" target=\"_blank\" rel=\"noreferrer noopener\"><img decoding=\"async\" width=\"1024\" height=\"705\" src=\"https:\/\/litteraturbanken.se\/diktensmuseum\/wp-content\/uploads\/2021\/03\/Henry_Holiday_-_Dante_meets_Beatrice-1024x705.jpg\" alt=\"\" class=\"wp-image-6433\" loading=\"lazy\" srcset=\"https:\/\/litteraturbanken.se\/diktensmuseum\/wp-content\/uploads\/2021\/03\/Henry_Holiday_-_Dante_meets_Beatrice-1024x705.jpg 1024w, https:\/\/litteraturbanken.se\/diktensmuseum\/wp-content\/uploads\/2021\/03\/Henry_Holiday_-_Dante_meets_Beatrice-300x207.jpg 300w, https:\/\/litteraturbanken.se\/diktensmuseum\/wp-content\/uploads\/2021\/03\/Henry_Holiday_-_Dante_meets_Beatrice-768x529.jpg 768w, https:\/\/litteraturbanken.se\/diktensmuseum\/wp-content\/uploads\/2021\/03\/Henry_Holiday_-_Dante_meets_Beatrice-480x330.jpg 480w, https:\/\/litteraturbanken.se\/diktensmuseum\/wp-content\/uploads\/2021\/03\/Henry_Holiday_-_Dante_meets_Beatrice.jpg 1200w\" sizes=\"auto, (max-width: 1024px) 100vw, 1024px\" \/><\/a><figcaption><em>Dante ser Beatrice. Konstverket, av Henry Holiday, har vi l\u00e5nat fr\u00e5n <a href=\"https:\/\/en.wikipedia.org\/wiki\/Beatrice_Portinari#\/media\/File:Henry_Holiday_-_Dante_meets_Beatrice.jpg\" target=\"_blank\" rel=\"noreferrer noopener\" aria-label=\"Wikipedia (\u00f6ppnas i en ny flik)\">Wikipedia<\/a>.<\/em><\/figcaption><\/figure>\n\n\n\n<div style=\"height:30px\" aria-hidden=\"true\" class=\"wp-block-spacer\"><\/div>\n\n\n\n<p>H\u00e4r kan Taube f\u00f6rst\u00e5s inte heller undg\u00e5 att n\u00e4mna Dantes ungdomsk\u00e4rlek till Beatrice Portinari (ca 1265\u20131290) \u2013 ett av litteraturhistoriens paradexempel p\u00e5 h\u00f6visk k\u00e4rlek. De ridderliga kvinnoidealen som genomsyrade den provensalska poesin hundra \u00e5r tidigare hade nu spridit sig till Italien. Och i Florens diktade Dante \u00e5tskilligt p\u00e5 h\u00f6viskt man\u00e9r om Beatrice, och i Taubes \u00f6vers\u00e4ttning l\u00e5ter det:<\/p>\n\n\n\n<div class=\"wp-block-columns is-layout-flex wp-container-core-columns-is-layout-9d6595d7 wp-block-columns-is-layout-flex\">\n<div class=\"wp-block-column is-layout-flow wp-block-column-is-layout-flow\">\n<p>TRYCKT:<\/p>\n\n\n\n<p class=\"has-small-font-size\"><a rel=\"noreferrer noopener\" aria-label=\" (\u00f6ppnas i en ny flik)\" href=\"https:\/\/litteraturbanken.se\/f%C3%B6rfattare\/TaubeE\/titlar\/Vallfart\/sida\/196\/etext\" target=\"_blank\">En k\u00e4rleksgud bor i min h\u00e4rskarinnas \u00f6gon<\/a>,<br>den hon betraktar k\u00e4nner sig ben\u00e5dad.<br>G\u00e5r hon f\u00f6rbi vrids blickarna mot henne,<br>och hj\u00e4rtat sk\u00e4lver i den man hon h\u00e4lsar.<br>Han bleknar, bugar och i tysthet m\u00e4rker<br>han pl\u00f6tsligt sina m\u00e5nga fel och brister.<\/p>\n<\/div>\n\n\n\n<div class=\"wp-block-column is-layout-flow wp-block-column-is-layout-flow\">\n<p>L\u00c4ST:<\/p>\n\n\n\n<p class=\"has-small-font-size\">En k\u00e4rleksgud bor i min h\u00e4rskarinnas \u00f6gon,<br>den hon betraktar k\u00e4nner sig ben\u00e5dad.<br>G\u00e5r hon f\u00f6rbi vrids varje blick mot henne,<br>och hj\u00e4rtat sk\u00e4lver i den man hon h\u00e4lsar.<br>Han bleknar, bugar och i tysthet m\u00e4rker<br>han pl\u00f6tsligt sina m\u00e5nga fel och brister.<\/p>\n<\/div>\n<\/div>\n\n\n\n<div class=\"wp-playlist wp-audio-playlist wp-playlist-light\">\n\t\t\t<div class=\"wp-playlist-current-item\"><\/div>\n\t\t<audio controls=\"controls\" preload=\"none\" width=\"618\"\n\t\t\t><\/audio>\n\t<div class=\"wp-playlist-next\"><\/div>\n\t<div class=\"wp-playlist-prev\"><\/div>\n\t<noscript>\n\t<ol>\n\t\t<li><a href='https:\/\/litteraturbanken.se\/diktensmuseum\/wp-content\/uploads\/2021\/03\/dante_sonettxi_taube.mp3'>\u2019Sonett XI\u2019 av Dante Alighieri<\/a><\/li>\t<\/ol>\n\t<\/noscript>\n\t<script type=\"application\/json\" class=\"wp-playlist-script\">{\"type\":\"audio\",\"tracklist\":true,\"tracknumbers\":true,\"images\":true,\"artists\":true,\"tracks\":[{\"src\":\"https:\/\/litteraturbanken.se\/diktensmuseum\/wp-content\/uploads\/2021\/03\/dante_sonettxi_taube.mp3\",\"type\":\"audio\/mpeg\",\"title\":\"\\u2019Sonett XI\\u2019 av Dante Alighieri\",\"caption\":\"\",\"description\":\"\\\"dante_sonettxi_taube\\\".\",\"meta\":{\"artist\":\"Evert Taube p\\u00e5 nya str\\u00f6vt\\u00e5g i Trubadurien (1957)\",\"album\":\"Evert Taube\",\"length_formatted\":\"0:31\"},\"image\":{\"src\":\"https:\/\/litteraturbanken.se\/diktensmuseum\/wp-content\/uploads\/2021\/03\/lb_affisch_taube_2.202_st\\u00e5ende_\\u00f6t_bl\\u00e5.jpg\",\"width\":1200,\"height\":1697},\"thumb\":{\"src\":\"https:\/\/litteraturbanken.se\/diktensmuseum\/wp-content\/uploads\/2021\/03\/lb_affisch_taube_2.202_st\\u00e5ende_\\u00f6t_bl\\u00e5-150x150.jpg\",\"width\":150,\"height\":150}}]}<\/script>\n<\/div>\n\t\n\n\n\n<p class=\"has-small-font-size\"><em>Inspelningen \u00e5terges med tillst\u00e5nd fr\u00e5n Sveriges Radio och r\u00e4ttighetshavarna.<\/em><\/p>\n\n\n\n<div style=\"height:32px\" aria-hidden=\"true\" class=\"wp-block-spacer\"><\/div>\n\n\n\n<figure class=\"wp-block-image size-large\"><a href=\"https:\/\/litteraturbanken.se\/diktensmuseum\/wp-content\/uploads\/2021\/03\/taube_GUB_1908.jpg\" target=\"_blank\" rel=\"noreferrer noopener\"><img decoding=\"async\" width=\"900\" height=\"715\" src=\"https:\/\/litteraturbanken.se\/diktensmuseum\/wp-content\/uploads\/2021\/03\/taube_GUB_1908.jpg\" alt=\"\" class=\"wp-image-6265\" loading=\"lazy\" srcset=\"https:\/\/litteraturbanken.se\/diktensmuseum\/wp-content\/uploads\/2021\/03\/taube_GUB_1908.jpg 900w, https:\/\/litteraturbanken.se\/diktensmuseum\/wp-content\/uploads\/2021\/03\/taube_GUB_1908-300x238.jpg 300w, https:\/\/litteraturbanken.se\/diktensmuseum\/wp-content\/uploads\/2021\/03\/taube_GUB_1908-768x610.jpg 768w, https:\/\/litteraturbanken.se\/diktensmuseum\/wp-content\/uploads\/2021\/03\/taube_GUB_1908-480x381.jpg 480w\" sizes=\"auto, (max-width: 900px) 100vw, 900px\" \/><\/a><figcaption><em>Evert Taube (1908). Fotografiet har vi l\u00e5nat fr\u00e5n\u00a0<a rel=\"noreferrer noopener\" href=\"http:\/\/urn.kb.se\/resolve?urn=urn:nbn:se:alvin:portal:record-121020\" target=\"_blank\">samlingen vid G\u00f6teborgs universitetsbibliotek<\/a>.<\/em><\/figcaption><\/figure>\n\n\n\n<div style=\"height:30px\" aria-hidden=\"true\" class=\"wp-block-spacer\"><\/div>\n\n\n\n<p>Avsnittet inneh\u00e5ller f\u00f6rst\u00e5s mer d\u00e4rtill, och m\u00e5nga sektioner vill man lyssna p\u00e5 om och om igen. Men n\u00e4r programmets sista sekund har passerat \u00e4r vi sorgligt nog framme vid Trubadurienseriens avslut. H\u00e4r \u00e4r v\u00e5r resas \u00e4ndh\u00e5llplats. Vi har tagit oss hela v\u00e4gen fr\u00e5n Katalonien med dess h\u00f6gl\u00e4nder, genom Provences rika vinf\u00e4lt, olivskogar och f\u00e4stningar, fram till 1200-talets Florens.\u00a0<\/p>\n\n\n\n<p>D\u00e4remot \u00e5terst\u00e5r fortfarande mycket att l\u00e4sa. Klicka dig vidare till David Anthins f\u00f6rdjupande ess\u00e4\u00a0<a href=\"https:\/\/litteraturbanken.se\/diktensmuseum\/anthin-del-1\/\">\u201dEvert Taube i Trubadurien\u201d<\/a>. Eller lyssna p\u00e5 de <a href=\"https:\/\/litteraturbanken.se\/diktensmuseum\/taube-bortklippt\/\">bortklippta fragment<\/a> som vi funnit i de arkiverade rullbanden. Och l\u00e4s g\u00e4rna mer i Pia Schmidt de Graafs utst\u00e4llning <a rel=\"noreferrer noopener\" href=\"http:\/\/www2.ub.gu.se\/samlingar\/handskrift\/taube_provence\/\" target=\"_blank\">\u201dEvert Taube och den provensalska trubadurlyriken\u201d<\/a> p\u00e5 G\u00f6teborgs universitetsbiblioteks hemsida. D\u00e4r kan du ocks\u00e5 se <a rel=\"noreferrer noopener\" href=\"http:\/\/www2.ub.gu.se\/samlingar\/handskrift\/taube_provence\/vallfart\/\" target=\"_blank\">en del av de manuskript<\/a> som ligger till grund f\u00f6r Taubes arbeten.<\/p>\n\n\n\n<figure class=\"wp-block-image size-large\"><a href=\"https:\/\/litteraturbanken.se\/diktensmuseum\/wp-content\/uploads\/2021\/03\/taube_29apr1957_dn.jpg\" target=\"_blank\" rel=\"noreferrer noopener\"><img decoding=\"async\" width=\"700\" height=\"352\" src=\"https:\/\/litteraturbanken.se\/diktensmuseum\/wp-content\/uploads\/2021\/03\/taube_29apr1957_dn.jpg\" alt=\"\" class=\"wp-image-6605\" loading=\"lazy\" srcset=\"https:\/\/litteraturbanken.se\/diktensmuseum\/wp-content\/uploads\/2021\/03\/taube_29apr1957_dn.jpg 700w, https:\/\/litteraturbanken.se\/diktensmuseum\/wp-content\/uploads\/2021\/03\/taube_29apr1957_dn-300x151.jpg 300w, https:\/\/litteraturbanken.se\/diktensmuseum\/wp-content\/uploads\/2021\/03\/taube_29apr1957_dn-480x241.jpg 480w\" sizes=\"auto, (max-width: 700px) 100vw, 700px\" \/><\/a><figcaption><em>Notis i Dagens Nyheter dagen efter s\u00e4ndning, den 29 april 1957.<\/em><\/figcaption><\/figure>\n\n\n\n<div style=\"height:20px\" aria-hidden=\"true\" class=\"wp-block-spacer\"><\/div>\n\n\n\n<p>L\u00c4NK TILL BOKKAPITEL SOM TAUBE L\u00c4SER UR I PROGRAMMET:<br>\u2013 <a href=\"https:\/\/litteraturbanken.se\/f%C3%B6rfattare\/TaubeE\/titlar\/Vallfart\/sida\/191\/etext\" target=\"_blank\" rel=\"noreferrer noopener\" aria-label=\" (\u00f6ppnas i en ny flik)\">\u201dK\u00e4rlekens st\u00f6rste s\u00e5ngare\u201d<\/a><\/p>\n<\/div>\n\n\n\n<div class=\"wp-block-column is-layout-flow wp-block-column-is-layout-flow\" style=\"flex-basis:35%\">\n<div style=\"height:20px\" aria-hidden=\"true\" class=\"wp-block-spacer\"><\/div>\n\n\n\n<p><a href=\"https:\/\/litteraturbanken.se\/diktensmuseum\/taube-inledning\/\">EN INTRODUKTION<\/a><br><br>RADIO: S\u00c4SONG 1<br><a href=\"https:\/\/litteraturbanken.se\/diktensmuseum\/taube-sasong-1-avsnitt-1\/\">AVSNITT ETT<\/a><br><a href=\"https:\/\/litteraturbanken.se\/diktensmuseum\/taube-sasong-1-avsnitt-2\/\">AVSNITT TV\u00c5<\/a><br><a href=\"https:\/\/litteraturbanken.se\/diktensmuseum\/taube-sasong-1-avsnitt-3\/\">AVSNITT TRE<\/a><br><a href=\"https:\/\/litteraturbanken.se\/diktensmuseum\/taube-sasong-1-avsnitt-4\/\">AVSNITT FYRA<\/a><br><br>RADIO: S\u00c4SONG 2<br><a href=\"https:\/\/litteraturbanken.se\/diktensmuseum\/taube-sasong-2-avsnitt-1\/\">AVSNITT ETT<\/a><br><a href=\"https:\/\/litteraturbanken.se\/diktensmuseum\/taube-sasong-2-avsnitt-2\/\">AVSNITT TV\u00c5<\/a><br><a href=\"https:\/\/litteraturbanken.se\/diktensmuseum\/taube-sasong-2-avsnitt-3\/\">AVSNITT TRE<\/a><br><a href=\"https:\/\/litteraturbanken.se\/diktensmuseum\/taube-sasong-2-avsnitt-4\/\">AVSNITT FYRA<\/a><br><br><a href=\"https:\/\/litteraturbanken.se\/diktensmuseum\/taube-bortklippt\/\">BORTKLIPPT<\/a><\/p>\n\n\n\n<p>DAVID ANTHIN:<br>EVERT TAUBE I TRUBADURIEN<br><a href=\"https:\/\/litteraturbanken.se\/diktensmuseum\/anthin-del-1\/\">1. INLEDNING<\/a><br><a href=\"https:\/\/litteraturbanken.se\/diktensmuseum\/anthin-del-2\/\">2. DAMEN I SVART MED VIOLER<\/a><br><a href=\"https:\/\/litteraturbanken.se\/diktensmuseum\/anthin-del-3\/\">3. EN VALLFART I FLERA MEDIER<\/a><br><a href=\"https:\/\/litteraturbanken.se\/diktensmuseum\/anthin-del-4\/\">4. VALLFARTENS EVIGA V\u00c4RDE<\/a><\/p>\n\n\n\n<div style=\"height:20px\" aria-hidden=\"true\" class=\"wp-block-spacer\"><\/div>\n\n\n\n<div style=\"height:20px\" aria-hidden=\"true\" class=\"wp-block-spacer\"><\/div>\n\n\n\n<div style=\"height:20px\" aria-hidden=\"true\" class=\"wp-block-spacer\"><\/div>\n\n\n\n<figure class=\"wp-block-image size-large\"><a href=\"https:\/\/litteraturbanken.se\/diktensmuseum\/wp-content\/uploads\/2021\/03\/lb_affisch_taube_2.202_st%C3%A5ende_%C3%B6t_ljusr%C3%B6d-1.jpg\" target=\"_blank\" rel=\"noreferrer noopener\"><img decoding=\"async\" src=\"https:\/\/litteraturbanken.se\/diktensmuseum\/wp-content\/uploads\/2021\/03\/lb_affisch_taube_2.202_st%C3%A5ende_%C3%B6t_ljusr%C3%B6d-1-724x1024.jpg\" alt=\"\" class=\"wp-image-6463\" loading=\"lazy\"><\/a><\/figure>\n\n\n\n<div style=\"height:40px\" aria-hidden=\"true\" class=\"wp-block-spacer\"><\/div>\n\n\n\n<hr class=\"wp-block-separator\">\n\n\n\n<h5 class=\"wp-block-heading\">OM UTST\u00c4LLNINGEN<\/h5>\n\n\n\n<p style=\"font-size:11px\"><em>Utst\u00e4llningen \u201dTaube: vallfartens diktare\u201d producerades f\u00f6r Litteraturbanken under februari &amp; mars 2021 av Martin Joviken. D\u00e4r inget annat anges \u00e4r alla texter skrivna av Martin Joviken. \u201dEvert Taube i Trubadurien\u201d \u00e4r skriven av David Anthin.<\/em><\/p>\n\n\n\n<div style=\"height:20px\" aria-hidden=\"true\" class=\"wp-block-spacer\"><\/div>\n\n\n\n<p style=\"font-size:11px\"><em>Radioprogrammen \u00e5terges med tillst\u00e5nd fr\u00e5n r\u00e4ttighetshavaren och Sveriges Radio.<\/em><\/p>\n\n\n\n<div style=\"height:40px\" aria-hidden=\"true\" class=\"wp-block-spacer\"><\/div>\n<\/div>\n<\/div>\n\n\n\n<div style=\"height:20px\" aria-hidden=\"true\" class=\"wp-block-spacer\"><\/div>\n\n\n\n<div style=\"height:20px\" aria-hidden=\"true\" class=\"wp-block-spacer\"><\/div>\n<\/body>","protected":false},"excerpt":{"rendered":"<p>Taube VALLFARTENS DIKTARE Radioprogrammen: den andra s\u00e4songen 1957. Fj\u00e4rde avsnittet. I det sista avsnittet \u00e4r vi kvar i Toscana, men nu \u00e4r det 1200-tal. I seriens final f\u00f6rdjupar sig Taube i\u00a0Dante Alighieri\u00a0(1265\u20131321) och dennes diktkonst. Inget tidigare radioavsnitt inneh\u00e5ller ett [&hellip;]<\/p>\n","protected":false},"author":1,"featured_media":6463,"parent":0,"menu_order":1,"comment_status":"closed","ping_status":"closed","template":"","meta":{"footnotes":""},"class_list":["post-6182","page","type-page","status-publish","has-post-thumbnail","hentry"],"_links":{"self":[{"href":"https:\/\/litteraturbanken.se\/diktensmuseum\/wp-json\/wp\/v2\/pages\/6182","targetHints":{"allow":["GET"]}}],"collection":[{"href":"https:\/\/litteraturbanken.se\/diktensmuseum\/wp-json\/wp\/v2\/pages"}],"about":[{"href":"https:\/\/litteraturbanken.se\/diktensmuseum\/wp-json\/wp\/v2\/types\/page"}],"author":[{"embeddable":true,"href":"https:\/\/litteraturbanken.se\/diktensmuseum\/wp-json\/wp\/v2\/users\/1"}],"replies":[{"embeddable":true,"href":"https:\/\/litteraturbanken.se\/diktensmuseum\/wp-json\/wp\/v2\/comments?post=6182"}],"version-history":[{"count":23,"href":"https:\/\/litteraturbanken.se\/diktensmuseum\/wp-json\/wp\/v2\/pages\/6182\/revisions"}],"predecessor-version":[{"id":6676,"href":"https:\/\/litteraturbanken.se\/diktensmuseum\/wp-json\/wp\/v2\/pages\/6182\/revisions\/6676"}],"wp:featuredmedia":[{"embeddable":true,"href":"https:\/\/litteraturbanken.se\/diktensmuseum\/wp-json\/wp\/v2\/media\/6463"}],"wp:attachment":[{"href":"https:\/\/litteraturbanken.se\/diktensmuseum\/wp-json\/wp\/v2\/media?parent=6182"}],"curies":[{"name":"wp","href":"https:\/\/api.w.org\/{rel}","templated":true}]}}