{"id":6184,"date":"2021-03-05T10:33:55","date_gmt":"2021-03-05T09:33:55","guid":{"rendered":"https:\/\/litteraturbanken.se\/diktensmuseum\/?page_id=6184"},"modified":"2023-04-25T14:41:25","modified_gmt":"2023-04-25T12:41:25","slug":"taube-bortklippt","status":"publish","type":"page","link":"https:\/\/litteraturbanken.se\/diktensmuseum\/taube-bortklippt\/","title":{"rendered":"Taube i Trubadurien: bortklippt"},"content":{"rendered":"<body>\n<div class=\"wp-block-columns is-layout-flex wp-container-core-columns-is-layout-9d6595d7 wp-block-columns-is-layout-flex\">\n<div class=\"wp-block-column is-layout-flow wp-block-column-is-layout-flow\" style=\"flex-basis:65%\">\n<h1 class=\"wp-block-heading has-vivid-red-color has-text-color\">Taube<\/h1>\n\n\n\n<h3 class=\"wp-block-heading has-vivid-red-color has-text-color\">VALLFARTENS DIKTARE<\/h3>\n\n\n\n<div style=\"height:20px\" aria-hidden=\"true\" class=\"wp-block-spacer\"><\/div>\n\n\n\n<h4 class=\"wp-block-heading\">Radioprogrammen: <br>f\u00f6rsta &amp; andra s\u00e4songen<\/h4>\n\n\n\n<div style=\"height:35px\" aria-hidden=\"true\" class=\"wp-block-spacer\"><\/div>\n\n\n\n<div style=\"height:40px\" aria-hidden=\"true\" class=\"wp-block-spacer\"><\/div>\n\n\n\n<div style=\"height:20px\" aria-hidden=\"true\" class=\"wp-block-spacer\"><\/div>\n\n\n\n<h2 class=\"wp-block-heading\">1956\u20131957. Bortklippt.<\/h2>\n\n\n\n<div style=\"height:20px\" aria-hidden=\"true\" class=\"wp-block-spacer\"><\/div>\n\n\n\n<h4 class=\"wp-block-heading\"><strong>F\u00f6rberedelser inf\u00f6r f\u00f6rsta avsnittet<\/strong>.<\/h4>\n\n\n\n<p>Inf\u00f6r inspelningen av\u00a0<a href=\"https:\/\/litteraturbanken.se\/diktensmuseum\/taube-sasong-1-avsnitt-1\/\">f\u00f6rsta avsnittet<\/a>\u00a0kan man h\u00e4r h\u00f6ra hur de f\u00f6rberedande diskussionerna kunde l\u00e5ta i S\u00f6dra Teatern, n\u00e4r Taube och Gunnar Hahn f\u00f6rs\u00f6kte g\u00f6ra reda i musikarrangemangen till Taubes prosastycken.<\/p>\n\n\n\n<div class=\"wp-playlist wp-audio-playlist wp-playlist-light\">\n\t\t\t<div class=\"wp-playlist-current-item\"><\/div>\n\t\t<audio controls=\"controls\" preload=\"none\" width=\"618\"\n\t\t\t><\/audio>\n\t<div class=\"wp-playlist-next\"><\/div>\n\t<div class=\"wp-playlist-prev\"><\/div>\n\t<noscript>\n\t<ol>\n\t\t<li><a href='https:\/\/litteraturbanken.se\/diktensmuseum\/wp-content\/uploads\/2021\/03\/taube_forberedelsertrubadurien_taube.mp3'>F\u00f6rberedelser inf\u00f6r f\u00f6rsta avsnittet<\/a><\/li>\t<\/ol>\n\t<\/noscript>\n\t<script type=\"application\/json\" class=\"wp-playlist-script\">{\"type\":\"audio\",\"tracklist\":true,\"tracknumbers\":true,\"images\":true,\"artists\":true,\"tracks\":[{\"src\":\"https:\/\/litteraturbanken.se\/diktensmuseum\/wp-content\/uploads\/2021\/03\/taube_forberedelsertrubadurien_taube.mp3\",\"type\":\"audio\/mpeg\",\"title\":\"F\\u00f6rberedelser inf\\u00f6r f\\u00f6rsta avsnittet\",\"caption\":\"\",\"description\":\"\\\"taube_forberedelsertrubadurien_taube\\\".\",\"meta\":{\"artist\":\"Bortklippt fr\\u00e5n Trubadurienserien\",\"album\":\"Evert Taube\",\"length_formatted\":\"1:52\"},\"image\":{\"src\":\"https:\/\/litteraturbanken.se\/diktensmuseum\/wp-content\/uploads\/2021\/03\/lb_affisch_taube_2.202_liggande_r\\u00f6d_\\u00f6t.jpg\",\"width\":1200,\"height\":848},\"thumb\":{\"src\":\"https:\/\/litteraturbanken.se\/diktensmuseum\/wp-content\/uploads\/2021\/03\/lb_affisch_taube_2.202_liggande_r\\u00f6d_\\u00f6t-150x150.jpg\",\"width\":150,\"height\":150}}]}<\/script>\n<\/div>\n\t\n\n\n\n<p class=\"has-small-font-size\"><em>Inspelningen \u00e5terges med tillst\u00e5nd fr\u00e5n Sveriges Radio och r\u00e4ttighetshavarna.<\/em><\/p>\n\n\n\n<div style=\"height:20px\" aria-hidden=\"true\" class=\"wp-block-spacer\"><\/div>\n\n\n\n<figure class=\"wp-block-image size-large\"><a href=\"https:\/\/litteraturbanken.se\/diktensmuseum\/wp-content\/uploads\/2021\/03\/IMG_2539_INVERTERAD.jpg\" target=\"_blank\" rel=\"noreferrer noopener\"><img decoding=\"async\" width=\"707\" height=\"1024\" src=\"https:\/\/litteraturbanken.se\/diktensmuseum\/wp-content\/uploads\/2021\/03\/IMG_2539_INVERTERAD-707x1024.jpg\" alt=\"\" class=\"wp-image-6291\" loading=\"lazy\" srcset=\"https:\/\/litteraturbanken.se\/diktensmuseum\/wp-content\/uploads\/2021\/03\/IMG_2539_INVERTERAD-707x1024.jpg 707w, https:\/\/litteraturbanken.se\/diktensmuseum\/wp-content\/uploads\/2021\/03\/IMG_2539_INVERTERAD-207x300.jpg 207w, https:\/\/litteraturbanken.se\/diktensmuseum\/wp-content\/uploads\/2021\/03\/IMG_2539_INVERTERAD-768x1113.jpg 768w, https:\/\/litteraturbanken.se\/diktensmuseum\/wp-content\/uploads\/2021\/03\/IMG_2539_INVERTERAD-1060x1536.jpg 1060w, https:\/\/litteraturbanken.se\/diktensmuseum\/wp-content\/uploads\/2021\/03\/IMG_2539_INVERTERAD-480x696.jpg 480w, https:\/\/litteraturbanken.se\/diktensmuseum\/wp-content\/uploads\/2021\/03\/IMG_2539_INVERTERAD.jpg 1200w\" sizes=\"auto, (max-width: 707px) 100vw, 707px\" \/><\/a><figcaption class=\"wp-element-caption\"><em>Evert Taube (1956). Fotografier inf\u00f6r presskortet till tidningen Vi. Fotografierna, h\u00e4r inverterade, \u00e5terfinns i samlingen vid G\u00f6teborgs universitetsbibliotek.<\/em><\/figcaption><\/figure>\n\n\n\n<div style=\"height:30px\" aria-hidden=\"true\" class=\"wp-block-spacer\"><\/div>\n\n\n\n<h4 class=\"wp-block-heading\"><strong>Balladen om Valdovinos<\/strong>.<\/h4>\n\n\n\n<p>I denna bortklippta bandupptagning av Taubes uppl\u00e4sning av \u201dBalladen om Valdovinos\u201d fr\u00e5n f\u00f6rsta seriens\u00a0<a href=\"https:\/\/litteraturbanken.se\/diktensmuseum\/taube-sasong-1-avsnitt-3\/\">tredje program<\/a>\u00a0ger Taube sitt f\u00f6rsta m\u00f6te med balladen en aning annorlunda inramning \u00e4n den i det s\u00e4nda programmet. Ber\u00e4ttarens improvisationsf\u00f6rm\u00e5ga tycks st\u00e4lla till det f\u00f6r orkestern och Hahn vars arrangemang, av misstag, slutar f\u00f6r tidigt.<\/p>\n\n\n\n<div class=\"wp-playlist wp-audio-playlist wp-playlist-light\">\n\t\t\t<div class=\"wp-playlist-current-item\"><\/div>\n\t\t<audio controls=\"controls\" preload=\"none\" width=\"618\"\n\t\t\t><\/audio>\n\t<div class=\"wp-playlist-next\"><\/div>\n\t<div class=\"wp-playlist-prev\"><\/div>\n\t<noscript>\n\t<ol>\n\t\t<li><a href='https:\/\/litteraturbanken.se\/diktensmuseum\/wp-content\/uploads\/2021\/03\/taube_bortklipptvaldovinos_taube.mp3'>Balladen om Valdovinos<\/a><\/li>\t<\/ol>\n\t<\/noscript>\n\t<script type=\"application\/json\" class=\"wp-playlist-script\">{\"type\":\"audio\",\"tracklist\":true,\"tracknumbers\":true,\"images\":true,\"artists\":true,\"tracks\":[{\"src\":\"https:\/\/litteraturbanken.se\/diktensmuseum\/wp-content\/uploads\/2021\/03\/taube_bortklipptvaldovinos_taube.mp3\",\"type\":\"audio\/mpeg\",\"title\":\"Balladen om Valdovinos\",\"caption\":\"\",\"description\":\"\\\"taube_bortklipptvaldovinos_taube\\\".\",\"meta\":{\"artist\":\"Bortklippt fr\\u00e5n Trubadurienserien\",\"album\":\"Evert Taube\",\"length_formatted\":\"1:28\"},\"image\":{\"src\":\"https:\/\/litteraturbanken.se\/diktensmuseum\/wp-content\/uploads\/2021\/03\/lb_affisch_taube_2.202_liggande_r\\u00f6d_\\u00f6t.jpg\",\"width\":1200,\"height\":848},\"thumb\":{\"src\":\"https:\/\/litteraturbanken.se\/diktensmuseum\/wp-content\/uploads\/2021\/03\/lb_affisch_taube_2.202_liggande_r\\u00f6d_\\u00f6t-150x150.jpg\",\"width\":150,\"height\":150}}]}<\/script>\n<\/div>\n\t\n\n\n\n<p class=\"has-small-font-size\"><em>Inspelningen \u00e5terges med tillst\u00e5nd fr\u00e5n Sveriges Radio och r\u00e4ttighetshavarna.<\/em><\/p>\n\n\n\n<p>Hahn har i efterhand ber\u00e4ttat om likartade situationer i intervju med Jan Bru\u00e9r i\u00a0<a href=\"https:\/\/taubesallskapet.se\/arsskrifter\/\">Evert Taube-s\u00e4llskapets \u00e5rsskrift<\/a>\u00a0\u201dGunnar Hahn ber\u00e4ttar om Taube\u201d, 1981: \u201dEvert l\u00e4ste fantastisk, s\u00e5 det var v\u00e4ldigt inspirerande. Men det v\u00e4rsta var att han inte brydde sig om vad vi kommit \u00f6verens om. Han sa \u2019N\u00e4r jag s\u00e4ger det ordet ska ni b\u00f6rja spela!\u2019 och s\u00e5 str\u00f6k han under ordet i manuskriptet. Men sen sade han aldrig det ordet! Var skulle vi b\u00f6rja d\u00e5? D\u00e5 fick man bara k\u00e4nna sig f\u00f6r. Eller ocks\u00e5: \u2019Ni ska sluta spela n\u00e4r jag s\u00e4ger det och det!\u2019 \u2013 och d\u00e5 talade han s\u00e5 tyst att vi inte h\u00f6rde n\u00e4r han sa det ordet f\u00f6r att vi spelade!\u201d<\/p>\n\n\n\n<div style=\"height:20px\" aria-hidden=\"true\" class=\"wp-block-spacer\"><\/div>\n\n\n\n<h4 class=\"wp-block-heading\"><strong>Diskussionen om \u201dPierina<\/strong>\u201d.<\/h4>\n\n\n\n<p>P\u00e5 bandet till f\u00f6rsta s\u00e4songens radioprogram finner man en kort upptagning av en n\u00e5got uppr\u00f6rd diskussion mellan Taube och Hahn i inspelningslokalen. Den r\u00f6r visan \u201dPierina\u201d (som dock inte anv\u00e4nds i radioserien f\u00f6rr\u00e4n i andra omg\u00e5ngens\u00a0<a href=\"https:\/\/litteraturbanken.se\/diktensmuseum\/taube-sasong-2-avsnitt-1\/\">f\u00f6rsta avsnitt<\/a>).\u00a0<\/p>\n\n\n\n<p>Taube s\u00e4ger: \u201dDet \u00e4r ju det jag s\u00e4ger. Jag st\u00e5r h\u00e4r och grubblar h\u00e4r \u00f6ver \u2026 jag st\u00e5r h\u00e4r och grubblar \u00f6ver varf\u00f6r texten \u00e4r s\u00e5 kort till detta. Jo, bara d\u00e4rf\u00f6r att det skulle locka allm\u00e4nheten till intresse f\u00f6r serien genom mycket musik och s\u00e5ng i b\u00f6rjan.\u201d<\/p>\n\n\n\n<p>Aprop\u00e5 detta brottstycke har David Anthin i sin avhandling om Taube skrivit: \u201d<a href=\"https:\/\/litteraturbanken.se\/f%C3%B6rfattare\/AnthinD\/titlar\/EvertTaubesScener\/sida\/360\/faksimil\">Taube var naturligtvis v\u00e4l medveten<\/a>\u00a0om att det var intresset f\u00f6r hans egna visor, som fr\u00e4mst skulle locka den stora publiken till radioapparaterna. Citatet fr\u00e5n den bandade repetitionen visar ocks\u00e5 att Taube och \u00f6vriga inblandade var \u00f6verens om att inte g\u00f6ra publiken besviken p\u00e5 denna punkt.\u201d<\/p>\n\n\n\n<div class=\"wp-playlist wp-audio-playlist wp-playlist-light\">\n\t\t\t<div class=\"wp-playlist-current-item\"><\/div>\n\t\t<audio controls=\"controls\" preload=\"none\" width=\"618\"\n\t\t\t><\/audio>\n\t<div class=\"wp-playlist-next\"><\/div>\n\t<div class=\"wp-playlist-prev\"><\/div>\n\t<noscript>\n\t<ol>\n\t\t<li><a href='https:\/\/litteraturbanken.se\/diktensmuseum\/wp-content\/uploads\/2021\/03\/taube_pierinabortklippt_taube.mp3'>Diskussion om \u201dPierina\u201d<\/a><\/li>\t<\/ol>\n\t<\/noscript>\n\t<script type=\"application\/json\" class=\"wp-playlist-script\">{\"type\":\"audio\",\"tracklist\":true,\"tracknumbers\":true,\"images\":true,\"artists\":true,\"tracks\":[{\"src\":\"https:\/\/litteraturbanken.se\/diktensmuseum\/wp-content\/uploads\/2021\/03\/taube_pierinabortklippt_taube.mp3\",\"type\":\"audio\/mpeg\",\"title\":\"Diskussion om \\u201dPierina\\u201d\",\"caption\":\"\",\"description\":\"\\\"taube_pierinabortklippt_taube\\\".\",\"meta\":{\"artist\":\"Bortklippt fr\\u00e5n Trubadurienserien\",\"album\":\"Evert Taube\",\"length_formatted\":\"1:30\"},\"image\":{\"src\":\"https:\/\/litteraturbanken.se\/diktensmuseum\/wp-content\/uploads\/2021\/03\/lb_affisch_taube_2.202_liggande_r\\u00f6d_\\u00f6t.jpg\",\"width\":1200,\"height\":848},\"thumb\":{\"src\":\"https:\/\/litteraturbanken.se\/diktensmuseum\/wp-content\/uploads\/2021\/03\/lb_affisch_taube_2.202_liggande_r\\u00f6d_\\u00f6t-150x150.jpg\",\"width\":150,\"height\":150}}]}<\/script>\n<\/div>\n\t\n\n\n\n<p class=\"has-small-font-size\"><em>Inspelningen \u00e5terges med tillst\u00e5nd fr\u00e5n Sveriges Radio och r\u00e4ttighetshavarna.<\/em><\/p>\n\n\n\n<div style=\"height:20px\" aria-hidden=\"true\" class=\"wp-block-spacer\"><\/div>\n\n\n\n<figure class=\"wp-block-image size-large\"><img decoding=\"async\" src=\"https:\/\/litteraturbanken.se\/diktensmuseum\/wp-content\/uploads\/2021\/03\/taube_sj%C3%B6historiska_cornebyfoto-746x1024.jpg\" alt=\"\" class=\"wp-image-6228\" loading=\"lazy\"><figcaption class=\"wp-element-caption\"><em>Evert Taube med luta (1943). Fotografiet, av Corneby Foto, har vi l\u00e5nat fr\u00e5n <a href=\"https:\/\/digitaltmuseum.se\/021016103717\/evert-taube-med-luta-sittande-i-r10-an-westa-ii\" target=\"_blank\" rel=\"noreferrer noopener\" aria-label=\"Sj\u00f6historiska museet (\u00f6ppnas i en ny flik)\">Sj\u00f6historiska museet<\/a>.<\/em><\/figcaption><\/figure>\n\n\n\n<div style=\"height:30px\" aria-hidden=\"true\" class=\"wp-block-spacer\"><\/div>\n\n\n\n<h4 class=\"wp-block-heading\"><strong>Pepita dansar<\/strong>.<\/h4>\n\n\n\n<p>I\u00a0<a href=\"https:\/\/litteraturbanken.se\/diktensmuseum\/taube-sasong-2-avsnitt-4\/\">sista avsnittet<\/a>\u00a0av \u201dEvert Taube p\u00e5 nya str\u00f6vt\u00e5g i Trubadurien\u201d kan man 11 minuter in i programmet h\u00f6ra Taube ber\u00e4tta om en f\u00f6re detta granne i Florens: grevinnan de la Spina. Grevinnan, som tydligen var f\u00f6rtjust i Sverige, distraherade honom mitt i hans Dantestudier med en grammofoninspelning av hans egen r\u00f6st.<\/p>\n\n\n\n<p>I denna bortklippta inspelning h\u00f6r vi honom i grund och botten ber\u00e4tta samma historia. Men vid en j\u00e4mf\u00f6relse av de tv\u00e5 tagningarna framtr\u00e4der Taubes improvisations- och ber\u00e4ttarf\u00f6rm\u00e5ga tydligt. Det \u00e4r samma ber\u00e4ttelse, men p\u00e5 intet vis samma ordalydelse.<\/p>\n\n\n\n<p>Tagningen avbryts n\u00e4r Taube r\u00e5kar sjunga fel text till visan \u201dPepita dansar\u201d, och han erk\u00e4nner lika f\u00f6rargat som upprymt att han \u201dinte sl\u00e4ppte p\u00e5 sprallen\u201d. N\u00e4sta s\u00e5ngf\u00f6rs\u00f6k hejdas dock snart lika abrupt som det f\u00f6rsta, sprallen till trots. Taube utbrister: \u201dTa om alltihop, och s\u00e5 kom ih\u00e5g att jag kanske g\u00f6r mellanspel. D\u00e5 nickar jag till n\u00e4r jag b\u00f6rjar sjunga igen. Det g\u00f6r jag f\u00f6r andh\u00e4mtningen.\u201d Orkestern jakar medg\u00f6rligt.<\/p>\n\n\n\n<div class=\"wp-playlist wp-audio-playlist wp-playlist-light\">\n\t\t\t<div class=\"wp-playlist-current-item\"><\/div>\n\t\t<audio controls=\"controls\" preload=\"none\" width=\"618\"\n\t\t\t><\/audio>\n\t<div class=\"wp-playlist-next\"><\/div>\n\t<div class=\"wp-playlist-prev\"><\/div>\n\t<noscript>\n\t<ol>\n\t\t<li><a href='https:\/\/litteraturbanken.se\/diktensmuseum\/wp-content\/uploads\/2021\/03\/taube_pepitadansarbortklippt_taube.mp3'>Pepita dansar<\/a><\/li>\t<\/ol>\n\t<\/noscript>\n\t<script type=\"application\/json\" class=\"wp-playlist-script\">{\"type\":\"audio\",\"tracklist\":true,\"tracknumbers\":true,\"images\":true,\"artists\":true,\"tracks\":[{\"src\":\"https:\/\/litteraturbanken.se\/diktensmuseum\/wp-content\/uploads\/2021\/03\/taube_pepitadansarbortklippt_taube.mp3\",\"type\":\"audio\/mpeg\",\"title\":\"Pepita dansar\",\"caption\":\"\",\"description\":\"\\\"taube_pepitadansarbortklippt_taube\\\".\",\"meta\":{\"artist\":\"Bortklippt fr\\u00e5n Trubadurienserien\",\"album\":\"Evert Taube\",\"length_formatted\":\"4:32\"},\"image\":{\"src\":\"https:\/\/litteraturbanken.se\/diktensmuseum\/wp-content\/uploads\/2021\/03\/lb_affisch_taube_2.202_liggande_r\\u00f6d_\\u00f6t.jpg\",\"width\":1200,\"height\":848},\"thumb\":{\"src\":\"https:\/\/litteraturbanken.se\/diktensmuseum\/wp-content\/uploads\/2021\/03\/lb_affisch_taube_2.202_liggande_r\\u00f6d_\\u00f6t-150x150.jpg\",\"width\":150,\"height\":150}}]}<\/script>\n<\/div>\n\t\n\n\n\n<p class=\"has-small-font-size\"><em>Inspelningen \u00e5terges med tillst\u00e5nd fr\u00e5n Sveriges Radio och r\u00e4ttighetshavarna.<\/em><\/p>\n\n\n\n<div style=\"height:30px\" aria-hidden=\"true\" class=\"wp-block-spacer\"><\/div>\n<\/div>\n\n\n\n<div class=\"wp-block-column is-layout-flow wp-block-column-is-layout-flow\" style=\"flex-basis:35%\">\n<div style=\"height:20px\" aria-hidden=\"true\" class=\"wp-block-spacer\"><\/div>\n\n\n\n<p><a href=\"https:\/\/litteraturbanken.se\/diktensmuseum\/taube-inledning\/\">EN INTRODUKTION<\/a><br><br>RADIO: S\u00c4SONG 1<br><a href=\"https:\/\/litteraturbanken.se\/diktensmuseum\/taube-sasong-1-avsnitt-1\/\">AVSNITT ETT<\/a><br><a href=\"https:\/\/litteraturbanken.se\/diktensmuseum\/taube-sasong-1-avsnitt-2\/\">AVSNITT TV\u00c5<\/a><br><a href=\"https:\/\/litteraturbanken.se\/diktensmuseum\/taube-sasong-1-avsnitt-3\/\">AVSNITT TRE<\/a><br><a href=\"https:\/\/litteraturbanken.se\/diktensmuseum\/taube-sasong-1-avsnitt-4\/\">AVSNITT FYRA<\/a><br><br>RADIO: S\u00c4SONG 2<br><a href=\"https:\/\/litteraturbanken.se\/diktensmuseum\/taube-sasong-2-avsnitt-1\/\">AVSNITT ETT<\/a><br><a href=\"https:\/\/litteraturbanken.se\/diktensmuseum\/taube-sasong-2-avsnitt-2\/\">AVSNITT TV\u00c5<\/a><br><a href=\"https:\/\/litteraturbanken.se\/diktensmuseum\/taube-sasong-2-avsnitt-3\/\">AVSNITT TRE<\/a><br><a href=\"https:\/\/litteraturbanken.se\/diktensmuseum\/taube-sasong-2-avsnitt-4\/\">AVSNITT FYRA<\/a><br><br><a href=\"https:\/\/litteraturbanken.se\/diktensmuseum\/taube-bortklippt\/\">BORTKLIPPT<\/a><\/p>\n\n\n\n<p>DAVID ANTHIN:<br>EVERT TAUBE I TRUBADURIEN<br><a href=\"https:\/\/litteraturbanken.se\/diktensmuseum\/anthin-del-1\/\">1. INLEDNING<\/a><br><a href=\"https:\/\/litteraturbanken.se\/diktensmuseum\/anthin-del-2\/\">2. DAMEN I SVART MED VIOLER<\/a><br><a href=\"https:\/\/litteraturbanken.se\/diktensmuseum\/anthin-del-3\/\">3. EN VALLFART I FLERA MEDIER<\/a><br><a href=\"https:\/\/litteraturbanken.se\/diktensmuseum\/anthin-del-4\/\">4. VALLFARTENS EVIGA V\u00c4RDE<\/a><\/p>\n\n\n\n<div style=\"height:20px\" aria-hidden=\"true\" class=\"wp-block-spacer\"><\/div>\n\n\n\n<div style=\"height:20px\" aria-hidden=\"true\" class=\"wp-block-spacer\"><\/div>\n\n\n\n<div style=\"height:20px\" aria-hidden=\"true\" class=\"wp-block-spacer\"><\/div>\n\n\n\n<figure class=\"wp-block-image size-large\"><a href=\"https:\/\/litteraturbanken.se\/diktensmuseum\/wp-content\/uploads\/2021\/03\/lb_affisch_taube_2.202_st%C3%A5ende_svarttext.jpg\" target=\"_blank\" rel=\"noreferrer noopener\"><img decoding=\"async\" src=\"https:\/\/litteraturbanken.se\/diktensmuseum\/wp-content\/uploads\/2021\/03\/lb_affisch_taube_2.202_st%C3%A5ende_svarttext-724x1024.jpg\" alt=\"\" class=\"wp-image-6469\" loading=\"lazy\"><\/a><\/figure>\n\n\n\n<div style=\"height:40px\" aria-hidden=\"true\" class=\"wp-block-spacer\"><\/div>\n\n\n\n<hr class=\"wp-block-separator has-css-opacity\">\n\n\n\n<h5 class=\"wp-block-heading\">OM UTST\u00c4LLNINGEN<\/h5>\n\n\n\n<p style=\"font-size:11px\"><em>Utst\u00e4llningen \u201dTaube: vallfartens diktare\u201d producerades f\u00f6r Litteraturbanken under februari &amp; mars 2021 av Martin Joviken. D\u00e4r inget annat anges \u00e4r alla texter skrivna av Martin Joviken. \u201dEvert Taube i Trubadurien\u201d \u00e4r skriven av David Anthin.<\/em><\/p>\n\n\n\n<div style=\"height:20px\" aria-hidden=\"true\" class=\"wp-block-spacer\"><\/div>\n\n\n\n<p style=\"font-size:11px\"><em>Radioprogrammen \u00e5terges med tillst\u00e5nd fr\u00e5n r\u00e4ttighetshavaren och Sveriges Radio.<\/em><\/p>\n\n\n\n<div style=\"height:20px\" aria-hidden=\"true\" class=\"wp-block-spacer\"><\/div>\n\n\n\n<p style=\"font-size:11px\"><em><a href=\"https:\/\/litteraturbanken.se\/txt\/epub\/TaubeE_Vallfart.epub\">Ladda ner Evert Taubes bok Vallfart till Trubadurien och Toscana (1957) till din l\u00e4splatta.<\/a><\/em><\/p>\n\n\n\n<div style=\"height:40px\" aria-hidden=\"true\" class=\"wp-block-spacer\"><\/div>\n<\/div>\n<\/div>\n\n\n\n<div style=\"height:20px\" aria-hidden=\"true\" class=\"wp-block-spacer\"><\/div>\n\n\n\n<div style=\"height:20px\" aria-hidden=\"true\" class=\"wp-block-spacer\"><\/div>\n<\/body>","protected":false},"excerpt":{"rendered":"<p>Taube VALLFARTENS DIKTARE Radioprogrammen: f\u00f6rsta &amp; andra s\u00e4songen 1956\u20131957. Bortklippt. F\u00f6rberedelser inf\u00f6r f\u00f6rsta avsnittet. Inf\u00f6r inspelningen av\u00a0f\u00f6rsta avsnittet\u00a0kan man h\u00e4r h\u00f6ra hur de f\u00f6rberedande diskussionerna kunde l\u00e5ta i S\u00f6dra Teatern, n\u00e4r Taube och Gunnar Hahn f\u00f6rs\u00f6kte g\u00f6ra reda i musikarrangemangen [&hellip;]<\/p>\n","protected":false},"author":1,"featured_media":6469,"parent":0,"menu_order":1,"comment_status":"closed","ping_status":"closed","template":"","meta":{"footnotes":""},"class_list":["post-6184","page","type-page","status-publish","has-post-thumbnail","hentry"],"_links":{"self":[{"href":"https:\/\/litteraturbanken.se\/diktensmuseum\/wp-json\/wp\/v2\/pages\/6184","targetHints":{"allow":["GET"]}}],"collection":[{"href":"https:\/\/litteraturbanken.se\/diktensmuseum\/wp-json\/wp\/v2\/pages"}],"about":[{"href":"https:\/\/litteraturbanken.se\/diktensmuseum\/wp-json\/wp\/v2\/types\/page"}],"author":[{"embeddable":true,"href":"https:\/\/litteraturbanken.se\/diktensmuseum\/wp-json\/wp\/v2\/users\/1"}],"replies":[{"embeddable":true,"href":"https:\/\/litteraturbanken.se\/diktensmuseum\/wp-json\/wp\/v2\/comments?post=6184"}],"version-history":[{"count":17,"href":"https:\/\/litteraturbanken.se\/diktensmuseum\/wp-json\/wp\/v2\/pages\/6184\/revisions"}],"predecessor-version":[{"id":12548,"href":"https:\/\/litteraturbanken.se\/diktensmuseum\/wp-json\/wp\/v2\/pages\/6184\/revisions\/12548"}],"wp:featuredmedia":[{"embeddable":true,"href":"https:\/\/litteraturbanken.se\/diktensmuseum\/wp-json\/wp\/v2\/media\/6469"}],"wp:attachment":[{"href":"https:\/\/litteraturbanken.se\/diktensmuseum\/wp-json\/wp\/v2\/media?parent=6184"}],"curies":[{"name":"wp","href":"https:\/\/api.w.org\/{rel}","templated":true}]}}