{"id":6727,"date":"2021-09-14T09:16:02","date_gmt":"2021-09-14T07:16:02","guid":{"rendered":"https:\/\/litteraturbanken.se\/diktensmuseum\/?page_id=6727"},"modified":"2021-10-02T16:20:21","modified_gmt":"2021-10-02T14:20:21","slug":"ferlin-inledning","status":"publish","type":"page","link":"https:\/\/litteraturbanken.se\/diktensmuseum\/ferlin-inledning\/","title":{"rendered":"Oros\u00e5r: Nils Ferlin &#038; kriget"},"content":{"rendered":"<body>\n<div class=\"wp-block-columns is-layout-flex wp-container-core-columns-is-layout-9d6595d7 wp-block-columns-is-layout-flex\">\n<div class=\"wp-block-column is-layout-flow wp-block-column-is-layout-flow\" style=\"flex-basis:65%\">\n<h1 class=\"has-vivid-red-color has-text-color wp-block-heading\">Oros\u00e5r<\/h1>\n\n\n\n<h3 class=\"has-vivid-red-color has-text-color wp-block-heading\">NILS FERLIN &amp; KRIGET<\/h3>\n\n\n\n<div style=\"height:20px\" aria-hidden=\"true\" class=\"wp-block-spacer\"><\/div>\n\n\n\n<h4 class=\"wp-block-heading\">En utst\u00e4llning om Nils Ferlin <br>mellan \u00e5ren 1939\u20131945<\/h4>\n\n\n\n<div style=\"height:35px\" aria-hidden=\"true\" class=\"wp-block-spacer\"><\/div>\n\n\n\n<div style=\"height:40px\" aria-hidden=\"true\" class=\"wp-block-spacer\"><\/div>\n\n\n\n<div style=\"height:20px\" aria-hidden=\"true\" class=\"wp-block-spacer\"><\/div>\n\n\n\n<h2 class=\"wp-block-heading\">En introduktion.<\/h2>\n\n\n\n<div style=\"height:20px\" aria-hidden=\"true\" class=\"wp-block-spacer\"><\/div>\n\n\n\n<p>Nils Ferlin (1898\u20131961) \u00e4r fortfarande \u2013 sextio \u00e5r efter sin d\u00f6d \u2013 en av den svenska litteraturens stora fixstj\u00e4rnor. Ferlins dikter tycks tala till n\u00e5got inom oss, n\u00e5got som \u00f6verlever avst\u00e5nd i tid och rum. Kanske handlar det om ett universellt arv: ett medm\u00e4nsklighetens arv. Om m\u00e4nniskans erfarenheter av att vara just m\u00e4nniska \u2013 och om hur detta pressas till dikt i noga tillskapade rader.<\/p>\n\n\n\n<p>Men Nils Ferlins liv var s\u00e4llan enkelt. Och lika enkla som hans dikter kan tyckas, lika sv\u00e5ra var de dagar d\u00e5 orden svek. Eller n\u00e4r kriser och h\u00e4lsa och omv\u00e4rld tryckte tillvarons band f\u00f6r h\u00e5rt kring hans hj\u00e4ssa.<\/p>\n\n\n\n<div style=\"height:20px\" aria-hidden=\"true\" class=\"wp-block-spacer\"><\/div>\n\n\n\n<div class=\"wp-playlist wp-audio-playlist wp-playlist-light\">\n\t\t\t<div class=\"wp-playlist-current-item\"><\/div>\n\t\t<audio controls=\"controls\" preload=\"none\" width=\"618\"\n\t\t\t><\/audio>\n\t<div class=\"wp-playlist-next\"><\/div>\n\t<div class=\"wp-playlist-prev\"><\/div>\n\t<noscript>\n\t<ol>\n\t\t<li><a href='https:\/\/litteraturbanken.se\/diktensmuseum\/wp-content\/uploads\/2021\/09\/ferlin_stjarnornakvittardetlika_1948_ferlin.mp3'>Stj\u00e4rnorna kvittar det lika<\/a><\/li>\t<\/ol>\n\t<\/noscript>\n\t<script type=\"application\/json\" class=\"wp-playlist-script\">{\"type\":\"audio\",\"tracklist\":true,\"tracknumbers\":true,\"images\":true,\"artists\":true,\"tracks\":[{\"src\":\"https:\/\/litteraturbanken.se\/diktensmuseum\/wp-content\/uploads\/2021\/09\/ferlin_stjarnornakvittardetlika_1948_ferlin.mp3\",\"type\":\"audio\/mpeg\",\"title\":\"Stj\\u00e4rnorna kvittar det lika\",\"caption\":\"\",\"description\":\"\\\"Stj\\u00e4rnorna kvittar det lika\\\" fr\\u00e5n Nils Ferlin l\\u00e4ser egna dikter (1948) av Ferlin, Nils. Sl\\u00e4ppt: 1948. Sp\\u00e5r 3.\",\"meta\":{\"artist\":\"Nils Ferlin l\\u00e4ser egna dikter (1948)\",\"album\":\"Nils Ferlin\",\"year\":\"1948\",\"length_formatted\":\"0:45\"},\"image\":{\"src\":\"https:\/\/litteraturbanken.se\/diktensmuseum\/wp-content\/uploads\/2021\/09\/Ferlinboken_En-ung-Nils-Ferlin.jpg\",\"width\":1200,\"height\":1723},\"thumb\":{\"src\":\"https:\/\/litteraturbanken.se\/diktensmuseum\/wp-content\/uploads\/2021\/09\/Ferlinboken_En-ung-Nils-Ferlin-150x150.jpg\",\"width\":150,\"height\":150}}]}<\/script>\n<\/div>\n\t\n\n\n\n<p class=\"has-small-font-size\"><em>Diktinl\u00e4sningen fr\u00e5n 1948 \u00e5terges med tillst\u00e5nd fr\u00e5n Sveriges Radio och r\u00e4ttighetshavarna.\u00a0<\/em><\/p>\n\n\n\n<div style=\"height:20px\" aria-hidden=\"true\" class=\"wp-block-spacer\"><\/div>\n\n\n\n<figure class=\"wp-block-image size-large\"><a href=\"https:\/\/litteraturbanken.se\/diktensmuseum\/wp-content\/uploads\/2021\/09\/Ferlinboken_Ferlin-s%C3%B6ker-rytmen-alt..jpg\"><img decoding=\"async\" src=\"https:\/\/litteraturbanken.se\/diktensmuseum\/wp-content\/uploads\/2021\/09\/Ferlinboken_Ferlin-s%C3%B6ker-rytmen-alt.-971x1024.jpg\" alt=\"\" class=\"wp-image-6768\" loading=\"lazy\"><\/a><figcaption><em>Nils Ferlin<\/em> <em>(fotografiet har vi l\u00e5nat ur boken Eftersk\u00f6rd, 2021).<\/em><\/figcaption><\/figure>\n\n\n\n<div style=\"height:30px\" aria-hidden=\"true\" class=\"wp-block-spacer\"><\/div>\n\n\n\n<p>N\u00e4r kriget stod f\u00f6r d\u00f6rren 1939 tycktes Nils Ferlin en \u00e5ldrad man. Drygt fyrtio \u00e5r gammal var han tr\u00f6tt och nedsliten. Livet hade ristat djupt i b\u00e5de sj\u00e4l och kropp.<\/p>\n\n\n\n<p>Ferlins liv hade l\u00e4nge varit <a href=\"https:\/\/litteraturbanken.se\/diktensmuseum\/ferlin-bohemensliv\/\">bohemens liv<\/a>. M\u00e5nga \u00e4r vittnesm\u00e5len om hans liv p\u00e5 Stockholms krogar och caf\u00e9er. Ber\u00e4ttelserna kan v\u00e4l fortfarande framst\u00e5 som underh\u00e5llande. Skr\u00f6nor, anekdoter \u2013<em> <\/em>allt ber\u00e4ttat med mytens kalla fernissa. Men livet i spritens slagskugga var f\u00f6ga glamor\u00f6st. Det kr\u00e4vde allt och gav intet tillbaka. <\/p>\n\n\n\n<div style=\"height:20px\" aria-hidden=\"true\" class=\"wp-block-spacer\"><\/div>\n\n\n\n<figure class=\"wp-block-image size-large\"><a href=\"https:\/\/litteraturbanken.se\/diktensmuseum\/wp-content\/uploads\/2021\/09\/Ferlinboken_Beredskap-2.jpg\" target=\"_blank\" rel=\"noreferrer noopener\"><img decoding=\"async\" width=\"1024\" height=\"672\" src=\"https:\/\/litteraturbanken.se\/diktensmuseum\/wp-content\/uploads\/2021\/09\/Ferlinboken_Beredskap-2-1024x672.jpg\" alt=\"\" class=\"wp-image-6770\" loading=\"lazy\" srcset=\"https:\/\/litteraturbanken.se\/diktensmuseum\/wp-content\/uploads\/2021\/09\/Ferlinboken_Beredskap-2-1024x672.jpg 1024w, https:\/\/litteraturbanken.se\/diktensmuseum\/wp-content\/uploads\/2021\/09\/Ferlinboken_Beredskap-2-300x197.jpg 300w, https:\/\/litteraturbanken.se\/diktensmuseum\/wp-content\/uploads\/2021\/09\/Ferlinboken_Beredskap-2-768x504.jpg 768w, https:\/\/litteraturbanken.se\/diktensmuseum\/wp-content\/uploads\/2021\/09\/Ferlinboken_Beredskap-2-480x315.jpg 480w, https:\/\/litteraturbanken.se\/diktensmuseum\/wp-content\/uploads\/2021\/09\/Ferlinboken_Beredskap-2.jpg 1200w\" sizes=\"auto, (max-width: 1024px) 100vw, 1024px\" \/><\/a><figcaption><em>Nils Ferlin under beredskapstiden (fotografiet har vi l\u00e5nat ur boken Eftersk\u00f6rd, 2021).<\/em><\/figcaption><\/figure>\n\n\n\n<div style=\"height:30px\" aria-hidden=\"true\" class=\"wp-block-spacer\"><\/div>\n\n\n\n<p>Nils Ferlin hade varit <a href=\"https:\/\/litteraturbanken.se\/diktensmuseum\/ferlin-soldaten\/\">granatkastare<\/a> i det milit\u00e4ra. Och han blev f\u00f6rst\u00e5s inkallad igen n\u00e4r v\u00e4rlden b\u00f6rjade brinna.<\/p>\n\n\n\n<p>V\u00e4rlden l\u00e5g f\u00f6rresten r\u00e4tt n\u00e4ra. Danmark, Norge, Finland. Det var ett kaos som omgav. De svenska vallgravarna tycktes inte mycket till v\u00e4rn mot krigets fasor.<\/p>\n\n\n\n<p>Hur kom kriget att p\u00e5verka Nils Ferlin? Vad gjorde det med hans diktning? <a href=\"https:\/\/litteraturbanken.se\/diktensmuseum\/ferlin-attskrivaitiden\/\">Hur gestaltades denna tid i hans texter?<\/a> Och fanns det redan <em>f\u00f6re<\/em> krigets utbrott ett str\u00e5k i hans poesi som stod m\u00f6nstrat vid gr\u00e4nsen, redo f\u00f6r den annalkande stormen?<\/p>\n\n\n\n<p>Dagarna i uniform blev till slut r\u00e4tt m\u00e5nga. Och nu var det l\u00e5ngt till krogarna och caf\u00e9erna i Stockholm.<\/p>\n\n\n\n<div style=\"height:20px\" aria-hidden=\"true\" class=\"wp-block-spacer\"><\/div>\n\n\n\n<figure class=\"wp-block-image size-large\"><a href=\"https:\/\/litteraturbanken.se\/diktensmuseum\/wp-content\/uploads\/2021\/09\/Ferlinboken_EngEkel%C3%B6fBethutanf%C3%B6rGyldeneFreden.jpg\" target=\"_blank\" rel=\"noreferrer noopener\"><img decoding=\"async\" src=\"https:\/\/litteraturbanken.se\/diktensmuseum\/wp-content\/uploads\/2021\/09\/Ferlinboken_EngEkel%C3%B6fBethutanf%C3%B6rGyldeneFreden-1024x661.jpg\" alt=\"\" class=\"wp-image-6936\" loading=\"lazy\"><\/a><figcaption><em>Nils Ferlin, Uno Eng, Gunnar Ekel\u00f6f, Beth Lagerlund<\/em> <em>\u2013 utanf\u00f6r Den Gyldene Freden, juni 1939 (fotografiet har vi l\u00e5nat ur boken Eftersk\u00f6rd, 2021).<\/em><\/figcaption><\/figure>\n\n\n\n<div style=\"height:30px\" aria-hidden=\"true\" class=\"wp-block-spacer\"><\/div>\n\n\n\n<div class=\"wp-playlist wp-audio-playlist wp-playlist-light\">\n\t\t\t<div class=\"wp-playlist-current-item\"><\/div>\n\t\t<audio controls=\"controls\" preload=\"none\" width=\"618\"\n\t\t\t><\/audio>\n\t<div class=\"wp-playlist-next\"><\/div>\n\t<div class=\"wp-playlist-prev\"><\/div>\n\t<noscript>\n\t<ol>\n\t\t<li><a href='https:\/\/litteraturbanken.se\/diktensmuseum\/wp-content\/uploads\/2021\/09\/ferlin_mittallrabasta_1949_ferlin.mp3'>Mitt allra b\u00e4sta: Gunnar Skoglund talar med Nils Ferlin<\/a><\/li>\t<\/ol>\n\t<\/noscript>\n\t<script type=\"application\/json\" class=\"wp-playlist-script\">{\"type\":\"audio\",\"tracklist\":true,\"tracknumbers\":true,\"images\":true,\"artists\":true,\"tracks\":[{\"src\":\"https:\/\/litteraturbanken.se\/diktensmuseum\/wp-content\/uploads\/2021\/09\/ferlin_mittallrabasta_1949_ferlin.mp3\",\"type\":\"audio\/mpeg\",\"title\":\"Mitt allra b\\u00e4sta: Gunnar Skoglund talar med Nils Ferlin\",\"caption\":\"\",\"description\":\"\\\"Mitt allra b\\u00e4sta: Gunnar Skoglund talar med Nils Ferlin\\\" fr\\u00e5n Mitt allra b\\u00e4sta: Gunnar Skoglund talar med Nils Ferlin (1949) av Ferlin, Nils. Sl\\u00e4ppt: 1949. Sp\\u00e5r 1.\",\"meta\":{\"artist\":\"Mitt allra b\\u00e4sta: Gunnar Skoglund talar med Nils Ferlin (1949)\",\"album\":\"Nils Ferlin\",\"year\":\"1949\",\"length_formatted\":\"20:00\"},\"image\":{\"src\":\"https:\/\/litteraturbanken.se\/diktensmuseum\/wp-content\/uploads\/2021\/09\/Ferlinboken_Ferlin-s\\u00f6ker-rytmen-alt..jpg\",\"width\":1200,\"height\":1266},\"thumb\":{\"src\":\"https:\/\/litteraturbanken.se\/diktensmuseum\/wp-content\/uploads\/2021\/09\/Ferlinboken_Ferlin-s\\u00f6ker-rytmen-alt.-150x150.jpg\",\"width\":150,\"height\":150}}]}<\/script>\n<\/div>\n\t\n\n\n\n<p class=\"has-small-font-size\"><em>Radioprogrammet fr\u00e5n 1949 \u00e5terges med tillst\u00e5nd fr\u00e5n Sveriges Radio och r\u00e4ttighetshavarna.\u00a0<\/em><\/p>\n\n\n\n<div style=\"height:20px\" aria-hidden=\"true\" class=\"wp-block-spacer\"><\/div>\n\n\n\n<p>Om detta, och om en del annat l\u00e4ngs med v\u00e4gen, handlar den h\u00e4r utst\u00e4llningen. Vi har \u00e5kt sn\u00e5lskjuts p\u00e5 allt det makal\u00f6sa material som Nils Ferlin l\u00e4mnade efter sig. Dikter, manuskript, radioinspelningar, fotografier, intervjuer. Och att Ferlin f\u00f6rblir en dagsaktuell diktare \u00e4r uppenbart. I dagarna kommer en omf\u00e5ngsrik volym ut som inventerar sl\u00e4ktens g\u00f6mmor: <em>Eftersk\u00f6rd. Ferlinfynd fr\u00e5n en sp\u00e5nkoffert<\/em> (f\u00f6rfattad och utgiven av Hans Rutberg och Jenny Westerstr\u00f6m). Och d\u00e4r visade det sig finnas mycket som var ok\u00e4nt f\u00f6r de flesta \u2013 eller gl\u00f6mt av n\u00e4stan alla.<\/p>\n\n\n\n<p>Ocks\u00e5 det bortgl\u00f6mda vill vi lyfta fram. <br>Det vi gl\u00f6mt s\u00e4ger ju n\u00e4stan alltid n\u00e5got om det vi har valt att minnas.<\/p>\n\n\n\n<div style=\"height:20px\" aria-hidden=\"true\" class=\"wp-block-spacer\"><\/div>\n\n\n\n<figure class=\"wp-block-image size-large\"><a href=\"https:\/\/litteraturbanken.se\/diktensmuseum\/wp-content\/uploads\/2021\/09\/Ferlinboken_Nils-Ferlin-vid-Klara-kyrka.jpg\" target=\"_blank\" rel=\"noreferrer noopener\"><img decoding=\"async\" width=\"1024\" height=\"738\" src=\"https:\/\/litteraturbanken.se\/diktensmuseum\/wp-content\/uploads\/2021\/09\/1280px-Ferlin_Nils_i_VJ_1943-1024x738.jpg\" alt=\"\" class=\"wp-image-6941\" loading=\"lazy\" srcset=\"https:\/\/litteraturbanken.se\/diktensmuseum\/wp-content\/uploads\/2021\/09\/1280px-Ferlin_Nils_i_VJ_1943-1024x738.jpg 1024w, https:\/\/litteraturbanken.se\/diktensmuseum\/wp-content\/uploads\/2021\/09\/1280px-Ferlin_Nils_i_VJ_1943-300x216.jpg 300w, https:\/\/litteraturbanken.se\/diktensmuseum\/wp-content\/uploads\/2021\/09\/1280px-Ferlin_Nils_i_VJ_1943-768x554.jpg 768w, https:\/\/litteraturbanken.se\/diktensmuseum\/wp-content\/uploads\/2021\/09\/1280px-Ferlin_Nils_i_VJ_1943-480x346.jpg 480w, https:\/\/litteraturbanken.se\/diktensmuseum\/wp-content\/uploads\/2021\/09\/1280px-Ferlin_Nils_i_VJ_1943.jpg 1200w\" sizes=\"auto, (max-width: 1024px) 100vw, 1024px\" \/><\/a><figcaption><em>Nils Ferlin. Ur Veckojournalen, julen 1943 (bilden har vi l\u00e5nat fr\u00e5n <a href=\"https:\/\/commons.wikimedia.org\/wiki\/Category:Nils_Ferlin#\/media\/File:Ferlin,_Nils_i_VJ_1943.jpg\" target=\"_blank\" rel=\"noreferrer noopener\" aria-label=\"Wikimedia (\u00f6ppnas i en ny flik)\">Wikimedia<\/a>.)<\/em><\/figcaption><\/figure>\n\n\n\n<div style=\"height:30px\" aria-hidden=\"true\" class=\"wp-block-spacer\"><\/div>\n\n\n\n<h3 class=\"wp-block-heading\">Ett tack.<\/h3>\n\n\n\n<div style=\"height:20px\" aria-hidden=\"true\" class=\"wp-block-spacer\"><\/div>\n\n\n\n<p>Vi vill med v\u00e4rme tacka r\u00e4ttighetshavarna till Nils Ferlins f\u00f6rfattarskap f\u00f6r den stora generositet som vi m\u00f6tt l\u00e4ngs med v\u00e4gen. <a rel=\"noreferrer noopener\" aria-label=\"Ferlins diktning (\u00f6ppnas i en ny flik)\" href=\"https:\/\/litteraturbanken.se\/f%C3%B6rfattare\/FerlinN\" target=\"_blank\">Ferlins diktning<\/a> har ju funnits hos Litteraturbanken r\u00e4tt l\u00e4nge nu, och <a rel=\"noreferrer noopener\" aria-label=\"diktinl\u00e4sningarna har redan hunnit bli m\u00e5nga p\u00e5 Ljud &amp; Bild (\u00f6ppnas i en ny flik)\" href=\"https:\/\/litteraturbanken.se\/ljudochbild\/forfattare\/ferlinn\/\" target=\"_blank\">diktinl\u00e4sningarna har redan hunnit bli m\u00e5nga p\u00e5 Ljud &amp; Bild<\/a>. Men med den h\u00e4r utst\u00e4llningen tar vi \u00e4nnu ett steg in i Ferlins v\u00e4rld. Ett stort och s\u00e4rskilt tack ska utstr\u00e4ckas till Hans Rutberg, som varit oss till stor hj\u00e4lp.<\/p>\n\n\n\n<p><a href=\"https:\/\/litteraturbanken.se\/diktensmuseum\/ferlin-bohemensliv\/\">Klicka h\u00e4r<\/a> f\u00f6r att g\u00e5 vidare in i utst\u00e4llningen OROS\u00c5R \u2013 en utst\u00e4llning om Nils Ferlin och kriget. <\/p>\n\n\n\n<p>Varmt v\u00e4lkommen!<\/p>\n\n\n\n<h5 class=\"has-text-align-right wp-block-heading\">MARTIN JOVIKEN<br>&amp; DICK CLA\u00c9SSON<\/h5>\n\n\n\n<p style=\"font-size:12px\" class=\"has-text-align-right\">Litteraturbanken<\/p>\n<\/div>\n\n\n\n<div class=\"wp-block-column is-layout-flow wp-block-column-is-layout-flow\" style=\"flex-basis:35%\">\n<div style=\"height:20px\" aria-hidden=\"true\" class=\"wp-block-spacer\"><\/div>\n\n\n\n<p><a href=\"https:\/\/litteraturbanken.se\/diktensmuseum\/ferlin-inledning\/\">EN INTRODUKTION<\/a><br><a href=\"https:\/\/litteraturbanken.se\/diktensmuseum\/ferlin-bohemensliv\/\">BOHEMENS LIV<\/a><br><a href=\"https:\/\/litteraturbanken.se\/diktensmuseum\/ferlin-attskrivaitiden\/\">ATT SKRIVA I TIDEN<\/a> (I)<br><a href=\"https:\/\/litteraturbanken.se\/diktensmuseum\/orosar-att-skriva-i-tiden-2\/\">ATT SKRIVA I TIDEN<\/a> (II)<br><a href=\"https:\/\/litteraturbanken.se\/diktensmuseum\/ferlin-soldaten\/\">SOLDATEN FERLIN<\/a><br><a href=\"https:\/\/litteraturbanken.se\/diktensmuseum\/ferlin-urandrasogon\/\">UR ANDRAS \u00d6GON<\/a> (I)<br><a href=\"https:\/\/litteraturbanken.se\/diktensmuseum\/orosar-ur-andras-ogon-2\/\">UR ANDRAS \u00d6GON<\/a> (II)<br><a href=\"https:\/\/litteraturbanken.se\/diktensmuseum\/ferlin-uppbrottochsjukdom\/\">UPPBROTT &amp; SJUKDOM<\/a><br><a href=\"https:\/\/litteraturbanken.se\/diktensmuseum\/ferlin-ferlinsrost\/\">FERLINS R\u00d6ST<\/a><\/p>\n\n\n\n<div style=\"height:20px\" aria-hidden=\"true\" class=\"wp-block-spacer\"><\/div>\n\n\n\n<div style=\"height:20px\" aria-hidden=\"true\" class=\"wp-block-spacer\"><\/div>\n\n\n\n<div style=\"height:20px\" aria-hidden=\"true\" class=\"wp-block-spacer\"><\/div>\n\n\n\n<figure class=\"wp-block-image size-large\"><a href=\"https:\/\/litteraturbanken.se\/diktensmuseum\/wp-content\/uploads\/2021\/09\/lb_ferlinutst%C3%A4llningen_affisch_9.2021_reducerad.jpg\" target=\"_blank\" rel=\"noreferrer noopener\"><img decoding=\"async\" src=\"https:\/\/litteraturbanken.se\/diktensmuseum\/wp-content\/uploads\/2021\/09\/lb_ferlinutst%C3%A4llningen_affisch_9.2021_reducerad-724x1024.jpg\" alt=\"\" class=\"wp-image-6764\" loading=\"lazy\"><\/a><\/figure>\n\n\n\n<div style=\"height:40px\" aria-hidden=\"true\" class=\"wp-block-spacer\"><\/div>\n\n\n\n<hr class=\"wp-block-separator\">\n\n\n\n<h5 class=\"wp-block-heading\">OM UTST\u00c4LLNINGEN<\/h5>\n\n\n\n<p style=\"font-size:11px\"><em>Utst\u00e4llningen \u201dOros\u00e5r: Nils Ferlin &amp; kriget\u201d producerades f\u00f6r Litteraturbanken under september 2021 av Martin Joviken &amp; Dick Cla\u00e9sson.<\/em> <em>Radioprogrammen \u00e5terges med tillst\u00e5nd fr\u00e5n r\u00e4ttighetshavaren och Sveriges Radio.<\/em><\/p>\n\n\n\n<p style=\"font-size:11px\"><em>Ett antal tryckta k\u00e4llor har anv\u00e4nts i utst\u00e4llningen, d\u00e4ribland: \u00c5ke Runnquist, Poeten Nils Ferlin (1958), Henny Ferlin, Nils. Ett f\u00f6rs\u00f6k till portr\u00e4tt (1971), Jenny Westerstr\u00f6m, Nils Ferlin. Ett diktarliv (1998), samt Hans Rutberg &amp; Jenny Westerstr\u00f6m, Eftersk\u00f6rd. Ferlinfynd fr\u00e5n en sp\u00e5nkoffert (2021)<\/em>.<\/p>\n\n\n\n<div style=\"height:20px\" aria-hidden=\"true\" class=\"wp-block-spacer\"><\/div>\n\n\n\n<hr class=\"wp-block-separator\">\n\n\n\n<p class=\"has-small-font-size\">L\u00c4S NILS FERLINS DIKTER HOS LB.SE<br><br><a rel=\"noreferrer noopener\" href=\"https:\/\/litteraturbanken.se\/f%C3%B6rfattare\/FerlinN\/titlar\/EnD%C3%B6ddansaresVisor\/sida\/3\/etext?om-boken\" target=\"_blank\">EN D\u00d6DDANSARES VISOR (1930)<\/a><br><a rel=\"noreferrer noopener\" href=\"https:\/\/litteraturbanken.se\/f%C3%B6rfattare\/FerlinN\/titlar\/Barfotabarn\/sida\/3\/etext?om-boken\" target=\"_blank\">BARFOTABARN (1933)<\/a><br><a rel=\"noreferrer noopener\" href=\"https:\/\/litteraturbanken.se\/f%C3%B6rfattare\/FerlinN\/titlar\/Goggles\/sida\/3\/etext?om-boken\" target=\"_blank\">GOGGLES (1938)<\/a><br><a rel=\"noreferrer noopener\" href=\"https:\/\/litteraturbanken.se\/f%C3%B6rfattare\/FerlinN\/titlar\/MedM%C3%A5ngaKul%C3%B6rtaLyktor\/sida\/3\/etext?om-boken\" target=\"_blank\">MED M\u00c5NGA KUL\u00d6RTA LYKTOR (1944)<\/a><br><a rel=\"noreferrer noopener\" href=\"https:\/\/litteraturbanken.se\/f%C3%B6rfattare\/FerlinN\/titlar\/KejsarensPapegoja\/sida\/3\/etext?om-boken\" target=\"_blank\">KEJSARENS PAPEGOJA (1951)<\/a><br><a rel=\"noreferrer noopener\" href=\"https:\/\/litteraturbanken.se\/f%C3%B6rfattare\/FerlinN\/titlar\/Fr%C3%A5nMittEkorrhjul\/sida\/3\/etext?om-boken\" target=\"_blank\">FR\u00c5N MITT EKORRHJUL (1957)<\/a><br><a rel=\"noreferrer noopener\" href=\"https:\/\/litteraturbanken.se\/f%C3%B6rfattare\/FerlinN\/titlar\/EnGammalCylinderhatt\/sida\/5\/etext?om-boken\" target=\"_blank\">EN GAMMAL CYLINDERHATT (1962)<\/a><br><br><br>L\u00c4S MER OM NILS FERLIN HOS LB.SE<br><br><a rel=\"noreferrer noopener\" aria-label=\"ELLERSTR\u00d6M OM FERLIN (\u00f6ppnas i en ny flik)\" href=\"https:\/\/litteraturbanken.se\/f%C3%B6rfattare\/FerlinN\/presentation\" target=\"_blank\">JONAS ELLERSTR\u00d6M OM FERLIN<\/a><br><a rel=\"noreferrer noopener\" aria-label=\"S\u00d6K I FERLINS SKRIFTER (\u00f6ppnas i en ny flik)\" href=\"https:\/\/litteraturbanken.se\/s%C3%B6k?forfattare=FerlinN&amp;avancerad&amp;ej_modern&amp;prefix&amp;suffix&amp;infix&amp;fras=jag\" target=\"_blank\">S\u00d6K I FERLINS SKRIFTER<\/a><\/p>\n<\/div>\n<\/div>\n\n\n\n<div style=\"height:20px\" aria-hidden=\"true\" class=\"wp-block-spacer\"><\/div>\n\n\n\n<div style=\"height:20px\" aria-hidden=\"true\" class=\"wp-block-spacer\"><\/div>\n<\/body>","protected":false},"excerpt":{"rendered":"<p>Oros\u00e5r NILS FERLIN &amp; KRIGET En utst\u00e4llning om Nils Ferlin mellan \u00e5ren 1939\u20131945 En introduktion. Nils Ferlin (1898\u20131961) \u00e4r fortfarande \u2013 sextio \u00e5r efter sin d\u00f6d \u2013 en av den svenska litteraturens stora fixstj\u00e4rnor. Ferlins dikter tycks tala till n\u00e5got [&hellip;]<\/p>\n","protected":false},"author":1,"featured_media":6764,"parent":0,"menu_order":1,"comment_status":"closed","ping_status":"closed","template":"","meta":{"footnotes":""},"class_list":["post-6727","page","type-page","status-publish","has-post-thumbnail","hentry"],"_links":{"self":[{"href":"https:\/\/litteraturbanken.se\/diktensmuseum\/wp-json\/wp\/v2\/pages\/6727","targetHints":{"allow":["GET"]}}],"collection":[{"href":"https:\/\/litteraturbanken.se\/diktensmuseum\/wp-json\/wp\/v2\/pages"}],"about":[{"href":"https:\/\/litteraturbanken.se\/diktensmuseum\/wp-json\/wp\/v2\/types\/page"}],"author":[{"embeddable":true,"href":"https:\/\/litteraturbanken.se\/diktensmuseum\/wp-json\/wp\/v2\/users\/1"}],"replies":[{"embeddable":true,"href":"https:\/\/litteraturbanken.se\/diktensmuseum\/wp-json\/wp\/v2\/comments?post=6727"}],"version-history":[{"count":74,"href":"https:\/\/litteraturbanken.se\/diktensmuseum\/wp-json\/wp\/v2\/pages\/6727\/revisions"}],"predecessor-version":[{"id":16168,"href":"https:\/\/litteraturbanken.se\/diktensmuseum\/wp-json\/wp\/v2\/pages\/6727\/revisions\/16168"}],"wp:featuredmedia":[{"embeddable":true,"href":"https:\/\/litteraturbanken.se\/diktensmuseum\/wp-json\/wp\/v2\/media\/6764"}],"wp:attachment":[{"href":"https:\/\/litteraturbanken.se\/diktensmuseum\/wp-json\/wp\/v2\/media?parent=6727"}],"curies":[{"name":"wp","href":"https:\/\/api.w.org\/{rel}","templated":true}]}}