{"id":8845,"date":"2022-10-12T09:29:01","date_gmt":"2022-10-12T07:29:01","guid":{"rendered":"https:\/\/litteraturbanken.se\/diktensmuseum\/?page_id=8845"},"modified":"2025-01-23T09:19:09","modified_gmt":"2025-01-23T08:19:09","slug":"dramaklassiker","status":"publish","type":"page","link":"https:\/\/litteraturbanken.se\/diktensmuseum\/dramaklassiker\/","title":{"rendered":"Dramaklassiker"},"content":{"rendered":"<body>\n<div class=\"wp-block-columns is-layout-flex wp-container-core-columns-is-layout-9d6595d7 wp-block-columns-is-layout-flex\">\n<div class=\"wp-block-column is-layout-flow wp-block-column-is-layout-flow\" style=\"flex-basis:65%\">\n<h1 class=\"wp-block-heading has-vivid-red-color has-text-color\">Dramaklassiker fr\u00e5n <br>Sveriges Radio Drama<\/h1>\n\n\n\n<h3 class=\"wp-block-heading\">En utst\u00e4llning<br>om &amp; med svensk radioteater<\/h3>\n\n\n\n<h4 class=\"wp-block-heading\">1925\u20131970<\/h4>\n\n\n\n<div style=\"height:35px\" aria-hidden=\"true\" class=\"wp-block-spacer\"><\/div>\n\n\n\n<figure class=\"wp-block-image size-large\"><img decoding=\"async\" width=\"1024\" height=\"724\" src=\"https:\/\/litteraturbanken.se\/diktensmuseum\/wp-content\/uploads\/2022\/10\/lb_sr-utstallningen_affisch_9.2022_liggande_gul_svart_text-1024x724.jpg\" alt=\"\" class=\"wp-image-9123\" loading=\"lazy\" srcset=\"https:\/\/litteraturbanken.se\/diktensmuseum\/wp-content\/uploads\/2022\/10\/lb_sr-utstallningen_affisch_9.2022_liggande_gul_svart_text-1024x724.jpg 1024w, https:\/\/litteraturbanken.se\/diktensmuseum\/wp-content\/uploads\/2022\/10\/lb_sr-utstallningen_affisch_9.2022_liggande_gul_svart_text-300x212.jpg 300w, https:\/\/litteraturbanken.se\/diktensmuseum\/wp-content\/uploads\/2022\/10\/lb_sr-utstallningen_affisch_9.2022_liggande_gul_svart_text-768x543.jpg 768w, https:\/\/litteraturbanken.se\/diktensmuseum\/wp-content\/uploads\/2022\/10\/lb_sr-utstallningen_affisch_9.2022_liggande_gul_svart_text-1536x1086.jpg 1536w, https:\/\/litteraturbanken.se\/diktensmuseum\/wp-content\/uploads\/2022\/10\/lb_sr-utstallningen_affisch_9.2022_liggande_gul_svart_text-480x339.jpg 480w, https:\/\/litteraturbanken.se\/diktensmuseum\/wp-content\/uploads\/2022\/10\/lb_sr-utstallningen_affisch_9.2022_liggande_gul_svart_text.jpg 2000w\" sizes=\"auto, (max-width: 1024px) 100vw, 1024px\" \/><figcaption class=\"wp-element-caption\"> <\/figcaption><\/figure>\n\n\n\n<p class=\"has-normal-font-size\">Du st\u00e5r nu i foaj\u00e9n till en teatersalong. Det \u00e4r en r\u00f6stens och \u00f6rats teater du bes\u00f6ker \u2013 och en utst\u00e4llning. I snart etthundra \u00e5r har Sveriges Radio iscensatt svensk och utl\u00e4ndsk dramatik (i \u00f6vers\u00e4ttning) inom ramen f\u00f6r Radioteatern. <\/p>\n\n\n\n<p class=\"has-normal-font-size\">Idag heter verksamheten Sveriges Radio Drama. <br>Den b\u00e4r p\u00e5 b\u00e5de tradition och f\u00f6rnyelse.<\/p>\n\n\n\n<div style=\"height:30px\" aria-hidden=\"true\" class=\"wp-block-spacer\"><\/div>\n\n\n\n<h2 class=\"wp-block-heading\">Ett inre landskap uppst\u00e5r.<\/h2>\n\n\n\n<div style=\"height:20px\" aria-hidden=\"true\" class=\"wp-block-spacer\"><\/div>\n\n\n\n<p>Den svenska litteraturen har alltid st\u00e5tt i sj\u00e4lvklart centrum f\u00f6r Sveriges Radio Drama. Tidigt n\u00e4rmade man sig samarbetsvilliga f\u00f6rfattare: man beh\u00f6vde nyskriven svensk dramatik f\u00f6r den nya medieformen. Pj\u00e4ser som l\u00e4mpade sig f\u00f6r ett nytt format, anpassade f\u00f6r en typ av teater som kr\u00e4vde nya tankes\u00e4tt och nya arbetsmetoder.<\/p>\n\n\n\n<p>Man tog f\u00f6rst\u00e5s den traditionella teaterns traditioner och kunnande med sig in i studion. Men s\u00e5 gjorde man n\u00e5got nytt av detta. Skapade en ny form f\u00f6r det dramatiska uttrycket. Flyttade in scenrummet i \u00e5h\u00f6rarens tankar och str\u00e4ckte ut de inre landskapen genom r\u00f6st, ljud och radiov\u00e5gor. <\/p>\n\n\n\n<div style=\"height:20px\" aria-hidden=\"true\" class=\"wp-block-spacer\"><\/div>\n\n\n\n<figure class=\"wp-block-image size-large\"><a href=\"https:\/\/litteraturbanken.se\/diktensmuseum\/wp-content\/uploads\/2022\/09\/558637_FARMOR-OCH-V%C2%8FR-HERRE.jpg\" target=\"_blank\" rel=\"noreferrer noopener\"><img decoding=\"async\" src=\"https:\/\/litteraturbanken.se\/diktensmuseum\/wp-content\/uploads\/2022\/09\/558637_FARMOR-OCH-V%C2%8FR-HERRE-1024x725.jpg\" alt=\"\" class=\"wp-image-8886\" loading=\"lazy\"><\/a><figcaption class=\"wp-element-caption\"><em>Ingmar Bergman, Gunnar Bj\u00f6rnstrand, Tora Teje \u2013 under inspelningen av Hjalmar Bergmans Farmor och v\u00e5r herre (1956).<\/em> <em>Fotografi: Jarl Ekenryd, SVT Bild<\/em>.<\/figcaption><\/figure>\n\n\n\n<div style=\"height:30px\" aria-hidden=\"true\" class=\"wp-block-spacer\"><\/div>\n\n\n\n<p style=\"font-size:16px;font-style:normal;font-weight:400\">Radioteaterns historia \u00e4r dess f\u00f6rest\u00e4llningar. Den best\u00e5r av dess verksamhetschefer, regiss\u00f6rer och sk\u00e5despelare. Den \u00e4r byggd av de ljudtekniker och producenter \u2013 och alla de andra som medverkat p\u00e5 ett eller annat s\u00e4tt \u2013 som, under \u00e5ren, bidragit till att skapa ny konst av det skrivna ordet. En ljudkonst.<\/p>\n\n\n\n<p class=\"has-small-font-size\" style=\"font-style:normal;font-weight:700\"><br><a href=\"https:\/\/litteraturbanken.se\/diktensmuseum\/august-blanche-ett-resande-teatersallskap-1959\/\" data-type=\"page\" data-id=\"8781\">F\u00d6RSTA RUMMET: ETT RESANDE TEATERS\u00c4LLSKAP<\/a><br><a href=\"https:\/\/litteraturbanken.se\/diktensmuseum\/august-strindberg-froken-julie-1957\/\" data-type=\"page\" data-id=\"8779\">ANDRA RUMMET: FR\u00d6KEN JULIE<\/a><br><a href=\"https:\/\/litteraturbanken.se\/diktensmuseum\/august-strindberg-ett-dromspel-1962\/\" data-type=\"page\" data-id=\"8347\">TREDJE RUMMET: ETT DR\u00d6MSPEL<\/a><\/p>\n\n\n\n<div style=\"height:30px\" aria-hidden=\"true\" class=\"wp-block-spacer\"><\/div>\n\n\n\n<h2 class=\"wp-block-heading\">En andra folkteater.<\/h2>\n\n\n\n<div style=\"height:20px\" aria-hidden=\"true\" class=\"wp-block-spacer\"><\/div>\n\n\n\n<p>F\u00f6rfattarna man anv\u00e4nde var knappast ok\u00e4nda namn. <a rel=\"noreferrer noopener\" href=\"https:\/\/litteraturbanken.se\/f%C3%B6rfattare\/StrindbergA\" target=\"_blank\">August Strindberg<\/a>, <a rel=\"noreferrer noopener\" href=\"https:\/\/litteraturbanken.se\/f%C3%B6rfattare\/AlmqvistCJL\" target=\"_blank\">C.J.L. Almqvist<\/a>, <a rel=\"noreferrer noopener\" href=\"https:\/\/litteraturbanken.se\/f%C3%B6rfattare\/BergmanHj\" target=\"_blank\">Hjalmar Bergman<\/a>, <a rel=\"noreferrer noopener\" href=\"https:\/\/litteraturbanken.se\/f%C3%B6rfattare\/Lagerl%C3%B6fS\" target=\"_blank\">Selma Lagerl\u00f6f<\/a> \u2013 parnassens stora hade alla skrivit texter som gick att anpassa f\u00f6r radions format. Och i de yngre generationerna, som snart nog v\u00e4xte upp med radion som sj\u00e4lvklart s\u00e4llskap, anpassade man sig snabbt och ofta mycket villigt till den nya tidens genrekrav. Man formade sina texter i enlighet med Radioteaterns inte s\u00e4llan uttalade krav p\u00e5 tekniska f\u00f6ruts\u00e4ttningar och begr\u00e4nsningar. S\u00e5 kunde man n\u00e5 ut. Och anpassningen till mediet beh\u00f6vdes f\u00f6r att radions teaterrum skulle bli en \u201dandra folkteater\u201d, som Per Lindberg (1890\u20131944) en g\u00e5ng hade uttryckt det.<\/p>\n\n\n\n<p>Den teater och den utst\u00e4llning som du nu bes\u00f6ker har ingen egentlig sluttid, inget sista rum att bes\u00f6ka. Vi b\u00f6rjar h\u00e4r, helt enkelt: med ett antal f\u00f6rest\u00e4llningar ur Sveriges Radio Dramas rika historia. Dessa pj\u00e4ser och dramatiseringar sk\u00e4r ett f\u00f6rsta och delvis representativt snitt genom den svenska teaterhistorien. Men vi kommer att l\u00e5ta bygga ut teatern och utst\u00e4llningen vartefter, och avser att l\u00e4gga f\u00f6rest\u00e4llning efter f\u00f6rest\u00e4llning till en alltid v\u00e4xande helhet.<\/p>\n\n\n\n<div style=\"height:10px\" aria-hidden=\"true\" class=\"wp-block-spacer\"><\/div>\n\n\n\n<p class=\"has-small-font-size\" style=\"font-style:normal;font-weight:900\"><a href=\"https:\/\/litteraturbanken.se\/diktensmuseum\/hjalmar-bergman-farmor-och-var-herre-1956\/\">FJ\u00c4RDE RUMMET: FARMOR OCH V\u00c5R HERRE<\/a><br><a href=\"https:\/\/litteraturbanken.se\/diktensmuseum\/karin-boye-kallocain-1959\/\">FEMTE RUMMET: KALLOCAIN<\/a><br><a href=\"https:\/\/litteraturbanken.se\/diktensmuseum\/august-strindberg-fadren\/\">SJ\u00c4TTE RUMMET: FADREN<\/a><\/p>\n\n\n\n<div style=\"height:10px\" aria-hidden=\"true\" class=\"wp-block-spacer\"><\/div>\n\n\n\n<p>Vi ser August Strindbergs <a href=\"https:\/\/litteraturbanken.se\/f%C3%B6rfattare\/StrindbergA\/titlar\/EttDr%C3%B6mspel\/sida\/24\/etext\" target=\"_blank\" rel=\"noreferrer noopener\">\u201dv\u00e4xande slott\u201d<\/a> som en bild f\u00f6r detta. Historien \u00e4r rik nog att sk\u00e4nka oss byggmaterial s\u00e5 det r\u00e4cker och blir \u00f6ver. Slottet ska v\u00e4xa sig stort och yvigt under \u00e5ren som kommer.<\/p>\n\n\n\n<p>Det kommer med andra ord att l\u00f6na sig att \u00e5terv\u00e4nda.<\/p>\n\n\n\n<div style=\"height:20px\" aria-hidden=\"true\" class=\"wp-block-spacer\"><\/div>\n\n\n\n<figure class=\"wp-block-image size-large\"><img decoding=\"async\" width=\"889\" height=\"1024\" src=\"https:\/\/litteraturbanken.se\/diktensmuseum\/wp-content\/uploads\/2022\/09\/martaekstrom-889x1024.jpg\" alt=\"\" class=\"wp-image-9041\" loading=\"lazy\" srcset=\"https:\/\/litteraturbanken.se\/diktensmuseum\/wp-content\/uploads\/2022\/09\/martaekstrom-889x1024.jpg 889w, https:\/\/litteraturbanken.se\/diktensmuseum\/wp-content\/uploads\/2022\/09\/martaekstrom-260x300.jpg 260w, https:\/\/litteraturbanken.se\/diktensmuseum\/wp-content\/uploads\/2022\/09\/martaekstrom-768x885.jpg 768w, https:\/\/litteraturbanken.se\/diktensmuseum\/wp-content\/uploads\/2022\/09\/martaekstrom-480x553.jpg 480w, https:\/\/litteraturbanken.se\/diktensmuseum\/wp-content\/uploads\/2022\/09\/martaekstrom.jpg 1200w\" sizes=\"auto, (max-width: 889px) 100vw, 889px\" \/><figcaption class=\"wp-element-caption\"><em>Arnold Sj\u00f6strand och M\u00e4rta Ekstr\u00f6m framf\u00f6r mikrofonen, h\u00f6sten 1927, under framf\u00f6randet av En skugga av Hjalmar Bergman<em>.<\/em><\/em><\/figcaption><\/figure>\n\n\n\n<div style=\"height:30px\" aria-hidden=\"true\" class=\"wp-block-spacer\"><\/div>\n\n\n\n<p class=\"has-small-font-size\" style=\"font-style:normal;font-weight:900\"><a href=\"https:\/\/litteraturbanken.se\/diktensmuseum\/selma-lagerlof-herr-arnes-penningar-1954\/\">SJUNDE RUMMET: HERR ARNES PENGAR<\/a><br><a href=\"https:\/\/litteraturbanken.se\/diktensmuseum\/cjl-almqvists-dramatik\/\">\u00c5TTONDE RUMMET: C.J.L. ALMQVISTS DRAMATIK<\/a><br><a href=\"https:\/\/litteraturbanken.se\/diktensmuseum\/selma-lagerlof-kejsarn-av-portugallien-1958\/\">NIONDE RUMMET: KEJSARN AV PORTUGALLIEN<\/a><br><a href=\"https:\/\/litteraturbanken.se\/diktensmuseum\/stig-dagermans-dramatik\/\" data-type=\"page\" data-id=\"15665\">TIONDE RUMMET: STIG DAGERMANS DRAMATIK<\/a><\/p>\n\n\n\n<div style=\"height:30px\" aria-hidden=\"true\" class=\"wp-block-spacer\"><\/div>\n\n\n\n<h2 class=\"wp-block-heading\">Spelet kan b\u00f6rja.<\/h2>\n\n\n\n<div style=\"height:20px\" aria-hidden=\"true\" class=\"wp-block-spacer\"><\/div>\n\n\n\n<p>Fem f\u00f6rest\u00e4llningar allts\u00e5. En tidig pj\u00e4s av <a rel=\"noreferrer noopener\" href=\"https:\/\/litteraturbanken.se\/f%C3%B6rfattare\/BlancheA\" target=\"_blank\">August Blanche<\/a>, som trots tidens damm levt vidare i minnet (inte minst tack vare en framg\u00e5ngsrik TV-serie fr\u00e5n 1972); tv\u00e5 pj\u00e4ser av <a rel=\"noreferrer noopener\" href=\"https:\/\/litteraturbanken.se\/f%C3%B6rfattare\/StrindbergA\" target=\"_blank\">August Strindberg<\/a> (just f\u00f6r att hans dramatiska bredd \u00e4r s\u00e5 avsev\u00e4rd, och f\u00f6r att tv\u00e5 pj\u00e4ser tycks ett minimum i ett inledningsskede); en iscens\u00e4ttning av en roman av <a rel=\"noreferrer noopener\" href=\"https:\/\/litteraturbanken.se\/f%C3%B6rfattare\/BergmanHj\" target=\"_blank\">Hjalmar Bergman<\/a> och en av <a rel=\"noreferrer noopener\" href=\"https:\/\/litteraturbanken.se\/f%C3%B6rfattare\/BoyeK\" target=\"_blank\">Karin Boye<\/a>.<\/p>\n\n\n\n<p>Den 26 november 1907 \u00f6ppnade August Strindberg Intima Teatern. <a rel=\"noreferrer noopener\" href=\"https:\/\/litteraturbanken.se\/f%C3%B6rfattare\/StrindbergA\/titlar\/OrdalekOchSm%C3%A5konst\/sida\/214\/etext\" target=\"_blank\">En prolog \u2013 en dikt \u2013 fick inleda det storartade f\u00f6retaget<\/a>. Och just nu tycks orden ocks\u00e5 tala om radiodramatikens viskande intimitet:<\/p>\n\n\n\n<p class=\"has-small-font-size\">\u201dVid dagens slut i sena h\u00f6stekv\u00e4llen<br>Vi samlas h\u00e4r i denna lilla sal,<br>Bel\u00e4gen n\u00e4stan under jorden,<br>Men ost\u00f6rd utav gatans larm \u2013<br>Ett samtalsrum, en Confidence,<br>D\u00e4r vi f\u00e5 \u00f6ppna v\u00e5ra fulla hj\u00e4rtan\u201d<\/p>\n\n\n\n<p>Spelet kan b\u00f6rja. <\/p>\n\n\n\n<div style=\"height:10px\" aria-hidden=\"true\" class=\"wp-block-spacer\"><\/div>\n\n\n\n<h5 class=\"wp-block-heading has-text-align-right\">DICK CLA\u00c9SSON<\/h5>\n\n\n\n<p class=\"has-text-align-right\" style=\"font-size:12px\">Huvudredakt\u00f6r<br>Litteraturbanken<\/p>\n<\/div>\n\n\n\n<div class=\"wp-block-column is-layout-flow wp-block-column-is-layout-flow\" style=\"flex-basis:35%\">\n<div style=\"height:20px\" aria-hidden=\"true\" class=\"wp-block-spacer\"><\/div>\n\n\n\n<p><a href=\"https:\/\/litteraturbanken.se\/diktensmuseum\/dramaklassiker\/\" data-type=\"page\" data-id=\"8845\"><\/a><a href=\"https:\/\/litteraturbanken.se\/diktensmuseum\/dramaklassiker\/\">FOAJ\u00c9N<\/a><br><a href=\"https:\/\/litteraturbanken.se\/diktensmuseum\/radioteaterns-historia\/\">OM RADIOTEATERN<\/a><br><a href=\"https:\/\/litteraturbanken.se\/diktensmuseum\/august-blanche-ett-resande-teatersallskap-1959\/\">ETT RESANDE TEATERS\u00c4LLSKAP<\/a><br><a href=\"https:\/\/litteraturbanken.se\/diktensmuseum\/cjl-almqvists-dramatik\/\">ALMQVISTS DRAMATIK<\/a><br><a href=\"https:\/\/litteraturbanken.se\/diktensmuseum\/august-strindberg-fadren\/\">FADREN<\/a><br><a href=\"https:\/\/litteraturbanken.se\/diktensmuseum\/august-strindberg-froken-julie-1957\/\">FR\u00d6KEN JULIE<\/a><a href=\"https:\/\/litteraturbanken.se\/diktensmuseum\/selma-lagerlof-herr-arnes-penningar\/\" target=\"_blank\" rel=\"noreferrer noopener\"><br><\/a><a href=\"https:\/\/litteraturbanken.se\/diktensmuseum\/august-strindberg-ett-dromspel-1962\/\">ETT DR\u00d6MSPEL<\/a><br><a href=\"https:\/\/litteraturbanken.se\/diktensmuseum\/selma-lagerlof-herr-arnes-penningar\/\">HERR ARNES PENGAR<\/a><br><a href=\"https:\/\/litteraturbanken.se\/diktensmuseum\/selma-lagerlof-kejsarn-av-portugallien-1958\/\">KEJSARN AV PORTUGALLIEN<\/a><br><a href=\"https:\/\/litteraturbanken.se\/diktensmuseum\/hjalmar-bergman-farmor-och-var-herre-1956\/\">FARMOR OCH V\u00c5R HERRE<\/a><br><a href=\"https:\/\/litteraturbanken.se\/diktensmuseum\/karin-boye-kallocain-1959\/\">KALLOCAIN<\/a><br><a href=\"https:\/\/litteraturbanken.se\/diktensmuseum\/stig-dagermans-dramatik\/\" data-type=\"page\" data-id=\"15665\">DAGERMANS DRAMATIK<\/a><\/p>\n\n\n\n<div style=\"height:20px\" aria-hidden=\"true\" class=\"wp-block-spacer\"><\/div>\n\n\n\n<div style=\"height:20px\" aria-hidden=\"true\" class=\"wp-block-spacer\"><\/div>\n\n\n\n<div style=\"height:20px\" aria-hidden=\"true\" class=\"wp-block-spacer\"><\/div>\n\n\n\n<h5 class=\"wp-block-heading\">OM UTST\u00c4LLNINGEN<\/h5>\n\n\n\n<p style=\"font-size:11px\"><em>Utst\u00e4llningen \u201dDramaklassiker fr\u00e5n Sveriges Radio Drama\u201d producerades f\u00f6r Litteraturbanken, i samarbete med Sveriges Radio Drama, under h\u00f6sten 2022 av Dick Cla\u00e9sson &amp; Martin Joviken.<\/em> <em>Radioprogrammen \u00e5terges med tillst\u00e5nd (i f\u00f6rekommande fall) fr\u00e5n r\u00e4ttighetshavaren och Sveriges Radio. <\/em><\/p>\n\n\n\n<p style=\"font-size:11px\"><em>Utst\u00e4llningens texter har, s\u00e5vitt inte annat anges, skrivits av<\/em><br><em>Dick Cla\u00e9sson (LB)<\/em><br><em>Martin Joviken (LB)<\/em><br><em>Marie Jansson (SR)<\/em><\/p>\n\n\n\n<p style=\"font-size:11px\"><em>Fotografiet som anv\u00e4nds i utst\u00e4llningens affisch, och som f\u00f6rest\u00e4ller sk\u00e5despelaren Eva Dahlbeck (1920\u20132008), \u00e4r taget av<\/em><strong> <\/strong><em>Bertil S-son \u00c5berg, SVT Bild (1954).<\/em><\/p>\n\n\n\n<p style=\"font-size:11px\"><em>Ett stort tack till B\u00f6rje Sj\u00f6man och Tobias Myrbakk p\u00e5\u00a0Dokumentarkivet, Sveriges Radio F\u00f6rvaltnings AB.<\/em><\/p>\n\n\n\n<div style=\"height:20px\" aria-hidden=\"true\" class=\"wp-block-spacer\"><\/div>\n\n\n\n<hr>\n\n\n\n<div style=\"height:10px\" aria-hidden=\"true\" class=\"wp-block-spacer\"><\/div>\n\n\n\n<h5 class=\"wp-block-heading\">\u201dDramat sl\u00e4ppte! Gick sin v\u00e4g! Tomt! Men m\u00e5ste ta n\u00e5got annat. Roman lockar mig mest. Teatern afskyr jag. Pose! Ytlighet, ber\u00e4kning.\u201d<\/h5>\n\n\n\n<p style=\"font-size:11px\">August Strindberg, fr\u00e5n <a href=\"https:\/\/litteraturbanken.se\/f%C3%B6rfattare\/StrindbergA\/titlar\/StrindbergsBrev15\/sida\/248\/faksimil\" target=\"_blank\" rel=\"noreferrer noopener\">ett brev till Harriet Bosse<\/a> den 14 april 1906. <\/p>\n\n\n\n<div style=\"height:20px\" aria-hidden=\"true\" class=\"wp-block-spacer\"><\/div>\n\n\n\n<h5 class=\"wp-block-heading\">\u201dNumera \u00e4r jag mest b\u00f6jd s\u00e4tta det talade ordet f\u00f6rst och h\u00f6gst. Man kan ge en scen i m\u00f6rkret och njuta av den, bara den talas v\u00e4l.\u201d<\/h5>\n\n\n\n<p style=\"font-size:11px\">August Strindberg, ur <a rel=\"noreferrer noopener\" href=\"https:\/\/litteraturbanken.se\/f%C3%B6rfattare\/StrindbergA\/titlar\/Teater\/sida\/17\/etext\" target=\"_blank\">\u201dMemorandum till Medlemmarne av Intima Teatern fr\u00e5n Regiss\u00f6ren\u201d<\/a> (1908).<\/p>\n\n\n\n<div style=\"height:20px\" aria-hidden=\"true\" class=\"wp-block-spacer\"><\/div>\n\n\n\n<figure class=\"wp-block-image size-large\"><img decoding=\"async\" width=\"683\" height=\"1024\" src=\"https:\/\/litteraturbanken.se\/diktensmuseum\/wp-content\/uploads\/2022\/10\/strindberg_kb-683x1024.jpg\" alt=\"\" class=\"wp-image-9204\" loading=\"lazy\" srcset=\"https:\/\/litteraturbanken.se\/diktensmuseum\/wp-content\/uploads\/2022\/10\/strindberg_kb-683x1024.jpg 683w, https:\/\/litteraturbanken.se\/diktensmuseum\/wp-content\/uploads\/2022\/10\/strindberg_kb-200x300.jpg 200w, https:\/\/litteraturbanken.se\/diktensmuseum\/wp-content\/uploads\/2022\/10\/strindberg_kb-768x1151.jpg 768w, https:\/\/litteraturbanken.se\/diktensmuseum\/wp-content\/uploads\/2022\/10\/strindberg_kb-1025x1536.jpg 1025w, https:\/\/litteraturbanken.se\/diktensmuseum\/wp-content\/uploads\/2022\/10\/strindberg_kb-480x720.jpg 480w, https:\/\/litteraturbanken.se\/diktensmuseum\/wp-content\/uploads\/2022\/10\/strindberg_kb.jpg 1200w\" sizes=\"auto, (max-width: 683px) 100vw, 683px\" \/><figcaption class=\"wp-element-caption\"><em>August Strindberg (1912). Fotografiet har vi l\u00e5nat fr\u00e5n <a href=\"https:\/\/www.flickr.com\/photos\/25300312@N08\/6769994415\/in\/album-72157629052931333\/\" target=\"_blank\" rel=\"noreferrer noopener\">Kungliga biblioteket<\/a>.<\/em><\/figcaption><\/figure>\n\n\n\n<div style=\"height:20px\" aria-hidden=\"true\" class=\"wp-block-spacer\"><\/div>\n\n\n\n<figure class=\"wp-block-image size-large\"><img decoding=\"async\" width=\"669\" height=\"1024\" src=\"https:\/\/litteraturbanken.se\/diktensmuseum\/wp-content\/uploads\/2022\/10\/blanche_andreemuseet-669x1024.jpg\" alt=\"\" class=\"wp-image-9206\" loading=\"lazy\" srcset=\"https:\/\/litteraturbanken.se\/diktensmuseum\/wp-content\/uploads\/2022\/10\/blanche_andreemuseet-669x1024.jpg 669w, https:\/\/litteraturbanken.se\/diktensmuseum\/wp-content\/uploads\/2022\/10\/blanche_andreemuseet-196x300.jpg 196w, https:\/\/litteraturbanken.se\/diktensmuseum\/wp-content\/uploads\/2022\/10\/blanche_andreemuseet-768x1175.jpg 768w, https:\/\/litteraturbanken.se\/diktensmuseum\/wp-content\/uploads\/2022\/10\/blanche_andreemuseet-1004x1536.jpg 1004w, https:\/\/litteraturbanken.se\/diktensmuseum\/wp-content\/uploads\/2022\/10\/blanche_andreemuseet-480x734.jpg 480w, https:\/\/litteraturbanken.se\/diktensmuseum\/wp-content\/uploads\/2022\/10\/blanche_andreemuseet.jpg 1200w\" sizes=\"auto, (max-width: 669px) 100vw, 669px\" \/><figcaption class=\"wp-element-caption\"><em>August Blanche (1862). Fotografiet har vi l\u00e5nat fr\u00e5n <a href=\"https:\/\/digitaltmuseum.se\/021017430234\/kabinettsfotografi-august-blanche\" target=\"_blank\" rel=\"noreferrer noopener\">Grenna museum<\/a>.<\/em><\/figcaption><\/figure>\n\n\n\n<div style=\"height:20px\" aria-hidden=\"true\" class=\"wp-block-spacer\"><\/div>\n\n\n\n<figure class=\"wp-block-image size-large\"><img decoding=\"async\" width=\"634\" height=\"1024\" src=\"https:\/\/litteraturbanken.se\/diktensmuseum\/wp-content\/uploads\/2022\/10\/hjalmarbergman_portratt-480x775-1-634x1024.jpg\" alt=\"\" class=\"wp-image-9210\" loading=\"lazy\" srcset=\"https:\/\/litteraturbanken.se\/diktensmuseum\/wp-content\/uploads\/2022\/10\/hjalmarbergman_portratt-480x775-1-634x1024.jpg 634w, https:\/\/litteraturbanken.se\/diktensmuseum\/wp-content\/uploads\/2022\/10\/hjalmarbergman_portratt-480x775-1-186x300.jpg 186w, https:\/\/litteraturbanken.se\/diktensmuseum\/wp-content\/uploads\/2022\/10\/hjalmarbergman_portratt-480x775-1-768x1240.jpg 768w, https:\/\/litteraturbanken.se\/diktensmuseum\/wp-content\/uploads\/2022\/10\/hjalmarbergman_portratt-480x775-1-951x1536.jpg 951w, https:\/\/litteraturbanken.se\/diktensmuseum\/wp-content\/uploads\/2022\/10\/hjalmarbergman_portratt-480x775-1-480x775.jpg 480w, https:\/\/litteraturbanken.se\/diktensmuseum\/wp-content\/uploads\/2022\/10\/hjalmarbergman_portratt-480x775-1.jpg 1200w\" sizes=\"auto, (max-width: 634px) 100vw, 634px\" \/><figcaption class=\"wp-element-caption\"><em>Hjalmar Bergman. Fotografiet har vi l\u00e5nat fr\u00e5n <em><a rel=\"noreferrer noopener\" href=\"http:\/\/hjalmarbergmansamfundet.se\/\" target=\"_blank\">Hjalmar Bergman Samfundet<\/a><\/em><\/em><\/figcaption><\/figure>\n\n\n\n<div style=\"height:20px\" aria-hidden=\"true\" class=\"wp-block-spacer\"><\/div>\n\n\n\n<figure class=\"wp-block-image size-large\"><img decoding=\"async\" width=\"962\" height=\"1024\" src=\"https:\/\/litteraturbanken.se\/diktensmuseum\/wp-content\/uploads\/2022\/10\/boye2_lundh-768x806-1-962x1024.jpg\" alt=\"\" class=\"wp-image-9216\" loading=\"lazy\" srcset=\"https:\/\/litteraturbanken.se\/diktensmuseum\/wp-content\/uploads\/2022\/10\/boye2_lundh-768x806-1-962x1024.jpg 962w, https:\/\/litteraturbanken.se\/diktensmuseum\/wp-content\/uploads\/2022\/10\/boye2_lundh-768x806-1-282x300.jpg 282w, https:\/\/litteraturbanken.se\/diktensmuseum\/wp-content\/uploads\/2022\/10\/boye2_lundh-768x806-1-768x817.jpg 768w, https:\/\/litteraturbanken.se\/diktensmuseum\/wp-content\/uploads\/2022\/10\/boye2_lundh-768x806-1-480x511.jpg 480w, https:\/\/litteraturbanken.se\/diktensmuseum\/wp-content\/uploads\/2022\/10\/boye2_lundh-768x806-1.jpg 1200w\" sizes=\"auto, (max-width: 962px) 100vw, 962px\" \/><figcaption class=\"wp-element-caption\"><em><em>Karin Boye (1939). Fotografi:\u00a0<a rel=\"noreferrer noopener\" href=\"https:\/\/digitaltmuseum.se\/021017238395\/motiv-tva-man-i-kostym-sitter-bredvid-varandra-den-ene-skriver-i-ett-block\" target=\"_blank\">Gunnar Lundh<\/a><\/em>, Nordiska museet.<\/em><\/figcaption><\/figure>\n\n\n\n<div style=\"height:30px\" aria-hidden=\"true\" class=\"wp-block-spacer\"><\/div>\n<\/div>\n<\/div>\n\n\n\n<div style=\"height:20px\" aria-hidden=\"true\" class=\"wp-block-spacer\"><\/div>\n\n\n\n<div style=\"height:20px\" aria-hidden=\"true\" class=\"wp-block-spacer\"><\/div>\n<\/body>","protected":false},"excerpt":{"rendered":"<p>Dramaklassiker fr\u00e5n Sveriges Radio Drama En utst\u00e4llningom &amp; med svensk radioteater 1925\u20131970 Du st\u00e5r nu i foaj\u00e9n till en teatersalong. Det \u00e4r en r\u00f6stens och \u00f6rats teater du bes\u00f6ker \u2013 och en utst\u00e4llning. I snart etthundra \u00e5r har Sveriges Radio [&hellip;]<\/p>\n","protected":false},"author":1,"featured_media":9123,"parent":0,"menu_order":1,"comment_status":"closed","ping_status":"closed","template":"","meta":{"footnotes":""},"class_list":["post-8845","page","type-page","status-publish","has-post-thumbnail","hentry"],"_links":{"self":[{"href":"https:\/\/litteraturbanken.se\/diktensmuseum\/wp-json\/wp\/v2\/pages\/8845","targetHints":{"allow":["GET"]}}],"collection":[{"href":"https:\/\/litteraturbanken.se\/diktensmuseum\/wp-json\/wp\/v2\/pages"}],"about":[{"href":"https:\/\/litteraturbanken.se\/diktensmuseum\/wp-json\/wp\/v2\/types\/page"}],"author":[{"embeddable":true,"href":"https:\/\/litteraturbanken.se\/diktensmuseum\/wp-json\/wp\/v2\/users\/1"}],"replies":[{"embeddable":true,"href":"https:\/\/litteraturbanken.se\/diktensmuseum\/wp-json\/wp\/v2\/comments?post=8845"}],"version-history":[{"count":5,"href":"https:\/\/litteraturbanken.se\/diktensmuseum\/wp-json\/wp\/v2\/pages\/8845\/revisions"}],"predecessor-version":[{"id":16102,"href":"https:\/\/litteraturbanken.se\/diktensmuseum\/wp-json\/wp\/v2\/pages\/8845\/revisions\/16102"}],"wp:featuredmedia":[{"embeddable":true,"href":"https:\/\/litteraturbanken.se\/diktensmuseum\/wp-json\/wp\/v2\/media\/9123"}],"wp:attachment":[{"href":"https:\/\/litteraturbanken.se\/diktensmuseum\/wp-json\/wp\/v2\/media?parent=8845"}],"curies":[{"name":"wp","href":"https:\/\/api.w.org\/{rel}","templated":true}]}}