{"id":10370,"date":"2023-12-14T09:05:21","date_gmt":"2023-12-14T08:05:21","guid":{"rendered":"https:\/\/litteraturbanken.se\/ljudochbild\/?page_id=10370"},"modified":"2024-09-17T15:15:36","modified_gmt":"2024-09-17T13:15:36","slug":"sjostrando","status":"publish","type":"page","link":"https:\/\/litteraturbanken.se\/ljudochbild\/forfattare\/sjostrando\/","title":{"rendered":"\u00d6sten Sj\u00f6strand (1925\u20132006)"},"content":{"rendered":"<div class=\"wp-block-image is-resized\">\n<figure class=\"alignright size-full\"><img loading=\"lazy\" decoding=\"async\" width=\"403\" height=\"550\" src=\"https:\/\/litteraturbanken.se\/ljudochbild\/wp-content\/uploads\/2023\/12\/SjostrandO_large.jpg\" alt=\"\u00d6sten Sj\u00f6strand\" class=\"wp-image-10371\" style=\"width:179px;height:auto\" srcset=\"https:\/\/litteraturbanken.se\/ljudochbild\/wp-content\/uploads\/2023\/12\/SjostrandO_large.jpg 403w, https:\/\/litteraturbanken.se\/ljudochbild\/wp-content\/uploads\/2023\/12\/SjostrandO_large-220x300.jpg 220w\" sizes=\"auto, (max-width: 403px) 100vw, 403px\" \/><\/figure>\n<\/div>\n\n\n<p>\u201dStilm\u00e4ssigt ansl\u00f6t \u00d6STEN SJ\u00d6STRAND (1925\u20132006) med sina tv\u00e5 f\u00f6rsta diktsamlingar\u00a0<a href=\"https:\/\/litteraturbanken.se\/forfattare\/SjostrandO\/titlar\/Unio\/sida\/3\/etext\" target=\"_blank\" rel=\"noreferrer noopener\"><em>unio<\/em><\/a>\u00a0(1949) och\u00a0<a href=\"https:\/\/litteraturbanken.se\/forfattare\/SjostrandO\/titlar\/Invigelse\/sida\/5\/etext\" target=\"_blank\" rel=\"noreferrer noopener\"><em>Invigelse<\/em><\/a>\u00a0(1950) till den bildt\u00e4ta, vision\u00e4ra svenska fyrtiotalismen. Men Sj\u00f6strand inf\u00f6rde en tidigare osedd religi\u00f6s dimension, tydligt angiven i b\u00f6ckernas titlar och genom motton fr\u00e5n Thomas av Aquino och M\u00e4ster Eckhart. Hans poesi, tillkommen i en efterkrigssituation, var ocks\u00e5 individualistisk p\u00e5 ett s\u00e4tt som skiljer den fr\u00e5n exempelvis\u00a0<a href=\"https:\/\/litteraturbanken.se\/forfattare\/LindegrenE\" target=\"_blank\" rel=\"noreferrer noopener\">Erik Lindegrens<\/a>\u00a0och Karl Vennbergs kollektiva tilltal.\u201d<\/p>\n\n\n\n<p>Stycket ovanf\u00f6r \u00e4r saxat ur Jonas Ellerstr\u00f6ms introduktion av \u00d6sten Sj\u00f6strand hos Litteraturbanken.<\/p>\n\n\n\n<div class=\"wp-block-buttons is-layout-flex wp-block-buttons-is-layout-flex\">\n<div class=\"wp-block-button has-custom-font-size read-more-button\" style=\"font-size:14px\"><a class=\"wp-block-button__link has-white-color has-text-color has-background wp-element-button\" href=\"https:\/\/litteraturbanken.se\/f%C3%B6rfattare\/Sj%C3%B6strand%C3%96\" style=\"border-radius:0px;background-color:#cd2400\" target=\"_blank\" rel=\"noopener\"><strong>L\u00c4S MER OM <strong>\u00d6STEN SJ\u00d6STRAND<\/strong><\/strong><\/a><\/div>\n\n\n\n<div class=\"wp-block-button has-custom-font-size read-more-button\" style=\"font-size:14px\"><a class=\"wp-block-button__link has-white-color has-text-color has-background wp-element-button\" href=\"https:\/\/litteraturbanken.se\/f\u00f6rfattare\/Sj\u00f6strand\u00d6\/titlar\" style=\"border-radius:0px;background-color:#cd2400\" target=\"_blank\" rel=\"noopener\"><strong>L\u00c4S \u00d6STEN SJ\u00d6STRANDS VERK HOS LB.SE<\/strong><\/a><\/div>\n<\/div>\n\n\n\n<div style=\"height:20px\" aria-hidden=\"true\" class=\"wp-block-spacer\"><\/div>\n\n\n\n<div class=\"wp-playlist wp-audio-playlist wp-playlist-light\">\n\t\t\t<div class=\"wp-playlist-current-item\"><\/div>\n\t\t<audio controls=\"controls\" preload=\"none\" width=\"618\"\n\t\t\t><\/audio>\n\t<div class=\"wp-playlist-next\"><\/div>\n\t<div class=\"wp-playlist-prev\"><\/div>\n\t<noscript>\n\t<ol>\n\t\t<li><a href='https:\/\/litteraturbanken.se\/ljudochbild\/wp-content\/uploads\/2023\/09\/sjostrandkanalentorget_kjelldelersjo.mp3'>Kanalen, torget<\/a><\/li>\t<\/ol>\n\t<\/noscript>\n\t<script type=\"application\/json\" class=\"wp-playlist-script\">{\"type\":\"audio\",\"tracklist\":true,\"tracknumbers\":true,\"images\":true,\"artists\":true,\"tracks\":[{\"src\":\"https:\/\/litteraturbanken.se\/ljudochbild\/wp-content\/uploads\/2023\/09\/sjostrandkanalentorget_kjelldelersjo.mp3\",\"type\":\"audio\/mpeg\",\"title\":\"Kanalen, torget\",\"caption\":\"\",\"description\":\"\\u201dKanalen, torget\\u201d fr\\u00e5n \\u00d6sten Sj\\u00f6strand av Kjell Delersj\\u00f6 l\\u00e4ser \\u00d6sten Sj\\u00f6strand. Sl\\u00e4ppt: 2023.\",\"meta\":{\"artist\":\"Kjell Delersj\\u00f6 l\\u00e4ser \\u00d6sten Sj\\u00f6strand\",\"album\":\"\\u00d6sten Sj\\u00f6strand\",\"year\":\"2023\",\"length_formatted\":\"1:57\"},\"image\":{\"src\":\"https:\/\/litteraturbanken.se\/ljudochbild\/wp-content\/uploads\/2023\/09\/boye_irorelse_dantemunneojediran-mp3-image.png\",\"width\":580,\"height\":612},\"thumb\":{\"src\":\"https:\/\/litteraturbanken.se\/ljudochbild\/wp-content\/uploads\/2023\/09\/boye_irorelse_dantemunneojediran-mp3-image-150x150.png\",\"width\":150,\"height\":150}}]}<\/script>\n<\/div>\n\t\n\n\n<h3 class=\"wp-block-heading author-related-title\">L\u00e4s mer<\/h3>\r\n<div class=\"display-posts-listing grid\"><div class=\"listing-item\"><a class=\"image\" href=\"https:\/\/litteraturbanken.se\/ljudochbild\/2026\/02\/05\/vinterns-litteratur\/\"><img loading=\"lazy\" decoding=\"async\" width=\"640\" height=\"823\" src=\"https:\/\/litteraturbanken.se\/ljudochbild\/wp-content\/uploads\/2026\/02\/norrsken.jpg\" class=\"attachment-large size-large wp-post-image\" alt=\"\" srcset=\"https:\/\/litteraturbanken.se\/ljudochbild\/wp-content\/uploads\/2026\/02\/norrsken.jpg 778w, https:\/\/litteraturbanken.se\/ljudochbild\/wp-content\/uploads\/2026\/02\/norrsken-233x300.jpg 233w, https:\/\/litteraturbanken.se\/ljudochbild\/wp-content\/uploads\/2026\/02\/norrsken-768x987.jpg 768w, https:\/\/litteraturbanken.se\/ljudochbild\/wp-content\/uploads\/2026\/02\/norrsken-480x617.jpg 480w\" sizes=\"auto, (max-width: 640px) 100vw, 640px\" \/><\/a> <a class=\"title\" href=\"https:\/\/litteraturbanken.se\/ljudochbild\/2026\/02\/05\/vinterns-litteratur\/\">Vinterns litteratur<\/a><\/div><div class=\"listing-item\"><a class=\"image\" href=\"https:\/\/litteraturbanken.se\/ljudochbild\/2023\/09\/25\/goteborgspoesi-en-ljudantologi\/\"><img loading=\"lazy\" decoding=\"async\" width=\"640\" height=\"525\" src=\"https:\/\/litteraturbanken.se\/ljudochbild\/wp-content\/uploads\/2023\/09\/goteborgspoesi_ljudantologi-1024x840.jpg\" class=\"attachment-large size-large wp-post-image\" alt=\"G\u00f6teborgspoesi, en ljudantologi\" srcset=\"https:\/\/litteraturbanken.se\/ljudochbild\/wp-content\/uploads\/2023\/09\/goteborgspoesi_ljudantologi-1024x840.jpg 1024w, https:\/\/litteraturbanken.se\/ljudochbild\/wp-content\/uploads\/2023\/09\/goteborgspoesi_ljudantologi-300x246.jpg 300w, https:\/\/litteraturbanken.se\/ljudochbild\/wp-content\/uploads\/2023\/09\/goteborgspoesi_ljudantologi-768x630.jpg 768w, https:\/\/litteraturbanken.se\/ljudochbild\/wp-content\/uploads\/2023\/09\/goteborgspoesi_ljudantologi-480x394.jpg 480w, https:\/\/litteraturbanken.se\/ljudochbild\/wp-content\/uploads\/2023\/09\/goteborgspoesi_ljudantologi.jpg 1200w\" sizes=\"auto, (max-width: 640px) 100vw, 640px\" \/><\/a> <a class=\"title\" href=\"https:\/\/litteraturbanken.se\/ljudochbild\/2023\/09\/25\/goteborgspoesi-en-ljudantologi\/\">G\u00f6teborgspoesi: en\u00a0ljudantologi<\/a><\/div><div class=\"listing-item\"><a class=\"image\" href=\"https:\/\/litteraturbanken.se\/ljudochbild\/2021\/12\/13\/vi-ser-tillbaka-2021\/\"><img loading=\"lazy\" decoding=\"async\" width=\"600\" height=\"985\" src=\"https:\/\/litteraturbanken.se\/ljudochbild\/wp-content\/uploads\/2021\/12\/UMFA54672_1324.jpg\" class=\"attachment-large size-large wp-post-image\" alt=\"\" srcset=\"https:\/\/litteraturbanken.se\/ljudochbild\/wp-content\/uploads\/2021\/12\/UMFA54672_1324.jpg 600w, https:\/\/litteraturbanken.se\/ljudochbild\/wp-content\/uploads\/2021\/12\/UMFA54672_1324-183x300.jpg 183w, https:\/\/litteraturbanken.se\/ljudochbild\/wp-content\/uploads\/2021\/12\/UMFA54672_1324-480x788.jpg 480w\" sizes=\"auto, (max-width: 600px) 100vw, 600px\" \/><\/a> <a class=\"title\" href=\"https:\/\/litteraturbanken.se\/ljudochbild\/2021\/12\/13\/vi-ser-tillbaka-2021\/\">Vi ser tillbaka: 2021<\/a><\/div><\/div>\r\n\r\n\n","protected":false},"excerpt":{"rendered":"<p>\u201dStilm\u00e4ssigt ansl\u00f6t \u00d6STEN SJ\u00d6STRAND (1925\u20132006) med sina tv\u00e5 f\u00f6rsta diktsamlingar\u00a0unio\u00a0(1949) och\u00a0Invigelse\u00a0(1950) till den bildt\u00e4ta, vision\u00e4ra svenska fyrtiotalismen. Men Sj\u00f6strand inf\u00f6rde en tidigare osedd religi\u00f6s dimension, tydligt angiven i b\u00f6ckernas titlar och genom motton fr\u00e5n Thomas av Aquino och [&hellip;]<\/p>\n","protected":false},"author":5,"featured_media":10371,"parent":7,"menu_order":0,"comment_status":"closed","ping_status":"closed","template":"","meta":{"footnotes":""},"class_list":["post-10370","page","type-page","status-publish","has-post-thumbnail","hentry"],"yoast_head":"<!-- This site is optimized with the Yoast SEO plugin v27.1.1 - https:\/\/yoast.com\/product\/yoast-seo-wordpress\/ -->\n<title>\u00d6sten Sj\u00f6strand (1925\u20132006) - Ljud &amp; Bild<\/title>\n<meta name=\"description\" content=\"Stilm\u00e4ssigt ansl\u00f6t \u00d6sten Sj\u00f6strand (1925\u20132006) med sina tv\u00e5 f\u00f6rsta diktsamlingar\u00a0\u201dunio\u201d\u00a0(1949) och\u00a0\u201dInvigelse\u201d\u00a0(1950) till den bildt\u00e4ta ...\" \/>\n<meta name=\"robots\" content=\"index, follow, max-snippet:-1, max-image-preview:large, max-video-preview:-1\" \/>\n<link rel=\"canonical\" href=\"https:\/\/litteraturbanken.se\/ljudochbild\/forfattare\/sjostrando\/\" \/>\n<meta property=\"og:locale\" content=\"sv_SE\" \/>\n<meta property=\"og:type\" content=\"article\" \/>\n<meta property=\"og:title\" content=\"\u00d6sten Sj\u00f6strand (1925\u20132006) - Ljud &amp; Bild\" \/>\n<meta property=\"og:description\" content=\"Stilm\u00e4ssigt ansl\u00f6t \u00d6sten Sj\u00f6strand (1925\u20132006) med sina tv\u00e5 f\u00f6rsta diktsamlingar\u00a0\u201dunio\u201d\u00a0(1949) och\u00a0\u201dInvigelse\u201d\u00a0(1950) till den bildt\u00e4ta ...\" \/>\n<meta property=\"og:url\" content=\"https:\/\/litteraturbanken.se\/ljudochbild\/forfattare\/sjostrando\/\" \/>\n<meta property=\"og:site_name\" content=\"Ljud &amp; Bild\" \/>\n<meta property=\"article:publisher\" content=\"https:\/\/www.facebook.com\/Litteraturbanken.se\" \/>\n<meta property=\"article:modified_time\" content=\"2024-09-17T13:15:36+00:00\" \/>\n<meta property=\"og:image\" content=\"https:\/\/litteraturbanken.se\/ljudochbild\/wp-content\/uploads\/2023\/12\/SjostrandO_large.jpg\" \/>\n\t<meta property=\"og:image:width\" content=\"403\" \/>\n\t<meta property=\"og:image:height\" content=\"550\" \/>\n\t<meta property=\"og:image:type\" content=\"image\/jpeg\" \/>\n<meta name=\"twitter:card\" content=\"summary_large_image\" \/>\n<meta name=\"twitter:site\" content=\"@litteraturbank\" \/>\n<meta name=\"twitter:label1\" content=\"Ber\u00e4knad l\u00e4stid\" \/>\n\t<meta name=\"twitter:data1\" content=\"1 minut\" \/>\n<script type=\"application\/ld+json\" class=\"yoast-schema-graph\">{\"@context\":\"https:\/\/schema.org\",\"@graph\":[{\"@type\":\"WebPage\",\"@id\":\"https:\/\/litteraturbanken.se\/ljudochbild\/forfattare\/sjostrando\/\",\"url\":\"https:\/\/litteraturbanken.se\/ljudochbild\/forfattare\/sjostrando\/\",\"name\":\"\u00d6sten Sj\u00f6strand (1925\u20132006) - Ljud &amp; Bild\",\"isPartOf\":{\"@id\":\"https:\/\/litteraturbanken.se\/ljudochbild\/#website\"},\"primaryImageOfPage\":{\"@id\":\"https:\/\/litteraturbanken.se\/ljudochbild\/forfattare\/sjostrando\/#primaryimage\"},\"image\":{\"@id\":\"https:\/\/litteraturbanken.se\/ljudochbild\/forfattare\/sjostrando\/#primaryimage\"},\"thumbnailUrl\":\"https:\/\/litteraturbanken.se\/ljudochbild\/wp-content\/uploads\/2023\/12\/SjostrandO_large.jpg\",\"datePublished\":\"2023-12-14T08:05:21+00:00\",\"dateModified\":\"2024-09-17T13:15:36+00:00\",\"description\":\"Stilm\u00e4ssigt ansl\u00f6t \u00d6sten Sj\u00f6strand (1925\u20132006) med sina tv\u00e5 f\u00f6rsta diktsamlingar\u00a0\u201dunio\u201d\u00a0(1949) och\u00a0\u201dInvigelse\u201d\u00a0(1950) till den bildt\u00e4ta ...\",\"breadcrumb\":{\"@id\":\"https:\/\/litteraturbanken.se\/ljudochbild\/forfattare\/sjostrando\/#breadcrumb\"},\"inLanguage\":\"sv-SE\",\"potentialAction\":[{\"@type\":\"ReadAction\",\"target\":[\"https:\/\/litteraturbanken.se\/ljudochbild\/forfattare\/sjostrando\/\"]}]},{\"@type\":\"ImageObject\",\"inLanguage\":\"sv-SE\",\"@id\":\"https:\/\/litteraturbanken.se\/ljudochbild\/forfattare\/sjostrando\/#primaryimage\",\"url\":\"https:\/\/litteraturbanken.se\/ljudochbild\/wp-content\/uploads\/2023\/12\/SjostrandO_large.jpg\",\"contentUrl\":\"https:\/\/litteraturbanken.se\/ljudochbild\/wp-content\/uploads\/2023\/12\/SjostrandO_large.jpg\",\"width\":403,\"height\":550,\"caption\":\"\u00d6sten Sj\u00f6strand\"},{\"@type\":\"BreadcrumbList\",\"@id\":\"https:\/\/litteraturbanken.se\/ljudochbild\/forfattare\/sjostrando\/#breadcrumb\",\"itemListElement\":[{\"@type\":\"ListItem\",\"position\":1,\"name\":\"Hem\",\"item\":\"https:\/\/litteraturbanken.se\/ljudochbild\/\"},{\"@type\":\"ListItem\",\"position\":2,\"name\":\"F\u00f6rfattare\",\"item\":\"https:\/\/litteraturbanken.se\/ljudochbild\/forfattare\/\"},{\"@type\":\"ListItem\",\"position\":3,\"name\":\"\u00d6sten Sj\u00f6strand (1925\u20132006)\"}]},{\"@type\":\"WebSite\",\"@id\":\"https:\/\/litteraturbanken.se\/ljudochbild\/#website\",\"url\":\"https:\/\/litteraturbanken.se\/ljudochbild\/\",\"name\":\"Ljud & Bild\",\"description\":\"Ur Litteraturbankens samlingar\",\"potentialAction\":[{\"@type\":\"SearchAction\",\"target\":{\"@type\":\"EntryPoint\",\"urlTemplate\":\"https:\/\/litteraturbanken.se\/ljudochbild\/?s={search_term_string}\"},\"query-input\":{\"@type\":\"PropertyValueSpecification\",\"valueRequired\":true,\"valueName\":\"search_term_string\"}}],\"inLanguage\":\"sv-SE\"}]}<\/script>\n<!-- \/ Yoast SEO plugin. -->","yoast_head_json":{"title":"\u00d6sten Sj\u00f6strand (1925\u20132006) - Ljud &amp; Bild","description":"Stilm\u00e4ssigt ansl\u00f6t \u00d6sten Sj\u00f6strand (1925\u20132006) med sina tv\u00e5 f\u00f6rsta diktsamlingar\u00a0\u201dunio\u201d\u00a0(1949) och\u00a0\u201dInvigelse\u201d\u00a0(1950) till den bildt\u00e4ta ...","robots":{"index":"index","follow":"follow","max-snippet":"max-snippet:-1","max-image-preview":"max-image-preview:large","max-video-preview":"max-video-preview:-1"},"canonical":"https:\/\/litteraturbanken.se\/ljudochbild\/forfattare\/sjostrando\/","og_locale":"sv_SE","og_type":"article","og_title":"\u00d6sten Sj\u00f6strand (1925\u20132006) - Ljud &amp; Bild","og_description":"Stilm\u00e4ssigt ansl\u00f6t \u00d6sten Sj\u00f6strand (1925\u20132006) med sina tv\u00e5 f\u00f6rsta diktsamlingar\u00a0\u201dunio\u201d\u00a0(1949) och\u00a0\u201dInvigelse\u201d\u00a0(1950) till den bildt\u00e4ta ...","og_url":"https:\/\/litteraturbanken.se\/ljudochbild\/forfattare\/sjostrando\/","og_site_name":"Ljud &amp; Bild","article_publisher":"https:\/\/www.facebook.com\/Litteraturbanken.se","article_modified_time":"2024-09-17T13:15:36+00:00","og_image":[{"width":403,"height":550,"url":"https:\/\/litteraturbanken.se\/ljudochbild\/wp-content\/uploads\/2023\/12\/SjostrandO_large.jpg","type":"image\/jpeg"}],"twitter_card":"summary_large_image","twitter_site":"@litteraturbank","twitter_misc":{"Ber\u00e4knad l\u00e4stid":"1 minut"},"schema":{"@context":"https:\/\/schema.org","@graph":[{"@type":"WebPage","@id":"https:\/\/litteraturbanken.se\/ljudochbild\/forfattare\/sjostrando\/","url":"https:\/\/litteraturbanken.se\/ljudochbild\/forfattare\/sjostrando\/","name":"\u00d6sten Sj\u00f6strand (1925\u20132006) - Ljud &amp; Bild","isPartOf":{"@id":"https:\/\/litteraturbanken.se\/ljudochbild\/#website"},"primaryImageOfPage":{"@id":"https:\/\/litteraturbanken.se\/ljudochbild\/forfattare\/sjostrando\/#primaryimage"},"image":{"@id":"https:\/\/litteraturbanken.se\/ljudochbild\/forfattare\/sjostrando\/#primaryimage"},"thumbnailUrl":"https:\/\/litteraturbanken.se\/ljudochbild\/wp-content\/uploads\/2023\/12\/SjostrandO_large.jpg","datePublished":"2023-12-14T08:05:21+00:00","dateModified":"2024-09-17T13:15:36+00:00","description":"Stilm\u00e4ssigt ansl\u00f6t \u00d6sten Sj\u00f6strand (1925\u20132006) med sina tv\u00e5 f\u00f6rsta diktsamlingar\u00a0\u201dunio\u201d\u00a0(1949) och\u00a0\u201dInvigelse\u201d\u00a0(1950) till den bildt\u00e4ta ...","breadcrumb":{"@id":"https:\/\/litteraturbanken.se\/ljudochbild\/forfattare\/sjostrando\/#breadcrumb"},"inLanguage":"sv-SE","potentialAction":[{"@type":"ReadAction","target":["https:\/\/litteraturbanken.se\/ljudochbild\/forfattare\/sjostrando\/"]}]},{"@type":"ImageObject","inLanguage":"sv-SE","@id":"https:\/\/litteraturbanken.se\/ljudochbild\/forfattare\/sjostrando\/#primaryimage","url":"https:\/\/litteraturbanken.se\/ljudochbild\/wp-content\/uploads\/2023\/12\/SjostrandO_large.jpg","contentUrl":"https:\/\/litteraturbanken.se\/ljudochbild\/wp-content\/uploads\/2023\/12\/SjostrandO_large.jpg","width":403,"height":550,"caption":"\u00d6sten Sj\u00f6strand"},{"@type":"BreadcrumbList","@id":"https:\/\/litteraturbanken.se\/ljudochbild\/forfattare\/sjostrando\/#breadcrumb","itemListElement":[{"@type":"ListItem","position":1,"name":"Hem","item":"https:\/\/litteraturbanken.se\/ljudochbild\/"},{"@type":"ListItem","position":2,"name":"F\u00f6rfattare","item":"https:\/\/litteraturbanken.se\/ljudochbild\/forfattare\/"},{"@type":"ListItem","position":3,"name":"\u00d6sten Sj\u00f6strand (1925\u20132006)"}]},{"@type":"WebSite","@id":"https:\/\/litteraturbanken.se\/ljudochbild\/#website","url":"https:\/\/litteraturbanken.se\/ljudochbild\/","name":"Ljud & Bild","description":"Ur Litteraturbankens samlingar","potentialAction":[{"@type":"SearchAction","target":{"@type":"EntryPoint","urlTemplate":"https:\/\/litteraturbanken.se\/ljudochbild\/?s={search_term_string}"},"query-input":{"@type":"PropertyValueSpecification","valueRequired":true,"valueName":"search_term_string"}}],"inLanguage":"sv-SE"}]}},"_links":{"self":[{"href":"https:\/\/litteraturbanken.se\/ljudochbild\/wp-json\/wp\/v2\/pages\/10370","targetHints":{"allow":["GET"]}}],"collection":[{"href":"https:\/\/litteraturbanken.se\/ljudochbild\/wp-json\/wp\/v2\/pages"}],"about":[{"href":"https:\/\/litteraturbanken.se\/ljudochbild\/wp-json\/wp\/v2\/types\/page"}],"author":[{"embeddable":true,"href":"https:\/\/litteraturbanken.se\/ljudochbild\/wp-json\/wp\/v2\/users\/5"}],"replies":[{"embeddable":true,"href":"https:\/\/litteraturbanken.se\/ljudochbild\/wp-json\/wp\/v2\/comments?post=10370"}],"version-history":[{"count":6,"href":"https:\/\/litteraturbanken.se\/ljudochbild\/wp-json\/wp\/v2\/pages\/10370\/revisions"}],"predecessor-version":[{"id":12253,"href":"https:\/\/litteraturbanken.se\/ljudochbild\/wp-json\/wp\/v2\/pages\/10370\/revisions\/12253"}],"up":[{"embeddable":true,"href":"https:\/\/litteraturbanken.se\/ljudochbild\/wp-json\/wp\/v2\/pages\/7"}],"wp:featuredmedia":[{"embeddable":true,"href":"https:\/\/litteraturbanken.se\/ljudochbild\/wp-json\/wp\/v2\/media\/10371"}],"wp:attachment":[{"href":"https:\/\/litteraturbanken.se\/ljudochbild\/wp-json\/wp\/v2\/media?parent=10370"}],"curies":[{"name":"wp","href":"https:\/\/api.w.org\/{rel}","templated":true}]}}