{"id":10378,"date":"2023-12-14T09:16:48","date_gmt":"2023-12-14T08:16:48","guid":{"rendered":"https:\/\/litteraturbanken.se\/ljudochbild\/?page_id=10378"},"modified":"2024-09-17T15:18:11","modified_gmt":"2024-09-17T13:18:11","slug":"snoilskyc","status":"publish","type":"page","link":"https:\/\/litteraturbanken.se\/ljudochbild\/forfattare\/snoilskyc\/","title":{"rendered":"Carl Snoilsky (1841\u20131903)"},"content":{"rendered":"<div class=\"wp-block-image is-resized\">\n<figure class=\"alignright size-full\"><img loading=\"lazy\" decoding=\"async\" width=\"394\" height=\"550\" src=\"https:\/\/litteraturbanken.se\/ljudochbild\/wp-content\/uploads\/2023\/12\/SnoilskyC_large.jpg\" alt=\"Carl Snoilsky\" class=\"wp-image-10379\" style=\"width:182px;height:auto\" srcset=\"https:\/\/litteraturbanken.se\/ljudochbild\/wp-content\/uploads\/2023\/12\/SnoilskyC_large.jpg 394w, https:\/\/litteraturbanken.se\/ljudochbild\/wp-content\/uploads\/2023\/12\/SnoilskyC_large-215x300.jpg 215w\" sizes=\"auto, (max-width: 394px) 100vw, 394px\" \/><\/figure>\n<\/div>\n\n\n<p>\u201dCARL SNOILSKY (1841\u20131903) tillh\u00f6rde en av Sveriges f\u00f6rn\u00e4msta, grevliga sl\u00e4kter. Ett lejon i bur, skulle han komma att kalla sig sj\u00e4lv; f\u00e5ngad som han k\u00e4nde sig i f\u00f6rv\u00e4ntningar och konventioner. Tv\u00e5ngsl\u00f6shet fann han i Uppsala, i Namnl\u00f6sa S\u00e4llskapet och dess krets av sk\u00f6nhets- och sannings\u00e4lskande poeter, bland vilka han upptogs f\u00f6r sina\u00a0<em>Sm\u00e5dikter<\/em>\u00a0(1861).\u201d<\/p>\n\n\n\n<p>Stycket ovanf\u00f6r kommer ur Lotta Lotass introduktion av Carl Snoilsky hos Litteraturbanken.<\/p>\n\n\n\n<div class=\"wp-block-buttons is-layout-flex wp-block-buttons-is-layout-flex\">\n<div class=\"wp-block-button has-custom-font-size read-more-button\" style=\"font-size:14px\"><a class=\"wp-block-button__link has-white-color has-text-color has-background wp-element-button\" href=\"https:\/\/litteraturbanken.se\/f\u00f6rfattare\/SnoilskyC\" style=\"border-radius:0px;background-color:#cd2400\" target=\"_blank\" rel=\"noopener\"><strong>L\u00c4S MER OM CARL SNOILSKY<\/strong><\/a><\/div>\n\n\n\n<div class=\"wp-block-button has-custom-font-size read-more-button\" style=\"font-size:14px\"><a class=\"wp-block-button__link has-white-color has-text-color has-background wp-element-button\" href=\"https:\/\/litteraturbanken.se\/f\u00f6rfattare\/SnoilskyC\/titlar\" style=\"border-radius:0px;background-color:#cd2400\" target=\"_blank\" rel=\"noopener\"><strong>L\u00c4S CARL SNOILSKYS VERK HOS LB.SE<\/strong><\/a><\/div>\n<\/div>\n\n\n\n<div style=\"height:20px\" aria-hidden=\"true\" class=\"wp-block-spacer\"><\/div>\n\n\n\n<div class=\"wp-playlist wp-audio-playlist wp-playlist-light\">\n\t\t\t<div class=\"wp-playlist-current-item\"><\/div>\n\t\t<audio controls=\"controls\" preload=\"none\" width=\"618\"\n\t\t\t><\/audio>\n\t<div class=\"wp-playlist-next\"><\/div>\n\t<div class=\"wp-playlist-prev\"><\/div>\n\t<noscript>\n\t<ol>\n\t\t<li><a href='https:\/\/litteraturbanken.se\/ljudochbild\/wp-content\/uploads\/2024\/09\/snoilsky_gammaltporslin_malmsjo.mp3'>Gammalt porslin<\/a><\/li><li><a href='https:\/\/litteraturbanken.se\/ljudochbild\/wp-content\/uploads\/2024\/09\/snoilsky_inledningssang_svensson.mp3'>Inledningss\u00e5ng<\/a><\/li><li><a href='https:\/\/litteraturbanken.se\/ljudochbild\/wp-content\/uploads\/2023\/09\/snoilsky_skollovskolonier_malinmullerohrvall.mp3'>Skollovs-kolonier!<\/a><\/li>\t<\/ol>\n\t<\/noscript>\n\t<script type=\"application\/json\" class=\"wp-playlist-script\">{\"type\":\"audio\",\"tracklist\":true,\"tracknumbers\":true,\"images\":true,\"artists\":true,\"tracks\":[{\"src\":\"https:\/\/litteraturbanken.se\/ljudochbild\/wp-content\/uploads\/2024\/09\/snoilsky_gammaltporslin_malmsjo.mp3\",\"type\":\"audio\/mpeg\",\"title\":\"Gammalt porslin\",\"caption\":\"\",\"description\":\"\\u201dGammalt porslin\\u201d fr\\u00e5n Carl Snoilsky l\\u00e4st av Jan Malmsj\\u00f6 av Dikt 1593\\u20131939. Svensk och finlandssvensk lyrik i uppl\\u00e4sning av svenska och finlandssvenska sk\\u00e5despelare.\",\"meta\":{\"artist\":\"Jan Malmsj\\u00f6 l\\u00e4ser Carl Snoilsky. Dikt 1593\\u20131939\",\"album\":\"Carl Snoilsky\",\"length_formatted\":\"1:16\"},\"image\":{\"src\":\"https:\/\/litteraturbanken.se\/ljudochbild\/wp-content\/uploads\/2024\/09\/almqvist_denlyssnandemaria_lindh-mp3-image.jpg\",\"width\":1200,\"height\":1201},\"thumb\":{\"src\":\"https:\/\/litteraturbanken.se\/ljudochbild\/wp-content\/uploads\/2024\/09\/almqvist_denlyssnandemaria_lindh-mp3-image-150x150.jpg\",\"width\":150,\"height\":150}},{\"src\":\"https:\/\/litteraturbanken.se\/ljudochbild\/wp-content\/uploads\/2024\/09\/snoilsky_inledningssang_svensson.mp3\",\"type\":\"audio\/mpeg\",\"title\":\"Inledningss\\u00e5ng\",\"caption\":\"\",\"description\":\"\\u201dInledningss\\u00e5ng\\u201d fr\\u00e5n Carl Snoilsky l\\u00e4st av Christoffer Svensson av Dikt 1593\\u20131939. Svensk och finlandssvensk lyrik i uppl\\u00e4sning av svenska och finlandssvenska sk\\u00e5despelare.\",\"meta\":{\"artist\":\"Christoffer Svensson l\\u00e4ser Carl Snoilsky. Dikt 1593\\u20131939\",\"album\":\"Carl Snoilsky\",\"length_formatted\":\"4:49\"},\"image\":{\"src\":\"https:\/\/litteraturbanken.se\/ljudochbild\/wp-content\/uploads\/2024\/09\/almqvist_denlyssnandemaria_lindh-mp3-image.jpg\",\"width\":1200,\"height\":1201},\"thumb\":{\"src\":\"https:\/\/litteraturbanken.se\/ljudochbild\/wp-content\/uploads\/2024\/09\/almqvist_denlyssnandemaria_lindh-mp3-image-150x150.jpg\",\"width\":150,\"height\":150}},{\"src\":\"https:\/\/litteraturbanken.se\/ljudochbild\/wp-content\/uploads\/2023\/09\/snoilsky_skollovskolonier_malinmullerohrvall.mp3\",\"type\":\"audio\/mpeg\",\"title\":\"Skollovs-kolonier!\",\"caption\":\"\",\"description\":\"\\u201dSkollovs-kolonier!\\u201d fr\\u00e5n Carl Snoilsky av Malin M\\u00fcller \\u00d6hrvall l\\u00e4ser Carl Snoilsky. Sl\\u00e4ppt: 2023.\",\"meta\":{\"artist\":\"Malin M\\u00fcller \\u00d6hrvall l\\u00e4ser Carl Snoilsky\",\"album\":\"Carl Snoilsky\",\"year\":\"2023\",\"length_formatted\":\"2:01\"},\"image\":{\"src\":\"https:\/\/litteraturbanken.se\/ljudochbild\/wp-content\/uploads\/2023\/09\/boye_irorelse_dantemunneojediran-mp3-image.png\",\"width\":580,\"height\":612},\"thumb\":{\"src\":\"https:\/\/litteraturbanken.se\/ljudochbild\/wp-content\/uploads\/2023\/09\/boye_irorelse_dantemunneojediran-mp3-image-150x150.png\",\"width\":150,\"height\":150}}]}<\/script>\n<\/div>\n\t\n\n\n\n<hr class=\"wp-block-separator has-alpha-channel-opacity\"\/>\n\n\n\n<p><em>Inspelningarna tillg\u00e4ngligg\u00f6rs h\u00e4r med tillst\u00e5nd fr\u00e5n inl\u00e4sarna.<\/em><\/p>\n\n\n<h3 class=\"wp-block-heading author-related-title\">L\u00e4s mer<\/h3>\r\n<div class=\"display-posts-listing grid\"><div class=\"listing-item\"><a class=\"image\" href=\"https:\/\/litteraturbanken.se\/ljudochbild\/2024\/10\/24\/min-hand-ar-langtan\/\"><img loading=\"lazy\" decoding=\"async\" width=\"640\" height=\"832\" src=\"https:\/\/litteraturbanken.se\/ljudochbild\/wp-content\/uploads\/2024\/10\/omslag-788x1024.jpg\" class=\"attachment-large size-large wp-post-image\" alt=\"Min hand \u00e4r l\u00e4ngtan\" srcset=\"https:\/\/litteraturbanken.se\/ljudochbild\/wp-content\/uploads\/2024\/10\/omslag-788x1024.jpg 788w, https:\/\/litteraturbanken.se\/ljudochbild\/wp-content\/uploads\/2024\/10\/omslag-231x300.jpg 231w, https:\/\/litteraturbanken.se\/ljudochbild\/wp-content\/uploads\/2024\/10\/omslag-768x998.jpg 768w, https:\/\/litteraturbanken.se\/ljudochbild\/wp-content\/uploads\/2024\/10\/omslag-480x624.jpg 480w, https:\/\/litteraturbanken.se\/ljudochbild\/wp-content\/uploads\/2024\/10\/omslag.jpg 1154w\" sizes=\"auto, (max-width: 640px) 100vw, 640px\" \/><\/a> <a class=\"title\" href=\"https:\/\/litteraturbanken.se\/ljudochbild\/2024\/10\/24\/min-hand-ar-langtan\/\">Min hand \u00e4r l\u00e4ngtan<\/a><\/div><div class=\"listing-item\"><a class=\"image\" href=\"https:\/\/litteraturbanken.se\/ljudochbild\/2023\/08\/07\/i-det-ruskiga-marseille\/\"><img loading=\"lazy\" decoding=\"async\" width=\"640\" height=\"853\" src=\"https:\/\/litteraturbanken.se\/ljudochbild\/wp-content\/uploads\/2023\/08\/jubileumskompassen-768x1024.jpg\" class=\"attachment-large size-large wp-post-image\" alt=\"Jubileumskompassen\" srcset=\"https:\/\/litteraturbanken.se\/ljudochbild\/wp-content\/uploads\/2023\/08\/jubileumskompassen-768x1024.jpg 768w, https:\/\/litteraturbanken.se\/ljudochbild\/wp-content\/uploads\/2023\/08\/jubileumskompassen-225x300.jpg 225w, https:\/\/litteraturbanken.se\/ljudochbild\/wp-content\/uploads\/2023\/08\/jubileumskompassen-1152x1536.jpg 1152w, https:\/\/litteraturbanken.se\/ljudochbild\/wp-content\/uploads\/2023\/08\/jubileumskompassen-480x640.jpg 480w, https:\/\/litteraturbanken.se\/ljudochbild\/wp-content\/uploads\/2023\/08\/jubileumskompassen.jpg 1200w\" sizes=\"auto, (max-width: 640px) 100vw, 640px\" \/><\/a> <a class=\"title\" href=\"https:\/\/litteraturbanken.se\/ljudochbild\/2023\/08\/07\/i-det-ruskiga-marseille\/\">I det ruskiga Marseille<\/a><\/div><div class=\"listing-item\"><a class=\"image\" href=\"https:\/\/litteraturbanken.se\/ljudochbild\/2023\/09\/18\/las-in-en-klassiker\/\"><img loading=\"lazy\" decoding=\"async\" width=\"640\" height=\"960\" src=\"https:\/\/litteraturbanken.se\/ljudochbild\/wp-content\/uploads\/2023\/09\/bokmassan_inlasningar-683x1024.jpg\" class=\"attachment-large size-large wp-post-image\" alt=\"L\u00e4s in en klassiker. B\u00f6cker med mikrofon\" srcset=\"https:\/\/litteraturbanken.se\/ljudochbild\/wp-content\/uploads\/2023\/09\/bokmassan_inlasningar-683x1024.jpg 683w, https:\/\/litteraturbanken.se\/ljudochbild\/wp-content\/uploads\/2023\/09\/bokmassan_inlasningar-200x300.jpg 200w, https:\/\/litteraturbanken.se\/ljudochbild\/wp-content\/uploads\/2023\/09\/bokmassan_inlasningar-768x1152.jpg 768w, https:\/\/litteraturbanken.se\/ljudochbild\/wp-content\/uploads\/2023\/09\/bokmassan_inlasningar-1024x1536.jpg 1024w, https:\/\/litteraturbanken.se\/ljudochbild\/wp-content\/uploads\/2023\/09\/bokmassan_inlasningar-480x720.jpg 480w, https:\/\/litteraturbanken.se\/ljudochbild\/wp-content\/uploads\/2023\/09\/bokmassan_inlasningar.jpg 1200w\" sizes=\"auto, (max-width: 640px) 100vw, 640px\" \/><\/a> <a class=\"title\" href=\"https:\/\/litteraturbanken.se\/ljudochbild\/2023\/09\/18\/las-in-en-klassiker\/\">L\u00e4s in en klassiker<\/a><\/div><\/div>\r\n\r\n\n","protected":false},"excerpt":{"rendered":"<p>\u201dCARL SNOILSKY (1841\u20131903) tillh\u00f6rde en av Sveriges f\u00f6rn\u00e4msta, grevliga sl\u00e4kter. Ett lejon i bur, skulle han komma att kalla sig sj\u00e4lv; f\u00e5ngad som han k\u00e4nde sig i f\u00f6rv\u00e4ntningar och konventioner. Tv\u00e5ngsl\u00f6shet fann han i Uppsala, i Namnl\u00f6sa S\u00e4llskapet [&hellip;]<\/p>\n","protected":false},"author":5,"featured_media":10379,"parent":7,"menu_order":0,"comment_status":"closed","ping_status":"closed","template":"","meta":{"footnotes":""},"class_list":["post-10378","page","type-page","status-publish","has-post-thumbnail","hentry"],"yoast_head":"<!-- This site is optimized with the Yoast SEO plugin v27.1.1 - https:\/\/yoast.com\/product\/yoast-seo-wordpress\/ -->\n<title>Carl Snoilsky (1841\u20131903) - Ljud &amp; Bild<\/title>\n<meta name=\"description\" content=\"Carl Snoilsky (1841\u20131903) tillh\u00f6rde en av Sveriges f\u00f6rn\u00e4msta, grevliga sl\u00e4kter. Ett lejon i bur, skulle han komma att kalla sig sj\u00e4lv ...\" \/>\n<meta name=\"robots\" content=\"index, follow, max-snippet:-1, max-image-preview:large, max-video-preview:-1\" \/>\n<link rel=\"canonical\" href=\"https:\/\/litteraturbanken.se\/ljudochbild\/forfattare\/snoilskyc\/\" \/>\n<meta property=\"og:locale\" content=\"sv_SE\" \/>\n<meta property=\"og:type\" content=\"article\" \/>\n<meta property=\"og:title\" content=\"Carl Snoilsky (1841\u20131903) - Ljud &amp; Bild\" \/>\n<meta property=\"og:description\" content=\"Carl Snoilsky (1841\u20131903) tillh\u00f6rde en av Sveriges f\u00f6rn\u00e4msta, grevliga sl\u00e4kter. Ett lejon i bur, skulle han komma att kalla sig sj\u00e4lv ...\" \/>\n<meta property=\"og:url\" content=\"https:\/\/litteraturbanken.se\/ljudochbild\/forfattare\/snoilskyc\/\" \/>\n<meta property=\"og:site_name\" content=\"Ljud &amp; Bild\" \/>\n<meta property=\"article:publisher\" content=\"https:\/\/www.facebook.com\/Litteraturbanken.se\" \/>\n<meta property=\"article:modified_time\" content=\"2024-09-17T13:18:11+00:00\" \/>\n<meta property=\"og:image\" content=\"https:\/\/litteraturbanken.se\/ljudochbild\/wp-content\/uploads\/2023\/12\/SnoilskyC_large.jpg\" \/>\n\t<meta property=\"og:image:width\" content=\"394\" \/>\n\t<meta property=\"og:image:height\" content=\"550\" \/>\n\t<meta property=\"og:image:type\" content=\"image\/jpeg\" \/>\n<meta name=\"twitter:card\" content=\"summary_large_image\" \/>\n<meta name=\"twitter:site\" content=\"@litteraturbank\" \/>\n<meta name=\"twitter:label1\" content=\"Ber\u00e4knad l\u00e4stid\" \/>\n\t<meta name=\"twitter:data1\" content=\"1 minut\" \/>\n<script type=\"application\/ld+json\" class=\"yoast-schema-graph\">{\"@context\":\"https:\/\/schema.org\",\"@graph\":[{\"@type\":\"WebPage\",\"@id\":\"https:\/\/litteraturbanken.se\/ljudochbild\/forfattare\/snoilskyc\/\",\"url\":\"https:\/\/litteraturbanken.se\/ljudochbild\/forfattare\/snoilskyc\/\",\"name\":\"Carl Snoilsky (1841\u20131903) - Ljud &amp; Bild\",\"isPartOf\":{\"@id\":\"https:\/\/litteraturbanken.se\/ljudochbild\/#website\"},\"primaryImageOfPage\":{\"@id\":\"https:\/\/litteraturbanken.se\/ljudochbild\/forfattare\/snoilskyc\/#primaryimage\"},\"image\":{\"@id\":\"https:\/\/litteraturbanken.se\/ljudochbild\/forfattare\/snoilskyc\/#primaryimage\"},\"thumbnailUrl\":\"https:\/\/litteraturbanken.se\/ljudochbild\/wp-content\/uploads\/2023\/12\/SnoilskyC_large.jpg\",\"datePublished\":\"2023-12-14T08:16:48+00:00\",\"dateModified\":\"2024-09-17T13:18:11+00:00\",\"description\":\"Carl Snoilsky (1841\u20131903) tillh\u00f6rde en av Sveriges f\u00f6rn\u00e4msta, grevliga sl\u00e4kter. Ett lejon i bur, skulle han komma att kalla sig sj\u00e4lv ...\",\"breadcrumb\":{\"@id\":\"https:\/\/litteraturbanken.se\/ljudochbild\/forfattare\/snoilskyc\/#breadcrumb\"},\"inLanguage\":\"sv-SE\",\"potentialAction\":[{\"@type\":\"ReadAction\",\"target\":[\"https:\/\/litteraturbanken.se\/ljudochbild\/forfattare\/snoilskyc\/\"]}]},{\"@type\":\"ImageObject\",\"inLanguage\":\"sv-SE\",\"@id\":\"https:\/\/litteraturbanken.se\/ljudochbild\/forfattare\/snoilskyc\/#primaryimage\",\"url\":\"https:\/\/litteraturbanken.se\/ljudochbild\/wp-content\/uploads\/2023\/12\/SnoilskyC_large.jpg\",\"contentUrl\":\"https:\/\/litteraturbanken.se\/ljudochbild\/wp-content\/uploads\/2023\/12\/SnoilskyC_large.jpg\",\"width\":394,\"height\":550,\"caption\":\"Carl Snoilsky\"},{\"@type\":\"BreadcrumbList\",\"@id\":\"https:\/\/litteraturbanken.se\/ljudochbild\/forfattare\/snoilskyc\/#breadcrumb\",\"itemListElement\":[{\"@type\":\"ListItem\",\"position\":1,\"name\":\"Hem\",\"item\":\"https:\/\/litteraturbanken.se\/ljudochbild\/\"},{\"@type\":\"ListItem\",\"position\":2,\"name\":\"F\u00f6rfattare\",\"item\":\"https:\/\/litteraturbanken.se\/ljudochbild\/forfattare\/\"},{\"@type\":\"ListItem\",\"position\":3,\"name\":\"Carl Snoilsky (1841\u20131903)\"}]},{\"@type\":\"WebSite\",\"@id\":\"https:\/\/litteraturbanken.se\/ljudochbild\/#website\",\"url\":\"https:\/\/litteraturbanken.se\/ljudochbild\/\",\"name\":\"Ljud & Bild\",\"description\":\"Ur Litteraturbankens samlingar\",\"potentialAction\":[{\"@type\":\"SearchAction\",\"target\":{\"@type\":\"EntryPoint\",\"urlTemplate\":\"https:\/\/litteraturbanken.se\/ljudochbild\/?s={search_term_string}\"},\"query-input\":{\"@type\":\"PropertyValueSpecification\",\"valueRequired\":true,\"valueName\":\"search_term_string\"}}],\"inLanguage\":\"sv-SE\"}]}<\/script>\n<!-- \/ Yoast SEO plugin. -->","yoast_head_json":{"title":"Carl Snoilsky (1841\u20131903) - Ljud &amp; Bild","description":"Carl Snoilsky (1841\u20131903) tillh\u00f6rde en av Sveriges f\u00f6rn\u00e4msta, grevliga sl\u00e4kter. Ett lejon i bur, skulle han komma att kalla sig sj\u00e4lv ...","robots":{"index":"index","follow":"follow","max-snippet":"max-snippet:-1","max-image-preview":"max-image-preview:large","max-video-preview":"max-video-preview:-1"},"canonical":"https:\/\/litteraturbanken.se\/ljudochbild\/forfattare\/snoilskyc\/","og_locale":"sv_SE","og_type":"article","og_title":"Carl Snoilsky (1841\u20131903) - Ljud &amp; Bild","og_description":"Carl Snoilsky (1841\u20131903) tillh\u00f6rde en av Sveriges f\u00f6rn\u00e4msta, grevliga sl\u00e4kter. Ett lejon i bur, skulle han komma att kalla sig sj\u00e4lv ...","og_url":"https:\/\/litteraturbanken.se\/ljudochbild\/forfattare\/snoilskyc\/","og_site_name":"Ljud &amp; Bild","article_publisher":"https:\/\/www.facebook.com\/Litteraturbanken.se","article_modified_time":"2024-09-17T13:18:11+00:00","og_image":[{"width":394,"height":550,"url":"https:\/\/litteraturbanken.se\/ljudochbild\/wp-content\/uploads\/2023\/12\/SnoilskyC_large.jpg","type":"image\/jpeg"}],"twitter_card":"summary_large_image","twitter_site":"@litteraturbank","twitter_misc":{"Ber\u00e4knad l\u00e4stid":"1 minut"},"schema":{"@context":"https:\/\/schema.org","@graph":[{"@type":"WebPage","@id":"https:\/\/litteraturbanken.se\/ljudochbild\/forfattare\/snoilskyc\/","url":"https:\/\/litteraturbanken.se\/ljudochbild\/forfattare\/snoilskyc\/","name":"Carl Snoilsky (1841\u20131903) - Ljud &amp; Bild","isPartOf":{"@id":"https:\/\/litteraturbanken.se\/ljudochbild\/#website"},"primaryImageOfPage":{"@id":"https:\/\/litteraturbanken.se\/ljudochbild\/forfattare\/snoilskyc\/#primaryimage"},"image":{"@id":"https:\/\/litteraturbanken.se\/ljudochbild\/forfattare\/snoilskyc\/#primaryimage"},"thumbnailUrl":"https:\/\/litteraturbanken.se\/ljudochbild\/wp-content\/uploads\/2023\/12\/SnoilskyC_large.jpg","datePublished":"2023-12-14T08:16:48+00:00","dateModified":"2024-09-17T13:18:11+00:00","description":"Carl Snoilsky (1841\u20131903) tillh\u00f6rde en av Sveriges f\u00f6rn\u00e4msta, grevliga sl\u00e4kter. Ett lejon i bur, skulle han komma att kalla sig sj\u00e4lv ...","breadcrumb":{"@id":"https:\/\/litteraturbanken.se\/ljudochbild\/forfattare\/snoilskyc\/#breadcrumb"},"inLanguage":"sv-SE","potentialAction":[{"@type":"ReadAction","target":["https:\/\/litteraturbanken.se\/ljudochbild\/forfattare\/snoilskyc\/"]}]},{"@type":"ImageObject","inLanguage":"sv-SE","@id":"https:\/\/litteraturbanken.se\/ljudochbild\/forfattare\/snoilskyc\/#primaryimage","url":"https:\/\/litteraturbanken.se\/ljudochbild\/wp-content\/uploads\/2023\/12\/SnoilskyC_large.jpg","contentUrl":"https:\/\/litteraturbanken.se\/ljudochbild\/wp-content\/uploads\/2023\/12\/SnoilskyC_large.jpg","width":394,"height":550,"caption":"Carl Snoilsky"},{"@type":"BreadcrumbList","@id":"https:\/\/litteraturbanken.se\/ljudochbild\/forfattare\/snoilskyc\/#breadcrumb","itemListElement":[{"@type":"ListItem","position":1,"name":"Hem","item":"https:\/\/litteraturbanken.se\/ljudochbild\/"},{"@type":"ListItem","position":2,"name":"F\u00f6rfattare","item":"https:\/\/litteraturbanken.se\/ljudochbild\/forfattare\/"},{"@type":"ListItem","position":3,"name":"Carl Snoilsky (1841\u20131903)"}]},{"@type":"WebSite","@id":"https:\/\/litteraturbanken.se\/ljudochbild\/#website","url":"https:\/\/litteraturbanken.se\/ljudochbild\/","name":"Ljud & Bild","description":"Ur Litteraturbankens samlingar","potentialAction":[{"@type":"SearchAction","target":{"@type":"EntryPoint","urlTemplate":"https:\/\/litteraturbanken.se\/ljudochbild\/?s={search_term_string}"},"query-input":{"@type":"PropertyValueSpecification","valueRequired":true,"valueName":"search_term_string"}}],"inLanguage":"sv-SE"}]}},"_links":{"self":[{"href":"https:\/\/litteraturbanken.se\/ljudochbild\/wp-json\/wp\/v2\/pages\/10378","targetHints":{"allow":["GET"]}}],"collection":[{"href":"https:\/\/litteraturbanken.se\/ljudochbild\/wp-json\/wp\/v2\/pages"}],"about":[{"href":"https:\/\/litteraturbanken.se\/ljudochbild\/wp-json\/wp\/v2\/types\/page"}],"author":[{"embeddable":true,"href":"https:\/\/litteraturbanken.se\/ljudochbild\/wp-json\/wp\/v2\/users\/5"}],"replies":[{"embeddable":true,"href":"https:\/\/litteraturbanken.se\/ljudochbild\/wp-json\/wp\/v2\/comments?post=10378"}],"version-history":[{"count":7,"href":"https:\/\/litteraturbanken.se\/ljudochbild\/wp-json\/wp\/v2\/pages\/10378\/revisions"}],"predecessor-version":[{"id":12257,"href":"https:\/\/litteraturbanken.se\/ljudochbild\/wp-json\/wp\/v2\/pages\/10378\/revisions\/12257"}],"up":[{"embeddable":true,"href":"https:\/\/litteraturbanken.se\/ljudochbild\/wp-json\/wp\/v2\/pages\/7"}],"wp:featuredmedia":[{"embeddable":true,"href":"https:\/\/litteraturbanken.se\/ljudochbild\/wp-json\/wp\/v2\/media\/10379"}],"wp:attachment":[{"href":"https:\/\/litteraturbanken.se\/ljudochbild\/wp-json\/wp\/v2\/media?parent=10378"}],"curies":[{"name":"wp","href":"https:\/\/api.w.org\/{rel}","templated":true}]}}