{"id":10383,"date":"2023-12-14T09:31:37","date_gmt":"2023-12-14T08:31:37","guid":{"rendered":"https:\/\/litteraturbanken.se\/ljudochbild\/?page_id=10383"},"modified":"2024-09-17T15:08:15","modified_gmt":"2024-09-17T13:08:15","slug":"silfverstolpegm","status":"publish","type":"page","link":"https:\/\/litteraturbanken.se\/ljudochbild\/forfattare\/silfverstolpegm\/","title":{"rendered":"Gunnar Mascoll Silfverstolpe (1893\u20131942)"},"content":{"rendered":"<div class=\"wp-block-image is-resized\">\n<figure class=\"alignright size-full\"><img loading=\"lazy\" decoding=\"async\" width=\"385\" height=\"550\" src=\"https:\/\/litteraturbanken.se\/ljudochbild\/wp-content\/uploads\/2023\/12\/SilfverstolpeGM_large.jpg\" alt=\"Gunnar Mascoll Silfverstolpe\" class=\"wp-image-10384\" style=\"width:207px;height:auto\" srcset=\"https:\/\/litteraturbanken.se\/ljudochbild\/wp-content\/uploads\/2023\/12\/SilfverstolpeGM_large.jpg 385w, https:\/\/litteraturbanken.se\/ljudochbild\/wp-content\/uploads\/2023\/12\/SilfverstolpeGM_large-210x300.jpg 210w\" sizes=\"auto, (max-width: 385px) 100vw, 385px\" \/><\/figure>\n<\/div>\n\n\n<p>\u201dSilfverstolpes tidigaste diktning var i h\u00f6g grad p\u00e5verkad av nittiotalisterna: Heidenstam, Levertin, Karlfeldt och Selma Lagerl\u00f6f. Sina f\u00f6rsta tryckta dikter publicerade han i Gymnasisten: organ f\u00f6r VFG (V\u00e4ster\u00e5s fosterl\u00e4ndska gymnasistf\u00f6rbund) i mars 1911, och i Bonniers m\u00e5nadsh\u00e4ften h\u00f6sten samma \u00e5r under pseudonymen Gunnar Hede, huvudpersonen i Selma Lagerl\u00f6fs <em><a href=\"https:\/\/litteraturbanken.se\/f%C3%B6rfattare\/Lagerl%C3%B6fS\/titlar\/EnHerrg%C3%A5rds\/sida\/III\/etext\" target=\"_blank\" rel=\"noreferrer noopener\">En herrg\u00e5rdss\u00e4gen<\/a><\/em> (1899), Uppsalastudenten och vandraren, som \u00e4lskar sitt oansenliga barndomshem och l\u00e4ngtar tillbaka till tryggheten och lugnet i den gamla g\u00e5rden. \u00c4ven Silfverstolpes debutdiktsamling <em><a href=\"https:\/\/litteraturbanken.se\/f%C3%B6rfattare\/SilfverstolpeGM\/titlar\/Arvet\/sida\/3\/faksimil\" target=\"_blank\" rel=\"noreferrer noopener\">Arvet<\/a><\/em> (1919) st\u00e5r under starkt inflytande fr\u00e5n nittiotalisterna, fr\u00e4mst Karlfeldt och Levertin. Dikten Br\u00f6derna, enligt S:s egen uppgift inspirerad av Gunnar J\u00e4gerski\u00f6lds d\u00f6d, gestaltar konflikten mellan handlingens, kampens och stridens v\u00e4rld och konstn\u00e4rens ensamma, in\u00e5tv\u00e4nda liv.\u201d<\/p>\n\n\n\n<p>Stycket kommer ur Bengt Landgrens artikel om Gunnar Mascoll Silfverstolpe i <a href=\"https:\/\/sok.riksarkivet.se\/sbl\/Presentation.aspx?id=5929\" target=\"_blank\" rel=\"noreferrer noopener\">Svenskt biografiskt lexikon<\/a>.<\/p>\n\n\n\n<div class=\"wp-block-buttons is-layout-flex wp-block-buttons-is-layout-flex\">\n<div class=\"wp-block-button has-custom-font-size read-more-button\" style=\"font-size:14px\"><a class=\"wp-block-button__link has-white-color has-text-color has-background wp-element-button\" href=\"https:\/\/sok.riksarkivet.se\/sbl\/Presentation.aspx?id=5929\" style=\"border-radius:0px;background-color:#cd2400\" target=\"_blank\" rel=\"noopener\"><strong>L\u00c4S MER OM GUNNAR MASCOLL SILFVERSTOLPE<\/strong><\/a><\/div>\n\n\n\n<div class=\"wp-block-button has-custom-font-size read-more-button\" style=\"font-size:14px\"><a class=\"wp-block-button__link has-white-color has-text-color has-background wp-element-button\" href=\"https:\/\/litteraturbanken.se\/f\u00f6rfattare\/SilfverstolpeGM\/titlar\" style=\"border-radius:0px;background-color:#cd2400\" target=\"_blank\" rel=\"noopener\"><strong>L\u00c4S <strong>GUNNAR MASCOLL SILFVERSTOLPE<\/strong>S VERK HOS LB.SE<\/strong><\/a><\/div>\n<\/div>\n\n\n\n<div style=\"height:20px\" aria-hidden=\"true\" class=\"wp-block-spacer\"><\/div>\n\n\n\n<div class=\"wp-playlist wp-audio-playlist wp-playlist-light\">\n\t\t\t<div class=\"wp-playlist-current-item\"><\/div>\n\t\t<audio controls=\"controls\" preload=\"none\" width=\"618\"\n\t\t\t><\/audio>\n\t<div class=\"wp-playlist-next\"><\/div>\n\t<div class=\"wp-playlist-prev\"><\/div>\n\t<noscript>\n\t<ol>\n\t\t<li><a href='https:\/\/litteraturbanken.se\/ljudochbild\/wp-content\/uploads\/2023\/12\/mascollsilfverstolpe_dagarforejul_helgeson.mp3'>Dagar f\u00f6re jul<\/a><\/li><li><a href='https:\/\/litteraturbanken.se\/ljudochbild\/wp-content\/uploads\/2023\/11\/mascollsilfverstolpe_hemland_alw.mp3'>Hemland<\/a><\/li><li><a href='https:\/\/litteraturbanken.se\/ljudochbild\/wp-content\/uploads\/2023\/11\/mascollsilfverstolpe_odetillbeharskningen_alw.mp3'>Ode till beh\u00e4rskningen<\/a><\/li><li><a href='https:\/\/litteraturbanken.se\/ljudochbild\/wp-content\/uploads\/2023\/11\/mascollsilfverstolpe_sommardag_alw.mp3'>Sommardag<\/a><\/li>\t<\/ol>\n\t<\/noscript>\n\t<script type=\"application\/json\" class=\"wp-playlist-script\">{\"type\":\"audio\",\"tracklist\":true,\"tracknumbers\":true,\"images\":true,\"artists\":true,\"tracks\":[{\"src\":\"https:\/\/litteraturbanken.se\/ljudochbild\/wp-content\/uploads\/2023\/12\/mascollsilfverstolpe_dagarforejul_helgeson.mp3\",\"type\":\"audio\/mpeg\",\"title\":\"Dagar f\\u00f6re jul\",\"caption\":\"\",\"description\":\"\\u201dDagar f\\u00f6re jul\\u201d fr\\u00e5n Gunnar Mascoll Silfverstolpe av Paulina Helgeson l\\u00e4ser Gunnar Mascoll Silfverstolpe.\",\"meta\":{\"artist\":\"Paulina Helgeson l\\u00e4ser Gunnar Mascoll Silfverstolpe\",\"album\":\"Gunnar Mascoll Silfverstolpe\",\"length_formatted\":\"1:15\"},\"image\":{\"src\":\"https:\/\/litteraturbanken.se\/ljudochbild\/wp-content\/uploads\/2019\/09\/wide_gub_wide-mp3-image.png\",\"width\":580,\"height\":612},\"thumb\":{\"src\":\"https:\/\/litteraturbanken.se\/ljudochbild\/wp-content\/uploads\/2019\/09\/wide_gub_wide-mp3-image-150x150.png\",\"width\":150,\"height\":150}},{\"src\":\"https:\/\/litteraturbanken.se\/ljudochbild\/wp-content\/uploads\/2023\/11\/mascollsilfverstolpe_hemland_alw.mp3\",\"type\":\"audio\/mpeg\",\"title\":\"Hemland\",\"caption\":\"\",\"description\":\"\\u201dHemland\\u201d fr\\u00e5n Gunnar Mascoll Silfverstolpe av Gabriel Alw l\\u00e4ser Gunnar Mascoll Silfverstolpe.\",\"meta\":{\"artist\":\"Gabriel Alw l\\u00e4ser Gunnar Mascoll Silfverstolpe\",\"album\":\"Gunnar Mascoll Silfverstolpe\",\"length_formatted\":\"1:27\"},\"image\":{\"src\":\"https:\/\/litteraturbanken.se\/ljudochbild\/wp-content\/uploads\/2019\/09\/wide_gub_wide-mp3-image.png\",\"width\":580,\"height\":612},\"thumb\":{\"src\":\"https:\/\/litteraturbanken.se\/ljudochbild\/wp-content\/uploads\/2019\/09\/wide_gub_wide-mp3-image-150x150.png\",\"width\":150,\"height\":150}},{\"src\":\"https:\/\/litteraturbanken.se\/ljudochbild\/wp-content\/uploads\/2023\/11\/mascollsilfverstolpe_odetillbeharskningen_alw.mp3\",\"type\":\"audio\/mpeg\",\"title\":\"Ode till beh\\u00e4rskningen\",\"caption\":\"\",\"description\":\"\\u201dOde till beh\\u00e4rskningen\\u201d fr\\u00e5n Gunnar Mascoll Silfverstolpe av Gabriel Alw l\\u00e4ser Gunnar Mascoll Silfverstolpe.\",\"meta\":{\"artist\":\"Gabriel Alw l\\u00e4ser Gunnar Mascoll Silfverstolpe\",\"album\":\"Gunnar Mascoll Silfverstolpe\",\"length_formatted\":\"2:43\"},\"image\":{\"src\":\"https:\/\/litteraturbanken.se\/ljudochbild\/wp-content\/uploads\/2019\/09\/wide_gub_wide-mp3-image.png\",\"width\":580,\"height\":612},\"thumb\":{\"src\":\"https:\/\/litteraturbanken.se\/ljudochbild\/wp-content\/uploads\/2019\/09\/wide_gub_wide-mp3-image-150x150.png\",\"width\":150,\"height\":150}},{\"src\":\"https:\/\/litteraturbanken.se\/ljudochbild\/wp-content\/uploads\/2023\/11\/mascollsilfverstolpe_sommardag_alw.mp3\",\"type\":\"audio\/mpeg\",\"title\":\"Sommardag\",\"caption\":\"\",\"description\":\"\\u201dSommardag\\u201d fr\\u00e5n Gunnar Mascoll Silfverstolpe av Gabriel Alw l\\u00e4ser Gunnar Mascoll Silfverstolpe.\",\"meta\":{\"artist\":\"Gabriel Alw l\\u00e4ser Gunnar Mascoll Silfverstolpe\",\"album\":\"Gunnar Mascoll Silfverstolpe\",\"length_formatted\":\"1:17\"},\"image\":{\"src\":\"https:\/\/litteraturbanken.se\/ljudochbild\/wp-content\/uploads\/2019\/09\/wide_gub_wide-mp3-image.png\",\"width\":580,\"height\":612},\"thumb\":{\"src\":\"https:\/\/litteraturbanken.se\/ljudochbild\/wp-content\/uploads\/2019\/09\/wide_gub_wide-mp3-image-150x150.png\",\"width\":150,\"height\":150}}]}<\/script>\n<\/div>\n\t\n\n\n\n<hr class=\"wp-block-separator has-css-opacity\"\/>\n\n\n\n<p><em>Fotografiet ovanf\u00f6r \u00e4r taget av Gunnar Sundgren, och vi har l\u00e5nat det av <a href=\"https:\/\/www.alvin-portal.org\/alvin\/imageViewer.jsf?dsId=ATTACHMENT-0001&amp;pid=alvin-record:100328\" target=\"_blank\" rel=\"noreferrer noopener\">Uppsala universitetsbibliotek<\/a> (<a href=\"http:\/\/creativecommons.org\/licenses\/by-nd\/4.0\/\" target=\"_blank\" rel=\"noreferrer noopener\">CC BY-ND<\/a>).<\/em><\/p>\n\n\n<h3 class=\"wp-block-heading author-related-title\">L\u00e4s mer<\/h3>\r\n<div class=\"display-posts-listing grid\"><div class=\"listing-item\"><a class=\"image\" href=\"https:\/\/litteraturbanken.se\/ljudochbild\/2024\/05\/17\/deklamatoren-gabriel-alw\/\"><img loading=\"lazy\" decoding=\"async\" width=\"640\" height=\"851\" src=\"https:\/\/litteraturbanken.se\/ljudochbild\/wp-content\/uploads\/2024\/05\/alw_postimage-770x1024.jpg\" class=\"attachment-large size-large wp-post-image\" alt=\"\" srcset=\"https:\/\/litteraturbanken.se\/ljudochbild\/wp-content\/uploads\/2024\/05\/alw_postimage-770x1024.jpg 770w, https:\/\/litteraturbanken.se\/ljudochbild\/wp-content\/uploads\/2024\/05\/alw_postimage-226x300.jpg 226w, https:\/\/litteraturbanken.se\/ljudochbild\/wp-content\/uploads\/2024\/05\/alw_postimage-768x1021.jpg 768w, https:\/\/litteraturbanken.se\/ljudochbild\/wp-content\/uploads\/2024\/05\/alw_postimage-1155x1536.jpg 1155w, https:\/\/litteraturbanken.se\/ljudochbild\/wp-content\/uploads\/2024\/05\/alw_postimage-480x638.jpg 480w, https:\/\/litteraturbanken.se\/ljudochbild\/wp-content\/uploads\/2024\/05\/alw_postimage.jpg 1200w\" sizes=\"auto, (max-width: 640px) 100vw, 640px\" \/><\/a> <a class=\"title\" href=\"https:\/\/litteraturbanken.se\/ljudochbild\/2024\/05\/17\/deklamatoren-gabriel-alw\/\">Deklamat\u00f6ren Gabriel Alw<\/a><\/div><div class=\"listing-item\"><a class=\"image\" href=\"https:\/\/litteraturbanken.se\/ljudochbild\/2024\/10\/24\/min-hand-ar-langtan\/\"><img loading=\"lazy\" decoding=\"async\" width=\"640\" height=\"832\" src=\"https:\/\/litteraturbanken.se\/ljudochbild\/wp-content\/uploads\/2024\/10\/omslag-788x1024.jpg\" class=\"attachment-large size-large wp-post-image\" alt=\"Min hand \u00e4r l\u00e4ngtan\" srcset=\"https:\/\/litteraturbanken.se\/ljudochbild\/wp-content\/uploads\/2024\/10\/omslag-788x1024.jpg 788w, https:\/\/litteraturbanken.se\/ljudochbild\/wp-content\/uploads\/2024\/10\/omslag-231x300.jpg 231w, https:\/\/litteraturbanken.se\/ljudochbild\/wp-content\/uploads\/2024\/10\/omslag-768x998.jpg 768w, https:\/\/litteraturbanken.se\/ljudochbild\/wp-content\/uploads\/2024\/10\/omslag-480x624.jpg 480w, https:\/\/litteraturbanken.se\/ljudochbild\/wp-content\/uploads\/2024\/10\/omslag.jpg 1154w\" sizes=\"auto, (max-width: 640px) 100vw, 640px\" \/><\/a> <a class=\"title\" href=\"https:\/\/litteraturbanken.se\/ljudochbild\/2024\/10\/24\/min-hand-ar-langtan\/\">Min hand \u00e4r l\u00e4ngtan<\/a><\/div><div class=\"listing-item\"><a class=\"image\" href=\"https:\/\/litteraturbanken.se\/ljudochbild\/2023\/12\/13\/litteraturbankens-julklappslada\/\"><img loading=\"lazy\" decoding=\"async\" width=\"640\" height=\"748\" src=\"https:\/\/litteraturbanken.se\/ljudochbild\/wp-content\/uploads\/2023\/12\/julklappslada-876x1024.jpg\" class=\"attachment-large size-large wp-post-image\" alt=\"Litteraturbankens julklappsl\u00e5da\" srcset=\"https:\/\/litteraturbanken.se\/ljudochbild\/wp-content\/uploads\/2023\/12\/julklappslada-876x1024.jpg 876w, https:\/\/litteraturbanken.se\/ljudochbild\/wp-content\/uploads\/2023\/12\/julklappslada-257x300.jpg 257w, https:\/\/litteraturbanken.se\/ljudochbild\/wp-content\/uploads\/2023\/12\/julklappslada-768x898.jpg 768w, https:\/\/litteraturbanken.se\/ljudochbild\/wp-content\/uploads\/2023\/12\/julklappslada-480x561.jpg 480w, https:\/\/litteraturbanken.se\/ljudochbild\/wp-content\/uploads\/2023\/12\/julklappslada.jpg 1200w\" sizes=\"auto, (max-width: 640px) 100vw, 640px\" \/><\/a> <a class=\"title\" href=\"https:\/\/litteraturbanken.se\/ljudochbild\/2023\/12\/13\/litteraturbankens-julklappslada\/\">Julklappsl\u00e5dan 2023<\/a><\/div><\/div>\r\n\r\n\n","protected":false},"excerpt":{"rendered":"<p>\u201dSilfverstolpes tidigaste diktning var i h\u00f6g grad p\u00e5verkad av nittiotalisterna: Heidenstam, Levertin, Karlfeldt och Selma Lagerl\u00f6f. Sina f\u00f6rsta tryckta dikter publicerade han i Gymnasisten: organ f\u00f6r VFG (V\u00e4ster\u00e5s fosterl\u00e4ndska gymnasistf\u00f6rbund) i mars 1911, och i Bonniers m\u00e5nadsh\u00e4ften h\u00f6sten [&hellip;]<\/p>\n","protected":false},"author":5,"featured_media":10384,"parent":7,"menu_order":0,"comment_status":"closed","ping_status":"closed","template":"","meta":{"footnotes":""},"class_list":["post-10383","page","type-page","status-publish","has-post-thumbnail","hentry"],"yoast_head":"<!-- This site is optimized with the Yoast SEO plugin v27.1.1 - https:\/\/yoast.com\/product\/yoast-seo-wordpress\/ -->\n<title>Gunnar Mascoll Silfverstolpe (1893\u20131942) - Ljud &amp; Bild<\/title>\n<meta name=\"robots\" content=\"index, follow, max-snippet:-1, max-image-preview:large, max-video-preview:-1\" \/>\n<link rel=\"canonical\" href=\"https:\/\/litteraturbanken.se\/ljudochbild\/forfattare\/silfverstolpegm\/\" \/>\n<meta property=\"og:locale\" content=\"sv_SE\" \/>\n<meta property=\"og:type\" content=\"article\" \/>\n<meta property=\"og:title\" content=\"Gunnar Mascoll Silfverstolpe (1893\u20131942) - Ljud &amp; Bild\" \/>\n<meta property=\"og:description\" content=\"\u201dSilfverstolpes tidigaste diktning var i h\u00f6g grad p\u00e5verkad av nittiotalisterna: Heidenstam, Levertin, Karlfeldt och Selma Lagerl\u00f6f. Sina f\u00f6rsta tryckta dikter publicerade han i Gymnasisten: organ f\u00f6r VFG (V\u00e4ster\u00e5s fosterl\u00e4ndska gymnasistf\u00f6rbund) i mars 1911, och i Bonniers m\u00e5nadsh\u00e4ften h\u00f6sten [&hellip;]\" \/>\n<meta property=\"og:url\" content=\"https:\/\/litteraturbanken.se\/ljudochbild\/forfattare\/silfverstolpegm\/\" \/>\n<meta property=\"og:site_name\" content=\"Ljud &amp; Bild\" \/>\n<meta property=\"article:publisher\" content=\"https:\/\/www.facebook.com\/Litteraturbanken.se\" \/>\n<meta property=\"article:modified_time\" content=\"2024-09-17T13:08:15+00:00\" \/>\n<meta property=\"og:image\" content=\"https:\/\/litteraturbanken.se\/ljudochbild\/wp-content\/uploads\/2023\/12\/SilfverstolpeGM_large.jpg\" \/>\n\t<meta property=\"og:image:width\" content=\"385\" \/>\n\t<meta property=\"og:image:height\" content=\"550\" \/>\n\t<meta property=\"og:image:type\" content=\"image\/jpeg\" \/>\n<meta name=\"twitter:card\" content=\"summary_large_image\" \/>\n<meta name=\"twitter:site\" content=\"@litteraturbank\" \/>\n<meta name=\"twitter:label1\" content=\"Ber\u00e4knad l\u00e4stid\" \/>\n\t<meta name=\"twitter:data1\" content=\"2 minuter\" \/>\n<script type=\"application\/ld+json\" class=\"yoast-schema-graph\">{\"@context\":\"https:\/\/schema.org\",\"@graph\":[{\"@type\":\"WebPage\",\"@id\":\"https:\/\/litteraturbanken.se\/ljudochbild\/forfattare\/silfverstolpegm\/\",\"url\":\"https:\/\/litteraturbanken.se\/ljudochbild\/forfattare\/silfverstolpegm\/\",\"name\":\"Gunnar Mascoll Silfverstolpe (1893\u20131942) - Ljud &amp; Bild\",\"isPartOf\":{\"@id\":\"https:\/\/litteraturbanken.se\/ljudochbild\/#website\"},\"primaryImageOfPage\":{\"@id\":\"https:\/\/litteraturbanken.se\/ljudochbild\/forfattare\/silfverstolpegm\/#primaryimage\"},\"image\":{\"@id\":\"https:\/\/litteraturbanken.se\/ljudochbild\/forfattare\/silfverstolpegm\/#primaryimage\"},\"thumbnailUrl\":\"https:\/\/litteraturbanken.se\/ljudochbild\/wp-content\/uploads\/2023\/12\/SilfverstolpeGM_large.jpg\",\"datePublished\":\"2023-12-14T08:31:37+00:00\",\"dateModified\":\"2024-09-17T13:08:15+00:00\",\"breadcrumb\":{\"@id\":\"https:\/\/litteraturbanken.se\/ljudochbild\/forfattare\/silfverstolpegm\/#breadcrumb\"},\"inLanguage\":\"sv-SE\",\"potentialAction\":[{\"@type\":\"ReadAction\",\"target\":[\"https:\/\/litteraturbanken.se\/ljudochbild\/forfattare\/silfverstolpegm\/\"]}]},{\"@type\":\"ImageObject\",\"inLanguage\":\"sv-SE\",\"@id\":\"https:\/\/litteraturbanken.se\/ljudochbild\/forfattare\/silfverstolpegm\/#primaryimage\",\"url\":\"https:\/\/litteraturbanken.se\/ljudochbild\/wp-content\/uploads\/2023\/12\/SilfverstolpeGM_large.jpg\",\"contentUrl\":\"https:\/\/litteraturbanken.se\/ljudochbild\/wp-content\/uploads\/2023\/12\/SilfverstolpeGM_large.jpg\",\"width\":385,\"height\":550,\"caption\":\"Gunnar Mascoll Silfverstolpe\"},{\"@type\":\"BreadcrumbList\",\"@id\":\"https:\/\/litteraturbanken.se\/ljudochbild\/forfattare\/silfverstolpegm\/#breadcrumb\",\"itemListElement\":[{\"@type\":\"ListItem\",\"position\":1,\"name\":\"Hem\",\"item\":\"https:\/\/litteraturbanken.se\/ljudochbild\/\"},{\"@type\":\"ListItem\",\"position\":2,\"name\":\"F\u00f6rfattare\",\"item\":\"https:\/\/litteraturbanken.se\/ljudochbild\/forfattare\/\"},{\"@type\":\"ListItem\",\"position\":3,\"name\":\"Gunnar Mascoll Silfverstolpe (1893\u20131942)\"}]},{\"@type\":\"WebSite\",\"@id\":\"https:\/\/litteraturbanken.se\/ljudochbild\/#website\",\"url\":\"https:\/\/litteraturbanken.se\/ljudochbild\/\",\"name\":\"Ljud & Bild\",\"description\":\"Ur Litteraturbankens samlingar\",\"potentialAction\":[{\"@type\":\"SearchAction\",\"target\":{\"@type\":\"EntryPoint\",\"urlTemplate\":\"https:\/\/litteraturbanken.se\/ljudochbild\/?s={search_term_string}\"},\"query-input\":{\"@type\":\"PropertyValueSpecification\",\"valueRequired\":true,\"valueName\":\"search_term_string\"}}],\"inLanguage\":\"sv-SE\"}]}<\/script>\n<!-- \/ Yoast SEO plugin. -->","yoast_head_json":{"title":"Gunnar Mascoll Silfverstolpe (1893\u20131942) - Ljud &amp; Bild","robots":{"index":"index","follow":"follow","max-snippet":"max-snippet:-1","max-image-preview":"max-image-preview:large","max-video-preview":"max-video-preview:-1"},"canonical":"https:\/\/litteraturbanken.se\/ljudochbild\/forfattare\/silfverstolpegm\/","og_locale":"sv_SE","og_type":"article","og_title":"Gunnar Mascoll Silfverstolpe (1893\u20131942) - Ljud &amp; Bild","og_description":"\u201dSilfverstolpes tidigaste diktning var i h\u00f6g grad p\u00e5verkad av nittiotalisterna: Heidenstam, Levertin, Karlfeldt och Selma Lagerl\u00f6f. Sina f\u00f6rsta tryckta dikter publicerade han i Gymnasisten: organ f\u00f6r VFG (V\u00e4ster\u00e5s fosterl\u00e4ndska gymnasistf\u00f6rbund) i mars 1911, och i Bonniers m\u00e5nadsh\u00e4ften h\u00f6sten [&hellip;]","og_url":"https:\/\/litteraturbanken.se\/ljudochbild\/forfattare\/silfverstolpegm\/","og_site_name":"Ljud &amp; Bild","article_publisher":"https:\/\/www.facebook.com\/Litteraturbanken.se","article_modified_time":"2024-09-17T13:08:15+00:00","og_image":[{"width":385,"height":550,"url":"https:\/\/litteraturbanken.se\/ljudochbild\/wp-content\/uploads\/2023\/12\/SilfverstolpeGM_large.jpg","type":"image\/jpeg"}],"twitter_card":"summary_large_image","twitter_site":"@litteraturbank","twitter_misc":{"Ber\u00e4knad l\u00e4stid":"2 minuter"},"schema":{"@context":"https:\/\/schema.org","@graph":[{"@type":"WebPage","@id":"https:\/\/litteraturbanken.se\/ljudochbild\/forfattare\/silfverstolpegm\/","url":"https:\/\/litteraturbanken.se\/ljudochbild\/forfattare\/silfverstolpegm\/","name":"Gunnar Mascoll Silfverstolpe (1893\u20131942) - Ljud &amp; Bild","isPartOf":{"@id":"https:\/\/litteraturbanken.se\/ljudochbild\/#website"},"primaryImageOfPage":{"@id":"https:\/\/litteraturbanken.se\/ljudochbild\/forfattare\/silfverstolpegm\/#primaryimage"},"image":{"@id":"https:\/\/litteraturbanken.se\/ljudochbild\/forfattare\/silfverstolpegm\/#primaryimage"},"thumbnailUrl":"https:\/\/litteraturbanken.se\/ljudochbild\/wp-content\/uploads\/2023\/12\/SilfverstolpeGM_large.jpg","datePublished":"2023-12-14T08:31:37+00:00","dateModified":"2024-09-17T13:08:15+00:00","breadcrumb":{"@id":"https:\/\/litteraturbanken.se\/ljudochbild\/forfattare\/silfverstolpegm\/#breadcrumb"},"inLanguage":"sv-SE","potentialAction":[{"@type":"ReadAction","target":["https:\/\/litteraturbanken.se\/ljudochbild\/forfattare\/silfverstolpegm\/"]}]},{"@type":"ImageObject","inLanguage":"sv-SE","@id":"https:\/\/litteraturbanken.se\/ljudochbild\/forfattare\/silfverstolpegm\/#primaryimage","url":"https:\/\/litteraturbanken.se\/ljudochbild\/wp-content\/uploads\/2023\/12\/SilfverstolpeGM_large.jpg","contentUrl":"https:\/\/litteraturbanken.se\/ljudochbild\/wp-content\/uploads\/2023\/12\/SilfverstolpeGM_large.jpg","width":385,"height":550,"caption":"Gunnar Mascoll Silfverstolpe"},{"@type":"BreadcrumbList","@id":"https:\/\/litteraturbanken.se\/ljudochbild\/forfattare\/silfverstolpegm\/#breadcrumb","itemListElement":[{"@type":"ListItem","position":1,"name":"Hem","item":"https:\/\/litteraturbanken.se\/ljudochbild\/"},{"@type":"ListItem","position":2,"name":"F\u00f6rfattare","item":"https:\/\/litteraturbanken.se\/ljudochbild\/forfattare\/"},{"@type":"ListItem","position":3,"name":"Gunnar Mascoll Silfverstolpe (1893\u20131942)"}]},{"@type":"WebSite","@id":"https:\/\/litteraturbanken.se\/ljudochbild\/#website","url":"https:\/\/litteraturbanken.se\/ljudochbild\/","name":"Ljud & Bild","description":"Ur Litteraturbankens samlingar","potentialAction":[{"@type":"SearchAction","target":{"@type":"EntryPoint","urlTemplate":"https:\/\/litteraturbanken.se\/ljudochbild\/?s={search_term_string}"},"query-input":{"@type":"PropertyValueSpecification","valueRequired":true,"valueName":"search_term_string"}}],"inLanguage":"sv-SE"}]}},"_links":{"self":[{"href":"https:\/\/litteraturbanken.se\/ljudochbild\/wp-json\/wp\/v2\/pages\/10383","targetHints":{"allow":["GET"]}}],"collection":[{"href":"https:\/\/litteraturbanken.se\/ljudochbild\/wp-json\/wp\/v2\/pages"}],"about":[{"href":"https:\/\/litteraturbanken.se\/ljudochbild\/wp-json\/wp\/v2\/types\/page"}],"author":[{"embeddable":true,"href":"https:\/\/litteraturbanken.se\/ljudochbild\/wp-json\/wp\/v2\/users\/5"}],"replies":[{"embeddable":true,"href":"https:\/\/litteraturbanken.se\/ljudochbild\/wp-json\/wp\/v2\/comments?post=10383"}],"version-history":[{"count":5,"href":"https:\/\/litteraturbanken.se\/ljudochbild\/wp-json\/wp\/v2\/pages\/10383\/revisions"}],"predecessor-version":[{"id":12243,"href":"https:\/\/litteraturbanken.se\/ljudochbild\/wp-json\/wp\/v2\/pages\/10383\/revisions\/12243"}],"up":[{"embeddable":true,"href":"https:\/\/litteraturbanken.se\/ljudochbild\/wp-json\/wp\/v2\/pages\/7"}],"wp:featuredmedia":[{"embeddable":true,"href":"https:\/\/litteraturbanken.se\/ljudochbild\/wp-json\/wp\/v2\/media\/10384"}],"wp:attachment":[{"href":"https:\/\/litteraturbanken.se\/ljudochbild\/wp-json\/wp\/v2\/media?parent=10383"}],"curies":[{"name":"wp","href":"https:\/\/api.w.org\/{rel}","templated":true}]}}