{"id":10421,"date":"2024-03-01T10:38:39","date_gmt":"2024-03-01T09:38:39","guid":{"rendered":"https:\/\/litteraturbanken.se\/ljudochbild\/?page_id=10421"},"modified":"2024-03-18T16:08:10","modified_gmt":"2024-03-18T15:08:10","slug":"lindahla","status":"publish","type":"page","link":"https:\/\/litteraturbanken.se\/ljudochbild\/upplasare\/lindahla\/","title":{"rendered":"Anna Lindahl (1904\u20131952)"},"content":{"rendered":"<div class=\"wp-block-image\">\n<figure class=\"alignright size-large is-resized\"><img loading=\"lazy\" decoding=\"async\" width=\"714\" height=\"1024\" src=\"https:\/\/litteraturbanken.se\/ljudochbild\/wp-content\/uploads\/2024\/03\/anna_lindahl-714x1024.jpg\" alt=\"Anna Lindahl\" class=\"wp-image-10432\" style=\"width:179px;height:256px\" srcset=\"https:\/\/litteraturbanken.se\/ljudochbild\/wp-content\/uploads\/2024\/03\/anna_lindahl-714x1024.jpg 714w, https:\/\/litteraturbanken.se\/ljudochbild\/wp-content\/uploads\/2024\/03\/anna_lindahl-209x300.jpg 209w, https:\/\/litteraturbanken.se\/ljudochbild\/wp-content\/uploads\/2024\/03\/anna_lindahl-768x1101.jpg 768w, https:\/\/litteraturbanken.se\/ljudochbild\/wp-content\/uploads\/2024\/03\/anna_lindahl-1072x1536.jpg 1072w, https:\/\/litteraturbanken.se\/ljudochbild\/wp-content\/uploads\/2024\/03\/anna_lindahl-480x688.jpg 480w, https:\/\/litteraturbanken.se\/ljudochbild\/wp-content\/uploads\/2024\/03\/anna_lindahl.jpg 1200w\" sizes=\"auto, (max-width: 714px) 100vw, 714px\" \/><\/figure>\n<\/div>\n\n\n<p>\u201dAnna Lindahl var en aktad sk\u00e5despelare och teaterl\u00e4rare kring 1900-talets f\u00f6rsta h\u00e4lft. Anna Lindahl f\u00f6ddes i Stockholm 1904 som yngsta barnet till m\u00e5larm\u00e4stare Emil Lindahl och hans maka Carolina, f\u00f6dd Karlsson. Hon hade fem \u00e4ldre syskon. Hon studerade vid S\u00f6dermalms H\u00f6gre l\u00e4roanstalt f\u00f6r flickor och senare vid Dramatens elevskola 1925\u20131928. Anna Lindahl var d\u00e4refter engagerad vid dess scen 1928\u20131931. Sin scendebut gjorde hon dock 1926 i Strindbergs pj\u00e4s&nbsp;<em><a href=\"https:\/\/litteraturbanken.se\/f\u00f6rfattare\/StrindbergA\/titlar\/VidH\u00f6greR\u00e4tt\/sida\/7\/etext\" target=\"_blank\" rel=\"noreferrer noopener\">Advent<\/a><\/em>&nbsp;under elevtiden p\u00e5 Dramaten.\u201d<\/p>\n\n\n\n<p>Stycket har vi l\u00e5nat fr\u00e5n Jennifer Vintkvists presentation av Lindahl hos <a href=\"https:\/\/skbl.se\/sv\/artikel\/AnnaEleonoraCeciliaLindahl\" target=\"_blank\" rel=\"noreferrer noopener\">Svenskt kvinnobiografiskt lexikon<\/a>.<\/p>\n\n\n\n<div style=\"height:20px\" aria-hidden=\"true\" class=\"wp-block-spacer\"><\/div>\n\n\n\n<div class=\"wp-block-buttons is-layout-flex wp-block-buttons-is-layout-flex\">\n<div class=\"wp-block-button has-custom-font-size read-more-button\" style=\"font-size:14px\"><a class=\"wp-block-button__link has-white-color has-text-color has-background wp-element-button\" href=\"https:\/\/skbl.se\/sv\/artikel\/AnnaEleonoraCeciliaLindahl\" style=\"border-radius:0px;background-color:#cd2400\" target=\"_blank\" rel=\"noopener\"><strong>L\u00c4S MER OM ANNA LINDAHL<\/strong><\/a><\/div>\n<\/div>\n\n\n\n<div style=\"height:50px\" aria-hidden=\"true\" class=\"wp-block-spacer\"><\/div>\n\n\n\n<p>I Litteraturbankens ljudsamlingar \u00e4r Lindahl representerad som inl\u00e4sare av flera Selma Lagerl\u00f6f-ber\u00e4ttelser. Inspelningarna nedanf\u00f6r tillg\u00e4ngligg\u00f6rs med tillst\u00e5nd fr\u00e5n Sveriges Radio.<\/p>\n\n\n\n<div class=\"wp-playlist wp-audio-playlist wp-playlist-light\">\n\t\t\t<div class=\"wp-playlist-current-item\"><\/div>\n\t\t<audio controls=\"controls\" preload=\"none\" width=\"618\"\n\t\t\t><\/audio>\n\t<div class=\"wp-playlist-next\"><\/div>\n\t<div class=\"wp-playlist-prev\"><\/div>\n\t<noscript>\n\t<ol>\n\t\t<li><a href='https:\/\/litteraturbanken.se\/ljudochbild\/wp-content\/uploads\/2023\/05\/lagerlof_jerusalem1_lindahl.mp3'>Ur Jerusalem II. Murar av guld och portar av br\u00e4nt glas<\/a><\/li><li><a href='https:\/\/litteraturbanken.se\/ljudochbild\/wp-content\/uploads\/2023\/05\/lagerlof_jerusalemgordonisterna_lindahl.mp3'>Ur Jerusalem II. Gordonisterna<\/a><\/li><li><a href='https:\/\/litteraturbanken.se\/ljudochbild\/wp-content\/uploads\/2023\/05\/lagerlof_otrycktamanuskript_lindahl.mp3'>Ur Selma Lagerl\u00f6fs otryckta forts\u00e4ttning av \u2019Liljecronas hem\u2019<\/a><\/li>\t<\/ol>\n\t<\/noscript>\n\t<script type=\"application\/json\" class=\"wp-playlist-script\">{\"type\":\"audio\",\"tracklist\":true,\"tracknumbers\":true,\"images\":true,\"artists\":true,\"tracks\":[{\"src\":\"https:\/\/litteraturbanken.se\/ljudochbild\/wp-content\/uploads\/2023\/05\/lagerlof_jerusalem1_lindahl.mp3\",\"type\":\"audio\/mpeg\",\"title\":\"Ur Jerusalem II. Murar av guld och portar av br\\u00e4nt glas\",\"caption\":\"\",\"description\":\"\\u201dUr Jerusalem II. Murar av guld och portar av br\\u00e4nt glas\\u201d fr\\u00e5n Selma Lagerl\\u00f6f av Anna Lindahl l\\u00e4ser Selma Lagerl\\u00f6f.\",\"meta\":{\"artist\":\"Anna Lindahl l\\u00e4ser Selma Lagerl\\u00f6f (1948)\",\"album\":\"Selma Lagerl\\u00f6f\",\"length_formatted\":\"4:49\"},\"image\":{\"src\":\"https:\/\/litteraturbanken.se\/ljudochbild\/wp-content\/uploads\/2019\/09\/wide_gub_wide-mp3-image.png\",\"width\":580,\"height\":612},\"thumb\":{\"src\":\"https:\/\/litteraturbanken.se\/ljudochbild\/wp-content\/uploads\/2019\/09\/wide_gub_wide-mp3-image-150x150.png\",\"width\":150,\"height\":150}},{\"src\":\"https:\/\/litteraturbanken.se\/ljudochbild\/wp-content\/uploads\/2023\/05\/lagerlof_jerusalemgordonisterna_lindahl.mp3\",\"type\":\"audio\/mpeg\",\"title\":\"Ur Jerusalem II. Gordonisterna\",\"caption\":\"\",\"description\":\"\\u201dUr Jerusalem II. Gordonisterna\\u201d fr\\u00e5n Selma Lagerl\\u00f6f av Anna Lindahl l\\u00e4ser Selma Lagerl\\u00f6f.\",\"meta\":{\"artist\":\"Anna Lindahl l\\u00e4ser Selma Lagerl\\u00f6f (1948)\",\"album\":\"Selma Lagerl\\u00f6f\",\"length_formatted\":\"29:48\"},\"image\":{\"src\":\"https:\/\/litteraturbanken.se\/ljudochbild\/wp-content\/uploads\/2019\/09\/wide_gub_wide-mp3-image.png\",\"width\":580,\"height\":612},\"thumb\":{\"src\":\"https:\/\/litteraturbanken.se\/ljudochbild\/wp-content\/uploads\/2019\/09\/wide_gub_wide-mp3-image-150x150.png\",\"width\":150,\"height\":150}},{\"src\":\"https:\/\/litteraturbanken.se\/ljudochbild\/wp-content\/uploads\/2023\/05\/lagerlof_otrycktamanuskript_lindahl.mp3\",\"type\":\"audio\/mpeg\",\"title\":\"Ur Selma Lagerl\\u00f6fs otryckta forts\\u00e4ttning av \\u2019Liljecronas hem\\u2019\",\"caption\":\"\",\"description\":\"\\u201dUr Selma Lagerl\\u00f6fs otryckta manuskript\\u201d fr\\u00e5n Selma Lagerl\\u00f6f av Anna Lindahl l\\u00e4ser Selma Lagerl\\u00f6f.\",\"meta\":{\"artist\":\"Anna Lindahl l\\u00e4ser Selma Lagerl\\u00f6f (1946)\",\"album\":\"Selma Lagerl\\u00f6f\",\"length_formatted\":\"3:39\"},\"image\":{\"src\":\"https:\/\/litteraturbanken.se\/ljudochbild\/wp-content\/uploads\/2019\/09\/wide_gub_wide-mp3-image.png\",\"width\":580,\"height\":612},\"thumb\":{\"src\":\"https:\/\/litteraturbanken.se\/ljudochbild\/wp-content\/uploads\/2019\/09\/wide_gub_wide-mp3-image-150x150.png\",\"width\":150,\"height\":150}}]}<\/script>\n<\/div>\n\t\n\n\n\n<p><em><i>Fotografiet, taget av Jan de Meyere, har vi l\u00e5nat fr\u00e5n <\/i><a style=\"font-style: italic;\" href=\"https:\/\/stockholmskallan.stockholm.se\/post\/15842\" target=\"_blank\" rel=\"noreferrer noopener\">Stadsmuseet i Stockholm<\/a> (<a href=\"https:\/\/creativecommons.org\/licenses\/by\/2.5\/se\/\" target=\"_blank\" rel=\"noreferrer noopener\">CC BY<\/a>).<\/em><\/p>\n\n\n<h3 class=\"wp-block-heading author-related-title\">L\u00e4s mer<\/h3>\r\n<div class=\"display-posts-listing grid\"><div class=\"listing-item\"><a class=\"image\" href=\"https:\/\/litteraturbanken.se\/ljudochbild\/2023\/05\/30\/en-tungsint-kavaljer\/\"><img loading=\"lazy\" decoding=\"async\" width=\"640\" height=\"881\" src=\"https:\/\/litteraturbanken.se\/ljudochbild\/wp-content\/uploads\/2023\/05\/munch_tungsint_kavaljer-744x1024.jpg\" class=\"attachment-large size-large wp-post-image\" alt=\"Edvard Much: F\u00f6rtvivlan\" srcset=\"https:\/\/litteraturbanken.se\/ljudochbild\/wp-content\/uploads\/2023\/05\/munch_tungsint_kavaljer-744x1024.jpg 744w, https:\/\/litteraturbanken.se\/ljudochbild\/wp-content\/uploads\/2023\/05\/munch_tungsint_kavaljer-218x300.jpg 218w, https:\/\/litteraturbanken.se\/ljudochbild\/wp-content\/uploads\/2023\/05\/munch_tungsint_kavaljer-768x1057.jpg 768w, https:\/\/litteraturbanken.se\/ljudochbild\/wp-content\/uploads\/2023\/05\/munch_tungsint_kavaljer-1116x1536.jpg 1116w, https:\/\/litteraturbanken.se\/ljudochbild\/wp-content\/uploads\/2023\/05\/munch_tungsint_kavaljer-480x661.jpg 480w, https:\/\/litteraturbanken.se\/ljudochbild\/wp-content\/uploads\/2023\/05\/munch_tungsint_kavaljer.jpg 1200w\" sizes=\"auto, (max-width: 640px) 100vw, 640px\" \/><\/a> <a class=\"title\" href=\"https:\/\/litteraturbanken.se\/ljudochbild\/2023\/05\/30\/en-tungsint-kavaljer\/\">En tungsint kavaljer<\/a><\/div><div class=\"listing-item\"><a class=\"image\" href=\"https:\/\/litteraturbanken.se\/ljudochbild\/2023\/05\/25\/jerusalem-selma-lagerlof\/\"><img loading=\"lazy\" decoding=\"async\" width=\"640\" height=\"438\" src=\"https:\/\/litteraturbanken.se\/ljudochbild\/wp-content\/uploads\/2023\/05\/jerusalem1-1-1024x701.jpg\" class=\"attachment-large size-large wp-post-image\" alt=\"\" srcset=\"https:\/\/litteraturbanken.se\/ljudochbild\/wp-content\/uploads\/2023\/05\/jerusalem1-1-1024x701.jpg 1024w, https:\/\/litteraturbanken.se\/ljudochbild\/wp-content\/uploads\/2023\/05\/jerusalem1-1-300x206.jpg 300w, https:\/\/litteraturbanken.se\/ljudochbild\/wp-content\/uploads\/2023\/05\/jerusalem1-1-768x526.jpg 768w, https:\/\/litteraturbanken.se\/ljudochbild\/wp-content\/uploads\/2023\/05\/jerusalem1-1-480x329.jpg 480w, https:\/\/litteraturbanken.se\/ljudochbild\/wp-content\/uploads\/2023\/05\/jerusalem1-1.jpg 1200w\" sizes=\"auto, (max-width: 640px) 100vw, 640px\" \/><\/a> <a class=\"title\" href=\"https:\/\/litteraturbanken.se\/ljudochbild\/2023\/05\/25\/jerusalem-selma-lagerlof\/\">Radioromanens f\u00f6delse<\/a><\/div><\/div>\r\n\r\n\n","protected":false},"excerpt":{"rendered":"<p>\u201dAnna Lindahl var en aktad sk\u00e5despelare och teaterl\u00e4rare kring 1900-talets f\u00f6rsta h\u00e4lft. Anna Lindahl f\u00f6ddes i Stockholm 1904 som yngsta barnet till m\u00e5larm\u00e4stare Emil Lindahl och hans maka Carolina, f\u00f6dd Karlsson. Hon hade fem \u00e4ldre syskon. Hon studerade [&hellip;]<\/p>\n","protected":false},"author":5,"featured_media":10432,"parent":8,"menu_order":0,"comment_status":"closed","ping_status":"closed","template":"","meta":{"footnotes":""},"class_list":["post-10421","page","type-page","status-publish","has-post-thumbnail","hentry"],"yoast_head":"<!-- This site is optimized with the Yoast SEO plugin v27.1.1 - https:\/\/yoast.com\/product\/yoast-seo-wordpress\/ -->\n<title>Anna Lindahl (1904\u20131952) - Ljud &amp; Bild<\/title>\n<meta name=\"robots\" content=\"index, follow, max-snippet:-1, max-image-preview:large, max-video-preview:-1\" \/>\n<link rel=\"canonical\" href=\"https:\/\/litteraturbanken.se\/ljudochbild\/upplasare\/lindahla\/\" \/>\n<meta property=\"og:locale\" content=\"sv_SE\" \/>\n<meta property=\"og:type\" content=\"article\" \/>\n<meta property=\"og:title\" content=\"Anna Lindahl (1904\u20131952) - Ljud &amp; Bild\" \/>\n<meta property=\"og:description\" content=\"\u201dAnna Lindahl var en aktad sk\u00e5despelare och teaterl\u00e4rare kring 1900-talets f\u00f6rsta h\u00e4lft. Anna Lindahl f\u00f6ddes i Stockholm 1904 som yngsta barnet till m\u00e5larm\u00e4stare Emil Lindahl och hans maka Carolina, f\u00f6dd Karlsson. Hon hade fem \u00e4ldre syskon. Hon studerade [&hellip;]\" \/>\n<meta property=\"og:url\" content=\"https:\/\/litteraturbanken.se\/ljudochbild\/upplasare\/lindahla\/\" \/>\n<meta property=\"og:site_name\" content=\"Ljud &amp; Bild\" \/>\n<meta property=\"article:publisher\" content=\"https:\/\/www.facebook.com\/Litteraturbanken.se\" \/>\n<meta property=\"article:modified_time\" content=\"2024-03-18T15:08:10+00:00\" \/>\n<meta property=\"og:image\" content=\"https:\/\/litteraturbanken.se\/ljudochbild\/wp-content\/uploads\/2024\/03\/anna_lindahl.jpg\" \/>\n\t<meta property=\"og:image:width\" content=\"1200\" \/>\n\t<meta property=\"og:image:height\" content=\"1720\" \/>\n\t<meta property=\"og:image:type\" content=\"image\/jpeg\" \/>\n<meta name=\"twitter:card\" content=\"summary_large_image\" \/>\n<meta name=\"twitter:site\" content=\"@litteraturbank\" \/>\n<meta name=\"twitter:label1\" content=\"Ber\u00e4knad l\u00e4stid\" \/>\n\t<meta name=\"twitter:data1\" content=\"2 minuter\" \/>\n<script type=\"application\/ld+json\" class=\"yoast-schema-graph\">{\"@context\":\"https:\/\/schema.org\",\"@graph\":[{\"@type\":\"WebPage\",\"@id\":\"https:\/\/litteraturbanken.se\/ljudochbild\/upplasare\/lindahla\/\",\"url\":\"https:\/\/litteraturbanken.se\/ljudochbild\/upplasare\/lindahla\/\",\"name\":\"Anna Lindahl (1904\u20131952) - Ljud &amp; Bild\",\"isPartOf\":{\"@id\":\"https:\/\/litteraturbanken.se\/ljudochbild\/#website\"},\"primaryImageOfPage\":{\"@id\":\"https:\/\/litteraturbanken.se\/ljudochbild\/upplasare\/lindahla\/#primaryimage\"},\"image\":{\"@id\":\"https:\/\/litteraturbanken.se\/ljudochbild\/upplasare\/lindahla\/#primaryimage\"},\"thumbnailUrl\":\"https:\/\/litteraturbanken.se\/ljudochbild\/wp-content\/uploads\/2024\/03\/anna_lindahl.jpg\",\"datePublished\":\"2024-03-01T09:38:39+00:00\",\"dateModified\":\"2024-03-18T15:08:10+00:00\",\"breadcrumb\":{\"@id\":\"https:\/\/litteraturbanken.se\/ljudochbild\/upplasare\/lindahla\/#breadcrumb\"},\"inLanguage\":\"sv-SE\",\"potentialAction\":[{\"@type\":\"ReadAction\",\"target\":[\"https:\/\/litteraturbanken.se\/ljudochbild\/upplasare\/lindahla\/\"]}]},{\"@type\":\"ImageObject\",\"inLanguage\":\"sv-SE\",\"@id\":\"https:\/\/litteraturbanken.se\/ljudochbild\/upplasare\/lindahla\/#primaryimage\",\"url\":\"https:\/\/litteraturbanken.se\/ljudochbild\/wp-content\/uploads\/2024\/03\/anna_lindahl.jpg\",\"contentUrl\":\"https:\/\/litteraturbanken.se\/ljudochbild\/wp-content\/uploads\/2024\/03\/anna_lindahl.jpg\",\"width\":1200,\"height\":1720,\"caption\":\"Anna Lindahl\"},{\"@type\":\"BreadcrumbList\",\"@id\":\"https:\/\/litteraturbanken.se\/ljudochbild\/upplasare\/lindahla\/#breadcrumb\",\"itemListElement\":[{\"@type\":\"ListItem\",\"position\":1,\"name\":\"Hem\",\"item\":\"https:\/\/litteraturbanken.se\/ljudochbild\/\"},{\"@type\":\"ListItem\",\"position\":2,\"name\":\"Privat: Uppl\u00e4sare\",\"item\":\"https:\/\/litteraturbanken.se\/ljudochbild\/?page_id=8\"},{\"@type\":\"ListItem\",\"position\":3,\"name\":\"Anna Lindahl (1904\u20131952)\"}]},{\"@type\":\"WebSite\",\"@id\":\"https:\/\/litteraturbanken.se\/ljudochbild\/#website\",\"url\":\"https:\/\/litteraturbanken.se\/ljudochbild\/\",\"name\":\"Ljud & Bild\",\"description\":\"Ur Litteraturbankens samlingar\",\"potentialAction\":[{\"@type\":\"SearchAction\",\"target\":{\"@type\":\"EntryPoint\",\"urlTemplate\":\"https:\/\/litteraturbanken.se\/ljudochbild\/?s={search_term_string}\"},\"query-input\":{\"@type\":\"PropertyValueSpecification\",\"valueRequired\":true,\"valueName\":\"search_term_string\"}}],\"inLanguage\":\"sv-SE\"}]}<\/script>\n<!-- \/ Yoast SEO plugin. -->","yoast_head_json":{"title":"Anna Lindahl (1904\u20131952) - Ljud &amp; Bild","robots":{"index":"index","follow":"follow","max-snippet":"max-snippet:-1","max-image-preview":"max-image-preview:large","max-video-preview":"max-video-preview:-1"},"canonical":"https:\/\/litteraturbanken.se\/ljudochbild\/upplasare\/lindahla\/","og_locale":"sv_SE","og_type":"article","og_title":"Anna Lindahl (1904\u20131952) - Ljud &amp; Bild","og_description":"\u201dAnna Lindahl var en aktad sk\u00e5despelare och teaterl\u00e4rare kring 1900-talets f\u00f6rsta h\u00e4lft. Anna Lindahl f\u00f6ddes i Stockholm 1904 som yngsta barnet till m\u00e5larm\u00e4stare Emil Lindahl och hans maka Carolina, f\u00f6dd Karlsson. Hon hade fem \u00e4ldre syskon. Hon studerade [&hellip;]","og_url":"https:\/\/litteraturbanken.se\/ljudochbild\/upplasare\/lindahla\/","og_site_name":"Ljud &amp; Bild","article_publisher":"https:\/\/www.facebook.com\/Litteraturbanken.se","article_modified_time":"2024-03-18T15:08:10+00:00","og_image":[{"width":1200,"height":1720,"url":"https:\/\/litteraturbanken.se\/ljudochbild\/wp-content\/uploads\/2024\/03\/anna_lindahl.jpg","type":"image\/jpeg"}],"twitter_card":"summary_large_image","twitter_site":"@litteraturbank","twitter_misc":{"Ber\u00e4knad l\u00e4stid":"2 minuter"},"schema":{"@context":"https:\/\/schema.org","@graph":[{"@type":"WebPage","@id":"https:\/\/litteraturbanken.se\/ljudochbild\/upplasare\/lindahla\/","url":"https:\/\/litteraturbanken.se\/ljudochbild\/upplasare\/lindahla\/","name":"Anna Lindahl (1904\u20131952) - Ljud &amp; Bild","isPartOf":{"@id":"https:\/\/litteraturbanken.se\/ljudochbild\/#website"},"primaryImageOfPage":{"@id":"https:\/\/litteraturbanken.se\/ljudochbild\/upplasare\/lindahla\/#primaryimage"},"image":{"@id":"https:\/\/litteraturbanken.se\/ljudochbild\/upplasare\/lindahla\/#primaryimage"},"thumbnailUrl":"https:\/\/litteraturbanken.se\/ljudochbild\/wp-content\/uploads\/2024\/03\/anna_lindahl.jpg","datePublished":"2024-03-01T09:38:39+00:00","dateModified":"2024-03-18T15:08:10+00:00","breadcrumb":{"@id":"https:\/\/litteraturbanken.se\/ljudochbild\/upplasare\/lindahla\/#breadcrumb"},"inLanguage":"sv-SE","potentialAction":[{"@type":"ReadAction","target":["https:\/\/litteraturbanken.se\/ljudochbild\/upplasare\/lindahla\/"]}]},{"@type":"ImageObject","inLanguage":"sv-SE","@id":"https:\/\/litteraturbanken.se\/ljudochbild\/upplasare\/lindahla\/#primaryimage","url":"https:\/\/litteraturbanken.se\/ljudochbild\/wp-content\/uploads\/2024\/03\/anna_lindahl.jpg","contentUrl":"https:\/\/litteraturbanken.se\/ljudochbild\/wp-content\/uploads\/2024\/03\/anna_lindahl.jpg","width":1200,"height":1720,"caption":"Anna Lindahl"},{"@type":"BreadcrumbList","@id":"https:\/\/litteraturbanken.se\/ljudochbild\/upplasare\/lindahla\/#breadcrumb","itemListElement":[{"@type":"ListItem","position":1,"name":"Hem","item":"https:\/\/litteraturbanken.se\/ljudochbild\/"},{"@type":"ListItem","position":2,"name":"Privat: Uppl\u00e4sare","item":"https:\/\/litteraturbanken.se\/ljudochbild\/?page_id=8"},{"@type":"ListItem","position":3,"name":"Anna Lindahl (1904\u20131952)"}]},{"@type":"WebSite","@id":"https:\/\/litteraturbanken.se\/ljudochbild\/#website","url":"https:\/\/litteraturbanken.se\/ljudochbild\/","name":"Ljud & Bild","description":"Ur Litteraturbankens samlingar","potentialAction":[{"@type":"SearchAction","target":{"@type":"EntryPoint","urlTemplate":"https:\/\/litteraturbanken.se\/ljudochbild\/?s={search_term_string}"},"query-input":{"@type":"PropertyValueSpecification","valueRequired":true,"valueName":"search_term_string"}}],"inLanguage":"sv-SE"}]}},"_links":{"self":[{"href":"https:\/\/litteraturbanken.se\/ljudochbild\/wp-json\/wp\/v2\/pages\/10421","targetHints":{"allow":["GET"]}}],"collection":[{"href":"https:\/\/litteraturbanken.se\/ljudochbild\/wp-json\/wp\/v2\/pages"}],"about":[{"href":"https:\/\/litteraturbanken.se\/ljudochbild\/wp-json\/wp\/v2\/types\/page"}],"author":[{"embeddable":true,"href":"https:\/\/litteraturbanken.se\/ljudochbild\/wp-json\/wp\/v2\/users\/5"}],"replies":[{"embeddable":true,"href":"https:\/\/litteraturbanken.se\/ljudochbild\/wp-json\/wp\/v2\/comments?post=10421"}],"version-history":[{"count":24,"href":"https:\/\/litteraturbanken.se\/ljudochbild\/wp-json\/wp\/v2\/pages\/10421\/revisions"}],"predecessor-version":[{"id":11005,"href":"https:\/\/litteraturbanken.se\/ljudochbild\/wp-json\/wp\/v2\/pages\/10421\/revisions\/11005"}],"up":[{"embeddable":true,"href":"https:\/\/litteraturbanken.se\/ljudochbild\/wp-json\/wp\/v2\/pages\/8"}],"wp:featuredmedia":[{"embeddable":true,"href":"https:\/\/litteraturbanken.se\/ljudochbild\/wp-json\/wp\/v2\/media\/10432"}],"wp:attachment":[{"href":"https:\/\/litteraturbanken.se\/ljudochbild\/wp-json\/wp\/v2\/media?parent=10421"}],"curies":[{"name":"wp","href":"https:\/\/api.w.org\/{rel}","templated":true}]}}