{"id":10467,"date":"2024-03-01T11:45:32","date_gmt":"2024-03-01T10:45:32","guid":{"rendered":"https:\/\/litteraturbanken.se\/ljudochbild\/?page_id=10467"},"modified":"2024-09-09T09:09:34","modified_gmt":"2024-09-09T07:09:34","slug":"nystromj","status":"publish","type":"page","link":"https:\/\/litteraturbanken.se\/ljudochbild\/forfattare\/nystromj\/","title":{"rendered":"Jenny Nystr\u00f6m (1854\u20131946)"},"content":{"rendered":"<div class=\"wp-block-image\">\n<figure class=\"alignright size-large is-resized\"><img loading=\"lazy\" decoding=\"async\" width=\"966\" height=\"1024\" src=\"https:\/\/litteraturbanken.se\/ljudochbild\/wp-content\/uploads\/2023\/12\/jennynystrom-966x1024.jpg\" alt=\"Jenny Nystr\u00f6m\" class=\"wp-image-10400\" style=\"width:199px;height:auto\" srcset=\"https:\/\/litteraturbanken.se\/ljudochbild\/wp-content\/uploads\/2023\/12\/jennynystrom-966x1024.jpg 966w, https:\/\/litteraturbanken.se\/ljudochbild\/wp-content\/uploads\/2023\/12\/jennynystrom-283x300.jpg 283w, https:\/\/litteraturbanken.se\/ljudochbild\/wp-content\/uploads\/2023\/12\/jennynystrom-768x814.jpg 768w, https:\/\/litteraturbanken.se\/ljudochbild\/wp-content\/uploads\/2023\/12\/jennynystrom-480x509.jpg 480w, https:\/\/litteraturbanken.se\/ljudochbild\/wp-content\/uploads\/2023\/12\/jennynystrom.jpg 1200w\" sizes=\"auto, (max-width: 966px) 100vw, 966px\" \/><\/figure>\n<\/div>\n\n\n<p>\u201dJenny Nystr\u00f6m var konstn\u00e4r och illustrat\u00f6r. Hon var den f\u00f6rsta kvinnan i Sverige som erh\u00f6ll den Kungliga medaljen f\u00f6r sitt historiem\u00e5leri. F\u00f6r efterv\u00e4rlden \u00e4r hon mest k\u00e4nd f\u00f6r sina tomtebilder.\u201d<\/p>\n\n\n\n<p>\u201dJenny Nystr\u00f6m f\u00f6ddes i Kalmar. Hon var dotter till kantorn och folkskoll\u00e4raren Daniel Nystr\u00f6m och hans hustru Anette Bergendahl. Jenny Nystr\u00f6m var tredje barnet i en syskonskara av fem. Hon var ett livligt och kreativt barn. Hon \u00e5terkom st\u00e4ndigt till de gl\u00e4djefyllda barndoms\u00e5ren i ett idylliskt Kalmar i de intervjuer hon gett. Kring Jenny Nystr\u00f6m fanns flera omsorgsgivare som bidrog till att skapa trygghet och tillit. Som liten bodde hon tillsammans med den egna familjen, morf\u00f6r\u00e4ldrarna, tv\u00e5 mostrar och sin gammelmormor. Pappan stod f\u00f6r bildning och utbildning och mamman ber\u00e4ttade sagor som var s\u00e5 livfulla att Jenny Nystr\u00f6m trodde de var sanna, n\u00e4r hon vaknade p\u00e5 morgonen efter\u00e5t.\u201d<\/p>\n\n\n\n<p>Styckena ovanf\u00f6r har vi l\u00e5nat fr\u00e5n Barbro Johnssons presentation av Nystr\u00f6m hos <a href=\"https:\/\/skbl.se\/sv\/artikel\/JennyNystrom\" target=\"_blank\" rel=\"noreferrer noopener\">Svenskt kvinnobiografiskt lexikon<\/a>.<\/p>\n\n\n\n<div style=\"height:20px\" aria-hidden=\"true\" class=\"wp-block-spacer\"><\/div>\n\n\n\n<div class=\"wp-block-buttons is-layout-flex wp-block-buttons-is-layout-flex\">\n<div class=\"wp-block-button has-custom-font-size read-more-button\" style=\"font-size:14px\"><a class=\"wp-block-button__link has-white-color has-text-color has-background wp-element-button\" href=\"https:\/\/skbl.se\/sv\/artikel\/JennyNystrom\" style=\"border-radius:0px;background-color:#cd2400\" target=\"_blank\" rel=\"noopener\"><strong>L\u00c4S MER OM JENNY NYSTR\u00d6M<\/strong><\/a><\/div>\n\n\n\n<div class=\"wp-block-button has-custom-font-size read-more-button\" style=\"font-size:14px\"><a class=\"wp-block-button__link has-white-color has-text-color has-background wp-element-button\" href=\"https:\/\/litteraturbanken.se\/f\u00f6rfattare\/Nystr\u00f6mJ\/titlar\" style=\"border-radius:0px;background-color:#cd2400\" target=\"_blank\" rel=\"noopener\"><strong>L\u00c4S JENNY NYSTR\u00d6MS VERK HOS LB.SE<\/strong><\/a><\/div>\n<\/div>\n\n\n\n<div style=\"height:50px\" aria-hidden=\"true\" class=\"wp-block-spacer\"><\/div>\n\n\n\n<p>Nedanf\u00f6r h\u00f6r du Jenny Nystr\u00f6m intervjuas av G\u00f6sta Knutsson i hennes hem 1941. Inspelningen tillg\u00e4ngligg\u00f6rs med tillst\u00e5nd fr\u00e5n Sveriges Radio.<\/p>\n\n\n\n<div style=\"height:20px\" aria-hidden=\"true\" class=\"wp-block-spacer\"><\/div>\n\n\n\n<div class=\"wp-playlist wp-audio-playlist wp-playlist-light\">\n\t\t\t<div class=\"wp-playlist-current-item\"><\/div>\n\t\t<audio controls=\"controls\" preload=\"none\" width=\"618\"\n\t\t\t><\/audio>\n\t<div class=\"wp-playlist-next\"><\/div>\n\t<div class=\"wp-playlist-prev\"><\/div>\n\t<noscript>\n\t<ol>\n\t\t<li><a href='https:\/\/litteraturbanken.se\/ljudochbild\/wp-content\/uploads\/2023\/12\/nystrom_intervjumedgostaknutsson.wav'>Jenny Nystr\u00f6m intervjuas av G\u00f6sta Knutsson<\/a><\/li>\t<\/ol>\n\t<\/noscript>\n\t<script type=\"application\/json\" class=\"wp-playlist-script\">{\"type\":\"audio\",\"tracklist\":true,\"tracknumbers\":true,\"images\":true,\"artists\":true,\"tracks\":[{\"src\":\"https:\/\/litteraturbanken.se\/ljudochbild\/wp-content\/uploads\/2023\/12\/nystrom_intervjumedgostaknutsson.wav\",\"type\":\"audio\/wav\",\"title\":\"Jenny Nystr\\u00f6m intervjuas av G\\u00f6sta Knutsson\",\"caption\":\"\",\"description\":\"\\u201dJenny Nystr\\u00f6m intervjuas av G\\u00f6sta Knutsson\\u201d fr\\u00e5n Jenny Nystr\\u00f6m av Jenny Nystr\\u00f6m i Sveriges Radio (1941).\",\"meta\":{\"artist\":\"Jenny Nystr\\u00f6m i Sveriges Radio (1941)\",\"album\":\"Jenny Nystr\\u00f6m\",\"length_formatted\":\"3:49\"},\"image\":{\"src\":\"https:\/\/litteraturbanken.se\/ljudochbild\/wp-content\/uploads\/2019\/09\/wide_gub_wide-mp3-image.png\",\"width\":580,\"height\":612},\"thumb\":{\"src\":\"https:\/\/litteraturbanken.se\/ljudochbild\/wp-content\/uploads\/2019\/09\/wide_gub_wide-mp3-image-150x150.png\",\"width\":150,\"height\":150}}]}<\/script>\n<\/div>\n\t\n\n\n\n<hr class=\"wp-block-separator has-css-opacity\"\/>\n\n\n\n<p><em>Fotografiet ovanf\u00f6r, taget av Tore Burn\u00e4s 1944, har vi l\u00e5nat fr\u00e5n <a href=\"https:\/\/stockholmskallan.stockholm.se\/post\/13278\" target=\"_blank\" rel=\"noreferrer noopener\">Stadsmuseet i Stockholm<\/a> (<a href=\"https:\/\/creativecommons.org\/licenses\/by\/4.0\/legalcode.sv\" target=\"_blank\" rel=\"noreferrer noopener\">CC BY<\/a>).<\/em><\/p>\n\n\n<h3 class=\"wp-block-heading author-related-title\">L\u00e4s mer<\/h3>\r\n<div class=\"display-posts-listing grid\"><div class=\"listing-item\"><a class=\"image\" href=\"https:\/\/litteraturbanken.se\/ljudochbild\/2023\/12\/13\/litteraturbankens-julklappslada\/\"><img loading=\"lazy\" decoding=\"async\" width=\"640\" height=\"748\" src=\"https:\/\/litteraturbanken.se\/ljudochbild\/wp-content\/uploads\/2023\/12\/julklappslada-876x1024.jpg\" class=\"attachment-large size-large wp-post-image\" alt=\"Litteraturbankens julklappsl\u00e5da\" srcset=\"https:\/\/litteraturbanken.se\/ljudochbild\/wp-content\/uploads\/2023\/12\/julklappslada-876x1024.jpg 876w, https:\/\/litteraturbanken.se\/ljudochbild\/wp-content\/uploads\/2023\/12\/julklappslada-257x300.jpg 257w, https:\/\/litteraturbanken.se\/ljudochbild\/wp-content\/uploads\/2023\/12\/julklappslada-768x898.jpg 768w, https:\/\/litteraturbanken.se\/ljudochbild\/wp-content\/uploads\/2023\/12\/julklappslada-480x561.jpg 480w, https:\/\/litteraturbanken.se\/ljudochbild\/wp-content\/uploads\/2023\/12\/julklappslada.jpg 1200w\" sizes=\"auto, (max-width: 640px) 100vw, 640px\" \/><\/a> <a class=\"title\" href=\"https:\/\/litteraturbanken.se\/ljudochbild\/2023\/12\/13\/litteraturbankens-julklappslada\/\">Julklappsl\u00e5dan 2023<\/a><\/div><div class=\"listing-item\"><a class=\"image\" href=\"https:\/\/litteraturbanken.se\/ljudochbild\/2023\/10\/31\/illustratorens-flit\/\"><img loading=\"lazy\" decoding=\"async\" width=\"640\" height=\"913\" src=\"https:\/\/litteraturbanken.se\/ljudochbild\/wp-content\/uploads\/2023\/10\/den_kampande_anden-718x1024.jpg\" class=\"attachment-large size-large wp-post-image\" alt=\"Den k\u00e4mpande anden, bokomslag av Jenny Nystr\u00f6m\" srcset=\"https:\/\/litteraturbanken.se\/ljudochbild\/wp-content\/uploads\/2023\/10\/den_kampande_anden-718x1024.jpg 718w, https:\/\/litteraturbanken.se\/ljudochbild\/wp-content\/uploads\/2023\/10\/den_kampande_anden-210x300.jpg 210w, https:\/\/litteraturbanken.se\/ljudochbild\/wp-content\/uploads\/2023\/10\/den_kampande_anden-768x1096.jpg 768w, https:\/\/litteraturbanken.se\/ljudochbild\/wp-content\/uploads\/2023\/10\/den_kampande_anden-1077x1536.jpg 1077w, https:\/\/litteraturbanken.se\/ljudochbild\/wp-content\/uploads\/2023\/10\/den_kampande_anden-480x685.jpg 480w, https:\/\/litteraturbanken.se\/ljudochbild\/wp-content\/uploads\/2023\/10\/den_kampande_anden.jpg 1200w\" sizes=\"auto, (max-width: 640px) 100vw, 640px\" \/><\/a> <a class=\"title\" href=\"https:\/\/litteraturbanken.se\/ljudochbild\/2023\/10\/31\/illustratorens-flit\/\">Illustrat\u00f6rens flit<\/a><\/div><div class=\"listing-item\"><a class=\"image\" href=\"https:\/\/litteraturbanken.se\/ljudochbild\/2022\/12\/24\/verket-viktor-rydberg-tomten\/\"><img loading=\"lazy\" decoding=\"async\" width=\"640\" height=\"640\" src=\"https:\/\/litteraturbanken.se\/ljudochbild\/wp-content\/uploads\/2023\/01\/viktor-rydberg-tomten-1024x1024.jpg\" class=\"attachment-large size-large wp-post-image\" alt=\"Viktor Rydberg Tomten\" srcset=\"https:\/\/litteraturbanken.se\/ljudochbild\/wp-content\/uploads\/2023\/01\/viktor-rydberg-tomten-1024x1024.jpg 1024w, https:\/\/litteraturbanken.se\/ljudochbild\/wp-content\/uploads\/2023\/01\/viktor-rydberg-tomten-300x300.jpg 300w, https:\/\/litteraturbanken.se\/ljudochbild\/wp-content\/uploads\/2023\/01\/viktor-rydberg-tomten-150x150.jpg 150w, https:\/\/litteraturbanken.se\/ljudochbild\/wp-content\/uploads\/2023\/01\/viktor-rydberg-tomten-768x768.jpg 768w, https:\/\/litteraturbanken.se\/ljudochbild\/wp-content\/uploads\/2023\/01\/viktor-rydberg-tomten-1536x1536.jpg 1536w, https:\/\/litteraturbanken.se\/ljudochbild\/wp-content\/uploads\/2023\/01\/viktor-rydberg-tomten-480x480.jpg 480w, https:\/\/litteraturbanken.se\/ljudochbild\/wp-content\/uploads\/2023\/01\/viktor-rydberg-tomten.jpg 1612w\" sizes=\"auto, (max-width: 640px) 100vw, 640px\" \/><\/a> <a class=\"title\" href=\"https:\/\/litteraturbanken.se\/ljudochbild\/2022\/12\/24\/verket-viktor-rydberg-tomten\/\">Verket: Tomten<\/a><\/div><\/div>\r\n\r\n\n","protected":false},"excerpt":{"rendered":"<p>\u201dJenny Nystr\u00f6m var konstn\u00e4r och illustrat\u00f6r. Hon var den f\u00f6rsta kvinnan i Sverige som erh\u00f6ll den Kungliga medaljen f\u00f6r sitt historiem\u00e5leri. F\u00f6r efterv\u00e4rlden \u00e4r hon mest k\u00e4nd f\u00f6r sina tomtebilder.\u201d \u201dJenny Nystr\u00f6m f\u00f6ddes i Kalmar. Hon var dotter [&hellip;]<\/p>\n","protected":false},"author":5,"featured_media":10400,"parent":7,"menu_order":0,"comment_status":"closed","ping_status":"closed","template":"","meta":{"footnotes":""},"class_list":["post-10467","page","type-page","status-publish","has-post-thumbnail","hentry"],"yoast_head":"<!-- This site is optimized with the Yoast SEO plugin v27.1.1 - https:\/\/yoast.com\/product\/yoast-seo-wordpress\/ -->\n<title>Jenny Nystr\u00f6m (1854\u20131946) - Ljud &amp; Bild<\/title>\n<meta name=\"robots\" content=\"index, follow, max-snippet:-1, max-image-preview:large, max-video-preview:-1\" \/>\n<link rel=\"canonical\" href=\"https:\/\/litteraturbanken.se\/ljudochbild\/forfattare\/nystromj\/\" \/>\n<meta property=\"og:locale\" content=\"sv_SE\" \/>\n<meta property=\"og:type\" content=\"article\" \/>\n<meta property=\"og:title\" content=\"Jenny Nystr\u00f6m (1854\u20131946) - Ljud &amp; Bild\" \/>\n<meta property=\"og:description\" content=\"\u201dJenny Nystr\u00f6m var konstn\u00e4r och illustrat\u00f6r. Hon var den f\u00f6rsta kvinnan i Sverige som erh\u00f6ll den Kungliga medaljen f\u00f6r sitt historiem\u00e5leri. F\u00f6r efterv\u00e4rlden \u00e4r hon mest k\u00e4nd f\u00f6r sina tomtebilder.\u201d \u201dJenny Nystr\u00f6m f\u00f6ddes i Kalmar. Hon var dotter [&hellip;]\" \/>\n<meta property=\"og:url\" content=\"https:\/\/litteraturbanken.se\/ljudochbild\/forfattare\/nystromj\/\" \/>\n<meta property=\"og:site_name\" content=\"Ljud &amp; Bild\" \/>\n<meta property=\"article:publisher\" content=\"https:\/\/www.facebook.com\/Litteraturbanken.se\" \/>\n<meta property=\"article:modified_time\" content=\"2024-09-09T07:09:34+00:00\" \/>\n<meta property=\"og:image\" content=\"https:\/\/litteraturbanken.se\/ljudochbild\/wp-content\/uploads\/2023\/12\/jennynystrom.jpg\" \/>\n\t<meta property=\"og:image:width\" content=\"1200\" \/>\n\t<meta property=\"og:image:height\" content=\"1272\" \/>\n\t<meta property=\"og:image:type\" content=\"image\/jpeg\" \/>\n<meta name=\"twitter:card\" content=\"summary_large_image\" \/>\n<meta name=\"twitter:site\" content=\"@litteraturbank\" \/>\n<meta name=\"twitter:label1\" content=\"Ber\u00e4knad l\u00e4stid\" \/>\n\t<meta name=\"twitter:data1\" content=\"2 minuter\" \/>\n<script type=\"application\/ld+json\" class=\"yoast-schema-graph\">{\"@context\":\"https:\/\/schema.org\",\"@graph\":[{\"@type\":\"WebPage\",\"@id\":\"https:\/\/litteraturbanken.se\/ljudochbild\/forfattare\/nystromj\/\",\"url\":\"https:\/\/litteraturbanken.se\/ljudochbild\/forfattare\/nystromj\/\",\"name\":\"Jenny Nystr\u00f6m (1854\u20131946) - Ljud &amp; Bild\",\"isPartOf\":{\"@id\":\"https:\/\/litteraturbanken.se\/ljudochbild\/#website\"},\"primaryImageOfPage\":{\"@id\":\"https:\/\/litteraturbanken.se\/ljudochbild\/forfattare\/nystromj\/#primaryimage\"},\"image\":{\"@id\":\"https:\/\/litteraturbanken.se\/ljudochbild\/forfattare\/nystromj\/#primaryimage\"},\"thumbnailUrl\":\"https:\/\/litteraturbanken.se\/ljudochbild\/wp-content\/uploads\/2023\/12\/jennynystrom.jpg\",\"datePublished\":\"2024-03-01T10:45:32+00:00\",\"dateModified\":\"2024-09-09T07:09:34+00:00\",\"breadcrumb\":{\"@id\":\"https:\/\/litteraturbanken.se\/ljudochbild\/forfattare\/nystromj\/#breadcrumb\"},\"inLanguage\":\"sv-SE\",\"potentialAction\":[{\"@type\":\"ReadAction\",\"target\":[\"https:\/\/litteraturbanken.se\/ljudochbild\/forfattare\/nystromj\/\"]}]},{\"@type\":\"ImageObject\",\"inLanguage\":\"sv-SE\",\"@id\":\"https:\/\/litteraturbanken.se\/ljudochbild\/forfattare\/nystromj\/#primaryimage\",\"url\":\"https:\/\/litteraturbanken.se\/ljudochbild\/wp-content\/uploads\/2023\/12\/jennynystrom.jpg\",\"contentUrl\":\"https:\/\/litteraturbanken.se\/ljudochbild\/wp-content\/uploads\/2023\/12\/jennynystrom.jpg\",\"width\":1200,\"height\":1272,\"caption\":\"Jenny Nystr\u00f6m\"},{\"@type\":\"BreadcrumbList\",\"@id\":\"https:\/\/litteraturbanken.se\/ljudochbild\/forfattare\/nystromj\/#breadcrumb\",\"itemListElement\":[{\"@type\":\"ListItem\",\"position\":1,\"name\":\"Hem\",\"item\":\"https:\/\/litteraturbanken.se\/ljudochbild\/\"},{\"@type\":\"ListItem\",\"position\":2,\"name\":\"F\u00f6rfattare\",\"item\":\"https:\/\/litteraturbanken.se\/ljudochbild\/forfattare\/\"},{\"@type\":\"ListItem\",\"position\":3,\"name\":\"Jenny Nystr\u00f6m (1854\u20131946)\"}]},{\"@type\":\"WebSite\",\"@id\":\"https:\/\/litteraturbanken.se\/ljudochbild\/#website\",\"url\":\"https:\/\/litteraturbanken.se\/ljudochbild\/\",\"name\":\"Ljud & Bild\",\"description\":\"Ur Litteraturbankens samlingar\",\"potentialAction\":[{\"@type\":\"SearchAction\",\"target\":{\"@type\":\"EntryPoint\",\"urlTemplate\":\"https:\/\/litteraturbanken.se\/ljudochbild\/?s={search_term_string}\"},\"query-input\":{\"@type\":\"PropertyValueSpecification\",\"valueRequired\":true,\"valueName\":\"search_term_string\"}}],\"inLanguage\":\"sv-SE\"}]}<\/script>\n<!-- \/ Yoast SEO plugin. -->","yoast_head_json":{"title":"Jenny Nystr\u00f6m (1854\u20131946) - Ljud &amp; Bild","robots":{"index":"index","follow":"follow","max-snippet":"max-snippet:-1","max-image-preview":"max-image-preview:large","max-video-preview":"max-video-preview:-1"},"canonical":"https:\/\/litteraturbanken.se\/ljudochbild\/forfattare\/nystromj\/","og_locale":"sv_SE","og_type":"article","og_title":"Jenny Nystr\u00f6m (1854\u20131946) - Ljud &amp; Bild","og_description":"\u201dJenny Nystr\u00f6m var konstn\u00e4r och illustrat\u00f6r. Hon var den f\u00f6rsta kvinnan i Sverige som erh\u00f6ll den Kungliga medaljen f\u00f6r sitt historiem\u00e5leri. F\u00f6r efterv\u00e4rlden \u00e4r hon mest k\u00e4nd f\u00f6r sina tomtebilder.\u201d \u201dJenny Nystr\u00f6m f\u00f6ddes i Kalmar. Hon var dotter [&hellip;]","og_url":"https:\/\/litteraturbanken.se\/ljudochbild\/forfattare\/nystromj\/","og_site_name":"Ljud &amp; Bild","article_publisher":"https:\/\/www.facebook.com\/Litteraturbanken.se","article_modified_time":"2024-09-09T07:09:34+00:00","og_image":[{"width":1200,"height":1272,"url":"https:\/\/litteraturbanken.se\/ljudochbild\/wp-content\/uploads\/2023\/12\/jennynystrom.jpg","type":"image\/jpeg"}],"twitter_card":"summary_large_image","twitter_site":"@litteraturbank","twitter_misc":{"Ber\u00e4knad l\u00e4stid":"2 minuter"},"schema":{"@context":"https:\/\/schema.org","@graph":[{"@type":"WebPage","@id":"https:\/\/litteraturbanken.se\/ljudochbild\/forfattare\/nystromj\/","url":"https:\/\/litteraturbanken.se\/ljudochbild\/forfattare\/nystromj\/","name":"Jenny Nystr\u00f6m (1854\u20131946) - Ljud &amp; Bild","isPartOf":{"@id":"https:\/\/litteraturbanken.se\/ljudochbild\/#website"},"primaryImageOfPage":{"@id":"https:\/\/litteraturbanken.se\/ljudochbild\/forfattare\/nystromj\/#primaryimage"},"image":{"@id":"https:\/\/litteraturbanken.se\/ljudochbild\/forfattare\/nystromj\/#primaryimage"},"thumbnailUrl":"https:\/\/litteraturbanken.se\/ljudochbild\/wp-content\/uploads\/2023\/12\/jennynystrom.jpg","datePublished":"2024-03-01T10:45:32+00:00","dateModified":"2024-09-09T07:09:34+00:00","breadcrumb":{"@id":"https:\/\/litteraturbanken.se\/ljudochbild\/forfattare\/nystromj\/#breadcrumb"},"inLanguage":"sv-SE","potentialAction":[{"@type":"ReadAction","target":["https:\/\/litteraturbanken.se\/ljudochbild\/forfattare\/nystromj\/"]}]},{"@type":"ImageObject","inLanguage":"sv-SE","@id":"https:\/\/litteraturbanken.se\/ljudochbild\/forfattare\/nystromj\/#primaryimage","url":"https:\/\/litteraturbanken.se\/ljudochbild\/wp-content\/uploads\/2023\/12\/jennynystrom.jpg","contentUrl":"https:\/\/litteraturbanken.se\/ljudochbild\/wp-content\/uploads\/2023\/12\/jennynystrom.jpg","width":1200,"height":1272,"caption":"Jenny Nystr\u00f6m"},{"@type":"BreadcrumbList","@id":"https:\/\/litteraturbanken.se\/ljudochbild\/forfattare\/nystromj\/#breadcrumb","itemListElement":[{"@type":"ListItem","position":1,"name":"Hem","item":"https:\/\/litteraturbanken.se\/ljudochbild\/"},{"@type":"ListItem","position":2,"name":"F\u00f6rfattare","item":"https:\/\/litteraturbanken.se\/ljudochbild\/forfattare\/"},{"@type":"ListItem","position":3,"name":"Jenny Nystr\u00f6m (1854\u20131946)"}]},{"@type":"WebSite","@id":"https:\/\/litteraturbanken.se\/ljudochbild\/#website","url":"https:\/\/litteraturbanken.se\/ljudochbild\/","name":"Ljud & Bild","description":"Ur Litteraturbankens samlingar","potentialAction":[{"@type":"SearchAction","target":{"@type":"EntryPoint","urlTemplate":"https:\/\/litteraturbanken.se\/ljudochbild\/?s={search_term_string}"},"query-input":{"@type":"PropertyValueSpecification","valueRequired":true,"valueName":"search_term_string"}}],"inLanguage":"sv-SE"}]}},"_links":{"self":[{"href":"https:\/\/litteraturbanken.se\/ljudochbild\/wp-json\/wp\/v2\/pages\/10467","targetHints":{"allow":["GET"]}}],"collection":[{"href":"https:\/\/litteraturbanken.se\/ljudochbild\/wp-json\/wp\/v2\/pages"}],"about":[{"href":"https:\/\/litteraturbanken.se\/ljudochbild\/wp-json\/wp\/v2\/types\/page"}],"author":[{"embeddable":true,"href":"https:\/\/litteraturbanken.se\/ljudochbild\/wp-json\/wp\/v2\/users\/5"}],"replies":[{"embeddable":true,"href":"https:\/\/litteraturbanken.se\/ljudochbild\/wp-json\/wp\/v2\/comments?post=10467"}],"version-history":[{"count":12,"href":"https:\/\/litteraturbanken.se\/ljudochbild\/wp-json\/wp\/v2\/pages\/10467\/revisions"}],"predecessor-version":[{"id":11586,"href":"https:\/\/litteraturbanken.se\/ljudochbild\/wp-json\/wp\/v2\/pages\/10467\/revisions\/11586"}],"up":[{"embeddable":true,"href":"https:\/\/litteraturbanken.se\/ljudochbild\/wp-json\/wp\/v2\/pages\/7"}],"wp:featuredmedia":[{"embeddable":true,"href":"https:\/\/litteraturbanken.se\/ljudochbild\/wp-json\/wp\/v2\/media\/10400"}],"wp:attachment":[{"href":"https:\/\/litteraturbanken.se\/ljudochbild\/wp-json\/wp\/v2\/media?parent=10467"}],"curies":[{"name":"wp","href":"https:\/\/api.w.org\/{rel}","templated":true}]}}