{"id":11123,"date":"2024-04-26T13:43:50","date_gmt":"2024-04-26T11:43:50","guid":{"rendered":"https:\/\/litteraturbanken.se\/ljudochbild\/?page_id=11123"},"modified":"2024-04-26T13:43:51","modified_gmt":"2024-04-26T11:43:51","slug":"bosseh","status":"publish","type":"page","link":"https:\/\/litteraturbanken.se\/ljudochbild\/upplasare\/bosseh\/","title":{"rendered":"Harriet Bosse (1878\u20131961)"},"content":{"rendered":"<div class=\"wp-block-image\">\n<figure class=\"alignright size-large is-resized\"><img loading=\"lazy\" decoding=\"async\" width=\"716\" height=\"1024\" src=\"https:\/\/litteraturbanken.se\/ljudochbild\/wp-content\/uploads\/2024\/04\/harriet_Bosse-716x1024.jpg\" alt=\"Harriet Bosse\" class=\"wp-image-11125\" style=\"width:184px;height:auto\" srcset=\"https:\/\/litteraturbanken.se\/ljudochbild\/wp-content\/uploads\/2024\/04\/harriet_Bosse-716x1024.jpg 716w, https:\/\/litteraturbanken.se\/ljudochbild\/wp-content\/uploads\/2024\/04\/harriet_Bosse-210x300.jpg 210w, https:\/\/litteraturbanken.se\/ljudochbild\/wp-content\/uploads\/2024\/04\/harriet_Bosse-768x1099.jpg 768w, https:\/\/litteraturbanken.se\/ljudochbild\/wp-content\/uploads\/2024\/04\/harriet_Bosse-1074x1536.jpg 1074w, https:\/\/litteraturbanken.se\/ljudochbild\/wp-content\/uploads\/2024\/04\/harriet_Bosse-480x687.jpg 480w, https:\/\/litteraturbanken.se\/ljudochbild\/wp-content\/uploads\/2024\/04\/harriet_Bosse.jpg 1200w\" sizes=\"auto, (max-width: 716px) 100vw, 716px\" \/><\/figure>\n<\/div>\n\n\n<p>\u201dHarriet Bosse var en av Sveriges mest ansedda sk\u00e5despelare under de f\u00f6rsta decennierna av 1900-talet. Genom sitt \u00e4ktenskap med f\u00f6rfattaren <a href=\"https:\/\/litteraturbanken.se\/f\u00f6rfattare\/StrindbergA\" target=\"_blank\" rel=\"noreferrer noopener\">August Strindberg<\/a> p\u00e5verkade hon hans litter\u00e4ra produktion.<\/p>\n\n\n\n<p>Harriet Bosse f\u00f6ddes 1878 i Kristiania (nuvarande Oslo) som yngsta dotter till bokhandlare och f\u00f6rl\u00e4ggare Johann Heinrich Bosse. Tv\u00e5 av hennes \u00e4ldre systrar var verksamma inom teatern vilket blev avg\u00f6rande f\u00f6r hennes karri\u00e4r: Alma var en beg\u00e5vad komedienne som sannolikt var Harriet Bosses viktigaste l\u00e4rare i scenframst\u00e4llning och Dagmar var konsert- och operas\u00e5ngerska. H\u00f6sten 1894 reste Harriet Bosse till Stockholm f\u00f6r att utbilda sig vid Kungl. Musikkonservatoriet i syfte att bli musikl\u00e4rare. \u00c5r 1896 fick hon sin examen med huvud\u00e4mnet solos\u00e5ng.\u201d<\/p>\n\n\n\n<p>Stycket har vi l\u00e5nat fr\u00e5n H\u00e9l\u00e8ne Ohlssons presentation av Bosse hos <a href=\"https:\/\/skbl.se\/sv\/artikel\/HarrietBosse\" target=\"_blank\" rel=\"noreferrer noopener\">Svenskt kvinnobiografiskt lexikon<\/a>.<\/p>\n\n\n\n<div style=\"height:20px\" aria-hidden=\"true\" class=\"wp-block-spacer\"><\/div>\n\n\n\n<div class=\"wp-block-buttons is-layout-flex wp-block-buttons-is-layout-flex\">\n<div class=\"wp-block-button has-custom-font-size read-more-button\" style=\"font-size:14px\"><a class=\"wp-block-button__link has-white-color has-text-color has-background wp-element-button\" href=\"https:\/\/skbl.se\/sv\/artikel\/HarrietBosse\" style=\"border-radius:0px;background-color:#cd2400\" target=\"_blank\" rel=\"noopener\"><strong>L\u00c4S MER OM HARRIET BOSSE<\/strong><\/a><\/div>\n<\/div>\n\n\n\n<div style=\"height:50px\" aria-hidden=\"true\" class=\"wp-block-spacer\"><\/div>\n\n\n\n<p>I Litteraturbankens ljudsamlingar \u00e4r Bosse representerad som inl\u00e4sare av <a href=\"https:\/\/litteraturbanken.se\/f%C3%B6rfattare\/StrindbergA\/titlar\/EttDr%C3%B6mspel\/sida\/87\/etext?show_search_work&amp;hit_index=0&amp;s_query=kaklugns&amp;s_lbworkid=lb262910&amp;s_mediatype=etext&amp;s_word_form_only\" target=\"_blank\" rel=\"noreferrer noopener\">\u201dVindarnas klagan\u201d<\/a> ur August Strindbergs <em><a href=\"https:\/\/litteraturbanken.se\/f\u00f6rfattare\/StrindbergA\/titlar\/EttDr\u00f6mspel\/sida\/3\/etext\">Ett dr\u00f6mspel<\/a><\/em> (1907). Inspelningen tillg\u00e4ngligg\u00f6rs med tillst\u00e5nd fr\u00e5n Sveriges Radio.<\/p>\n\n\n\n<div class=\"wp-playlist wp-audio-playlist wp-playlist-light\">\n\t\t\t<div class=\"wp-playlist-current-item\"><\/div>\n\t\t<audio controls=\"controls\" preload=\"none\" width=\"618\"\n\t\t\t><\/audio>\n\t<div class=\"wp-playlist-next\"><\/div>\n\t<div class=\"wp-playlist-prev\"><\/div>\n\t<noscript>\n\t<ol>\n\t\t<li><a href='https:\/\/litteraturbanken.se\/ljudochbild\/wp-content\/uploads\/2024\/04\/strindberg_urettdromspel_bosse.mp3'>Ur Ett dr\u00f6mspel<\/a><\/li>\t<\/ol>\n\t<\/noscript>\n\t<script type=\"application\/json\" class=\"wp-playlist-script\">{\"type\":\"audio\",\"tracklist\":true,\"tracknumbers\":true,\"images\":true,\"artists\":true,\"tracks\":[{\"src\":\"https:\/\/litteraturbanken.se\/ljudochbild\/wp-content\/uploads\/2024\/04\/strindberg_urettdromspel_bosse.mp3\",\"type\":\"audio\/mpeg\",\"title\":\"Ur Ett dr\\u00f6mspel\",\"caption\":\"\",\"description\":\"\\u201dIndras dotter\\u201d fr\\u00e5n August Strindberg av Harriet Bosse framf\\u00f6r stycken ur \\u2019Ett dr\\u00f6mspel\\u2019 (1947).\",\"meta\":{\"artist\":\"Harriet Bosse framf\\u00f6r stycken ur \\u201dEtt dr\\u00f6mspel\\u201d (1947)\",\"album\":\"August Strindberg\",\"length_formatted\":\"15:33\"},\"image\":{\"src\":\"https:\/\/litteraturbanken.se\/ljudochbild\/wp-content\/uploads\/2019\/09\/wide_gub_wide-mp3-image.png\",\"width\":580,\"height\":612},\"thumb\":{\"src\":\"https:\/\/litteraturbanken.se\/ljudochbild\/wp-content\/uploads\/2019\/09\/wide_gub_wide-mp3-image-150x150.png\",\"width\":150,\"height\":150}}]}<\/script>\n<\/div>\n\t\n\n\n\n<p><em><em>Fotografiet av Harriet Bosse ovanf\u00f6r togs av Anton Blomberg omkring 1905. Vi har vi l\u00e5nat bilden av <a href=\"https:\/\/calmview.statensmusikverk.se\/CalmView\/Record.aspx?src=CalmView.Catalog&amp;id=GB145\">Musik- och Teaterbiblioteket<\/a>. <\/em><\/em><\/p>\n\n\n<h3 class=\"wp-block-heading author-related-title\">L\u00e4s mer<\/h3>\r\n<div class=\"display-posts-listing grid\"><div class=\"listing-item\"><a class=\"image\" href=\"https:\/\/litteraturbanken.se\/ljudochbild\/2024\/04\/22\/harriet-bosse-ett-dromspel\/\"><img loading=\"lazy\" decoding=\"async\" width=\"640\" height=\"923\" src=\"https:\/\/litteraturbanken.se\/ljudochbild\/wp-content\/uploads\/2024\/04\/indra-710x1024.jpg\" class=\"attachment-large size-large wp-post-image\" alt=\"Harriet Bosse som Indra\" srcset=\"https:\/\/litteraturbanken.se\/ljudochbild\/wp-content\/uploads\/2024\/04\/indra-710x1024.jpg 710w, https:\/\/litteraturbanken.se\/ljudochbild\/wp-content\/uploads\/2024\/04\/indra-208x300.jpg 208w, https:\/\/litteraturbanken.se\/ljudochbild\/wp-content\/uploads\/2024\/04\/indra-768x1107.jpg 768w, https:\/\/litteraturbanken.se\/ljudochbild\/wp-content\/uploads\/2024\/04\/indra-1065x1536.jpg 1065w, https:\/\/litteraturbanken.se\/ljudochbild\/wp-content\/uploads\/2024\/04\/indra-480x692.jpg 480w, https:\/\/litteraturbanken.se\/ljudochbild\/wp-content\/uploads\/2024\/04\/indra.jpg 1200w\" sizes=\"auto, (max-width: 640px) 100vw, 640px\" \/><\/a> <a class=\"title\" href=\"https:\/\/litteraturbanken.se\/ljudochbild\/2024\/04\/22\/harriet-bosse-ett-dromspel\/\">Vindarnas klagan<\/a><\/div><div class=\"listing-item\"><a class=\"image\" href=\"https:\/\/litteraturbanken.se\/ljudochbild\/2024\/05\/23\/august-strindbergs-dotter\/\"><img loading=\"lazy\" decoding=\"async\" width=\"640\" height=\"571\" src=\"https:\/\/litteraturbanken.se\/ljudochbild\/wp-content\/uploads\/2024\/05\/wyller_strindberg-1024x913.jpg\" class=\"attachment-large size-large wp-post-image\" alt=\"August Strindberg och dottern Anne-Marie Hagelin\" srcset=\"https:\/\/litteraturbanken.se\/ljudochbild\/wp-content\/uploads\/2024\/05\/wyller_strindberg-1024x913.jpg 1024w, https:\/\/litteraturbanken.se\/ljudochbild\/wp-content\/uploads\/2024\/05\/wyller_strindberg-300x268.jpg 300w, https:\/\/litteraturbanken.se\/ljudochbild\/wp-content\/uploads\/2024\/05\/wyller_strindberg-768x685.jpg 768w, https:\/\/litteraturbanken.se\/ljudochbild\/wp-content\/uploads\/2024\/05\/wyller_strindberg-480x428.jpg 480w, https:\/\/litteraturbanken.se\/ljudochbild\/wp-content\/uploads\/2024\/05\/wyller_strindberg.jpg 1200w\" sizes=\"auto, (max-width: 640px) 100vw, 640px\" \/><\/a> <a class=\"title\" href=\"https:\/\/litteraturbanken.se\/ljudochbild\/2024\/05\/23\/august-strindbergs-dotter\/\">Strindbergs dotter<\/a><\/div><div class=\"listing-item\"><a class=\"image\" href=\"https:\/\/litteraturbanken.se\/ljudochbild\/2022\/10\/24\/august-strindberg-ett-dromspel\/\"><img loading=\"lazy\" decoding=\"async\" width=\"640\" height=\"935\" src=\"https:\/\/litteraturbanken.se\/ljudochbild\/wp-content\/uploads\/2022\/10\/lob_dramaklassiker3-701x1024.jpg\" class=\"attachment-large size-large wp-post-image\" alt=\"Ett dr\u00f6mspel i radio\" srcset=\"https:\/\/litteraturbanken.se\/ljudochbild\/wp-content\/uploads\/2022\/10\/lob_dramaklassiker3-701x1024.jpg 701w, https:\/\/litteraturbanken.se\/ljudochbild\/wp-content\/uploads\/2022\/10\/lob_dramaklassiker3-205x300.jpg 205w, https:\/\/litteraturbanken.se\/ljudochbild\/wp-content\/uploads\/2022\/10\/lob_dramaklassiker3-768x1122.jpg 768w, https:\/\/litteraturbanken.se\/ljudochbild\/wp-content\/uploads\/2022\/10\/lob_dramaklassiker3-1051x1536.jpg 1051w, https:\/\/litteraturbanken.se\/ljudochbild\/wp-content\/uploads\/2022\/10\/lob_dramaklassiker3-480x701.jpg 480w, https:\/\/litteraturbanken.se\/ljudochbild\/wp-content\/uploads\/2022\/10\/lob_dramaklassiker3.jpg 1200w\" sizes=\"auto, (max-width: 640px) 100vw, 640px\" \/><\/a> <a class=\"title\" href=\"https:\/\/litteraturbanken.se\/ljudochbild\/2022\/10\/24\/august-strindberg-ett-dromspel\/\">Strindbergs dr\u00f6mspel<\/a><\/div><\/div>\r\n\r\n\n","protected":false},"excerpt":{"rendered":"<p>\u201dHarriet Bosse var en av Sveriges mest ansedda sk\u00e5despelare under de f\u00f6rsta decennierna av 1900-talet. Genom sitt \u00e4ktenskap med f\u00f6rfattaren August Strindberg p\u00e5verkade hon hans litter\u00e4ra produktion. Harriet Bosse f\u00f6ddes 1878 i Kristiania (nuvarande Oslo) som yngsta dotter [&hellip;]<\/p>\n","protected":false},"author":5,"featured_media":11125,"parent":8,"menu_order":0,"comment_status":"closed","ping_status":"closed","template":"","meta":{"footnotes":""},"class_list":["post-11123","page","type-page","status-publish","has-post-thumbnail","hentry"],"yoast_head":"<!-- This site is optimized with the Yoast SEO plugin v27.1.1 - https:\/\/yoast.com\/product\/yoast-seo-wordpress\/ -->\n<title>Harriet Bosse (1878\u20131961) - Ljud &amp; Bild<\/title>\n<meta name=\"description\" content=\"Harriet Bosse var en av Sveriges mest ansedda sk\u00e5despelare under de f\u00f6rsta decennierna av 1900-talet. Genom sitt \u00e4ktenskap med f\u00f6rfattaren...\" \/>\n<meta name=\"robots\" content=\"index, follow, max-snippet:-1, max-image-preview:large, max-video-preview:-1\" \/>\n<link rel=\"canonical\" href=\"https:\/\/litteraturbanken.se\/ljudochbild\/upplasare\/bosseh\/\" \/>\n<meta property=\"og:locale\" content=\"sv_SE\" \/>\n<meta property=\"og:type\" content=\"article\" \/>\n<meta property=\"og:title\" content=\"Harriet Bosse (1878\u20131961) - Ljud &amp; Bild\" \/>\n<meta property=\"og:description\" content=\"Harriet Bosse var en av Sveriges mest ansedda sk\u00e5despelare under de f\u00f6rsta decennierna av 1900-talet. Genom sitt \u00e4ktenskap med f\u00f6rfattaren...\" \/>\n<meta property=\"og:url\" content=\"https:\/\/litteraturbanken.se\/ljudochbild\/upplasare\/bosseh\/\" \/>\n<meta property=\"og:site_name\" content=\"Ljud &amp; Bild\" \/>\n<meta property=\"article:publisher\" content=\"https:\/\/www.facebook.com\/Litteraturbanken.se\" \/>\n<meta property=\"article:modified_time\" content=\"2024-04-26T11:43:51+00:00\" \/>\n<meta property=\"og:image\" content=\"https:\/\/litteraturbanken.se\/ljudochbild\/wp-content\/uploads\/2024\/04\/harriet_Bosse.jpg\" \/>\n\t<meta property=\"og:image:width\" content=\"1200\" \/>\n\t<meta property=\"og:image:height\" content=\"1717\" \/>\n\t<meta property=\"og:image:type\" content=\"image\/jpeg\" \/>\n<meta name=\"twitter:card\" content=\"summary_large_image\" \/>\n<meta name=\"twitter:site\" content=\"@litteraturbank\" \/>\n<meta name=\"twitter:label1\" content=\"Ber\u00e4knad l\u00e4stid\" \/>\n\t<meta name=\"twitter:data1\" content=\"2 minuter\" \/>\n<script type=\"application\/ld+json\" class=\"yoast-schema-graph\">{\"@context\":\"https:\/\/schema.org\",\"@graph\":[{\"@type\":\"WebPage\",\"@id\":\"https:\/\/litteraturbanken.se\/ljudochbild\/upplasare\/bosseh\/\",\"url\":\"https:\/\/litteraturbanken.se\/ljudochbild\/upplasare\/bosseh\/\",\"name\":\"Harriet Bosse (1878\u20131961) - Ljud &amp; Bild\",\"isPartOf\":{\"@id\":\"https:\/\/litteraturbanken.se\/ljudochbild\/#website\"},\"primaryImageOfPage\":{\"@id\":\"https:\/\/litteraturbanken.se\/ljudochbild\/upplasare\/bosseh\/#primaryimage\"},\"image\":{\"@id\":\"https:\/\/litteraturbanken.se\/ljudochbild\/upplasare\/bosseh\/#primaryimage\"},\"thumbnailUrl\":\"https:\/\/litteraturbanken.se\/ljudochbild\/wp-content\/uploads\/2024\/04\/harriet_Bosse.jpg\",\"datePublished\":\"2024-04-26T11:43:50+00:00\",\"dateModified\":\"2024-04-26T11:43:51+00:00\",\"description\":\"Harriet Bosse var en av Sveriges mest ansedda sk\u00e5despelare under de f\u00f6rsta decennierna av 1900-talet. Genom sitt \u00e4ktenskap med f\u00f6rfattaren...\",\"breadcrumb\":{\"@id\":\"https:\/\/litteraturbanken.se\/ljudochbild\/upplasare\/bosseh\/#breadcrumb\"},\"inLanguage\":\"sv-SE\",\"potentialAction\":[{\"@type\":\"ReadAction\",\"target\":[\"https:\/\/litteraturbanken.se\/ljudochbild\/upplasare\/bosseh\/\"]}]},{\"@type\":\"ImageObject\",\"inLanguage\":\"sv-SE\",\"@id\":\"https:\/\/litteraturbanken.se\/ljudochbild\/upplasare\/bosseh\/#primaryimage\",\"url\":\"https:\/\/litteraturbanken.se\/ljudochbild\/wp-content\/uploads\/2024\/04\/harriet_Bosse.jpg\",\"contentUrl\":\"https:\/\/litteraturbanken.se\/ljudochbild\/wp-content\/uploads\/2024\/04\/harriet_Bosse.jpg\",\"width\":1200,\"height\":1717,\"caption\":\"Harriet Bosse\"},{\"@type\":\"BreadcrumbList\",\"@id\":\"https:\/\/litteraturbanken.se\/ljudochbild\/upplasare\/bosseh\/#breadcrumb\",\"itemListElement\":[{\"@type\":\"ListItem\",\"position\":1,\"name\":\"Hem\",\"item\":\"https:\/\/litteraturbanken.se\/ljudochbild\/\"},{\"@type\":\"ListItem\",\"position\":2,\"name\":\"Privat: Uppl\u00e4sare\",\"item\":\"https:\/\/litteraturbanken.se\/ljudochbild\/?page_id=8\"},{\"@type\":\"ListItem\",\"position\":3,\"name\":\"Harriet Bosse (1878\u20131961)\"}]},{\"@type\":\"WebSite\",\"@id\":\"https:\/\/litteraturbanken.se\/ljudochbild\/#website\",\"url\":\"https:\/\/litteraturbanken.se\/ljudochbild\/\",\"name\":\"Ljud & Bild\",\"description\":\"Ur Litteraturbankens samlingar\",\"potentialAction\":[{\"@type\":\"SearchAction\",\"target\":{\"@type\":\"EntryPoint\",\"urlTemplate\":\"https:\/\/litteraturbanken.se\/ljudochbild\/?s={search_term_string}\"},\"query-input\":{\"@type\":\"PropertyValueSpecification\",\"valueRequired\":true,\"valueName\":\"search_term_string\"}}],\"inLanguage\":\"sv-SE\"}]}<\/script>\n<!-- \/ Yoast SEO plugin. -->","yoast_head_json":{"title":"Harriet Bosse (1878\u20131961) - Ljud &amp; Bild","description":"Harriet Bosse var en av Sveriges mest ansedda sk\u00e5despelare under de f\u00f6rsta decennierna av 1900-talet. Genom sitt \u00e4ktenskap med f\u00f6rfattaren...","robots":{"index":"index","follow":"follow","max-snippet":"max-snippet:-1","max-image-preview":"max-image-preview:large","max-video-preview":"max-video-preview:-1"},"canonical":"https:\/\/litteraturbanken.se\/ljudochbild\/upplasare\/bosseh\/","og_locale":"sv_SE","og_type":"article","og_title":"Harriet Bosse (1878\u20131961) - Ljud &amp; Bild","og_description":"Harriet Bosse var en av Sveriges mest ansedda sk\u00e5despelare under de f\u00f6rsta decennierna av 1900-talet. Genom sitt \u00e4ktenskap med f\u00f6rfattaren...","og_url":"https:\/\/litteraturbanken.se\/ljudochbild\/upplasare\/bosseh\/","og_site_name":"Ljud &amp; Bild","article_publisher":"https:\/\/www.facebook.com\/Litteraturbanken.se","article_modified_time":"2024-04-26T11:43:51+00:00","og_image":[{"width":1200,"height":1717,"url":"https:\/\/litteraturbanken.se\/ljudochbild\/wp-content\/uploads\/2024\/04\/harriet_Bosse.jpg","type":"image\/jpeg"}],"twitter_card":"summary_large_image","twitter_site":"@litteraturbank","twitter_misc":{"Ber\u00e4knad l\u00e4stid":"2 minuter"},"schema":{"@context":"https:\/\/schema.org","@graph":[{"@type":"WebPage","@id":"https:\/\/litteraturbanken.se\/ljudochbild\/upplasare\/bosseh\/","url":"https:\/\/litteraturbanken.se\/ljudochbild\/upplasare\/bosseh\/","name":"Harriet Bosse (1878\u20131961) - Ljud &amp; Bild","isPartOf":{"@id":"https:\/\/litteraturbanken.se\/ljudochbild\/#website"},"primaryImageOfPage":{"@id":"https:\/\/litteraturbanken.se\/ljudochbild\/upplasare\/bosseh\/#primaryimage"},"image":{"@id":"https:\/\/litteraturbanken.se\/ljudochbild\/upplasare\/bosseh\/#primaryimage"},"thumbnailUrl":"https:\/\/litteraturbanken.se\/ljudochbild\/wp-content\/uploads\/2024\/04\/harriet_Bosse.jpg","datePublished":"2024-04-26T11:43:50+00:00","dateModified":"2024-04-26T11:43:51+00:00","description":"Harriet Bosse var en av Sveriges mest ansedda sk\u00e5despelare under de f\u00f6rsta decennierna av 1900-talet. Genom sitt \u00e4ktenskap med f\u00f6rfattaren...","breadcrumb":{"@id":"https:\/\/litteraturbanken.se\/ljudochbild\/upplasare\/bosseh\/#breadcrumb"},"inLanguage":"sv-SE","potentialAction":[{"@type":"ReadAction","target":["https:\/\/litteraturbanken.se\/ljudochbild\/upplasare\/bosseh\/"]}]},{"@type":"ImageObject","inLanguage":"sv-SE","@id":"https:\/\/litteraturbanken.se\/ljudochbild\/upplasare\/bosseh\/#primaryimage","url":"https:\/\/litteraturbanken.se\/ljudochbild\/wp-content\/uploads\/2024\/04\/harriet_Bosse.jpg","contentUrl":"https:\/\/litteraturbanken.se\/ljudochbild\/wp-content\/uploads\/2024\/04\/harriet_Bosse.jpg","width":1200,"height":1717,"caption":"Harriet Bosse"},{"@type":"BreadcrumbList","@id":"https:\/\/litteraturbanken.se\/ljudochbild\/upplasare\/bosseh\/#breadcrumb","itemListElement":[{"@type":"ListItem","position":1,"name":"Hem","item":"https:\/\/litteraturbanken.se\/ljudochbild\/"},{"@type":"ListItem","position":2,"name":"Privat: Uppl\u00e4sare","item":"https:\/\/litteraturbanken.se\/ljudochbild\/?page_id=8"},{"@type":"ListItem","position":3,"name":"Harriet Bosse (1878\u20131961)"}]},{"@type":"WebSite","@id":"https:\/\/litteraturbanken.se\/ljudochbild\/#website","url":"https:\/\/litteraturbanken.se\/ljudochbild\/","name":"Ljud & Bild","description":"Ur Litteraturbankens samlingar","potentialAction":[{"@type":"SearchAction","target":{"@type":"EntryPoint","urlTemplate":"https:\/\/litteraturbanken.se\/ljudochbild\/?s={search_term_string}"},"query-input":{"@type":"PropertyValueSpecification","valueRequired":true,"valueName":"search_term_string"}}],"inLanguage":"sv-SE"}]}},"_links":{"self":[{"href":"https:\/\/litteraturbanken.se\/ljudochbild\/wp-json\/wp\/v2\/pages\/11123","targetHints":{"allow":["GET"]}}],"collection":[{"href":"https:\/\/litteraturbanken.se\/ljudochbild\/wp-json\/wp\/v2\/pages"}],"about":[{"href":"https:\/\/litteraturbanken.se\/ljudochbild\/wp-json\/wp\/v2\/types\/page"}],"author":[{"embeddable":true,"href":"https:\/\/litteraturbanken.se\/ljudochbild\/wp-json\/wp\/v2\/users\/5"}],"replies":[{"embeddable":true,"href":"https:\/\/litteraturbanken.se\/ljudochbild\/wp-json\/wp\/v2\/comments?post=11123"}],"version-history":[{"count":3,"href":"https:\/\/litteraturbanken.se\/ljudochbild\/wp-json\/wp\/v2\/pages\/11123\/revisions"}],"predecessor-version":[{"id":11127,"href":"https:\/\/litteraturbanken.se\/ljudochbild\/wp-json\/wp\/v2\/pages\/11123\/revisions\/11127"}],"up":[{"embeddable":true,"href":"https:\/\/litteraturbanken.se\/ljudochbild\/wp-json\/wp\/v2\/pages\/8"}],"wp:featuredmedia":[{"embeddable":true,"href":"https:\/\/litteraturbanken.se\/ljudochbild\/wp-json\/wp\/v2\/media\/11125"}],"wp:attachment":[{"href":"https:\/\/litteraturbanken.se\/ljudochbild\/wp-json\/wp\/v2\/media?parent=11123"}],"curies":[{"name":"wp","href":"https:\/\/api.w.org\/{rel}","templated":true}]}}