{"id":11587,"date":"2024-09-09T09:36:30","date_gmt":"2024-09-09T07:36:30","guid":{"rendered":"https:\/\/litteraturbanken.se\/ljudochbild\/?page_id=11587"},"modified":"2024-09-10T12:01:25","modified_gmt":"2024-09-10T10:01:25","slug":"bjorkstene","status":"publish","type":"page","link":"https:\/\/litteraturbanken.se\/ljudochbild\/forfattare\/bjorkstene\/","title":{"rendered":"Emilie Bj\u00f6rkst\u00e9n\u00a0(1823\u20131896)"},"content":{"rendered":"<div class=\"wp-block-image\">\n<figure class=\"alignright size-large is-resized\"><img loading=\"lazy\" decoding=\"async\" width=\"744\" height=\"1024\" src=\"https:\/\/litteraturbanken.se\/ljudochbild\/wp-content\/uploads\/2024\/09\/emiliebjorksten-744x1024.jpg\" alt=\"Emilie Bj\u00f6rkst\u00e9n\" class=\"wp-image-11590\" style=\"width:198px;height:auto\" srcset=\"https:\/\/litteraturbanken.se\/ljudochbild\/wp-content\/uploads\/2024\/09\/emiliebjorksten-744x1024.jpg 744w, https:\/\/litteraturbanken.se\/ljudochbild\/wp-content\/uploads\/2024\/09\/emiliebjorksten-218x300.jpg 218w, https:\/\/litteraturbanken.se\/ljudochbild\/wp-content\/uploads\/2024\/09\/emiliebjorksten-768x1057.jpg 768w, https:\/\/litteraturbanken.se\/ljudochbild\/wp-content\/uploads\/2024\/09\/emiliebjorksten-1116x1536.jpg 1116w, https:\/\/litteraturbanken.se\/ljudochbild\/wp-content\/uploads\/2024\/09\/emiliebjorksten-480x661.jpg 480w, https:\/\/litteraturbanken.se\/ljudochbild\/wp-content\/uploads\/2024\/09\/emiliebjorksten.jpg 1200w\" sizes=\"auto, (max-width: 744px) 100vw, 744px\" \/><\/figure>\n<\/div>\n\n\n<p>\u201dPoeten EMILIE BJ\u00d6RKST\u00c9N (1823-1896) kan r\u00e4knas till den kvinnolitter\u00e4ra traditionen under den senare delen av 1800-talet. L\u00e4nge var Bj\u00f6rkst\u00e9n k\u00e4nd fr\u00e4mst som en av J.L. Runebergs utom\u00e4ktenskapliga flammor, medan hennes dikter har f\u00e5tt mindre uppm\u00e4rksamhet. I hennes dikter \u00e4r \u00e4mnesvalet och idealen ofta konventionella och tidstypiska. Samtidigt uttrycker de en slitning mellan diktjagets sj\u00e4lvutpl\u00e5nande k\u00e4rlek och hennes frihetsl\u00e4ngtan samt mellan f\u00f6rsakelse och konstn\u00e4rsambitioner. Dikterna b\u00e4r sp\u00e5r av runebergska ideal b\u00e5de vad g\u00e4ller stil och tematik. Relationen till Runeberg behandlas ibland explicit men fink\u00e4nsligt, samtidigt som kvinnans svaga position i relation till mannen \u00e4r ett tema som anas mellan raderna. Bj\u00f6rkst\u00e9n utgav sina dikter i tidningar men \u00e4ven i bokform, exempelvis i diktsamlingen&nbsp;<em><a href=\"https:\/\/litteraturbanken.se\/f%C3%B6rfattare\/Bj%C3%B6rkst%C3%A9nE\/titlar\/%C3%84nnuEng%C3%A5ng\/sida\/1\/faksimil\" target=\"_blank\" rel=\"noreferrer noopener\">\u00c4nnu eng\u00e5ng<\/a><\/em>&nbsp;(1877). F\u00f6rutom dikter skrev hon sagoh\u00e4ften f\u00f6r barn samt den sj\u00e4lvbiografiska&nbsp;<em><a href=\"https:\/\/litteraturbanken.se\/f%C3%B6rfattare\/Bj%C3%B6rkst%C3%A9nE\/titlar\/N%C3%A5graMinnen\/sida\/5\/faksimil\" target=\"_blank\" rel=\"noreferrer noopener\">N\u00e5gra minnen af e***<\/a><\/em>&nbsp;(1871).\u201d<\/p>\n\n\n\n<p>Stycket ovanf\u00f6r har vi l\u00e5nat fr\u00e5n <a href=\"https:\/\/www.doria.fi\/handle\/10024\/188879\" target=\"_blank\" rel=\"noreferrer noopener\">Nationalbiblioteket i Finland<\/a>.<\/p>\n\n\n\n<div style=\"height:20px\" aria-hidden=\"true\" class=\"wp-block-spacer\"><\/div>\n\n\n\n<div class=\"wp-block-buttons is-layout-flex wp-block-buttons-is-layout-flex\">\n<div class=\"wp-block-button has-custom-font-size read-more-button\" style=\"font-size:14px\"><a class=\"wp-block-button__link has-white-color has-text-color has-background wp-element-button\" href=\"https:\/\/www.doria.fi\/handle\/10024\/188879\" style=\"border-radius:0px;background-color:#cd2400\" target=\"_blank\" rel=\"noopener\"><strong>L\u00c4S MER OM EMILIE BJ\u00d6RKST\u00c9N<\/strong><\/a><\/div>\n\n\n\n<div class=\"wp-block-button has-custom-font-size read-more-button\" style=\"font-size:14px\"><a class=\"wp-block-button__link has-white-color has-text-color has-background wp-element-button\" href=\"https:\/\/litteraturbanken.se\/f%C3%B6rfattare\/Bj%C3%B6rkst%C3%A9nE\/titlar\" style=\"border-radius:0px;background-color:#cd2400\" target=\"_blank\" rel=\"noopener\"><strong>L\u00c4S <strong>EMILIE BJ\u00d6RKST\u00c9N<\/strong>S VERK HOS LB.SE<\/strong><\/a><\/div>\n<\/div>\n\n\n\n<div style=\"height:20px\" aria-hidden=\"true\" class=\"wp-block-spacer\"><\/div>\n\n\n\n<div class=\"wp-playlist wp-audio-playlist wp-playlist-light\">\n\t\t\t<div class=\"wp-playlist-current-item\"><\/div>\n\t\t<audio controls=\"controls\" preload=\"none\" width=\"618\"\n\t\t\t><\/audio>\n\t<div class=\"wp-playlist-next\"><\/div>\n\t<div class=\"wp-playlist-prev\"><\/div>\n\t<noscript>\n\t<ol>\n\t\t<li><a href='https:\/\/litteraturbanken.se\/ljudochbild\/wp-content\/uploads\/2024\/09\/bjorksten_detrenne_aspelund.mp3'>De trenne<\/a><\/li>\t<\/ol>\n\t<\/noscript>\n\t<script type=\"application\/json\" class=\"wp-playlist-script\">{\"type\":\"audio\",\"tracklist\":true,\"tracknumbers\":true,\"images\":true,\"artists\":true,\"tracks\":[{\"src\":\"https:\/\/litteraturbanken.se\/ljudochbild\/wp-content\/uploads\/2024\/09\/bjorksten_detrenne_aspelund.mp3\",\"type\":\"audio\/mpeg\",\"title\":\"De trenne\",\"caption\":\"\",\"description\":\"\\u201dDe trenne\\u201d fr\\u00e5n Emilie Bj\\u00f6rkst\\u00e9n l\\u00e4st av Ami Aspelund av Dikt 1593\\u20131939. Svensk och finlandssvensk lyrik i uppl\\u00e4sning av svenska och finlandssvenska sk\\u00e5despelare.\",\"meta\":{\"artist\":\"Ami Aspelund l\\u00e4ser Emilie Bj\\u00f6rkst\\u00e9n. Dikt 1593\\u20131939\",\"album\":\"Emilie Bj\\u00f6rkst\\u00e9n\",\"length_formatted\":\"0:59\"},\"image\":{\"src\":\"https:\/\/litteraturbanken.se\/ljudochbild\/wp-content\/uploads\/2024\/09\/almqvist_denlyssnandemaria_lindh-mp3-image.jpg\",\"width\":1200,\"height\":1201},\"thumb\":{\"src\":\"https:\/\/litteraturbanken.se\/ljudochbild\/wp-content\/uploads\/2024\/09\/almqvist_denlyssnandemaria_lindh-mp3-image-150x150.jpg\",\"width\":150,\"height\":150}}]}<\/script>\n<\/div>\n\t\n\n\n\n<hr class=\"wp-block-separator has-css-opacity\"\/>\n\n\n\n<p><em>Inspelningen tillg\u00e4ngligg\u00f6rs h\u00e4r med tillst\u00e5nd fr\u00e5n inl\u00e4saren. \u2013 Fotografiet ovanf\u00f6r har vi l\u00e5nat fr\u00e5n <a href=\"https:\/\/finna.fi\/Record\/museovirasto.B2EA3A0E546690313CBC6AA674EEF471\" target=\"_blank\" rel=\"noreferrer noopener\">Museiverket i Finland<\/a> (<a href=\"https:\/\/creativecommons.org\/licenses\/by\/4.0\/deed.sv\" target=\"_blank\" rel=\"noreferrer noopener\">CC BY<\/a>).<\/em><\/p>\n\n\n<h3 class=\"wp-block-heading author-related-title\">L\u00e4s mer<\/h3>\r\n\r\n\r\n\n","protected":false},"excerpt":{"rendered":"<p>\u201dPoeten EMILIE BJ\u00d6RKST\u00c9N (1823-1896) kan r\u00e4knas till den kvinnolitter\u00e4ra traditionen under den senare delen av 1800-talet. L\u00e4nge var Bj\u00f6rkst\u00e9n k\u00e4nd fr\u00e4mst som en av J.L. Runebergs utom\u00e4ktenskapliga flammor, medan hennes dikter har f\u00e5tt mindre uppm\u00e4rksamhet. I hennes dikter [&hellip;]<\/p>\n","protected":false},"author":5,"featured_media":11590,"parent":7,"menu_order":0,"comment_status":"closed","ping_status":"closed","template":"","meta":{"footnotes":""},"class_list":["post-11587","page","type-page","status-publish","has-post-thumbnail","hentry"],"yoast_head":"<!-- This site is optimized with the Yoast SEO plugin v27.1.1 - https:\/\/yoast.com\/product\/yoast-seo-wordpress\/ -->\n<title>Emilie Bj\u00f6rkst\u00e9n\u00a0(1823\u20131896) - Ljud &amp; Bild<\/title>\n<meta name=\"robots\" content=\"index, follow, max-snippet:-1, max-image-preview:large, max-video-preview:-1\" \/>\n<link rel=\"canonical\" href=\"https:\/\/litteraturbanken.se\/ljudochbild\/forfattare\/bjorkstene\/\" \/>\n<meta property=\"og:locale\" content=\"sv_SE\" \/>\n<meta property=\"og:type\" content=\"article\" \/>\n<meta property=\"og:title\" content=\"Emilie Bj\u00f6rkst\u00e9n\u00a0(1823\u20131896) - Ljud &amp; Bild\" \/>\n<meta property=\"og:description\" content=\"\u201dPoeten EMILIE BJ\u00d6RKST\u00c9N (1823-1896) kan r\u00e4knas till den kvinnolitter\u00e4ra traditionen under den senare delen av 1800-talet. L\u00e4nge var Bj\u00f6rkst\u00e9n k\u00e4nd fr\u00e4mst som en av J.L. Runebergs utom\u00e4ktenskapliga flammor, medan hennes dikter har f\u00e5tt mindre uppm\u00e4rksamhet. I hennes dikter [&hellip;]\" \/>\n<meta property=\"og:url\" content=\"https:\/\/litteraturbanken.se\/ljudochbild\/forfattare\/bjorkstene\/\" \/>\n<meta property=\"og:site_name\" content=\"Ljud &amp; Bild\" \/>\n<meta property=\"article:publisher\" content=\"https:\/\/www.facebook.com\/Litteraturbanken.se\" \/>\n<meta property=\"article:modified_time\" content=\"2024-09-10T10:01:25+00:00\" \/>\n<meta property=\"og:image\" content=\"https:\/\/litteraturbanken.se\/ljudochbild\/wp-content\/uploads\/2024\/09\/emiliebjorksten.jpg\" \/>\n\t<meta property=\"og:image:width\" content=\"1200\" \/>\n\t<meta property=\"og:image:height\" content=\"1652\" \/>\n\t<meta property=\"og:image:type\" content=\"image\/jpeg\" \/>\n<meta name=\"twitter:card\" content=\"summary_large_image\" \/>\n<meta name=\"twitter:site\" content=\"@litteraturbank\" \/>\n<meta name=\"twitter:label1\" content=\"Ber\u00e4knad l\u00e4stid\" \/>\n\t<meta name=\"twitter:data1\" content=\"2 minuter\" \/>\n<script type=\"application\/ld+json\" class=\"yoast-schema-graph\">{\"@context\":\"https:\/\/schema.org\",\"@graph\":[{\"@type\":\"WebPage\",\"@id\":\"https:\/\/litteraturbanken.se\/ljudochbild\/forfattare\/bjorkstene\/\",\"url\":\"https:\/\/litteraturbanken.se\/ljudochbild\/forfattare\/bjorkstene\/\",\"name\":\"Emilie Bj\u00f6rkst\u00e9n\u00a0(1823\u20131896) - Ljud &amp; Bild\",\"isPartOf\":{\"@id\":\"https:\/\/litteraturbanken.se\/ljudochbild\/#website\"},\"primaryImageOfPage\":{\"@id\":\"https:\/\/litteraturbanken.se\/ljudochbild\/forfattare\/bjorkstene\/#primaryimage\"},\"image\":{\"@id\":\"https:\/\/litteraturbanken.se\/ljudochbild\/forfattare\/bjorkstene\/#primaryimage\"},\"thumbnailUrl\":\"https:\/\/litteraturbanken.se\/ljudochbild\/wp-content\/uploads\/2024\/09\/emiliebjorksten.jpg\",\"datePublished\":\"2024-09-09T07:36:30+00:00\",\"dateModified\":\"2024-09-10T10:01:25+00:00\",\"breadcrumb\":{\"@id\":\"https:\/\/litteraturbanken.se\/ljudochbild\/forfattare\/bjorkstene\/#breadcrumb\"},\"inLanguage\":\"sv-SE\",\"potentialAction\":[{\"@type\":\"ReadAction\",\"target\":[\"https:\/\/litteraturbanken.se\/ljudochbild\/forfattare\/bjorkstene\/\"]}]},{\"@type\":\"ImageObject\",\"inLanguage\":\"sv-SE\",\"@id\":\"https:\/\/litteraturbanken.se\/ljudochbild\/forfattare\/bjorkstene\/#primaryimage\",\"url\":\"https:\/\/litteraturbanken.se\/ljudochbild\/wp-content\/uploads\/2024\/09\/emiliebjorksten.jpg\",\"contentUrl\":\"https:\/\/litteraturbanken.se\/ljudochbild\/wp-content\/uploads\/2024\/09\/emiliebjorksten.jpg\",\"width\":1200,\"height\":1652,\"caption\":\"Emilie Bj\u00f6rkst\u00e9n\"},{\"@type\":\"BreadcrumbList\",\"@id\":\"https:\/\/litteraturbanken.se\/ljudochbild\/forfattare\/bjorkstene\/#breadcrumb\",\"itemListElement\":[{\"@type\":\"ListItem\",\"position\":1,\"name\":\"Hem\",\"item\":\"https:\/\/litteraturbanken.se\/ljudochbild\/\"},{\"@type\":\"ListItem\",\"position\":2,\"name\":\"F\u00f6rfattare\",\"item\":\"https:\/\/litteraturbanken.se\/ljudochbild\/forfattare\/\"},{\"@type\":\"ListItem\",\"position\":3,\"name\":\"Emilie Bj\u00f6rkst\u00e9n\u00a0(1823\u20131896)\"}]},{\"@type\":\"WebSite\",\"@id\":\"https:\/\/litteraturbanken.se\/ljudochbild\/#website\",\"url\":\"https:\/\/litteraturbanken.se\/ljudochbild\/\",\"name\":\"Ljud & Bild\",\"description\":\"Ur Litteraturbankens samlingar\",\"potentialAction\":[{\"@type\":\"SearchAction\",\"target\":{\"@type\":\"EntryPoint\",\"urlTemplate\":\"https:\/\/litteraturbanken.se\/ljudochbild\/?s={search_term_string}\"},\"query-input\":{\"@type\":\"PropertyValueSpecification\",\"valueRequired\":true,\"valueName\":\"search_term_string\"}}],\"inLanguage\":\"sv-SE\"}]}<\/script>\n<!-- \/ Yoast SEO plugin. -->","yoast_head_json":{"title":"Emilie Bj\u00f6rkst\u00e9n\u00a0(1823\u20131896) - Ljud &amp; Bild","robots":{"index":"index","follow":"follow","max-snippet":"max-snippet:-1","max-image-preview":"max-image-preview:large","max-video-preview":"max-video-preview:-1"},"canonical":"https:\/\/litteraturbanken.se\/ljudochbild\/forfattare\/bjorkstene\/","og_locale":"sv_SE","og_type":"article","og_title":"Emilie Bj\u00f6rkst\u00e9n\u00a0(1823\u20131896) - Ljud &amp; Bild","og_description":"\u201dPoeten EMILIE BJ\u00d6RKST\u00c9N (1823-1896) kan r\u00e4knas till den kvinnolitter\u00e4ra traditionen under den senare delen av 1800-talet. L\u00e4nge var Bj\u00f6rkst\u00e9n k\u00e4nd fr\u00e4mst som en av J.L. Runebergs utom\u00e4ktenskapliga flammor, medan hennes dikter har f\u00e5tt mindre uppm\u00e4rksamhet. I hennes dikter [&hellip;]","og_url":"https:\/\/litteraturbanken.se\/ljudochbild\/forfattare\/bjorkstene\/","og_site_name":"Ljud &amp; Bild","article_publisher":"https:\/\/www.facebook.com\/Litteraturbanken.se","article_modified_time":"2024-09-10T10:01:25+00:00","og_image":[{"width":1200,"height":1652,"url":"https:\/\/litteraturbanken.se\/ljudochbild\/wp-content\/uploads\/2024\/09\/emiliebjorksten.jpg","type":"image\/jpeg"}],"twitter_card":"summary_large_image","twitter_site":"@litteraturbank","twitter_misc":{"Ber\u00e4knad l\u00e4stid":"2 minuter"},"schema":{"@context":"https:\/\/schema.org","@graph":[{"@type":"WebPage","@id":"https:\/\/litteraturbanken.se\/ljudochbild\/forfattare\/bjorkstene\/","url":"https:\/\/litteraturbanken.se\/ljudochbild\/forfattare\/bjorkstene\/","name":"Emilie Bj\u00f6rkst\u00e9n\u00a0(1823\u20131896) - Ljud &amp; Bild","isPartOf":{"@id":"https:\/\/litteraturbanken.se\/ljudochbild\/#website"},"primaryImageOfPage":{"@id":"https:\/\/litteraturbanken.se\/ljudochbild\/forfattare\/bjorkstene\/#primaryimage"},"image":{"@id":"https:\/\/litteraturbanken.se\/ljudochbild\/forfattare\/bjorkstene\/#primaryimage"},"thumbnailUrl":"https:\/\/litteraturbanken.se\/ljudochbild\/wp-content\/uploads\/2024\/09\/emiliebjorksten.jpg","datePublished":"2024-09-09T07:36:30+00:00","dateModified":"2024-09-10T10:01:25+00:00","breadcrumb":{"@id":"https:\/\/litteraturbanken.se\/ljudochbild\/forfattare\/bjorkstene\/#breadcrumb"},"inLanguage":"sv-SE","potentialAction":[{"@type":"ReadAction","target":["https:\/\/litteraturbanken.se\/ljudochbild\/forfattare\/bjorkstene\/"]}]},{"@type":"ImageObject","inLanguage":"sv-SE","@id":"https:\/\/litteraturbanken.se\/ljudochbild\/forfattare\/bjorkstene\/#primaryimage","url":"https:\/\/litteraturbanken.se\/ljudochbild\/wp-content\/uploads\/2024\/09\/emiliebjorksten.jpg","contentUrl":"https:\/\/litteraturbanken.se\/ljudochbild\/wp-content\/uploads\/2024\/09\/emiliebjorksten.jpg","width":1200,"height":1652,"caption":"Emilie Bj\u00f6rkst\u00e9n"},{"@type":"BreadcrumbList","@id":"https:\/\/litteraturbanken.se\/ljudochbild\/forfattare\/bjorkstene\/#breadcrumb","itemListElement":[{"@type":"ListItem","position":1,"name":"Hem","item":"https:\/\/litteraturbanken.se\/ljudochbild\/"},{"@type":"ListItem","position":2,"name":"F\u00f6rfattare","item":"https:\/\/litteraturbanken.se\/ljudochbild\/forfattare\/"},{"@type":"ListItem","position":3,"name":"Emilie Bj\u00f6rkst\u00e9n\u00a0(1823\u20131896)"}]},{"@type":"WebSite","@id":"https:\/\/litteraturbanken.se\/ljudochbild\/#website","url":"https:\/\/litteraturbanken.se\/ljudochbild\/","name":"Ljud & Bild","description":"Ur Litteraturbankens samlingar","potentialAction":[{"@type":"SearchAction","target":{"@type":"EntryPoint","urlTemplate":"https:\/\/litteraturbanken.se\/ljudochbild\/?s={search_term_string}"},"query-input":{"@type":"PropertyValueSpecification","valueRequired":true,"valueName":"search_term_string"}}],"inLanguage":"sv-SE"}]}},"_links":{"self":[{"href":"https:\/\/litteraturbanken.se\/ljudochbild\/wp-json\/wp\/v2\/pages\/11587","targetHints":{"allow":["GET"]}}],"collection":[{"href":"https:\/\/litteraturbanken.se\/ljudochbild\/wp-json\/wp\/v2\/pages"}],"about":[{"href":"https:\/\/litteraturbanken.se\/ljudochbild\/wp-json\/wp\/v2\/types\/page"}],"author":[{"embeddable":true,"href":"https:\/\/litteraturbanken.se\/ljudochbild\/wp-json\/wp\/v2\/users\/5"}],"replies":[{"embeddable":true,"href":"https:\/\/litteraturbanken.se\/ljudochbild\/wp-json\/wp\/v2\/comments?post=11587"}],"version-history":[{"count":5,"href":"https:\/\/litteraturbanken.se\/ljudochbild\/wp-json\/wp\/v2\/pages\/11587\/revisions"}],"predecessor-version":[{"id":11693,"href":"https:\/\/litteraturbanken.se\/ljudochbild\/wp-json\/wp\/v2\/pages\/11587\/revisions\/11693"}],"up":[{"embeddable":true,"href":"https:\/\/litteraturbanken.se\/ljudochbild\/wp-json\/wp\/v2\/pages\/7"}],"wp:featuredmedia":[{"embeddable":true,"href":"https:\/\/litteraturbanken.se\/ljudochbild\/wp-json\/wp\/v2\/media\/11590"}],"wp:attachment":[{"href":"https:\/\/litteraturbanken.se\/ljudochbild\/wp-json\/wp\/v2\/media?parent=11587"}],"curies":[{"name":"wp","href":"https:\/\/api.w.org\/{rel}","templated":true}]}}