{"id":11595,"date":"2024-09-09T09:51:04","date_gmt":"2024-09-09T07:51:04","guid":{"rendered":"https:\/\/litteraturbanken.se\/ljudochbild\/?page_id=11595"},"modified":"2024-09-10T12:02:10","modified_gmt":"2024-09-10T10:02:10","slug":"choraeusm","status":"publish","type":"page","link":"https:\/\/litteraturbanken.se\/ljudochbild\/forfattare\/choraeusm\/","title":{"rendered":"Michael Choraeus\u00a0(1774\u20131806)"},"content":{"rendered":"<div class=\"wp-block-image\">\n<figure class=\"alignright size-large is-resized\"><img loading=\"lazy\" decoding=\"async\" width=\"844\" height=\"1024\" src=\"https:\/\/litteraturbanken.se\/ljudochbild\/wp-content\/uploads\/2024\/09\/michaelchoraeus-844x1024.jpg\" alt=\"Michael Choraeus\" class=\"wp-image-11596\" style=\"width:192px;height:auto\" srcset=\"https:\/\/litteraturbanken.se\/ljudochbild\/wp-content\/uploads\/2024\/09\/michaelchoraeus-844x1024.jpg 844w, https:\/\/litteraturbanken.se\/ljudochbild\/wp-content\/uploads\/2024\/09\/michaelchoraeus-247x300.jpg 247w, https:\/\/litteraturbanken.se\/ljudochbild\/wp-content\/uploads\/2024\/09\/michaelchoraeus-768x932.jpg 768w, https:\/\/litteraturbanken.se\/ljudochbild\/wp-content\/uploads\/2024\/09\/michaelchoraeus-480x582.jpg 480w, https:\/\/litteraturbanken.se\/ljudochbild\/wp-content\/uploads\/2024\/09\/michaelchoraeus.jpg 1200w\" sizes=\"auto, (max-width: 844px) 100vw, 844px\" \/><\/figure>\n<\/div>\n\n\n<p>MICHAEL CHORAEUS (1774\u20131806): \u201dskald, f. i Finland 1774, blef 1797 filos. magister i Upsala och 1799 docent i v\u00e4ltalighet vid \u00c5bo h\u00f6gskola samt utn\u00e4mdes 1802 till teologie adjunkt vid Karlberg \u00e4fvensom till hofpredikant och regementspastor. D\u00f6d 1806. Af svenska akademien erh\u00f6ll han tv\u00e4nne pris f\u00f6r st\u00f6rre skaldestycken (det ena om&nbsp;<em>Ehrensv\u00e4rd<\/em>), som voro diktade i samtidens smak, men efterv\u00e4rlden har funnit mera poesi uti hans mindre, till st\u00f6rsta delen elegiska qv\u00e4den, bland hvilka \u00e5tskilliga redan p\u00e5 hans egen tid blefvo mycket popul\u00e4ra. C. var \u00e4fven utm\u00e4rkt som salmist, och i f\u00f6rening med J. O. Wallin verkst\u00e4llde han en&nbsp;<em>Omarbetning af svenska psalmer<\/em>&nbsp;(1807, 2:ne saml., \u00e5nyo utg.). Som predikant egde han stort rykte. Hans&nbsp;<em><a href=\"https:\/\/litteraturbanken.se\/f%C3%B6rfattare\/ChoraeusM\/titlar\/SamladeSkaldestycken\/sida\/I\/faksimil\" target=\"_blank\" rel=\"noreferrer noopener\">Samlade skaldestycken<\/a><\/em>&nbsp;utg\u00e5fvos af F. M. Franz\u00e9n (1815, 2:dra uppl. 1826), som till dem fogade en f\u00f6rtr\u00e4ffligt skrifven lefnadsteckning.\u201d<\/p>\n\n\n\n<p>Stycket ovanf\u00f6r har vi l\u00e5nat fr\u00e5n Bernhard Meijers <em><a href=\"https:\/\/litteraturbanken.se\/f%C3%B6rfattare\/MeijerB\/titlar\/SvensktLiteraturlexikon\/sida\/84\/faksimil\" target=\"_blank\" rel=\"noreferrer noopener\">Svenskt litteratur-lexikon<\/a><\/em> (1886).<\/p>\n\n\n\n<div style=\"height:20px\" aria-hidden=\"true\" class=\"wp-block-spacer\"><\/div>\n\n\n\n<div class=\"wp-block-buttons is-layout-flex wp-block-buttons-is-layout-flex\">\n<div class=\"wp-block-button has-custom-font-size read-more-button\" style=\"font-size:14px\"><a class=\"wp-block-button__link has-white-color has-text-color has-background wp-element-button\" href=\"https:\/\/litteraturbanken.se\/f%C3%B6rfattare\/MeijerB\/titlar\/SvensktLiteraturlexikon\/sida\/84\/faksimil\" style=\"border-radius:0px;background-color:#cd2400\" target=\"_blank\" rel=\"noopener\"><strong>L\u00c4S MER OM MICHAEL CHORAEUS<\/strong><\/a><\/div>\n\n\n\n<div class=\"wp-block-button has-custom-font-size read-more-button\" style=\"font-size:14px\"><a class=\"wp-block-button__link has-white-color has-text-color has-background wp-element-button\" href=\"https:\/\/litteraturbanken.se\/f%C3%B6rfattare\/ChoraeusM\/titlar\" style=\"border-radius:0px;background-color:#cd2400\" target=\"_blank\" rel=\"noopener\"><strong>L\u00c4S <strong>MICHAEL CHORAEU<\/strong>S VERK HOS LB.SE<\/strong><\/a><\/div>\n<\/div>\n\n\n\n<div style=\"height:20px\" aria-hidden=\"true\" class=\"wp-block-spacer\"><\/div>\n\n\n\n<div class=\"wp-playlist wp-audio-playlist wp-playlist-light\">\n\t\t\t<div class=\"wp-playlist-current-item\"><\/div>\n\t\t<audio controls=\"controls\" preload=\"none\" width=\"618\"\n\t\t\t><\/audio>\n\t<div class=\"wp-playlist-next\"><\/div>\n\t<div class=\"wp-playlist-prev\"><\/div>\n\t<noscript>\n\t<ol>\n\t\t<li><a href='https:\/\/litteraturbanken.se\/ljudochbild\/wp-content\/uploads\/2024\/09\/choraeus_sommarnatten_wingren.mp3'>Sommarnatten<\/a><\/li>\t<\/ol>\n\t<\/noscript>\n\t<script type=\"application\/json\" class=\"wp-playlist-script\">{\"type\":\"audio\",\"tracklist\":true,\"tracknumbers\":true,\"images\":true,\"artists\":true,\"tracks\":[{\"src\":\"https:\/\/litteraturbanken.se\/ljudochbild\/wp-content\/uploads\/2024\/09\/choraeus_sommarnatten_wingren.mp3\",\"type\":\"audio\/mpeg\",\"title\":\"Sommarnatten\",\"caption\":\"\",\"description\":\"\\u201dSommarnatten\\u201d fr\\u00e5n Michael Choraeus l\\u00e4st av Birthe Wingren av Dikt 1593\\u20131939. Svensk och finlandssvensk lyrik i uppl\\u00e4sning av svenska och finlandssvenska sk\\u00e5despelare.\",\"meta\":{\"artist\":\"Birthe Wingren l\\u00e4ser Michael Choraeus. Dikt 1593\\u20131939\",\"album\":\"Michael Choraeus\",\"length_formatted\":\"1:13\"},\"image\":{\"src\":\"https:\/\/litteraturbanken.se\/ljudochbild\/wp-content\/uploads\/2024\/09\/almqvist_denlyssnandemaria_lindh-mp3-image.jpg\",\"width\":1200,\"height\":1201},\"thumb\":{\"src\":\"https:\/\/litteraturbanken.se\/ljudochbild\/wp-content\/uploads\/2024\/09\/almqvist_denlyssnandemaria_lindh-mp3-image-150x150.jpg\",\"width\":150,\"height\":150}}]}<\/script>\n<\/div>\n\t\n\n\n\n<hr class=\"wp-block-separator has-css-opacity\"\/>\n\n\n\n<p><em>Inspelningen tillg\u00e4ngligg\u00f6rs h\u00e4r med tillst\u00e5nd fr\u00e5n inl\u00e4saren. \u2013 Kopparsticket ovanf\u00f6r, utf\u00f6rt av Christian Didrik Forssell, har vi l\u00e5nat fr\u00e5n <a href=\"https:\/\/finna.fi\/Record\/museovirasto.F5CDC26C767125310A5C7EDC486F9D1D?sid=4731902932\" target=\"_blank\" rel=\"noreferrer noopener\">Museiverket i Finland<\/a> (<a href=\"https:\/\/creativecommons.org\/licenses\/by\/4.0\/deed.sv\" target=\"_blank\" rel=\"noreferrer noopener\">CC BY<\/a>).<\/em><\/p>\n\n\n<h3 class=\"wp-block-heading author-related-title\">L\u00e4s mer<\/h3>\r\n\r\n\r\n\n","protected":false},"excerpt":{"rendered":"<p>MICHAEL CHORAEUS (1774\u20131806): \u201dskald, f. i Finland 1774, blef 1797 filos. magister i Upsala och 1799 docent i v\u00e4ltalighet vid \u00c5bo h\u00f6gskola samt utn\u00e4mdes 1802 till teologie adjunkt vid Karlberg \u00e4fvensom till hofpredikant och regementspastor. D\u00f6d 1806. Af [&hellip;]<\/p>\n","protected":false},"author":5,"featured_media":11596,"parent":7,"menu_order":0,"comment_status":"closed","ping_status":"closed","template":"","meta":{"footnotes":""},"class_list":["post-11595","page","type-page","status-publish","has-post-thumbnail","hentry"],"yoast_head":"<!-- This site is optimized with the Yoast SEO plugin v27.1.1 - https:\/\/yoast.com\/product\/yoast-seo-wordpress\/ -->\n<title>Michael Choraeus\u00a0(1774\u20131806) - Ljud &amp; Bild<\/title>\n<meta name=\"robots\" content=\"index, follow, max-snippet:-1, max-image-preview:large, max-video-preview:-1\" \/>\n<link rel=\"canonical\" href=\"https:\/\/litteraturbanken.se\/ljudochbild\/forfattare\/choraeusm\/\" \/>\n<meta property=\"og:locale\" content=\"sv_SE\" \/>\n<meta property=\"og:type\" content=\"article\" \/>\n<meta property=\"og:title\" content=\"Michael Choraeus\u00a0(1774\u20131806) - Ljud &amp; Bild\" \/>\n<meta property=\"og:description\" content=\"MICHAEL CHORAEUS (1774\u20131806): \u201dskald, f. i Finland 1774, blef 1797 filos. magister i Upsala och 1799 docent i v\u00e4ltalighet vid \u00c5bo h\u00f6gskola samt utn\u00e4mdes 1802 till teologie adjunkt vid Karlberg \u00e4fvensom till hofpredikant och regementspastor. D\u00f6d 1806. Af [&hellip;]\" \/>\n<meta property=\"og:url\" content=\"https:\/\/litteraturbanken.se\/ljudochbild\/forfattare\/choraeusm\/\" \/>\n<meta property=\"og:site_name\" content=\"Ljud &amp; Bild\" \/>\n<meta property=\"article:publisher\" content=\"https:\/\/www.facebook.com\/Litteraturbanken.se\" \/>\n<meta property=\"article:modified_time\" content=\"2024-09-10T10:02:10+00:00\" \/>\n<meta property=\"og:image\" content=\"https:\/\/litteraturbanken.se\/ljudochbild\/wp-content\/uploads\/2024\/09\/michaelchoraeus.jpg\" \/>\n\t<meta property=\"og:image:width\" content=\"1200\" \/>\n\t<meta property=\"og:image:height\" content=\"1456\" \/>\n\t<meta property=\"og:image:type\" content=\"image\/jpeg\" \/>\n<meta name=\"twitter:card\" content=\"summary_large_image\" \/>\n<meta name=\"twitter:site\" content=\"@litteraturbank\" \/>\n<meta name=\"twitter:label1\" content=\"Ber\u00e4knad l\u00e4stid\" \/>\n\t<meta name=\"twitter:data1\" content=\"2 minuter\" \/>\n<script type=\"application\/ld+json\" class=\"yoast-schema-graph\">{\"@context\":\"https:\/\/schema.org\",\"@graph\":[{\"@type\":\"WebPage\",\"@id\":\"https:\/\/litteraturbanken.se\/ljudochbild\/forfattare\/choraeusm\/\",\"url\":\"https:\/\/litteraturbanken.se\/ljudochbild\/forfattare\/choraeusm\/\",\"name\":\"Michael Choraeus\u00a0(1774\u20131806) - Ljud &amp; Bild\",\"isPartOf\":{\"@id\":\"https:\/\/litteraturbanken.se\/ljudochbild\/#website\"},\"primaryImageOfPage\":{\"@id\":\"https:\/\/litteraturbanken.se\/ljudochbild\/forfattare\/choraeusm\/#primaryimage\"},\"image\":{\"@id\":\"https:\/\/litteraturbanken.se\/ljudochbild\/forfattare\/choraeusm\/#primaryimage\"},\"thumbnailUrl\":\"https:\/\/litteraturbanken.se\/ljudochbild\/wp-content\/uploads\/2024\/09\/michaelchoraeus.jpg\",\"datePublished\":\"2024-09-09T07:51:04+00:00\",\"dateModified\":\"2024-09-10T10:02:10+00:00\",\"breadcrumb\":{\"@id\":\"https:\/\/litteraturbanken.se\/ljudochbild\/forfattare\/choraeusm\/#breadcrumb\"},\"inLanguage\":\"sv-SE\",\"potentialAction\":[{\"@type\":\"ReadAction\",\"target\":[\"https:\/\/litteraturbanken.se\/ljudochbild\/forfattare\/choraeusm\/\"]}]},{\"@type\":\"ImageObject\",\"inLanguage\":\"sv-SE\",\"@id\":\"https:\/\/litteraturbanken.se\/ljudochbild\/forfattare\/choraeusm\/#primaryimage\",\"url\":\"https:\/\/litteraturbanken.se\/ljudochbild\/wp-content\/uploads\/2024\/09\/michaelchoraeus.jpg\",\"contentUrl\":\"https:\/\/litteraturbanken.se\/ljudochbild\/wp-content\/uploads\/2024\/09\/michaelchoraeus.jpg\",\"width\":1200,\"height\":1456,\"caption\":\"Michael Choraeus\"},{\"@type\":\"BreadcrumbList\",\"@id\":\"https:\/\/litteraturbanken.se\/ljudochbild\/forfattare\/choraeusm\/#breadcrumb\",\"itemListElement\":[{\"@type\":\"ListItem\",\"position\":1,\"name\":\"Hem\",\"item\":\"https:\/\/litteraturbanken.se\/ljudochbild\/\"},{\"@type\":\"ListItem\",\"position\":2,\"name\":\"F\u00f6rfattare\",\"item\":\"https:\/\/litteraturbanken.se\/ljudochbild\/forfattare\/\"},{\"@type\":\"ListItem\",\"position\":3,\"name\":\"Michael Choraeus\u00a0(1774\u20131806)\"}]},{\"@type\":\"WebSite\",\"@id\":\"https:\/\/litteraturbanken.se\/ljudochbild\/#website\",\"url\":\"https:\/\/litteraturbanken.se\/ljudochbild\/\",\"name\":\"Ljud & Bild\",\"description\":\"Ur Litteraturbankens samlingar\",\"potentialAction\":[{\"@type\":\"SearchAction\",\"target\":{\"@type\":\"EntryPoint\",\"urlTemplate\":\"https:\/\/litteraturbanken.se\/ljudochbild\/?s={search_term_string}\"},\"query-input\":{\"@type\":\"PropertyValueSpecification\",\"valueRequired\":true,\"valueName\":\"search_term_string\"}}],\"inLanguage\":\"sv-SE\"}]}<\/script>\n<!-- \/ Yoast SEO plugin. -->","yoast_head_json":{"title":"Michael Choraeus\u00a0(1774\u20131806) - Ljud &amp; Bild","robots":{"index":"index","follow":"follow","max-snippet":"max-snippet:-1","max-image-preview":"max-image-preview:large","max-video-preview":"max-video-preview:-1"},"canonical":"https:\/\/litteraturbanken.se\/ljudochbild\/forfattare\/choraeusm\/","og_locale":"sv_SE","og_type":"article","og_title":"Michael Choraeus\u00a0(1774\u20131806) - Ljud &amp; Bild","og_description":"MICHAEL CHORAEUS (1774\u20131806): \u201dskald, f. i Finland 1774, blef 1797 filos. magister i Upsala och 1799 docent i v\u00e4ltalighet vid \u00c5bo h\u00f6gskola samt utn\u00e4mdes 1802 till teologie adjunkt vid Karlberg \u00e4fvensom till hofpredikant och regementspastor. D\u00f6d 1806. Af [&hellip;]","og_url":"https:\/\/litteraturbanken.se\/ljudochbild\/forfattare\/choraeusm\/","og_site_name":"Ljud &amp; Bild","article_publisher":"https:\/\/www.facebook.com\/Litteraturbanken.se","article_modified_time":"2024-09-10T10:02:10+00:00","og_image":[{"width":1200,"height":1456,"url":"https:\/\/litteraturbanken.se\/ljudochbild\/wp-content\/uploads\/2024\/09\/michaelchoraeus.jpg","type":"image\/jpeg"}],"twitter_card":"summary_large_image","twitter_site":"@litteraturbank","twitter_misc":{"Ber\u00e4knad l\u00e4stid":"2 minuter"},"schema":{"@context":"https:\/\/schema.org","@graph":[{"@type":"WebPage","@id":"https:\/\/litteraturbanken.se\/ljudochbild\/forfattare\/choraeusm\/","url":"https:\/\/litteraturbanken.se\/ljudochbild\/forfattare\/choraeusm\/","name":"Michael Choraeus\u00a0(1774\u20131806) - Ljud &amp; Bild","isPartOf":{"@id":"https:\/\/litteraturbanken.se\/ljudochbild\/#website"},"primaryImageOfPage":{"@id":"https:\/\/litteraturbanken.se\/ljudochbild\/forfattare\/choraeusm\/#primaryimage"},"image":{"@id":"https:\/\/litteraturbanken.se\/ljudochbild\/forfattare\/choraeusm\/#primaryimage"},"thumbnailUrl":"https:\/\/litteraturbanken.se\/ljudochbild\/wp-content\/uploads\/2024\/09\/michaelchoraeus.jpg","datePublished":"2024-09-09T07:51:04+00:00","dateModified":"2024-09-10T10:02:10+00:00","breadcrumb":{"@id":"https:\/\/litteraturbanken.se\/ljudochbild\/forfattare\/choraeusm\/#breadcrumb"},"inLanguage":"sv-SE","potentialAction":[{"@type":"ReadAction","target":["https:\/\/litteraturbanken.se\/ljudochbild\/forfattare\/choraeusm\/"]}]},{"@type":"ImageObject","inLanguage":"sv-SE","@id":"https:\/\/litteraturbanken.se\/ljudochbild\/forfattare\/choraeusm\/#primaryimage","url":"https:\/\/litteraturbanken.se\/ljudochbild\/wp-content\/uploads\/2024\/09\/michaelchoraeus.jpg","contentUrl":"https:\/\/litteraturbanken.se\/ljudochbild\/wp-content\/uploads\/2024\/09\/michaelchoraeus.jpg","width":1200,"height":1456,"caption":"Michael Choraeus"},{"@type":"BreadcrumbList","@id":"https:\/\/litteraturbanken.se\/ljudochbild\/forfattare\/choraeusm\/#breadcrumb","itemListElement":[{"@type":"ListItem","position":1,"name":"Hem","item":"https:\/\/litteraturbanken.se\/ljudochbild\/"},{"@type":"ListItem","position":2,"name":"F\u00f6rfattare","item":"https:\/\/litteraturbanken.se\/ljudochbild\/forfattare\/"},{"@type":"ListItem","position":3,"name":"Michael Choraeus\u00a0(1774\u20131806)"}]},{"@type":"WebSite","@id":"https:\/\/litteraturbanken.se\/ljudochbild\/#website","url":"https:\/\/litteraturbanken.se\/ljudochbild\/","name":"Ljud & Bild","description":"Ur Litteraturbankens samlingar","potentialAction":[{"@type":"SearchAction","target":{"@type":"EntryPoint","urlTemplate":"https:\/\/litteraturbanken.se\/ljudochbild\/?s={search_term_string}"},"query-input":{"@type":"PropertyValueSpecification","valueRequired":true,"valueName":"search_term_string"}}],"inLanguage":"sv-SE"}]}},"_links":{"self":[{"href":"https:\/\/litteraturbanken.se\/ljudochbild\/wp-json\/wp\/v2\/pages\/11595","targetHints":{"allow":["GET"]}}],"collection":[{"href":"https:\/\/litteraturbanken.se\/ljudochbild\/wp-json\/wp\/v2\/pages"}],"about":[{"href":"https:\/\/litteraturbanken.se\/ljudochbild\/wp-json\/wp\/v2\/types\/page"}],"author":[{"embeddable":true,"href":"https:\/\/litteraturbanken.se\/ljudochbild\/wp-json\/wp\/v2\/users\/5"}],"replies":[{"embeddable":true,"href":"https:\/\/litteraturbanken.se\/ljudochbild\/wp-json\/wp\/v2\/comments?post=11595"}],"version-history":[{"count":2,"href":"https:\/\/litteraturbanken.se\/ljudochbild\/wp-json\/wp\/v2\/pages\/11595\/revisions"}],"predecessor-version":[{"id":11695,"href":"https:\/\/litteraturbanken.se\/ljudochbild\/wp-json\/wp\/v2\/pages\/11595\/revisions\/11695"}],"up":[{"embeddable":true,"href":"https:\/\/litteraturbanken.se\/ljudochbild\/wp-json\/wp\/v2\/pages\/7"}],"wp:featuredmedia":[{"embeddable":true,"href":"https:\/\/litteraturbanken.se\/ljudochbild\/wp-json\/wp\/v2\/media\/11596"}],"wp:attachment":[{"href":"https:\/\/litteraturbanken.se\/ljudochbild\/wp-json\/wp\/v2\/media?parent=11595"}],"curies":[{"name":"wp","href":"https:\/\/api.w.org\/{rel}","templated":true}]}}