{"id":11598,"date":"2024-09-09T09:58:40","date_gmt":"2024-09-09T07:58:40","guid":{"rendered":"https:\/\/litteraturbanken.se\/ljudochbild\/?page_id=11598"},"modified":"2024-09-10T12:02:46","modified_gmt":"2024-09-10T10:02:46","slug":"columbuss","status":"publish","type":"page","link":"https:\/\/litteraturbanken.se\/ljudochbild\/forfattare\/columbuss\/","title":{"rendered":"Samuel Columbus\u00a0(1642\u20131679)"},"content":{"rendered":"\n<p>\u201dSAMUEL COLUMBUS (1642-1679) studerade klassiska och \u00f6sterl\u00e4ndska spr\u00e5k vid Uppsala universitet d\u00e4r han ocks\u00e5, under Olaus Rudbecks ledning, kom att intressera sig f\u00f6r naturvetenskap och, inte minst, musik. Tillsammans med sin bror Johannes ingick han \u00e4ven i&nbsp;<a href=\"https:\/\/litteraturbanken.se\/forfattare\/HiarneU\" target=\"_blank\" rel=\"noreferrer noopener\">Urban Hi\u00e4rnes<\/a>&nbsp;v\u00e4nkrets av \u2019diktande herdar\u2019, d\u00e5 under namnet Myrtillo af B\u00e4rgen. Columbus f\u00f6rfattade d\u00e4r mestadels tillf\u00e4llighetsdikter p\u00e5 latin och grekiska. Efter att ha deltagit i mot rektor Petrus Rudbeckius riktade studentupplopp i december 1665, fick Columbus tillbringa tre m\u00e5nader i f\u00e4ngelse, varifr\u00e5n han frigavs genom kungligt brev efter att ha tillst\u00e4llt Karl XI n\u00e5gra undergivna och v\u00f6rdsamma dikter.\u201d<\/p>\n\n\n\n<p>Stycket ovanf\u00f6r har vi l\u00e5nat fr\u00e5n Lotta Lotass introduktion av Samuel Columbus hos Litteraturbanken.<\/p>\n\n\n\n<div style=\"height:20px\" aria-hidden=\"true\" class=\"wp-block-spacer\"><\/div>\n\n\n\n<div class=\"wp-block-buttons is-layout-flex wp-block-buttons-is-layout-flex\">\n<div class=\"wp-block-button has-custom-font-size read-more-button\" style=\"font-size:14px\"><a class=\"wp-block-button__link has-white-color has-text-color has-background wp-element-button\" href=\"https:\/\/litteraturbanken.se\/f%C3%B6rfattare\/ColumbusS\" style=\"border-radius:0px;background-color:#cd2400\" target=\"_blank\" rel=\"noopener\"><strong>L\u00c4S MER OM SAMUEL COLUMBUS<\/strong><\/a><\/div>\n\n\n\n<div class=\"wp-block-button has-custom-font-size read-more-button\" style=\"font-size:14px\"><a class=\"wp-block-button__link has-white-color has-text-color has-background wp-element-button\" href=\"https:\/\/litteraturbanken.se\/f%C3%B6rfattare\/ColumbusS\/titlar\" style=\"border-radius:0px;background-color:#cd2400\" target=\"_blank\" rel=\"noopener\"><strong>L\u00c4S SAMUEL COLUMBUS VERK HOS LB.SE<\/strong><\/a><\/div>\n<\/div>\n\n\n\n<div style=\"height:20px\" aria-hidden=\"true\" class=\"wp-block-spacer\"><\/div>\n\n\n\n<div class=\"wp-playlist wp-audio-playlist wp-playlist-light\">\n\t\t\t<div class=\"wp-playlist-current-item\"><\/div>\n\t\t<audio controls=\"controls\" preload=\"none\" width=\"618\"\n\t\t\t><\/audio>\n\t<div class=\"wp-playlist-next\"><\/div>\n\t<div class=\"wp-playlist-prev\"><\/div>\n\t<noscript>\n\t<ol>\n\t\t<li><a href='https:\/\/litteraturbanken.se\/ljudochbild\/wp-content\/uploads\/2024\/09\/columbus_manniskan_ehrner.mp3'>M\u00e4nniskan<\/a><\/li>\t<\/ol>\n\t<\/noscript>\n\t<script type=\"application\/json\" class=\"wp-playlist-script\">{\"type\":\"audio\",\"tracklist\":true,\"tracknumbers\":true,\"images\":true,\"artists\":true,\"tracks\":[{\"src\":\"https:\/\/litteraturbanken.se\/ljudochbild\/wp-content\/uploads\/2024\/09\/columbus_manniskan_ehrner.mp3\",\"type\":\"audio\/mpeg\",\"title\":\"M\\u00e4nniskan\",\"caption\":\"\",\"description\":\"\\u201dM\\u00e4nniskan\\u201d fr\\u00e5n Samuel Columbus l\\u00e4st av Magnus Ehrner av Dikt 1593\\u20131939. Svensk och finlandssvensk lyrik i uppl\\u00e4sning av svenska och finlandssvenska sk\\u00e5despelare.\",\"meta\":{\"artist\":\"Magnus Ehrner l\\u00e4ser Samuel Columbus. Dikt 1593\\u20131939\",\"album\":\"Samuel Columbus\",\"length_formatted\":\"0:57\"},\"image\":{\"src\":\"https:\/\/litteraturbanken.se\/ljudochbild\/wp-content\/uploads\/2024\/09\/almqvist_denlyssnandemaria_lindh-mp3-image.jpg\",\"width\":1200,\"height\":1201},\"thumb\":{\"src\":\"https:\/\/litteraturbanken.se\/ljudochbild\/wp-content\/uploads\/2024\/09\/almqvist_denlyssnandemaria_lindh-mp3-image-150x150.jpg\",\"width\":150,\"height\":150}}]}<\/script>\n<\/div>\n\t\n\n\n\n<hr class=\"wp-block-separator has-css-opacity\"\/>\n\n\n\n<p><em>Inspelningen tillg\u00e4ngligg\u00f6rs h\u00e4r med tillst\u00e5nd fr\u00e5n inl\u00e4saren.<\/em><\/p>\n\n\n<h3 class=\"wp-block-heading author-related-title\">L\u00e4s mer<\/h3>\r\n\r\n\r\n\n","protected":false},"excerpt":{"rendered":"<p>\u201dSAMUEL COLUMBUS (1642-1679) studerade klassiska och \u00f6sterl\u00e4ndska spr\u00e5k vid Uppsala universitet d\u00e4r han ocks\u00e5, under Olaus Rudbecks ledning, kom att intressera sig f\u00f6r naturvetenskap och, inte minst, musik. Tillsammans med sin bror Johannes ingick han \u00e4ven i&nbsp;Urban Hi\u00e4rnes&nbsp;v\u00e4nkrets [&hellip;]<\/p>\n","protected":false},"author":5,"featured_media":0,"parent":7,"menu_order":0,"comment_status":"closed","ping_status":"closed","template":"","meta":{"footnotes":""},"class_list":["post-11598","page","type-page","status-publish","hentry"],"yoast_head":"<!-- This site is optimized with the Yoast SEO plugin v27.1.1 - https:\/\/yoast.com\/product\/yoast-seo-wordpress\/ -->\n<title>Samuel Columbus\u00a0(1642\u20131679) - Ljud &amp; Bild<\/title>\n<meta name=\"robots\" content=\"index, follow, max-snippet:-1, max-image-preview:large, max-video-preview:-1\" \/>\n<link rel=\"canonical\" href=\"https:\/\/litteraturbanken.se\/ljudochbild\/forfattare\/columbuss\/\" \/>\n<meta property=\"og:locale\" content=\"sv_SE\" \/>\n<meta property=\"og:type\" content=\"article\" \/>\n<meta property=\"og:title\" content=\"Samuel Columbus\u00a0(1642\u20131679) - Ljud &amp; Bild\" \/>\n<meta property=\"og:description\" content=\"\u201dSAMUEL COLUMBUS (1642-1679) studerade klassiska och \u00f6sterl\u00e4ndska spr\u00e5k vid Uppsala universitet d\u00e4r han ocks\u00e5, under Olaus Rudbecks ledning, kom att intressera sig f\u00f6r naturvetenskap och, inte minst, musik. Tillsammans med sin bror Johannes ingick han \u00e4ven i&nbsp;Urban Hi\u00e4rnes&nbsp;v\u00e4nkrets [&hellip;]\" \/>\n<meta property=\"og:url\" content=\"https:\/\/litteraturbanken.se\/ljudochbild\/forfattare\/columbuss\/\" \/>\n<meta property=\"og:site_name\" content=\"Ljud &amp; Bild\" \/>\n<meta property=\"article:publisher\" content=\"https:\/\/www.facebook.com\/Litteraturbanken.se\" \/>\n<meta property=\"article:modified_time\" content=\"2024-09-10T10:02:46+00:00\" \/>\n<meta name=\"twitter:card\" content=\"summary_large_image\" \/>\n<meta name=\"twitter:site\" content=\"@litteraturbank\" \/>\n<meta name=\"twitter:label1\" content=\"Ber\u00e4knad l\u00e4stid\" \/>\n\t<meta name=\"twitter:data1\" content=\"1 minut\" \/>\n<script type=\"application\/ld+json\" class=\"yoast-schema-graph\">{\"@context\":\"https:\/\/schema.org\",\"@graph\":[{\"@type\":\"WebPage\",\"@id\":\"https:\/\/litteraturbanken.se\/ljudochbild\/forfattare\/columbuss\/\",\"url\":\"https:\/\/litteraturbanken.se\/ljudochbild\/forfattare\/columbuss\/\",\"name\":\"Samuel Columbus\u00a0(1642\u20131679) - Ljud &amp; Bild\",\"isPartOf\":{\"@id\":\"https:\/\/litteraturbanken.se\/ljudochbild\/#website\"},\"datePublished\":\"2024-09-09T07:58:40+00:00\",\"dateModified\":\"2024-09-10T10:02:46+00:00\",\"breadcrumb\":{\"@id\":\"https:\/\/litteraturbanken.se\/ljudochbild\/forfattare\/columbuss\/#breadcrumb\"},\"inLanguage\":\"sv-SE\",\"potentialAction\":[{\"@type\":\"ReadAction\",\"target\":[\"https:\/\/litteraturbanken.se\/ljudochbild\/forfattare\/columbuss\/\"]}]},{\"@type\":\"BreadcrumbList\",\"@id\":\"https:\/\/litteraturbanken.se\/ljudochbild\/forfattare\/columbuss\/#breadcrumb\",\"itemListElement\":[{\"@type\":\"ListItem\",\"position\":1,\"name\":\"Hem\",\"item\":\"https:\/\/litteraturbanken.se\/ljudochbild\/\"},{\"@type\":\"ListItem\",\"position\":2,\"name\":\"F\u00f6rfattare\",\"item\":\"https:\/\/litteraturbanken.se\/ljudochbild\/forfattare\/\"},{\"@type\":\"ListItem\",\"position\":3,\"name\":\"Samuel Columbus\u00a0(1642\u20131679)\"}]},{\"@type\":\"WebSite\",\"@id\":\"https:\/\/litteraturbanken.se\/ljudochbild\/#website\",\"url\":\"https:\/\/litteraturbanken.se\/ljudochbild\/\",\"name\":\"Ljud & Bild\",\"description\":\"Ur Litteraturbankens samlingar\",\"potentialAction\":[{\"@type\":\"SearchAction\",\"target\":{\"@type\":\"EntryPoint\",\"urlTemplate\":\"https:\/\/litteraturbanken.se\/ljudochbild\/?s={search_term_string}\"},\"query-input\":{\"@type\":\"PropertyValueSpecification\",\"valueRequired\":true,\"valueName\":\"search_term_string\"}}],\"inLanguage\":\"sv-SE\"}]}<\/script>\n<!-- \/ Yoast SEO plugin. -->","yoast_head_json":{"title":"Samuel Columbus\u00a0(1642\u20131679) - Ljud &amp; Bild","robots":{"index":"index","follow":"follow","max-snippet":"max-snippet:-1","max-image-preview":"max-image-preview:large","max-video-preview":"max-video-preview:-1"},"canonical":"https:\/\/litteraturbanken.se\/ljudochbild\/forfattare\/columbuss\/","og_locale":"sv_SE","og_type":"article","og_title":"Samuel Columbus\u00a0(1642\u20131679) - Ljud &amp; Bild","og_description":"\u201dSAMUEL COLUMBUS (1642-1679) studerade klassiska och \u00f6sterl\u00e4ndska spr\u00e5k vid Uppsala universitet d\u00e4r han ocks\u00e5, under Olaus Rudbecks ledning, kom att intressera sig f\u00f6r naturvetenskap och, inte minst, musik. Tillsammans med sin bror Johannes ingick han \u00e4ven i&nbsp;Urban Hi\u00e4rnes&nbsp;v\u00e4nkrets [&hellip;]","og_url":"https:\/\/litteraturbanken.se\/ljudochbild\/forfattare\/columbuss\/","og_site_name":"Ljud &amp; Bild","article_publisher":"https:\/\/www.facebook.com\/Litteraturbanken.se","article_modified_time":"2024-09-10T10:02:46+00:00","twitter_card":"summary_large_image","twitter_site":"@litteraturbank","twitter_misc":{"Ber\u00e4knad l\u00e4stid":"1 minut"},"schema":{"@context":"https:\/\/schema.org","@graph":[{"@type":"WebPage","@id":"https:\/\/litteraturbanken.se\/ljudochbild\/forfattare\/columbuss\/","url":"https:\/\/litteraturbanken.se\/ljudochbild\/forfattare\/columbuss\/","name":"Samuel Columbus\u00a0(1642\u20131679) - Ljud &amp; Bild","isPartOf":{"@id":"https:\/\/litteraturbanken.se\/ljudochbild\/#website"},"datePublished":"2024-09-09T07:58:40+00:00","dateModified":"2024-09-10T10:02:46+00:00","breadcrumb":{"@id":"https:\/\/litteraturbanken.se\/ljudochbild\/forfattare\/columbuss\/#breadcrumb"},"inLanguage":"sv-SE","potentialAction":[{"@type":"ReadAction","target":["https:\/\/litteraturbanken.se\/ljudochbild\/forfattare\/columbuss\/"]}]},{"@type":"BreadcrumbList","@id":"https:\/\/litteraturbanken.se\/ljudochbild\/forfattare\/columbuss\/#breadcrumb","itemListElement":[{"@type":"ListItem","position":1,"name":"Hem","item":"https:\/\/litteraturbanken.se\/ljudochbild\/"},{"@type":"ListItem","position":2,"name":"F\u00f6rfattare","item":"https:\/\/litteraturbanken.se\/ljudochbild\/forfattare\/"},{"@type":"ListItem","position":3,"name":"Samuel Columbus\u00a0(1642\u20131679)"}]},{"@type":"WebSite","@id":"https:\/\/litteraturbanken.se\/ljudochbild\/#website","url":"https:\/\/litteraturbanken.se\/ljudochbild\/","name":"Ljud & Bild","description":"Ur Litteraturbankens samlingar","potentialAction":[{"@type":"SearchAction","target":{"@type":"EntryPoint","urlTemplate":"https:\/\/litteraturbanken.se\/ljudochbild\/?s={search_term_string}"},"query-input":{"@type":"PropertyValueSpecification","valueRequired":true,"valueName":"search_term_string"}}],"inLanguage":"sv-SE"}]}},"_links":{"self":[{"href":"https:\/\/litteraturbanken.se\/ljudochbild\/wp-json\/wp\/v2\/pages\/11598","targetHints":{"allow":["GET"]}}],"collection":[{"href":"https:\/\/litteraturbanken.se\/ljudochbild\/wp-json\/wp\/v2\/pages"}],"about":[{"href":"https:\/\/litteraturbanken.se\/ljudochbild\/wp-json\/wp\/v2\/types\/page"}],"author":[{"embeddable":true,"href":"https:\/\/litteraturbanken.se\/ljudochbild\/wp-json\/wp\/v2\/users\/5"}],"replies":[{"embeddable":true,"href":"https:\/\/litteraturbanken.se\/ljudochbild\/wp-json\/wp\/v2\/comments?post=11598"}],"version-history":[{"count":3,"href":"https:\/\/litteraturbanken.se\/ljudochbild\/wp-json\/wp\/v2\/pages\/11598\/revisions"}],"predecessor-version":[{"id":11697,"href":"https:\/\/litteraturbanken.se\/ljudochbild\/wp-json\/wp\/v2\/pages\/11598\/revisions\/11697"}],"up":[{"embeddable":true,"href":"https:\/\/litteraturbanken.se\/ljudochbild\/wp-json\/wp\/v2\/pages\/7"}],"wp:attachment":[{"href":"https:\/\/litteraturbanken.se\/ljudochbild\/wp-json\/wp\/v2\/media?parent=11598"}],"curies":[{"name":"wp","href":"https:\/\/api.w.org\/{rel}","templated":true}]}}