{"id":11601,"date":"2024-09-09T10:09:38","date_gmt":"2024-09-09T08:09:38","guid":{"rendered":"https:\/\/litteraturbanken.se\/ljudochbild\/?page_id=11601"},"modified":"2024-09-10T12:07:44","modified_gmt":"2024-09-10T10:07:44","slug":"franzenfm","status":"publish","type":"page","link":"https:\/\/litteraturbanken.se\/ljudochbild\/forfattare\/franzenfm\/","title":{"rendered":"Frans Michael Franz\u00e9n\u00a0(1772\u20131847)"},"content":{"rendered":"<div class=\"wp-block-image\">\n<figure class=\"alignright size-large is-resized\"><img loading=\"lazy\" decoding=\"async\" width=\"853\" height=\"1024\" src=\"https:\/\/litteraturbanken.se\/ljudochbild\/wp-content\/uploads\/2024\/09\/fransmichaelfranzen-853x1024.jpg\" alt=\"Frans Michael Franz\u00e9n\" class=\"wp-image-11603\" style=\"width:214px;height:auto\" srcset=\"https:\/\/litteraturbanken.se\/ljudochbild\/wp-content\/uploads\/2024\/09\/fransmichaelfranzen-853x1024.jpg 853w, https:\/\/litteraturbanken.se\/ljudochbild\/wp-content\/uploads\/2024\/09\/fransmichaelfranzen-250x300.jpg 250w, https:\/\/litteraturbanken.se\/ljudochbild\/wp-content\/uploads\/2024\/09\/fransmichaelfranzen-768x922.jpg 768w, https:\/\/litteraturbanken.se\/ljudochbild\/wp-content\/uploads\/2024\/09\/fransmichaelfranzen-480x576.jpg 480w, https:\/\/litteraturbanken.se\/ljudochbild\/wp-content\/uploads\/2024\/09\/fransmichaelfranzen.jpg 1200w\" sizes=\"auto, (max-width: 853px) 100vw, 853px\" \/><\/figure>\n<\/div>\n\n\n<p>\u201dFRANS MICHAEL FRANZ\u00c9N (1772\u20131847) f\u00f6ddes i Ule\u00e5borg och fick sin f\u00f6rsta utbildning vid akademin i \u00c5bo. Vid Uppsala universitet kom han i kontakt med kantiansk filosofi, och\u00a0<a href=\"https:\/\/litteraturbanken.se\/forfattare\/HoijerB\/\" target=\"_blank\" rel=\"noreferrer noopener\">Benjamin H\u00f6ijer<\/a>\u00a0(som ingick i Franz\u00e9ns matlag vid universitetet) blev viktig f\u00f6r Franz\u00e9ns utveckling. Ett genombrott som poet fick Franz\u00e9n genom dikter i Stockholms-Posten 1793\u201394, och efter en l\u00e4ngre resa genom ett av den franska revolutionen pr\u00e4glat Europa \u2013 som f\u00f6r alltid botade Franz\u00e9n fr\u00e5n en ungdomlig revolutionsromantik \u2013 \u00e5terv\u00e4nde han till sin poetiska verksamhet. Framg\u00e5ngarna kom nu i t\u00e4t f\u00f6ljd. <a href=\"https:\/\/litteraturbanken.se\/f%C3%B6rfattare\/Franz%C3%A9nFM\/titlar\/S%C3%A5ng%C3%96fverCreutz1797\/sida\/41\/etext\" target=\"_blank\" rel=\"noreferrer noopener\">\u2019S\u00e5ng \u00f6fver grefve Gustaf Philip Creutz\u2019<\/a> (1797) gav honom\u00a0Svenska Akademiens\u00a0stora pris i skaldekonsten och utgjorde n\u00e5got av en milstope f\u00f6r den samtida litteraturen.\u201d<\/p>\n\n\n\n<p>Stycket ovanf\u00f6r har vi l\u00e5nat fr\u00e5n Dick Cla\u00e9ssons introduktion av Franz\u00e9n hos Litteraturbanken.<\/p>\n\n\n\n<div style=\"height:20px\" aria-hidden=\"true\" class=\"wp-block-spacer\"><\/div>\n\n\n\n<div class=\"wp-block-buttons is-layout-flex wp-block-buttons-is-layout-flex\">\n<div class=\"wp-block-button has-custom-font-size read-more-button\" style=\"font-size:14px\"><a class=\"wp-block-button__link has-white-color has-text-color has-background wp-element-button\" href=\"https:\/\/litteraturbanken.se\/f%C3%B6rfattare\/Franz%C3%A9nFM\" style=\"border-radius:0px;background-color:#cd2400\" target=\"_blank\" rel=\"noopener\"><strong>L\u00c4S MER OM FRANS MICHAEL FRANZ\u00c9N<\/strong><\/a><\/div>\n\n\n\n<div class=\"wp-block-button has-custom-font-size read-more-button\" style=\"font-size:14px\"><a class=\"wp-block-button__link has-white-color has-text-color has-background wp-element-button\" href=\"https:\/\/litteraturbanken.se\/f%C3%B6rfattare\/Franz%C3%A9nFM\/titlar\" style=\"border-radius:0px;background-color:#cd2400\" target=\"_blank\" rel=\"noopener\"><strong>L\u00c4S <strong>FRANS MICHAEL FRANZ\u00c9N<\/strong>S VERK HOS LB.SE<\/strong><\/a><\/div>\n<\/div>\n\n\n\n<div style=\"height:20px\" aria-hidden=\"true\" class=\"wp-block-spacer\"><\/div>\n\n\n\n<div class=\"wp-playlist wp-audio-playlist wp-playlist-light\">\n\t\t\t<div class=\"wp-playlist-current-item\"><\/div>\n\t\t<audio controls=\"controls\" preload=\"none\" width=\"618\"\n\t\t\t><\/audio>\n\t<div class=\"wp-playlist-next\"><\/div>\n\t<div class=\"wp-playlist-prev\"><\/div>\n\t<noscript>\n\t<ol>\n\t\t<li><a href='https:\/\/litteraturbanken.se\/ljudochbild\/wp-content\/uploads\/2024\/09\/franzen_kejsarhadrianidodssang_ekblad.mp3'>Kejsar Hadriani d\u00f6dss\u00e5ng<\/a><\/li><li><a href='https:\/\/litteraturbanken.se\/ljudochbild\/wp-content\/uploads\/2024\/09\/franzen_lifvetsnjutning_eklundh.mp3'>Lifvets njutning<\/a><\/li>\t<\/ol>\n\t<\/noscript>\n\t<script type=\"application\/json\" class=\"wp-playlist-script\">{\"type\":\"audio\",\"tracklist\":true,\"tracknumbers\":true,\"images\":true,\"artists\":true,\"tracks\":[{\"src\":\"https:\/\/litteraturbanken.se\/ljudochbild\/wp-content\/uploads\/2024\/09\/franzen_kejsarhadrianidodssang_ekblad.mp3\",\"type\":\"audio\/mpeg\",\"title\":\"Kejsar Hadriani d\\u00f6dss\\u00e5ng\",\"caption\":\"\",\"description\":\"\\u201dKejsar Hadriani d\\u00f6dss\\u00e5ng\\u201d fr\\u00e5n Frans Michael Franz\\u00e9n l\\u00e4st av Ylva Ekblad av Dikt 1593\\u20131939. Svensk och finlandssvensk lyrik i uppl\\u00e4sning av svenska och finlandssvenska sk\\u00e5despelare.\",\"meta\":{\"artist\":\"Ylva Ekblad l\\u00e4ser Frans Michael Franz\\u00e9n. Dikt 1593\\u20131939\",\"album\":\"Frans Michael Franz\\u00e9n\",\"length_formatted\":\"1:01\"},\"image\":{\"src\":\"https:\/\/litteraturbanken.se\/ljudochbild\/wp-content\/uploads\/2024\/09\/almqvist_denlyssnandemaria_lindh-mp3-image.jpg\",\"width\":1200,\"height\":1201},\"thumb\":{\"src\":\"https:\/\/litteraturbanken.se\/ljudochbild\/wp-content\/uploads\/2024\/09\/almqvist_denlyssnandemaria_lindh-mp3-image-150x150.jpg\",\"width\":150,\"height\":150}},{\"src\":\"https:\/\/litteraturbanken.se\/ljudochbild\/wp-content\/uploads\/2024\/09\/franzen_lifvetsnjutning_eklundh.mp3\",\"type\":\"audio\/mpeg\",\"title\":\"Lifvets njutning\",\"caption\":\"\",\"description\":\"\\u201dLifvets njutning\\u201d fr\\u00e5n Frans Michael Franz\\u00e9n l\\u00e4st av Riko Eklundh av Dikt 1593\\u20131939. Svensk och finlandssvensk lyrik i uppl\\u00e4sning av svenska och finlandssvenska sk\\u00e5despelare.\",\"meta\":{\"artist\":\"Riko Eklundh l\\u00e4ser Frans Michael Franz\\u00e9n. Dikt 1593\\u20131939\",\"album\":\"Frans Michael Franz\\u00e9n\",\"length_formatted\":\"1:49\"},\"image\":{\"src\":\"https:\/\/litteraturbanken.se\/ljudochbild\/wp-content\/uploads\/2024\/09\/almqvist_denlyssnandemaria_lindh-mp3-image.jpg\",\"width\":1200,\"height\":1201},\"thumb\":{\"src\":\"https:\/\/litteraturbanken.se\/ljudochbild\/wp-content\/uploads\/2024\/09\/almqvist_denlyssnandemaria_lindh-mp3-image-150x150.jpg\",\"width\":150,\"height\":150}}]}<\/script>\n<\/div>\n\t\n\n\n\n<hr class=\"wp-block-separator has-css-opacity\"\/>\n\n\n\n<p><em>Inspelningarna tillg\u00e4ngligg\u00f6rs h\u00e4r med tillst\u00e5nd fr\u00e5n inl\u00e4sarna. \u2013 M\u00e5lningen ovanf\u00f6r, utf\u00f6rd av Fredric Westin, har vi l\u00e5nat fr\u00e5n <a href=\"https:\/\/commons.wikimedia.org\/wiki\/File:Frans_Mikael_Franzen_by_Westin.jpeg\" target=\"_blank\" rel=\"noreferrer noopener\">Wikimedia Commons<\/a>.<\/em><\/p>\n\n\n<h3 class=\"wp-block-heading author-related-title\">L\u00e4s mer<\/h3>\r\n\r\n\r\n\n","protected":false},"excerpt":{"rendered":"<p>\u201dFRANS MICHAEL FRANZ\u00c9N (1772\u20131847) f\u00f6ddes i Ule\u00e5borg och fick sin f\u00f6rsta utbildning vid akademin i \u00c5bo. Vid Uppsala universitet kom han i kontakt med kantiansk filosofi, och\u00a0Benjamin H\u00f6ijer\u00a0(som ingick i Franz\u00e9ns matlag vid universitetet) blev viktig f\u00f6r Franz\u00e9ns [&hellip;]<\/p>\n","protected":false},"author":5,"featured_media":11603,"parent":7,"menu_order":0,"comment_status":"closed","ping_status":"closed","template":"","meta":{"footnotes":""},"class_list":["post-11601","page","type-page","status-publish","has-post-thumbnail","hentry"],"yoast_head":"<!-- This site is optimized with the Yoast SEO plugin v27.1.1 - https:\/\/yoast.com\/product\/yoast-seo-wordpress\/ -->\n<title>Frans Michael Franz\u00e9n\u00a0(1772\u20131847) - Ljud &amp; Bild<\/title>\n<meta name=\"robots\" content=\"index, follow, max-snippet:-1, max-image-preview:large, max-video-preview:-1\" \/>\n<link rel=\"canonical\" href=\"https:\/\/litteraturbanken.se\/ljudochbild\/forfattare\/franzenfm\/\" \/>\n<meta property=\"og:locale\" content=\"sv_SE\" \/>\n<meta property=\"og:type\" content=\"article\" \/>\n<meta property=\"og:title\" content=\"Frans Michael Franz\u00e9n\u00a0(1772\u20131847) - Ljud &amp; Bild\" \/>\n<meta property=\"og:description\" content=\"\u201dFRANS MICHAEL FRANZ\u00c9N (1772\u20131847) f\u00f6ddes i Ule\u00e5borg och fick sin f\u00f6rsta utbildning vid akademin i \u00c5bo. Vid Uppsala universitet kom han i kontakt med kantiansk filosofi, och\u00a0Benjamin H\u00f6ijer\u00a0(som ingick i Franz\u00e9ns matlag vid universitetet) blev viktig f\u00f6r Franz\u00e9ns [&hellip;]\" \/>\n<meta property=\"og:url\" content=\"https:\/\/litteraturbanken.se\/ljudochbild\/forfattare\/franzenfm\/\" \/>\n<meta property=\"og:site_name\" content=\"Ljud &amp; Bild\" \/>\n<meta property=\"article:publisher\" content=\"https:\/\/www.facebook.com\/Litteraturbanken.se\" \/>\n<meta property=\"article:modified_time\" content=\"2024-09-10T10:07:44+00:00\" \/>\n<meta property=\"og:image\" content=\"https:\/\/litteraturbanken.se\/ljudochbild\/wp-content\/uploads\/2024\/09\/fransmichaelfranzen.jpg\" \/>\n\t<meta property=\"og:image:width\" content=\"1200\" \/>\n\t<meta property=\"og:image:height\" content=\"1441\" \/>\n\t<meta property=\"og:image:type\" content=\"image\/jpeg\" \/>\n<meta name=\"twitter:card\" content=\"summary_large_image\" \/>\n<meta name=\"twitter:site\" content=\"@litteraturbank\" \/>\n<meta name=\"twitter:label1\" content=\"Ber\u00e4knad l\u00e4stid\" \/>\n\t<meta name=\"twitter:data1\" content=\"2 minuter\" \/>\n<script type=\"application\/ld+json\" class=\"yoast-schema-graph\">{\"@context\":\"https:\/\/schema.org\",\"@graph\":[{\"@type\":\"WebPage\",\"@id\":\"https:\/\/litteraturbanken.se\/ljudochbild\/forfattare\/franzenfm\/\",\"url\":\"https:\/\/litteraturbanken.se\/ljudochbild\/forfattare\/franzenfm\/\",\"name\":\"Frans Michael Franz\u00e9n\u00a0(1772\u20131847) - Ljud &amp; Bild\",\"isPartOf\":{\"@id\":\"https:\/\/litteraturbanken.se\/ljudochbild\/#website\"},\"primaryImageOfPage\":{\"@id\":\"https:\/\/litteraturbanken.se\/ljudochbild\/forfattare\/franzenfm\/#primaryimage\"},\"image\":{\"@id\":\"https:\/\/litteraturbanken.se\/ljudochbild\/forfattare\/franzenfm\/#primaryimage\"},\"thumbnailUrl\":\"https:\/\/litteraturbanken.se\/ljudochbild\/wp-content\/uploads\/2024\/09\/fransmichaelfranzen.jpg\",\"datePublished\":\"2024-09-09T08:09:38+00:00\",\"dateModified\":\"2024-09-10T10:07:44+00:00\",\"breadcrumb\":{\"@id\":\"https:\/\/litteraturbanken.se\/ljudochbild\/forfattare\/franzenfm\/#breadcrumb\"},\"inLanguage\":\"sv-SE\",\"potentialAction\":[{\"@type\":\"ReadAction\",\"target\":[\"https:\/\/litteraturbanken.se\/ljudochbild\/forfattare\/franzenfm\/\"]}]},{\"@type\":\"ImageObject\",\"inLanguage\":\"sv-SE\",\"@id\":\"https:\/\/litteraturbanken.se\/ljudochbild\/forfattare\/franzenfm\/#primaryimage\",\"url\":\"https:\/\/litteraturbanken.se\/ljudochbild\/wp-content\/uploads\/2024\/09\/fransmichaelfranzen.jpg\",\"contentUrl\":\"https:\/\/litteraturbanken.se\/ljudochbild\/wp-content\/uploads\/2024\/09\/fransmichaelfranzen.jpg\",\"width\":1200,\"height\":1441,\"caption\":\"Frans Michael Franz\u00e9n\"},{\"@type\":\"BreadcrumbList\",\"@id\":\"https:\/\/litteraturbanken.se\/ljudochbild\/forfattare\/franzenfm\/#breadcrumb\",\"itemListElement\":[{\"@type\":\"ListItem\",\"position\":1,\"name\":\"Hem\",\"item\":\"https:\/\/litteraturbanken.se\/ljudochbild\/\"},{\"@type\":\"ListItem\",\"position\":2,\"name\":\"F\u00f6rfattare\",\"item\":\"https:\/\/litteraturbanken.se\/ljudochbild\/forfattare\/\"},{\"@type\":\"ListItem\",\"position\":3,\"name\":\"Frans Michael Franz\u00e9n\u00a0(1772\u20131847)\"}]},{\"@type\":\"WebSite\",\"@id\":\"https:\/\/litteraturbanken.se\/ljudochbild\/#website\",\"url\":\"https:\/\/litteraturbanken.se\/ljudochbild\/\",\"name\":\"Ljud & Bild\",\"description\":\"Ur Litteraturbankens samlingar\",\"potentialAction\":[{\"@type\":\"SearchAction\",\"target\":{\"@type\":\"EntryPoint\",\"urlTemplate\":\"https:\/\/litteraturbanken.se\/ljudochbild\/?s={search_term_string}\"},\"query-input\":{\"@type\":\"PropertyValueSpecification\",\"valueRequired\":true,\"valueName\":\"search_term_string\"}}],\"inLanguage\":\"sv-SE\"}]}<\/script>\n<!-- \/ Yoast SEO plugin. -->","yoast_head_json":{"title":"Frans Michael Franz\u00e9n\u00a0(1772\u20131847) - Ljud &amp; Bild","robots":{"index":"index","follow":"follow","max-snippet":"max-snippet:-1","max-image-preview":"max-image-preview:large","max-video-preview":"max-video-preview:-1"},"canonical":"https:\/\/litteraturbanken.se\/ljudochbild\/forfattare\/franzenfm\/","og_locale":"sv_SE","og_type":"article","og_title":"Frans Michael Franz\u00e9n\u00a0(1772\u20131847) - Ljud &amp; Bild","og_description":"\u201dFRANS MICHAEL FRANZ\u00c9N (1772\u20131847) f\u00f6ddes i Ule\u00e5borg och fick sin f\u00f6rsta utbildning vid akademin i \u00c5bo. Vid Uppsala universitet kom han i kontakt med kantiansk filosofi, och\u00a0Benjamin H\u00f6ijer\u00a0(som ingick i Franz\u00e9ns matlag vid universitetet) blev viktig f\u00f6r Franz\u00e9ns [&hellip;]","og_url":"https:\/\/litteraturbanken.se\/ljudochbild\/forfattare\/franzenfm\/","og_site_name":"Ljud &amp; Bild","article_publisher":"https:\/\/www.facebook.com\/Litteraturbanken.se","article_modified_time":"2024-09-10T10:07:44+00:00","og_image":[{"width":1200,"height":1441,"url":"https:\/\/litteraturbanken.se\/ljudochbild\/wp-content\/uploads\/2024\/09\/fransmichaelfranzen.jpg","type":"image\/jpeg"}],"twitter_card":"summary_large_image","twitter_site":"@litteraturbank","twitter_misc":{"Ber\u00e4knad l\u00e4stid":"2 minuter"},"schema":{"@context":"https:\/\/schema.org","@graph":[{"@type":"WebPage","@id":"https:\/\/litteraturbanken.se\/ljudochbild\/forfattare\/franzenfm\/","url":"https:\/\/litteraturbanken.se\/ljudochbild\/forfattare\/franzenfm\/","name":"Frans Michael Franz\u00e9n\u00a0(1772\u20131847) - Ljud &amp; Bild","isPartOf":{"@id":"https:\/\/litteraturbanken.se\/ljudochbild\/#website"},"primaryImageOfPage":{"@id":"https:\/\/litteraturbanken.se\/ljudochbild\/forfattare\/franzenfm\/#primaryimage"},"image":{"@id":"https:\/\/litteraturbanken.se\/ljudochbild\/forfattare\/franzenfm\/#primaryimage"},"thumbnailUrl":"https:\/\/litteraturbanken.se\/ljudochbild\/wp-content\/uploads\/2024\/09\/fransmichaelfranzen.jpg","datePublished":"2024-09-09T08:09:38+00:00","dateModified":"2024-09-10T10:07:44+00:00","breadcrumb":{"@id":"https:\/\/litteraturbanken.se\/ljudochbild\/forfattare\/franzenfm\/#breadcrumb"},"inLanguage":"sv-SE","potentialAction":[{"@type":"ReadAction","target":["https:\/\/litteraturbanken.se\/ljudochbild\/forfattare\/franzenfm\/"]}]},{"@type":"ImageObject","inLanguage":"sv-SE","@id":"https:\/\/litteraturbanken.se\/ljudochbild\/forfattare\/franzenfm\/#primaryimage","url":"https:\/\/litteraturbanken.se\/ljudochbild\/wp-content\/uploads\/2024\/09\/fransmichaelfranzen.jpg","contentUrl":"https:\/\/litteraturbanken.se\/ljudochbild\/wp-content\/uploads\/2024\/09\/fransmichaelfranzen.jpg","width":1200,"height":1441,"caption":"Frans Michael Franz\u00e9n"},{"@type":"BreadcrumbList","@id":"https:\/\/litteraturbanken.se\/ljudochbild\/forfattare\/franzenfm\/#breadcrumb","itemListElement":[{"@type":"ListItem","position":1,"name":"Hem","item":"https:\/\/litteraturbanken.se\/ljudochbild\/"},{"@type":"ListItem","position":2,"name":"F\u00f6rfattare","item":"https:\/\/litteraturbanken.se\/ljudochbild\/forfattare\/"},{"@type":"ListItem","position":3,"name":"Frans Michael Franz\u00e9n\u00a0(1772\u20131847)"}]},{"@type":"WebSite","@id":"https:\/\/litteraturbanken.se\/ljudochbild\/#website","url":"https:\/\/litteraturbanken.se\/ljudochbild\/","name":"Ljud & Bild","description":"Ur Litteraturbankens samlingar","potentialAction":[{"@type":"SearchAction","target":{"@type":"EntryPoint","urlTemplate":"https:\/\/litteraturbanken.se\/ljudochbild\/?s={search_term_string}"},"query-input":{"@type":"PropertyValueSpecification","valueRequired":true,"valueName":"search_term_string"}}],"inLanguage":"sv-SE"}]}},"_links":{"self":[{"href":"https:\/\/litteraturbanken.se\/ljudochbild\/wp-json\/wp\/v2\/pages\/11601","targetHints":{"allow":["GET"]}}],"collection":[{"href":"https:\/\/litteraturbanken.se\/ljudochbild\/wp-json\/wp\/v2\/pages"}],"about":[{"href":"https:\/\/litteraturbanken.se\/ljudochbild\/wp-json\/wp\/v2\/types\/page"}],"author":[{"embeddable":true,"href":"https:\/\/litteraturbanken.se\/ljudochbild\/wp-json\/wp\/v2\/users\/5"}],"replies":[{"embeddable":true,"href":"https:\/\/litteraturbanken.se\/ljudochbild\/wp-json\/wp\/v2\/comments?post=11601"}],"version-history":[{"count":5,"href":"https:\/\/litteraturbanken.se\/ljudochbild\/wp-json\/wp\/v2\/pages\/11601\/revisions"}],"predecessor-version":[{"id":11707,"href":"https:\/\/litteraturbanken.se\/ljudochbild\/wp-json\/wp\/v2\/pages\/11601\/revisions\/11707"}],"up":[{"embeddable":true,"href":"https:\/\/litteraturbanken.se\/ljudochbild\/wp-json\/wp\/v2\/pages\/7"}],"wp:featuredmedia":[{"embeddable":true,"href":"https:\/\/litteraturbanken.se\/ljudochbild\/wp-json\/wp\/v2\/media\/11603"}],"wp:attachment":[{"href":"https:\/\/litteraturbanken.se\/ljudochbild\/wp-json\/wp\/v2\/media?parent=11601"}],"curies":[{"name":"wp","href":"https:\/\/api.w.org\/{rel}","templated":true}]}}