{"id":11630,"date":"2024-09-09T12:10:38","date_gmt":"2024-09-09T10:10:38","guid":{"rendered":"https:\/\/litteraturbanken.se\/ljudochbild\/?page_id=11630"},"modified":"2024-09-10T14:55:22","modified_gmt":"2024-09-10T12:55:22","slug":"nordstromw","status":"publish","type":"page","link":"https:\/\/litteraturbanken.se\/ljudochbild\/forfattare\/nordstromw\/","title":{"rendered":"Wilhelmina Nordstr\u00f6m\u00a0(1815\u20131902)"},"content":{"rendered":"<div class=\"wp-block-image\">\n<figure class=\"alignright size-large is-resized\"><img loading=\"lazy\" decoding=\"async\" width=\"765\" height=\"1024\" src=\"https:\/\/litteraturbanken.se\/ljudochbild\/wp-content\/uploads\/2024\/09\/wilhelminanordstrom-765x1024.jpg\" alt=\"Wilhelmina Nordstr\u00f6m\" class=\"wp-image-11632\" style=\"width:193px;height:auto\" srcset=\"https:\/\/litteraturbanken.se\/ljudochbild\/wp-content\/uploads\/2024\/09\/wilhelminanordstrom-765x1024.jpg 765w, https:\/\/litteraturbanken.se\/ljudochbild\/wp-content\/uploads\/2024\/09\/wilhelminanordstrom-224x300.jpg 224w, https:\/\/litteraturbanken.se\/ljudochbild\/wp-content\/uploads\/2024\/09\/wilhelminanordstrom-768x1028.jpg 768w, https:\/\/litteraturbanken.se\/ljudochbild\/wp-content\/uploads\/2024\/09\/wilhelminanordstrom-1147x1536.jpg 1147w, https:\/\/litteraturbanken.se\/ljudochbild\/wp-content\/uploads\/2024\/09\/wilhelminanordstrom-480x643.jpg 480w, https:\/\/litteraturbanken.se\/ljudochbild\/wp-content\/uploads\/2024\/09\/wilhelminanordstrom.jpg 1200w\" sizes=\"auto, (max-width: 765px) 100vw, 765px\" \/><\/figure>\n<\/div>\n\n\n<p>\u201dWILHELMINA NORDSTR\u00d6M (1815\u20131902) f\u00f6ddes i ett pr\u00e4sthem i Pyttis i Viborgs l\u00e4n. Den kristna tron i hemmet var str\u00e4ng; sj\u00e4lv f\u00f6rblev hon troende, men i en lite \u00f6ppnare form \u00e4n den hon vuxit upp med. N\u00e5gon f\u00f6rst\u00e5else f\u00f6r sina litter\u00e4ra ambitioner fick hon och hennes systrar inte.<\/p>\n\n\n\n<p>Hon fick emellertid, liksom systrarna, en j\u00e4mf\u00f6relsevis gedigen skolg\u00e5ng, som gav henne m\u00f6jlighet att utveckla sina litter\u00e4ra intressen. Under ett par decennier var hon guvernant i olika familjer och \u00e4gnade sig d\u00e5 ocks\u00e5 \u00e5t poesin. Sin mest omfattande verksamhet kom hon dock att \u00e4gna kvinnans utbildning. Efter en resa p\u00e5 kontinenten, d\u00e4r hon studerade aktuell pedagogik, \u00f6ppnade hon Privata svenska fruntimmersskolan i Borg\u00e5 1863, en vidareutveckling av en flickskola som hon hade startat redan 1858. En \u00f6gonsjukdom gjorde att hon l\u00e4mnade \u00f6ver skolan 1878 till Runebergs levnadstecknare, lektorn vid Borg\u00e5 gymnasium J. E. Str\u00f6mberg, som i efterhand har f\u00e5tt ge namn \u00e5t den \u00e4nnu existerande skolan.\u201d<\/p>\n\n\n\n<p>Styckena ovan \u00e4r h\u00e4mtade fr\u00e5n Tom Hedlunds introduktion av Nordstr\u00f6m hos Litteraturbanken.<\/p>\n\n\n\n<div class=\"wp-block-buttons is-layout-flex wp-block-buttons-is-layout-flex\">\n<div class=\"wp-block-button has-custom-font-size read-more-button\" style=\"font-size:14px\"><a class=\"wp-block-button__link has-white-color has-text-color has-background wp-element-button\" href=\"https:\/\/litteraturbanken.se\/f%C3%B6rfattare\/Nordstr%C3%B6mW\" style=\"border-radius:0px;background-color:#cd2400\" target=\"_blank\" rel=\"noopener\"><strong>L\u00c4S MER OM WILHELMINA NORDSTR\u00d6M<\/strong><\/a><\/div>\n\n\n\n<div class=\"wp-block-button has-custom-font-size read-more-button\" style=\"font-size:14px\"><a class=\"wp-block-button__link has-white-color has-text-color has-background wp-element-button\" href=\"https:\/\/litteraturbanken.se\/f%C3%B6rfattare\/Nordstr%C3%B6mW\/titlar\" style=\"border-radius:0px;background-color:#cd2400\" target=\"_blank\" rel=\"noopener\"><strong>L\u00c4S WILHELMINA NORDSTR\u00d6MS VERK HOS LB.SE<\/strong><\/a><\/div>\n<\/div>\n\n\n\n<div style=\"height:20px\" aria-hidden=\"true\" class=\"wp-block-spacer\"><\/div>\n\n\n\n<div class=\"wp-playlist wp-audio-playlist wp-playlist-light\">\n\t\t\t<div class=\"wp-playlist-current-item\"><\/div>\n\t\t<audio controls=\"controls\" preload=\"none\" width=\"618\"\n\t\t\t><\/audio>\n\t<div class=\"wp-playlist-next\"><\/div>\n\t<div class=\"wp-playlist-prev\"><\/div>\n\t<noscript>\n\t<ol>\n\t\t<li><a href='https:\/\/litteraturbanken.se\/ljudochbild\/wp-content\/uploads\/2024\/09\/nordstrom_ijuni_poysti.mp3'>I Juni<\/a><\/li>\t<\/ol>\n\t<\/noscript>\n\t<script type=\"application\/json\" class=\"wp-playlist-script\">{\"type\":\"audio\",\"tracklist\":true,\"tracknumbers\":true,\"images\":true,\"artists\":true,\"tracks\":[{\"src\":\"https:\/\/litteraturbanken.se\/ljudochbild\/wp-content\/uploads\/2024\/09\/nordstrom_ijuni_poysti.mp3\",\"type\":\"audio\/mpeg\",\"title\":\"I Juni\",\"caption\":\"\",\"description\":\"\\u201dI Juni\\u201d fr\\u00e5n Wilhelmina Nordstr\\u00f6m l\\u00e4st av Alma P\\u00f6ysti av Dikt 1593\\u20131939. Svensk och finlandssvensk lyrik i uppl\\u00e4sning av svenska och finlandssvenska sk\\u00e5despelare.\",\"meta\":{\"artist\":\"Alma P\\u00f6ysti l\\u00e4ser Wilhelmina Nordstr\\u00f6m. Dikt 1593\\u20131939\",\"album\":\"Wilhelmina Nordstr\\u00f6m\",\"length_formatted\":\"1:05\"},\"image\":{\"src\":\"https:\/\/litteraturbanken.se\/ljudochbild\/wp-content\/uploads\/2024\/09\/almqvist_denlyssnandemaria_lindh-mp3-image.jpg\",\"width\":1200,\"height\":1201},\"thumb\":{\"src\":\"https:\/\/litteraturbanken.se\/ljudochbild\/wp-content\/uploads\/2024\/09\/almqvist_denlyssnandemaria_lindh-mp3-image-150x150.jpg\",\"width\":150,\"height\":150}}]}<\/script>\n<\/div>\n\t\n\n\n\n<hr class=\"wp-block-separator has-alpha-channel-opacity\"\/>\n\n\n\n<p><em>Inspelningen tillg\u00e4ngligg\u00f6rs h\u00e4r med tillst\u00e5nd fr\u00e5n inl\u00e4saren. \u2013 Fotografiet ovanf\u00f6r har vi l\u00e5nat fr\u00e5n <a href=\"https:\/\/www.doria.fi\/handle\/10024\/186514\" target=\"_blank\" rel=\"noreferrer noopener\">finska Nationalbiblioteket<\/a>.<\/em><\/p>\n\n\n<h3 class=\"wp-block-heading author-related-title\">L\u00e4s mer<\/h3>\r\n<div class=\"display-posts-listing grid\"><div class=\"listing-item\"><a class=\"image\" href=\"https:\/\/litteraturbanken.se\/ljudochbild\/2024\/06\/25\/roster-i-oster\/\"><img loading=\"lazy\" decoding=\"async\" width=\"640\" height=\"471\" src=\"https:\/\/litteraturbanken.se\/ljudochbild\/wp-content\/uploads\/2024\/06\/rosterioster-1024x753.jpg\" class=\"attachment-large size-large wp-post-image\" alt=\"R\u00f6ster i \u00f6ster\" srcset=\"https:\/\/litteraturbanken.se\/ljudochbild\/wp-content\/uploads\/2024\/06\/rosterioster-1024x753.jpg 1024w, https:\/\/litteraturbanken.se\/ljudochbild\/wp-content\/uploads\/2024\/06\/rosterioster-300x221.jpg 300w, https:\/\/litteraturbanken.se\/ljudochbild\/wp-content\/uploads\/2024\/06\/rosterioster-768x564.jpg 768w, https:\/\/litteraturbanken.se\/ljudochbild\/wp-content\/uploads\/2024\/06\/rosterioster-480x353.jpg 480w, https:\/\/litteraturbanken.se\/ljudochbild\/wp-content\/uploads\/2024\/06\/rosterioster.jpg 1200w\" sizes=\"auto, (max-width: 640px) 100vw, 640px\" \/><\/a> <a class=\"title\" href=\"https:\/\/litteraturbanken.se\/ljudochbild\/2024\/06\/25\/roster-i-oster\/\">R\u00f6ster i \u00f6ster<\/a><\/div><\/div>\r\n\r\n\n","protected":false},"excerpt":{"rendered":"<p>\u201dWILHELMINA NORDSTR\u00d6M (1815\u20131902) f\u00f6ddes i ett pr\u00e4sthem i Pyttis i Viborgs l\u00e4n. Den kristna tron i hemmet var str\u00e4ng; sj\u00e4lv f\u00f6rblev hon troende, men i en lite \u00f6ppnare form \u00e4n den hon vuxit upp med. N\u00e5gon f\u00f6rst\u00e5else f\u00f6r [&hellip;]<\/p>\n","protected":false},"author":5,"featured_media":11632,"parent":7,"menu_order":0,"comment_status":"closed","ping_status":"closed","template":"","meta":{"footnotes":""},"class_list":["post-11630","page","type-page","status-publish","has-post-thumbnail","hentry"],"yoast_head":"<!-- This site is optimized with the Yoast SEO plugin v27.1.1 - https:\/\/yoast.com\/product\/yoast-seo-wordpress\/ -->\n<title>Wilhelmina Nordstr\u00f6m\u00a0(1815\u20131902) - Ljud &amp; Bild<\/title>\n<meta name=\"robots\" content=\"index, follow, max-snippet:-1, max-image-preview:large, max-video-preview:-1\" \/>\n<link rel=\"canonical\" href=\"https:\/\/litteraturbanken.se\/ljudochbild\/forfattare\/nordstromw\/\" \/>\n<meta property=\"og:locale\" content=\"sv_SE\" \/>\n<meta property=\"og:type\" content=\"article\" \/>\n<meta property=\"og:title\" content=\"Wilhelmina Nordstr\u00f6m\u00a0(1815\u20131902) - Ljud &amp; Bild\" \/>\n<meta property=\"og:description\" content=\"\u201dWILHELMINA NORDSTR\u00d6M (1815\u20131902) f\u00f6ddes i ett pr\u00e4sthem i Pyttis i Viborgs l\u00e4n. Den kristna tron i hemmet var str\u00e4ng; sj\u00e4lv f\u00f6rblev hon troende, men i en lite \u00f6ppnare form \u00e4n den hon vuxit upp med. N\u00e5gon f\u00f6rst\u00e5else f\u00f6r [&hellip;]\" \/>\n<meta property=\"og:url\" content=\"https:\/\/litteraturbanken.se\/ljudochbild\/forfattare\/nordstromw\/\" \/>\n<meta property=\"og:site_name\" content=\"Ljud &amp; Bild\" \/>\n<meta property=\"article:publisher\" content=\"https:\/\/www.facebook.com\/Litteraturbanken.se\" \/>\n<meta property=\"article:modified_time\" content=\"2024-09-10T12:55:22+00:00\" \/>\n<meta property=\"og:image\" content=\"https:\/\/litteraturbanken.se\/ljudochbild\/wp-content\/uploads\/2024\/09\/wilhelminanordstrom.jpg\" \/>\n\t<meta property=\"og:image:width\" content=\"1200\" \/>\n\t<meta property=\"og:image:height\" content=\"1607\" \/>\n\t<meta property=\"og:image:type\" content=\"image\/jpeg\" \/>\n<meta name=\"twitter:card\" content=\"summary_large_image\" \/>\n<meta name=\"twitter:site\" content=\"@litteraturbank\" \/>\n<meta name=\"twitter:label1\" content=\"Ber\u00e4knad l\u00e4stid\" \/>\n\t<meta name=\"twitter:data1\" content=\"2 minuter\" \/>\n<script type=\"application\/ld+json\" class=\"yoast-schema-graph\">{\"@context\":\"https:\/\/schema.org\",\"@graph\":[{\"@type\":\"WebPage\",\"@id\":\"https:\/\/litteraturbanken.se\/ljudochbild\/forfattare\/nordstromw\/\",\"url\":\"https:\/\/litteraturbanken.se\/ljudochbild\/forfattare\/nordstromw\/\",\"name\":\"Wilhelmina Nordstr\u00f6m\u00a0(1815\u20131902) - Ljud &amp; Bild\",\"isPartOf\":{\"@id\":\"https:\/\/litteraturbanken.se\/ljudochbild\/#website\"},\"primaryImageOfPage\":{\"@id\":\"https:\/\/litteraturbanken.se\/ljudochbild\/forfattare\/nordstromw\/#primaryimage\"},\"image\":{\"@id\":\"https:\/\/litteraturbanken.se\/ljudochbild\/forfattare\/nordstromw\/#primaryimage\"},\"thumbnailUrl\":\"https:\/\/litteraturbanken.se\/ljudochbild\/wp-content\/uploads\/2024\/09\/wilhelminanordstrom.jpg\",\"datePublished\":\"2024-09-09T10:10:38+00:00\",\"dateModified\":\"2024-09-10T12:55:22+00:00\",\"breadcrumb\":{\"@id\":\"https:\/\/litteraturbanken.se\/ljudochbild\/forfattare\/nordstromw\/#breadcrumb\"},\"inLanguage\":\"sv-SE\",\"potentialAction\":[{\"@type\":\"ReadAction\",\"target\":[\"https:\/\/litteraturbanken.se\/ljudochbild\/forfattare\/nordstromw\/\"]}]},{\"@type\":\"ImageObject\",\"inLanguage\":\"sv-SE\",\"@id\":\"https:\/\/litteraturbanken.se\/ljudochbild\/forfattare\/nordstromw\/#primaryimage\",\"url\":\"https:\/\/litteraturbanken.se\/ljudochbild\/wp-content\/uploads\/2024\/09\/wilhelminanordstrom.jpg\",\"contentUrl\":\"https:\/\/litteraturbanken.se\/ljudochbild\/wp-content\/uploads\/2024\/09\/wilhelminanordstrom.jpg\",\"width\":1200,\"height\":1607,\"caption\":\"Wilhelmina Nordstr\u00f6m\"},{\"@type\":\"BreadcrumbList\",\"@id\":\"https:\/\/litteraturbanken.se\/ljudochbild\/forfattare\/nordstromw\/#breadcrumb\",\"itemListElement\":[{\"@type\":\"ListItem\",\"position\":1,\"name\":\"Hem\",\"item\":\"https:\/\/litteraturbanken.se\/ljudochbild\/\"},{\"@type\":\"ListItem\",\"position\":2,\"name\":\"F\u00f6rfattare\",\"item\":\"https:\/\/litteraturbanken.se\/ljudochbild\/forfattare\/\"},{\"@type\":\"ListItem\",\"position\":3,\"name\":\"Wilhelmina Nordstr\u00f6m\u00a0(1815\u20131902)\"}]},{\"@type\":\"WebSite\",\"@id\":\"https:\/\/litteraturbanken.se\/ljudochbild\/#website\",\"url\":\"https:\/\/litteraturbanken.se\/ljudochbild\/\",\"name\":\"Ljud & Bild\",\"description\":\"Ur Litteraturbankens samlingar\",\"potentialAction\":[{\"@type\":\"SearchAction\",\"target\":{\"@type\":\"EntryPoint\",\"urlTemplate\":\"https:\/\/litteraturbanken.se\/ljudochbild\/?s={search_term_string}\"},\"query-input\":{\"@type\":\"PropertyValueSpecification\",\"valueRequired\":true,\"valueName\":\"search_term_string\"}}],\"inLanguage\":\"sv-SE\"}]}<\/script>\n<!-- \/ Yoast SEO plugin. -->","yoast_head_json":{"title":"Wilhelmina Nordstr\u00f6m\u00a0(1815\u20131902) - Ljud &amp; Bild","robots":{"index":"index","follow":"follow","max-snippet":"max-snippet:-1","max-image-preview":"max-image-preview:large","max-video-preview":"max-video-preview:-1"},"canonical":"https:\/\/litteraturbanken.se\/ljudochbild\/forfattare\/nordstromw\/","og_locale":"sv_SE","og_type":"article","og_title":"Wilhelmina Nordstr\u00f6m\u00a0(1815\u20131902) - Ljud &amp; Bild","og_description":"\u201dWILHELMINA NORDSTR\u00d6M (1815\u20131902) f\u00f6ddes i ett pr\u00e4sthem i Pyttis i Viborgs l\u00e4n. Den kristna tron i hemmet var str\u00e4ng; sj\u00e4lv f\u00f6rblev hon troende, men i en lite \u00f6ppnare form \u00e4n den hon vuxit upp med. N\u00e5gon f\u00f6rst\u00e5else f\u00f6r [&hellip;]","og_url":"https:\/\/litteraturbanken.se\/ljudochbild\/forfattare\/nordstromw\/","og_site_name":"Ljud &amp; Bild","article_publisher":"https:\/\/www.facebook.com\/Litteraturbanken.se","article_modified_time":"2024-09-10T12:55:22+00:00","og_image":[{"width":1200,"height":1607,"url":"https:\/\/litteraturbanken.se\/ljudochbild\/wp-content\/uploads\/2024\/09\/wilhelminanordstrom.jpg","type":"image\/jpeg"}],"twitter_card":"summary_large_image","twitter_site":"@litteraturbank","twitter_misc":{"Ber\u00e4knad l\u00e4stid":"2 minuter"},"schema":{"@context":"https:\/\/schema.org","@graph":[{"@type":"WebPage","@id":"https:\/\/litteraturbanken.se\/ljudochbild\/forfattare\/nordstromw\/","url":"https:\/\/litteraturbanken.se\/ljudochbild\/forfattare\/nordstromw\/","name":"Wilhelmina Nordstr\u00f6m\u00a0(1815\u20131902) - Ljud &amp; Bild","isPartOf":{"@id":"https:\/\/litteraturbanken.se\/ljudochbild\/#website"},"primaryImageOfPage":{"@id":"https:\/\/litteraturbanken.se\/ljudochbild\/forfattare\/nordstromw\/#primaryimage"},"image":{"@id":"https:\/\/litteraturbanken.se\/ljudochbild\/forfattare\/nordstromw\/#primaryimage"},"thumbnailUrl":"https:\/\/litteraturbanken.se\/ljudochbild\/wp-content\/uploads\/2024\/09\/wilhelminanordstrom.jpg","datePublished":"2024-09-09T10:10:38+00:00","dateModified":"2024-09-10T12:55:22+00:00","breadcrumb":{"@id":"https:\/\/litteraturbanken.se\/ljudochbild\/forfattare\/nordstromw\/#breadcrumb"},"inLanguage":"sv-SE","potentialAction":[{"@type":"ReadAction","target":["https:\/\/litteraturbanken.se\/ljudochbild\/forfattare\/nordstromw\/"]}]},{"@type":"ImageObject","inLanguage":"sv-SE","@id":"https:\/\/litteraturbanken.se\/ljudochbild\/forfattare\/nordstromw\/#primaryimage","url":"https:\/\/litteraturbanken.se\/ljudochbild\/wp-content\/uploads\/2024\/09\/wilhelminanordstrom.jpg","contentUrl":"https:\/\/litteraturbanken.se\/ljudochbild\/wp-content\/uploads\/2024\/09\/wilhelminanordstrom.jpg","width":1200,"height":1607,"caption":"Wilhelmina Nordstr\u00f6m"},{"@type":"BreadcrumbList","@id":"https:\/\/litteraturbanken.se\/ljudochbild\/forfattare\/nordstromw\/#breadcrumb","itemListElement":[{"@type":"ListItem","position":1,"name":"Hem","item":"https:\/\/litteraturbanken.se\/ljudochbild\/"},{"@type":"ListItem","position":2,"name":"F\u00f6rfattare","item":"https:\/\/litteraturbanken.se\/ljudochbild\/forfattare\/"},{"@type":"ListItem","position":3,"name":"Wilhelmina Nordstr\u00f6m\u00a0(1815\u20131902)"}]},{"@type":"WebSite","@id":"https:\/\/litteraturbanken.se\/ljudochbild\/#website","url":"https:\/\/litteraturbanken.se\/ljudochbild\/","name":"Ljud & Bild","description":"Ur Litteraturbankens samlingar","potentialAction":[{"@type":"SearchAction","target":{"@type":"EntryPoint","urlTemplate":"https:\/\/litteraturbanken.se\/ljudochbild\/?s={search_term_string}"},"query-input":{"@type":"PropertyValueSpecification","valueRequired":true,"valueName":"search_term_string"}}],"inLanguage":"sv-SE"}]}},"_links":{"self":[{"href":"https:\/\/litteraturbanken.se\/ljudochbild\/wp-json\/wp\/v2\/pages\/11630","targetHints":{"allow":["GET"]}}],"collection":[{"href":"https:\/\/litteraturbanken.se\/ljudochbild\/wp-json\/wp\/v2\/pages"}],"about":[{"href":"https:\/\/litteraturbanken.se\/ljudochbild\/wp-json\/wp\/v2\/types\/page"}],"author":[{"embeddable":true,"href":"https:\/\/litteraturbanken.se\/ljudochbild\/wp-json\/wp\/v2\/users\/5"}],"replies":[{"embeddable":true,"href":"https:\/\/litteraturbanken.se\/ljudochbild\/wp-json\/wp\/v2\/comments?post=11630"}],"version-history":[{"count":4,"href":"https:\/\/litteraturbanken.se\/ljudochbild\/wp-json\/wp\/v2\/pages\/11630\/revisions"}],"predecessor-version":[{"id":11742,"href":"https:\/\/litteraturbanken.se\/ljudochbild\/wp-json\/wp\/v2\/pages\/11630\/revisions\/11742"}],"up":[{"embeddable":true,"href":"https:\/\/litteraturbanken.se\/ljudochbild\/wp-json\/wp\/v2\/pages\/7"}],"wp:featuredmedia":[{"embeddable":true,"href":"https:\/\/litteraturbanken.se\/ljudochbild\/wp-json\/wp\/v2\/media\/11632"}],"wp:attachment":[{"href":"https:\/\/litteraturbanken.se\/ljudochbild\/wp-json\/wp\/v2\/media?parent=11630"}],"curies":[{"name":"wp","href":"https:\/\/api.w.org\/{rel}","templated":true}]}}