{"id":11639,"date":"2024-09-09T15:56:45","date_gmt":"2024-09-09T13:56:45","guid":{"rendered":"https:\/\/litteraturbanken.se\/ljudochbild\/?page_id=11639"},"modified":"2024-09-10T15:04:41","modified_gmt":"2024-09-10T13:04:41","slug":"runebergfc","status":"publish","type":"page","link":"https:\/\/litteraturbanken.se\/ljudochbild\/forfattare\/runebergfc\/","title":{"rendered":"Fredrika Charlotta Runeberg\u00a0(1807-1879)"},"content":{"rendered":"<div class=\"wp-block-image\">\n<figure class=\"alignright size-large is-resized\"><img loading=\"lazy\" decoding=\"async\" width=\"709\" height=\"1024\" src=\"https:\/\/litteraturbanken.se\/ljudochbild\/wp-content\/uploads\/2024\/09\/fredrikaruneberg-709x1024.jpg\" alt=\"Fredrika Charlotta Runeberg\" class=\"wp-image-11641\" style=\"width:181px;height:auto\" srcset=\"https:\/\/litteraturbanken.se\/ljudochbild\/wp-content\/uploads\/2024\/09\/fredrikaruneberg-709x1024.jpg 709w, https:\/\/litteraturbanken.se\/ljudochbild\/wp-content\/uploads\/2024\/09\/fredrikaruneberg-208x300.jpg 208w, https:\/\/litteraturbanken.se\/ljudochbild\/wp-content\/uploads\/2024\/09\/fredrikaruneberg-768x1108.jpg 768w, https:\/\/litteraturbanken.se\/ljudochbild\/wp-content\/uploads\/2024\/09\/fredrikaruneberg-1064x1536.jpg 1064w, https:\/\/litteraturbanken.se\/ljudochbild\/wp-content\/uploads\/2024\/09\/fredrikaruneberg-480x693.jpg 480w, https:\/\/litteraturbanken.se\/ljudochbild\/wp-content\/uploads\/2024\/09\/fredrikaruneberg.jpg 1200w\" sizes=\"auto, (max-width: 709px) 100vw, 709px\" \/><\/figure>\n<\/div>\n\n\n<p>\u201dFREDRIKA CHARLOTTA RUNEBERG (f\u00f6dd Tengstr\u00f6m) (1807-1879) b\u00f6rjade i unga \u00e5r skriva poesi och prosa, men hennes eget skrivande fick s\u00e4ttas p\u00e5 undantag i och med \u00e4ktenskapet med&nbsp;<a href=\"https:\/\/litteraturbanken.se\/forfattare\/RunebergJL\" target=\"_blank\" rel=\"noreferrer noopener\">Johan Ludvig Runeberg<\/a>&nbsp;(1831) och v\u00e5rdandet av hemmet och parets sju barn. Fredrika Runeberg pr\u00f6vades h\u00e5rt av sin mans amor\u00f6sa eskapader och av bristen p\u00e5 tid och kraft att \u00e4gna det egna skapandet. Hon var, enligt henne sj\u00e4lv, en \u2019flyttf\u00e5gelsnatur\u2019, men detta personlighetsdrag var hon tvungen att st\u00e4ndigt undertrycka. I sina ber\u00e4ttelser s\u00f6kte hon sig dock g\u00e4rna till fj\u00e4rran tider och trakter. Samtidens br\u00e4nnande fr\u00e5gor gestaltade hon ofta kl\u00e4dda i fantastik och exotism, s\u00e5 exempelvis i \u201dDen opp- och nedv\u00e4nda v\u00e4rlden\u201d \u2013 i&nbsp;<em><a href=\"https:\/\/litteraturbanken.se\/f%C3%B6rfattare\/RunebergFC\/titlar\/TeckningarOchDr%C3%B6mmar\/sida\/-4\/etext\" target=\"_blank\" rel=\"noreferrer noopener\">Teckningar och dr\u00f6mmar<\/a><\/em>&nbsp;(1861) \u2013 d\u00e4r m\u00e4nnen, i ett p\u00e5 en s\u00f6derhavs\u00f6 bel\u00e4get matriarkaliskt samh\u00e4lle, kr\u00e4ver samma r\u00e4ttigheter som kvinnorna.\u201d<\/p>\n\n\n\n<p>Stycket ovan \u00e4r h\u00e4mtat fr\u00e5n Lotta Lotass introduktion om Runeberg hos Litteraturbanken.<\/p>\n\n\n\n<div class=\"wp-block-buttons is-layout-flex wp-block-buttons-is-layout-flex\">\n<div class=\"wp-block-button has-custom-font-size read-more-button\" style=\"font-size:14px\"><a class=\"wp-block-button__link has-white-color has-text-color has-background wp-element-button\" href=\"https:\/\/litteraturbanken.se\/f%C3%B6rfattare\/RunebergFC\" style=\"border-radius:0px;background-color:#cd2400\" target=\"_blank\" rel=\"noopener\"><strong>L\u00c4S MER OM FREDRIKA CHARLOTTA RUNEBERG<\/strong><\/a><\/div>\n\n\n\n<div class=\"wp-block-button has-custom-font-size read-more-button\" style=\"font-size:14px\"><a class=\"wp-block-button__link has-white-color has-text-color has-background wp-element-button\" href=\"https:\/\/litteraturbanken.se\/f%C3%B6rfattare\/RunebergFC\/titlar\" style=\"border-radius:0px;background-color:#cd2400\" target=\"_blank\" rel=\"noopener\"><strong>L\u00c4S FREDRIKA CHARLOTTA RUNEBERGS VERK HOS LB.SE<\/strong><\/a><\/div>\n<\/div>\n\n\n\n<div style=\"height:20px\" aria-hidden=\"true\" class=\"wp-block-spacer\"><\/div>\n\n\n\n<div class=\"wp-playlist wp-audio-playlist wp-playlist-light\">\n\t\t\t<div class=\"wp-playlist-current-item\"><\/div>\n\t\t<audio controls=\"controls\" preload=\"none\" width=\"618\"\n\t\t\t><\/audio>\n\t<div class=\"wp-playlist-next\"><\/div>\n\t<div class=\"wp-playlist-prev\"><\/div>\n\t<noscript>\n\t<ol>\n\t\t<li><a href='https:\/\/litteraturbanken.se\/ljudochbild\/wp-content\/uploads\/2024\/09\/runeberg_denfangsladebardensmakasjunger_aspelund.mp3'>Den f\u00e4ngslade bardens maka sjunger<\/a><\/li>\t<\/ol>\n\t<\/noscript>\n\t<script type=\"application\/json\" class=\"wp-playlist-script\">{\"type\":\"audio\",\"tracklist\":true,\"tracknumbers\":true,\"images\":true,\"artists\":true,\"tracks\":[{\"src\":\"https:\/\/litteraturbanken.se\/ljudochbild\/wp-content\/uploads\/2024\/09\/runeberg_denfangsladebardensmakasjunger_aspelund.mp3\",\"type\":\"audio\/mpeg\",\"title\":\"Den f\\u00e4ngslade bardens maka sjunger\",\"caption\":\"\",\"description\":\"\\u201dDen f\\u00e4ngslade bardens maka sjunger\\u201d fr\\u00e5n Fredrika Charlotta Runeberg l\\u00e4st av Ami Aspelund av Dikt 1593\\u20131939. Svensk och finlandssvensk lyrik i uppl\\u00e4sning av svenska och finlandssvenska sk\\u00e5despelare.\",\"meta\":{\"artist\":\"Ami Aspelund l\\u00e4ser Fredrika Charlotta Runeberg. Dikt 1593\\u20131939\",\"album\":\"Fredrika Charlotta Runeberg\",\"length_formatted\":\"1:54\"},\"image\":{\"src\":\"https:\/\/litteraturbanken.se\/ljudochbild\/wp-content\/uploads\/2024\/09\/almqvist_denlyssnandemaria_lindh-mp3-image.jpg\",\"width\":1200,\"height\":1201},\"thumb\":{\"src\":\"https:\/\/litteraturbanken.se\/ljudochbild\/wp-content\/uploads\/2024\/09\/almqvist_denlyssnandemaria_lindh-mp3-image-150x150.jpg\",\"width\":150,\"height\":150}}]}<\/script>\n<\/div>\n\t\n\n\n\n<hr class=\"wp-block-separator has-alpha-channel-opacity\"\/>\n\n\n\n<p><em>Inspelningen tillg\u00e4ngligg\u00f6rs h\u00e4r med tillst\u00e5nd fr\u00e5n inl\u00e4saren. \u2013 Fotografiet ovanf\u00f6r har vi l\u00e5nat fr\u00e5n <a href=\"https:\/\/sls.finna.fi\/Record\/sls.SLSA+1160_SLSA+1160_592?sid=4157380619&amp;imgid=1\" target=\"_blank\" rel=\"noreferrer noopener\">Svenska litteraturs\u00e4llskapet i Finland<\/a> (<a href=\"https:\/\/creativecommons.org\/licenses\/by\/4.0\/deed.sv\" target=\"_blank\" rel=\"noreferrer noopener\">CC BY<\/a>).<\/em><\/p>\n\n\n<h3 class=\"wp-block-heading author-related-title\">L\u00e4s mer<\/h3>\r\n<div class=\"display-posts-listing grid\"><div class=\"listing-item\"><a class=\"image\" href=\"https:\/\/litteraturbanken.se\/ljudochbild\/2024\/06\/25\/roster-i-oster\/\"><img loading=\"lazy\" decoding=\"async\" width=\"640\" height=\"471\" src=\"https:\/\/litteraturbanken.se\/ljudochbild\/wp-content\/uploads\/2024\/06\/rosterioster-1024x753.jpg\" class=\"attachment-large size-large wp-post-image\" alt=\"R\u00f6ster i \u00f6ster\" srcset=\"https:\/\/litteraturbanken.se\/ljudochbild\/wp-content\/uploads\/2024\/06\/rosterioster-1024x753.jpg 1024w, https:\/\/litteraturbanken.se\/ljudochbild\/wp-content\/uploads\/2024\/06\/rosterioster-300x221.jpg 300w, https:\/\/litteraturbanken.se\/ljudochbild\/wp-content\/uploads\/2024\/06\/rosterioster-768x564.jpg 768w, https:\/\/litteraturbanken.se\/ljudochbild\/wp-content\/uploads\/2024\/06\/rosterioster-480x353.jpg 480w, https:\/\/litteraturbanken.se\/ljudochbild\/wp-content\/uploads\/2024\/06\/rosterioster.jpg 1200w\" sizes=\"auto, (max-width: 640px) 100vw, 640px\" \/><\/a> <a class=\"title\" href=\"https:\/\/litteraturbanken.se\/ljudochbild\/2024\/06\/25\/roster-i-oster\/\">R\u00f6ster i \u00f6ster<\/a><\/div><\/div>\r\n\r\n\n","protected":false},"excerpt":{"rendered":"<p>\u201dFREDRIKA CHARLOTTA RUNEBERG (f\u00f6dd Tengstr\u00f6m) (1807-1879) b\u00f6rjade i unga \u00e5r skriva poesi och prosa, men hennes eget skrivande fick s\u00e4ttas p\u00e5 undantag i och med \u00e4ktenskapet med&nbsp;Johan Ludvig Runeberg&nbsp;(1831) och v\u00e5rdandet av hemmet och parets sju barn. Fredrika [&hellip;]<\/p>\n","protected":false},"author":5,"featured_media":11641,"parent":7,"menu_order":0,"comment_status":"closed","ping_status":"closed","template":"","meta":{"footnotes":""},"class_list":["post-11639","page","type-page","status-publish","has-post-thumbnail","hentry"],"yoast_head":"<!-- This site is optimized with the Yoast SEO plugin v27.1.1 - https:\/\/yoast.com\/product\/yoast-seo-wordpress\/ -->\n<title>Fredrika Charlotta Runeberg\u00a0(1807-1879) - Ljud &amp; Bild<\/title>\n<meta name=\"robots\" content=\"index, follow, max-snippet:-1, max-image-preview:large, max-video-preview:-1\" \/>\n<link rel=\"canonical\" href=\"https:\/\/litteraturbanken.se\/ljudochbild\/forfattare\/runebergfc\/\" \/>\n<meta property=\"og:locale\" content=\"sv_SE\" \/>\n<meta property=\"og:type\" content=\"article\" \/>\n<meta property=\"og:title\" content=\"Fredrika Charlotta Runeberg\u00a0(1807-1879) - Ljud &amp; Bild\" \/>\n<meta property=\"og:description\" content=\"\u201dFREDRIKA CHARLOTTA RUNEBERG (f\u00f6dd Tengstr\u00f6m) (1807-1879) b\u00f6rjade i unga \u00e5r skriva poesi och prosa, men hennes eget skrivande fick s\u00e4ttas p\u00e5 undantag i och med \u00e4ktenskapet med&nbsp;Johan Ludvig Runeberg&nbsp;(1831) och v\u00e5rdandet av hemmet och parets sju barn. Fredrika [&hellip;]\" \/>\n<meta property=\"og:url\" content=\"https:\/\/litteraturbanken.se\/ljudochbild\/forfattare\/runebergfc\/\" \/>\n<meta property=\"og:site_name\" content=\"Ljud &amp; Bild\" \/>\n<meta property=\"article:publisher\" content=\"https:\/\/www.facebook.com\/Litteraturbanken.se\" \/>\n<meta property=\"article:modified_time\" content=\"2024-09-10T13:04:41+00:00\" \/>\n<meta property=\"og:image\" content=\"https:\/\/litteraturbanken.se\/ljudochbild\/wp-content\/uploads\/2024\/09\/fredrikaruneberg.jpg\" \/>\n\t<meta property=\"og:image:width\" content=\"1200\" \/>\n\t<meta property=\"og:image:height\" content=\"1732\" \/>\n\t<meta property=\"og:image:type\" content=\"image\/jpeg\" \/>\n<meta name=\"twitter:card\" content=\"summary_large_image\" \/>\n<meta name=\"twitter:site\" content=\"@litteraturbank\" \/>\n<meta name=\"twitter:label1\" content=\"Ber\u00e4knad l\u00e4stid\" \/>\n\t<meta name=\"twitter:data1\" content=\"2 minuter\" \/>\n<script type=\"application\/ld+json\" class=\"yoast-schema-graph\">{\"@context\":\"https:\/\/schema.org\",\"@graph\":[{\"@type\":\"WebPage\",\"@id\":\"https:\/\/litteraturbanken.se\/ljudochbild\/forfattare\/runebergfc\/\",\"url\":\"https:\/\/litteraturbanken.se\/ljudochbild\/forfattare\/runebergfc\/\",\"name\":\"Fredrika Charlotta Runeberg\u00a0(1807-1879) - Ljud &amp; Bild\",\"isPartOf\":{\"@id\":\"https:\/\/litteraturbanken.se\/ljudochbild\/#website\"},\"primaryImageOfPage\":{\"@id\":\"https:\/\/litteraturbanken.se\/ljudochbild\/forfattare\/runebergfc\/#primaryimage\"},\"image\":{\"@id\":\"https:\/\/litteraturbanken.se\/ljudochbild\/forfattare\/runebergfc\/#primaryimage\"},\"thumbnailUrl\":\"https:\/\/litteraturbanken.se\/ljudochbild\/wp-content\/uploads\/2024\/09\/fredrikaruneberg.jpg\",\"datePublished\":\"2024-09-09T13:56:45+00:00\",\"dateModified\":\"2024-09-10T13:04:41+00:00\",\"breadcrumb\":{\"@id\":\"https:\/\/litteraturbanken.se\/ljudochbild\/forfattare\/runebergfc\/#breadcrumb\"},\"inLanguage\":\"sv-SE\",\"potentialAction\":[{\"@type\":\"ReadAction\",\"target\":[\"https:\/\/litteraturbanken.se\/ljudochbild\/forfattare\/runebergfc\/\"]}]},{\"@type\":\"ImageObject\",\"inLanguage\":\"sv-SE\",\"@id\":\"https:\/\/litteraturbanken.se\/ljudochbild\/forfattare\/runebergfc\/#primaryimage\",\"url\":\"https:\/\/litteraturbanken.se\/ljudochbild\/wp-content\/uploads\/2024\/09\/fredrikaruneberg.jpg\",\"contentUrl\":\"https:\/\/litteraturbanken.se\/ljudochbild\/wp-content\/uploads\/2024\/09\/fredrikaruneberg.jpg\",\"width\":1200,\"height\":1732,\"caption\":\"Fredrika Charlotta Runeberg\"},{\"@type\":\"BreadcrumbList\",\"@id\":\"https:\/\/litteraturbanken.se\/ljudochbild\/forfattare\/runebergfc\/#breadcrumb\",\"itemListElement\":[{\"@type\":\"ListItem\",\"position\":1,\"name\":\"Hem\",\"item\":\"https:\/\/litteraturbanken.se\/ljudochbild\/\"},{\"@type\":\"ListItem\",\"position\":2,\"name\":\"F\u00f6rfattare\",\"item\":\"https:\/\/litteraturbanken.se\/ljudochbild\/forfattare\/\"},{\"@type\":\"ListItem\",\"position\":3,\"name\":\"Fredrika Charlotta Runeberg\u00a0(1807-1879)\"}]},{\"@type\":\"WebSite\",\"@id\":\"https:\/\/litteraturbanken.se\/ljudochbild\/#website\",\"url\":\"https:\/\/litteraturbanken.se\/ljudochbild\/\",\"name\":\"Ljud & Bild\",\"description\":\"Ur Litteraturbankens samlingar\",\"potentialAction\":[{\"@type\":\"SearchAction\",\"target\":{\"@type\":\"EntryPoint\",\"urlTemplate\":\"https:\/\/litteraturbanken.se\/ljudochbild\/?s={search_term_string}\"},\"query-input\":{\"@type\":\"PropertyValueSpecification\",\"valueRequired\":true,\"valueName\":\"search_term_string\"}}],\"inLanguage\":\"sv-SE\"}]}<\/script>\n<!-- \/ Yoast SEO plugin. -->","yoast_head_json":{"title":"Fredrika Charlotta Runeberg\u00a0(1807-1879) - Ljud &amp; Bild","robots":{"index":"index","follow":"follow","max-snippet":"max-snippet:-1","max-image-preview":"max-image-preview:large","max-video-preview":"max-video-preview:-1"},"canonical":"https:\/\/litteraturbanken.se\/ljudochbild\/forfattare\/runebergfc\/","og_locale":"sv_SE","og_type":"article","og_title":"Fredrika Charlotta Runeberg\u00a0(1807-1879) - Ljud &amp; Bild","og_description":"\u201dFREDRIKA CHARLOTTA RUNEBERG (f\u00f6dd Tengstr\u00f6m) (1807-1879) b\u00f6rjade i unga \u00e5r skriva poesi och prosa, men hennes eget skrivande fick s\u00e4ttas p\u00e5 undantag i och med \u00e4ktenskapet med&nbsp;Johan Ludvig Runeberg&nbsp;(1831) och v\u00e5rdandet av hemmet och parets sju barn. Fredrika [&hellip;]","og_url":"https:\/\/litteraturbanken.se\/ljudochbild\/forfattare\/runebergfc\/","og_site_name":"Ljud &amp; Bild","article_publisher":"https:\/\/www.facebook.com\/Litteraturbanken.se","article_modified_time":"2024-09-10T13:04:41+00:00","og_image":[{"width":1200,"height":1732,"url":"https:\/\/litteraturbanken.se\/ljudochbild\/wp-content\/uploads\/2024\/09\/fredrikaruneberg.jpg","type":"image\/jpeg"}],"twitter_card":"summary_large_image","twitter_site":"@litteraturbank","twitter_misc":{"Ber\u00e4knad l\u00e4stid":"2 minuter"},"schema":{"@context":"https:\/\/schema.org","@graph":[{"@type":"WebPage","@id":"https:\/\/litteraturbanken.se\/ljudochbild\/forfattare\/runebergfc\/","url":"https:\/\/litteraturbanken.se\/ljudochbild\/forfattare\/runebergfc\/","name":"Fredrika Charlotta Runeberg\u00a0(1807-1879) - Ljud &amp; Bild","isPartOf":{"@id":"https:\/\/litteraturbanken.se\/ljudochbild\/#website"},"primaryImageOfPage":{"@id":"https:\/\/litteraturbanken.se\/ljudochbild\/forfattare\/runebergfc\/#primaryimage"},"image":{"@id":"https:\/\/litteraturbanken.se\/ljudochbild\/forfattare\/runebergfc\/#primaryimage"},"thumbnailUrl":"https:\/\/litteraturbanken.se\/ljudochbild\/wp-content\/uploads\/2024\/09\/fredrikaruneberg.jpg","datePublished":"2024-09-09T13:56:45+00:00","dateModified":"2024-09-10T13:04:41+00:00","breadcrumb":{"@id":"https:\/\/litteraturbanken.se\/ljudochbild\/forfattare\/runebergfc\/#breadcrumb"},"inLanguage":"sv-SE","potentialAction":[{"@type":"ReadAction","target":["https:\/\/litteraturbanken.se\/ljudochbild\/forfattare\/runebergfc\/"]}]},{"@type":"ImageObject","inLanguage":"sv-SE","@id":"https:\/\/litteraturbanken.se\/ljudochbild\/forfattare\/runebergfc\/#primaryimage","url":"https:\/\/litteraturbanken.se\/ljudochbild\/wp-content\/uploads\/2024\/09\/fredrikaruneberg.jpg","contentUrl":"https:\/\/litteraturbanken.se\/ljudochbild\/wp-content\/uploads\/2024\/09\/fredrikaruneberg.jpg","width":1200,"height":1732,"caption":"Fredrika Charlotta Runeberg"},{"@type":"BreadcrumbList","@id":"https:\/\/litteraturbanken.se\/ljudochbild\/forfattare\/runebergfc\/#breadcrumb","itemListElement":[{"@type":"ListItem","position":1,"name":"Hem","item":"https:\/\/litteraturbanken.se\/ljudochbild\/"},{"@type":"ListItem","position":2,"name":"F\u00f6rfattare","item":"https:\/\/litteraturbanken.se\/ljudochbild\/forfattare\/"},{"@type":"ListItem","position":3,"name":"Fredrika Charlotta Runeberg\u00a0(1807-1879)"}]},{"@type":"WebSite","@id":"https:\/\/litteraturbanken.se\/ljudochbild\/#website","url":"https:\/\/litteraturbanken.se\/ljudochbild\/","name":"Ljud & Bild","description":"Ur Litteraturbankens samlingar","potentialAction":[{"@type":"SearchAction","target":{"@type":"EntryPoint","urlTemplate":"https:\/\/litteraturbanken.se\/ljudochbild\/?s={search_term_string}"},"query-input":{"@type":"PropertyValueSpecification","valueRequired":true,"valueName":"search_term_string"}}],"inLanguage":"sv-SE"}]}},"_links":{"self":[{"href":"https:\/\/litteraturbanken.se\/ljudochbild\/wp-json\/wp\/v2\/pages\/11639","targetHints":{"allow":["GET"]}}],"collection":[{"href":"https:\/\/litteraturbanken.se\/ljudochbild\/wp-json\/wp\/v2\/pages"}],"about":[{"href":"https:\/\/litteraturbanken.se\/ljudochbild\/wp-json\/wp\/v2\/types\/page"}],"author":[{"embeddable":true,"href":"https:\/\/litteraturbanken.se\/ljudochbild\/wp-json\/wp\/v2\/users\/5"}],"replies":[{"embeddable":true,"href":"https:\/\/litteraturbanken.se\/ljudochbild\/wp-json\/wp\/v2\/comments?post=11639"}],"version-history":[{"count":3,"href":"https:\/\/litteraturbanken.se\/ljudochbild\/wp-json\/wp\/v2\/pages\/11639\/revisions"}],"predecessor-version":[{"id":11748,"href":"https:\/\/litteraturbanken.se\/ljudochbild\/wp-json\/wp\/v2\/pages\/11639\/revisions\/11748"}],"up":[{"embeddable":true,"href":"https:\/\/litteraturbanken.se\/ljudochbild\/wp-json\/wp\/v2\/pages\/7"}],"wp:featuredmedia":[{"embeddable":true,"href":"https:\/\/litteraturbanken.se\/ljudochbild\/wp-json\/wp\/v2\/media\/11641"}],"wp:attachment":[{"href":"https:\/\/litteraturbanken.se\/ljudochbild\/wp-json\/wp\/v2\/media?parent=11639"}],"curies":[{"name":"wp","href":"https:\/\/api.w.org\/{rel}","templated":true}]}}