{"id":11648,"date":"2024-09-09T16:17:31","date_gmt":"2024-09-09T14:17:31","guid":{"rendered":"https:\/\/litteraturbanken.se\/ljudochbild\/?page_id=11648"},"modified":"2024-09-10T15:41:15","modified_gmt":"2024-09-10T13:41:15","slug":"tavaststjernak","status":"publish","type":"page","link":"https:\/\/litteraturbanken.se\/ljudochbild\/forfattare\/tavaststjernak\/","title":{"rendered":"Karl August Tavaststjerna\u00a0(18601\u2013898)"},"content":{"rendered":"<div class=\"wp-block-image\">\n<figure class=\"alignright size-large is-resized\"><img loading=\"lazy\" decoding=\"async\" width=\"619\" height=\"1024\" src=\"https:\/\/litteraturbanken.se\/ljudochbild\/wp-content\/uploads\/2024\/09\/karlaugusttavaststjerna-619x1024.jpg\" alt=\"Karl August Tavaststjerna\" class=\"wp-image-11649\" style=\"width:192px;height:auto\" srcset=\"https:\/\/litteraturbanken.se\/ljudochbild\/wp-content\/uploads\/2024\/09\/karlaugusttavaststjerna-619x1024.jpg 619w, https:\/\/litteraturbanken.se\/ljudochbild\/wp-content\/uploads\/2024\/09\/karlaugusttavaststjerna-181x300.jpg 181w, https:\/\/litteraturbanken.se\/ljudochbild\/wp-content\/uploads\/2024\/09\/karlaugusttavaststjerna-768x1270.jpg 768w, https:\/\/litteraturbanken.se\/ljudochbild\/wp-content\/uploads\/2024\/09\/karlaugusttavaststjerna-929x1536.jpg 929w, https:\/\/litteraturbanken.se\/ljudochbild\/wp-content\/uploads\/2024\/09\/karlaugusttavaststjerna-480x794.jpg 480w, https:\/\/litteraturbanken.se\/ljudochbild\/wp-content\/uploads\/2024\/09\/karlaugusttavaststjerna.jpg 1200w\" sizes=\"auto, (max-width: 619px) 100vw, 619px\" \/><\/figure>\n<\/div>\n\n\n<p>\u201dKARL AUGUST TAVASTSTJERNA (1860\u20131898) kom, som arkitekturstuderande, till Paris 1883. I hemstaden Helsingfors hade han umg\u00e5tts i litter\u00e4ra kretsar och tidigt b\u00f6rjat skriva vers. I Paris m\u00f6tte nya impulser och diktarlivet lockade. Tavaststjerna samlade ett antal ungdomsdikter och gav ut dem under titeln&nbsp;<a href=\"https:\/\/litteraturbanken.se\/forfattare\/TavaststjernaK\/titlar\/ForMorgonbris\/sida\/I\/etext\" target=\"_blank\" rel=\"noreferrer noopener\"><em>F\u00f6r morgonbris<\/em><\/a>&nbsp;(1883). Med klangf\u00e4rg av Heine,&nbsp;<a href=\"https:\/\/litteraturbanken.se\/forfattare\/SnoilskyC\" target=\"_blank\" rel=\"noreferrer noopener\">Snoilsky<\/a>&nbsp;och Drachmann var dikterna rotf\u00e4stade i samtida lyriska sf\u00e4rer, men bj\u00f6d ocks\u00e5 n\u00e5got helt nytt i ett realistiskt f\u00e4rgat talspr\u00e5k och i detaljer h\u00e4mtade fr\u00e5n tidens dagsliv och debatt. Tv\u00e5 \u00e5r senare gav han ut&nbsp;<em><a href=\"https:\/\/litteraturbanken.se\/f%C3%B6rfattare\/TavaststjernaK\/titlar\/NyaVers\/sida\/III\/etext\" target=\"_blank\" rel=\"noreferrer noopener\">Nya vers<\/a><\/em>&nbsp;(1885), i vilken han pr\u00f6vade den romantiska versnovellen, samt sattes hans, till kvinnans frig\u00f6relse kritiska, sk\u00e5despel&nbsp;<em>Frun emanciperar sig<\/em>&nbsp;upp av Svenska teatern i Helsingfors. I romanen&nbsp;<em>Barndomsv\u00e4nner<\/em>&nbsp;(1886) skildrar han sin egen uppv\u00e4xt och boken blev omtalad som den f\u00f6rsta realistiska ber\u00e4ttelsen om livet i den finska huvudstaden.\u201d<\/p>\n\n\n\n<p>Stycket ovan \u00e4r h\u00e4mtat fr\u00e5n Lotta Lotass introduktion av Tavaststjerna hos Litteraturbanken.<\/p>\n\n\n\n<div class=\"wp-block-buttons is-layout-flex wp-block-buttons-is-layout-flex\">\n<div class=\"wp-block-button has-custom-font-size read-more-button\" style=\"font-size:14px\"><a class=\"wp-block-button__link has-white-color has-text-color has-background wp-element-button\" href=\"https:\/\/litteraturbanken.se\/f%C3%B6rfattare\/TavaststjernaK\" style=\"border-radius:0px;background-color:#cd2400\" target=\"_blank\" rel=\"noopener\"><strong>L\u00c4S MER OM K. A. TAVASTSTJERNA<\/strong><\/a><\/div>\n\n\n\n<div class=\"wp-block-button has-custom-font-size read-more-button\" style=\"font-size:14px\"><a class=\"wp-block-button__link has-white-color has-text-color has-background wp-element-button\" href=\"https:\/\/litteraturbanken.se\/f%C3%B6rfattare\/TavaststjernaK\/titlar\" style=\"border-radius:0px;background-color:#cd2400\" target=\"_blank\" rel=\"noopener\"><span><b>L\u00c4S <\/b><strong style=\"font-weight: bold;\">K. A. TAVASTSTJERNA<\/strong><\/span><strong>S VERK HOS LB.SE<\/strong><\/a><\/div>\n<\/div>\n\n\n\n<div style=\"height:20px\" aria-hidden=\"true\" class=\"wp-block-spacer\"><\/div>\n\n\n\n<div class=\"wp-playlist wp-audio-playlist wp-playlist-light\">\n\t\t\t<div class=\"wp-playlist-current-item\"><\/div>\n\t\t<audio controls=\"controls\" preload=\"none\" width=\"618\"\n\t\t\t><\/audio>\n\t<div class=\"wp-playlist-next\"><\/div>\n\t<div class=\"wp-playlist-prev\"><\/div>\n\t<noscript>\n\t<ol>\n\t\t<li><a href='https:\/\/litteraturbanken.se\/ljudochbild\/wp-content\/uploads\/2024\/09\/tavaststjerna_dagefterdag_ekblad.mp3'>Dag efter dag<\/a><\/li><li><a href='https:\/\/litteraturbanken.se\/ljudochbild\/wp-content\/uploads\/2024\/09\/tavaststjerna_duvarmigmeranara_bertell.mp3'>Du var mig mera n\u00e4ra<\/a><\/li><li><a href='https:\/\/litteraturbanken.se\/ljudochbild\/wp-content\/uploads\/2024\/09\/tavaststjerna_hematihostregn_holmqvist.mp3'>Hem\u00e5t i h\u00f6stregn<\/a><\/li><li><a href='https:\/\/litteraturbanken.se\/ljudochbild\/wp-content\/uploads\/2024\/09\/tavaststjerna_vilkenformvarkarlektar_ekblad.mp3'>Hvilken form v\u00e5r k\u00e4rlek tar omsider<\/a><\/li><li><a href='https:\/\/litteraturbanken.se\/ljudochbild\/wp-content\/uploads\/2024\/09\/tavaststjerna_tagvingar_ekblad.mp3'>Tag vingar, du fina<\/a><\/li>\t<\/ol>\n\t<\/noscript>\n\t<script type=\"application\/json\" class=\"wp-playlist-script\">{\"type\":\"audio\",\"tracklist\":true,\"tracknumbers\":true,\"images\":true,\"artists\":true,\"tracks\":[{\"src\":\"https:\/\/litteraturbanken.se\/ljudochbild\/wp-content\/uploads\/2024\/09\/tavaststjerna_dagefterdag_ekblad.mp3\",\"type\":\"audio\/mpeg\",\"title\":\"Dag efter dag\",\"caption\":\"\",\"description\":\"\\u201dDag efter dag\\u201d fr\\u00e5n Karl August Tavaststjerna l\\u00e4st av Lina Ekblad av Dikt 1593\\u20131939. Svensk och finlandssvensk lyrik i uppl\\u00e4sning av svenska och finlandssvenska sk\\u00e5despelare.\",\"meta\":{\"artist\":\"Lina Ekblad l\\u00e4ser Karl August Tavaststjerna. Dikt 1593\\u20131939\",\"album\":\"Karl August Tavaststjerna\",\"length_formatted\":\"0:56\"},\"image\":{\"src\":\"https:\/\/litteraturbanken.se\/ljudochbild\/wp-content\/uploads\/2024\/09\/almqvist_denlyssnandemaria_lindh-mp3-image.jpg\",\"width\":1200,\"height\":1201},\"thumb\":{\"src\":\"https:\/\/litteraturbanken.se\/ljudochbild\/wp-content\/uploads\/2024\/09\/almqvist_denlyssnandemaria_lindh-mp3-image-150x150.jpg\",\"width\":150,\"height\":150}},{\"src\":\"https:\/\/litteraturbanken.se\/ljudochbild\/wp-content\/uploads\/2024\/09\/tavaststjerna_duvarmigmeranara_bertell.mp3\",\"type\":\"audio\/mpeg\",\"title\":\"Du var mig mera n\\u00e4ra\",\"caption\":\"\",\"description\":\"\\u201dDu var mig mera n\\u00e4ra\\u201d fr\\u00e5n Karl August Tavaststjerna l\\u00e4st av Ann-Luise Bertell av Dikt 1593\\u20131939. Svensk och finlandssvensk lyrik i uppl\\u00e4sning av svenska och finlandssvenska sk\\u00e5despelare.\",\"meta\":{\"artist\":\"Ann-Luise Bertell l\\u00e4ser Karl August Tavaststjerna. Dikt 1593\\u20131939\",\"album\":\"Karl August Tavaststjerna\",\"length_formatted\":\"0:38\"},\"image\":{\"src\":\"https:\/\/litteraturbanken.se\/ljudochbild\/wp-content\/uploads\/2024\/09\/almqvist_denlyssnandemaria_lindh-mp3-image.jpg\",\"width\":1200,\"height\":1201},\"thumb\":{\"src\":\"https:\/\/litteraturbanken.se\/ljudochbild\/wp-content\/uploads\/2024\/09\/almqvist_denlyssnandemaria_lindh-mp3-image-150x150.jpg\",\"width\":150,\"height\":150}},{\"src\":\"https:\/\/litteraturbanken.se\/ljudochbild\/wp-content\/uploads\/2024\/09\/tavaststjerna_hematihostregn_holmqvist.mp3\",\"type\":\"audio\/mpeg\",\"title\":\"Hem\\u00e5t i h\\u00f6stregn\",\"caption\":\"\",\"description\":\"\\u201dHem\\u00e5t i h\\u00f6stregn\\u201d fr\\u00e5n Karl August Tavaststjerna l\\u00e4st av Mats Holmqvist av Dikt 1593\\u20131939. Svensk och finlandssvensk lyrik i uppl\\u00e4sning av svenska och finlandssvenska sk\\u00e5despelare.\",\"meta\":{\"artist\":\"Mats Holmqvist l\\u00e4ser Karl August Tavaststjerna. Dikt 1593\\u20131939\",\"album\":\"Karl August Tavaststjerna\",\"length_formatted\":\"2:05\"},\"image\":{\"src\":\"https:\/\/litteraturbanken.se\/ljudochbild\/wp-content\/uploads\/2024\/09\/almqvist_denlyssnandemaria_lindh-mp3-image.jpg\",\"width\":1200,\"height\":1201},\"thumb\":{\"src\":\"https:\/\/litteraturbanken.se\/ljudochbild\/wp-content\/uploads\/2024\/09\/almqvist_denlyssnandemaria_lindh-mp3-image-150x150.jpg\",\"width\":150,\"height\":150}},{\"src\":\"https:\/\/litteraturbanken.se\/ljudochbild\/wp-content\/uploads\/2024\/09\/tavaststjerna_vilkenformvarkarlektar_ekblad.mp3\",\"type\":\"audio\/mpeg\",\"title\":\"Hvilken form v\\u00e5r k\\u00e4rlek tar omsider\",\"caption\":\"\",\"description\":\"\\u201dHvilken form v\\u00e5r k\\u00e4rlek tar omsider\\u201d fr\\u00e5n Karl August Tavaststjerna l\\u00e4st av Ylva Ekblad av Dikt 1593\\u20131939. Svensk och finlandssvensk lyrik i uppl\\u00e4sning av svenska och finlandssvenska sk\\u00e5despelare.\",\"meta\":{\"artist\":\"Ylva Ekblad l\\u00e4ser Karl August Tavaststjerna. Dikt 1593\\u20131939\",\"album\":\"Karl August Tavaststjerna\",\"length_formatted\":\"0:45\"},\"image\":{\"src\":\"https:\/\/litteraturbanken.se\/ljudochbild\/wp-content\/uploads\/2024\/09\/almqvist_denlyssnandemaria_lindh-mp3-image.jpg\",\"width\":1200,\"height\":1201},\"thumb\":{\"src\":\"https:\/\/litteraturbanken.se\/ljudochbild\/wp-content\/uploads\/2024\/09\/almqvist_denlyssnandemaria_lindh-mp3-image-150x150.jpg\",\"width\":150,\"height\":150}},{\"src\":\"https:\/\/litteraturbanken.se\/ljudochbild\/wp-content\/uploads\/2024\/09\/tavaststjerna_tagvingar_ekblad.mp3\",\"type\":\"audio\/mpeg\",\"title\":\"Tag vingar, du fina\",\"caption\":\"\",\"description\":\"\\u201dTag vingar, du fina\\u201d fr\\u00e5n Karl August Tavaststjerna l\\u00e4st av Lina Ekblad av Dikt 1593\\u20131939. Svensk och finlandssvensk lyrik i uppl\\u00e4sning av svenska och finlandssvenska sk\\u00e5despelare.\",\"meta\":{\"artist\":\"Lina Ekblad l\\u00e4ser Karl August Tavaststjerna. Dikt 1593\\u20131939\",\"album\":\"Karl August Tavaststjerna\",\"length_formatted\":\"0:45\"},\"image\":{\"src\":\"https:\/\/litteraturbanken.se\/ljudochbild\/wp-content\/uploads\/2024\/09\/almqvist_denlyssnandemaria_lindh-mp3-image.jpg\",\"width\":1200,\"height\":1201},\"thumb\":{\"src\":\"https:\/\/litteraturbanken.se\/ljudochbild\/wp-content\/uploads\/2024\/09\/almqvist_denlyssnandemaria_lindh-mp3-image-150x150.jpg\",\"width\":150,\"height\":150}}]}<\/script>\n<\/div>\n\t\n\n\n\n<hr class=\"wp-block-separator has-alpha-channel-opacity\"\/>\n\n\n\n<p><em>Inspelningarna tillg\u00e4ngligg\u00f6rs h\u00e4r med tillst\u00e5nd fr\u00e5n inl\u00e4sarna. \u2013 Portr\u00e4ttet ovanf\u00f6r, som \u00e4r m\u00e5lat av Albert Edelfelt, har vi l\u00e5nat fr\u00e5n <a href=\"https:\/\/www.kansallisgalleria.fi\/sv\/object\/407805\" target=\"_blank\" rel=\"noreferrer noopener\">Finlands Nationalgalleri<\/a>.<\/em><\/p>\n\n\n<h3 class=\"wp-block-heading author-related-title\">L\u00e4s mer<\/h3>\r\n<div class=\"display-posts-listing grid\"><div class=\"listing-item\"><a class=\"image\" href=\"https:\/\/litteraturbanken.se\/ljudochbild\/2023\/09\/18\/las-in-en-klassiker\/\"><img loading=\"lazy\" decoding=\"async\" width=\"640\" height=\"960\" src=\"https:\/\/litteraturbanken.se\/ljudochbild\/wp-content\/uploads\/2023\/09\/bokmassan_inlasningar-683x1024.jpg\" class=\"attachment-large size-large wp-post-image\" alt=\"L\u00e4s in en klassiker. B\u00f6cker med mikrofon\" srcset=\"https:\/\/litteraturbanken.se\/ljudochbild\/wp-content\/uploads\/2023\/09\/bokmassan_inlasningar-683x1024.jpg 683w, https:\/\/litteraturbanken.se\/ljudochbild\/wp-content\/uploads\/2023\/09\/bokmassan_inlasningar-200x300.jpg 200w, https:\/\/litteraturbanken.se\/ljudochbild\/wp-content\/uploads\/2023\/09\/bokmassan_inlasningar-768x1152.jpg 768w, https:\/\/litteraturbanken.se\/ljudochbild\/wp-content\/uploads\/2023\/09\/bokmassan_inlasningar-1024x1536.jpg 1024w, https:\/\/litteraturbanken.se\/ljudochbild\/wp-content\/uploads\/2023\/09\/bokmassan_inlasningar-480x720.jpg 480w, https:\/\/litteraturbanken.se\/ljudochbild\/wp-content\/uploads\/2023\/09\/bokmassan_inlasningar.jpg 1200w\" sizes=\"auto, (max-width: 640px) 100vw, 640px\" \/><\/a> <a class=\"title\" href=\"https:\/\/litteraturbanken.se\/ljudochbild\/2023\/09\/18\/las-in-en-klassiker\/\">L\u00e4s in en klassiker<\/a><\/div><\/div>\r\n\r\n\n","protected":false},"excerpt":{"rendered":"<p>\u201dKARL AUGUST TAVASTSTJERNA (1860\u20131898) kom, som arkitekturstuderande, till Paris 1883. I hemstaden Helsingfors hade han umg\u00e5tts i litter\u00e4ra kretsar och tidigt b\u00f6rjat skriva vers. I Paris m\u00f6tte nya impulser och diktarlivet lockade. Tavaststjerna samlade ett antal ungdomsdikter och [&hellip;]<\/p>\n","protected":false},"author":5,"featured_media":11649,"parent":7,"menu_order":0,"comment_status":"closed","ping_status":"closed","template":"","meta":{"footnotes":""},"class_list":["post-11648","page","type-page","status-publish","has-post-thumbnail","hentry"],"yoast_head":"<!-- This site is optimized with the Yoast SEO plugin v27.1.1 - https:\/\/yoast.com\/product\/yoast-seo-wordpress\/ -->\n<title>Karl August Tavaststjerna\u00a0(18601\u2013898) - Ljud &amp; Bild<\/title>\n<meta name=\"robots\" content=\"index, follow, max-snippet:-1, max-image-preview:large, max-video-preview:-1\" \/>\n<link rel=\"canonical\" href=\"https:\/\/litteraturbanken.se\/ljudochbild\/forfattare\/tavaststjernak\/\" \/>\n<meta property=\"og:locale\" content=\"sv_SE\" \/>\n<meta property=\"og:type\" content=\"article\" \/>\n<meta property=\"og:title\" content=\"Karl August Tavaststjerna\u00a0(18601\u2013898) - Ljud &amp; Bild\" \/>\n<meta property=\"og:description\" content=\"\u201dKARL AUGUST TAVASTSTJERNA (1860\u20131898) kom, som arkitekturstuderande, till Paris 1883. I hemstaden Helsingfors hade han umg\u00e5tts i litter\u00e4ra kretsar och tidigt b\u00f6rjat skriva vers. I Paris m\u00f6tte nya impulser och diktarlivet lockade. Tavaststjerna samlade ett antal ungdomsdikter och [&hellip;]\" \/>\n<meta property=\"og:url\" content=\"https:\/\/litteraturbanken.se\/ljudochbild\/forfattare\/tavaststjernak\/\" \/>\n<meta property=\"og:site_name\" content=\"Ljud &amp; Bild\" \/>\n<meta property=\"article:publisher\" content=\"https:\/\/www.facebook.com\/Litteraturbanken.se\" \/>\n<meta property=\"article:modified_time\" content=\"2024-09-10T13:41:15+00:00\" \/>\n<meta property=\"og:image\" content=\"https:\/\/litteraturbanken.se\/ljudochbild\/wp-content\/uploads\/2024\/09\/karlaugusttavaststjerna.jpg\" \/>\n\t<meta property=\"og:image:width\" content=\"1200\" \/>\n\t<meta property=\"og:image:height\" content=\"1984\" \/>\n\t<meta property=\"og:image:type\" content=\"image\/jpeg\" \/>\n<meta name=\"twitter:card\" content=\"summary_large_image\" \/>\n<meta name=\"twitter:site\" content=\"@litteraturbank\" \/>\n<meta name=\"twitter:label1\" content=\"Ber\u00e4knad l\u00e4stid\" \/>\n\t<meta name=\"twitter:data1\" content=\"2 minuter\" \/>\n<script type=\"application\/ld+json\" class=\"yoast-schema-graph\">{\"@context\":\"https:\/\/schema.org\",\"@graph\":[{\"@type\":\"WebPage\",\"@id\":\"https:\/\/litteraturbanken.se\/ljudochbild\/forfattare\/tavaststjernak\/\",\"url\":\"https:\/\/litteraturbanken.se\/ljudochbild\/forfattare\/tavaststjernak\/\",\"name\":\"Karl August Tavaststjerna\u00a0(18601\u2013898) - Ljud &amp; Bild\",\"isPartOf\":{\"@id\":\"https:\/\/litteraturbanken.se\/ljudochbild\/#website\"},\"primaryImageOfPage\":{\"@id\":\"https:\/\/litteraturbanken.se\/ljudochbild\/forfattare\/tavaststjernak\/#primaryimage\"},\"image\":{\"@id\":\"https:\/\/litteraturbanken.se\/ljudochbild\/forfattare\/tavaststjernak\/#primaryimage\"},\"thumbnailUrl\":\"https:\/\/litteraturbanken.se\/ljudochbild\/wp-content\/uploads\/2024\/09\/karlaugusttavaststjerna.jpg\",\"datePublished\":\"2024-09-09T14:17:31+00:00\",\"dateModified\":\"2024-09-10T13:41:15+00:00\",\"breadcrumb\":{\"@id\":\"https:\/\/litteraturbanken.se\/ljudochbild\/forfattare\/tavaststjernak\/#breadcrumb\"},\"inLanguage\":\"sv-SE\",\"potentialAction\":[{\"@type\":\"ReadAction\",\"target\":[\"https:\/\/litteraturbanken.se\/ljudochbild\/forfattare\/tavaststjernak\/\"]}]},{\"@type\":\"ImageObject\",\"inLanguage\":\"sv-SE\",\"@id\":\"https:\/\/litteraturbanken.se\/ljudochbild\/forfattare\/tavaststjernak\/#primaryimage\",\"url\":\"https:\/\/litteraturbanken.se\/ljudochbild\/wp-content\/uploads\/2024\/09\/karlaugusttavaststjerna.jpg\",\"contentUrl\":\"https:\/\/litteraturbanken.se\/ljudochbild\/wp-content\/uploads\/2024\/09\/karlaugusttavaststjerna.jpg\",\"width\":1200,\"height\":1984,\"caption\":\"Karl August Tavaststjerna\"},{\"@type\":\"BreadcrumbList\",\"@id\":\"https:\/\/litteraturbanken.se\/ljudochbild\/forfattare\/tavaststjernak\/#breadcrumb\",\"itemListElement\":[{\"@type\":\"ListItem\",\"position\":1,\"name\":\"Hem\",\"item\":\"https:\/\/litteraturbanken.se\/ljudochbild\/\"},{\"@type\":\"ListItem\",\"position\":2,\"name\":\"F\u00f6rfattare\",\"item\":\"https:\/\/litteraturbanken.se\/ljudochbild\/forfattare\/\"},{\"@type\":\"ListItem\",\"position\":3,\"name\":\"Karl August Tavaststjerna\u00a0(18601\u2013898)\"}]},{\"@type\":\"WebSite\",\"@id\":\"https:\/\/litteraturbanken.se\/ljudochbild\/#website\",\"url\":\"https:\/\/litteraturbanken.se\/ljudochbild\/\",\"name\":\"Ljud & Bild\",\"description\":\"Ur Litteraturbankens samlingar\",\"potentialAction\":[{\"@type\":\"SearchAction\",\"target\":{\"@type\":\"EntryPoint\",\"urlTemplate\":\"https:\/\/litteraturbanken.se\/ljudochbild\/?s={search_term_string}\"},\"query-input\":{\"@type\":\"PropertyValueSpecification\",\"valueRequired\":true,\"valueName\":\"search_term_string\"}}],\"inLanguage\":\"sv-SE\"}]}<\/script>\n<!-- \/ Yoast SEO plugin. -->","yoast_head_json":{"title":"Karl August Tavaststjerna\u00a0(18601\u2013898) - Ljud &amp; Bild","robots":{"index":"index","follow":"follow","max-snippet":"max-snippet:-1","max-image-preview":"max-image-preview:large","max-video-preview":"max-video-preview:-1"},"canonical":"https:\/\/litteraturbanken.se\/ljudochbild\/forfattare\/tavaststjernak\/","og_locale":"sv_SE","og_type":"article","og_title":"Karl August Tavaststjerna\u00a0(18601\u2013898) - Ljud &amp; Bild","og_description":"\u201dKARL AUGUST TAVASTSTJERNA (1860\u20131898) kom, som arkitekturstuderande, till Paris 1883. I hemstaden Helsingfors hade han umg\u00e5tts i litter\u00e4ra kretsar och tidigt b\u00f6rjat skriva vers. I Paris m\u00f6tte nya impulser och diktarlivet lockade. Tavaststjerna samlade ett antal ungdomsdikter och [&hellip;]","og_url":"https:\/\/litteraturbanken.se\/ljudochbild\/forfattare\/tavaststjernak\/","og_site_name":"Ljud &amp; Bild","article_publisher":"https:\/\/www.facebook.com\/Litteraturbanken.se","article_modified_time":"2024-09-10T13:41:15+00:00","og_image":[{"width":1200,"height":1984,"url":"https:\/\/litteraturbanken.se\/ljudochbild\/wp-content\/uploads\/2024\/09\/karlaugusttavaststjerna.jpg","type":"image\/jpeg"}],"twitter_card":"summary_large_image","twitter_site":"@litteraturbank","twitter_misc":{"Ber\u00e4knad l\u00e4stid":"2 minuter"},"schema":{"@context":"https:\/\/schema.org","@graph":[{"@type":"WebPage","@id":"https:\/\/litteraturbanken.se\/ljudochbild\/forfattare\/tavaststjernak\/","url":"https:\/\/litteraturbanken.se\/ljudochbild\/forfattare\/tavaststjernak\/","name":"Karl August Tavaststjerna\u00a0(18601\u2013898) - Ljud &amp; Bild","isPartOf":{"@id":"https:\/\/litteraturbanken.se\/ljudochbild\/#website"},"primaryImageOfPage":{"@id":"https:\/\/litteraturbanken.se\/ljudochbild\/forfattare\/tavaststjernak\/#primaryimage"},"image":{"@id":"https:\/\/litteraturbanken.se\/ljudochbild\/forfattare\/tavaststjernak\/#primaryimage"},"thumbnailUrl":"https:\/\/litteraturbanken.se\/ljudochbild\/wp-content\/uploads\/2024\/09\/karlaugusttavaststjerna.jpg","datePublished":"2024-09-09T14:17:31+00:00","dateModified":"2024-09-10T13:41:15+00:00","breadcrumb":{"@id":"https:\/\/litteraturbanken.se\/ljudochbild\/forfattare\/tavaststjernak\/#breadcrumb"},"inLanguage":"sv-SE","potentialAction":[{"@type":"ReadAction","target":["https:\/\/litteraturbanken.se\/ljudochbild\/forfattare\/tavaststjernak\/"]}]},{"@type":"ImageObject","inLanguage":"sv-SE","@id":"https:\/\/litteraturbanken.se\/ljudochbild\/forfattare\/tavaststjernak\/#primaryimage","url":"https:\/\/litteraturbanken.se\/ljudochbild\/wp-content\/uploads\/2024\/09\/karlaugusttavaststjerna.jpg","contentUrl":"https:\/\/litteraturbanken.se\/ljudochbild\/wp-content\/uploads\/2024\/09\/karlaugusttavaststjerna.jpg","width":1200,"height":1984,"caption":"Karl August Tavaststjerna"},{"@type":"BreadcrumbList","@id":"https:\/\/litteraturbanken.se\/ljudochbild\/forfattare\/tavaststjernak\/#breadcrumb","itemListElement":[{"@type":"ListItem","position":1,"name":"Hem","item":"https:\/\/litteraturbanken.se\/ljudochbild\/"},{"@type":"ListItem","position":2,"name":"F\u00f6rfattare","item":"https:\/\/litteraturbanken.se\/ljudochbild\/forfattare\/"},{"@type":"ListItem","position":3,"name":"Karl August Tavaststjerna\u00a0(18601\u2013898)"}]},{"@type":"WebSite","@id":"https:\/\/litteraturbanken.se\/ljudochbild\/#website","url":"https:\/\/litteraturbanken.se\/ljudochbild\/","name":"Ljud & Bild","description":"Ur Litteraturbankens samlingar","potentialAction":[{"@type":"SearchAction","target":{"@type":"EntryPoint","urlTemplate":"https:\/\/litteraturbanken.se\/ljudochbild\/?s={search_term_string}"},"query-input":{"@type":"PropertyValueSpecification","valueRequired":true,"valueName":"search_term_string"}}],"inLanguage":"sv-SE"}]}},"_links":{"self":[{"href":"https:\/\/litteraturbanken.se\/ljudochbild\/wp-json\/wp\/v2\/pages\/11648","targetHints":{"allow":["GET"]}}],"collection":[{"href":"https:\/\/litteraturbanken.se\/ljudochbild\/wp-json\/wp\/v2\/pages"}],"about":[{"href":"https:\/\/litteraturbanken.se\/ljudochbild\/wp-json\/wp\/v2\/types\/page"}],"author":[{"embeddable":true,"href":"https:\/\/litteraturbanken.se\/ljudochbild\/wp-json\/wp\/v2\/users\/5"}],"replies":[{"embeddable":true,"href":"https:\/\/litteraturbanken.se\/ljudochbild\/wp-json\/wp\/v2\/comments?post=11648"}],"version-history":[{"count":3,"href":"https:\/\/litteraturbanken.se\/ljudochbild\/wp-json\/wp\/v2\/pages\/11648\/revisions"}],"predecessor-version":[{"id":11765,"href":"https:\/\/litteraturbanken.se\/ljudochbild\/wp-json\/wp\/v2\/pages\/11648\/revisions\/11765"}],"up":[{"embeddable":true,"href":"https:\/\/litteraturbanken.se\/ljudochbild\/wp-json\/wp\/v2\/pages\/7"}],"wp:featuredmedia":[{"embeddable":true,"href":"https:\/\/litteraturbanken.se\/ljudochbild\/wp-json\/wp\/v2\/media\/11649"}],"wp:attachment":[{"href":"https:\/\/litteraturbanken.se\/ljudochbild\/wp-json\/wp\/v2\/media?parent=11648"}],"curies":[{"name":"wp","href":"https:\/\/api.w.org\/{rel}","templated":true}]}}