{"id":11661,"date":"2024-09-09T17:43:50","date_gmt":"2024-09-09T15:43:50","guid":{"rendered":"https:\/\/litteraturbanken.se\/ljudochbild\/?page_id=11661"},"modified":"2025-05-28T10:20:53","modified_gmt":"2025-05-28T08:20:53","slug":"slottea","status":"publish","type":"page","link":"https:\/\/litteraturbanken.se\/ljudochbild\/forfattare\/slottea\/","title":{"rendered":"Alexander Slotte (1861\u20131927)"},"content":{"rendered":"<div class=\"wp-block-image\">\n<figure class=\"alignright size-large is-resized\"><img loading=\"lazy\" decoding=\"async\" width=\"617\" height=\"1024\" src=\"https:\/\/litteraturbanken.se\/ljudochbild\/wp-content\/uploads\/2024\/09\/alexanderslotte-617x1024.jpg\" alt=\"Alexander Slotte\" class=\"wp-image-11664\" style=\"width:140px;height:auto\" srcset=\"https:\/\/litteraturbanken.se\/ljudochbild\/wp-content\/uploads\/2024\/09\/alexanderslotte-617x1024.jpg 617w, https:\/\/litteraturbanken.se\/ljudochbild\/wp-content\/uploads\/2024\/09\/alexanderslotte-181x300.jpg 181w, https:\/\/litteraturbanken.se\/ljudochbild\/wp-content\/uploads\/2024\/09\/alexanderslotte-768x1276.jpg 768w, https:\/\/litteraturbanken.se\/ljudochbild\/wp-content\/uploads\/2024\/09\/alexanderslotte-925x1536.jpg 925w, https:\/\/litteraturbanken.se\/ljudochbild\/wp-content\/uploads\/2024\/09\/alexanderslotte-480x797.jpg 480w, https:\/\/litteraturbanken.se\/ljudochbild\/wp-content\/uploads\/2024\/09\/alexanderslotte.jpg 1200w\" sizes=\"auto, (max-width: 617px) 100vw, 617px\" \/><\/figure>\n<\/div>\n\n\n<p>\u201dALEXANDER SLOTTE var folkskoll\u00e4rare, journalist och teaterkritiker. Han var en av de drivande krafterna bakom Folkteatern under 1900-talets f\u00f6rsta \u00e5r. Han skrev dramatik, prosa och lyrik. Det \u00e4r fr\u00e4mst som lyriker han har blivit k\u00e4nd f\u00f6r efterv\u00e4rlden. Hans visor i folkton h\u00f6r till det centrala i den finlandssvenska musikr\u00f6relsen.\u201d<\/p>\n\n\n\n<p>Stycket ovan \u00e4r h\u00e4mtat fr\u00e5n Ann-Mari H\u00e4ggmans presentation av Slotte hos <a href=\"https:\/\/www.blf.fi\/artikel.php?id=9523\" target=\"_blank\" rel=\"noreferrer noopener\">Biografiskt lexikon f\u00f6r Finland<\/a>.<\/p>\n\n\n\n<div class=\"wp-block-buttons is-layout-flex wp-block-buttons-is-layout-flex\">\n<div class=\"wp-block-button read-more-button is-style-fill\"><a class=\"wp-block-button__link has-white-color has-text-color has-background has-custom-font-size wp-element-button\" href=\"https:\/\/www.blf.fi\/artikel.php?id=9523\" style=\"border-radius:0px;background-color:#cd2400;font-size:14px\" target=\"_blank\" rel=\"noopener\"><strong>L\u00c4S MER OM ALEXANDER SLOTTE<\/strong><\/a><\/div>\n\n\n\n<div class=\"wp-block-button read-more-button is-style-fill\"><a class=\"wp-block-button__link has-white-color has-text-color has-background has-custom-font-size wp-element-button\" href=\"https:\/\/litteraturbanken.se\/f\u00f6rfattare\/SlotteA\/titlar\" style=\"border-radius:0px;background-color:#cd2400;font-size:14px\" target=\"_blank\" rel=\"noopener noreferrer noopener\"><strong>L\u00c4S ALEXANDER SLOTTES VERK HOS LB.SE<\/strong><\/a><\/div>\n<\/div>\n\n\n\n<div style=\"height:20px\" aria-hidden=\"true\" class=\"wp-block-spacer\"><\/div>\n\n\n\n<div class=\"wp-playlist wp-audio-playlist wp-playlist-light\">\n\t\t\t<div class=\"wp-playlist-current-item\"><\/div>\n\t\t<audio controls=\"controls\" preload=\"none\" width=\"618\"\n\t\t\t><\/audio>\n\t<div class=\"wp-playlist-next\"><\/div>\n\t<div class=\"wp-playlist-prev\"><\/div>\n\t<noscript>\n\t<ol>\n\t\t<li><a href='https:\/\/litteraturbanken.se\/ljudochbild\/wp-content\/uploads\/2024\/09\/slotte_idagarochnatter_holmqvist.mp3'>I dagar och n\u00e4tter<\/a><\/li><li><a href='https:\/\/litteraturbanken.se\/ljudochbild\/wp-content\/uploads\/2024\/09\/slotte_menliljorna_ekblad.mp3'>Men liljorna de v\u00e4xa upp om v\u00e5ren<\/a><\/li><li><a href='https:\/\/litteraturbanken.se\/ljudochbild\/wp-content\/uploads\/2024\/09\/slotte_menliljorna_fagerudd.mp3'>Men liljorna de v\u00e4xa upp om v\u00e5ren<\/a><\/li><li><a href='https:\/\/litteraturbanken.se\/ljudochbild\/wp-content\/uploads\/2024\/09\/slotte_narsommarenssol_holmqvist.mp3'>N\u00e4r sommarens sol g\u00e5r str\u00e5lande upp<\/a><\/li><li><a href='https:\/\/litteraturbanken.se\/ljudochbild\/wp-content\/uploads\/2024\/09\/slotte_slattervisa_holmqvist.mp3'>Sl\u00e5ttervisa<\/a><\/li>\t<\/ol>\n\t<\/noscript>\n\t<script type=\"application\/json\" class=\"wp-playlist-script\">{\"type\":\"audio\",\"tracklist\":true,\"tracknumbers\":true,\"images\":true,\"artists\":true,\"tracks\":[{\"src\":\"https:\/\/litteraturbanken.se\/ljudochbild\/wp-content\/uploads\/2024\/09\/slotte_idagarochnatter_holmqvist.mp3\",\"type\":\"audio\/mpeg\",\"title\":\"I dagar och n\\u00e4tter\",\"caption\":\"\",\"description\":\"\\u201dI dagar och n\\u00e4tter\\u201d fr\\u00e5n Alexander Slotte l\\u00e4st av Mats Holmqvist av Dikt 1593\\u20131939. Svensk och finlandssvensk lyrik i uppl\\u00e4sning av svenska och finlandssvenska sk\\u00e5despelare.\",\"meta\":{\"artist\":\"Mats Holmqvist l\\u00e4ser Alexander Slotte. Dikt 1593\\u20131939\",\"album\":\"Alexander Slotte\",\"length_formatted\":\"1:20\"},\"image\":{\"src\":\"https:\/\/litteraturbanken.se\/ljudochbild\/wp-content\/uploads\/2024\/09\/almqvist_denlyssnandemaria_lindh-mp3-image.jpg\",\"width\":1200,\"height\":1201},\"thumb\":{\"src\":\"https:\/\/litteraturbanken.se\/ljudochbild\/wp-content\/uploads\/2024\/09\/almqvist_denlyssnandemaria_lindh-mp3-image-150x150.jpg\",\"width\":150,\"height\":150}},{\"src\":\"https:\/\/litteraturbanken.se\/ljudochbild\/wp-content\/uploads\/2024\/09\/slotte_menliljorna_ekblad.mp3\",\"type\":\"audio\/mpeg\",\"title\":\"Men liljorna de v\\u00e4xa upp om v\\u00e5ren\",\"caption\":\"\",\"description\":\"\\u201dMen liljorna de v\\u00e4xa upp om v\\u00e5ren\\u201d fr\\u00e5n Alexander Slotte l\\u00e4st av Gertrud Ekblad av Dikt 1593\\u20131939. Svensk och finlandssvensk lyrik i uppl\\u00e4sning av svenska och finlandssvenska sk\\u00e5despelare.\",\"meta\":{\"artist\":\"Gertrud Ekblad l\\u00e4ser Alexander Slotte. Dikt 1593\\u20131939\",\"album\":\"Alexander Slotte\",\"length_formatted\":\"0:59\"},\"image\":{\"src\":\"https:\/\/litteraturbanken.se\/ljudochbild\/wp-content\/uploads\/2024\/09\/almqvist_denlyssnandemaria_lindh-mp3-image.jpg\",\"width\":1200,\"height\":1201},\"thumb\":{\"src\":\"https:\/\/litteraturbanken.se\/ljudochbild\/wp-content\/uploads\/2024\/09\/almqvist_denlyssnandemaria_lindh-mp3-image-150x150.jpg\",\"width\":150,\"height\":150}},{\"src\":\"https:\/\/litteraturbanken.se\/ljudochbild\/wp-content\/uploads\/2024\/09\/slotte_menliljorna_fagerudd.mp3\",\"type\":\"audio\/mpeg\",\"title\":\"Men liljorna de v\\u00e4xa upp om v\\u00e5ren\",\"caption\":\"\",\"description\":\"\\u201dMen liljorna de v\\u00e4xa upp om v\\u00e5ren\\u201d fr\\u00e5n Alexander Slotte sjungen av Wivan Fagerudd av Dikt 1593\\u20131939. Svensk och finlandssvensk lyrik i uppl\\u00e4sning av svenska och finlandssvenska sk\\u00e5despelare.\",\"meta\":{\"artist\":\"Wivan Nyg\\u00e5rd-Fagerudd framf\\u00f6r Alexander Slotte. Dikt 1593\\u20131939\",\"album\":\"Alexander Slotte\",\"length_formatted\":\"1:29\"},\"image\":{\"src\":\"https:\/\/litteraturbanken.se\/ljudochbild\/wp-content\/uploads\/2024\/09\/almqvist_denlyssnandemaria_lindh-mp3-image.jpg\",\"width\":1200,\"height\":1201},\"thumb\":{\"src\":\"https:\/\/litteraturbanken.se\/ljudochbild\/wp-content\/uploads\/2024\/09\/almqvist_denlyssnandemaria_lindh-mp3-image-150x150.jpg\",\"width\":150,\"height\":150}},{\"src\":\"https:\/\/litteraturbanken.se\/ljudochbild\/wp-content\/uploads\/2024\/09\/slotte_narsommarenssol_holmqvist.mp3\",\"type\":\"audio\/mpeg\",\"title\":\"N\\u00e4r sommarens sol g\\u00e5r str\\u00e5lande upp\",\"caption\":\"\",\"description\":\"\\u201dN\\u00e4r sommarens sol g\\u00e5r str\\u00e5lande upp\\u201d fr\\u00e5n Alexander Slotte l\\u00e4st av Mats Holmqvist av Dikt 1593\\u20131939. Svensk och finlandssvensk lyrik i uppl\\u00e4sning av svenska och finlandssvenska sk\\u00e5despelare.\",\"meta\":{\"artist\":\"Mats Holmqvist l\\u00e4ser Alexander Slotte. Dikt 1593\\u20131939\",\"album\":\"Alexander Slotte\",\"length_formatted\":\"1:34\"},\"image\":{\"src\":\"https:\/\/litteraturbanken.se\/ljudochbild\/wp-content\/uploads\/2024\/09\/almqvist_denlyssnandemaria_lindh-mp3-image.jpg\",\"width\":1200,\"height\":1201},\"thumb\":{\"src\":\"https:\/\/litteraturbanken.se\/ljudochbild\/wp-content\/uploads\/2024\/09\/almqvist_denlyssnandemaria_lindh-mp3-image-150x150.jpg\",\"width\":150,\"height\":150}},{\"src\":\"https:\/\/litteraturbanken.se\/ljudochbild\/wp-content\/uploads\/2024\/09\/slotte_slattervisa_holmqvist.mp3\",\"type\":\"audio\/mpeg\",\"title\":\"Sl\\u00e5ttervisa\",\"caption\":\"\",\"description\":\"\\u201dSl\\u00e5ttervisa\\u201d fr\\u00e5n Alexander Slotte l\\u00e4st av Mats Holmqvist av Dikt 1593\\u20131939. Svensk och finlandssvensk lyrik i uppl\\u00e4sning av svenska och finlandssvenska sk\\u00e5despelare.\",\"meta\":{\"artist\":\"Mats Holmqvist l\\u00e4ser Alexander Slotte. Dikt 1593\\u20131939\",\"album\":\"Alexander Slotte\",\"length_formatted\":\"1:11\"},\"image\":{\"src\":\"https:\/\/litteraturbanken.se\/ljudochbild\/wp-content\/uploads\/2024\/09\/almqvist_denlyssnandemaria_lindh-mp3-image.jpg\",\"width\":1200,\"height\":1201},\"thumb\":{\"src\":\"https:\/\/litteraturbanken.se\/ljudochbild\/wp-content\/uploads\/2024\/09\/almqvist_denlyssnandemaria_lindh-mp3-image-150x150.jpg\",\"width\":150,\"height\":150}}]}<\/script>\n<\/div>\n\t\n\n\n\n<hr class=\"wp-block-separator has-alpha-channel-opacity\"\/>\n\n\n\n<p><em>Inspelningarna tillg\u00e4ngligg\u00f6rs h\u00e4r med tillst\u00e5nd fr\u00e5n inl\u00e4sarna. \u2013 Fotografiet ovanf\u00f6r har vi l\u00e5nat av <a href=\"https:\/\/commons.wikimedia.org\/wiki\/File:Alexander_Slotte_2.jpg\" target=\"_blank\" rel=\"noreferrer noopener\">Wikimedia Commons<\/a>.<\/em><\/p>\n\n\n<h3 class=\"wp-block-heading author-related-title\">L\u00e4s mer<\/h3>\r\n\r\n\r\n\n","protected":false},"excerpt":{"rendered":"<p>\u201dALEXANDER SLOTTE var folkskoll\u00e4rare, journalist och teaterkritiker. Han var en av de drivande krafterna bakom Folkteatern under 1900-talets f\u00f6rsta \u00e5r. Han skrev dramatik, prosa och lyrik. Det \u00e4r fr\u00e4mst som lyriker han har blivit k\u00e4nd f\u00f6r efterv\u00e4rlden. Hans [&hellip;]<\/p>\n","protected":false},"author":5,"featured_media":11664,"parent":7,"menu_order":0,"comment_status":"closed","ping_status":"closed","template":"","meta":{"footnotes":""},"class_list":["post-11661","page","type-page","status-publish","has-post-thumbnail","hentry"],"yoast_head":"<!-- This site is optimized with the Yoast SEO plugin v27.1.1 - https:\/\/yoast.com\/product\/yoast-seo-wordpress\/ -->\n<title>Alexander Slotte (1861\u20131927) - Ljud &amp; Bild<\/title>\n<meta name=\"robots\" content=\"index, follow, max-snippet:-1, max-image-preview:large, max-video-preview:-1\" \/>\n<link rel=\"canonical\" href=\"https:\/\/litteraturbanken.se\/ljudochbild\/forfattare\/slottea\/\" \/>\n<meta property=\"og:locale\" content=\"sv_SE\" \/>\n<meta property=\"og:type\" content=\"article\" \/>\n<meta property=\"og:title\" content=\"Alexander Slotte (1861\u20131927) - Ljud &amp; Bild\" \/>\n<meta property=\"og:description\" content=\"\u201dALEXANDER SLOTTE var folkskoll\u00e4rare, journalist och teaterkritiker. Han var en av de drivande krafterna bakom Folkteatern under 1900-talets f\u00f6rsta \u00e5r. Han skrev dramatik, prosa och lyrik. Det \u00e4r fr\u00e4mst som lyriker han har blivit k\u00e4nd f\u00f6r efterv\u00e4rlden. Hans [&hellip;]\" \/>\n<meta property=\"og:url\" content=\"https:\/\/litteraturbanken.se\/ljudochbild\/forfattare\/slottea\/\" \/>\n<meta property=\"og:site_name\" content=\"Ljud &amp; Bild\" \/>\n<meta property=\"article:publisher\" content=\"https:\/\/www.facebook.com\/Litteraturbanken.se\" \/>\n<meta property=\"article:modified_time\" content=\"2025-05-28T08:20:53+00:00\" \/>\n<meta property=\"og:image\" content=\"https:\/\/litteraturbanken.se\/ljudochbild\/wp-content\/uploads\/2024\/09\/alexanderslotte.jpg\" \/>\n\t<meta property=\"og:image:width\" content=\"1200\" \/>\n\t<meta property=\"og:image:height\" content=\"1993\" \/>\n\t<meta property=\"og:image:type\" content=\"image\/jpeg\" \/>\n<meta name=\"twitter:card\" content=\"summary_large_image\" \/>\n<meta name=\"twitter:site\" content=\"@litteraturbank\" \/>\n<meta name=\"twitter:label1\" content=\"Ber\u00e4knad l\u00e4stid\" \/>\n\t<meta name=\"twitter:data1\" content=\"1 minut\" \/>\n<script type=\"application\/ld+json\" class=\"yoast-schema-graph\">{\"@context\":\"https:\/\/schema.org\",\"@graph\":[{\"@type\":\"WebPage\",\"@id\":\"https:\/\/litteraturbanken.se\/ljudochbild\/forfattare\/slottea\/\",\"url\":\"https:\/\/litteraturbanken.se\/ljudochbild\/forfattare\/slottea\/\",\"name\":\"Alexander Slotte (1861\u20131927) - Ljud &amp; Bild\",\"isPartOf\":{\"@id\":\"https:\/\/litteraturbanken.se\/ljudochbild\/#website\"},\"primaryImageOfPage\":{\"@id\":\"https:\/\/litteraturbanken.se\/ljudochbild\/forfattare\/slottea\/#primaryimage\"},\"image\":{\"@id\":\"https:\/\/litteraturbanken.se\/ljudochbild\/forfattare\/slottea\/#primaryimage\"},\"thumbnailUrl\":\"https:\/\/litteraturbanken.se\/ljudochbild\/wp-content\/uploads\/2024\/09\/alexanderslotte.jpg\",\"datePublished\":\"2024-09-09T15:43:50+00:00\",\"dateModified\":\"2025-05-28T08:20:53+00:00\",\"breadcrumb\":{\"@id\":\"https:\/\/litteraturbanken.se\/ljudochbild\/forfattare\/slottea\/#breadcrumb\"},\"inLanguage\":\"sv-SE\",\"potentialAction\":[{\"@type\":\"ReadAction\",\"target\":[\"https:\/\/litteraturbanken.se\/ljudochbild\/forfattare\/slottea\/\"]}]},{\"@type\":\"ImageObject\",\"inLanguage\":\"sv-SE\",\"@id\":\"https:\/\/litteraturbanken.se\/ljudochbild\/forfattare\/slottea\/#primaryimage\",\"url\":\"https:\/\/litteraturbanken.se\/ljudochbild\/wp-content\/uploads\/2024\/09\/alexanderslotte.jpg\",\"contentUrl\":\"https:\/\/litteraturbanken.se\/ljudochbild\/wp-content\/uploads\/2024\/09\/alexanderslotte.jpg\",\"width\":1200,\"height\":1993,\"caption\":\"Alexander Slotte\"},{\"@type\":\"BreadcrumbList\",\"@id\":\"https:\/\/litteraturbanken.se\/ljudochbild\/forfattare\/slottea\/#breadcrumb\",\"itemListElement\":[{\"@type\":\"ListItem\",\"position\":1,\"name\":\"Hem\",\"item\":\"https:\/\/litteraturbanken.se\/ljudochbild\/\"},{\"@type\":\"ListItem\",\"position\":2,\"name\":\"F\u00f6rfattare\",\"item\":\"https:\/\/litteraturbanken.se\/ljudochbild\/forfattare\/\"},{\"@type\":\"ListItem\",\"position\":3,\"name\":\"Alexander Slotte (1861\u20131927)\"}]},{\"@type\":\"WebSite\",\"@id\":\"https:\/\/litteraturbanken.se\/ljudochbild\/#website\",\"url\":\"https:\/\/litteraturbanken.se\/ljudochbild\/\",\"name\":\"Ljud & Bild\",\"description\":\"Ur Litteraturbankens samlingar\",\"potentialAction\":[{\"@type\":\"SearchAction\",\"target\":{\"@type\":\"EntryPoint\",\"urlTemplate\":\"https:\/\/litteraturbanken.se\/ljudochbild\/?s={search_term_string}\"},\"query-input\":{\"@type\":\"PropertyValueSpecification\",\"valueRequired\":true,\"valueName\":\"search_term_string\"}}],\"inLanguage\":\"sv-SE\"}]}<\/script>\n<!-- \/ Yoast SEO plugin. -->","yoast_head_json":{"title":"Alexander Slotte (1861\u20131927) - Ljud &amp; Bild","robots":{"index":"index","follow":"follow","max-snippet":"max-snippet:-1","max-image-preview":"max-image-preview:large","max-video-preview":"max-video-preview:-1"},"canonical":"https:\/\/litteraturbanken.se\/ljudochbild\/forfattare\/slottea\/","og_locale":"sv_SE","og_type":"article","og_title":"Alexander Slotte (1861\u20131927) - Ljud &amp; Bild","og_description":"\u201dALEXANDER SLOTTE var folkskoll\u00e4rare, journalist och teaterkritiker. Han var en av de drivande krafterna bakom Folkteatern under 1900-talets f\u00f6rsta \u00e5r. Han skrev dramatik, prosa och lyrik. Det \u00e4r fr\u00e4mst som lyriker han har blivit k\u00e4nd f\u00f6r efterv\u00e4rlden. Hans [&hellip;]","og_url":"https:\/\/litteraturbanken.se\/ljudochbild\/forfattare\/slottea\/","og_site_name":"Ljud &amp; Bild","article_publisher":"https:\/\/www.facebook.com\/Litteraturbanken.se","article_modified_time":"2025-05-28T08:20:53+00:00","og_image":[{"width":1200,"height":1993,"url":"https:\/\/litteraturbanken.se\/ljudochbild\/wp-content\/uploads\/2024\/09\/alexanderslotte.jpg","type":"image\/jpeg"}],"twitter_card":"summary_large_image","twitter_site":"@litteraturbank","twitter_misc":{"Ber\u00e4knad l\u00e4stid":"1 minut"},"schema":{"@context":"https:\/\/schema.org","@graph":[{"@type":"WebPage","@id":"https:\/\/litteraturbanken.se\/ljudochbild\/forfattare\/slottea\/","url":"https:\/\/litteraturbanken.se\/ljudochbild\/forfattare\/slottea\/","name":"Alexander Slotte (1861\u20131927) - Ljud &amp; Bild","isPartOf":{"@id":"https:\/\/litteraturbanken.se\/ljudochbild\/#website"},"primaryImageOfPage":{"@id":"https:\/\/litteraturbanken.se\/ljudochbild\/forfattare\/slottea\/#primaryimage"},"image":{"@id":"https:\/\/litteraturbanken.se\/ljudochbild\/forfattare\/slottea\/#primaryimage"},"thumbnailUrl":"https:\/\/litteraturbanken.se\/ljudochbild\/wp-content\/uploads\/2024\/09\/alexanderslotte.jpg","datePublished":"2024-09-09T15:43:50+00:00","dateModified":"2025-05-28T08:20:53+00:00","breadcrumb":{"@id":"https:\/\/litteraturbanken.se\/ljudochbild\/forfattare\/slottea\/#breadcrumb"},"inLanguage":"sv-SE","potentialAction":[{"@type":"ReadAction","target":["https:\/\/litteraturbanken.se\/ljudochbild\/forfattare\/slottea\/"]}]},{"@type":"ImageObject","inLanguage":"sv-SE","@id":"https:\/\/litteraturbanken.se\/ljudochbild\/forfattare\/slottea\/#primaryimage","url":"https:\/\/litteraturbanken.se\/ljudochbild\/wp-content\/uploads\/2024\/09\/alexanderslotte.jpg","contentUrl":"https:\/\/litteraturbanken.se\/ljudochbild\/wp-content\/uploads\/2024\/09\/alexanderslotte.jpg","width":1200,"height":1993,"caption":"Alexander Slotte"},{"@type":"BreadcrumbList","@id":"https:\/\/litteraturbanken.se\/ljudochbild\/forfattare\/slottea\/#breadcrumb","itemListElement":[{"@type":"ListItem","position":1,"name":"Hem","item":"https:\/\/litteraturbanken.se\/ljudochbild\/"},{"@type":"ListItem","position":2,"name":"F\u00f6rfattare","item":"https:\/\/litteraturbanken.se\/ljudochbild\/forfattare\/"},{"@type":"ListItem","position":3,"name":"Alexander Slotte (1861\u20131927)"}]},{"@type":"WebSite","@id":"https:\/\/litteraturbanken.se\/ljudochbild\/#website","url":"https:\/\/litteraturbanken.se\/ljudochbild\/","name":"Ljud & Bild","description":"Ur Litteraturbankens samlingar","potentialAction":[{"@type":"SearchAction","target":{"@type":"EntryPoint","urlTemplate":"https:\/\/litteraturbanken.se\/ljudochbild\/?s={search_term_string}"},"query-input":{"@type":"PropertyValueSpecification","valueRequired":true,"valueName":"search_term_string"}}],"inLanguage":"sv-SE"}]}},"_links":{"self":[{"href":"https:\/\/litteraturbanken.se\/ljudochbild\/wp-json\/wp\/v2\/pages\/11661","targetHints":{"allow":["GET"]}}],"collection":[{"href":"https:\/\/litteraturbanken.se\/ljudochbild\/wp-json\/wp\/v2\/pages"}],"about":[{"href":"https:\/\/litteraturbanken.se\/ljudochbild\/wp-json\/wp\/v2\/types\/page"}],"author":[{"embeddable":true,"href":"https:\/\/litteraturbanken.se\/ljudochbild\/wp-json\/wp\/v2\/users\/5"}],"replies":[{"embeddable":true,"href":"https:\/\/litteraturbanken.se\/ljudochbild\/wp-json\/wp\/v2\/comments?post=11661"}],"version-history":[{"count":8,"href":"https:\/\/litteraturbanken.se\/ljudochbild\/wp-json\/wp\/v2\/pages\/11661\/revisions"}],"predecessor-version":[{"id":13055,"href":"https:\/\/litteraturbanken.se\/ljudochbild\/wp-json\/wp\/v2\/pages\/11661\/revisions\/13055"}],"up":[{"embeddable":true,"href":"https:\/\/litteraturbanken.se\/ljudochbild\/wp-json\/wp\/v2\/pages\/7"}],"wp:featuredmedia":[{"embeddable":true,"href":"https:\/\/litteraturbanken.se\/ljudochbild\/wp-json\/wp\/v2\/media\/11664"}],"wp:attachment":[{"href":"https:\/\/litteraturbanken.se\/ljudochbild\/wp-json\/wp\/v2\/media?parent=11661"}],"curies":[{"name":"wp","href":"https:\/\/api.w.org\/{rel}","templated":true}]}}