{"id":11667,"date":"2024-09-09T17:56:18","date_gmt":"2024-09-09T15:56:18","guid":{"rendered":"https:\/\/litteraturbanken.se\/ljudochbild\/?page_id=11667"},"modified":"2024-09-10T12:39:56","modified_gmt":"2024-09-10T10:39:56","slug":"knapeev","status":"publish","type":"page","link":"https:\/\/litteraturbanken.se\/ljudochbild\/forfattare\/knapeev\/","title":{"rendered":"Ernst Viktor Knape (1873-1929)"},"content":{"rendered":"\n<p>\u201dL\u00e4karen ERNST V. KNAPE kan \u00e4ven r\u00e4knas till Svenskbygdens folkliga diktare i Finland. Under 1900-talets tv\u00e5 f\u00f6rsta decennier utgav han dikter, visdiktning och ber\u00e4ttelser samt ett par dramer och romaner. Till hans verk h\u00f6r exempelvis komedin <em>Kommunaldj\u00e4fvulen<\/em> (1913). Tillsammans med Alex Slotte och Jonatan Reuter utgav Knape \u00e4ven boken <em>Toner fr\u00e5n stugor och stigar<\/em> (1913) som inneh\u00e5ller klassisk finlandssvensk visdiktning, till exempel Knapes \u2019Sommarmarsch\u2019.\u201d<\/p>\n\n\n\n<p>Stycket ovan \u00e4r h\u00e4mtat fr\u00e5n <a href=\"https:\/\/www.doria.fi\/handle\/10024\/186515\" target=\"_blank\" rel=\"noreferrer noopener\">Nationalbiblioteket i Finlands<\/a> introduktion av Knape.<\/p>\n\n\n\n<div class=\"wp-block-buttons is-layout-flex wp-block-buttons-is-layout-flex\">\n<div class=\"wp-block-button has-custom-font-size read-more-button\" style=\"font-size:14px\"><a class=\"wp-block-button__link has-white-color has-text-color has-background wp-element-button\" href=\"https:\/\/www.doria.fi\/handle\/10024\/186515\" style=\"border-radius:0px;background-color:#cd2400\" target=\"_blank\" rel=\"noopener\"><strong>L\u00c4S MER OM ERNST VIKTOR KNAPE<\/strong><\/a><\/div>\n<\/div>\n\n\n\n<div style=\"height:20px\" aria-hidden=\"true\" class=\"wp-block-spacer\"><\/div>\n\n\n\n<div class=\"wp-playlist wp-audio-playlist wp-playlist-light\">\n\t\t\t<div class=\"wp-playlist-current-item\"><\/div>\n\t\t<audio controls=\"controls\" preload=\"none\" width=\"618\"\n\t\t\t><\/audio>\n\t<div class=\"wp-playlist-next\"><\/div>\n\t<div class=\"wp-playlist-prev\"><\/div>\n\t<noscript>\n\t<ol>\n\t\t<li><a href='https:\/\/litteraturbanken.se\/ljudochbild\/wp-content\/uploads\/2024\/09\/knape_vararvagensmal_fagerudd.mp3'>Var \u00e4r v\u00e4gens m\u00e5l<\/a><\/li>\t<\/ol>\n\t<\/noscript>\n\t<script type=\"application\/json\" class=\"wp-playlist-script\">{\"type\":\"audio\",\"tracklist\":true,\"tracknumbers\":true,\"images\":true,\"artists\":true,\"tracks\":[{\"src\":\"https:\/\/litteraturbanken.se\/ljudochbild\/wp-content\/uploads\/2024\/09\/knape_vararvagensmal_fagerudd.mp3\",\"type\":\"audio\/mpeg\",\"title\":\"Var \\u00e4r v\\u00e4gens m\\u00e5l\",\"caption\":\"\",\"description\":\"\\u201dVar \\u00e4r v\\u00e4gens m\\u00e5l\\u201d fr\\u00e5n Ernst Knape sjungen av Wivan Fagerudd av Dikt 1593\\u20131939. Svensk och finlandssvensk lyrik i uppl\\u00e4sning av svenska och finlandssvenska sk\\u00e5despelare.\",\"meta\":{\"artist\":\"Wivan Nyg\\u00e5rd-Fagerudd framf\\u00f6r Ernst Knape. Dikt 1593\\u20131939\",\"album\":\"Ernst Knape\",\"length_formatted\":\"1:38\"},\"image\":{\"src\":\"https:\/\/litteraturbanken.se\/ljudochbild\/wp-content\/uploads\/2024\/09\/almqvist_denlyssnandemaria_lindh-mp3-image.jpg\",\"width\":1200,\"height\":1201},\"thumb\":{\"src\":\"https:\/\/litteraturbanken.se\/ljudochbild\/wp-content\/uploads\/2024\/09\/almqvist_denlyssnandemaria_lindh-mp3-image-150x150.jpg\",\"width\":150,\"height\":150}}]}<\/script>\n<\/div>\n\t\n\n\n\n<hr class=\"wp-block-separator has-alpha-channel-opacity\"\/>\n\n\n\n<p><em>Inspelningen tillg\u00e4ngligg\u00f6rs h\u00e4r med tillst\u00e5nd fr\u00e5n Wivan Fagerudd.<\/em><\/p>\n\n\n<h3 class=\"wp-block-heading author-related-title\">L\u00e4s mer<\/h3>\r\n\r\n\r\n\n","protected":false},"excerpt":{"rendered":"<p>\u201dL\u00e4karen ERNST V. KNAPE kan \u00e4ven r\u00e4knas till Svenskbygdens folkliga diktare i Finland. Under 1900-talets tv\u00e5 f\u00f6rsta decennier utgav han dikter, visdiktning och ber\u00e4ttelser samt ett par dramer och romaner. Till hans verk h\u00f6r exempelvis komedin Kommunaldj\u00e4fvulen (1913). [&hellip;]<\/p>\n","protected":false},"author":5,"featured_media":0,"parent":7,"menu_order":0,"comment_status":"closed","ping_status":"closed","template":"","meta":{"footnotes":""},"class_list":["post-11667","page","type-page","status-publish","hentry"],"yoast_head":"<!-- This site is optimized with the Yoast SEO plugin v27.1.1 - https:\/\/yoast.com\/product\/yoast-seo-wordpress\/ -->\n<title>Ernst Viktor Knape (1873-1929) - Ljud &amp; Bild<\/title>\n<meta name=\"robots\" content=\"index, follow, max-snippet:-1, max-image-preview:large, max-video-preview:-1\" \/>\n<link rel=\"canonical\" href=\"https:\/\/litteraturbanken.se\/ljudochbild\/forfattare\/knapeev\/\" \/>\n<meta property=\"og:locale\" content=\"sv_SE\" \/>\n<meta property=\"og:type\" content=\"article\" \/>\n<meta property=\"og:title\" content=\"Ernst Viktor Knape (1873-1929) - Ljud &amp; Bild\" \/>\n<meta property=\"og:description\" content=\"\u201dL\u00e4karen ERNST V. KNAPE kan \u00e4ven r\u00e4knas till Svenskbygdens folkliga diktare i Finland. Under 1900-talets tv\u00e5 f\u00f6rsta decennier utgav han dikter, visdiktning och ber\u00e4ttelser samt ett par dramer och romaner. Till hans verk h\u00f6r exempelvis komedin Kommunaldj\u00e4fvulen (1913). [&hellip;]\" \/>\n<meta property=\"og:url\" content=\"https:\/\/litteraturbanken.se\/ljudochbild\/forfattare\/knapeev\/\" \/>\n<meta property=\"og:site_name\" content=\"Ljud &amp; Bild\" \/>\n<meta property=\"article:publisher\" content=\"https:\/\/www.facebook.com\/Litteraturbanken.se\" \/>\n<meta property=\"article:modified_time\" content=\"2024-09-10T10:39:56+00:00\" \/>\n<meta name=\"twitter:card\" content=\"summary_large_image\" \/>\n<meta name=\"twitter:site\" content=\"@litteraturbank\" \/>\n<meta name=\"twitter:label1\" content=\"Ber\u00e4knad l\u00e4stid\" \/>\n\t<meta name=\"twitter:data1\" content=\"1 minut\" \/>\n<script type=\"application\/ld+json\" class=\"yoast-schema-graph\">{\"@context\":\"https:\/\/schema.org\",\"@graph\":[{\"@type\":\"WebPage\",\"@id\":\"https:\/\/litteraturbanken.se\/ljudochbild\/forfattare\/knapeev\/\",\"url\":\"https:\/\/litteraturbanken.se\/ljudochbild\/forfattare\/knapeev\/\",\"name\":\"Ernst Viktor Knape (1873-1929) - Ljud &amp; Bild\",\"isPartOf\":{\"@id\":\"https:\/\/litteraturbanken.se\/ljudochbild\/#website\"},\"datePublished\":\"2024-09-09T15:56:18+00:00\",\"dateModified\":\"2024-09-10T10:39:56+00:00\",\"breadcrumb\":{\"@id\":\"https:\/\/litteraturbanken.se\/ljudochbild\/forfattare\/knapeev\/#breadcrumb\"},\"inLanguage\":\"sv-SE\",\"potentialAction\":[{\"@type\":\"ReadAction\",\"target\":[\"https:\/\/litteraturbanken.se\/ljudochbild\/forfattare\/knapeev\/\"]}]},{\"@type\":\"BreadcrumbList\",\"@id\":\"https:\/\/litteraturbanken.se\/ljudochbild\/forfattare\/knapeev\/#breadcrumb\",\"itemListElement\":[{\"@type\":\"ListItem\",\"position\":1,\"name\":\"Hem\",\"item\":\"https:\/\/litteraturbanken.se\/ljudochbild\/\"},{\"@type\":\"ListItem\",\"position\":2,\"name\":\"F\u00f6rfattare\",\"item\":\"https:\/\/litteraturbanken.se\/ljudochbild\/forfattare\/\"},{\"@type\":\"ListItem\",\"position\":3,\"name\":\"Ernst Viktor Knape (1873-1929)\"}]},{\"@type\":\"WebSite\",\"@id\":\"https:\/\/litteraturbanken.se\/ljudochbild\/#website\",\"url\":\"https:\/\/litteraturbanken.se\/ljudochbild\/\",\"name\":\"Ljud & Bild\",\"description\":\"Ur Litteraturbankens samlingar\",\"potentialAction\":[{\"@type\":\"SearchAction\",\"target\":{\"@type\":\"EntryPoint\",\"urlTemplate\":\"https:\/\/litteraturbanken.se\/ljudochbild\/?s={search_term_string}\"},\"query-input\":{\"@type\":\"PropertyValueSpecification\",\"valueRequired\":true,\"valueName\":\"search_term_string\"}}],\"inLanguage\":\"sv-SE\"}]}<\/script>\n<!-- \/ Yoast SEO plugin. -->","yoast_head_json":{"title":"Ernst Viktor Knape (1873-1929) - Ljud &amp; Bild","robots":{"index":"index","follow":"follow","max-snippet":"max-snippet:-1","max-image-preview":"max-image-preview:large","max-video-preview":"max-video-preview:-1"},"canonical":"https:\/\/litteraturbanken.se\/ljudochbild\/forfattare\/knapeev\/","og_locale":"sv_SE","og_type":"article","og_title":"Ernst Viktor Knape (1873-1929) - Ljud &amp; Bild","og_description":"\u201dL\u00e4karen ERNST V. KNAPE kan \u00e4ven r\u00e4knas till Svenskbygdens folkliga diktare i Finland. Under 1900-talets tv\u00e5 f\u00f6rsta decennier utgav han dikter, visdiktning och ber\u00e4ttelser samt ett par dramer och romaner. Till hans verk h\u00f6r exempelvis komedin Kommunaldj\u00e4fvulen (1913). [&hellip;]","og_url":"https:\/\/litteraturbanken.se\/ljudochbild\/forfattare\/knapeev\/","og_site_name":"Ljud &amp; Bild","article_publisher":"https:\/\/www.facebook.com\/Litteraturbanken.se","article_modified_time":"2024-09-10T10:39:56+00:00","twitter_card":"summary_large_image","twitter_site":"@litteraturbank","twitter_misc":{"Ber\u00e4knad l\u00e4stid":"1 minut"},"schema":{"@context":"https:\/\/schema.org","@graph":[{"@type":"WebPage","@id":"https:\/\/litteraturbanken.se\/ljudochbild\/forfattare\/knapeev\/","url":"https:\/\/litteraturbanken.se\/ljudochbild\/forfattare\/knapeev\/","name":"Ernst Viktor Knape (1873-1929) - Ljud &amp; Bild","isPartOf":{"@id":"https:\/\/litteraturbanken.se\/ljudochbild\/#website"},"datePublished":"2024-09-09T15:56:18+00:00","dateModified":"2024-09-10T10:39:56+00:00","breadcrumb":{"@id":"https:\/\/litteraturbanken.se\/ljudochbild\/forfattare\/knapeev\/#breadcrumb"},"inLanguage":"sv-SE","potentialAction":[{"@type":"ReadAction","target":["https:\/\/litteraturbanken.se\/ljudochbild\/forfattare\/knapeev\/"]}]},{"@type":"BreadcrumbList","@id":"https:\/\/litteraturbanken.se\/ljudochbild\/forfattare\/knapeev\/#breadcrumb","itemListElement":[{"@type":"ListItem","position":1,"name":"Hem","item":"https:\/\/litteraturbanken.se\/ljudochbild\/"},{"@type":"ListItem","position":2,"name":"F\u00f6rfattare","item":"https:\/\/litteraturbanken.se\/ljudochbild\/forfattare\/"},{"@type":"ListItem","position":3,"name":"Ernst Viktor Knape (1873-1929)"}]},{"@type":"WebSite","@id":"https:\/\/litteraturbanken.se\/ljudochbild\/#website","url":"https:\/\/litteraturbanken.se\/ljudochbild\/","name":"Ljud & Bild","description":"Ur Litteraturbankens samlingar","potentialAction":[{"@type":"SearchAction","target":{"@type":"EntryPoint","urlTemplate":"https:\/\/litteraturbanken.se\/ljudochbild\/?s={search_term_string}"},"query-input":{"@type":"PropertyValueSpecification","valueRequired":true,"valueName":"search_term_string"}}],"inLanguage":"sv-SE"}]}},"_links":{"self":[{"href":"https:\/\/litteraturbanken.se\/ljudochbild\/wp-json\/wp\/v2\/pages\/11667","targetHints":{"allow":["GET"]}}],"collection":[{"href":"https:\/\/litteraturbanken.se\/ljudochbild\/wp-json\/wp\/v2\/pages"}],"about":[{"href":"https:\/\/litteraturbanken.se\/ljudochbild\/wp-json\/wp\/v2\/types\/page"}],"author":[{"embeddable":true,"href":"https:\/\/litteraturbanken.se\/ljudochbild\/wp-json\/wp\/v2\/users\/5"}],"replies":[{"embeddable":true,"href":"https:\/\/litteraturbanken.se\/ljudochbild\/wp-json\/wp\/v2\/comments?post=11667"}],"version-history":[{"count":2,"href":"https:\/\/litteraturbanken.se\/ljudochbild\/wp-json\/wp\/v2\/pages\/11667\/revisions"}],"predecessor-version":[{"id":11726,"href":"https:\/\/litteraturbanken.se\/ljudochbild\/wp-json\/wp\/v2\/pages\/11667\/revisions\/11726"}],"up":[{"embeddable":true,"href":"https:\/\/litteraturbanken.se\/ljudochbild\/wp-json\/wp\/v2\/pages\/7"}],"wp:attachment":[{"href":"https:\/\/litteraturbanken.se\/ljudochbild\/wp-json\/wp\/v2\/media?parent=11667"}],"curies":[{"name":"wp","href":"https:\/\/api.w.org\/{rel}","templated":true}]}}