{"id":11871,"date":"2024-09-11T14:38:21","date_gmt":"2024-09-11T12:38:21","guid":{"rendered":"https:\/\/litteraturbanken.se\/ljudochbild\/?page_id=11871"},"modified":"2024-09-11T14:38:21","modified_gmt":"2024-09-11T12:38:21","slug":"klingah","status":"publish","type":"page","link":"https:\/\/litteraturbanken.se\/ljudochbild\/upplasare\/klingah\/","title":{"rendered":"Hans Klinga"},"content":{"rendered":"\n<p>I Litteraturbankens ljudsamlingar \u00e4r sk\u00e5despelaren och regiss\u00f6ren Hans Klinga representerad som inl\u00e4sare av\u00a0Anna Maria Lenngrens och August Strindbergs dikter i poesiboxen <em>Dikt 1593\u20131939. Svensk och finlandssvensk lyrik i uppl\u00e4sning av svenska och finlandssvenska sk\u00e5despelare<\/em>.<\/p>\n\n\n\n<div style=\"height:10px\" aria-hidden=\"true\" class=\"wp\u2014block-spacer\"><\/div>\r\n\r\n<div class=\"wp-block-button has-custom-font-size read-more-button\" style=\"font-size:14px\"><a class=\"wp-block-button__link has-white-color has-text-color has-background wp-element-button\" href=\"https:\/\/litteraturbanken.se\/ljudochbild\/dikt-1593-1939\/\" style=\"border-radius:0px;background-color:#cd2400\" target=\"_blank\" rel=\"noopener\"><strong>LYSSNA P\u00c5 HELA DIKTBOXEN H\u00c4R<\/strong><\/a><\/div>\r\n\r\n<div style=\"height:20px\" aria-hidden=\"true\" class=\"wp\u2014block-spacer\"><\/div>\n\n\n\n<div style=\"height:15px\" aria-hidden=\"true\" class=\"wp-block-spacer\"><\/div>\n\n\n<div class=\"wp-playlist wp-audio-playlist wp-playlist-light\">\n\t\t\t<div class=\"wp-playlist-current-item\"><\/div>\n\t\t<audio controls=\"controls\" preload=\"none\" width=\"618\"\n\t\t\t><\/audio>\n\t<div class=\"wp-playlist-next\"><\/div>\n\t<div class=\"wp-playlist-prev\"><\/div>\n\t<noscript>\n\t<ol>\n\t\t<li><a href='https:\/\/litteraturbanken.se\/ljudochbild\/wp-content\/uploads\/2024\/09\/lenngren_minsalighustru_klinga.mp3'>Min salig Hustru<\/a><\/li><li><a href='https:\/\/litteraturbanken.se\/ljudochbild\/wp-content\/uploads\/2024\/09\/strindberg_urmasterolof_klinga.mp3'>Ur \u201dM\u00e4ster Olof\u201d<\/a><\/li>\t<\/ol>\n\t<\/noscript>\n\t<script type=\"application\/json\" class=\"wp-playlist-script\">{\"type\":\"audio\",\"tracklist\":true,\"tracknumbers\":true,\"images\":true,\"artists\":true,\"tracks\":[{\"src\":\"https:\/\/litteraturbanken.se\/ljudochbild\/wp-content\/uploads\/2024\/09\/lenngren_minsalighustru_klinga.mp3\",\"type\":\"audio\/mpeg\",\"title\":\"Min salig Hustru\",\"caption\":\"\",\"description\":\"\\u201dMin salig Hustru\\u201d fr\\u00e5n Anna Maria Lenngren l\\u00e4st av Hans Klinga av Dikt 1593\\u20131939. Svensk och finlandssvensk lyrik i uppl\\u00e4sning av svenska och finlandssvenska sk\\u00e5despelare.\",\"meta\":{\"artist\":\"Hans Klinga l\\u00e4ser Anna Maria Lenngren. Dikt 1593\\u20131939\",\"album\":\"Anna Maria Lenngren\",\"length_formatted\":\"2:10\"},\"image\":{\"src\":\"https:\/\/litteraturbanken.se\/ljudochbild\/wp-content\/uploads\/2024\/09\/almqvist_denlyssnandemaria_lindh-mp3-image.jpg\",\"width\":1200,\"height\":1201},\"thumb\":{\"src\":\"https:\/\/litteraturbanken.se\/ljudochbild\/wp-content\/uploads\/2024\/09\/almqvist_denlyssnandemaria_lindh-mp3-image-150x150.jpg\",\"width\":150,\"height\":150}},{\"src\":\"https:\/\/litteraturbanken.se\/ljudochbild\/wp-content\/uploads\/2024\/09\/strindberg_urmasterolof_klinga.mp3\",\"type\":\"audio\/mpeg\",\"title\":\"Ur \\u201dM\\u00e4ster Olof\\u201d\",\"caption\":\"\",\"description\":\"\\u201dUr \\u201dM\\u00e4ster Olof\\u201d\\u201d fr\\u00e5n August Strindberg l\\u00e4st av Hans Klinga av Dikt 1593\\u20131939. Svensk och finlandssvensk lyrik i uppl\\u00e4sning av svenska och finlandssvenska sk\\u00e5despelare.\",\"meta\":{\"artist\":\"Hans Klinga l\\u00e4ser August Strindberg. Dikt 1593\\u20131939\",\"album\":\"August Strindberg\",\"length_formatted\":\"2:00\"},\"image\":{\"src\":\"https:\/\/litteraturbanken.se\/ljudochbild\/wp-content\/uploads\/2024\/09\/almqvist_denlyssnandemaria_lindh-mp3-image.jpg\",\"width\":1200,\"height\":1201},\"thumb\":{\"src\":\"https:\/\/litteraturbanken.se\/ljudochbild\/wp-content\/uploads\/2024\/09\/almqvist_denlyssnandemaria_lindh-mp3-image-150x150.jpg\",\"width\":150,\"height\":150}}]}<\/script>\n<\/div>\n\t\n\n\n\n<hr class=\"wp-block-separator has-alpha-channel-opacity\"\/>\n\n\n\n<p><em>Inspelningarna tillg\u00e4ngligg\u00f6rs h\u00e4r med tillst\u00e5nd fr\u00e5n inl\u00e4saren.<\/em><\/p>\n","protected":false},"excerpt":{"rendered":"<p>I Litteraturbankens ljudsamlingar \u00e4r sk\u00e5despelaren och regiss\u00f6ren Hans Klinga representerad som inl\u00e4sare av\u00a0Anna Maria Lenngrens och August Strindbergs dikter i poesiboxen Dikt 1593\u20131939. Svensk och finlandssvensk lyrik i uppl\u00e4sning av svenska och finlandssvenska sk\u00e5despelare. Inspelningarna tillg\u00e4ngligg\u00f6rs h\u00e4r med [&hellip;]<\/p>\n","protected":false},"author":5,"featured_media":0,"parent":8,"menu_order":0,"comment_status":"closed","ping_status":"closed","template":"","meta":{"footnotes":""},"class_list":["post-11871","page","type-page","status-publish","hentry"],"yoast_head":"<!-- This site is optimized with the Yoast SEO plugin v27.1.1 - https:\/\/yoast.com\/product\/yoast-seo-wordpress\/ -->\n<title>Hans Klinga - Ljud &amp; Bild<\/title>\n<meta name=\"robots\" content=\"index, follow, max-snippet:-1, max-image-preview:large, max-video-preview:-1\" \/>\n<link rel=\"canonical\" href=\"https:\/\/litteraturbanken.se\/ljudochbild\/upplasare\/klingah\/\" \/>\n<meta property=\"og:locale\" content=\"sv_SE\" \/>\n<meta property=\"og:type\" content=\"article\" \/>\n<meta property=\"og:title\" content=\"Hans Klinga - Ljud &amp; Bild\" \/>\n<meta property=\"og:description\" content=\"I Litteraturbankens ljudsamlingar \u00e4r sk\u00e5despelaren och regiss\u00f6ren Hans Klinga representerad som inl\u00e4sare av\u00a0Anna Maria Lenngrens och August Strindbergs dikter i poesiboxen Dikt 1593\u20131939. Svensk och finlandssvensk lyrik i uppl\u00e4sning av svenska och finlandssvenska sk\u00e5despelare. Inspelningarna tillg\u00e4ngligg\u00f6rs h\u00e4r med [&hellip;]\" \/>\n<meta property=\"og:url\" content=\"https:\/\/litteraturbanken.se\/ljudochbild\/upplasare\/klingah\/\" \/>\n<meta property=\"og:site_name\" content=\"Ljud &amp; Bild\" \/>\n<meta property=\"article:publisher\" content=\"https:\/\/www.facebook.com\/Litteraturbanken.se\" \/>\n<meta name=\"twitter:card\" content=\"summary_large_image\" \/>\n<meta name=\"twitter:site\" content=\"@litteraturbank\" \/>\n<meta name=\"twitter:label1\" content=\"Ber\u00e4knad l\u00e4stid\" \/>\n\t<meta name=\"twitter:data1\" content=\"1 minut\" \/>\n<script type=\"application\/ld+json\" class=\"yoast-schema-graph\">{\"@context\":\"https:\/\/schema.org\",\"@graph\":[{\"@type\":\"WebPage\",\"@id\":\"https:\/\/litteraturbanken.se\/ljudochbild\/upplasare\/klingah\/\",\"url\":\"https:\/\/litteraturbanken.se\/ljudochbild\/upplasare\/klingah\/\",\"name\":\"Hans Klinga - Ljud &amp; Bild\",\"isPartOf\":{\"@id\":\"https:\/\/litteraturbanken.se\/ljudochbild\/#website\"},\"datePublished\":\"2024-09-11T12:38:21+00:00\",\"breadcrumb\":{\"@id\":\"https:\/\/litteraturbanken.se\/ljudochbild\/upplasare\/klingah\/#breadcrumb\"},\"inLanguage\":\"sv-SE\",\"potentialAction\":[{\"@type\":\"ReadAction\",\"target\":[\"https:\/\/litteraturbanken.se\/ljudochbild\/upplasare\/klingah\/\"]}]},{\"@type\":\"BreadcrumbList\",\"@id\":\"https:\/\/litteraturbanken.se\/ljudochbild\/upplasare\/klingah\/#breadcrumb\",\"itemListElement\":[{\"@type\":\"ListItem\",\"position\":1,\"name\":\"Hem\",\"item\":\"https:\/\/litteraturbanken.se\/ljudochbild\/\"},{\"@type\":\"ListItem\",\"position\":2,\"name\":\"Privat: Uppl\u00e4sare\",\"item\":\"https:\/\/litteraturbanken.se\/ljudochbild\/?page_id=8\"},{\"@type\":\"ListItem\",\"position\":3,\"name\":\"Hans Klinga\"}]},{\"@type\":\"WebSite\",\"@id\":\"https:\/\/litteraturbanken.se\/ljudochbild\/#website\",\"url\":\"https:\/\/litteraturbanken.se\/ljudochbild\/\",\"name\":\"Ljud & Bild\",\"description\":\"Ur Litteraturbankens samlingar\",\"potentialAction\":[{\"@type\":\"SearchAction\",\"target\":{\"@type\":\"EntryPoint\",\"urlTemplate\":\"https:\/\/litteraturbanken.se\/ljudochbild\/?s={search_term_string}\"},\"query-input\":{\"@type\":\"PropertyValueSpecification\",\"valueRequired\":true,\"valueName\":\"search_term_string\"}}],\"inLanguage\":\"sv-SE\"}]}<\/script>\n<!-- \/ Yoast SEO plugin. -->","yoast_head_json":{"title":"Hans Klinga - Ljud &amp; Bild","robots":{"index":"index","follow":"follow","max-snippet":"max-snippet:-1","max-image-preview":"max-image-preview:large","max-video-preview":"max-video-preview:-1"},"canonical":"https:\/\/litteraturbanken.se\/ljudochbild\/upplasare\/klingah\/","og_locale":"sv_SE","og_type":"article","og_title":"Hans Klinga - Ljud &amp; Bild","og_description":"I Litteraturbankens ljudsamlingar \u00e4r sk\u00e5despelaren och regiss\u00f6ren Hans Klinga representerad som inl\u00e4sare av\u00a0Anna Maria Lenngrens och August Strindbergs dikter i poesiboxen Dikt 1593\u20131939. Svensk och finlandssvensk lyrik i uppl\u00e4sning av svenska och finlandssvenska sk\u00e5despelare. Inspelningarna tillg\u00e4ngligg\u00f6rs h\u00e4r med [&hellip;]","og_url":"https:\/\/litteraturbanken.se\/ljudochbild\/upplasare\/klingah\/","og_site_name":"Ljud &amp; Bild","article_publisher":"https:\/\/www.facebook.com\/Litteraturbanken.se","twitter_card":"summary_large_image","twitter_site":"@litteraturbank","twitter_misc":{"Ber\u00e4knad l\u00e4stid":"1 minut"},"schema":{"@context":"https:\/\/schema.org","@graph":[{"@type":"WebPage","@id":"https:\/\/litteraturbanken.se\/ljudochbild\/upplasare\/klingah\/","url":"https:\/\/litteraturbanken.se\/ljudochbild\/upplasare\/klingah\/","name":"Hans Klinga - Ljud &amp; Bild","isPartOf":{"@id":"https:\/\/litteraturbanken.se\/ljudochbild\/#website"},"datePublished":"2024-09-11T12:38:21+00:00","breadcrumb":{"@id":"https:\/\/litteraturbanken.se\/ljudochbild\/upplasare\/klingah\/#breadcrumb"},"inLanguage":"sv-SE","potentialAction":[{"@type":"ReadAction","target":["https:\/\/litteraturbanken.se\/ljudochbild\/upplasare\/klingah\/"]}]},{"@type":"BreadcrumbList","@id":"https:\/\/litteraturbanken.se\/ljudochbild\/upplasare\/klingah\/#breadcrumb","itemListElement":[{"@type":"ListItem","position":1,"name":"Hem","item":"https:\/\/litteraturbanken.se\/ljudochbild\/"},{"@type":"ListItem","position":2,"name":"Privat: Uppl\u00e4sare","item":"https:\/\/litteraturbanken.se\/ljudochbild\/?page_id=8"},{"@type":"ListItem","position":3,"name":"Hans Klinga"}]},{"@type":"WebSite","@id":"https:\/\/litteraturbanken.se\/ljudochbild\/#website","url":"https:\/\/litteraturbanken.se\/ljudochbild\/","name":"Ljud & Bild","description":"Ur Litteraturbankens samlingar","potentialAction":[{"@type":"SearchAction","target":{"@type":"EntryPoint","urlTemplate":"https:\/\/litteraturbanken.se\/ljudochbild\/?s={search_term_string}"},"query-input":{"@type":"PropertyValueSpecification","valueRequired":true,"valueName":"search_term_string"}}],"inLanguage":"sv-SE"}]}},"_links":{"self":[{"href":"https:\/\/litteraturbanken.se\/ljudochbild\/wp-json\/wp\/v2\/pages\/11871","targetHints":{"allow":["GET"]}}],"collection":[{"href":"https:\/\/litteraturbanken.se\/ljudochbild\/wp-json\/wp\/v2\/pages"}],"about":[{"href":"https:\/\/litteraturbanken.se\/ljudochbild\/wp-json\/wp\/v2\/types\/page"}],"author":[{"embeddable":true,"href":"https:\/\/litteraturbanken.se\/ljudochbild\/wp-json\/wp\/v2\/users\/5"}],"replies":[{"embeddable":true,"href":"https:\/\/litteraturbanken.se\/ljudochbild\/wp-json\/wp\/v2\/comments?post=11871"}],"version-history":[{"count":1,"href":"https:\/\/litteraturbanken.se\/ljudochbild\/wp-json\/wp\/v2\/pages\/11871\/revisions"}],"predecessor-version":[{"id":11882,"href":"https:\/\/litteraturbanken.se\/ljudochbild\/wp-json\/wp\/v2\/pages\/11871\/revisions\/11882"}],"up":[{"embeddable":true,"href":"https:\/\/litteraturbanken.se\/ljudochbild\/wp-json\/wp\/v2\/pages\/8"}],"wp:attachment":[{"href":"https:\/\/litteraturbanken.se\/ljudochbild\/wp-json\/wp\/v2\/media?parent=11871"}],"curies":[{"name":"wp","href":"https:\/\/api.w.org\/{rel}","templated":true}]}}