{"id":11883,"date":"2024-09-11T14:40:07","date_gmt":"2024-09-11T12:40:07","guid":{"rendered":"https:\/\/litteraturbanken.se\/ljudochbild\/?page_id=11883"},"modified":"2024-09-12T10:40:45","modified_gmt":"2024-09-12T08:40:45","slug":"kovankol","status":"publish","type":"page","link":"https:\/\/litteraturbanken.se\/ljudochbild\/upplasare\/kovankol\/","title":{"rendered":"Lilga Kovanko"},"content":{"rendered":"<div class=\"wp-block-image\">\n<figure class=\"alignright size-large is-resized\"><img loading=\"lazy\" decoding=\"async\" width=\"683\" height=\"1024\" src=\"https:\/\/litteraturbanken.se\/ljudochbild\/wp-content\/uploads\/2024\/09\/lilgakovanko-683x1024.jpg\" alt=\"Lilga Kovanko\" class=\"wp-image-11986\" style=\"width:165px;height:auto\" srcset=\"https:\/\/litteraturbanken.se\/ljudochbild\/wp-content\/uploads\/2024\/09\/lilgakovanko-683x1024.jpg 683w, https:\/\/litteraturbanken.se\/ljudochbild\/wp-content\/uploads\/2024\/09\/lilgakovanko-200x300.jpg 200w, https:\/\/litteraturbanken.se\/ljudochbild\/wp-content\/uploads\/2024\/09\/lilgakovanko-768x1151.jpg 768w, https:\/\/litteraturbanken.se\/ljudochbild\/wp-content\/uploads\/2024\/09\/lilgakovanko-1025x1536.jpg 1025w, https:\/\/litteraturbanken.se\/ljudochbild\/wp-content\/uploads\/2024\/09\/lilgakovanko-480x720.jpg 480w, https:\/\/litteraturbanken.se\/ljudochbild\/wp-content\/uploads\/2024\/09\/lilgakovanko.jpg 1200w\" sizes=\"auto, (max-width: 683px) 100vw, 683px\" \/><\/figure>\n<\/div>\n\n\n<p>I Litteraturbankens ljudsamlingar \u00e4r sk\u00e5despelaren Lilga Kovanko representerad som inl\u00e4sare av&nbsp;Johan Ludvig Runebergs och Edith S\u00f6dergrans dikter i poesiboxen <em>Dikt 1593\u20131939. Svensk och finlandssvensk lyrik i uppl\u00e4sning av svenska och finlandssvenska sk\u00e5despelare<\/em>.<\/p>\n\n\n\n<div style=\"height:10px\" aria-hidden=\"true\" class=\"wp\u2014block-spacer\"><\/div>\r\n\r\n<div class=\"wp-block-button has-custom-font-size read-more-button\" style=\"font-size:14px\"><a class=\"wp-block-button__link has-white-color has-text-color has-background wp-element-button\" href=\"https:\/\/litteraturbanken.se\/ljudochbild\/dikt-1593-1939\/\" style=\"border-radius:0px;background-color:#cd2400\" target=\"_blank\" rel=\"noopener\"><strong>LYSSNA P\u00c5 HELA DIKTBOXEN H\u00c4R<\/strong><\/a><\/div>\r\n\r\n<div style=\"height:20px\" aria-hidden=\"true\" class=\"wp\u2014block-spacer\"><\/div>\n\n\n\n<div style=\"height:15px\" aria-hidden=\"true\" class=\"wp-block-spacer\"><\/div>\n\n\n<div class=\"wp-playlist wp-audio-playlist wp-playlist-light\">\n\t\t\t<div class=\"wp-playlist-current-item\"><\/div>\n\t\t<audio controls=\"controls\" preload=\"none\" width=\"618\"\n\t\t\t><\/audio>\n\t<div class=\"wp-playlist-next\"><\/div>\n\t<div class=\"wp-playlist-prev\"><\/div>\n\t<noscript>\n\t<ol>\n\t\t<li><a href='https:\/\/litteraturbanken.se\/ljudochbild\/wp-content\/uploads\/2024\/09\/runeberg_flyttfoglarne_kovanko.mp3'>Flyttfoglarne<\/a><\/li><li><a href='https:\/\/litteraturbanken.se\/ljudochbild\/wp-content\/uploads\/2024\/09\/sodergran_ingenting_kovanko.mp3'>Ingenting<\/a><\/li><li><a href='https:\/\/litteraturbanken.se\/ljudochbild\/wp-content\/uploads\/2024\/09\/runeberg_mittlif_kovanko.mp3'>Mitt lif<\/a><\/li><li><a href='https:\/\/litteraturbanken.se\/ljudochbild\/wp-content\/uploads\/2024\/09\/sodergran_manen_kovanko.mp3'>M\u00e5nen<\/a><\/li>\t<\/ol>\n\t<\/noscript>\n\t<script type=\"application\/json\" class=\"wp-playlist-script\">{\"type\":\"audio\",\"tracklist\":true,\"tracknumbers\":true,\"images\":true,\"artists\":true,\"tracks\":[{\"src\":\"https:\/\/litteraturbanken.se\/ljudochbild\/wp-content\/uploads\/2024\/09\/runeberg_flyttfoglarne_kovanko.mp3\",\"type\":\"audio\/mpeg\",\"title\":\"Flyttfoglarne\",\"caption\":\"\",\"description\":\"\\u201dFlyttfoglarne\\u201d fr\\u00e5n Johan Ludvig Runeberg l\\u00e4st av Lilga Kovanko av Dikt 1593\\u20131939. Svensk och finlandssvensk lyrik i uppl\\u00e4sning av svenska och finlandssvenska sk\\u00e5despelare.\",\"meta\":{\"artist\":\"Lilga Kovanko l\\u00e4ser Johan Ludvig Runeberg. Dikt 1593\\u20131939\",\"album\":\"Johan Ludvig Runeberg\",\"length_formatted\":\"2:14\"},\"image\":{\"src\":\"https:\/\/litteraturbanken.se\/ljudochbild\/wp-content\/uploads\/2024\/09\/almqvist_denlyssnandemaria_lindh-mp3-image.jpg\",\"width\":1200,\"height\":1201},\"thumb\":{\"src\":\"https:\/\/litteraturbanken.se\/ljudochbild\/wp-content\/uploads\/2024\/09\/almqvist_denlyssnandemaria_lindh-mp3-image-150x150.jpg\",\"width\":150,\"height\":150}},{\"src\":\"https:\/\/litteraturbanken.se\/ljudochbild\/wp-content\/uploads\/2024\/09\/sodergran_ingenting_kovanko.mp3\",\"type\":\"audio\/mpeg\",\"title\":\"Ingenting\",\"caption\":\"\",\"description\":\"\\u201dIngenting\\u201d fr\\u00e5n Edith S\\u00f6dergran l\\u00e4st av Lilga Kovanko av Dikt 1593\\u20131939. Svensk och finlandssvensk lyrik i uppl\\u00e4sning av svenska och finlandssvenska sk\\u00e5despelare.\",\"meta\":{\"artist\":\"Lilga Kovanko l\\u00e4ser Edith S\\u00f6dergran. Dikt 1593\\u20131939\",\"album\":\"Edith S\\u00f6dergran\",\"length_formatted\":\"1:43\"},\"image\":{\"src\":\"https:\/\/litteraturbanken.se\/ljudochbild\/wp-content\/uploads\/2024\/09\/almqvist_denlyssnandemaria_lindh-mp3-image.jpg\",\"width\":1200,\"height\":1201},\"thumb\":{\"src\":\"https:\/\/litteraturbanken.se\/ljudochbild\/wp-content\/uploads\/2024\/09\/almqvist_denlyssnandemaria_lindh-mp3-image-150x150.jpg\",\"width\":150,\"height\":150}},{\"src\":\"https:\/\/litteraturbanken.se\/ljudochbild\/wp-content\/uploads\/2024\/09\/runeberg_mittlif_kovanko.mp3\",\"type\":\"audio\/mpeg\",\"title\":\"Mitt lif\",\"caption\":\"\",\"description\":\"\\u201dMitt lif\\u201d fr\\u00e5n Johan Ludvig Runeberg l\\u00e4st av Lilga Kovanko av Dikt 1593\\u20131939. Svensk och finlandssvensk lyrik i uppl\\u00e4sning av svenska och finlandssvenska sk\\u00e5despelare.\",\"meta\":{\"artist\":\"Lilga Kovanko l\\u00e4ser Johan Ludvig Runeberg. Dikt 1593\\u20131939\",\"album\":\"Johan Ludvig Runeberg\",\"length_formatted\":\"1:41\"},\"image\":{\"src\":\"https:\/\/litteraturbanken.se\/ljudochbild\/wp-content\/uploads\/2024\/09\/almqvist_denlyssnandemaria_lindh-mp3-image.jpg\",\"width\":1200,\"height\":1201},\"thumb\":{\"src\":\"https:\/\/litteraturbanken.se\/ljudochbild\/wp-content\/uploads\/2024\/09\/almqvist_denlyssnandemaria_lindh-mp3-image-150x150.jpg\",\"width\":150,\"height\":150}},{\"src\":\"https:\/\/litteraturbanken.se\/ljudochbild\/wp-content\/uploads\/2024\/09\/sodergran_manen_kovanko.mp3\",\"type\":\"audio\/mpeg\",\"title\":\"M\\u00e5nen\",\"caption\":\"\",\"description\":\"\\u201dM\\u00e5nen\\u201d fr\\u00e5n Edith S\\u00f6dergran l\\u00e4st av Lilga Kovanko av Dikt 1593\\u20131939. Svensk och finlandssvensk lyrik i uppl\\u00e4sning av svenska och finlandssvenska sk\\u00e5despelare.\",\"meta\":{\"artist\":\"Lilga Kovanko l\\u00e4ser Edith S\\u00f6dergran. Dikt 1593\\u20131939\",\"album\":\"Edith S\\u00f6dergran\",\"length_formatted\":\"1:17\"},\"image\":{\"src\":\"https:\/\/litteraturbanken.se\/ljudochbild\/wp-content\/uploads\/2024\/09\/almqvist_denlyssnandemaria_lindh-mp3-image.jpg\",\"width\":1200,\"height\":1201},\"thumb\":{\"src\":\"https:\/\/litteraturbanken.se\/ljudochbild\/wp-content\/uploads\/2024\/09\/almqvist_denlyssnandemaria_lindh-mp3-image-150x150.jpg\",\"width\":150,\"height\":150}}]}<\/script>\n<\/div>\n\t\n\n\n\n<hr class=\"wp-block-separator has-alpha-channel-opacity\"\/>\n\n\n\n<p><em>Inspelningarna tillg\u00e4ngligg\u00f6rs h\u00e4r med tillst\u00e5nd fr\u00e5n inl\u00e4saren. \u2013 Fotografiet ovanf\u00f6r \u00e4r taget av Markku Lepola, och vi har l\u00e5nat det fr\u00e5n <a href=\"https:\/\/commons.wikimedia.org\/wiki\/File:Lilga_Kovanko_1973.jpg\">Wikimedia Commons<\/a> (<a href=\"https:\/\/creativecommons.org\/licenses\/by\/4.0\/deed.sv\" target=\"_blank\" rel=\"noreferrer noopener\">CC BY<\/a>).<\/em><\/p>\n","protected":false},"excerpt":{"rendered":"<p>I Litteraturbankens ljudsamlingar \u00e4r sk\u00e5despelaren Lilga Kovanko representerad som inl\u00e4sare av&nbsp;Johan Ludvig Runebergs och Edith S\u00f6dergrans dikter i poesiboxen Dikt 1593\u20131939. Svensk och finlandssvensk lyrik i uppl\u00e4sning av svenska och finlandssvenska sk\u00e5despelare. Inspelningarna tillg\u00e4ngligg\u00f6rs h\u00e4r med tillst\u00e5nd fr\u00e5n [&hellip;]<\/p>\n","protected":false},"author":5,"featured_media":11986,"parent":8,"menu_order":0,"comment_status":"closed","ping_status":"closed","template":"","meta":{"footnotes":""},"class_list":["post-11883","page","type-page","status-publish","has-post-thumbnail","hentry"],"yoast_head":"<!-- This site is optimized with the Yoast SEO plugin v27.1.1 - https:\/\/yoast.com\/product\/yoast-seo-wordpress\/ -->\n<title>Lilga Kovanko - Ljud &amp; Bild<\/title>\n<meta name=\"robots\" content=\"index, follow, max-snippet:-1, max-image-preview:large, max-video-preview:-1\" \/>\n<link rel=\"canonical\" href=\"https:\/\/litteraturbanken.se\/ljudochbild\/upplasare\/kovankol\/\" \/>\n<meta property=\"og:locale\" content=\"sv_SE\" \/>\n<meta property=\"og:type\" content=\"article\" \/>\n<meta property=\"og:title\" content=\"Lilga Kovanko - Ljud &amp; Bild\" \/>\n<meta property=\"og:description\" content=\"I Litteraturbankens ljudsamlingar \u00e4r sk\u00e5despelaren Lilga Kovanko representerad som inl\u00e4sare av&nbsp;Johan Ludvig Runebergs och Edith S\u00f6dergrans dikter i poesiboxen Dikt 1593\u20131939. Svensk och finlandssvensk lyrik i uppl\u00e4sning av svenska och finlandssvenska sk\u00e5despelare. Inspelningarna tillg\u00e4ngligg\u00f6rs h\u00e4r med tillst\u00e5nd fr\u00e5n [&hellip;]\" \/>\n<meta property=\"og:url\" content=\"https:\/\/litteraturbanken.se\/ljudochbild\/upplasare\/kovankol\/\" \/>\n<meta property=\"og:site_name\" content=\"Ljud &amp; Bild\" \/>\n<meta property=\"article:publisher\" content=\"https:\/\/www.facebook.com\/Litteraturbanken.se\" \/>\n<meta property=\"article:modified_time\" content=\"2024-09-12T08:40:45+00:00\" \/>\n<meta property=\"og:image\" content=\"https:\/\/litteraturbanken.se\/ljudochbild\/wp-content\/uploads\/2024\/09\/lilgakovanko.jpg\" \/>\n\t<meta property=\"og:image:width\" content=\"1200\" \/>\n\t<meta property=\"og:image:height\" content=\"1799\" \/>\n\t<meta property=\"og:image:type\" content=\"image\/jpeg\" \/>\n<meta name=\"twitter:card\" content=\"summary_large_image\" \/>\n<meta name=\"twitter:site\" content=\"@litteraturbank\" \/>\n<meta name=\"twitter:label1\" content=\"Ber\u00e4knad l\u00e4stid\" \/>\n\t<meta name=\"twitter:data1\" content=\"1 minut\" \/>\n<script type=\"application\/ld+json\" class=\"yoast-schema-graph\">{\"@context\":\"https:\/\/schema.org\",\"@graph\":[{\"@type\":\"WebPage\",\"@id\":\"https:\/\/litteraturbanken.se\/ljudochbild\/upplasare\/kovankol\/\",\"url\":\"https:\/\/litteraturbanken.se\/ljudochbild\/upplasare\/kovankol\/\",\"name\":\"Lilga Kovanko - Ljud &amp; Bild\",\"isPartOf\":{\"@id\":\"https:\/\/litteraturbanken.se\/ljudochbild\/#website\"},\"primaryImageOfPage\":{\"@id\":\"https:\/\/litteraturbanken.se\/ljudochbild\/upplasare\/kovankol\/#primaryimage\"},\"image\":{\"@id\":\"https:\/\/litteraturbanken.se\/ljudochbild\/upplasare\/kovankol\/#primaryimage\"},\"thumbnailUrl\":\"https:\/\/litteraturbanken.se\/ljudochbild\/wp-content\/uploads\/2024\/09\/lilgakovanko.jpg\",\"datePublished\":\"2024-09-11T12:40:07+00:00\",\"dateModified\":\"2024-09-12T08:40:45+00:00\",\"breadcrumb\":{\"@id\":\"https:\/\/litteraturbanken.se\/ljudochbild\/upplasare\/kovankol\/#breadcrumb\"},\"inLanguage\":\"sv-SE\",\"potentialAction\":[{\"@type\":\"ReadAction\",\"target\":[\"https:\/\/litteraturbanken.se\/ljudochbild\/upplasare\/kovankol\/\"]}]},{\"@type\":\"ImageObject\",\"inLanguage\":\"sv-SE\",\"@id\":\"https:\/\/litteraturbanken.se\/ljudochbild\/upplasare\/kovankol\/#primaryimage\",\"url\":\"https:\/\/litteraturbanken.se\/ljudochbild\/wp-content\/uploads\/2024\/09\/lilgakovanko.jpg\",\"contentUrl\":\"https:\/\/litteraturbanken.se\/ljudochbild\/wp-content\/uploads\/2024\/09\/lilgakovanko.jpg\",\"width\":1200,\"height\":1799,\"caption\":\"Lilga Kovanko\"},{\"@type\":\"BreadcrumbList\",\"@id\":\"https:\/\/litteraturbanken.se\/ljudochbild\/upplasare\/kovankol\/#breadcrumb\",\"itemListElement\":[{\"@type\":\"ListItem\",\"position\":1,\"name\":\"Hem\",\"item\":\"https:\/\/litteraturbanken.se\/ljudochbild\/\"},{\"@type\":\"ListItem\",\"position\":2,\"name\":\"Privat: Uppl\u00e4sare\",\"item\":\"https:\/\/litteraturbanken.se\/ljudochbild\/?page_id=8\"},{\"@type\":\"ListItem\",\"position\":3,\"name\":\"Lilga Kovanko\"}]},{\"@type\":\"WebSite\",\"@id\":\"https:\/\/litteraturbanken.se\/ljudochbild\/#website\",\"url\":\"https:\/\/litteraturbanken.se\/ljudochbild\/\",\"name\":\"Ljud & Bild\",\"description\":\"Ur Litteraturbankens samlingar\",\"potentialAction\":[{\"@type\":\"SearchAction\",\"target\":{\"@type\":\"EntryPoint\",\"urlTemplate\":\"https:\/\/litteraturbanken.se\/ljudochbild\/?s={search_term_string}\"},\"query-input\":{\"@type\":\"PropertyValueSpecification\",\"valueRequired\":true,\"valueName\":\"search_term_string\"}}],\"inLanguage\":\"sv-SE\"}]}<\/script>\n<!-- \/ Yoast SEO plugin. -->","yoast_head_json":{"title":"Lilga Kovanko - Ljud &amp; Bild","robots":{"index":"index","follow":"follow","max-snippet":"max-snippet:-1","max-image-preview":"max-image-preview:large","max-video-preview":"max-video-preview:-1"},"canonical":"https:\/\/litteraturbanken.se\/ljudochbild\/upplasare\/kovankol\/","og_locale":"sv_SE","og_type":"article","og_title":"Lilga Kovanko - Ljud &amp; Bild","og_description":"I Litteraturbankens ljudsamlingar \u00e4r sk\u00e5despelaren Lilga Kovanko representerad som inl\u00e4sare av&nbsp;Johan Ludvig Runebergs och Edith S\u00f6dergrans dikter i poesiboxen Dikt 1593\u20131939. Svensk och finlandssvensk lyrik i uppl\u00e4sning av svenska och finlandssvenska sk\u00e5despelare. Inspelningarna tillg\u00e4ngligg\u00f6rs h\u00e4r med tillst\u00e5nd fr\u00e5n [&hellip;]","og_url":"https:\/\/litteraturbanken.se\/ljudochbild\/upplasare\/kovankol\/","og_site_name":"Ljud &amp; Bild","article_publisher":"https:\/\/www.facebook.com\/Litteraturbanken.se","article_modified_time":"2024-09-12T08:40:45+00:00","og_image":[{"width":1200,"height":1799,"url":"https:\/\/litteraturbanken.se\/ljudochbild\/wp-content\/uploads\/2024\/09\/lilgakovanko.jpg","type":"image\/jpeg"}],"twitter_card":"summary_large_image","twitter_site":"@litteraturbank","twitter_misc":{"Ber\u00e4knad l\u00e4stid":"1 minut"},"schema":{"@context":"https:\/\/schema.org","@graph":[{"@type":"WebPage","@id":"https:\/\/litteraturbanken.se\/ljudochbild\/upplasare\/kovankol\/","url":"https:\/\/litteraturbanken.se\/ljudochbild\/upplasare\/kovankol\/","name":"Lilga Kovanko - Ljud &amp; Bild","isPartOf":{"@id":"https:\/\/litteraturbanken.se\/ljudochbild\/#website"},"primaryImageOfPage":{"@id":"https:\/\/litteraturbanken.se\/ljudochbild\/upplasare\/kovankol\/#primaryimage"},"image":{"@id":"https:\/\/litteraturbanken.se\/ljudochbild\/upplasare\/kovankol\/#primaryimage"},"thumbnailUrl":"https:\/\/litteraturbanken.se\/ljudochbild\/wp-content\/uploads\/2024\/09\/lilgakovanko.jpg","datePublished":"2024-09-11T12:40:07+00:00","dateModified":"2024-09-12T08:40:45+00:00","breadcrumb":{"@id":"https:\/\/litteraturbanken.se\/ljudochbild\/upplasare\/kovankol\/#breadcrumb"},"inLanguage":"sv-SE","potentialAction":[{"@type":"ReadAction","target":["https:\/\/litteraturbanken.se\/ljudochbild\/upplasare\/kovankol\/"]}]},{"@type":"ImageObject","inLanguage":"sv-SE","@id":"https:\/\/litteraturbanken.se\/ljudochbild\/upplasare\/kovankol\/#primaryimage","url":"https:\/\/litteraturbanken.se\/ljudochbild\/wp-content\/uploads\/2024\/09\/lilgakovanko.jpg","contentUrl":"https:\/\/litteraturbanken.se\/ljudochbild\/wp-content\/uploads\/2024\/09\/lilgakovanko.jpg","width":1200,"height":1799,"caption":"Lilga Kovanko"},{"@type":"BreadcrumbList","@id":"https:\/\/litteraturbanken.se\/ljudochbild\/upplasare\/kovankol\/#breadcrumb","itemListElement":[{"@type":"ListItem","position":1,"name":"Hem","item":"https:\/\/litteraturbanken.se\/ljudochbild\/"},{"@type":"ListItem","position":2,"name":"Privat: Uppl\u00e4sare","item":"https:\/\/litteraturbanken.se\/ljudochbild\/?page_id=8"},{"@type":"ListItem","position":3,"name":"Lilga Kovanko"}]},{"@type":"WebSite","@id":"https:\/\/litteraturbanken.se\/ljudochbild\/#website","url":"https:\/\/litteraturbanken.se\/ljudochbild\/","name":"Ljud & Bild","description":"Ur Litteraturbankens samlingar","potentialAction":[{"@type":"SearchAction","target":{"@type":"EntryPoint","urlTemplate":"https:\/\/litteraturbanken.se\/ljudochbild\/?s={search_term_string}"},"query-input":{"@type":"PropertyValueSpecification","valueRequired":true,"valueName":"search_term_string"}}],"inLanguage":"sv-SE"}]}},"_links":{"self":[{"href":"https:\/\/litteraturbanken.se\/ljudochbild\/wp-json\/wp\/v2\/pages\/11883","targetHints":{"allow":["GET"]}}],"collection":[{"href":"https:\/\/litteraturbanken.se\/ljudochbild\/wp-json\/wp\/v2\/pages"}],"about":[{"href":"https:\/\/litteraturbanken.se\/ljudochbild\/wp-json\/wp\/v2\/types\/page"}],"author":[{"embeddable":true,"href":"https:\/\/litteraturbanken.se\/ljudochbild\/wp-json\/wp\/v2\/users\/5"}],"replies":[{"embeddable":true,"href":"https:\/\/litteraturbanken.se\/ljudochbild\/wp-json\/wp\/v2\/comments?post=11883"}],"version-history":[{"count":2,"href":"https:\/\/litteraturbanken.se\/ljudochbild\/wp-json\/wp\/v2\/pages\/11883\/revisions"}],"predecessor-version":[{"id":11988,"href":"https:\/\/litteraturbanken.se\/ljudochbild\/wp-json\/wp\/v2\/pages\/11883\/revisions\/11988"}],"up":[{"embeddable":true,"href":"https:\/\/litteraturbanken.se\/ljudochbild\/wp-json\/wp\/v2\/pages\/8"}],"wp:featuredmedia":[{"embeddable":true,"href":"https:\/\/litteraturbanken.se\/ljudochbild\/wp-json\/wp\/v2\/media\/11986"}],"wp:attachment":[{"href":"https:\/\/litteraturbanken.se\/ljudochbild\/wp-json\/wp\/v2\/media?parent=11883"}],"curies":[{"name":"wp","href":"https:\/\/api.w.org\/{rel}","templated":true}]}}