{"id":11887,"date":"2024-09-11T14:45:18","date_gmt":"2024-09-11T12:45:18","guid":{"rendered":"https:\/\/litteraturbanken.se\/ljudochbild\/?page_id=11887"},"modified":"2024-09-12T11:03:14","modified_gmt":"2024-09-12T09:03:14","slug":"lassgardr","status":"publish","type":"page","link":"https:\/\/litteraturbanken.se\/ljudochbild\/upplasare\/lassgardr\/","title":{"rendered":"Rolf Lassg\u00e5rd"},"content":{"rendered":"<div class=\"wp-block-image\">\n<figure class=\"alignright size-large is-resized\"><img loading=\"lazy\" decoding=\"async\" width=\"740\" height=\"1024\" src=\"https:\/\/litteraturbanken.se\/ljudochbild\/wp-content\/uploads\/2024\/09\/rolflassgard-740x1024.jpg\" alt=\"\" class=\"wp-image-11992\" style=\"width:197px;height:auto\" srcset=\"https:\/\/litteraturbanken.se\/ljudochbild\/wp-content\/uploads\/2024\/09\/rolflassgard-740x1024.jpg 740w, https:\/\/litteraturbanken.se\/ljudochbild\/wp-content\/uploads\/2024\/09\/rolflassgard-217x300.jpg 217w, https:\/\/litteraturbanken.se\/ljudochbild\/wp-content\/uploads\/2024\/09\/rolflassgard-768x1063.jpg 768w, https:\/\/litteraturbanken.se\/ljudochbild\/wp-content\/uploads\/2024\/09\/rolflassgard-1110x1536.jpg 1110w, https:\/\/litteraturbanken.se\/ljudochbild\/wp-content\/uploads\/2024\/09\/rolflassgard-480x664.jpg 480w, https:\/\/litteraturbanken.se\/ljudochbild\/wp-content\/uploads\/2024\/09\/rolflassgard.jpg 1200w\" sizes=\"auto, (max-width: 740px) 100vw, 740px\" \/><\/figure>\n<\/div>\n\n\n<p>I Litteraturbankens ljudsamlingar \u00e4r sk\u00e5despelaren Rolf Lassg\u00e5rd representerad som inl\u00e4sare av&nbsp;Erik Axel Karlfeldts och Anna Maria Lenngrens dikter i poesiboxen <em>Dikt 1593\u20131939. Svensk och finlandssvensk lyrik i uppl\u00e4sning av svenska och finlandssvenska sk\u00e5despelare<\/em>.<\/p>\n\n\n\n<div style=\"height:10px\" aria-hidden=\"true\" class=\"wp\u2014block-spacer\"><\/div>\r\n\r\n<div class=\"wp-block-button has-custom-font-size read-more-button\" style=\"font-size:14px\"><a class=\"wp-block-button__link has-white-color has-text-color has-background wp-element-button\" href=\"https:\/\/litteraturbanken.se\/ljudochbild\/dikt-1593-1939\/\" style=\"border-radius:0px;background-color:#cd2400\" target=\"_blank\" rel=\"noopener\"><strong>LYSSNA P\u00c5 HELA DIKTBOXEN H\u00c4R<\/strong><\/a><\/div>\r\n\r\n<div style=\"height:20px\" aria-hidden=\"true\" class=\"wp\u2014block-spacer\"><\/div>\n\n\n\n<div style=\"height:15px\" aria-hidden=\"true\" class=\"wp-block-spacer\"><\/div>\n\n\n<div class=\"wp-playlist wp-audio-playlist wp-playlist-light\">\n\t\t\t<div class=\"wp-playlist-current-item\"><\/div>\n\t\t<audio controls=\"controls\" preload=\"none\" width=\"618\"\n\t\t\t><\/audio>\n\t<div class=\"wp-playlist-next\"><\/div>\n\t<div class=\"wp-playlist-prev\"><\/div>\n\t<noscript>\n\t<ol>\n\t\t<li><a href='https:\/\/litteraturbanken.se\/ljudochbild\/wp-content\/uploads\/2024\/09\/karlfeldt_forstaminnet_lassgard.mp3'>F\u00f6rsta minnet<\/a><\/li><li><a href='https:\/\/litteraturbanken.se\/ljudochbild\/wp-content\/uploads\/2024\/09\/lenngren_pojkarne_lassgard.mp3'>Pojkarne<\/a><\/li>\t<\/ol>\n\t<\/noscript>\n\t<script type=\"application\/json\" class=\"wp-playlist-script\">{\"type\":\"audio\",\"tracklist\":true,\"tracknumbers\":true,\"images\":true,\"artists\":true,\"tracks\":[{\"src\":\"https:\/\/litteraturbanken.se\/ljudochbild\/wp-content\/uploads\/2024\/09\/karlfeldt_forstaminnet_lassgard.mp3\",\"type\":\"audio\/mpeg\",\"title\":\"F\\u00f6rsta minnet\",\"caption\":\"\",\"description\":\"\\u201dF\\u00f6rsta minnet\\u201d fr\\u00e5n Erik Axel Karlfeldt l\\u00e4st av Rolf Lassg\\u00e5rd av Dikt 1593\\u20131939. Svensk och finlandssvensk lyrik i uppl\\u00e4sning av svenska och finlandssvenska sk\\u00e5despelare.\",\"meta\":{\"artist\":\"Rolf Lassg\\u00e5rd l\\u00e4ser Erik Axel Karlfeldt. Dikt 1593\\u20131939\",\"album\":\"Erik Axel Karlfeldt\",\"length_formatted\":\"1:02\"},\"image\":{\"src\":\"https:\/\/litteraturbanken.se\/ljudochbild\/wp-content\/uploads\/2024\/09\/almqvist_denlyssnandemaria_lindh-mp3-image.jpg\",\"width\":1200,\"height\":1201},\"thumb\":{\"src\":\"https:\/\/litteraturbanken.se\/ljudochbild\/wp-content\/uploads\/2024\/09\/almqvist_denlyssnandemaria_lindh-mp3-image-150x150.jpg\",\"width\":150,\"height\":150}},{\"src\":\"https:\/\/litteraturbanken.se\/ljudochbild\/wp-content\/uploads\/2024\/09\/lenngren_pojkarne_lassgard.mp3\",\"type\":\"audio\/mpeg\",\"title\":\"Pojkarne\",\"caption\":\"\",\"description\":\"\\u201dPojkarne\\u201d fr\\u00e5n Anna Maria Lenngren l\\u00e4st av Rolf Lassg\\u00e5rd av Dikt 1593\\u20131939. Svensk och finlandssvensk lyrik i uppl\\u00e4sning av svenska och finlandssvenska sk\\u00e5despelare.\",\"meta\":{\"artist\":\"Rolf Lassg\\u00e5rd l\\u00e4ser Anna Maria Lenngren. Dikt 1593\\u20131939\",\"album\":\"Anna Maria Lenngren\",\"length_formatted\":\"3:33\"},\"image\":{\"src\":\"https:\/\/litteraturbanken.se\/ljudochbild\/wp-content\/uploads\/2024\/09\/almqvist_denlyssnandemaria_lindh-mp3-image.jpg\",\"width\":1200,\"height\":1201},\"thumb\":{\"src\":\"https:\/\/litteraturbanken.se\/ljudochbild\/wp-content\/uploads\/2024\/09\/almqvist_denlyssnandemaria_lindh-mp3-image-150x150.jpg\",\"width\":150,\"height\":150}}]}<\/script>\n<\/div>\n\t\n\n\n\n<hr class=\"wp-block-separator has-alpha-channel-opacity\"\/>\n\n\n\n<p><em>Inspelningarna tillg\u00e4ngligg\u00f6rs h\u00e4r med tillst\u00e5nd fr\u00e5n inl\u00e4saren. \u2013 Fotografiet ovanf\u00f6r \u00e4r taget av Frankie Fouganthin, och vi har l\u00e5nat det fr\u00e5n <a href=\"https:\/\/commons.wikimedia.org\/wiki\/File:Rolf_Lassg%C3%A5rd_in_Aug_2015.jpg\" target=\"_blank\" rel=\"noreferrer noopener\">Wikimedia Commons<\/a> (<a href=\"https:\/\/creativecommons.org\/licenses\/by-sa\/4.0\/deed.sv\" target=\"_blank\" rel=\"noreferrer noopener\">CC BY<\/a>).<\/em><\/p>\n\n\n\n<p> <\/p>\n","protected":false},"excerpt":{"rendered":"<p>I Litteraturbankens ljudsamlingar \u00e4r sk\u00e5despelaren Rolf Lassg\u00e5rd representerad som inl\u00e4sare av&nbsp;Erik Axel Karlfeldts och Anna Maria Lenngrens dikter i poesiboxen Dikt 1593\u20131939. Svensk och finlandssvensk lyrik i uppl\u00e4sning av svenska och finlandssvenska sk\u00e5despelare. Inspelningarna tillg\u00e4ngligg\u00f6rs h\u00e4r med tillst\u00e5nd [&hellip;]<\/p>\n","protected":false},"author":5,"featured_media":0,"parent":8,"menu_order":0,"comment_status":"closed","ping_status":"closed","template":"","meta":{"footnotes":""},"class_list":["post-11887","page","type-page","status-publish","hentry"],"yoast_head":"<!-- This site is optimized with the Yoast SEO plugin v27.1.1 - https:\/\/yoast.com\/product\/yoast-seo-wordpress\/ -->\n<title>Rolf Lassg\u00e5rd - Ljud &amp; Bild<\/title>\n<meta name=\"robots\" content=\"index, follow, max-snippet:-1, max-image-preview:large, max-video-preview:-1\" \/>\n<link rel=\"canonical\" href=\"https:\/\/litteraturbanken.se\/ljudochbild\/upplasare\/lassgardr\/\" \/>\n<meta property=\"og:locale\" content=\"sv_SE\" \/>\n<meta property=\"og:type\" content=\"article\" \/>\n<meta property=\"og:title\" content=\"Rolf Lassg\u00e5rd - Ljud &amp; Bild\" \/>\n<meta property=\"og:description\" content=\"I Litteraturbankens ljudsamlingar \u00e4r sk\u00e5despelaren Rolf Lassg\u00e5rd representerad som inl\u00e4sare av&nbsp;Erik Axel Karlfeldts och Anna Maria Lenngrens dikter i poesiboxen Dikt 1593\u20131939. Svensk och finlandssvensk lyrik i uppl\u00e4sning av svenska och finlandssvenska sk\u00e5despelare. Inspelningarna tillg\u00e4ngligg\u00f6rs h\u00e4r med tillst\u00e5nd [&hellip;]\" \/>\n<meta property=\"og:url\" content=\"https:\/\/litteraturbanken.se\/ljudochbild\/upplasare\/lassgardr\/\" \/>\n<meta property=\"og:site_name\" content=\"Ljud &amp; Bild\" \/>\n<meta property=\"article:publisher\" content=\"https:\/\/www.facebook.com\/Litteraturbanken.se\" \/>\n<meta property=\"article:modified_time\" content=\"2024-09-12T09:03:14+00:00\" \/>\n<meta property=\"og:image\" content=\"https:\/\/litteraturbanken.se\/ljudochbild\/wp-content\/uploads\/2024\/09\/rolflassgard-740x1024.jpg\" \/>\n<meta name=\"twitter:card\" content=\"summary_large_image\" \/>\n<meta name=\"twitter:site\" content=\"@litteraturbank\" \/>\n<meta name=\"twitter:label1\" content=\"Ber\u00e4knad l\u00e4stid\" \/>\n\t<meta name=\"twitter:data1\" content=\"1 minut\" \/>\n<script type=\"application\/ld+json\" class=\"yoast-schema-graph\">{\"@context\":\"https:\/\/schema.org\",\"@graph\":[{\"@type\":\"WebPage\",\"@id\":\"https:\/\/litteraturbanken.se\/ljudochbild\/upplasare\/lassgardr\/\",\"url\":\"https:\/\/litteraturbanken.se\/ljudochbild\/upplasare\/lassgardr\/\",\"name\":\"Rolf Lassg\u00e5rd - Ljud &amp; Bild\",\"isPartOf\":{\"@id\":\"https:\/\/litteraturbanken.se\/ljudochbild\/#website\"},\"primaryImageOfPage\":{\"@id\":\"https:\/\/litteraturbanken.se\/ljudochbild\/upplasare\/lassgardr\/#primaryimage\"},\"image\":{\"@id\":\"https:\/\/litteraturbanken.se\/ljudochbild\/upplasare\/lassgardr\/#primaryimage\"},\"thumbnailUrl\":\"https:\/\/litteraturbanken.se\/ljudochbild\/wp-content\/uploads\/2024\/09\/rolflassgard-740x1024.jpg\",\"datePublished\":\"2024-09-11T12:45:18+00:00\",\"dateModified\":\"2024-09-12T09:03:14+00:00\",\"breadcrumb\":{\"@id\":\"https:\/\/litteraturbanken.se\/ljudochbild\/upplasare\/lassgardr\/#breadcrumb\"},\"inLanguage\":\"sv-SE\",\"potentialAction\":[{\"@type\":\"ReadAction\",\"target\":[\"https:\/\/litteraturbanken.se\/ljudochbild\/upplasare\/lassgardr\/\"]}]},{\"@type\":\"ImageObject\",\"inLanguage\":\"sv-SE\",\"@id\":\"https:\/\/litteraturbanken.se\/ljudochbild\/upplasare\/lassgardr\/#primaryimage\",\"url\":\"https:\/\/litteraturbanken.se\/ljudochbild\/wp-content\/uploads\/2024\/09\/rolflassgard.jpg\",\"contentUrl\":\"https:\/\/litteraturbanken.se\/ljudochbild\/wp-content\/uploads\/2024\/09\/rolflassgard.jpg\",\"width\":1200,\"height\":1661},{\"@type\":\"BreadcrumbList\",\"@id\":\"https:\/\/litteraturbanken.se\/ljudochbild\/upplasare\/lassgardr\/#breadcrumb\",\"itemListElement\":[{\"@type\":\"ListItem\",\"position\":1,\"name\":\"Hem\",\"item\":\"https:\/\/litteraturbanken.se\/ljudochbild\/\"},{\"@type\":\"ListItem\",\"position\":2,\"name\":\"Privat: Uppl\u00e4sare\",\"item\":\"https:\/\/litteraturbanken.se\/ljudochbild\/?page_id=8\"},{\"@type\":\"ListItem\",\"position\":3,\"name\":\"Rolf Lassg\u00e5rd\"}]},{\"@type\":\"WebSite\",\"@id\":\"https:\/\/litteraturbanken.se\/ljudochbild\/#website\",\"url\":\"https:\/\/litteraturbanken.se\/ljudochbild\/\",\"name\":\"Ljud & Bild\",\"description\":\"Ur Litteraturbankens samlingar\",\"potentialAction\":[{\"@type\":\"SearchAction\",\"target\":{\"@type\":\"EntryPoint\",\"urlTemplate\":\"https:\/\/litteraturbanken.se\/ljudochbild\/?s={search_term_string}\"},\"query-input\":{\"@type\":\"PropertyValueSpecification\",\"valueRequired\":true,\"valueName\":\"search_term_string\"}}],\"inLanguage\":\"sv-SE\"}]}<\/script>\n<!-- \/ Yoast SEO plugin. -->","yoast_head_json":{"title":"Rolf Lassg\u00e5rd - Ljud &amp; Bild","robots":{"index":"index","follow":"follow","max-snippet":"max-snippet:-1","max-image-preview":"max-image-preview:large","max-video-preview":"max-video-preview:-1"},"canonical":"https:\/\/litteraturbanken.se\/ljudochbild\/upplasare\/lassgardr\/","og_locale":"sv_SE","og_type":"article","og_title":"Rolf Lassg\u00e5rd - Ljud &amp; Bild","og_description":"I Litteraturbankens ljudsamlingar \u00e4r sk\u00e5despelaren Rolf Lassg\u00e5rd representerad som inl\u00e4sare av&nbsp;Erik Axel Karlfeldts och Anna Maria Lenngrens dikter i poesiboxen Dikt 1593\u20131939. Svensk och finlandssvensk lyrik i uppl\u00e4sning av svenska och finlandssvenska sk\u00e5despelare. Inspelningarna tillg\u00e4ngligg\u00f6rs h\u00e4r med tillst\u00e5nd [&hellip;]","og_url":"https:\/\/litteraturbanken.se\/ljudochbild\/upplasare\/lassgardr\/","og_site_name":"Ljud &amp; Bild","article_publisher":"https:\/\/www.facebook.com\/Litteraturbanken.se","article_modified_time":"2024-09-12T09:03:14+00:00","og_image":[{"url":"https:\/\/litteraturbanken.se\/ljudochbild\/wp-content\/uploads\/2024\/09\/rolflassgard-740x1024.jpg","type":"","width":"","height":""}],"twitter_card":"summary_large_image","twitter_site":"@litteraturbank","twitter_misc":{"Ber\u00e4knad l\u00e4stid":"1 minut"},"schema":{"@context":"https:\/\/schema.org","@graph":[{"@type":"WebPage","@id":"https:\/\/litteraturbanken.se\/ljudochbild\/upplasare\/lassgardr\/","url":"https:\/\/litteraturbanken.se\/ljudochbild\/upplasare\/lassgardr\/","name":"Rolf Lassg\u00e5rd - Ljud &amp; Bild","isPartOf":{"@id":"https:\/\/litteraturbanken.se\/ljudochbild\/#website"},"primaryImageOfPage":{"@id":"https:\/\/litteraturbanken.se\/ljudochbild\/upplasare\/lassgardr\/#primaryimage"},"image":{"@id":"https:\/\/litteraturbanken.se\/ljudochbild\/upplasare\/lassgardr\/#primaryimage"},"thumbnailUrl":"https:\/\/litteraturbanken.se\/ljudochbild\/wp-content\/uploads\/2024\/09\/rolflassgard-740x1024.jpg","datePublished":"2024-09-11T12:45:18+00:00","dateModified":"2024-09-12T09:03:14+00:00","breadcrumb":{"@id":"https:\/\/litteraturbanken.se\/ljudochbild\/upplasare\/lassgardr\/#breadcrumb"},"inLanguage":"sv-SE","potentialAction":[{"@type":"ReadAction","target":["https:\/\/litteraturbanken.se\/ljudochbild\/upplasare\/lassgardr\/"]}]},{"@type":"ImageObject","inLanguage":"sv-SE","@id":"https:\/\/litteraturbanken.se\/ljudochbild\/upplasare\/lassgardr\/#primaryimage","url":"https:\/\/litteraturbanken.se\/ljudochbild\/wp-content\/uploads\/2024\/09\/rolflassgard.jpg","contentUrl":"https:\/\/litteraturbanken.se\/ljudochbild\/wp-content\/uploads\/2024\/09\/rolflassgard.jpg","width":1200,"height":1661},{"@type":"BreadcrumbList","@id":"https:\/\/litteraturbanken.se\/ljudochbild\/upplasare\/lassgardr\/#breadcrumb","itemListElement":[{"@type":"ListItem","position":1,"name":"Hem","item":"https:\/\/litteraturbanken.se\/ljudochbild\/"},{"@type":"ListItem","position":2,"name":"Privat: Uppl\u00e4sare","item":"https:\/\/litteraturbanken.se\/ljudochbild\/?page_id=8"},{"@type":"ListItem","position":3,"name":"Rolf Lassg\u00e5rd"}]},{"@type":"WebSite","@id":"https:\/\/litteraturbanken.se\/ljudochbild\/#website","url":"https:\/\/litteraturbanken.se\/ljudochbild\/","name":"Ljud & Bild","description":"Ur Litteraturbankens samlingar","potentialAction":[{"@type":"SearchAction","target":{"@type":"EntryPoint","urlTemplate":"https:\/\/litteraturbanken.se\/ljudochbild\/?s={search_term_string}"},"query-input":{"@type":"PropertyValueSpecification","valueRequired":true,"valueName":"search_term_string"}}],"inLanguage":"sv-SE"}]}},"_links":{"self":[{"href":"https:\/\/litteraturbanken.se\/ljudochbild\/wp-json\/wp\/v2\/pages\/11887","targetHints":{"allow":["GET"]}}],"collection":[{"href":"https:\/\/litteraturbanken.se\/ljudochbild\/wp-json\/wp\/v2\/pages"}],"about":[{"href":"https:\/\/litteraturbanken.se\/ljudochbild\/wp-json\/wp\/v2\/types\/page"}],"author":[{"embeddable":true,"href":"https:\/\/litteraturbanken.se\/ljudochbild\/wp-json\/wp\/v2\/users\/5"}],"replies":[{"embeddable":true,"href":"https:\/\/litteraturbanken.se\/ljudochbild\/wp-json\/wp\/v2\/comments?post=11887"}],"version-history":[{"count":3,"href":"https:\/\/litteraturbanken.se\/ljudochbild\/wp-json\/wp\/v2\/pages\/11887\/revisions"}],"predecessor-version":[{"id":11994,"href":"https:\/\/litteraturbanken.se\/ljudochbild\/wp-json\/wp\/v2\/pages\/11887\/revisions\/11994"}],"up":[{"embeddable":true,"href":"https:\/\/litteraturbanken.se\/ljudochbild\/wp-json\/wp\/v2\/pages\/8"}],"wp:attachment":[{"href":"https:\/\/litteraturbanken.se\/ljudochbild\/wp-json\/wp\/v2\/media?parent=11887"}],"curies":[{"name":"wp","href":"https:\/\/api.w.org\/{rel}","templated":true}]}}