{"id":11916,"date":"2024-09-20T08:38:24","date_gmt":"2024-09-20T06:38:24","guid":{"rendered":"https:\/\/litteraturbanken.se\/ljudochbild\/?page_id=11916"},"modified":"2026-01-16T09:49:11","modified_gmt":"2026-01-16T08:49:11","slug":"linderehj","status":"publish","type":"page","link":"https:\/\/litteraturbanken.se\/ljudochbild\/upplasare\/linderehj\/","title":{"rendered":"Erik Hjalmar Linder"},"content":{"rendered":"<div class=\"wp-block-image\">\n<figure class=\"alignright size-large is-resized\"><img loading=\"lazy\" decoding=\"async\" width=\"742\" height=\"1024\" src=\"https:\/\/litteraturbanken.se\/ljudochbild\/wp-content\/uploads\/2024\/09\/erikhjalmarlinder-742x1024.jpg\" alt=\"Erik Hjalmar Linder\" class=\"wp-image-12445\" style=\"width:174px;height:auto\" srcset=\"https:\/\/litteraturbanken.se\/ljudochbild\/wp-content\/uploads\/2024\/09\/erikhjalmarlinder-742x1024.jpg 742w, https:\/\/litteraturbanken.se\/ljudochbild\/wp-content\/uploads\/2024\/09\/erikhjalmarlinder-217x300.jpg 217w, https:\/\/litteraturbanken.se\/ljudochbild\/wp-content\/uploads\/2024\/09\/erikhjalmarlinder-768x1060.jpg 768w, https:\/\/litteraturbanken.se\/ljudochbild\/wp-content\/uploads\/2024\/09\/erikhjalmarlinder-1112x1536.jpg 1112w, https:\/\/litteraturbanken.se\/ljudochbild\/wp-content\/uploads\/2024\/09\/erikhjalmarlinder-480x663.jpg 480w, https:\/\/litteraturbanken.se\/ljudochbild\/wp-content\/uploads\/2024\/09\/erikhjalmarlinder.jpg 1200w\" sizes=\"auto, (max-width: 742px) 100vw, 742px\" \/><\/figure>\n<\/div>\n\n\n<p>F\u00f6rfattaren Erik Hjalmar Linder framtr\u00e4der i Litteraturbankens ljudsamlingar som tolkare av sex visor ur Birger Sj\u00f6bergs <em><a href=\"https:\/\/litteraturbanken.se\/f%C3%B6rfattare\/Sj%C3%B6bergB\/titlar\/FridasBok\/sida\/III\/etext\" target=\"_blank\" rel=\"noreferrer noopener\">Fridas bok<\/a><\/em> (1922). Inspelningarna \u00e4r saxade ur ett par radioprogram som s\u00e4ndes \u00e5ren 1949\u20131950<\/p>\n\n\n\n<div style=\"height:15px\" aria-hidden=\"true\" class=\"wp-block-spacer\"><\/div>\n\n\n<div class=\"wp-playlist wp-audio-playlist wp-playlist-light\">\n\t\t\t<div class=\"wp-playlist-current-item\"><\/div>\n\t\t<audio controls=\"controls\" preload=\"none\" width=\"618\"\n\t\t\t><\/audio>\n\t<div class=\"wp-playlist-next\"><\/div>\n\t<div class=\"wp-playlist-prev\"><\/div>\n\t<noscript>\n\t<ol>\n\t\t<li><a href='https:\/\/litteraturbanken.se\/ljudochbild\/wp-content\/uploads\/2023\/11\/sjoberg_basenssorg_linder.mp3'>Basens sorg<\/a><\/li><li><a href='https:\/\/litteraturbanken.se\/ljudochbild\/wp-content\/uploads\/2023\/11\/sjoberg_fridaivarstadningen_linder.mp3'>Frida i v\u00e5rst\u00e4dningen<\/a><\/li><li><a href='https:\/\/litteraturbanken.se\/ljudochbild\/wp-content\/uploads\/2023\/11\/sjoberg_havrekungenso\u0308_linder.mp3'>Havrekungens arv<\/a><\/li><li><a href='https:\/\/litteraturbanken.se\/ljudochbild\/wp-content\/uploads\/2023\/11\/sjoberg_omkanalernapamars_linder.mp3'>Om kanalerna p\u00e5 Mars<\/a><\/li><li><a href='https:\/\/litteraturbanken.se\/ljudochbild\/wp-content\/uploads\/2023\/11\/sjoberg_pabegaran_linder.mp3'>P\u00e5 beg\u00e4ran<\/a><\/li><li><a href='https:\/\/litteraturbanken.se\/ljudochbild\/wp-content\/uploads\/2023\/11\/sjoberg_slappfangarneloss_linder.mp3'>Sl\u00e4pp f\u00e5ngarne loss!<\/a><\/li>\t<\/ol>\n\t<\/noscript>\n\t<script type=\"application\/json\" class=\"wp-playlist-script\">{\"type\":\"audio\",\"tracklist\":true,\"tracknumbers\":true,\"images\":true,\"artists\":true,\"tracks\":[{\"src\":\"https:\/\/litteraturbanken.se\/ljudochbild\/wp-content\/uploads\/2023\/11\/sjoberg_basenssorg_linder.mp3\",\"type\":\"audio\/mpeg\",\"title\":\"Basens sorg\",\"caption\":\"\",\"description\":\"\\u201dBasens sorg\\u201d fr\\u00e5n Birger Sj\\u00f6berg av Erik Hjalmar Linder sjunger Birger Sj\\u00f6berg i Sveriges Radio.\",\"meta\":{\"artist\":\"Erik Hjalmar Linder framf\\u00f6r Birger Sj\\u00f6berg i Sveriges Radio\",\"album\":\"Birger Sj\\u00f6berg\",\"length_formatted\":\"2:41\"},\"image\":{\"src\":\"https:\/\/litteraturbanken.se\/ljudochbild\/wp-content\/uploads\/2019\/09\/wide_gub_wide-mp3-image.png\",\"width\":580,\"height\":612},\"thumb\":{\"src\":\"https:\/\/litteraturbanken.se\/ljudochbild\/wp-content\/uploads\/2019\/09\/wide_gub_wide-mp3-image-150x150.png\",\"width\":150,\"height\":150}},{\"src\":\"https:\/\/litteraturbanken.se\/ljudochbild\/wp-content\/uploads\/2023\/11\/sjoberg_fridaivarstadningen_linder.mp3\",\"type\":\"audio\/mpeg\",\"title\":\"Frida i v\\u00e5rst\\u00e4dningen\",\"caption\":\"\",\"description\":\"\\u201dFrida i v\\u00e5rst\\u00e4dningen\\u201d fr\\u00e5n Birger Sj\\u00f6berg av Erik Hjalmar Linder sjunger Birger Sj\\u00f6berg i Sveriges Radio.\",\"meta\":{\"artist\":\"Erik Hjalmar Linder framf\\u00f6r Birger Sj\\u00f6berg i Sveriges Radio\",\"album\":\"Birger Sj\\u00f6berg\",\"length_formatted\":\"2:16\"},\"image\":{\"src\":\"https:\/\/litteraturbanken.se\/ljudochbild\/wp-content\/uploads\/2019\/09\/wide_gub_wide-mp3-image.png\",\"width\":580,\"height\":612},\"thumb\":{\"src\":\"https:\/\/litteraturbanken.se\/ljudochbild\/wp-content\/uploads\/2019\/09\/wide_gub_wide-mp3-image-150x150.png\",\"width\":150,\"height\":150}},{\"src\":\"https:\/\/litteraturbanken.se\/ljudochbild\/wp-content\/uploads\/2023\/11\/sjoberg_havrekungenso\\u0308_linder.mp3\",\"type\":\"audio\/mpeg\",\"title\":\"Havrekungens arv\",\"caption\":\"\",\"description\":\"\\u201dHavrekungens arv\\u201d fr\\u00e5n Birger Sj\\u00f6berg av Erik Hjalmar Linder sjunger Birger Sj\\u00f6berg i Sveriges Radio.\",\"meta\":{\"artist\":\"Erik Hjalmar Linder framf\\u00f6r Birger Sj\\u00f6berg i Sveriges Radio\",\"album\":\"Birger Sj\\u00f6berg\",\"length_formatted\":\"2:21\"},\"image\":{\"src\":\"https:\/\/litteraturbanken.se\/ljudochbild\/wp-content\/uploads\/2019\/09\/wide_gub_wide-mp3-image.png\",\"width\":580,\"height\":612},\"thumb\":{\"src\":\"https:\/\/litteraturbanken.se\/ljudochbild\/wp-content\/uploads\/2019\/09\/wide_gub_wide-mp3-image-150x150.png\",\"width\":150,\"height\":150}},{\"src\":\"https:\/\/litteraturbanken.se\/ljudochbild\/wp-content\/uploads\/2023\/11\/sjoberg_omkanalernapamars_linder.mp3\",\"type\":\"audio\/mpeg\",\"title\":\"Om kanalerna p\\u00e5 Mars\",\"caption\":\"\",\"description\":\"\\u201dOm kanalerna p\\u00e5 Mars\\u201d fr\\u00e5n Birger Sj\\u00f6berg av Erik Hjalmar Linder sjunger Birger Sj\\u00f6berg i Sveriges Radio.\",\"meta\":{\"artist\":\"Erik Hjalmar Linder sjunger Birger Sj\\u00f6berg i Sveriges Radio\",\"album\":\"Birger Sj\\u00f6berg\",\"length_formatted\":\"1:23\"},\"image\":{\"src\":\"https:\/\/litteraturbanken.se\/ljudochbild\/wp-content\/uploads\/2019\/09\/wide_gub_wide-mp3-image.png\",\"width\":580,\"height\":612},\"thumb\":{\"src\":\"https:\/\/litteraturbanken.se\/ljudochbild\/wp-content\/uploads\/2019\/09\/wide_gub_wide-mp3-image-150x150.png\",\"width\":150,\"height\":150}},{\"src\":\"https:\/\/litteraturbanken.se\/ljudochbild\/wp-content\/uploads\/2023\/11\/sjoberg_pabegaran_linder.mp3\",\"type\":\"audio\/mpeg\",\"title\":\"P\\u00e5 beg\\u00e4ran\",\"caption\":\"\",\"description\":\"\\u201dP\\u00e5 beg\\u00e4ran\\u201d fr\\u00e5n Birger Sj\\u00f6berg av Erik Hjalmar Linder sjunger Birger Sj\\u00f6berg i Sveriges Radio.\",\"meta\":{\"artist\":\"Erik Hjalmar Linder framf\\u00f6r Birger Sj\\u00f6berg i Sveriges Radio\",\"album\":\"Birger Sj\\u00f6berg\",\"length_formatted\":\"4:46\"},\"image\":{\"src\":\"https:\/\/litteraturbanken.se\/ljudochbild\/wp-content\/uploads\/2019\/09\/wide_gub_wide-mp3-image.png\",\"width\":580,\"height\":612},\"thumb\":{\"src\":\"https:\/\/litteraturbanken.se\/ljudochbild\/wp-content\/uploads\/2019\/09\/wide_gub_wide-mp3-image-150x150.png\",\"width\":150,\"height\":150}},{\"src\":\"https:\/\/litteraturbanken.se\/ljudochbild\/wp-content\/uploads\/2023\/11\/sjoberg_slappfangarneloss_linder.mp3\",\"type\":\"audio\/mpeg\",\"title\":\"Sl\\u00e4pp f\\u00e5ngarne loss!\",\"caption\":\"\",\"description\":\"\\u201dSl\\u00e4pp f\\u00e5ngarne loss!\\u201d fr\\u00e5n Birger Sj\\u00f6berg av Erik Hjalmar Linder sjunger Birger Sj\\u00f6berg i Sveriges Radio.\",\"meta\":{\"artist\":\"Erik Hjalmar Linder framf\\u00f6r Birger Sj\\u00f6berg i Sveriges Radio\",\"album\":\"Birger Sj\\u00f6berg\",\"length_formatted\":\"3:37\"},\"image\":{\"src\":\"https:\/\/litteraturbanken.se\/ljudochbild\/wp-content\/uploads\/2019\/09\/wide_gub_wide-mp3-image.png\",\"width\":580,\"height\":612},\"thumb\":{\"src\":\"https:\/\/litteraturbanken.se\/ljudochbild\/wp-content\/uploads\/2019\/09\/wide_gub_wide-mp3-image-150x150.png\",\"width\":150,\"height\":150}}]}<\/script>\n<\/div>\n\t\n\n\n\n<hr class=\"wp-block-separator has-alpha-channel-opacity\"\/>\n\n\n\n<p><em>Inspelningarna tillg\u00e4ngligg\u00f6rs h\u00e4r med tillst\u00e5nd fr\u00e5n Sveriges Radio. \u2013 Fotografiet av Erik Hjalmar Linder har vi l\u00e5nat fr\u00e5n <a href=\"https:\/\/digitaltmuseum.se\/0210113151950\/portratt-1959\" target=\"_blank\" rel=\"noreferrer noopener\">\u00d6rebro stadsbibliotek<\/a> (<a href=\"https:\/\/creativecommons.org\/licenses\/by\/4.0\/deed.sv\" target=\"_blank\" rel=\"noreferrer noopener\">CC BY<\/a>)<\/em>.<\/p>\n","protected":false},"excerpt":{"rendered":"<p>F\u00f6rfattaren Erik Hjalmar Linder framtr\u00e4der i Litteraturbankens ljudsamlingar som tolkare av sex visor ur Birger Sj\u00f6bergs Fridas bok (1922). Inspelningarna \u00e4r saxade ur ett par radioprogram som s\u00e4ndes \u00e5ren 1949\u20131950 Inspelningarna tillg\u00e4ngligg\u00f6rs h\u00e4r med tillst\u00e5nd fr\u00e5n Sveriges Radio. [&hellip;]<\/p>\n","protected":false},"author":5,"featured_media":12445,"parent":8,"menu_order":0,"comment_status":"closed","ping_status":"closed","template":"","meta":{"footnotes":""},"class_list":["post-11916","page","type-page","status-publish","has-post-thumbnail","hentry"],"yoast_head":"<!-- This site is optimized with the Yoast SEO plugin v27.1.1 - https:\/\/yoast.com\/product\/yoast-seo-wordpress\/ -->\n<title>Erik Hjalmar Linder - Ljud &amp; Bild<\/title>\n<meta name=\"robots\" content=\"index, follow, max-snippet:-1, max-image-preview:large, max-video-preview:-1\" \/>\n<link rel=\"canonical\" href=\"https:\/\/litteraturbanken.se\/ljudochbild\/upplasare\/linderehj\/\" \/>\n<meta property=\"og:locale\" content=\"sv_SE\" \/>\n<meta property=\"og:type\" content=\"article\" \/>\n<meta property=\"og:title\" content=\"Erik Hjalmar Linder - Ljud &amp; Bild\" \/>\n<meta property=\"og:description\" content=\"F\u00f6rfattaren Erik Hjalmar Linder framtr\u00e4der i Litteraturbankens ljudsamlingar som tolkare av sex visor ur Birger Sj\u00f6bergs Fridas bok (1922). Inspelningarna \u00e4r saxade ur ett par radioprogram som s\u00e4ndes \u00e5ren 1949\u20131950 Inspelningarna tillg\u00e4ngligg\u00f6rs h\u00e4r med tillst\u00e5nd fr\u00e5n Sveriges Radio. [&hellip;]\" \/>\n<meta property=\"og:url\" content=\"https:\/\/litteraturbanken.se\/ljudochbild\/upplasare\/linderehj\/\" \/>\n<meta property=\"og:site_name\" content=\"Ljud &amp; Bild\" \/>\n<meta property=\"article:publisher\" content=\"https:\/\/www.facebook.com\/Litteraturbanken.se\" \/>\n<meta property=\"article:modified_time\" content=\"2026-01-16T08:49:11+00:00\" \/>\n<meta property=\"og:image\" content=\"https:\/\/litteraturbanken.se\/ljudochbild\/wp-content\/uploads\/2024\/09\/erikhjalmarlinder.jpg\" \/>\n\t<meta property=\"og:image:width\" content=\"1200\" \/>\n\t<meta property=\"og:image:height\" content=\"1657\" \/>\n\t<meta property=\"og:image:type\" content=\"image\/jpeg\" \/>\n<meta name=\"twitter:card\" content=\"summary_large_image\" \/>\n<meta name=\"twitter:site\" content=\"@litteraturbank\" \/>\n<meta name=\"twitter:label1\" content=\"Ber\u00e4knad l\u00e4stid\" \/>\n\t<meta name=\"twitter:data1\" content=\"1 minut\" \/>\n<script type=\"application\/ld+json\" class=\"yoast-schema-graph\">{\"@context\":\"https:\/\/schema.org\",\"@graph\":[{\"@type\":\"WebPage\",\"@id\":\"https:\/\/litteraturbanken.se\/ljudochbild\/upplasare\/linderehj\/\",\"url\":\"https:\/\/litteraturbanken.se\/ljudochbild\/upplasare\/linderehj\/\",\"name\":\"Erik Hjalmar Linder - Ljud &amp; Bild\",\"isPartOf\":{\"@id\":\"https:\/\/litteraturbanken.se\/ljudochbild\/#website\"},\"primaryImageOfPage\":{\"@id\":\"https:\/\/litteraturbanken.se\/ljudochbild\/upplasare\/linderehj\/#primaryimage\"},\"image\":{\"@id\":\"https:\/\/litteraturbanken.se\/ljudochbild\/upplasare\/linderehj\/#primaryimage\"},\"thumbnailUrl\":\"https:\/\/litteraturbanken.se\/ljudochbild\/wp-content\/uploads\/2024\/09\/erikhjalmarlinder.jpg\",\"datePublished\":\"2024-09-20T06:38:24+00:00\",\"dateModified\":\"2026-01-16T08:49:11+00:00\",\"breadcrumb\":{\"@id\":\"https:\/\/litteraturbanken.se\/ljudochbild\/upplasare\/linderehj\/#breadcrumb\"},\"inLanguage\":\"sv-SE\",\"potentialAction\":[{\"@type\":\"ReadAction\",\"target\":[\"https:\/\/litteraturbanken.se\/ljudochbild\/upplasare\/linderehj\/\"]}]},{\"@type\":\"ImageObject\",\"inLanguage\":\"sv-SE\",\"@id\":\"https:\/\/litteraturbanken.se\/ljudochbild\/upplasare\/linderehj\/#primaryimage\",\"url\":\"https:\/\/litteraturbanken.se\/ljudochbild\/wp-content\/uploads\/2024\/09\/erikhjalmarlinder.jpg\",\"contentUrl\":\"https:\/\/litteraturbanken.se\/ljudochbild\/wp-content\/uploads\/2024\/09\/erikhjalmarlinder.jpg\",\"width\":1200,\"height\":1657,\"caption\":\"Erik Hjalmar Linder\"},{\"@type\":\"BreadcrumbList\",\"@id\":\"https:\/\/litteraturbanken.se\/ljudochbild\/upplasare\/linderehj\/#breadcrumb\",\"itemListElement\":[{\"@type\":\"ListItem\",\"position\":1,\"name\":\"Hem\",\"item\":\"https:\/\/litteraturbanken.se\/ljudochbild\/\"},{\"@type\":\"ListItem\",\"position\":2,\"name\":\"Privat: Uppl\u00e4sare\",\"item\":\"https:\/\/litteraturbanken.se\/ljudochbild\/?page_id=8\"},{\"@type\":\"ListItem\",\"position\":3,\"name\":\"Erik Hjalmar Linder\"}]},{\"@type\":\"WebSite\",\"@id\":\"https:\/\/litteraturbanken.se\/ljudochbild\/#website\",\"url\":\"https:\/\/litteraturbanken.se\/ljudochbild\/\",\"name\":\"Ljud & Bild\",\"description\":\"Ur Litteraturbankens samlingar\",\"potentialAction\":[{\"@type\":\"SearchAction\",\"target\":{\"@type\":\"EntryPoint\",\"urlTemplate\":\"https:\/\/litteraturbanken.se\/ljudochbild\/?s={search_term_string}\"},\"query-input\":{\"@type\":\"PropertyValueSpecification\",\"valueRequired\":true,\"valueName\":\"search_term_string\"}}],\"inLanguage\":\"sv-SE\"}]}<\/script>\n<!-- \/ Yoast SEO plugin. -->","yoast_head_json":{"title":"Erik Hjalmar Linder - Ljud &amp; Bild","robots":{"index":"index","follow":"follow","max-snippet":"max-snippet:-1","max-image-preview":"max-image-preview:large","max-video-preview":"max-video-preview:-1"},"canonical":"https:\/\/litteraturbanken.se\/ljudochbild\/upplasare\/linderehj\/","og_locale":"sv_SE","og_type":"article","og_title":"Erik Hjalmar Linder - Ljud &amp; Bild","og_description":"F\u00f6rfattaren Erik Hjalmar Linder framtr\u00e4der i Litteraturbankens ljudsamlingar som tolkare av sex visor ur Birger Sj\u00f6bergs Fridas bok (1922). Inspelningarna \u00e4r saxade ur ett par radioprogram som s\u00e4ndes \u00e5ren 1949\u20131950 Inspelningarna tillg\u00e4ngligg\u00f6rs h\u00e4r med tillst\u00e5nd fr\u00e5n Sveriges Radio. [&hellip;]","og_url":"https:\/\/litteraturbanken.se\/ljudochbild\/upplasare\/linderehj\/","og_site_name":"Ljud &amp; Bild","article_publisher":"https:\/\/www.facebook.com\/Litteraturbanken.se","article_modified_time":"2026-01-16T08:49:11+00:00","og_image":[{"width":1200,"height":1657,"url":"https:\/\/litteraturbanken.se\/ljudochbild\/wp-content\/uploads\/2024\/09\/erikhjalmarlinder.jpg","type":"image\/jpeg"}],"twitter_card":"summary_large_image","twitter_site":"@litteraturbank","twitter_misc":{"Ber\u00e4knad l\u00e4stid":"1 minut"},"schema":{"@context":"https:\/\/schema.org","@graph":[{"@type":"WebPage","@id":"https:\/\/litteraturbanken.se\/ljudochbild\/upplasare\/linderehj\/","url":"https:\/\/litteraturbanken.se\/ljudochbild\/upplasare\/linderehj\/","name":"Erik Hjalmar Linder - Ljud &amp; Bild","isPartOf":{"@id":"https:\/\/litteraturbanken.se\/ljudochbild\/#website"},"primaryImageOfPage":{"@id":"https:\/\/litteraturbanken.se\/ljudochbild\/upplasare\/linderehj\/#primaryimage"},"image":{"@id":"https:\/\/litteraturbanken.se\/ljudochbild\/upplasare\/linderehj\/#primaryimage"},"thumbnailUrl":"https:\/\/litteraturbanken.se\/ljudochbild\/wp-content\/uploads\/2024\/09\/erikhjalmarlinder.jpg","datePublished":"2024-09-20T06:38:24+00:00","dateModified":"2026-01-16T08:49:11+00:00","breadcrumb":{"@id":"https:\/\/litteraturbanken.se\/ljudochbild\/upplasare\/linderehj\/#breadcrumb"},"inLanguage":"sv-SE","potentialAction":[{"@type":"ReadAction","target":["https:\/\/litteraturbanken.se\/ljudochbild\/upplasare\/linderehj\/"]}]},{"@type":"ImageObject","inLanguage":"sv-SE","@id":"https:\/\/litteraturbanken.se\/ljudochbild\/upplasare\/linderehj\/#primaryimage","url":"https:\/\/litteraturbanken.se\/ljudochbild\/wp-content\/uploads\/2024\/09\/erikhjalmarlinder.jpg","contentUrl":"https:\/\/litteraturbanken.se\/ljudochbild\/wp-content\/uploads\/2024\/09\/erikhjalmarlinder.jpg","width":1200,"height":1657,"caption":"Erik Hjalmar Linder"},{"@type":"BreadcrumbList","@id":"https:\/\/litteraturbanken.se\/ljudochbild\/upplasare\/linderehj\/#breadcrumb","itemListElement":[{"@type":"ListItem","position":1,"name":"Hem","item":"https:\/\/litteraturbanken.se\/ljudochbild\/"},{"@type":"ListItem","position":2,"name":"Privat: Uppl\u00e4sare","item":"https:\/\/litteraturbanken.se\/ljudochbild\/?page_id=8"},{"@type":"ListItem","position":3,"name":"Erik Hjalmar Linder"}]},{"@type":"WebSite","@id":"https:\/\/litteraturbanken.se\/ljudochbild\/#website","url":"https:\/\/litteraturbanken.se\/ljudochbild\/","name":"Ljud & Bild","description":"Ur Litteraturbankens samlingar","potentialAction":[{"@type":"SearchAction","target":{"@type":"EntryPoint","urlTemplate":"https:\/\/litteraturbanken.se\/ljudochbild\/?s={search_term_string}"},"query-input":{"@type":"PropertyValueSpecification","valueRequired":true,"valueName":"search_term_string"}}],"inLanguage":"sv-SE"}]}},"_links":{"self":[{"href":"https:\/\/litteraturbanken.se\/ljudochbild\/wp-json\/wp\/v2\/pages\/11916","targetHints":{"allow":["GET"]}}],"collection":[{"href":"https:\/\/litteraturbanken.se\/ljudochbild\/wp-json\/wp\/v2\/pages"}],"about":[{"href":"https:\/\/litteraturbanken.se\/ljudochbild\/wp-json\/wp\/v2\/types\/page"}],"author":[{"embeddable":true,"href":"https:\/\/litteraturbanken.se\/ljudochbild\/wp-json\/wp\/v2\/users\/5"}],"replies":[{"embeddable":true,"href":"https:\/\/litteraturbanken.se\/ljudochbild\/wp-json\/wp\/v2\/comments?post=11916"}],"version-history":[{"count":2,"href":"https:\/\/litteraturbanken.se\/ljudochbild\/wp-json\/wp\/v2\/pages\/11916\/revisions"}],"predecessor-version":[{"id":13427,"href":"https:\/\/litteraturbanken.se\/ljudochbild\/wp-json\/wp\/v2\/pages\/11916\/revisions\/13427"}],"up":[{"embeddable":true,"href":"https:\/\/litteraturbanken.se\/ljudochbild\/wp-json\/wp\/v2\/pages\/8"}],"wp:featuredmedia":[{"embeddable":true,"href":"https:\/\/litteraturbanken.se\/ljudochbild\/wp-json\/wp\/v2\/media\/12445"}],"wp:attachment":[{"href":"https:\/\/litteraturbanken.se\/ljudochbild\/wp-json\/wp\/v2\/media?parent=11916"}],"curies":[{"name":"wp","href":"https:\/\/api.w.org\/{rel}","templated":true}]}}