{"id":12712,"date":"2025-02-12T15:30:05","date_gmt":"2025-02-12T14:30:05","guid":{"rendered":"https:\/\/litteraturbanken.se\/ljudochbild\/?page_id=12712"},"modified":"2025-02-12T15:30:06","modified_gmt":"2025-02-12T14:30:06","slug":"fribergm","status":"publish","type":"page","link":"https:\/\/litteraturbanken.se\/ljudochbild\/forfattare\/fribergm\/","title":{"rendered":"Margit Friberg (1904\u20131997)"},"content":{"rendered":"<div class=\"wp-block-image\">\n<figure class=\"alignright size-large is-resized\"><img loading=\"lazy\" decoding=\"async\" width=\"707\" height=\"1024\" src=\"https:\/\/litteraturbanken.se\/ljudochbild\/wp-content\/uploads\/2025\/02\/Friberg_Margit-707x1024.jpg\" alt=\"Margit Friberg\" class=\"wp-image-12714\" style=\"width:172px;height:auto\" srcset=\"https:\/\/litteraturbanken.se\/ljudochbild\/wp-content\/uploads\/2025\/02\/Friberg_Margit-707x1024.jpg 707w, https:\/\/litteraturbanken.se\/ljudochbild\/wp-content\/uploads\/2025\/02\/Friberg_Margit-207x300.jpg 207w, https:\/\/litteraturbanken.se\/ljudochbild\/wp-content\/uploads\/2025\/02\/Friberg_Margit-768x1112.jpg 768w, https:\/\/litteraturbanken.se\/ljudochbild\/wp-content\/uploads\/2025\/02\/Friberg_Margit-480x695.jpg 480w, https:\/\/litteraturbanken.se\/ljudochbild\/wp-content\/uploads\/2025\/02\/Friberg_Margit.jpg 884w\" sizes=\"auto, (max-width: 707px) 100vw, 707px\" \/><\/figure>\n<\/div>\n\n\n<p>\u201dMargit Friberg skrev tio historiska romaner och var den f\u00f6rsta f\u00f6rfattaren som i romanform ber\u00e4ttade om \u00d6lands utveckling och \u00f6l\u00e4nningarnas liv. [&#8230;] Det var n\u00e4r Margit Friberg gick hemma och v\u00e4ntade barn som hon s\u00e5g en annons i\u00a0<em>Folket i Bild<\/em>\u00a0om en f\u00f6ljetongst\u00e4vling. Margit Friberg, som p\u00e5 lediga stunder b\u00f6rjat skriva sin egen sl\u00e4kts historia, skrev nu sin debutbok\u00a0<em>Mitt liv \u00e4r en v\u00e5g<\/em>. Den vann tredjepris i t\u00e4vlingen och gavs ut p\u00e5\u00a0<em>Folket i Bilds<\/em>\u00a0f\u00f6rlag 1942. Hon var d\u00e5 38 \u00e5r.\u201d<\/p>\n\n\n\n<p>Stycket ovan \u00e4r l\u00e5nat fr\u00e5n Margareta Liljas presentation av Margit Friberg hos <a href=\"https:\/\/www.skbl.se\/sv\/artikel\/MargitFriberg\" target=\"_blank\" rel=\"noreferrer noopener\">Svenskt kvinnobiografiskt lexikon<\/a>.<\/p>\n\n\n\n<div class=\"wp-block-buttons is-layout-flex wp-block-buttons-is-layout-flex\">\n<div class=\"wp-block-button has-custom-font-size read-more-button\" style=\"font-size:14px\"><a class=\"wp-block-button__link has-white-color has-text-color has-background wp-element-button\" href=\"https:\/\/skbl.se\/en\/article\/MargitFriberg\" style=\"border-radius:0px;background-color:#cd2400\" target=\"_blank\" rel=\"noopener\"><strong>L\u00c4S MER OM MARGIT FRIBERG<\/strong><\/a><\/div>\n\n\n\n<div class=\"wp-block-button has-custom-font-size read-more-button\" style=\"font-size:14px\"><a class=\"wp-block-button__link has-white-color has-text-color has-background wp-element-button\" href=\"https:\/\/litteraturbanken.se\/f\u00f6rfattare\/FribergM\/titlar\" style=\"border-radius:0px;background-color:#cd2400\" target=\"_blank\" rel=\"noopener\"><strong>L\u00c4S MARGIT FRIBERGS VERK HOS LB.SE<\/strong><\/a><\/div>\n<\/div>\n\n\n\n<div style=\"height:40px\" aria-hidden=\"true\" class=\"wp-block-spacer\"><\/div>\n\n\n\n<p>Ta dig vidare till Anna Cnattingius dokument\u00e4rfilm om Friberg: <a href=\"https:\/\/litteraturbanken.se\/ljudochbild\/2025\/02\/11\/margit-fribergs-oland\/\">\u201dMargit Fribergs \u00d6land\u201d (2015)<\/a>. I filmen m\u00f6ter man Fribergs dotter Inger Hasselbaum, poeten <a href=\"https:\/\/litteraturbanken.se\/f\u00f6rfattare\/Sj\u00f6grenL\">Lennart Sj\u00f6gren<\/a>, kastellanen p\u00e5 Borgholms Slott Jim Rudolfsson och f\u00f6rfattaren och journalisten Thorsten Jansson. Och m\u00e5nga fler. Tillsammans utforskar de \u00d6lands landskap och kustvatten som Friberg skildrade i sina historiska romaner.<\/p>\n\n\n\n<div style=\"height:2px\" aria-hidden=\"true\" class=\"wp-block-spacer\"><\/div>\n\n\n\n<hr class=\"wp-block-separator has-alpha-channel-opacity\"\/>\n\n\n\n<p><em>Fotografiet ovanf\u00f6r, taget av Tor Wiklund, har vi l\u00e5nat av <a href=\"https:\/\/skbl.se\/en\/article\/MargitFriberg\" target=\"_blank\" rel=\"noreferrer noopener\">Svenskt kvinnobiografiskt lexikon<\/a>.<\/em><\/p>\n\n\n<h3 class=\"wp-block-heading author-related-title\">L\u00e4s mer<\/h3>\r\n<div class=\"display-posts-listing grid\"><div class=\"listing-item\"><a class=\"image\" href=\"https:\/\/litteraturbanken.se\/ljudochbild\/2025\/02\/11\/margit-fribergs-oland\/\"><img loading=\"lazy\" decoding=\"async\" width=\"640\" height=\"853\" src=\"https:\/\/litteraturbanken.se\/ljudochbild\/wp-content\/uploads\/2025\/02\/margit_friberg-768x1024.jpg\" class=\"attachment-large size-large wp-post-image\" alt=\"Margit Friberg\" srcset=\"https:\/\/litteraturbanken.se\/ljudochbild\/wp-content\/uploads\/2025\/02\/margit_friberg-768x1024.jpg 768w, https:\/\/litteraturbanken.se\/ljudochbild\/wp-content\/uploads\/2025\/02\/margit_friberg-225x300.jpg 225w, https:\/\/litteraturbanken.se\/ljudochbild\/wp-content\/uploads\/2025\/02\/margit_friberg-1152x1536.jpg 1152w, https:\/\/litteraturbanken.se\/ljudochbild\/wp-content\/uploads\/2025\/02\/margit_friberg-480x640.jpg 480w, https:\/\/litteraturbanken.se\/ljudochbild\/wp-content\/uploads\/2025\/02\/margit_friberg.jpg 1200w\" sizes=\"auto, (max-width: 640px) 100vw, 640px\" \/><\/a> <a class=\"title\" href=\"https:\/\/litteraturbanken.se\/ljudochbild\/2025\/02\/11\/margit-fribergs-oland\/\">Margit Fribergs \u00d6land<\/a><\/div><\/div>\r\n\r\n\n","protected":false},"excerpt":{"rendered":"<p>\u201dMargit Friberg skrev tio historiska romaner och var den f\u00f6rsta f\u00f6rfattaren som i romanform ber\u00e4ttade om \u00d6lands utveckling och \u00f6l\u00e4nningarnas liv. [&#8230;] Det var n\u00e4r Margit Friberg gick hemma och v\u00e4ntade barn som hon s\u00e5g en annons i\u00a0Folket [&hellip;]<\/p>\n","protected":false},"author":5,"featured_media":12714,"parent":7,"menu_order":0,"comment_status":"closed","ping_status":"closed","template":"","meta":{"footnotes":""},"class_list":["post-12712","page","type-page","status-publish","has-post-thumbnail","hentry"],"yoast_head":"<!-- This site is optimized with the Yoast SEO plugin v27.1.1 - https:\/\/yoast.com\/product\/yoast-seo-wordpress\/ -->\n<title>Margit Friberg (1904\u20131997) - Ljud &amp; Bild<\/title>\n<meta name=\"robots\" content=\"index, follow, max-snippet:-1, max-image-preview:large, max-video-preview:-1\" \/>\n<link rel=\"canonical\" href=\"https:\/\/litteraturbanken.se\/ljudochbild\/forfattare\/fribergm\/\" \/>\n<meta property=\"og:locale\" content=\"sv_SE\" \/>\n<meta property=\"og:type\" content=\"article\" \/>\n<meta property=\"og:title\" content=\"Margit Friberg (1904\u20131997) - Ljud &amp; Bild\" \/>\n<meta property=\"og:description\" content=\"\u201dMargit Friberg skrev tio historiska romaner och var den f\u00f6rsta f\u00f6rfattaren som i romanform ber\u00e4ttade om \u00d6lands utveckling och \u00f6l\u00e4nningarnas liv. [&#8230;] Det var n\u00e4r Margit Friberg gick hemma och v\u00e4ntade barn som hon s\u00e5g en annons i\u00a0Folket [&hellip;]\" \/>\n<meta property=\"og:url\" content=\"https:\/\/litteraturbanken.se\/ljudochbild\/forfattare\/fribergm\/\" \/>\n<meta property=\"og:site_name\" content=\"Ljud &amp; Bild\" \/>\n<meta property=\"article:publisher\" content=\"https:\/\/www.facebook.com\/Litteraturbanken.se\" \/>\n<meta property=\"article:modified_time\" content=\"2025-02-12T14:30:06+00:00\" \/>\n<meta property=\"og:image\" content=\"https:\/\/litteraturbanken.se\/ljudochbild\/wp-content\/uploads\/2025\/02\/Friberg_Margit.jpg\" \/>\n\t<meta property=\"og:image:width\" content=\"884\" \/>\n\t<meta property=\"og:image:height\" content=\"1280\" \/>\n\t<meta property=\"og:image:type\" content=\"image\/jpeg\" \/>\n<meta name=\"twitter:card\" content=\"summary_large_image\" \/>\n<meta name=\"twitter:site\" content=\"@litteraturbank\" \/>\n<meta name=\"twitter:label1\" content=\"Ber\u00e4knad l\u00e4stid\" \/>\n\t<meta name=\"twitter:data1\" content=\"1 minut\" \/>\n<script type=\"application\/ld+json\" class=\"yoast-schema-graph\">{\"@context\":\"https:\/\/schema.org\",\"@graph\":[{\"@type\":\"WebPage\",\"@id\":\"https:\/\/litteraturbanken.se\/ljudochbild\/forfattare\/fribergm\/\",\"url\":\"https:\/\/litteraturbanken.se\/ljudochbild\/forfattare\/fribergm\/\",\"name\":\"Margit Friberg (1904\u20131997) - Ljud &amp; Bild\",\"isPartOf\":{\"@id\":\"https:\/\/litteraturbanken.se\/ljudochbild\/#website\"},\"primaryImageOfPage\":{\"@id\":\"https:\/\/litteraturbanken.se\/ljudochbild\/forfattare\/fribergm\/#primaryimage\"},\"image\":{\"@id\":\"https:\/\/litteraturbanken.se\/ljudochbild\/forfattare\/fribergm\/#primaryimage\"},\"thumbnailUrl\":\"https:\/\/litteraturbanken.se\/ljudochbild\/wp-content\/uploads\/2025\/02\/Friberg_Margit.jpg\",\"datePublished\":\"2025-02-12T14:30:05+00:00\",\"dateModified\":\"2025-02-12T14:30:06+00:00\",\"breadcrumb\":{\"@id\":\"https:\/\/litteraturbanken.se\/ljudochbild\/forfattare\/fribergm\/#breadcrumb\"},\"inLanguage\":\"sv-SE\",\"potentialAction\":[{\"@type\":\"ReadAction\",\"target\":[\"https:\/\/litteraturbanken.se\/ljudochbild\/forfattare\/fribergm\/\"]}]},{\"@type\":\"ImageObject\",\"inLanguage\":\"sv-SE\",\"@id\":\"https:\/\/litteraturbanken.se\/ljudochbild\/forfattare\/fribergm\/#primaryimage\",\"url\":\"https:\/\/litteraturbanken.se\/ljudochbild\/wp-content\/uploads\/2025\/02\/Friberg_Margit.jpg\",\"contentUrl\":\"https:\/\/litteraturbanken.se\/ljudochbild\/wp-content\/uploads\/2025\/02\/Friberg_Margit.jpg\",\"width\":884,\"height\":1280,\"caption\":\"Margit Friberg\"},{\"@type\":\"BreadcrumbList\",\"@id\":\"https:\/\/litteraturbanken.se\/ljudochbild\/forfattare\/fribergm\/#breadcrumb\",\"itemListElement\":[{\"@type\":\"ListItem\",\"position\":1,\"name\":\"Hem\",\"item\":\"https:\/\/litteraturbanken.se\/ljudochbild\/\"},{\"@type\":\"ListItem\",\"position\":2,\"name\":\"F\u00f6rfattare\",\"item\":\"https:\/\/litteraturbanken.se\/ljudochbild\/forfattare\/\"},{\"@type\":\"ListItem\",\"position\":3,\"name\":\"Margit Friberg (1904\u20131997)\"}]},{\"@type\":\"WebSite\",\"@id\":\"https:\/\/litteraturbanken.se\/ljudochbild\/#website\",\"url\":\"https:\/\/litteraturbanken.se\/ljudochbild\/\",\"name\":\"Ljud & Bild\",\"description\":\"Ur Litteraturbankens samlingar\",\"potentialAction\":[{\"@type\":\"SearchAction\",\"target\":{\"@type\":\"EntryPoint\",\"urlTemplate\":\"https:\/\/litteraturbanken.se\/ljudochbild\/?s={search_term_string}\"},\"query-input\":{\"@type\":\"PropertyValueSpecification\",\"valueRequired\":true,\"valueName\":\"search_term_string\"}}],\"inLanguage\":\"sv-SE\"}]}<\/script>\n<!-- \/ Yoast SEO plugin. -->","yoast_head_json":{"title":"Margit Friberg (1904\u20131997) - Ljud &amp; Bild","robots":{"index":"index","follow":"follow","max-snippet":"max-snippet:-1","max-image-preview":"max-image-preview:large","max-video-preview":"max-video-preview:-1"},"canonical":"https:\/\/litteraturbanken.se\/ljudochbild\/forfattare\/fribergm\/","og_locale":"sv_SE","og_type":"article","og_title":"Margit Friberg (1904\u20131997) - Ljud &amp; Bild","og_description":"\u201dMargit Friberg skrev tio historiska romaner och var den f\u00f6rsta f\u00f6rfattaren som i romanform ber\u00e4ttade om \u00d6lands utveckling och \u00f6l\u00e4nningarnas liv. [&#8230;] Det var n\u00e4r Margit Friberg gick hemma och v\u00e4ntade barn som hon s\u00e5g en annons i\u00a0Folket [&hellip;]","og_url":"https:\/\/litteraturbanken.se\/ljudochbild\/forfattare\/fribergm\/","og_site_name":"Ljud &amp; Bild","article_publisher":"https:\/\/www.facebook.com\/Litteraturbanken.se","article_modified_time":"2025-02-12T14:30:06+00:00","og_image":[{"width":884,"height":1280,"url":"https:\/\/litteraturbanken.se\/ljudochbild\/wp-content\/uploads\/2025\/02\/Friberg_Margit.jpg","type":"image\/jpeg"}],"twitter_card":"summary_large_image","twitter_site":"@litteraturbank","twitter_misc":{"Ber\u00e4knad l\u00e4stid":"1 minut"},"schema":{"@context":"https:\/\/schema.org","@graph":[{"@type":"WebPage","@id":"https:\/\/litteraturbanken.se\/ljudochbild\/forfattare\/fribergm\/","url":"https:\/\/litteraturbanken.se\/ljudochbild\/forfattare\/fribergm\/","name":"Margit Friberg (1904\u20131997) - Ljud &amp; Bild","isPartOf":{"@id":"https:\/\/litteraturbanken.se\/ljudochbild\/#website"},"primaryImageOfPage":{"@id":"https:\/\/litteraturbanken.se\/ljudochbild\/forfattare\/fribergm\/#primaryimage"},"image":{"@id":"https:\/\/litteraturbanken.se\/ljudochbild\/forfattare\/fribergm\/#primaryimage"},"thumbnailUrl":"https:\/\/litteraturbanken.se\/ljudochbild\/wp-content\/uploads\/2025\/02\/Friberg_Margit.jpg","datePublished":"2025-02-12T14:30:05+00:00","dateModified":"2025-02-12T14:30:06+00:00","breadcrumb":{"@id":"https:\/\/litteraturbanken.se\/ljudochbild\/forfattare\/fribergm\/#breadcrumb"},"inLanguage":"sv-SE","potentialAction":[{"@type":"ReadAction","target":["https:\/\/litteraturbanken.se\/ljudochbild\/forfattare\/fribergm\/"]}]},{"@type":"ImageObject","inLanguage":"sv-SE","@id":"https:\/\/litteraturbanken.se\/ljudochbild\/forfattare\/fribergm\/#primaryimage","url":"https:\/\/litteraturbanken.se\/ljudochbild\/wp-content\/uploads\/2025\/02\/Friberg_Margit.jpg","contentUrl":"https:\/\/litteraturbanken.se\/ljudochbild\/wp-content\/uploads\/2025\/02\/Friberg_Margit.jpg","width":884,"height":1280,"caption":"Margit Friberg"},{"@type":"BreadcrumbList","@id":"https:\/\/litteraturbanken.se\/ljudochbild\/forfattare\/fribergm\/#breadcrumb","itemListElement":[{"@type":"ListItem","position":1,"name":"Hem","item":"https:\/\/litteraturbanken.se\/ljudochbild\/"},{"@type":"ListItem","position":2,"name":"F\u00f6rfattare","item":"https:\/\/litteraturbanken.se\/ljudochbild\/forfattare\/"},{"@type":"ListItem","position":3,"name":"Margit Friberg (1904\u20131997)"}]},{"@type":"WebSite","@id":"https:\/\/litteraturbanken.se\/ljudochbild\/#website","url":"https:\/\/litteraturbanken.se\/ljudochbild\/","name":"Ljud & Bild","description":"Ur Litteraturbankens samlingar","potentialAction":[{"@type":"SearchAction","target":{"@type":"EntryPoint","urlTemplate":"https:\/\/litteraturbanken.se\/ljudochbild\/?s={search_term_string}"},"query-input":{"@type":"PropertyValueSpecification","valueRequired":true,"valueName":"search_term_string"}}],"inLanguage":"sv-SE"}]}},"_links":{"self":[{"href":"https:\/\/litteraturbanken.se\/ljudochbild\/wp-json\/wp\/v2\/pages\/12712","targetHints":{"allow":["GET"]}}],"collection":[{"href":"https:\/\/litteraturbanken.se\/ljudochbild\/wp-json\/wp\/v2\/pages"}],"about":[{"href":"https:\/\/litteraturbanken.se\/ljudochbild\/wp-json\/wp\/v2\/types\/page"}],"author":[{"embeddable":true,"href":"https:\/\/litteraturbanken.se\/ljudochbild\/wp-json\/wp\/v2\/users\/5"}],"replies":[{"embeddable":true,"href":"https:\/\/litteraturbanken.se\/ljudochbild\/wp-json\/wp\/v2\/comments?post=12712"}],"version-history":[{"count":8,"href":"https:\/\/litteraturbanken.se\/ljudochbild\/wp-json\/wp\/v2\/pages\/12712\/revisions"}],"predecessor-version":[{"id":12721,"href":"https:\/\/litteraturbanken.se\/ljudochbild\/wp-json\/wp\/v2\/pages\/12712\/revisions\/12721"}],"up":[{"embeddable":true,"href":"https:\/\/litteraturbanken.se\/ljudochbild\/wp-json\/wp\/v2\/pages\/7"}],"wp:featuredmedia":[{"embeddable":true,"href":"https:\/\/litteraturbanken.se\/ljudochbild\/wp-json\/wp\/v2\/media\/12714"}],"wp:attachment":[{"href":"https:\/\/litteraturbanken.se\/ljudochbild\/wp-json\/wp\/v2\/media?parent=12712"}],"curies":[{"name":"wp","href":"https:\/\/api.w.org\/{rel}","templated":true}]}}