{"id":12723,"date":"2025-02-27T13:23:33","date_gmt":"2025-02-27T12:23:33","guid":{"rendered":"https:\/\/litteraturbanken.se\/ljudochbild\/?page_id=12723"},"modified":"2025-03-05T11:33:18","modified_gmt":"2025-03-05T10:33:18","slug":"bengtssonfg","status":"publish","type":"page","link":"https:\/\/litteraturbanken.se\/ljudochbild\/forfattare\/bengtssonfg\/","title":{"rendered":"Frans G. Bengtsson (1894\u20131954)"},"content":{"rendered":"<div class=\"wp-block-image\">\n<figure class=\"alignright size-large is-resized\"><img loading=\"lazy\" decoding=\"async\" width=\"1024\" height=\"1002\" src=\"https:\/\/litteraturbanken.se\/ljudochbild\/wp-content\/uploads\/2025\/02\/fransgbengtsson_gunnarlundh2-1024x1002.jpg\" alt=\"Frans G. Bengtsson\" class=\"wp-image-12733\" style=\"width:213px;height:auto\" srcset=\"https:\/\/litteraturbanken.se\/ljudochbild\/wp-content\/uploads\/2025\/02\/fransgbengtsson_gunnarlundh2-1024x1002.jpg 1024w, https:\/\/litteraturbanken.se\/ljudochbild\/wp-content\/uploads\/2025\/02\/fransgbengtsson_gunnarlundh2-300x293.jpg 300w, https:\/\/litteraturbanken.se\/ljudochbild\/wp-content\/uploads\/2025\/02\/fransgbengtsson_gunnarlundh2-768x751.jpg 768w, https:\/\/litteraturbanken.se\/ljudochbild\/wp-content\/uploads\/2025\/02\/fransgbengtsson_gunnarlundh2-480x469.jpg 480w, https:\/\/litteraturbanken.se\/ljudochbild\/wp-content\/uploads\/2025\/02\/fransgbengtsson_gunnarlundh2.jpg 1184w\" sizes=\"auto, (max-width: 1024px) 100vw, 1024px\" \/><\/figure>\n<\/div>\n\n\n<p><a href=\"https:\/\/red.litteraturbanken.se\/f\u00f6rfattare\/BengtssonFG\" target=\"_blank\" rel=\"noreferrer noopener\">\u201dFRANS G. BENGTSSONs<\/a> f\u00f6rfattarskap \u2013 \u00f6verd\u00e5digt, underh\u00e5llande, utmanande \u2013 \u00e4r i ett avseende unikt. Han \u00e4r den svenska litteraturens ende b\u00e4sts\u00e4ljande ess\u00e4ist. (Stavningen ess\u00e4 skulle Bengtsson f\u00f6r \u00f6vrigt inte ha godk\u00e4nt; trots den eleganta form han gav sina f\u00f6rnamn Frans Gunnar och de associationer som d\u00e4rigenom v\u00e4cks till det franska var Bengtsson genomg\u00e5ende engelskorienterad och skrev genretermen essay.)\u201d<\/p>\n\n\n\n<p>Stycket ovan \u00e4r h\u00e4mtat fr\u00e5n Jonas Ellerstr\u00f6ms presentation av Frans G. Bengtsson. <\/p>\n\n\n\n<div class=\"wp-block-buttons is-layout-flex wp-block-buttons-is-layout-flex\">\n<div class=\"wp-block-button has-custom-font-size read-more-button\" style=\"font-size:14px\"><a class=\"wp-block-button__link has-white-color has-text-color has-background wp-element-button\" href=\"https:\/\/red.litteraturbanken.se\/f\u00f6rfattare\/Ellerstr\u00f6mJ\/titlar\/FransGBengtsson\/sida\/1\/etext\" style=\"border-radius:0px;background-color:#cd2400\" target=\"_blank\" rel=\"noopener\"><strong>L\u00c4S MER OM FRANS G. BENGTSSON<\/strong><\/a><\/div>\n\n\n\n<div class=\"wp-block-button has-custom-font-size read-more-button\" style=\"font-size:14px\"><a class=\"wp-block-button__link has-white-color has-text-color has-background wp-element-button\" href=\"https:\/\/litteraturbanken.se\/f\u00f6rfattare\/BengtssonFG\/titlar\" style=\"border-radius:0px;background-color:#cd2400\" target=\"_blank\" rel=\"noopener\"><strong>L\u00c4S BENGTSSONS VERK HOS LB.SE<\/strong><\/a><\/div>\n<\/div>\n\n\n\n<div style=\"height:20px\" aria-hidden=\"true\" class=\"wp-block-spacer\"><\/div>\n\n\n\n<div class=\"wp-playlist wp-audio-playlist wp-playlist-light\">\n\t\t\t<div class=\"wp-playlist-current-item\"><\/div>\n\t\t<audio controls=\"controls\" preload=\"none\" width=\"618\"\n\t\t\t><\/audio>\n\t<div class=\"wp-playlist-next\"><\/div>\n\t<div class=\"wp-playlist-prev\"><\/div>\n\t<noscript>\n\t<ol>\n\t\t<li><a href='https:\/\/litteraturbanken.se\/ljudochbild\/wp-content\/uploads\/2025\/02\/bengtsson_denunderbaraverkligheten_bengtsson.mp3'>Den underbara verkligheten<\/a><\/li><li><a href='https:\/\/litteraturbanken.se\/ljudochbild\/wp-content\/uploads\/2025\/02\/bengtsson_hantochsant_bengtsson.mp3'>H\u00e4nt och sant?<\/a><\/li><li><a href='https:\/\/litteraturbanken.se\/ljudochbild\/wp-content\/uploads\/2025\/02\/bengtsson_narjagblevforfattare_bengtsson.mp3'>N\u00e4r jag blev f\u00f6rfattare<\/a><\/li><li><a href='https:\/\/litteraturbanken.se\/ljudochbild\/wp-content\/uploads\/2025\/02\/bengtsson_segelsport_bengtsson.mp3'>Segelsport och sonetter<\/a><\/li>\t<\/ol>\n\t<\/noscript>\n\t<script type=\"application\/json\" class=\"wp-playlist-script\">{\"type\":\"audio\",\"tracklist\":true,\"tracknumbers\":true,\"images\":true,\"artists\":true,\"tracks\":[{\"src\":\"https:\/\/litteraturbanken.se\/ljudochbild\/wp-content\/uploads\/2025\/02\/bengtsson_denunderbaraverkligheten_bengtsson.mp3\",\"type\":\"audio\/mpeg\",\"title\":\"Den underbara verkligheten\",\"caption\":\"\",\"description\":\"\\u201dDen underbara verkligheten\\u201d fr\\u00e5n Frans G. Bengtsson av Frans G. Bengtsson i Sveriges Radio (1943). Sl\\u00e4ppt: 1943.\",\"meta\":{\"artist\":\"Frans G. Bengtsson i Sveriges Radio (1943)\",\"album\":\"Frans G. Bengtsson\",\"year\":\"1943\",\"length_formatted\":\"8:48\"},\"image\":{\"src\":\"https:\/\/litteraturbanken.se\/ljudochbild\/wp-content\/uploads\/2019\/09\/wide_gub_wide-mp3-image.png\",\"width\":580,\"height\":612},\"thumb\":{\"src\":\"https:\/\/litteraturbanken.se\/ljudochbild\/wp-content\/uploads\/2019\/09\/wide_gub_wide-mp3-image-150x150.png\",\"width\":150,\"height\":150}},{\"src\":\"https:\/\/litteraturbanken.se\/ljudochbild\/wp-content\/uploads\/2025\/02\/bengtsson_hantochsant_bengtsson.mp3\",\"type\":\"audio\/mpeg\",\"title\":\"H\\u00e4nt och sant?\",\"caption\":\"\",\"description\":\"\\u201dH\\u00e4nt och sant?\\u201d fr\\u00e5n Frans G. Bengtsson av Frans G. Bengtsson i Sveriges Radio (1942). Sl\\u00e4ppt: 1942.\",\"meta\":{\"artist\":\"Frans G. Bengtsson i Sveriges Radio (1942)\",\"album\":\"Frans G. Bengtsson\",\"year\":\"1942\",\"length_formatted\":\"24:12\"},\"image\":{\"src\":\"https:\/\/litteraturbanken.se\/ljudochbild\/wp-content\/uploads\/2019\/09\/wide_gub_wide-mp3-image.png\",\"width\":580,\"height\":612},\"thumb\":{\"src\":\"https:\/\/litteraturbanken.se\/ljudochbild\/wp-content\/uploads\/2019\/09\/wide_gub_wide-mp3-image-150x150.png\",\"width\":150,\"height\":150}},{\"src\":\"https:\/\/litteraturbanken.se\/ljudochbild\/wp-content\/uploads\/2025\/02\/bengtsson_narjagblevforfattare_bengtsson.mp3\",\"type\":\"audio\/mpeg\",\"title\":\"N\\u00e4r jag blev f\\u00f6rfattare\",\"caption\":\"\",\"description\":\"\\u201dN\\u00e4r jag blev f\\u00f6rfattare\\u201d fr\\u00e5n Frans G. Bengtsson av Frans G. Bengtsson i Sveriges Radio (1938). Sl\\u00e4ppt: 1938.\",\"meta\":{\"artist\":\"Frans G. Bengtsson i Sveriges Radio (1938)\",\"album\":\"Frans G. Bengtsson\",\"year\":\"1938\",\"length_formatted\":\"19:48\"},\"image\":{\"src\":\"https:\/\/litteraturbanken.se\/ljudochbild\/wp-content\/uploads\/2019\/09\/wide_gub_wide-mp3-image.png\",\"width\":580,\"height\":612},\"thumb\":{\"src\":\"https:\/\/litteraturbanken.se\/ljudochbild\/wp-content\/uploads\/2019\/09\/wide_gub_wide-mp3-image-150x150.png\",\"width\":150,\"height\":150}},{\"src\":\"https:\/\/litteraturbanken.se\/ljudochbild\/wp-content\/uploads\/2025\/02\/bengtsson_segelsport_bengtsson.mp3\",\"type\":\"audio\/mpeg\",\"title\":\"Segelsport och sonetter\",\"caption\":\"\",\"description\":\"\\u201dSegelsport och sonetter\\u201d fr\\u00e5n Frans G. Bengtsson av Frans G. Bengtsson i Sveriges Radio (1942). Sl\\u00e4ppt: 1942.\",\"meta\":{\"artist\":\"Frans G. Bengtsson i Sveriges Radio (1942)\",\"album\":\"Frans G. Bengtsson\",\"year\":\"1942\",\"length_formatted\":\"12:26\"},\"image\":{\"src\":\"https:\/\/litteraturbanken.se\/ljudochbild\/wp-content\/uploads\/2019\/09\/wide_gub_wide-mp3-image.png\",\"width\":580,\"height\":612},\"thumb\":{\"src\":\"https:\/\/litteraturbanken.se\/ljudochbild\/wp-content\/uploads\/2019\/09\/wide_gub_wide-mp3-image-150x150.png\",\"width\":150,\"height\":150}}]}<\/script>\n<\/div>\n\t\n\n\n\n<hr class=\"wp-block-separator has-alpha-channel-opacity\"\/>\n\n\n\n<p><em>Inspelningarna ovanf\u00f6r \u00e5terges med tillst\u00e5nd fr\u00e5n Sveriges Radio. \u2013 Fotografiet ovanf\u00f6r \u00e4r taget av Gunnar Lundh, och vi har l\u00e5nat det fr\u00e5n Nordiska museet (<a href=\"https:\/\/creativecommons.org\/licenses\/by-nc-nd\/4.0\/deed.sv\" target=\"_blank\" rel=\"noreferrer noopener\">CC BY-NC-ND<\/a>). <\/em><\/p>\n\n\n<h3 class=\"wp-block-heading author-related-title\">L\u00e4s mer<\/h3>\r\n<div class=\"display-posts-listing grid\"><div class=\"listing-item\"><a class=\"image\" href=\"https:\/\/litteraturbanken.se\/ljudochbild\/2022\/02\/01\/nar-elin-wagner-blev-forfattare\/\"><img loading=\"lazy\" decoding=\"async\" width=\"640\" height=\"961\" src=\"https:\/\/litteraturbanken.se\/ljudochbild\/wp-content\/uploads\/2022\/01\/wagner_rostratt-682x1024.jpg\" class=\"attachment-large size-large wp-post-image\" alt=\"Elin W\u00e4gner\" srcset=\"https:\/\/litteraturbanken.se\/ljudochbild\/wp-content\/uploads\/2022\/01\/wagner_rostratt-682x1024.jpg 682w, https:\/\/litteraturbanken.se\/ljudochbild\/wp-content\/uploads\/2022\/01\/wagner_rostratt-200x300.jpg 200w, https:\/\/litteraturbanken.se\/ljudochbild\/wp-content\/uploads\/2022\/01\/wagner_rostratt-768x1153.jpg 768w, https:\/\/litteraturbanken.se\/ljudochbild\/wp-content\/uploads\/2022\/01\/wagner_rostratt-1023x1536.jpg 1023w, https:\/\/litteraturbanken.se\/ljudochbild\/wp-content\/uploads\/2022\/01\/wagner_rostratt-480x720.jpg 480w, https:\/\/litteraturbanken.se\/ljudochbild\/wp-content\/uploads\/2022\/01\/wagner_rostratt.jpg 1200w\" sizes=\"auto, (max-width: 640px) 100vw, 640px\" \/><\/a> <a class=\"title\" href=\"https:\/\/litteraturbanken.se\/ljudochbild\/2022\/02\/01\/nar-elin-wagner-blev-forfattare\/\">N\u00e4r W\u00e4gner blev f\u00f6rfattare<\/a><\/div><div class=\"listing-item\"><a class=\"image\" href=\"https:\/\/litteraturbanken.se\/ljudochbild\/2025\/03\/26\/nar-frans-g-bengtsson-blev-forfattare\/\"><img loading=\"lazy\" decoding=\"async\" width=\"640\" height=\"619\" src=\"https:\/\/litteraturbanken.se\/ljudochbild\/wp-content\/uploads\/2025\/02\/fransgbengtsson_gunnarlundh1-1024x991.jpg\" class=\"attachment-large size-large wp-post-image\" alt=\"Frans G. Bengtsson\" srcset=\"https:\/\/litteraturbanken.se\/ljudochbild\/wp-content\/uploads\/2025\/02\/fransgbengtsson_gunnarlundh1-1024x991.jpg 1024w, https:\/\/litteraturbanken.se\/ljudochbild\/wp-content\/uploads\/2025\/02\/fransgbengtsson_gunnarlundh1-300x290.jpg 300w, https:\/\/litteraturbanken.se\/ljudochbild\/wp-content\/uploads\/2025\/02\/fransgbengtsson_gunnarlundh1-768x744.jpg 768w, https:\/\/litteraturbanken.se\/ljudochbild\/wp-content\/uploads\/2025\/02\/fransgbengtsson_gunnarlundh1-480x465.jpg 480w, https:\/\/litteraturbanken.se\/ljudochbild\/wp-content\/uploads\/2025\/02\/fransgbengtsson_gunnarlundh1.jpg 1196w\" sizes=\"auto, (max-width: 640px) 100vw, 640px\" \/><\/a> <a class=\"title\" href=\"https:\/\/litteraturbanken.se\/ljudochbild\/2025\/03\/26\/nar-frans-g-bengtsson-blev-forfattare\/\">En kreatursk\u00f6tarens minnen<\/a><\/div><div class=\"listing-item\"><a class=\"image\" href=\"https:\/\/litteraturbanken.se\/ljudochbild\/2025\/03\/28\/frank-heller-aventyrsromaner\/\"><img loading=\"lazy\" decoding=\"async\" width=\"640\" height=\"923\" src=\"https:\/\/litteraturbanken.se\/ljudochbild\/wp-content\/uploads\/2025\/03\/frank_heller_collina-710x1024.jpg\" class=\"attachment-large size-large wp-post-image\" alt=\"Frank Heller\" srcset=\"https:\/\/litteraturbanken.se\/ljudochbild\/wp-content\/uploads\/2025\/03\/frank_heller_collina-710x1024.jpg 710w, https:\/\/litteraturbanken.se\/ljudochbild\/wp-content\/uploads\/2025\/03\/frank_heller_collina-208x300.jpg 208w, https:\/\/litteraturbanken.se\/ljudochbild\/wp-content\/uploads\/2025\/03\/frank_heller_collina-768x1107.jpg 768w, https:\/\/litteraturbanken.se\/ljudochbild\/wp-content\/uploads\/2025\/03\/frank_heller_collina-1065x1536.jpg 1065w, https:\/\/litteraturbanken.se\/ljudochbild\/wp-content\/uploads\/2025\/03\/frank_heller_collina-480x692.jpg 480w, https:\/\/litteraturbanken.se\/ljudochbild\/wp-content\/uploads\/2025\/03\/frank_heller_collina.jpg 1200w\" sizes=\"auto, (max-width: 640px) 100vw, 640px\" \/><\/a> <a class=\"title\" href=\"https:\/\/litteraturbanken.se\/ljudochbild\/2025\/03\/28\/frank-heller-aventyrsromaner\/\">Att skriva \u00e4ventyrsromaner<\/a><\/div><\/div>\r\n\r\n\n","protected":false},"excerpt":{"rendered":"<p>\u201dFRANS G. BENGTSSONs f\u00f6rfattarskap \u2013 \u00f6verd\u00e5digt, underh\u00e5llande, utmanande \u2013 \u00e4r i ett avseende unikt. Han \u00e4r den svenska litteraturens ende b\u00e4sts\u00e4ljande ess\u00e4ist. (Stavningen ess\u00e4 skulle Bengtsson f\u00f6r \u00f6vrigt inte ha godk\u00e4nt; trots den eleganta form han gav sina [&hellip;]<\/p>\n","protected":false},"author":5,"featured_media":12733,"parent":7,"menu_order":0,"comment_status":"closed","ping_status":"closed","template":"","meta":{"footnotes":""},"class_list":["post-12723","page","type-page","status-publish","has-post-thumbnail","hentry"],"yoast_head":"<!-- This site is optimized with the Yoast SEO plugin v27.1.1 - https:\/\/yoast.com\/product\/yoast-seo-wordpress\/ -->\n<title>Frans G. Bengtsson (1894\u20131954) - Ljud &amp; Bild<\/title>\n<meta name=\"robots\" content=\"index, follow, max-snippet:-1, max-image-preview:large, max-video-preview:-1\" \/>\n<link rel=\"canonical\" href=\"https:\/\/litteraturbanken.se\/ljudochbild\/forfattare\/bengtssonfg\/\" \/>\n<meta property=\"og:locale\" content=\"sv_SE\" \/>\n<meta property=\"og:type\" content=\"article\" \/>\n<meta property=\"og:title\" content=\"Frans G. Bengtsson (1894\u20131954) - Ljud &amp; Bild\" \/>\n<meta property=\"og:description\" content=\"\u201dFRANS G. BENGTSSONs f\u00f6rfattarskap \u2013 \u00f6verd\u00e5digt, underh\u00e5llande, utmanande \u2013 \u00e4r i ett avseende unikt. Han \u00e4r den svenska litteraturens ende b\u00e4sts\u00e4ljande ess\u00e4ist. (Stavningen ess\u00e4 skulle Bengtsson f\u00f6r \u00f6vrigt inte ha godk\u00e4nt; trots den eleganta form han gav sina [&hellip;]\" \/>\n<meta property=\"og:url\" content=\"https:\/\/litteraturbanken.se\/ljudochbild\/forfattare\/bengtssonfg\/\" \/>\n<meta property=\"og:site_name\" content=\"Ljud &amp; Bild\" \/>\n<meta property=\"article:publisher\" content=\"https:\/\/www.facebook.com\/Litteraturbanken.se\" \/>\n<meta property=\"article:modified_time\" content=\"2025-03-05T10:33:18+00:00\" \/>\n<meta property=\"og:image\" content=\"https:\/\/litteraturbanken.se\/ljudochbild\/wp-content\/uploads\/2025\/03\/fransgbengtsson_gunnarlundh2_socmed.jpg\" \/>\n\t<meta property=\"og:image:width\" content=\"1041\" \/>\n\t<meta property=\"og:image:height\" content=\"606\" \/>\n\t<meta property=\"og:image:type\" content=\"image\/jpeg\" \/>\n<meta name=\"twitter:card\" content=\"summary_large_image\" \/>\n<meta name=\"twitter:site\" content=\"@litteraturbank\" \/>\n<meta name=\"twitter:label1\" content=\"Ber\u00e4knad l\u00e4stid\" \/>\n\t<meta name=\"twitter:data1\" content=\"1 minut\" \/>\n<script type=\"application\/ld+json\" class=\"yoast-schema-graph\">{\"@context\":\"https:\/\/schema.org\",\"@graph\":[{\"@type\":\"WebPage\",\"@id\":\"https:\/\/litteraturbanken.se\/ljudochbild\/forfattare\/bengtssonfg\/\",\"url\":\"https:\/\/litteraturbanken.se\/ljudochbild\/forfattare\/bengtssonfg\/\",\"name\":\"Frans G. Bengtsson (1894\u20131954) - Ljud &amp; Bild\",\"isPartOf\":{\"@id\":\"https:\/\/litteraturbanken.se\/ljudochbild\/#website\"},\"primaryImageOfPage\":{\"@id\":\"https:\/\/litteraturbanken.se\/ljudochbild\/forfattare\/bengtssonfg\/#primaryimage\"},\"image\":{\"@id\":\"https:\/\/litteraturbanken.se\/ljudochbild\/forfattare\/bengtssonfg\/#primaryimage\"},\"thumbnailUrl\":\"https:\/\/litteraturbanken.se\/ljudochbild\/wp-content\/uploads\/2025\/02\/fransgbengtsson_gunnarlundh2.jpg\",\"datePublished\":\"2025-02-27T12:23:33+00:00\",\"dateModified\":\"2025-03-05T10:33:18+00:00\",\"breadcrumb\":{\"@id\":\"https:\/\/litteraturbanken.se\/ljudochbild\/forfattare\/bengtssonfg\/#breadcrumb\"},\"inLanguage\":\"sv-SE\",\"potentialAction\":[{\"@type\":\"ReadAction\",\"target\":[\"https:\/\/litteraturbanken.se\/ljudochbild\/forfattare\/bengtssonfg\/\"]}]},{\"@type\":\"ImageObject\",\"inLanguage\":\"sv-SE\",\"@id\":\"https:\/\/litteraturbanken.se\/ljudochbild\/forfattare\/bengtssonfg\/#primaryimage\",\"url\":\"https:\/\/litteraturbanken.se\/ljudochbild\/wp-content\/uploads\/2025\/02\/fransgbengtsson_gunnarlundh2.jpg\",\"contentUrl\":\"https:\/\/litteraturbanken.se\/ljudochbild\/wp-content\/uploads\/2025\/02\/fransgbengtsson_gunnarlundh2.jpg\",\"width\":1184,\"height\":1158,\"caption\":\"Frans G. Bengtsson\"},{\"@type\":\"BreadcrumbList\",\"@id\":\"https:\/\/litteraturbanken.se\/ljudochbild\/forfattare\/bengtssonfg\/#breadcrumb\",\"itemListElement\":[{\"@type\":\"ListItem\",\"position\":1,\"name\":\"Hem\",\"item\":\"https:\/\/litteraturbanken.se\/ljudochbild\/\"},{\"@type\":\"ListItem\",\"position\":2,\"name\":\"F\u00f6rfattare\",\"item\":\"https:\/\/litteraturbanken.se\/ljudochbild\/forfattare\/\"},{\"@type\":\"ListItem\",\"position\":3,\"name\":\"Frans G. Bengtsson (1894\u20131954)\"}]},{\"@type\":\"WebSite\",\"@id\":\"https:\/\/litteraturbanken.se\/ljudochbild\/#website\",\"url\":\"https:\/\/litteraturbanken.se\/ljudochbild\/\",\"name\":\"Ljud & Bild\",\"description\":\"Ur Litteraturbankens samlingar\",\"potentialAction\":[{\"@type\":\"SearchAction\",\"target\":{\"@type\":\"EntryPoint\",\"urlTemplate\":\"https:\/\/litteraturbanken.se\/ljudochbild\/?s={search_term_string}\"},\"query-input\":{\"@type\":\"PropertyValueSpecification\",\"valueRequired\":true,\"valueName\":\"search_term_string\"}}],\"inLanguage\":\"sv-SE\"}]}<\/script>\n<!-- \/ Yoast SEO plugin. -->","yoast_head_json":{"title":"Frans G. Bengtsson (1894\u20131954) - Ljud &amp; Bild","robots":{"index":"index","follow":"follow","max-snippet":"max-snippet:-1","max-image-preview":"max-image-preview:large","max-video-preview":"max-video-preview:-1"},"canonical":"https:\/\/litteraturbanken.se\/ljudochbild\/forfattare\/bengtssonfg\/","og_locale":"sv_SE","og_type":"article","og_title":"Frans G. Bengtsson (1894\u20131954) - Ljud &amp; Bild","og_description":"\u201dFRANS G. BENGTSSONs f\u00f6rfattarskap \u2013 \u00f6verd\u00e5digt, underh\u00e5llande, utmanande \u2013 \u00e4r i ett avseende unikt. Han \u00e4r den svenska litteraturens ende b\u00e4sts\u00e4ljande ess\u00e4ist. (Stavningen ess\u00e4 skulle Bengtsson f\u00f6r \u00f6vrigt inte ha godk\u00e4nt; trots den eleganta form han gav sina [&hellip;]","og_url":"https:\/\/litteraturbanken.se\/ljudochbild\/forfattare\/bengtssonfg\/","og_site_name":"Ljud &amp; Bild","article_publisher":"https:\/\/www.facebook.com\/Litteraturbanken.se","article_modified_time":"2025-03-05T10:33:18+00:00","og_image":[{"width":1041,"height":606,"url":"https:\/\/litteraturbanken.se\/ljudochbild\/wp-content\/uploads\/2025\/03\/fransgbengtsson_gunnarlundh2_socmed.jpg","type":"image\/jpeg"}],"twitter_card":"summary_large_image","twitter_site":"@litteraturbank","twitter_misc":{"Ber\u00e4knad l\u00e4stid":"1 minut"},"schema":{"@context":"https:\/\/schema.org","@graph":[{"@type":"WebPage","@id":"https:\/\/litteraturbanken.se\/ljudochbild\/forfattare\/bengtssonfg\/","url":"https:\/\/litteraturbanken.se\/ljudochbild\/forfattare\/bengtssonfg\/","name":"Frans G. Bengtsson (1894\u20131954) - Ljud &amp; Bild","isPartOf":{"@id":"https:\/\/litteraturbanken.se\/ljudochbild\/#website"},"primaryImageOfPage":{"@id":"https:\/\/litteraturbanken.se\/ljudochbild\/forfattare\/bengtssonfg\/#primaryimage"},"image":{"@id":"https:\/\/litteraturbanken.se\/ljudochbild\/forfattare\/bengtssonfg\/#primaryimage"},"thumbnailUrl":"https:\/\/litteraturbanken.se\/ljudochbild\/wp-content\/uploads\/2025\/02\/fransgbengtsson_gunnarlundh2.jpg","datePublished":"2025-02-27T12:23:33+00:00","dateModified":"2025-03-05T10:33:18+00:00","breadcrumb":{"@id":"https:\/\/litteraturbanken.se\/ljudochbild\/forfattare\/bengtssonfg\/#breadcrumb"},"inLanguage":"sv-SE","potentialAction":[{"@type":"ReadAction","target":["https:\/\/litteraturbanken.se\/ljudochbild\/forfattare\/bengtssonfg\/"]}]},{"@type":"ImageObject","inLanguage":"sv-SE","@id":"https:\/\/litteraturbanken.se\/ljudochbild\/forfattare\/bengtssonfg\/#primaryimage","url":"https:\/\/litteraturbanken.se\/ljudochbild\/wp-content\/uploads\/2025\/02\/fransgbengtsson_gunnarlundh2.jpg","contentUrl":"https:\/\/litteraturbanken.se\/ljudochbild\/wp-content\/uploads\/2025\/02\/fransgbengtsson_gunnarlundh2.jpg","width":1184,"height":1158,"caption":"Frans G. Bengtsson"},{"@type":"BreadcrumbList","@id":"https:\/\/litteraturbanken.se\/ljudochbild\/forfattare\/bengtssonfg\/#breadcrumb","itemListElement":[{"@type":"ListItem","position":1,"name":"Hem","item":"https:\/\/litteraturbanken.se\/ljudochbild\/"},{"@type":"ListItem","position":2,"name":"F\u00f6rfattare","item":"https:\/\/litteraturbanken.se\/ljudochbild\/forfattare\/"},{"@type":"ListItem","position":3,"name":"Frans G. Bengtsson (1894\u20131954)"}]},{"@type":"WebSite","@id":"https:\/\/litteraturbanken.se\/ljudochbild\/#website","url":"https:\/\/litteraturbanken.se\/ljudochbild\/","name":"Ljud & Bild","description":"Ur Litteraturbankens samlingar","potentialAction":[{"@type":"SearchAction","target":{"@type":"EntryPoint","urlTemplate":"https:\/\/litteraturbanken.se\/ljudochbild\/?s={search_term_string}"},"query-input":{"@type":"PropertyValueSpecification","valueRequired":true,"valueName":"search_term_string"}}],"inLanguage":"sv-SE"}]}},"_links":{"self":[{"href":"https:\/\/litteraturbanken.se\/ljudochbild\/wp-json\/wp\/v2\/pages\/12723","targetHints":{"allow":["GET"]}}],"collection":[{"href":"https:\/\/litteraturbanken.se\/ljudochbild\/wp-json\/wp\/v2\/pages"}],"about":[{"href":"https:\/\/litteraturbanken.se\/ljudochbild\/wp-json\/wp\/v2\/types\/page"}],"author":[{"embeddable":true,"href":"https:\/\/litteraturbanken.se\/ljudochbild\/wp-json\/wp\/v2\/users\/5"}],"replies":[{"embeddable":true,"href":"https:\/\/litteraturbanken.se\/ljudochbild\/wp-json\/wp\/v2\/comments?post=12723"}],"version-history":[{"count":7,"href":"https:\/\/litteraturbanken.se\/ljudochbild\/wp-json\/wp\/v2\/pages\/12723\/revisions"}],"predecessor-version":[{"id":12918,"href":"https:\/\/litteraturbanken.se\/ljudochbild\/wp-json\/wp\/v2\/pages\/12723\/revisions\/12918"}],"up":[{"embeddable":true,"href":"https:\/\/litteraturbanken.se\/ljudochbild\/wp-json\/wp\/v2\/pages\/7"}],"wp:featuredmedia":[{"embeddable":true,"href":"https:\/\/litteraturbanken.se\/ljudochbild\/wp-json\/wp\/v2\/media\/12733"}],"wp:attachment":[{"href":"https:\/\/litteraturbanken.se\/ljudochbild\/wp-json\/wp\/v2\/media?parent=12723"}],"curies":[{"name":"wp","href":"https:\/\/api.w.org\/{rel}","templated":true}]}}