{"id":12906,"date":"2025-03-03T14:57:52","date_gmt":"2025-03-03T13:57:52","guid":{"rendered":"https:\/\/litteraturbanken.se\/ljudochbild\/?page_id=12906"},"modified":"2025-03-03T14:57:53","modified_gmt":"2025-03-03T13:57:53","slug":"norlinde","status":"publish","type":"page","link":"https:\/\/litteraturbanken.se\/ljudochbild\/forfattare\/norlinde\/","title":{"rendered":"Ernst Norlind\u00a0(1877\u20131952)"},"content":{"rendered":"<div class=\"wp-block-image\">\n<figure class=\"alignright size-large is-resized\"><img loading=\"lazy\" decoding=\"async\" width=\"775\" height=\"1024\" src=\"https:\/\/litteraturbanken.se\/ljudochbild\/wp-content\/uploads\/2025\/03\/ernst_norlind-775x1024.jpg\" alt=\"Ernst Norlind\" class=\"wp-image-12908\" style=\"width:193px;height:auto\" srcset=\"https:\/\/litteraturbanken.se\/ljudochbild\/wp-content\/uploads\/2025\/03\/ernst_norlind-775x1024.jpg 775w, https:\/\/litteraturbanken.se\/ljudochbild\/wp-content\/uploads\/2025\/03\/ernst_norlind-227x300.jpg 227w, https:\/\/litteraturbanken.se\/ljudochbild\/wp-content\/uploads\/2025\/03\/ernst_norlind-768x1015.jpg 768w, https:\/\/litteraturbanken.se\/ljudochbild\/wp-content\/uploads\/2025\/03\/ernst_norlind-1162x1536.jpg 1162w, https:\/\/litteraturbanken.se\/ljudochbild\/wp-content\/uploads\/2025\/03\/ernst_norlind-480x634.jpg 480w, https:\/\/litteraturbanken.se\/ljudochbild\/wp-content\/uploads\/2025\/03\/ernst_norlind.jpg 1200w\" sizes=\"auto, (max-width: 775px) 100vw, 775px\" \/><\/figure>\n<\/div>\n\n\n<p>ERNST NORLIND: \u201dvar \u00e4ldst av de tre k\u00e4nda br\u00f6derna N. Han v\u00e4xte upp i en kulturellt livaktig men materiellt fattig pr\u00e4stg\u00e5rdsmilj\u00f6. Han mindes som vuxen hur han som barn fick f\u00f6lja sin mor p\u00e5 ett f\u00f6r\u00f6dmjukande bes\u00f6k hos en rik bonde f\u00f6r att l\u00e5na pengar. Som student i Lund kom han in i den radikala kretsen kring\u00a0<a href=\"https:\/\/litteraturbanken.se\/f\u00f6rfattare\/LidforssB\" target=\"_blank\" rel=\"noreferrer noopener\">B Lidforss<\/a>. Han valdes in i D.Y.G., Den yngre gubben, och engagerade sig i tidsdebatten. Intresset f\u00f6r sociala och religi\u00f6sa fr\u00e5gor f\u00f6ljde honom genom livet. Som sin ungdoms m\u00e4stare n\u00e4mner han i memoarerna\u00a0<a href=\"https:\/\/litteraturbanken.se\/f\u00f6rfattare\/HanssonO\" target=\"_blank\" rel=\"noreferrer noopener\">Ola Hansson<\/a> och v\u00e4nnen\u00a0<a href=\"https:\/\/litteraturbanken.se\/f\u00f6rfattare\/LarssonH\" target=\"_blank\" rel=\"noreferrer noopener\">Hans Larsson<\/a>. Till v\u00e4nnerna h\u00f6rde ocks\u00e5\u00a0K G Ossiannilsson, vars debutbok <em>Masker<\/em> f\u00f6rs\u00e5gs med omslag och vinjetter av N, samt den tidigt bortg\u00e5ngne konstn\u00e4ren <a href=\"https:\/\/litteraturbanken.se\/f\u00f6rfattare\/JohnsonA\" target=\"_blank\" rel=\"noreferrer noopener\">August Johnsson<\/a>, som betydde mycket n\u00e4r det g\u00e4llde att \u00f6ppna den unge N:s blick f\u00f6r naturen.\u201d<\/p>\n\n\n\n<p>Stycket ovanf\u00f6r har vi l\u00e5nat fr\u00e5n G\u00f6sta Lundstr\u00f6m biografiska artikel om Ernst Norlind hos <a href=\"https:\/\/sok.riksarkivet.se\/sbl\/Presentation.aspx?id=8382\" target=\"_blank\" rel=\"noreferrer noopener\">Svenskt biografiskt lexikon<\/a>.<\/p>\n\n\n\n<div style=\"height:20px\" aria-hidden=\"true\" class=\"wp-block-spacer\"><\/div>\n\n\n\n<div class=\"wp-block-buttons is-layout-flex wp-block-buttons-is-layout-flex\">\n<div class=\"wp-block-button has-custom-font-size read-more-button\" style=\"font-size:14px\"><a class=\"wp-block-button__link has-white-color has-text-color has-background wp-element-button\" href=\"https:\/\/sok.riksarkivet.se\/sbl\/Presentation.aspx?id=8382\" style=\"border-radius:0px;background-color:#cd2400\" target=\"_blank\" rel=\"noopener noreferrer noopener\"><strong>L\u00c4S MER OM ERNST NORLIND<\/strong><\/a><\/div>\n\n\n\n<div class=\"wp-block-button has-custom-font-size read-more-button\" style=\"font-size:14px\"><a class=\"wp-block-button__link has-white-color has-text-color has-background wp-element-button\" href=\"https:\/\/litteraturbanken.se\/f\u00f6rfattare\/NorlindE\/titlar\" style=\"border-radius:0px;background-color:#cd2400\" target=\"_blank\" rel=\"noopener noreferrer noopener\"><strong>L\u00c4S ERNST NORLINDS VERK HOS LB.SE<\/strong><\/a><\/div>\n<\/div>\n\n\n\n<div style=\"height:20px\" aria-hidden=\"true\" class=\"wp-block-spacer\"><\/div>\n\n\n\n<div class=\"wp-playlist wp-audio-playlist wp-playlist-light\">\n\t\t\t<div class=\"wp-playlist-current-item\"><\/div>\n\t\t<audio controls=\"controls\" preload=\"none\" width=\"618\"\n\t\t\t><\/audio>\n\t<div class=\"wp-playlist-next\"><\/div>\n\t<div class=\"wp-playlist-prev\"><\/div>\n\t<noscript>\n\t<ol>\n\t\t<li><a href='https:\/\/litteraturbanken.se\/ljudochbild\/wp-content\/uploads\/2025\/02\/norlind_kapellet_norlind.mp3'>Kapellet. En klosterhistoria<\/a><\/li><li><a href='https:\/\/litteraturbanken.se\/ljudochbild\/wp-content\/uploads\/2025\/02\/norlind_skagget_norlind.mp3'>Sk\u00e4gget. En f\u00f6rel\u00e4sning<\/a><\/li>\t<\/ol>\n\t<\/noscript>\n\t<script type=\"application\/json\" class=\"wp-playlist-script\">{\"type\":\"audio\",\"tracklist\":true,\"tracknumbers\":true,\"images\":true,\"artists\":true,\"tracks\":[{\"src\":\"https:\/\/litteraturbanken.se\/ljudochbild\/wp-content\/uploads\/2025\/02\/norlind_kapellet_norlind.mp3\",\"type\":\"audio\/mpeg\",\"title\":\"Kapellet. En klosterhistoria\",\"caption\":\"\",\"description\":\"\\u201dKapellet. En klosterhistoria\\u201d fr\\u00e5n Ernst Norlind av Ernst Norlind i Sveriges Radio (1941). Sl\\u00e4ppt: 1941.\",\"meta\":{\"artist\":\"Ernst Norlind i Sveriges Radio (1941)\",\"album\":\"Ernst Norlind\",\"year\":\"1941\",\"length_formatted\":\"24:58\"},\"image\":{\"src\":\"https:\/\/litteraturbanken.se\/ljudochbild\/wp-content\/uploads\/2019\/09\/wide_gub_wide-mp3-image.png\",\"width\":580,\"height\":612},\"thumb\":{\"src\":\"https:\/\/litteraturbanken.se\/ljudochbild\/wp-content\/uploads\/2019\/09\/wide_gub_wide-mp3-image-150x150.png\",\"width\":150,\"height\":150}},{\"src\":\"https:\/\/litteraturbanken.se\/ljudochbild\/wp-content\/uploads\/2025\/02\/norlind_skagget_norlind.mp3\",\"type\":\"audio\/mpeg\",\"title\":\"Sk\\u00e4gget. En f\\u00f6rel\\u00e4sning\",\"caption\":\"\",\"description\":\"\\u201dSk\\u00e4gget. En f\\u00f6rel\\u00e4sning\\u201d fr\\u00e5n Ernst Norlind av Ernst Norlind i Sveriges Radio (1947). Sl\\u00e4ppt: 1947.\",\"meta\":{\"artist\":\"Ernst Norlind i Sveriges Radio (1947)\",\"album\":\"Ernst Norlind\",\"year\":\"1947\",\"length_formatted\":\"24:03\"},\"image\":{\"src\":\"https:\/\/litteraturbanken.se\/ljudochbild\/wp-content\/uploads\/2019\/09\/wide_gub_wide-mp3-image.png\",\"width\":580,\"height\":612},\"thumb\":{\"src\":\"https:\/\/litteraturbanken.se\/ljudochbild\/wp-content\/uploads\/2019\/09\/wide_gub_wide-mp3-image-150x150.png\",\"width\":150,\"height\":150}}]}<\/script>\n<\/div>\n\t\n\n\n\n<hr class=\"wp-block-separator has-css-opacity\"\/>\n\n\n\n<p><em>Inspelningarna tillg\u00e4ngligg\u00f6rs h\u00e4r med tillst\u00e5nd fr\u00e5n Sveriges Radio. \u2013 Fotografiet ovanf\u00f6r har vi l\u00e5nat fr\u00e5n <a href=\"https:\/\/www.alvin-portal.org\/alvin\/imageViewer.jsf?dsId=ATTACHMENT-0001&amp;pid=alvin-record:217463\" target=\"_blank\" rel=\"noreferrer noopener\">Lunds universitetsbibliotek<\/a>.<\/em> <\/p>\n\n\n<h3 class=\"wp-block-heading author-related-title\">L\u00e4s mer<\/h3>\r\n<div class=\"display-posts-listing grid\"><div class=\"listing-item\"><a class=\"image\" href=\"https:\/\/litteraturbanken.se\/ljudochbild\/2019\/11\/13\/en-diktares-skivsamling\/\"><img loading=\"lazy\" decoding=\"async\" width=\"640\" height=\"809\" src=\"https:\/\/litteraturbanken.se\/ljudochbild\/wp-content\/uploads\/2019\/11\/NOR000144-810x1024.jpg\" class=\"attachment-large size-large wp-post-image\" alt=\"\" srcset=\"https:\/\/litteraturbanken.se\/ljudochbild\/wp-content\/uploads\/2019\/11\/NOR000144-810x1024.jpg 810w, https:\/\/litteraturbanken.se\/ljudochbild\/wp-content\/uploads\/2019\/11\/NOR000144-237x300.jpg 237w, https:\/\/litteraturbanken.se\/ljudochbild\/wp-content\/uploads\/2019\/11\/NOR000144-768x971.jpg 768w, https:\/\/litteraturbanken.se\/ljudochbild\/wp-content\/uploads\/2019\/11\/NOR000144-480x607.jpg 480w, https:\/\/litteraturbanken.se\/ljudochbild\/wp-content\/uploads\/2019\/11\/NOR000144.jpg 1200w\" sizes=\"auto, (max-width: 640px) 100vw, 640px\" \/><\/a> <a class=\"title\" href=\"https:\/\/litteraturbanken.se\/ljudochbild\/2019\/11\/13\/en-diktares-skivsamling\/\">En diktares skivsamling<\/a><\/div><div class=\"listing-item\"><a class=\"image\" href=\"https:\/\/litteraturbanken.se\/ljudochbild\/2025\/02\/28\/kare-kare-ernst-norlind\/\"><img loading=\"lazy\" decoding=\"async\" width=\"640\" height=\"874\" src=\"https:\/\/litteraturbanken.se\/ljudochbild\/wp-content\/uploads\/2025\/02\/ernst_norlind-750x1024.jpg\" class=\"attachment-large size-large wp-post-image\" alt=\"Ernst Norlind\" srcset=\"https:\/\/litteraturbanken.se\/ljudochbild\/wp-content\/uploads\/2025\/02\/ernst_norlind-750x1024.jpg 750w, https:\/\/litteraturbanken.se\/ljudochbild\/wp-content\/uploads\/2025\/02\/ernst_norlind-220x300.jpg 220w, https:\/\/litteraturbanken.se\/ljudochbild\/wp-content\/uploads\/2025\/02\/ernst_norlind-768x1049.jpg 768w, https:\/\/litteraturbanken.se\/ljudochbild\/wp-content\/uploads\/2025\/02\/ernst_norlind-1125x1536.jpg 1125w, https:\/\/litteraturbanken.se\/ljudochbild\/wp-content\/uploads\/2025\/02\/ernst_norlind-480x656.jpg 480w, https:\/\/litteraturbanken.se\/ljudochbild\/wp-content\/uploads\/2025\/02\/ernst_norlind.jpg 1200w\" sizes=\"auto, (max-width: 640px) 100vw, 640px\" \/><\/a> <a class=\"title\" href=\"https:\/\/litteraturbanken.se\/ljudochbild\/2025\/02\/28\/kare-kare-ernst-norlind\/\">K\u00e4re k\u00e4re Ernst Norlind!<\/a><\/div><\/div>\r\n\r\n\n","protected":false},"excerpt":{"rendered":"<p>ERNST NORLIND: \u201dvar \u00e4ldst av de tre k\u00e4nda br\u00f6derna N. Han v\u00e4xte upp i en kulturellt livaktig men materiellt fattig pr\u00e4stg\u00e5rdsmilj\u00f6. Han mindes som vuxen hur han som barn fick f\u00f6lja sin mor p\u00e5 ett f\u00f6r\u00f6dmjukande bes\u00f6k hos [&hellip;]<\/p>\n","protected":false},"author":5,"featured_media":12908,"parent":7,"menu_order":0,"comment_status":"closed","ping_status":"closed","template":"","meta":{"footnotes":""},"class_list":["post-12906","page","type-page","status-publish","has-post-thumbnail","hentry"],"yoast_head":"<!-- This site is optimized with the Yoast SEO plugin v27.1.1 - https:\/\/yoast.com\/product\/yoast-seo-wordpress\/ -->\n<title>Ernst Norlind\u00a0(1877\u20131952) - Ljud &amp; Bild<\/title>\n<meta name=\"robots\" content=\"index, follow, max-snippet:-1, max-image-preview:large, max-video-preview:-1\" \/>\n<link rel=\"canonical\" href=\"https:\/\/litteraturbanken.se\/ljudochbild\/forfattare\/norlinde\/\" \/>\n<meta property=\"og:locale\" content=\"sv_SE\" \/>\n<meta property=\"og:type\" content=\"article\" \/>\n<meta property=\"og:title\" content=\"Ernst Norlind\u00a0(1877\u20131952) - Ljud &amp; Bild\" \/>\n<meta property=\"og:description\" content=\"ERNST NORLIND: \u201dvar \u00e4ldst av de tre k\u00e4nda br\u00f6derna N. Han v\u00e4xte upp i en kulturellt livaktig men materiellt fattig pr\u00e4stg\u00e5rdsmilj\u00f6. Han mindes som vuxen hur han som barn fick f\u00f6lja sin mor p\u00e5 ett f\u00f6r\u00f6dmjukande bes\u00f6k hos [&hellip;]\" \/>\n<meta property=\"og:url\" content=\"https:\/\/litteraturbanken.se\/ljudochbild\/forfattare\/norlinde\/\" \/>\n<meta property=\"og:site_name\" content=\"Ljud &amp; Bild\" \/>\n<meta property=\"article:publisher\" content=\"https:\/\/www.facebook.com\/Litteraturbanken.se\" \/>\n<meta property=\"article:modified_time\" content=\"2025-03-03T13:57:53+00:00\" \/>\n<meta property=\"og:image\" content=\"https:\/\/litteraturbanken.se\/ljudochbild\/wp-content\/uploads\/2025\/03\/ernst_norlind.jpg\" \/>\n\t<meta property=\"og:image:width\" content=\"1200\" \/>\n\t<meta property=\"og:image:height\" content=\"1586\" \/>\n\t<meta property=\"og:image:type\" content=\"image\/jpeg\" \/>\n<meta name=\"twitter:card\" content=\"summary_large_image\" \/>\n<meta name=\"twitter:site\" content=\"@litteraturbank\" \/>\n<meta name=\"twitter:label1\" content=\"Ber\u00e4knad l\u00e4stid\" \/>\n\t<meta name=\"twitter:data1\" content=\"2 minuter\" \/>\n<script type=\"application\/ld+json\" class=\"yoast-schema-graph\">{\"@context\":\"https:\/\/schema.org\",\"@graph\":[{\"@type\":\"WebPage\",\"@id\":\"https:\/\/litteraturbanken.se\/ljudochbild\/forfattare\/norlinde\/\",\"url\":\"https:\/\/litteraturbanken.se\/ljudochbild\/forfattare\/norlinde\/\",\"name\":\"Ernst Norlind\u00a0(1877\u20131952) - Ljud &amp; Bild\",\"isPartOf\":{\"@id\":\"https:\/\/litteraturbanken.se\/ljudochbild\/#website\"},\"primaryImageOfPage\":{\"@id\":\"https:\/\/litteraturbanken.se\/ljudochbild\/forfattare\/norlinde\/#primaryimage\"},\"image\":{\"@id\":\"https:\/\/litteraturbanken.se\/ljudochbild\/forfattare\/norlinde\/#primaryimage\"},\"thumbnailUrl\":\"https:\/\/litteraturbanken.se\/ljudochbild\/wp-content\/uploads\/2025\/03\/ernst_norlind.jpg\",\"datePublished\":\"2025-03-03T13:57:52+00:00\",\"dateModified\":\"2025-03-03T13:57:53+00:00\",\"breadcrumb\":{\"@id\":\"https:\/\/litteraturbanken.se\/ljudochbild\/forfattare\/norlinde\/#breadcrumb\"},\"inLanguage\":\"sv-SE\",\"potentialAction\":[{\"@type\":\"ReadAction\",\"target\":[\"https:\/\/litteraturbanken.se\/ljudochbild\/forfattare\/norlinde\/\"]}]},{\"@type\":\"ImageObject\",\"inLanguage\":\"sv-SE\",\"@id\":\"https:\/\/litteraturbanken.se\/ljudochbild\/forfattare\/norlinde\/#primaryimage\",\"url\":\"https:\/\/litteraturbanken.se\/ljudochbild\/wp-content\/uploads\/2025\/03\/ernst_norlind.jpg\",\"contentUrl\":\"https:\/\/litteraturbanken.se\/ljudochbild\/wp-content\/uploads\/2025\/03\/ernst_norlind.jpg\",\"width\":1200,\"height\":1586,\"caption\":\"Ernst Norlind\"},{\"@type\":\"BreadcrumbList\",\"@id\":\"https:\/\/litteraturbanken.se\/ljudochbild\/forfattare\/norlinde\/#breadcrumb\",\"itemListElement\":[{\"@type\":\"ListItem\",\"position\":1,\"name\":\"Hem\",\"item\":\"https:\/\/litteraturbanken.se\/ljudochbild\/\"},{\"@type\":\"ListItem\",\"position\":2,\"name\":\"F\u00f6rfattare\",\"item\":\"https:\/\/litteraturbanken.se\/ljudochbild\/forfattare\/\"},{\"@type\":\"ListItem\",\"position\":3,\"name\":\"Ernst Norlind\u00a0(1877\u20131952)\"}]},{\"@type\":\"WebSite\",\"@id\":\"https:\/\/litteraturbanken.se\/ljudochbild\/#website\",\"url\":\"https:\/\/litteraturbanken.se\/ljudochbild\/\",\"name\":\"Ljud & Bild\",\"description\":\"Ur Litteraturbankens samlingar\",\"potentialAction\":[{\"@type\":\"SearchAction\",\"target\":{\"@type\":\"EntryPoint\",\"urlTemplate\":\"https:\/\/litteraturbanken.se\/ljudochbild\/?s={search_term_string}\"},\"query-input\":{\"@type\":\"PropertyValueSpecification\",\"valueRequired\":true,\"valueName\":\"search_term_string\"}}],\"inLanguage\":\"sv-SE\"}]}<\/script>\n<!-- \/ Yoast SEO plugin. -->","yoast_head_json":{"title":"Ernst Norlind\u00a0(1877\u20131952) - Ljud &amp; Bild","robots":{"index":"index","follow":"follow","max-snippet":"max-snippet:-1","max-image-preview":"max-image-preview:large","max-video-preview":"max-video-preview:-1"},"canonical":"https:\/\/litteraturbanken.se\/ljudochbild\/forfattare\/norlinde\/","og_locale":"sv_SE","og_type":"article","og_title":"Ernst Norlind\u00a0(1877\u20131952) - Ljud &amp; Bild","og_description":"ERNST NORLIND: \u201dvar \u00e4ldst av de tre k\u00e4nda br\u00f6derna N. Han v\u00e4xte upp i en kulturellt livaktig men materiellt fattig pr\u00e4stg\u00e5rdsmilj\u00f6. Han mindes som vuxen hur han som barn fick f\u00f6lja sin mor p\u00e5 ett f\u00f6r\u00f6dmjukande bes\u00f6k hos [&hellip;]","og_url":"https:\/\/litteraturbanken.se\/ljudochbild\/forfattare\/norlinde\/","og_site_name":"Ljud &amp; Bild","article_publisher":"https:\/\/www.facebook.com\/Litteraturbanken.se","article_modified_time":"2025-03-03T13:57:53+00:00","og_image":[{"width":1200,"height":1586,"url":"https:\/\/litteraturbanken.se\/ljudochbild\/wp-content\/uploads\/2025\/03\/ernst_norlind.jpg","type":"image\/jpeg"}],"twitter_card":"summary_large_image","twitter_site":"@litteraturbank","twitter_misc":{"Ber\u00e4knad l\u00e4stid":"2 minuter"},"schema":{"@context":"https:\/\/schema.org","@graph":[{"@type":"WebPage","@id":"https:\/\/litteraturbanken.se\/ljudochbild\/forfattare\/norlinde\/","url":"https:\/\/litteraturbanken.se\/ljudochbild\/forfattare\/norlinde\/","name":"Ernst Norlind\u00a0(1877\u20131952) - Ljud &amp; Bild","isPartOf":{"@id":"https:\/\/litteraturbanken.se\/ljudochbild\/#website"},"primaryImageOfPage":{"@id":"https:\/\/litteraturbanken.se\/ljudochbild\/forfattare\/norlinde\/#primaryimage"},"image":{"@id":"https:\/\/litteraturbanken.se\/ljudochbild\/forfattare\/norlinde\/#primaryimage"},"thumbnailUrl":"https:\/\/litteraturbanken.se\/ljudochbild\/wp-content\/uploads\/2025\/03\/ernst_norlind.jpg","datePublished":"2025-03-03T13:57:52+00:00","dateModified":"2025-03-03T13:57:53+00:00","breadcrumb":{"@id":"https:\/\/litteraturbanken.se\/ljudochbild\/forfattare\/norlinde\/#breadcrumb"},"inLanguage":"sv-SE","potentialAction":[{"@type":"ReadAction","target":["https:\/\/litteraturbanken.se\/ljudochbild\/forfattare\/norlinde\/"]}]},{"@type":"ImageObject","inLanguage":"sv-SE","@id":"https:\/\/litteraturbanken.se\/ljudochbild\/forfattare\/norlinde\/#primaryimage","url":"https:\/\/litteraturbanken.se\/ljudochbild\/wp-content\/uploads\/2025\/03\/ernst_norlind.jpg","contentUrl":"https:\/\/litteraturbanken.se\/ljudochbild\/wp-content\/uploads\/2025\/03\/ernst_norlind.jpg","width":1200,"height":1586,"caption":"Ernst Norlind"},{"@type":"BreadcrumbList","@id":"https:\/\/litteraturbanken.se\/ljudochbild\/forfattare\/norlinde\/#breadcrumb","itemListElement":[{"@type":"ListItem","position":1,"name":"Hem","item":"https:\/\/litteraturbanken.se\/ljudochbild\/"},{"@type":"ListItem","position":2,"name":"F\u00f6rfattare","item":"https:\/\/litteraturbanken.se\/ljudochbild\/forfattare\/"},{"@type":"ListItem","position":3,"name":"Ernst Norlind\u00a0(1877\u20131952)"}]},{"@type":"WebSite","@id":"https:\/\/litteraturbanken.se\/ljudochbild\/#website","url":"https:\/\/litteraturbanken.se\/ljudochbild\/","name":"Ljud & Bild","description":"Ur Litteraturbankens samlingar","potentialAction":[{"@type":"SearchAction","target":{"@type":"EntryPoint","urlTemplate":"https:\/\/litteraturbanken.se\/ljudochbild\/?s={search_term_string}"},"query-input":{"@type":"PropertyValueSpecification","valueRequired":true,"valueName":"search_term_string"}}],"inLanguage":"sv-SE"}]}},"_links":{"self":[{"href":"https:\/\/litteraturbanken.se\/ljudochbild\/wp-json\/wp\/v2\/pages\/12906","targetHints":{"allow":["GET"]}}],"collection":[{"href":"https:\/\/litteraturbanken.se\/ljudochbild\/wp-json\/wp\/v2\/pages"}],"about":[{"href":"https:\/\/litteraturbanken.se\/ljudochbild\/wp-json\/wp\/v2\/types\/page"}],"author":[{"embeddable":true,"href":"https:\/\/litteraturbanken.se\/ljudochbild\/wp-json\/wp\/v2\/users\/5"}],"replies":[{"embeddable":true,"href":"https:\/\/litteraturbanken.se\/ljudochbild\/wp-json\/wp\/v2\/comments?post=12906"}],"version-history":[{"count":4,"href":"https:\/\/litteraturbanken.se\/ljudochbild\/wp-json\/wp\/v2\/pages\/12906\/revisions"}],"predecessor-version":[{"id":12911,"href":"https:\/\/litteraturbanken.se\/ljudochbild\/wp-json\/wp\/v2\/pages\/12906\/revisions\/12911"}],"up":[{"embeddable":true,"href":"https:\/\/litteraturbanken.se\/ljudochbild\/wp-json\/wp\/v2\/pages\/7"}],"wp:featuredmedia":[{"embeddable":true,"href":"https:\/\/litteraturbanken.se\/ljudochbild\/wp-json\/wp\/v2\/media\/12908"}],"wp:attachment":[{"href":"https:\/\/litteraturbanken.se\/ljudochbild\/wp-json\/wp\/v2\/media?parent=12906"}],"curies":[{"name":"wp","href":"https:\/\/api.w.org\/{rel}","templated":true}]}}