{"id":12934,"date":"2025-03-11T11:25:32","date_gmt":"2025-03-11T10:25:32","guid":{"rendered":"https:\/\/litteraturbanken.se\/ljudochbild\/?page_id=12934"},"modified":"2025-03-11T11:25:32","modified_gmt":"2025-03-11T10:25:32","slug":"inga-landgre","status":"publish","type":"page","link":"https:\/\/litteraturbanken.se\/ljudochbild\/upplasare\/inga-landgre\/","title":{"rendered":"Inga Landgr\u00e9"},"content":{"rendered":"<div class=\"wp-block-image\">\n<figure class=\"alignright size-large is-resized\"><img loading=\"lazy\" decoding=\"async\" width=\"745\" height=\"1024\" src=\"https:\/\/litteraturbanken.se\/ljudochbild\/wp-content\/uploads\/2025\/03\/ingalandgre-745x1024.jpg\" alt=\"Inga Landgr\u00e9\" class=\"wp-image-12938\" style=\"width:189px;height:auto\" srcset=\"https:\/\/litteraturbanken.se\/ljudochbild\/wp-content\/uploads\/2025\/03\/ingalandgre-745x1024.jpg 745w, https:\/\/litteraturbanken.se\/ljudochbild\/wp-content\/uploads\/2025\/03\/ingalandgre-218x300.jpg 218w, https:\/\/litteraturbanken.se\/ljudochbild\/wp-content\/uploads\/2025\/03\/ingalandgre-768x1056.jpg 768w, https:\/\/litteraturbanken.se\/ljudochbild\/wp-content\/uploads\/2025\/03\/ingalandgre-1117x1536.jpg 1117w, https:\/\/litteraturbanken.se\/ljudochbild\/wp-content\/uploads\/2025\/03\/ingalandgre-480x660.jpg 480w, https:\/\/litteraturbanken.se\/ljudochbild\/wp-content\/uploads\/2025\/03\/ingalandgre.jpg 1200w\" sizes=\"auto, (max-width: 745px) 100vw, 745px\" \/><\/figure>\n<\/div>\n\n\n<p>I Litteraturbankens ljudsamlingar \u00e4r sk\u00e5despelaren Inga Landgr\u00e9 (1927\u20132023) representerad som inl\u00e4sare av\u00a0<a href=\"https:\/\/litteraturbanken.se\/ljudochbild\/forfattare\/dahlbergf\/\">Folke Dahlbergs<\/a> dikter ur samlingen <em>Segel<\/em> (1959). Inl\u00e4sningarna \u00e4r h\u00e4mtade fr\u00e5n radioprogrammet \u201dSegel. Folke Dahlberg intervjuas p\u00e5 Heidenstamdagen\u201d som s\u00e4ndes i samband med att Dahlberg mottog \u00d6vralidspriset 1960.<\/p>\n\n\n\n<div style=\"height:15px\" aria-hidden=\"true\" class=\"wp-block-spacer\"><\/div>\n\n\n<div class=\"wp-playlist wp-audio-playlist wp-playlist-light\">\n\t\t\t<div class=\"wp-playlist-current-item\"><\/div>\n\t\t<audio controls=\"controls\" preload=\"none\" width=\"618\"\n\t\t\t><\/audio>\n\t<div class=\"wp-playlist-next\"><\/div>\n\t<div class=\"wp-playlist-prev\"><\/div>\n\t<noscript>\n\t<ol>\n\t\t<li><a href='https:\/\/litteraturbanken.se\/ljudochbild\/wp-content\/uploads\/2025\/03\/dahlberg_attvaratradetnarmast_landgre.mp3'>Att vara tr\u00e4det n\u00e4rmast i all\u00e9er under morgondimman<\/a><\/li><li><a href='https:\/\/litteraturbanken.se\/ljudochbild\/wp-content\/uploads\/2025\/03\/dahlberg_denmildadagen_landgre.mp3'>Den milda dagen l\u00e5nade till slut<\/a><\/li><li><a href='https:\/\/litteraturbanken.se\/ljudochbild\/wp-content\/uploads\/2025\/03\/dahlberg_detaravvikt_landgre.mp3'>Det \u00e4r av vikt att inte somna<\/a><\/li><li><a href='https:\/\/litteraturbanken.se\/ljudochbild\/wp-content\/uploads\/2025\/03\/dahlberg_jagbehoveringafribord_landgre.mp3'>Jag beh\u00f6ver inga fribord och ingen k\u00f6l<\/a><\/li><li><a href='https:\/\/litteraturbanken.se\/ljudochbild\/wp-content\/uploads\/2025\/03\/dahlberg_jaggorgemensamsak_landgre.mp3'>Jag g\u00f6r gemensam sak med fjol\u00e5rsl\u00f6ven<\/a><\/li><li><a href='https:\/\/litteraturbanken.se\/ljudochbild\/wp-content\/uploads\/2025\/03\/dahlberg_vemarminarbetsgivare_landgre.mp3'>Vem \u00e4r min arbetsgivare<\/a><\/li>\t<\/ol>\n\t<\/noscript>\n\t<script type=\"application\/json\" class=\"wp-playlist-script\">{\"type\":\"audio\",\"tracklist\":true,\"tracknumbers\":true,\"images\":true,\"artists\":true,\"tracks\":[{\"src\":\"https:\/\/litteraturbanken.se\/ljudochbild\/wp-content\/uploads\/2025\/03\/dahlberg_attvaratradetnarmast_landgre.mp3\",\"type\":\"audio\/mpeg\",\"title\":\"Att vara tr\\u00e4det n\\u00e4rmast i all\\u00e9er under morgondimman\",\"caption\":\"\",\"description\":\"\\u201dAtt vara tr\\u00e4det n\\u00e4rmast i all\\u00e9er under morgondimman\\u201d fr\\u00e5n Folke Dahlberg av Inga Landgr\\u00e9 l\\u00e4ser Folke Dahlberg (1960).\",\"meta\":{\"artist\":\"Inga Landgr\\u00e9 l\\u00e4ser Folke Dahlberg (1960)\",\"album\":\"Folke Dahlberg\",\"length_formatted\":\"1:06\"},\"image\":{\"src\":\"https:\/\/litteraturbanken.se\/ljudochbild\/wp-content\/uploads\/2019\/09\/wide_gub_wide-mp3-image.png\",\"width\":580,\"height\":612},\"thumb\":{\"src\":\"https:\/\/litteraturbanken.se\/ljudochbild\/wp-content\/uploads\/2019\/09\/wide_gub_wide-mp3-image-150x150.png\",\"width\":150,\"height\":150}},{\"src\":\"https:\/\/litteraturbanken.se\/ljudochbild\/wp-content\/uploads\/2025\/03\/dahlberg_denmildadagen_landgre.mp3\",\"type\":\"audio\/mpeg\",\"title\":\"Den milda dagen l\\u00e5nade till slut\",\"caption\":\"\",\"description\":\"\\u201dDen milda dagen l\\u00e5nade till slut\\u201d fr\\u00e5n Folke Dahlberg av Inga Landgr\\u00e9 l\\u00e4ser Folke Dahlberg (1960).\",\"meta\":{\"artist\":\"Inga Landgr\\u00e9 l\\u00e4ser Folke Dahlberg (1960)\",\"album\":\"Folke Dahlberg\",\"length_formatted\":\"0:59\"},\"image\":{\"src\":\"https:\/\/litteraturbanken.se\/ljudochbild\/wp-content\/uploads\/2019\/09\/wide_gub_wide-mp3-image.png\",\"width\":580,\"height\":612},\"thumb\":{\"src\":\"https:\/\/litteraturbanken.se\/ljudochbild\/wp-content\/uploads\/2019\/09\/wide_gub_wide-mp3-image-150x150.png\",\"width\":150,\"height\":150}},{\"src\":\"https:\/\/litteraturbanken.se\/ljudochbild\/wp-content\/uploads\/2025\/03\/dahlberg_detaravvikt_landgre.mp3\",\"type\":\"audio\/mpeg\",\"title\":\"Det \\u00e4r av vikt att inte somna\",\"caption\":\"\",\"description\":\"\\u201dDet \\u00e4r av vikt att inte somna\\u201d fr\\u00e5n Folke Dahlberg av Inga Landgr\\u00e9 l\\u00e4ser Folke Dahlberg (1960).\",\"meta\":{\"artist\":\"Inga Landgr\\u00e9 l\\u00e4ser Folke Dahlberg (1960)\",\"album\":\"Folke Dahlberg\",\"length_formatted\":\"0:30\"},\"image\":{\"src\":\"https:\/\/litteraturbanken.se\/ljudochbild\/wp-content\/uploads\/2019\/09\/wide_gub_wide-mp3-image.png\",\"width\":580,\"height\":612},\"thumb\":{\"src\":\"https:\/\/litteraturbanken.se\/ljudochbild\/wp-content\/uploads\/2019\/09\/wide_gub_wide-mp3-image-150x150.png\",\"width\":150,\"height\":150}},{\"src\":\"https:\/\/litteraturbanken.se\/ljudochbild\/wp-content\/uploads\/2025\/03\/dahlberg_jagbehoveringafribord_landgre.mp3\",\"type\":\"audio\/mpeg\",\"title\":\"Jag beh\\u00f6ver inga fribord och ingen k\\u00f6l\",\"caption\":\"\",\"description\":\"\\u201dJag beh\\u00f6ver inga fribord och ingen k\\u00f6l\\u201d fr\\u00e5n Folke Dahlberg av Inga Landgr\\u00e9 l\\u00e4ser Folke Dahlberg (1960).\",\"meta\":{\"artist\":\"Inga Landgr\\u00e9 l\\u00e4ser Folke Dahlberg (1960)\",\"album\":\"Folke Dahlberg\",\"length_formatted\":\"0:41\"},\"image\":{\"src\":\"https:\/\/litteraturbanken.se\/ljudochbild\/wp-content\/uploads\/2019\/09\/wide_gub_wide-mp3-image.png\",\"width\":580,\"height\":612},\"thumb\":{\"src\":\"https:\/\/litteraturbanken.se\/ljudochbild\/wp-content\/uploads\/2019\/09\/wide_gub_wide-mp3-image-150x150.png\",\"width\":150,\"height\":150}},{\"src\":\"https:\/\/litteraturbanken.se\/ljudochbild\/wp-content\/uploads\/2025\/03\/dahlberg_jaggorgemensamsak_landgre.mp3\",\"type\":\"audio\/mpeg\",\"title\":\"Jag g\\u00f6r gemensam sak med fjol\\u00e5rsl\\u00f6ven\",\"caption\":\"\",\"description\":\"\\u201dJag g\\u00f6r gemensam sak med fjol\\u00e5rsl\\u00f6ven\\u201d fr\\u00e5n Folke Dahlberg av Inga Landgr\\u00e9 l\\u00e4ser Folke Dahlberg (1960).\",\"meta\":{\"artist\":\"Inga Landgr\\u00e9 l\\u00e4ser Folke Dahlberg (1960)\",\"album\":\"Folke Dahlberg\",\"length_formatted\":\"1:10\"},\"image\":{\"src\":\"https:\/\/litteraturbanken.se\/ljudochbild\/wp-content\/uploads\/2019\/09\/wide_gub_wide-mp3-image.png\",\"width\":580,\"height\":612},\"thumb\":{\"src\":\"https:\/\/litteraturbanken.se\/ljudochbild\/wp-content\/uploads\/2019\/09\/wide_gub_wide-mp3-image-150x150.png\",\"width\":150,\"height\":150}},{\"src\":\"https:\/\/litteraturbanken.se\/ljudochbild\/wp-content\/uploads\/2025\/03\/dahlberg_vemarminarbetsgivare_landgre.mp3\",\"type\":\"audio\/mpeg\",\"title\":\"Vem \\u00e4r min arbetsgivare\",\"caption\":\"\",\"description\":\"\\u201dVem \\u00e4r min arbetsgivare\\u201d fr\\u00e5n Folke Dahlberg av Inga Landgr\\u00e9 l\\u00e4ser Folke Dahlberg (1960).\",\"meta\":{\"artist\":\"Inga Landgr\\u00e9 l\\u00e4ser Folke Dahlberg (1960)\",\"album\":\"Folke Dahlberg\",\"length_formatted\":\"0:52\"},\"image\":{\"src\":\"https:\/\/litteraturbanken.se\/ljudochbild\/wp-content\/uploads\/2019\/09\/wide_gub_wide-mp3-image.png\",\"width\":580,\"height\":612},\"thumb\":{\"src\":\"https:\/\/litteraturbanken.se\/ljudochbild\/wp-content\/uploads\/2019\/09\/wide_gub_wide-mp3-image-150x150.png\",\"width\":150,\"height\":150}}]}<\/script>\n<\/div>\n\t\n\n\n\n<hr class=\"wp-block-separator has-alpha-channel-opacity\"\/>\n\n\n\n<p><em>Inspelningarna tillg\u00e4ngligg\u00f6rs h\u00e4r med tillst\u00e5nd fr\u00e5n r\u00e4ttighetshavarna och Sveriges Radio. \u2013 Fotografiet ovanf\u00f6r har vi l\u00e5nat fr\u00e5n <a href=\"https:\/\/www.svenskfilmdatabas.se\/sv\/item\/?type=person&amp;itemid=61648\" target=\"_blank\" rel=\"noreferrer noopener\">Svensk filmdatabas<\/a>.<\/em><\/p>\n","protected":false},"excerpt":{"rendered":"<p>I Litteraturbankens ljudsamlingar \u00e4r sk\u00e5despelaren Inga Landgr\u00e9 (1927\u20132023) representerad som inl\u00e4sare av\u00a0Folke Dahlbergs dikter ur samlingen Segel (1959). Inl\u00e4sningarna \u00e4r h\u00e4mtade fr\u00e5n radioprogrammet \u201dSegel. Folke Dahlberg intervjuas p\u00e5 Heidenstamdagen\u201d som s\u00e4ndes i samband med att Dahlberg mottog \u00d6vralidspriset [&hellip;]<\/p>\n","protected":false},"author":5,"featured_media":12938,"parent":8,"menu_order":0,"comment_status":"closed","ping_status":"closed","template":"","meta":{"footnotes":""},"class_list":["post-12934","page","type-page","status-publish","has-post-thumbnail","hentry"],"yoast_head":"<!-- This site is optimized with the Yoast SEO plugin v27.1.1 - https:\/\/yoast.com\/product\/yoast-seo-wordpress\/ -->\n<title>Inga Landgr\u00e9 - Ljud &amp; Bild<\/title>\n<meta name=\"robots\" content=\"index, follow, max-snippet:-1, max-image-preview:large, max-video-preview:-1\" \/>\n<link rel=\"canonical\" href=\"https:\/\/litteraturbanken.se\/ljudochbild\/upplasare\/inga-landgre\/\" \/>\n<meta property=\"og:locale\" content=\"sv_SE\" \/>\n<meta property=\"og:type\" content=\"article\" \/>\n<meta property=\"og:title\" content=\"Inga Landgr\u00e9 - Ljud &amp; Bild\" \/>\n<meta property=\"og:description\" content=\"I Litteraturbankens ljudsamlingar \u00e4r sk\u00e5despelaren Inga Landgr\u00e9 (1927\u20132023) representerad som inl\u00e4sare av\u00a0Folke Dahlbergs dikter ur samlingen Segel (1959). Inl\u00e4sningarna \u00e4r h\u00e4mtade fr\u00e5n radioprogrammet \u201dSegel. Folke Dahlberg intervjuas p\u00e5 Heidenstamdagen\u201d som s\u00e4ndes i samband med att Dahlberg mottog \u00d6vralidspriset [&hellip;]\" \/>\n<meta property=\"og:url\" content=\"https:\/\/litteraturbanken.se\/ljudochbild\/upplasare\/inga-landgre\/\" \/>\n<meta property=\"og:site_name\" content=\"Ljud &amp; Bild\" \/>\n<meta property=\"article:publisher\" content=\"https:\/\/www.facebook.com\/Litteraturbanken.se\" \/>\n<meta property=\"og:image\" content=\"https:\/\/litteraturbanken.se\/ljudochbild\/wp-content\/uploads\/2025\/03\/ingalandgre.jpg\" \/>\n\t<meta property=\"og:image:width\" content=\"1200\" \/>\n\t<meta property=\"og:image:height\" content=\"1650\" \/>\n\t<meta property=\"og:image:type\" content=\"image\/jpeg\" \/>\n<meta name=\"twitter:card\" content=\"summary_large_image\" \/>\n<meta name=\"twitter:site\" content=\"@litteraturbank\" \/>\n<meta name=\"twitter:label1\" content=\"Ber\u00e4knad l\u00e4stid\" \/>\n\t<meta name=\"twitter:data1\" content=\"1 minut\" \/>\n<script type=\"application\/ld+json\" class=\"yoast-schema-graph\">{\"@context\":\"https:\/\/schema.org\",\"@graph\":[{\"@type\":\"WebPage\",\"@id\":\"https:\/\/litteraturbanken.se\/ljudochbild\/upplasare\/inga-landgre\/\",\"url\":\"https:\/\/litteraturbanken.se\/ljudochbild\/upplasare\/inga-landgre\/\",\"name\":\"Inga Landgr\u00e9 - Ljud &amp; Bild\",\"isPartOf\":{\"@id\":\"https:\/\/litteraturbanken.se\/ljudochbild\/#website\"},\"primaryImageOfPage\":{\"@id\":\"https:\/\/litteraturbanken.se\/ljudochbild\/upplasare\/inga-landgre\/#primaryimage\"},\"image\":{\"@id\":\"https:\/\/litteraturbanken.se\/ljudochbild\/upplasare\/inga-landgre\/#primaryimage\"},\"thumbnailUrl\":\"https:\/\/litteraturbanken.se\/ljudochbild\/wp-content\/uploads\/2025\/03\/ingalandgre.jpg\",\"datePublished\":\"2025-03-11T10:25:32+00:00\",\"breadcrumb\":{\"@id\":\"https:\/\/litteraturbanken.se\/ljudochbild\/upplasare\/inga-landgre\/#breadcrumb\"},\"inLanguage\":\"sv-SE\",\"potentialAction\":[{\"@type\":\"ReadAction\",\"target\":[\"https:\/\/litteraturbanken.se\/ljudochbild\/upplasare\/inga-landgre\/\"]}]},{\"@type\":\"ImageObject\",\"inLanguage\":\"sv-SE\",\"@id\":\"https:\/\/litteraturbanken.se\/ljudochbild\/upplasare\/inga-landgre\/#primaryimage\",\"url\":\"https:\/\/litteraturbanken.se\/ljudochbild\/wp-content\/uploads\/2025\/03\/ingalandgre.jpg\",\"contentUrl\":\"https:\/\/litteraturbanken.se\/ljudochbild\/wp-content\/uploads\/2025\/03\/ingalandgre.jpg\",\"width\":1200,\"height\":1650,\"caption\":\"Inga Landgr\u00e9\"},{\"@type\":\"BreadcrumbList\",\"@id\":\"https:\/\/litteraturbanken.se\/ljudochbild\/upplasare\/inga-landgre\/#breadcrumb\",\"itemListElement\":[{\"@type\":\"ListItem\",\"position\":1,\"name\":\"Hem\",\"item\":\"https:\/\/litteraturbanken.se\/ljudochbild\/\"},{\"@type\":\"ListItem\",\"position\":2,\"name\":\"Privat: Uppl\u00e4sare\",\"item\":\"https:\/\/litteraturbanken.se\/ljudochbild\/?page_id=8\"},{\"@type\":\"ListItem\",\"position\":3,\"name\":\"Inga Landgr\u00e9\"}]},{\"@type\":\"WebSite\",\"@id\":\"https:\/\/litteraturbanken.se\/ljudochbild\/#website\",\"url\":\"https:\/\/litteraturbanken.se\/ljudochbild\/\",\"name\":\"Ljud & Bild\",\"description\":\"Ur Litteraturbankens samlingar\",\"potentialAction\":[{\"@type\":\"SearchAction\",\"target\":{\"@type\":\"EntryPoint\",\"urlTemplate\":\"https:\/\/litteraturbanken.se\/ljudochbild\/?s={search_term_string}\"},\"query-input\":{\"@type\":\"PropertyValueSpecification\",\"valueRequired\":true,\"valueName\":\"search_term_string\"}}],\"inLanguage\":\"sv-SE\"}]}<\/script>\n<!-- \/ Yoast SEO plugin. -->","yoast_head_json":{"title":"Inga Landgr\u00e9 - Ljud &amp; Bild","robots":{"index":"index","follow":"follow","max-snippet":"max-snippet:-1","max-image-preview":"max-image-preview:large","max-video-preview":"max-video-preview:-1"},"canonical":"https:\/\/litteraturbanken.se\/ljudochbild\/upplasare\/inga-landgre\/","og_locale":"sv_SE","og_type":"article","og_title":"Inga Landgr\u00e9 - Ljud &amp; Bild","og_description":"I Litteraturbankens ljudsamlingar \u00e4r sk\u00e5despelaren Inga Landgr\u00e9 (1927\u20132023) representerad som inl\u00e4sare av\u00a0Folke Dahlbergs dikter ur samlingen Segel (1959). Inl\u00e4sningarna \u00e4r h\u00e4mtade fr\u00e5n radioprogrammet \u201dSegel. Folke Dahlberg intervjuas p\u00e5 Heidenstamdagen\u201d som s\u00e4ndes i samband med att Dahlberg mottog \u00d6vralidspriset [&hellip;]","og_url":"https:\/\/litteraturbanken.se\/ljudochbild\/upplasare\/inga-landgre\/","og_site_name":"Ljud &amp; Bild","article_publisher":"https:\/\/www.facebook.com\/Litteraturbanken.se","og_image":[{"width":1200,"height":1650,"url":"https:\/\/litteraturbanken.se\/ljudochbild\/wp-content\/uploads\/2025\/03\/ingalandgre.jpg","type":"image\/jpeg"}],"twitter_card":"summary_large_image","twitter_site":"@litteraturbank","twitter_misc":{"Ber\u00e4knad l\u00e4stid":"1 minut"},"schema":{"@context":"https:\/\/schema.org","@graph":[{"@type":"WebPage","@id":"https:\/\/litteraturbanken.se\/ljudochbild\/upplasare\/inga-landgre\/","url":"https:\/\/litteraturbanken.se\/ljudochbild\/upplasare\/inga-landgre\/","name":"Inga Landgr\u00e9 - Ljud &amp; Bild","isPartOf":{"@id":"https:\/\/litteraturbanken.se\/ljudochbild\/#website"},"primaryImageOfPage":{"@id":"https:\/\/litteraturbanken.se\/ljudochbild\/upplasare\/inga-landgre\/#primaryimage"},"image":{"@id":"https:\/\/litteraturbanken.se\/ljudochbild\/upplasare\/inga-landgre\/#primaryimage"},"thumbnailUrl":"https:\/\/litteraturbanken.se\/ljudochbild\/wp-content\/uploads\/2025\/03\/ingalandgre.jpg","datePublished":"2025-03-11T10:25:32+00:00","breadcrumb":{"@id":"https:\/\/litteraturbanken.se\/ljudochbild\/upplasare\/inga-landgre\/#breadcrumb"},"inLanguage":"sv-SE","potentialAction":[{"@type":"ReadAction","target":["https:\/\/litteraturbanken.se\/ljudochbild\/upplasare\/inga-landgre\/"]}]},{"@type":"ImageObject","inLanguage":"sv-SE","@id":"https:\/\/litteraturbanken.se\/ljudochbild\/upplasare\/inga-landgre\/#primaryimage","url":"https:\/\/litteraturbanken.se\/ljudochbild\/wp-content\/uploads\/2025\/03\/ingalandgre.jpg","contentUrl":"https:\/\/litteraturbanken.se\/ljudochbild\/wp-content\/uploads\/2025\/03\/ingalandgre.jpg","width":1200,"height":1650,"caption":"Inga Landgr\u00e9"},{"@type":"BreadcrumbList","@id":"https:\/\/litteraturbanken.se\/ljudochbild\/upplasare\/inga-landgre\/#breadcrumb","itemListElement":[{"@type":"ListItem","position":1,"name":"Hem","item":"https:\/\/litteraturbanken.se\/ljudochbild\/"},{"@type":"ListItem","position":2,"name":"Privat: Uppl\u00e4sare","item":"https:\/\/litteraturbanken.se\/ljudochbild\/?page_id=8"},{"@type":"ListItem","position":3,"name":"Inga Landgr\u00e9"}]},{"@type":"WebSite","@id":"https:\/\/litteraturbanken.se\/ljudochbild\/#website","url":"https:\/\/litteraturbanken.se\/ljudochbild\/","name":"Ljud & Bild","description":"Ur Litteraturbankens samlingar","potentialAction":[{"@type":"SearchAction","target":{"@type":"EntryPoint","urlTemplate":"https:\/\/litteraturbanken.se\/ljudochbild\/?s={search_term_string}"},"query-input":{"@type":"PropertyValueSpecification","valueRequired":true,"valueName":"search_term_string"}}],"inLanguage":"sv-SE"}]}},"_links":{"self":[{"href":"https:\/\/litteraturbanken.se\/ljudochbild\/wp-json\/wp\/v2\/pages\/12934","targetHints":{"allow":["GET"]}}],"collection":[{"href":"https:\/\/litteraturbanken.se\/ljudochbild\/wp-json\/wp\/v2\/pages"}],"about":[{"href":"https:\/\/litteraturbanken.se\/ljudochbild\/wp-json\/wp\/v2\/types\/page"}],"author":[{"embeddable":true,"href":"https:\/\/litteraturbanken.se\/ljudochbild\/wp-json\/wp\/v2\/users\/5"}],"replies":[{"embeddable":true,"href":"https:\/\/litteraturbanken.se\/ljudochbild\/wp-json\/wp\/v2\/comments?post=12934"}],"version-history":[{"count":5,"href":"https:\/\/litteraturbanken.se\/ljudochbild\/wp-json\/wp\/v2\/pages\/12934\/revisions"}],"predecessor-version":[{"id":12940,"href":"https:\/\/litteraturbanken.se\/ljudochbild\/wp-json\/wp\/v2\/pages\/12934\/revisions\/12940"}],"up":[{"embeddable":true,"href":"https:\/\/litteraturbanken.se\/ljudochbild\/wp-json\/wp\/v2\/pages\/8"}],"wp:featuredmedia":[{"embeddable":true,"href":"https:\/\/litteraturbanken.se\/ljudochbild\/wp-json\/wp\/v2\/media\/12938"}],"wp:attachment":[{"href":"https:\/\/litteraturbanken.se\/ljudochbild\/wp-json\/wp\/v2\/media?parent=12934"}],"curies":[{"name":"wp","href":"https:\/\/api.w.org\/{rel}","templated":true}]}}