{"id":13003,"date":"2025-03-28T13:54:47","date_gmt":"2025-03-28T12:54:47","guid":{"rendered":"https:\/\/litteraturbanken.se\/ljudochbild\/?page_id=13003"},"modified":"2025-04-07T11:22:11","modified_gmt":"2025-04-07T09:22:11","slug":"sernerg","status":"publish","type":"page","link":"https:\/\/litteraturbanken.se\/ljudochbild\/forfattare\/sernerg\/","title":{"rendered":"Frank Heller (1886\u20131947)"},"content":{"rendered":"<div class=\"wp-block-image\">\n<figure class=\"alignright size-large is-resized\"><img loading=\"lazy\" decoding=\"async\" width=\"710\" height=\"1024\" src=\"https:\/\/litteraturbanken.se\/ljudochbild\/wp-content\/uploads\/2025\/03\/frank_heller_collina-710x1024.jpg\" alt=\"Frank Heller\" class=\"wp-image-12982\" style=\"width:218px;height:auto\" srcset=\"https:\/\/litteraturbanken.se\/ljudochbild\/wp-content\/uploads\/2025\/03\/frank_heller_collina-710x1024.jpg 710w, https:\/\/litteraturbanken.se\/ljudochbild\/wp-content\/uploads\/2025\/03\/frank_heller_collina-208x300.jpg 208w, https:\/\/litteraturbanken.se\/ljudochbild\/wp-content\/uploads\/2025\/03\/frank_heller_collina-768x1107.jpg 768w, https:\/\/litteraturbanken.se\/ljudochbild\/wp-content\/uploads\/2025\/03\/frank_heller_collina-1065x1536.jpg 1065w, https:\/\/litteraturbanken.se\/ljudochbild\/wp-content\/uploads\/2025\/03\/frank_heller_collina-480x692.jpg 480w, https:\/\/litteraturbanken.se\/ljudochbild\/wp-content\/uploads\/2025\/03\/frank_heller_collina.jpg 1200w\" sizes=\"auto, (max-width: 710px) 100vw, 710px\" \/><\/figure>\n<\/div>\n\n\n<p>FRANK HELLER \u00e4r en pseudonym f\u00f6r GUNNAR SERNER: \u201dDet akademiska underbarnet Gunnar Serner hade vid 15 \u00e5rs \u00e5lder avlagt mogenhetsexamen i Lund och blev 23 \u00e5r gammal s\u00e5v\u00e4l filosofie licentiat i engelska p\u00e5 avhandlingen <em>Om stil och ordbildning i Swinburne&#8217;s lyriska och episka diktning<\/em> som filosofie doktor p\u00e5 dissertationen <em>On the language of Swinburne&#8217;s lyrics and epics<\/em> (1910). Tiden i Lund fick en genomgripande betydelse i Serners liv och f\u00f6r hans f\u00f6rfattarskap, och flera av hans bekanta fr\u00e5n studentlivet kom att \u00e4ven senare spela viktiga roller, bland dem den legendariske \u00f6verliggaren Sam Ask, Bertil Malmberg och <a href=\"https:\/\/litteraturbanken.se\/f\u00f6rfattare\/M\u00f6llerA\/titlar\" target=\"_blank\" rel=\"noreferrer noopener\">Artur M\u00f6ller<\/a>. 1911 fortsatte Serner en i Esl\u00f6v inledd yrkesbana som l\u00e4roverksl\u00e4rare n\u00e4r han genomgick praktisk l\u00e4rarutbildning vid Katedralskolan i Lund.\u201d<\/p>\n\n\n\n<p>Stycket kommer ur Dag Hedmans artikel om Frank Heller i&nbsp;<a href=\"https:\/\/sok.riksarkivet.se\/sbl\/Presentation.aspx?id=5867\">Svenskt biografiskt lexikon<\/a>.<\/p>\n\n\n\n<div class=\"wp-block-buttons is-layout-flex wp-block-buttons-is-layout-flex\">\n<div class=\"wp-block-button has-custom-font-size read-more-button\" style=\"font-size:14px\"><a class=\"wp-block-button__link has-white-color has-text-color has-background wp-element-button\" href=\"https:\/\/sok.riksarkivet.se\/sbl\/Presentation.aspx?id=5867\" style=\"border-radius:0px;background-color:#cd2400\" target=\"_blank\" rel=\"noopener noreferrer noopener\"><strong>L\u00c4S MER OM FRANK HELLER<\/strong><\/a><\/div>\n\n\n\n<div class=\"wp-block-button has-custom-font-size read-more-button\" style=\"font-size:14px\"><a class=\"wp-block-button__link has-white-color has-text-color has-background wp-element-button\" href=\"https:\/\/litteraturbanken.se\/f\u00f6rfattare\/SernerG\/titlar\" style=\"border-radius:0px;background-color:#cd2400\" target=\"_blank\" rel=\"noopener noreferrer noopener\"><strong>L\u00c4S FRANK HELLERS VERK HOS LB.SE<\/strong><\/a><\/div>\n<\/div>\n\n\n\n<div style=\"height:30px\" aria-hidden=\"true\" class=\"wp-block-spacer\"><\/div>\n\n\n\n<div style=\"height:5px\" aria-hidden=\"true\" class=\"wp-block-spacer\"><\/div>\n\n\n\n<div class=\"wp-playlist wp-audio-playlist wp-playlist-light\">\n\t\t\t<div class=\"wp-playlist-current-item\"><\/div>\n\t\t<audio controls=\"controls\" preload=\"none\" width=\"618\"\n\t\t\t><\/audio>\n\t<div class=\"wp-playlist-next\"><\/div>\n\t<div class=\"wp-playlist-prev\"><\/div>\n\t<noscript>\n\t<ol>\n\t\t<li><a href='https:\/\/litteraturbanken.se\/ljudochbild\/wp-content\/uploads\/2023\/11\/heller_attskrivaaventyrsromaner_heller.mp3'>Att skriva \u00e4ventyrsromaner. En intervju<\/a><\/li><li><a href='https:\/\/litteraturbanken.se\/ljudochbild\/wp-content\/uploads\/2025\/04\/heller_blickpaschweiz1_heller.mp3'>Blick p\u00e5 Schweiz. Del 1<\/a><\/li><li><a href='https:\/\/litteraturbanken.se\/ljudochbild\/wp-content\/uploads\/2025\/04\/heller_blickpaschweiz2_heller.mp3'>Blick p\u00e5 Schweiz. Del 2<\/a><\/li><li><a href='https:\/\/litteraturbanken.se\/ljudochbild\/wp-content\/uploads\/2025\/04\/heller_blickpaschweiz3_heller.mp3'>Blick p\u00e5 Schweiz. Del 3<\/a><\/li><li><a href='https:\/\/litteraturbanken.se\/ljudochbild\/wp-content\/uploads\/2023\/11\/heller_detektivberattelsen_heller.mp3'>K\u00e5seri om detektivber\u00e4ttelser<\/a><\/li><li><a href='https:\/\/litteraturbanken.se\/ljudochbild\/wp-content\/uploads\/2023\/11\/heller_storhertigensefterlamnade_heller.mp3'>Storhertigens efterl\u00e4mnade finanser<\/a><\/li>\t<\/ol>\n\t<\/noscript>\n\t<script type=\"application\/json\" class=\"wp-playlist-script\">{\"type\":\"audio\",\"tracklist\":true,\"tracknumbers\":true,\"images\":true,\"artists\":true,\"tracks\":[{\"src\":\"https:\/\/litteraturbanken.se\/ljudochbild\/wp-content\/uploads\/2023\/11\/heller_attskrivaaventyrsromaner_heller.mp3\",\"type\":\"audio\/mpeg\",\"title\":\"Att skriva \\u00e4ventyrsromaner. En intervju\",\"caption\":\"\",\"description\":\"\\u201dAtt skriva \\u00e4ventyrsromaner. Intervju\\u201d fr\\u00e5n Frank Heller (Gunnar Serner) av Frank Heller i Sveriges Radio (1943). Sl\\u00e4ppt: 1943.\",\"meta\":{\"artist\":\"Frank Heller i Sveriges Radio (1943)\",\"album\":\"Frank Heller (Gunnar Serner)\",\"year\":\"1943\",\"length_formatted\":\"11:56\"},\"image\":{\"src\":\"https:\/\/litteraturbanken.se\/ljudochbild\/wp-content\/uploads\/2019\/09\/wide_gub_wide-mp3-image.png\",\"width\":580,\"height\":612},\"thumb\":{\"src\":\"https:\/\/litteraturbanken.se\/ljudochbild\/wp-content\/uploads\/2019\/09\/wide_gub_wide-mp3-image-150x150.png\",\"width\":150,\"height\":150}},{\"src\":\"https:\/\/litteraturbanken.se\/ljudochbild\/wp-content\/uploads\/2025\/04\/heller_blickpaschweiz1_heller.mp3\",\"type\":\"audio\/mpeg\",\"title\":\"Blick p\\u00e5 Schweiz. Del 1\",\"caption\":\"\",\"description\":\"\\u201dBlick p\\u00e5 Schweiz. Del 1\\u201d fr\\u00e5n Frank Heller av Frank Heller i Sveriges Radio (1946).\",\"meta\":{\"artist\":\"Frank Heller i Sveriges Radio (1946)\",\"album\":\"Frank Heller\",\"length_formatted\":\"8:25\"},\"image\":{\"src\":\"https:\/\/litteraturbanken.se\/ljudochbild\/wp-content\/uploads\/2019\/09\/wide_gub_wide-mp3-image.png\",\"width\":580,\"height\":612},\"thumb\":{\"src\":\"https:\/\/litteraturbanken.se\/ljudochbild\/wp-content\/uploads\/2019\/09\/wide_gub_wide-mp3-image-150x150.png\",\"width\":150,\"height\":150}},{\"src\":\"https:\/\/litteraturbanken.se\/ljudochbild\/wp-content\/uploads\/2025\/04\/heller_blickpaschweiz2_heller.mp3\",\"type\":\"audio\/mpeg\",\"title\":\"Blick p\\u00e5 Schweiz. Del 2\",\"caption\":\"\",\"description\":\"\\u201dBlick p\\u00e5 Schweiz. Del 2\\u201d fr\\u00e5n Frank Heller av Frank Heller i Sveriges Radio (1946).\",\"meta\":{\"artist\":\"Frank Heller i Sveriges Radio (1946)\",\"album\":\"Frank Heller\",\"length_formatted\":\"8:14\"},\"image\":{\"src\":\"https:\/\/litteraturbanken.se\/ljudochbild\/wp-content\/uploads\/2019\/09\/wide_gub_wide-mp3-image.png\",\"width\":580,\"height\":612},\"thumb\":{\"src\":\"https:\/\/litteraturbanken.se\/ljudochbild\/wp-content\/uploads\/2019\/09\/wide_gub_wide-mp3-image-150x150.png\",\"width\":150,\"height\":150}},{\"src\":\"https:\/\/litteraturbanken.se\/ljudochbild\/wp-content\/uploads\/2025\/04\/heller_blickpaschweiz3_heller.mp3\",\"type\":\"audio\/mpeg\",\"title\":\"Blick p\\u00e5 Schweiz. Del 3\",\"caption\":\"\",\"description\":\"\\u201dBlick p\\u00e5 Schweiz. Del 3\\u201d fr\\u00e5n Frank Heller av Frank Heller i Sveriges Radio (1946).\",\"meta\":{\"artist\":\"Frank Heller i Sveriges Radio (1946)\",\"album\":\"Frank Heller\",\"length_formatted\":\"7:52\"},\"image\":{\"src\":\"https:\/\/litteraturbanken.se\/ljudochbild\/wp-content\/uploads\/2019\/09\/wide_gub_wide-mp3-image.png\",\"width\":580,\"height\":612},\"thumb\":{\"src\":\"https:\/\/litteraturbanken.se\/ljudochbild\/wp-content\/uploads\/2019\/09\/wide_gub_wide-mp3-image-150x150.png\",\"width\":150,\"height\":150}},{\"src\":\"https:\/\/litteraturbanken.se\/ljudochbild\/wp-content\/uploads\/2023\/11\/heller_detektivberattelsen_heller.mp3\",\"type\":\"audio\/mpeg\",\"title\":\"K\\u00e5seri om detektivber\\u00e4ttelser\",\"caption\":\"\",\"description\":\"\\u201dK\\u00e5seri om detektivber\\u00e4ttelser\\u201d fr\\u00e5n Frank Heller (Gunnar Serner) av Frank Heller i Sveriges Radio (1945). Sl\\u00e4ppt: 1945.\",\"meta\":{\"artist\":\"Frank Heller i Sveriges Radio (1945)\",\"album\":\"Frank Heller (Gunnar Serner)\",\"year\":\"1945\",\"length_formatted\":\"22:13\"},\"image\":{\"src\":\"https:\/\/litteraturbanken.se\/ljudochbild\/wp-content\/uploads\/2019\/09\/wide_gub_wide-mp3-image.png\",\"width\":580,\"height\":612},\"thumb\":{\"src\":\"https:\/\/litteraturbanken.se\/ljudochbild\/wp-content\/uploads\/2019\/09\/wide_gub_wide-mp3-image-150x150.png\",\"width\":150,\"height\":150}},{\"src\":\"https:\/\/litteraturbanken.se\/ljudochbild\/wp-content\/uploads\/2023\/11\/heller_storhertigensefterlamnade_heller.mp3\",\"type\":\"audio\/mpeg\",\"title\":\"Storhertigens efterl\\u00e4mnade finanser\",\"caption\":\"\",\"description\":\"\\u201dStorhertigens efterl\\u00e4mnade finanser\\u201d fr\\u00e5n Frank Heller (Gunnar Serner) av Frank Heller i Sveriges Radio (1936). Sl\\u00e4ppt: 1936.\",\"meta\":{\"artist\":\"Frank Heller i Sveriges Radio (1936)\",\"album\":\"Frank Heller (Gunnar Serner)\",\"year\":\"1936\",\"length_formatted\":\"1:58\"},\"image\":{\"src\":\"https:\/\/litteraturbanken.se\/ljudochbild\/wp-content\/uploads\/2019\/09\/wide_gub_wide-mp3-image.png\",\"width\":580,\"height\":612},\"thumb\":{\"src\":\"https:\/\/litteraturbanken.se\/ljudochbild\/wp-content\/uploads\/2019\/09\/wide_gub_wide-mp3-image-150x150.png\",\"width\":150,\"height\":150}}]}<\/script>\n<\/div>\n\t\n\n\n\n<div style=\"height:10px\" aria-hidden=\"true\" class=\"wp-block-spacer\"><\/div>\n\n\n\n<hr>\n\n\n\n<p><em>Inspelningar tillg\u00e4ngligg\u00f6rs h\u00e4r med tillst\u00e5nd fr\u00e5n Sveriges Radio. \u2013 <em>P\u00e5 fotografiet ovanf\u00f6r, som h\u00e4r \u00e4r bearbetat, ser du Gunnar Serner utanf\u00f6r sitt hem Casa Collina p\u00e5 Bornholm. Bilden publicerades ursprungligen i Vecko-Journalen 1945:21, och vi har l\u00e5nat den fr\u00e5n <a href=\"https:\/\/commons.wikimedia.org\/wiki\/File:SernerCasaCollina.jpg\">Wikimedia Commons<\/a>.<\/em><\/em><\/p>\n\n\n<h3 class=\"wp-block-heading author-related-title\">L\u00e4s mer<\/h3>\r\n<div class=\"display-posts-listing grid\"><div class=\"listing-item\"><a class=\"image\" href=\"https:\/\/litteraturbanken.se\/ljudochbild\/2025\/03\/28\/frank-heller-aventyrsromaner\/\"><img loading=\"lazy\" decoding=\"async\" width=\"640\" height=\"923\" src=\"https:\/\/litteraturbanken.se\/ljudochbild\/wp-content\/uploads\/2025\/03\/frank_heller_collina-710x1024.jpg\" class=\"attachment-large size-large wp-post-image\" alt=\"Frank Heller\" srcset=\"https:\/\/litteraturbanken.se\/ljudochbild\/wp-content\/uploads\/2025\/03\/frank_heller_collina-710x1024.jpg 710w, https:\/\/litteraturbanken.se\/ljudochbild\/wp-content\/uploads\/2025\/03\/frank_heller_collina-208x300.jpg 208w, https:\/\/litteraturbanken.se\/ljudochbild\/wp-content\/uploads\/2025\/03\/frank_heller_collina-768x1107.jpg 768w, https:\/\/litteraturbanken.se\/ljudochbild\/wp-content\/uploads\/2025\/03\/frank_heller_collina-1065x1536.jpg 1065w, https:\/\/litteraturbanken.se\/ljudochbild\/wp-content\/uploads\/2025\/03\/frank_heller_collina-480x692.jpg 480w, https:\/\/litteraturbanken.se\/ljudochbild\/wp-content\/uploads\/2025\/03\/frank_heller_collina.jpg 1200w\" sizes=\"auto, (max-width: 640px) 100vw, 640px\" \/><\/a> <a class=\"title\" href=\"https:\/\/litteraturbanken.se\/ljudochbild\/2025\/03\/28\/frank-heller-aventyrsromaner\/\">Att skriva \u00e4ventyrsromaner<\/a><\/div><\/div>\r\n\r\n\n","protected":false},"excerpt":{"rendered":"<p>FRANK HELLER \u00e4r en pseudonym f\u00f6r GUNNAR SERNER: \u201dDet akademiska underbarnet Gunnar Serner hade vid 15 \u00e5rs \u00e5lder avlagt mogenhetsexamen i Lund och blev 23 \u00e5r gammal s\u00e5v\u00e4l filosofie licentiat i engelska p\u00e5 avhandlingen Om stil och ordbildning [&hellip;]<\/p>\n","protected":false},"author":5,"featured_media":12982,"parent":7,"menu_order":0,"comment_status":"closed","ping_status":"closed","template":"","meta":{"footnotes":""},"class_list":["post-13003","page","type-page","status-publish","has-post-thumbnail","hentry"],"yoast_head":"<!-- This site is optimized with the Yoast SEO plugin v27.1.1 - https:\/\/yoast.com\/product\/yoast-seo-wordpress\/ -->\n<title>Frank Heller (1886\u20131947) - Ljud &amp; Bild<\/title>\n<meta name=\"description\" content=\"Det akademiska underbarnet Gunnar Serner hade vid 15 \u00e5rs \u00e5lder avlagt mogenhetsexamen i Lund och blev 23 \u00e5r gammal s\u00e5v\u00e4l filosofie ...\" \/>\n<meta name=\"robots\" content=\"index, follow, max-snippet:-1, max-image-preview:large, max-video-preview:-1\" \/>\n<link rel=\"canonical\" href=\"https:\/\/litteraturbanken.se\/ljudochbild\/forfattare\/sernerg\/\" \/>\n<meta property=\"og:locale\" content=\"sv_SE\" \/>\n<meta property=\"og:type\" content=\"article\" \/>\n<meta property=\"og:title\" content=\"Frank Heller (1886\u20131947) - Ljud &amp; Bild\" \/>\n<meta property=\"og:description\" content=\"Det akademiska underbarnet Gunnar Serner hade vid 15 \u00e5rs \u00e5lder avlagt mogenhetsexamen i Lund och blev 23 \u00e5r gammal s\u00e5v\u00e4l filosofie ...\" \/>\n<meta property=\"og:url\" content=\"https:\/\/litteraturbanken.se\/ljudochbild\/forfattare\/sernerg\/\" \/>\n<meta property=\"og:site_name\" content=\"Ljud &amp; Bild\" \/>\n<meta property=\"article:publisher\" content=\"https:\/\/www.facebook.com\/Litteraturbanken.se\" \/>\n<meta property=\"article:modified_time\" content=\"2025-04-07T09:22:11+00:00\" \/>\n<meta property=\"og:image\" content=\"https:\/\/litteraturbanken.se\/ljudochbild\/wp-content\/uploads\/2025\/03\/frank_heller_collina_socmed.jpg\" \/>\n\t<meta property=\"og:image:width\" content=\"1268\" \/>\n\t<meta property=\"og:image:height\" content=\"692\" \/>\n\t<meta property=\"og:image:type\" content=\"image\/jpeg\" \/>\n<meta name=\"twitter:card\" content=\"summary_large_image\" \/>\n<meta name=\"twitter:site\" content=\"@litteraturbank\" \/>\n<meta name=\"twitter:label1\" content=\"Ber\u00e4knad l\u00e4stid\" \/>\n\t<meta name=\"twitter:data1\" content=\"2 minuter\" \/>\n<script type=\"application\/ld+json\" class=\"yoast-schema-graph\">{\"@context\":\"https:\/\/schema.org\",\"@graph\":[{\"@type\":\"WebPage\",\"@id\":\"https:\/\/litteraturbanken.se\/ljudochbild\/forfattare\/sernerg\/\",\"url\":\"https:\/\/litteraturbanken.se\/ljudochbild\/forfattare\/sernerg\/\",\"name\":\"Frank Heller (1886\u20131947) - Ljud &amp; Bild\",\"isPartOf\":{\"@id\":\"https:\/\/litteraturbanken.se\/ljudochbild\/#website\"},\"primaryImageOfPage\":{\"@id\":\"https:\/\/litteraturbanken.se\/ljudochbild\/forfattare\/sernerg\/#primaryimage\"},\"image\":{\"@id\":\"https:\/\/litteraturbanken.se\/ljudochbild\/forfattare\/sernerg\/#primaryimage\"},\"thumbnailUrl\":\"https:\/\/litteraturbanken.se\/ljudochbild\/wp-content\/uploads\/2025\/03\/frank_heller_collina.jpg\",\"datePublished\":\"2025-03-28T12:54:47+00:00\",\"dateModified\":\"2025-04-07T09:22:11+00:00\",\"description\":\"Det akademiska underbarnet Gunnar Serner hade vid 15 \u00e5rs \u00e5lder avlagt mogenhetsexamen i Lund och blev 23 \u00e5r gammal s\u00e5v\u00e4l filosofie ...\",\"breadcrumb\":{\"@id\":\"https:\/\/litteraturbanken.se\/ljudochbild\/forfattare\/sernerg\/#breadcrumb\"},\"inLanguage\":\"sv-SE\",\"potentialAction\":[{\"@type\":\"ReadAction\",\"target\":[\"https:\/\/litteraturbanken.se\/ljudochbild\/forfattare\/sernerg\/\"]}]},{\"@type\":\"ImageObject\",\"inLanguage\":\"sv-SE\",\"@id\":\"https:\/\/litteraturbanken.se\/ljudochbild\/forfattare\/sernerg\/#primaryimage\",\"url\":\"https:\/\/litteraturbanken.se\/ljudochbild\/wp-content\/uploads\/2025\/03\/frank_heller_collina.jpg\",\"contentUrl\":\"https:\/\/litteraturbanken.se\/ljudochbild\/wp-content\/uploads\/2025\/03\/frank_heller_collina.jpg\",\"width\":1200,\"height\":1730,\"caption\":\"Frank Heller\"},{\"@type\":\"BreadcrumbList\",\"@id\":\"https:\/\/litteraturbanken.se\/ljudochbild\/forfattare\/sernerg\/#breadcrumb\",\"itemListElement\":[{\"@type\":\"ListItem\",\"position\":1,\"name\":\"Hem\",\"item\":\"https:\/\/litteraturbanken.se\/ljudochbild\/\"},{\"@type\":\"ListItem\",\"position\":2,\"name\":\"F\u00f6rfattare\",\"item\":\"https:\/\/litteraturbanken.se\/ljudochbild\/forfattare\/\"},{\"@type\":\"ListItem\",\"position\":3,\"name\":\"Frank Heller (1886\u20131947)\"}]},{\"@type\":\"WebSite\",\"@id\":\"https:\/\/litteraturbanken.se\/ljudochbild\/#website\",\"url\":\"https:\/\/litteraturbanken.se\/ljudochbild\/\",\"name\":\"Ljud & Bild\",\"description\":\"Ur Litteraturbankens samlingar\",\"potentialAction\":[{\"@type\":\"SearchAction\",\"target\":{\"@type\":\"EntryPoint\",\"urlTemplate\":\"https:\/\/litteraturbanken.se\/ljudochbild\/?s={search_term_string}\"},\"query-input\":{\"@type\":\"PropertyValueSpecification\",\"valueRequired\":true,\"valueName\":\"search_term_string\"}}],\"inLanguage\":\"sv-SE\"}]}<\/script>\n<!-- \/ Yoast SEO plugin. -->","yoast_head_json":{"title":"Frank Heller (1886\u20131947) - Ljud &amp; Bild","description":"Det akademiska underbarnet Gunnar Serner hade vid 15 \u00e5rs \u00e5lder avlagt mogenhetsexamen i Lund och blev 23 \u00e5r gammal s\u00e5v\u00e4l filosofie ...","robots":{"index":"index","follow":"follow","max-snippet":"max-snippet:-1","max-image-preview":"max-image-preview:large","max-video-preview":"max-video-preview:-1"},"canonical":"https:\/\/litteraturbanken.se\/ljudochbild\/forfattare\/sernerg\/","og_locale":"sv_SE","og_type":"article","og_title":"Frank Heller (1886\u20131947) - Ljud &amp; Bild","og_description":"Det akademiska underbarnet Gunnar Serner hade vid 15 \u00e5rs \u00e5lder avlagt mogenhetsexamen i Lund och blev 23 \u00e5r gammal s\u00e5v\u00e4l filosofie ...","og_url":"https:\/\/litteraturbanken.se\/ljudochbild\/forfattare\/sernerg\/","og_site_name":"Ljud &amp; Bild","article_publisher":"https:\/\/www.facebook.com\/Litteraturbanken.se","article_modified_time":"2025-04-07T09:22:11+00:00","og_image":[{"width":1268,"height":692,"url":"https:\/\/litteraturbanken.se\/ljudochbild\/wp-content\/uploads\/2025\/03\/frank_heller_collina_socmed.jpg","type":"image\/jpeg"}],"twitter_card":"summary_large_image","twitter_site":"@litteraturbank","twitter_misc":{"Ber\u00e4knad l\u00e4stid":"2 minuter"},"schema":{"@context":"https:\/\/schema.org","@graph":[{"@type":"WebPage","@id":"https:\/\/litteraturbanken.se\/ljudochbild\/forfattare\/sernerg\/","url":"https:\/\/litteraturbanken.se\/ljudochbild\/forfattare\/sernerg\/","name":"Frank Heller (1886\u20131947) - Ljud &amp; Bild","isPartOf":{"@id":"https:\/\/litteraturbanken.se\/ljudochbild\/#website"},"primaryImageOfPage":{"@id":"https:\/\/litteraturbanken.se\/ljudochbild\/forfattare\/sernerg\/#primaryimage"},"image":{"@id":"https:\/\/litteraturbanken.se\/ljudochbild\/forfattare\/sernerg\/#primaryimage"},"thumbnailUrl":"https:\/\/litteraturbanken.se\/ljudochbild\/wp-content\/uploads\/2025\/03\/frank_heller_collina.jpg","datePublished":"2025-03-28T12:54:47+00:00","dateModified":"2025-04-07T09:22:11+00:00","description":"Det akademiska underbarnet Gunnar Serner hade vid 15 \u00e5rs \u00e5lder avlagt mogenhetsexamen i Lund och blev 23 \u00e5r gammal s\u00e5v\u00e4l filosofie ...","breadcrumb":{"@id":"https:\/\/litteraturbanken.se\/ljudochbild\/forfattare\/sernerg\/#breadcrumb"},"inLanguage":"sv-SE","potentialAction":[{"@type":"ReadAction","target":["https:\/\/litteraturbanken.se\/ljudochbild\/forfattare\/sernerg\/"]}]},{"@type":"ImageObject","inLanguage":"sv-SE","@id":"https:\/\/litteraturbanken.se\/ljudochbild\/forfattare\/sernerg\/#primaryimage","url":"https:\/\/litteraturbanken.se\/ljudochbild\/wp-content\/uploads\/2025\/03\/frank_heller_collina.jpg","contentUrl":"https:\/\/litteraturbanken.se\/ljudochbild\/wp-content\/uploads\/2025\/03\/frank_heller_collina.jpg","width":1200,"height":1730,"caption":"Frank Heller"},{"@type":"BreadcrumbList","@id":"https:\/\/litteraturbanken.se\/ljudochbild\/forfattare\/sernerg\/#breadcrumb","itemListElement":[{"@type":"ListItem","position":1,"name":"Hem","item":"https:\/\/litteraturbanken.se\/ljudochbild\/"},{"@type":"ListItem","position":2,"name":"F\u00f6rfattare","item":"https:\/\/litteraturbanken.se\/ljudochbild\/forfattare\/"},{"@type":"ListItem","position":3,"name":"Frank Heller (1886\u20131947)"}]},{"@type":"WebSite","@id":"https:\/\/litteraturbanken.se\/ljudochbild\/#website","url":"https:\/\/litteraturbanken.se\/ljudochbild\/","name":"Ljud & Bild","description":"Ur Litteraturbankens samlingar","potentialAction":[{"@type":"SearchAction","target":{"@type":"EntryPoint","urlTemplate":"https:\/\/litteraturbanken.se\/ljudochbild\/?s={search_term_string}"},"query-input":{"@type":"PropertyValueSpecification","valueRequired":true,"valueName":"search_term_string"}}],"inLanguage":"sv-SE"}]}},"_links":{"self":[{"href":"https:\/\/litteraturbanken.se\/ljudochbild\/wp-json\/wp\/v2\/pages\/13003","targetHints":{"allow":["GET"]}}],"collection":[{"href":"https:\/\/litteraturbanken.se\/ljudochbild\/wp-json\/wp\/v2\/pages"}],"about":[{"href":"https:\/\/litteraturbanken.se\/ljudochbild\/wp-json\/wp\/v2\/types\/page"}],"author":[{"embeddable":true,"href":"https:\/\/litteraturbanken.se\/ljudochbild\/wp-json\/wp\/v2\/users\/5"}],"replies":[{"embeddable":true,"href":"https:\/\/litteraturbanken.se\/ljudochbild\/wp-json\/wp\/v2\/comments?post=13003"}],"version-history":[{"count":4,"href":"https:\/\/litteraturbanken.se\/ljudochbild\/wp-json\/wp\/v2\/pages\/13003\/revisions"}],"predecessor-version":[{"id":13024,"href":"https:\/\/litteraturbanken.se\/ljudochbild\/wp-json\/wp\/v2\/pages\/13003\/revisions\/13024"}],"up":[{"embeddable":true,"href":"https:\/\/litteraturbanken.se\/ljudochbild\/wp-json\/wp\/v2\/pages\/7"}],"wp:featuredmedia":[{"embeddable":true,"href":"https:\/\/litteraturbanken.se\/ljudochbild\/wp-json\/wp\/v2\/media\/12982"}],"wp:attachment":[{"href":"https:\/\/litteraturbanken.se\/ljudochbild\/wp-json\/wp\/v2\/media?parent=13003"}],"curies":[{"name":"wp","href":"https:\/\/api.w.org\/{rel}","templated":true}]}}