{"id":13280,"date":"2025-11-17T17:49:55","date_gmt":"2025-11-17T16:49:55","guid":{"rendered":"https:\/\/litteraturbanken.se\/ljudochbild\/?page_id=13280"},"modified":"2025-11-19T13:34:09","modified_gmt":"2025-11-19T12:34:09","slug":"palmak","status":"publish","type":"page","link":"https:\/\/litteraturbanken.se\/ljudochbild\/upplasare\/palmak\/","title":{"rendered":"Anna-Karin Palm"},"content":{"rendered":"<div class=\"wp-block-image\">\n<figure class=\"alignright size-large is-resized\"><img loading=\"lazy\" decoding=\"async\" width=\"768\" height=\"1024\" src=\"https:\/\/litteraturbanken.se\/ljudochbild\/wp-content\/uploads\/2025\/11\/anna-karin_palm2-768x1024.webp\" alt=\"Anna-Karin Palm\" class=\"wp-image-13281\" style=\"width:243px;height:auto\" srcset=\"https:\/\/litteraturbanken.se\/ljudochbild\/wp-content\/uploads\/2025\/11\/anna-karin_palm2-768x1024.webp 768w, https:\/\/litteraturbanken.se\/ljudochbild\/wp-content\/uploads\/2025\/11\/anna-karin_palm2-225x300.webp 225w, https:\/\/litteraturbanken.se\/ljudochbild\/wp-content\/uploads\/2025\/11\/anna-karin_palm2-1152x1536.webp 1152w, https:\/\/litteraturbanken.se\/ljudochbild\/wp-content\/uploads\/2025\/11\/anna-karin_palm2-480x640.webp 480w, https:\/\/litteraturbanken.se\/ljudochbild\/wp-content\/uploads\/2025\/11\/anna-karin_palm2.webp 1200w\" sizes=\"auto, (max-width: 768px) 100vw, 768px\" \/><figcaption class=\"wp-element-caption\"><em>Foto: Samuel Uneus.<\/em><\/figcaption><\/figure>\n<\/div>\n\n\n<p>V\u00e5ren 2025 f\u00f6ljde f\u00f6rfattaren och akademiledamoten Anna-Karin Palm med oss in i studion f\u00f6r ge r\u00f6st \u00e5t ett urval noveller fr\u00e5n 1900-talets f\u00f6rsta h\u00e4lft. F\u00f6r Litteraturbankens r\u00e4kning l\u00e4ste hon in verk av <a href=\"https:\/\/litteraturbanken.se\/f\u00f6rfattare\/AnderssonD\">Dan Andersson<\/a>, <a href=\"https:\/\/litteraturbanken.se\/f\u00f6rfattare\/BoyeK\" target=\"_blank\" rel=\"noreferrer noopener\">Karin Boye<\/a>, <a href=\"https:\/\/litteraturbanken.se\/f\u00f6rfattare\/DagermanS\" target=\"_blank\" rel=\"noreferrer noopener\">Stig Dagerman<\/a>, <a href=\"https:\/\/litteraturbanken.se\/f\u00f6rfattare\/JonssonT\" target=\"_blank\" rel=\"noreferrer noopener\">Thorsten Jonsson<\/a> och <a href=\"https:\/\/litteraturbanken.se\/f\u00f6rfattare\/Lagerl\u00f6fS\" target=\"_blank\" rel=\"noreferrer noopener\">Selma Lagerl\u00f6f<\/a>. Av den sistn\u00e4mnda f\u00f6rfattaren finner du bland annat l\u00e5ngnovellen <a href=\"https:\/\/litteraturbanken.se\/f\u00f6rfattare\/Lagerl\u00f6fS\/titlar\/T\u00f6senFr\u00e5nStormyr\/sida\/7\/etext\" target=\"_blank\" rel=\"noreferrer noopener\">\u201dT\u00f6sen fr\u00e5n Stormyrtorpet\u201d<\/a> i spellistan nedanf\u00f6r.<\/p>\n\n\n\n<div style=\"height:0px\" aria-hidden=\"true\" class=\"wp-block-spacer\"><\/div>\n\n\n\n<div class=\"wp-playlist wp-audio-playlist wp-playlist-light\">\n\t\t\t<div class=\"wp-playlist-current-item\"><\/div>\n\t\t<audio controls=\"controls\" preload=\"none\" width=\"618\"\n\t\t\t><\/audio>\n\t<div class=\"wp-playlist-next\"><\/div>\n\t<div class=\"wp-playlist-prev\"><\/div>\n\t<noscript>\n\t<ol>\n\t\t<li><a href='https:\/\/litteraturbanken.se\/ljudochbild\/wp-content\/uploads\/2025\/11\/dagerman_enmindretragedi_palm.mp3'>En mindre tragedi<\/a><\/li><li><a href='https:\/\/litteraturbanken.se\/ljudochbild\/wp-content\/uploads\/2025\/11\/lagerlof_ensagaomensaga_palm.mp3'>En saga om en saga<\/a><\/li><li><a href='https:\/\/litteraturbanken.se\/ljudochbild\/wp-content\/uploads\/2025\/11\/jonsson_ensammedenhalvliterkonjak_palm.mp3'>Ensam med en halv liter konjak<\/a><\/li><li><a href='https:\/\/litteraturbanken.se\/ljudochbild\/wp-content\/uploads\/2025\/11\/jonsson_flytillvattenochmorgon_palm.mp3'>Fly till vatten och morgon<\/a><\/li><li><a href='https:\/\/litteraturbanken.se\/ljudochbild\/wp-content\/uploads\/2025\/11\/lagerlof_flyktentillegypten_palm.mp3'>Flykten till Egypten<\/a><\/li><li><a href='https:\/\/litteraturbanken.se\/ljudochbild\/wp-content\/uploads\/2025\/11\/boye_irorelse_palm.mp3'>I r\u00f6relse<\/a><\/li><li><a href='https:\/\/litteraturbanken.se\/ljudochbild\/wp-content\/uploads\/2025\/11\/boye_javisstgordetont_palm.mp3'>Ja visst g\u00f6r det ont<\/a><\/li><li><a href='https:\/\/litteraturbanken.se\/ljudochbild\/wp-content\/uploads\/2025\/11\/andersson_nardjavulenfornerivessman_palm.mp3'>N\u00e4r dj\u00e4vulen for ner i Vessman<\/a><\/li><li><a href='https:\/\/litteraturbanken.se\/ljudochbild\/wp-content\/uploads\/2025\/11\/lagerlof_tosenfranstormyrtorpet_palm.mp3'>T\u00f6sen fr\u00e5n Stormyrtorpet<\/a><\/li>\t<\/ol>\n\t<\/noscript>\n\t<script type=\"application\/json\" class=\"wp-playlist-script\">{\"type\":\"audio\",\"tracklist\":true,\"tracknumbers\":true,\"images\":true,\"artists\":true,\"tracks\":[{\"src\":\"https:\/\/litteraturbanken.se\/ljudochbild\/wp-content\/uploads\/2025\/11\/dagerman_enmindretragedi_palm.mp3\",\"type\":\"audio\/mpeg\",\"title\":\"En mindre tragedi\",\"caption\":\"\",\"description\":\"\\u201dEn mindre tragedi\\u201d fr\\u00e5n Stig Dagerman av Anna-Karin Palm l\\u00e4ser Stig Dagerman. Sl\\u00e4ppt: 2025.\",\"meta\":{\"artist\":\"Anna-Karin Palm l\\u00e4ser Stig Dagerman\",\"album\":\"Stig Dagerman\",\"year\":\"2025\",\"length_formatted\":\"12:03\"},\"image\":{\"src\":\"https:\/\/litteraturbanken.se\/ljudochbild\/wp-content\/uploads\/2025\/11\/andersson_nardjavulenfornerivessman_palm-mp3-image.png\",\"width\":580,\"height\":612},\"thumb\":{\"src\":\"https:\/\/litteraturbanken.se\/ljudochbild\/wp-content\/uploads\/2025\/11\/andersson_nardjavulenfornerivessman_palm-mp3-image-150x150.png\",\"width\":150,\"height\":150}},{\"src\":\"https:\/\/litteraturbanken.se\/ljudochbild\/wp-content\/uploads\/2025\/11\/lagerlof_ensagaomensaga_palm.mp3\",\"type\":\"audio\/mpeg\",\"title\":\"En saga om en saga\",\"caption\":\"\",\"description\":\"\\u201dEn saga om en saga\\u201d fr\\u00e5n Selma Lagerl\\u00f6f av Anna-Karin Palm l\\u00e4ser Selma Lagerl\\u00f6f. Sl\\u00e4ppt: 2025.\",\"meta\":{\"artist\":\"Anna-Karin Palm l\\u00e4ser Selma Lagerl\\u00f6f\",\"album\":\"Selma Lagerl\\u00f6f\",\"year\":\"2025\",\"length_formatted\":\"34:36\"},\"image\":{\"src\":\"https:\/\/litteraturbanken.se\/ljudochbild\/wp-content\/uploads\/2025\/11\/andersson_nardjavulenfornerivessman_palm-mp3-image.png\",\"width\":580,\"height\":612},\"thumb\":{\"src\":\"https:\/\/litteraturbanken.se\/ljudochbild\/wp-content\/uploads\/2025\/11\/andersson_nardjavulenfornerivessman_palm-mp3-image-150x150.png\",\"width\":150,\"height\":150}},{\"src\":\"https:\/\/litteraturbanken.se\/ljudochbild\/wp-content\/uploads\/2025\/11\/jonsson_ensammedenhalvliterkonjak_palm.mp3\",\"type\":\"audio\/mpeg\",\"title\":\"Ensam med en halv liter konjak\",\"caption\":\"\",\"description\":\"\\u201dEnsam med en halv liter konjak\\u201d fr\\u00e5n Thorsten Jonsson av Anna-Karin Palm l\\u00e4ser Thorsten Jonsson. Sl\\u00e4ppt: 2025.\",\"meta\":{\"artist\":\"Anna-Karin Palm l\\u00e4ser Thorsten Jonsson\",\"album\":\"Thorsten Jonsson\",\"year\":\"2025\",\"length_formatted\":\"30:22\"},\"image\":{\"src\":\"https:\/\/litteraturbanken.se\/ljudochbild\/wp-content\/uploads\/2025\/11\/andersson_nardjavulenfornerivessman_palm-mp3-image.png\",\"width\":580,\"height\":612},\"thumb\":{\"src\":\"https:\/\/litteraturbanken.se\/ljudochbild\/wp-content\/uploads\/2025\/11\/andersson_nardjavulenfornerivessman_palm-mp3-image-150x150.png\",\"width\":150,\"height\":150}},{\"src\":\"https:\/\/litteraturbanken.se\/ljudochbild\/wp-content\/uploads\/2025\/11\/jonsson_flytillvattenochmorgon_palm.mp3\",\"type\":\"audio\/mpeg\",\"title\":\"Fly till vatten och morgon\",\"caption\":\"\",\"description\":\"\\u201dFly till vatten och morgon\\u201d fr\\u00e5n Thorsten Jonsson av Anna-Karin Palm l\\u00e4ser Torsten Jonsson. Sl\\u00e4ppt: 2025.\",\"meta\":{\"artist\":\"Anna-Karin Palm l\\u00e4ser Thorsten Jonsson\",\"album\":\"Thorsten Jonsson\",\"year\":\"2025\",\"length_formatted\":\"21:26\"},\"image\":{\"src\":\"https:\/\/litteraturbanken.se\/ljudochbild\/wp-content\/uploads\/2025\/11\/andersson_nardjavulenfornerivessman_palm-mp3-image.png\",\"width\":580,\"height\":612},\"thumb\":{\"src\":\"https:\/\/litteraturbanken.se\/ljudochbild\/wp-content\/uploads\/2025\/11\/andersson_nardjavulenfornerivessman_palm-mp3-image-150x150.png\",\"width\":150,\"height\":150}},{\"src\":\"https:\/\/litteraturbanken.se\/ljudochbild\/wp-content\/uploads\/2025\/11\/lagerlof_flyktentillegypten_palm.mp3\",\"type\":\"audio\/mpeg\",\"title\":\"Flykten till Egypten\",\"caption\":\"\",\"description\":\"\\u201dFlykten till Egypten\\u201d fr\\u00e5n Selma Lagerl\\u00f6f av Anna-Karin Palm l\\u00e4ser Selma Lagerl\\u00f6f. Sl\\u00e4ppt: 2025.\",\"meta\":{\"artist\":\"Anna-Karin Palm l\\u00e4ser Selma Lagerl\\u00f6f\",\"album\":\"Selma Lagerl\\u00f6f\",\"year\":\"2025\",\"length_formatted\":\"15:01\"},\"image\":{\"src\":\"https:\/\/litteraturbanken.se\/ljudochbild\/wp-content\/uploads\/2025\/11\/andersson_nardjavulenfornerivessman_palm-mp3-image.png\",\"width\":580,\"height\":612},\"thumb\":{\"src\":\"https:\/\/litteraturbanken.se\/ljudochbild\/wp-content\/uploads\/2025\/11\/andersson_nardjavulenfornerivessman_palm-mp3-image-150x150.png\",\"width\":150,\"height\":150}},{\"src\":\"https:\/\/litteraturbanken.se\/ljudochbild\/wp-content\/uploads\/2025\/11\/boye_irorelse_palm.mp3\",\"type\":\"audio\/mpeg\",\"title\":\"I r\\u00f6relse\",\"caption\":\"\",\"description\":\"\\u201dI r\\u00f6relse\\u201d fr\\u00e5n Karin Boye av Anna-Karin Palm l\\u00e4ser Karin Boye. Sl\\u00e4ppt: 2025.\",\"meta\":{\"artist\":\"Anna-Karin Palm l\\u00e4ser Karin Boye\",\"album\":\"Karin Boye\",\"year\":\"2025\",\"length_formatted\":\"0:47\"},\"image\":{\"src\":\"https:\/\/litteraturbanken.se\/ljudochbild\/wp-content\/uploads\/2025\/11\/andersson_nardjavulenfornerivessman_palm-mp3-image.png\",\"width\":580,\"height\":612},\"thumb\":{\"src\":\"https:\/\/litteraturbanken.se\/ljudochbild\/wp-content\/uploads\/2025\/11\/andersson_nardjavulenfornerivessman_palm-mp3-image-150x150.png\",\"width\":150,\"height\":150}},{\"src\":\"https:\/\/litteraturbanken.se\/ljudochbild\/wp-content\/uploads\/2025\/11\/boye_javisstgordetont_palm.mp3\",\"type\":\"audio\/mpeg\",\"title\":\"Ja visst g\\u00f6r det ont\",\"caption\":\"\",\"description\":\"\\u201dJa visst g\\u00f6r det ont\\u201d fr\\u00e5n Karin Boye av Anna-Karin Palm l\\u00e4ser Karin Boye. Sl\\u00e4ppt: 2025.\",\"meta\":{\"artist\":\"Anna-Karin Palm l\\u00e4ser Karin Boye\",\"album\":\"Karin Boye\",\"year\":\"2025\",\"length_formatted\":\"1:47\"},\"image\":{\"src\":\"https:\/\/litteraturbanken.se\/ljudochbild\/wp-content\/uploads\/2025\/11\/andersson_nardjavulenfornerivessman_palm-mp3-image.png\",\"width\":580,\"height\":612},\"thumb\":{\"src\":\"https:\/\/litteraturbanken.se\/ljudochbild\/wp-content\/uploads\/2025\/11\/andersson_nardjavulenfornerivessman_palm-mp3-image-150x150.png\",\"width\":150,\"height\":150}},{\"src\":\"https:\/\/litteraturbanken.se\/ljudochbild\/wp-content\/uploads\/2025\/11\/andersson_nardjavulenfornerivessman_palm.mp3\",\"type\":\"audio\/mpeg\",\"title\":\"N\\u00e4r dj\\u00e4vulen for ner i Vessman\",\"caption\":\"\",\"description\":\"\\u201dN\\u00e4r dj\\u00e4vulen for ner i Vessman\\u201d fr\\u00e5n Dan Andersson av Anna-Karin Palm l\\u00e4ser Dan Andersson. Sl\\u00e4ppt: 2025.\",\"meta\":{\"artist\":\"Anna-Karin Palm l\\u00e4ser Dan Andersson\",\"album\":\"Dan Andersson\",\"year\":\"2025\",\"length_formatted\":\"14:13\"},\"image\":{\"src\":\"https:\/\/litteraturbanken.se\/ljudochbild\/wp-content\/uploads\/2025\/11\/andersson_nardjavulenfornerivessman_palm-mp3-image.png\",\"width\":580,\"height\":612},\"thumb\":{\"src\":\"https:\/\/litteraturbanken.se\/ljudochbild\/wp-content\/uploads\/2025\/11\/andersson_nardjavulenfornerivessman_palm-mp3-image-150x150.png\",\"width\":150,\"height\":150}},{\"src\":\"https:\/\/litteraturbanken.se\/ljudochbild\/wp-content\/uploads\/2025\/11\/lagerlof_tosenfranstormyrtorpet_palm.mp3\",\"type\":\"audio\/mpeg\",\"title\":\"T\\u00f6sen fr\\u00e5n Stormyrtorpet\",\"caption\":\"\",\"description\":\"\\u201dT\\u00f6sen fr\\u00e5n Stormyrtorpet\\u201d fr\\u00e5n Selma Lagerl\\u00f6f av Anna-Karin Palm l\\u00e4ser Selma Lagerl\\u00f6f. Sl\\u00e4ppt: 2025.\",\"meta\":{\"artist\":\"Anna-Karin Palm l\\u00e4ser Selma Lagerl\\u00f6f\",\"album\":\"Selma Lagerl\\u00f6f\",\"year\":\"2025\",\"length_formatted\":\"2:33:30\"},\"image\":{\"src\":\"https:\/\/litteraturbanken.se\/ljudochbild\/wp-content\/uploads\/2025\/11\/andersson_nardjavulenfornerivessman_palm-mp3-image.png\",\"width\":580,\"height\":612},\"thumb\":{\"src\":\"https:\/\/litteraturbanken.se\/ljudochbild\/wp-content\/uploads\/2025\/11\/andersson_nardjavulenfornerivessman_palm-mp3-image-150x150.png\",\"width\":150,\"height\":150}}]}<\/script>\n<\/div>\n\t\n\n\n<h3 class=\"wp-block-heading author-related-title\">L\u00e4s mer<\/h3>\r\n<div class=\"display-posts-listing grid\"><div class=\"listing-item\"><a class=\"image\" href=\"https:\/\/litteraturbanken.se\/ljudochbild\/2020\/02\/19\/espmarks-dag\/\"><img loading=\"lazy\" decoding=\"async\" width=\"450\" height=\"600\" src=\"https:\/\/litteraturbanken.se\/ljudochbild\/wp-content\/uploads\/2020\/01\/espmark.jpg\" class=\"attachment-large size-large wp-post-image\" alt=\"\" srcset=\"https:\/\/litteraturbanken.se\/ljudochbild\/wp-content\/uploads\/2020\/01\/espmark.jpg 450w, https:\/\/litteraturbanken.se\/ljudochbild\/wp-content\/uploads\/2020\/01\/espmark-225x300.jpg 225w\" sizes=\"auto, (max-width: 450px) 100vw, 450px\" \/><\/a> <a class=\"title\" href=\"https:\/\/litteraturbanken.se\/ljudochbild\/2020\/02\/19\/espmarks-dag\/\">Espmarks dag<\/a><\/div><div class=\"listing-item\"><a class=\"image\" href=\"https:\/\/litteraturbanken.se\/ljudochbild\/2019\/09\/22\/mossaed-laser-klassiker\/\"><img loading=\"lazy\" decoding=\"async\" width=\"640\" height=\"853\" src=\"https:\/\/litteraturbanken.se\/ljudochbild\/wp-content\/uploads\/2019\/09\/58758430_10157113315819761_8851764749076004864_o-768x1024.jpg\" class=\"attachment-large size-large wp-post-image\" alt=\"\" srcset=\"https:\/\/litteraturbanken.se\/ljudochbild\/wp-content\/uploads\/2019\/09\/58758430_10157113315819761_8851764749076004864_o-768x1024.jpg 768w, https:\/\/litteraturbanken.se\/ljudochbild\/wp-content\/uploads\/2019\/09\/58758430_10157113315819761_8851764749076004864_o-225x300.jpg 225w, https:\/\/litteraturbanken.se\/ljudochbild\/wp-content\/uploads\/2019\/09\/58758430_10157113315819761_8851764749076004864_o-480x640.jpg 480w, https:\/\/litteraturbanken.se\/ljudochbild\/wp-content\/uploads\/2019\/09\/58758430_10157113315819761_8851764749076004864_o-e1568905620148.jpg 600w\" sizes=\"auto, (max-width: 640px) 100vw, 640px\" \/><\/a> <a class=\"title\" href=\"https:\/\/litteraturbanken.se\/ljudochbild\/2019\/09\/22\/mossaed-laser-klassiker\/\">Jila Mossaed l\u00e4ser klassiker<\/a><\/div><div class=\"listing-item\"><a class=\"image\" href=\"https:\/\/litteraturbanken.se\/ljudochbild\/2025\/12\/05\/anna-karin-palm-och-novellen\/\"><img loading=\"lazy\" decoding=\"async\" width=\"640\" height=\"686\" src=\"https:\/\/litteraturbanken.se\/ljudochbild\/wp-content\/uploads\/2025\/11\/annakarinpalm-956x1024.webp\" class=\"attachment-large size-large wp-post-image\" alt=\"Anna-Karin Palm\" srcset=\"https:\/\/litteraturbanken.se\/ljudochbild\/wp-content\/uploads\/2025\/11\/annakarinpalm-956x1024.webp 956w, https:\/\/litteraturbanken.se\/ljudochbild\/wp-content\/uploads\/2025\/11\/annakarinpalm-280x300.webp 280w, https:\/\/litteraturbanken.se\/ljudochbild\/wp-content\/uploads\/2025\/11\/annakarinpalm-768x822.webp 768w, https:\/\/litteraturbanken.se\/ljudochbild\/wp-content\/uploads\/2025\/11\/annakarinpalm-480x514.webp 480w, https:\/\/litteraturbanken.se\/ljudochbild\/wp-content\/uploads\/2025\/11\/annakarinpalm.webp 1300w\" sizes=\"auto, (max-width: 640px) 100vw, 640px\" \/><\/a> <a class=\"title\" href=\"https:\/\/litteraturbanken.se\/ljudochbild\/2025\/12\/05\/anna-karin-palm-och-novellen\/\">Anna-Karin Palm &amp; novellen<\/a><\/div><\/div>\r\n\r\n\n","protected":false},"excerpt":{"rendered":"<p>V\u00e5ren 2025 f\u00f6ljde f\u00f6rfattaren och akademiledamoten Anna-Karin Palm med oss in i studion f\u00f6r ge r\u00f6st \u00e5t ett urval noveller fr\u00e5n 1900-talets f\u00f6rsta h\u00e4lft. F\u00f6r Litteraturbankens r\u00e4kning l\u00e4ste hon in verk av Dan Andersson, Karin Boye, Stig Dagerman, [&hellip;]<\/p>\n","protected":false},"author":5,"featured_media":13281,"parent":8,"menu_order":0,"comment_status":"closed","ping_status":"closed","template":"","meta":{"footnotes":""},"class_list":["post-13280","page","type-page","status-publish","has-post-thumbnail","hentry"],"yoast_head":"<!-- This site is optimized with the Yoast SEO plugin v27.1.1 - https:\/\/yoast.com\/product\/yoast-seo-wordpress\/ -->\n<title>Anna-Karin Palm - Ljud &amp; Bild<\/title>\n<meta name=\"robots\" content=\"index, follow, max-snippet:-1, max-image-preview:large, max-video-preview:-1\" \/>\n<link rel=\"canonical\" href=\"https:\/\/litteraturbanken.se\/ljudochbild\/upplasare\/palmak\/\" \/>\n<meta property=\"og:locale\" content=\"sv_SE\" \/>\n<meta property=\"og:type\" content=\"article\" \/>\n<meta property=\"og:title\" content=\"Anna-Karin Palm - Ljud &amp; Bild\" \/>\n<meta property=\"og:description\" content=\"V\u00e5ren 2025 f\u00f6ljde f\u00f6rfattaren och akademiledamoten Anna-Karin Palm med oss in i studion f\u00f6r ge r\u00f6st \u00e5t ett urval noveller fr\u00e5n 1900-talets f\u00f6rsta h\u00e4lft. F\u00f6r Litteraturbankens r\u00e4kning l\u00e4ste hon in verk av Dan Andersson, Karin Boye, Stig Dagerman, [&hellip;]\" \/>\n<meta property=\"og:url\" content=\"https:\/\/litteraturbanken.se\/ljudochbild\/upplasare\/palmak\/\" \/>\n<meta property=\"og:site_name\" content=\"Ljud &amp; Bild\" \/>\n<meta property=\"article:publisher\" content=\"https:\/\/www.facebook.com\/Litteraturbanken.se\" \/>\n<meta property=\"article:modified_time\" content=\"2025-11-19T12:34:09+00:00\" \/>\n<meta property=\"og:image\" content=\"https:\/\/litteraturbanken.se\/ljudochbild\/wp-content\/uploads\/2025\/11\/anna-karin_palm2.webp\" \/>\n\t<meta property=\"og:image:width\" content=\"1200\" \/>\n\t<meta property=\"og:image:height\" content=\"1600\" \/>\n\t<meta property=\"og:image:type\" content=\"image\/webp\" \/>\n<meta name=\"twitter:card\" content=\"summary_large_image\" \/>\n<meta name=\"twitter:site\" content=\"@litteraturbank\" \/>\n<meta name=\"twitter:label1\" content=\"Ber\u00e4knad l\u00e4stid\" \/>\n\t<meta name=\"twitter:data1\" content=\"1 minut\" \/>\n<script type=\"application\/ld+json\" class=\"yoast-schema-graph\">{\"@context\":\"https:\/\/schema.org\",\"@graph\":[{\"@type\":\"WebPage\",\"@id\":\"https:\/\/litteraturbanken.se\/ljudochbild\/upplasare\/palmak\/\",\"url\":\"https:\/\/litteraturbanken.se\/ljudochbild\/upplasare\/palmak\/\",\"name\":\"Anna-Karin Palm - Ljud &amp; Bild\",\"isPartOf\":{\"@id\":\"https:\/\/litteraturbanken.se\/ljudochbild\/#website\"},\"primaryImageOfPage\":{\"@id\":\"https:\/\/litteraturbanken.se\/ljudochbild\/upplasare\/palmak\/#primaryimage\"},\"image\":{\"@id\":\"https:\/\/litteraturbanken.se\/ljudochbild\/upplasare\/palmak\/#primaryimage\"},\"thumbnailUrl\":\"https:\/\/litteraturbanken.se\/ljudochbild\/wp-content\/uploads\/2025\/11\/anna-karin_palm2.webp\",\"datePublished\":\"2025-11-17T16:49:55+00:00\",\"dateModified\":\"2025-11-19T12:34:09+00:00\",\"breadcrumb\":{\"@id\":\"https:\/\/litteraturbanken.se\/ljudochbild\/upplasare\/palmak\/#breadcrumb\"},\"inLanguage\":\"sv-SE\",\"potentialAction\":[{\"@type\":\"ReadAction\",\"target\":[\"https:\/\/litteraturbanken.se\/ljudochbild\/upplasare\/palmak\/\"]}]},{\"@type\":\"ImageObject\",\"inLanguage\":\"sv-SE\",\"@id\":\"https:\/\/litteraturbanken.se\/ljudochbild\/upplasare\/palmak\/#primaryimage\",\"url\":\"https:\/\/litteraturbanken.se\/ljudochbild\/wp-content\/uploads\/2025\/11\/anna-karin_palm2.webp\",\"contentUrl\":\"https:\/\/litteraturbanken.se\/ljudochbild\/wp-content\/uploads\/2025\/11\/anna-karin_palm2.webp\",\"width\":1200,\"height\":1600,\"caption\":\"Anna-Karin Palm\"},{\"@type\":\"BreadcrumbList\",\"@id\":\"https:\/\/litteraturbanken.se\/ljudochbild\/upplasare\/palmak\/#breadcrumb\",\"itemListElement\":[{\"@type\":\"ListItem\",\"position\":1,\"name\":\"Hem\",\"item\":\"https:\/\/litteraturbanken.se\/ljudochbild\/\"},{\"@type\":\"ListItem\",\"position\":2,\"name\":\"Privat: Uppl\u00e4sare\",\"item\":\"https:\/\/litteraturbanken.se\/ljudochbild\/?page_id=8\"},{\"@type\":\"ListItem\",\"position\":3,\"name\":\"Anna-Karin Palm\"}]},{\"@type\":\"WebSite\",\"@id\":\"https:\/\/litteraturbanken.se\/ljudochbild\/#website\",\"url\":\"https:\/\/litteraturbanken.se\/ljudochbild\/\",\"name\":\"Ljud & Bild\",\"description\":\"Ur Litteraturbankens samlingar\",\"potentialAction\":[{\"@type\":\"SearchAction\",\"target\":{\"@type\":\"EntryPoint\",\"urlTemplate\":\"https:\/\/litteraturbanken.se\/ljudochbild\/?s={search_term_string}\"},\"query-input\":{\"@type\":\"PropertyValueSpecification\",\"valueRequired\":true,\"valueName\":\"search_term_string\"}}],\"inLanguage\":\"sv-SE\"}]}<\/script>\n<!-- \/ Yoast SEO plugin. -->","yoast_head_json":{"title":"Anna-Karin Palm - Ljud &amp; Bild","robots":{"index":"index","follow":"follow","max-snippet":"max-snippet:-1","max-image-preview":"max-image-preview:large","max-video-preview":"max-video-preview:-1"},"canonical":"https:\/\/litteraturbanken.se\/ljudochbild\/upplasare\/palmak\/","og_locale":"sv_SE","og_type":"article","og_title":"Anna-Karin Palm - Ljud &amp; Bild","og_description":"V\u00e5ren 2025 f\u00f6ljde f\u00f6rfattaren och akademiledamoten Anna-Karin Palm med oss in i studion f\u00f6r ge r\u00f6st \u00e5t ett urval noveller fr\u00e5n 1900-talets f\u00f6rsta h\u00e4lft. F\u00f6r Litteraturbankens r\u00e4kning l\u00e4ste hon in verk av Dan Andersson, Karin Boye, Stig Dagerman, [&hellip;]","og_url":"https:\/\/litteraturbanken.se\/ljudochbild\/upplasare\/palmak\/","og_site_name":"Ljud &amp; Bild","article_publisher":"https:\/\/www.facebook.com\/Litteraturbanken.se","article_modified_time":"2025-11-19T12:34:09+00:00","og_image":[{"width":1200,"height":1600,"url":"https:\/\/litteraturbanken.se\/ljudochbild\/wp-content\/uploads\/2025\/11\/anna-karin_palm2.webp","type":"image\/webp"}],"twitter_card":"summary_large_image","twitter_site":"@litteraturbank","twitter_misc":{"Ber\u00e4knad l\u00e4stid":"1 minut"},"schema":{"@context":"https:\/\/schema.org","@graph":[{"@type":"WebPage","@id":"https:\/\/litteraturbanken.se\/ljudochbild\/upplasare\/palmak\/","url":"https:\/\/litteraturbanken.se\/ljudochbild\/upplasare\/palmak\/","name":"Anna-Karin Palm - Ljud &amp; Bild","isPartOf":{"@id":"https:\/\/litteraturbanken.se\/ljudochbild\/#website"},"primaryImageOfPage":{"@id":"https:\/\/litteraturbanken.se\/ljudochbild\/upplasare\/palmak\/#primaryimage"},"image":{"@id":"https:\/\/litteraturbanken.se\/ljudochbild\/upplasare\/palmak\/#primaryimage"},"thumbnailUrl":"https:\/\/litteraturbanken.se\/ljudochbild\/wp-content\/uploads\/2025\/11\/anna-karin_palm2.webp","datePublished":"2025-11-17T16:49:55+00:00","dateModified":"2025-11-19T12:34:09+00:00","breadcrumb":{"@id":"https:\/\/litteraturbanken.se\/ljudochbild\/upplasare\/palmak\/#breadcrumb"},"inLanguage":"sv-SE","potentialAction":[{"@type":"ReadAction","target":["https:\/\/litteraturbanken.se\/ljudochbild\/upplasare\/palmak\/"]}]},{"@type":"ImageObject","inLanguage":"sv-SE","@id":"https:\/\/litteraturbanken.se\/ljudochbild\/upplasare\/palmak\/#primaryimage","url":"https:\/\/litteraturbanken.se\/ljudochbild\/wp-content\/uploads\/2025\/11\/anna-karin_palm2.webp","contentUrl":"https:\/\/litteraturbanken.se\/ljudochbild\/wp-content\/uploads\/2025\/11\/anna-karin_palm2.webp","width":1200,"height":1600,"caption":"Anna-Karin Palm"},{"@type":"BreadcrumbList","@id":"https:\/\/litteraturbanken.se\/ljudochbild\/upplasare\/palmak\/#breadcrumb","itemListElement":[{"@type":"ListItem","position":1,"name":"Hem","item":"https:\/\/litteraturbanken.se\/ljudochbild\/"},{"@type":"ListItem","position":2,"name":"Privat: Uppl\u00e4sare","item":"https:\/\/litteraturbanken.se\/ljudochbild\/?page_id=8"},{"@type":"ListItem","position":3,"name":"Anna-Karin Palm"}]},{"@type":"WebSite","@id":"https:\/\/litteraturbanken.se\/ljudochbild\/#website","url":"https:\/\/litteraturbanken.se\/ljudochbild\/","name":"Ljud & Bild","description":"Ur Litteraturbankens samlingar","potentialAction":[{"@type":"SearchAction","target":{"@type":"EntryPoint","urlTemplate":"https:\/\/litteraturbanken.se\/ljudochbild\/?s={search_term_string}"},"query-input":{"@type":"PropertyValueSpecification","valueRequired":true,"valueName":"search_term_string"}}],"inLanguage":"sv-SE"}]}},"_links":{"self":[{"href":"https:\/\/litteraturbanken.se\/ljudochbild\/wp-json\/wp\/v2\/pages\/13280","targetHints":{"allow":["GET"]}}],"collection":[{"href":"https:\/\/litteraturbanken.se\/ljudochbild\/wp-json\/wp\/v2\/pages"}],"about":[{"href":"https:\/\/litteraturbanken.se\/ljudochbild\/wp-json\/wp\/v2\/types\/page"}],"author":[{"embeddable":true,"href":"https:\/\/litteraturbanken.se\/ljudochbild\/wp-json\/wp\/v2\/users\/5"}],"replies":[{"embeddable":true,"href":"https:\/\/litteraturbanken.se\/ljudochbild\/wp-json\/wp\/v2\/comments?post=13280"}],"version-history":[{"count":18,"href":"https:\/\/litteraturbanken.se\/ljudochbild\/wp-json\/wp\/v2\/pages\/13280\/revisions"}],"predecessor-version":[{"id":13339,"href":"https:\/\/litteraturbanken.se\/ljudochbild\/wp-json\/wp\/v2\/pages\/13280\/revisions\/13339"}],"up":[{"embeddable":true,"href":"https:\/\/litteraturbanken.se\/ljudochbild\/wp-json\/wp\/v2\/pages\/8"}],"wp:featuredmedia":[{"embeddable":true,"href":"https:\/\/litteraturbanken.se\/ljudochbild\/wp-json\/wp\/v2\/media\/13281"}],"wp:attachment":[{"href":"https:\/\/litteraturbanken.se\/ljudochbild\/wp-json\/wp\/v2\/media?parent=13280"}],"curies":[{"name":"wp","href":"https:\/\/api.w.org\/{rel}","templated":true}]}}