{"id":13327,"date":"2025-11-19T13:31:08","date_gmt":"2025-11-19T12:31:08","guid":{"rendered":"https:\/\/litteraturbanken.se\/ljudochbild\/?page_id=13327"},"modified":"2025-11-19T13:31:44","modified_gmt":"2025-11-19T12:31:44","slug":"jonssont","status":"publish","type":"page","link":"https:\/\/litteraturbanken.se\/ljudochbild\/forfattare\/jonssont\/","title":{"rendered":"Thorsten Jonsson\u00a0(1910\u20131950)"},"content":{"rendered":"<div class=\"wp-block-image\">\n<figure class=\"alignright size-large is-resized\"><img loading=\"lazy\" decoding=\"async\" width=\"1024\" height=\"806\" src=\"https:\/\/litteraturbanken.se\/ljudochbild\/wp-content\/uploads\/2025\/11\/Thorsten_Jonsson_reading_upscayl_3x_ultrasharp-4x-1024x806.webp\" alt=\"\" class=\"wp-image-13328\" style=\"width:279px;height:auto\" srcset=\"https:\/\/litteraturbanken.se\/ljudochbild\/wp-content\/uploads\/2025\/11\/Thorsten_Jonsson_reading_upscayl_3x_ultrasharp-4x-1024x806.webp 1024w, https:\/\/litteraturbanken.se\/ljudochbild\/wp-content\/uploads\/2025\/11\/Thorsten_Jonsson_reading_upscayl_3x_ultrasharp-4x-300x236.webp 300w, https:\/\/litteraturbanken.se\/ljudochbild\/wp-content\/uploads\/2025\/11\/Thorsten_Jonsson_reading_upscayl_3x_ultrasharp-4x-768x604.webp 768w, https:\/\/litteraturbanken.se\/ljudochbild\/wp-content\/uploads\/2025\/11\/Thorsten_Jonsson_reading_upscayl_3x_ultrasharp-4x-480x378.webp 480w, https:\/\/litteraturbanken.se\/ljudochbild\/wp-content\/uploads\/2025\/11\/Thorsten_Jonsson_reading_upscayl_3x_ultrasharp-4x.webp 1200w\" sizes=\"auto, (max-width: 1024px) 100vw, 1024px\" \/><\/figure>\n<\/div>\n\n\n<p>\u201dTHORSTEN JONSSON (1910\u20131950) var verksam p\u00e5 flera litter\u00e4ra f\u00e4lt under 1940-talet. Han var under n\u00e5gra \u00e5r redakt\u00f6r f\u00f6r\u00a0<em>Bonniers konversationslexikon<\/em>\u00a0och han var verksam som \u00f6vers\u00e4ttare och arbetade d\u00e4rtill f\u00f6r flera tidningar och tidskifter. Han ingick bland annat i\u00a0<em>Horisonts<\/em>\u00a0redaktion fram till 1943 d\u00e5 han l\u00e4mnade Sverige f\u00f6r posten som\u00a0<em>Dagens Nyheters<\/em>\u00a0korrespondent i New York; ett uppdrag han kom att ha under tre \u00e5r. Jonsson var v\u00e4l bevandrad i den amerikanska litteraturen och \u00f6versatte bland andra Ernest Hemingway och e e cummings till svenska. Han gav \u00e4ven ut ess\u00e4samlingen\u00a0<em>Sex amerikaner<\/em>\u00a0(1942) d\u00e4r han i infallsrika ess\u00e4er presenterade Hemingway, Faulkner, Steinbeck, Caldwell, Farrell och Saroyan. I boken\u00a0<a href=\"https:\/\/litteraturbanken.se\/forfattare\/JonssonT\/titlar\/SidorAvAmerika\/sida\/5\/faksimil\"><em>Sidor av Amerika<\/em><\/a>\u00a0(1946) samlade han sina intryck av och resonemang kring amerikanska f\u00f6rh\u00e5llanden och den amerikanska litteraturen. \u00c4ven i sitt sk\u00f6nlitter\u00e4ra f\u00f6rfattarskap stod Jonsson de amerikanska, s\u00e5 kallat h\u00e5rdkokta stilriktningarna n\u00e4ra. Redan i debuten \u2013 diktsamlingen\u00a0<a href=\"https:\/\/litteraturbanken.se\/forfattare\/JonssonT\/titlar\/Utflykt\/sida\/3\/faksimil\"><em>Utflykt<\/em><\/a>\u00a0(1933) \u2013 anas en s\u00e4rpr\u00e4glad k\u00e4rvhet och ordknapphet.\u201d<\/p>\n\n\n\n<p>Stycket ovan \u00e4r h\u00e4mtat fr\u00e5n Lotta Lotass introduktion om Jonsson hos Litteraturbanken.<\/p>\n\n\n\n<div class=\"wp-block-buttons is-layout-flex wp-block-buttons-is-layout-flex\">\n<div class=\"wp-block-button read-more-button\"><a class=\"wp-block-button__link has-white-color has-text-color has-background has-custom-font-size wp-element-button\" href=\"https:\/\/litteraturbanken.se\/f\u00f6rfattare\/JonssonT\" style=\"border-radius:0px;background-color:#cd2400;font-size:14px\" target=\"_blank\" rel=\"noopener noreferrer noopener\"><strong>L\u00c4S MER OM THORSTEN JONSSON<\/strong><\/a><\/div>\n\n\n\n<div class=\"wp-block-button read-more-button\"><a class=\"wp-block-button__link has-white-color has-text-color has-background has-custom-font-size wp-element-button\" href=\"https:\/\/litteraturbanken.se\/f\u00f6rfattare\/JonssonT\/titlar\" style=\"border-radius:0px;background-color:#cd2400;font-size:14px\" target=\"_blank\" rel=\"noopener noreferrer noopener\"><strong>L\u00c4S THORSTEN JONSSONS VERK HOS LB.SE<\/strong><\/a><\/div>\n<\/div>\n\n\n\n<div style=\"height:20px\" aria-hidden=\"true\" class=\"wp-block-spacer\"><\/div>\n\n\n\n<div class=\"wp-playlist wp-audio-playlist wp-playlist-light\">\n\t\t\t<div class=\"wp-playlist-current-item\"><\/div>\n\t\t<audio controls=\"controls\" preload=\"none\" width=\"618\"\n\t\t\t><\/audio>\n\t<div class=\"wp-playlist-next\"><\/div>\n\t<div class=\"wp-playlist-prev\"><\/div>\n\t<noscript>\n\t<ol>\n\t\t<li><a href='https:\/\/litteraturbanken.se\/ljudochbild\/wp-content\/uploads\/2025\/11\/jonsson_ensammedenhalvliterkonjak_palm.mp3'>Ensam med en halv liter konjak<\/a><\/li><li><a href='https:\/\/litteraturbanken.se\/ljudochbild\/wp-content\/uploads\/2025\/11\/jonsson_flytillvattenochmorgon_palm.mp3'>Fly till vatten och morgon<\/a><\/li>\t<\/ol>\n\t<\/noscript>\n\t<script type=\"application\/json\" class=\"wp-playlist-script\">{\"type\":\"audio\",\"tracklist\":true,\"tracknumbers\":true,\"images\":true,\"artists\":true,\"tracks\":[{\"src\":\"https:\/\/litteraturbanken.se\/ljudochbild\/wp-content\/uploads\/2025\/11\/jonsson_ensammedenhalvliterkonjak_palm.mp3\",\"type\":\"audio\/mpeg\",\"title\":\"Ensam med en halv liter konjak\",\"caption\":\"\",\"description\":\"\\u201dEnsam med en halv liter konjak\\u201d fr\\u00e5n Thorsten Jonsson av Anna-Karin Palm l\\u00e4ser Thorsten Jonsson. Sl\\u00e4ppt: 2025.\",\"meta\":{\"artist\":\"Anna-Karin Palm l\\u00e4ser Thorsten Jonsson\",\"album\":\"Thorsten Jonsson\",\"year\":\"2025\",\"length_formatted\":\"30:22\"},\"image\":{\"src\":\"https:\/\/litteraturbanken.se\/ljudochbild\/wp-content\/uploads\/2025\/11\/andersson_nardjavulenfornerivessman_palm-mp3-image.png\",\"width\":580,\"height\":612},\"thumb\":{\"src\":\"https:\/\/litteraturbanken.se\/ljudochbild\/wp-content\/uploads\/2025\/11\/andersson_nardjavulenfornerivessman_palm-mp3-image-150x150.png\",\"width\":150,\"height\":150}},{\"src\":\"https:\/\/litteraturbanken.se\/ljudochbild\/wp-content\/uploads\/2025\/11\/jonsson_flytillvattenochmorgon_palm.mp3\",\"type\":\"audio\/mpeg\",\"title\":\"Fly till vatten och morgon\",\"caption\":\"\",\"description\":\"\\u201dFly till vatten och morgon\\u201d fr\\u00e5n Thorsten Jonsson av Anna-Karin Palm l\\u00e4ser Torsten Jonsson. Sl\\u00e4ppt: 2025.\",\"meta\":{\"artist\":\"Anna-Karin Palm l\\u00e4ser Thorsten Jonsson\",\"album\":\"Thorsten Jonsson\",\"year\":\"2025\",\"length_formatted\":\"21:26\"},\"image\":{\"src\":\"https:\/\/litteraturbanken.se\/ljudochbild\/wp-content\/uploads\/2025\/11\/andersson_nardjavulenfornerivessman_palm-mp3-image.png\",\"width\":580,\"height\":612},\"thumb\":{\"src\":\"https:\/\/litteraturbanken.se\/ljudochbild\/wp-content\/uploads\/2025\/11\/andersson_nardjavulenfornerivessman_palm-mp3-image-150x150.png\",\"width\":150,\"height\":150}}]}<\/script>\n<\/div>\n\t\n\n\n\n<hr class=\"wp-block-separator has-alpha-channel-opacity\"\/>\n\n\n<h3 class=\"wp-block-heading author-related-title\">L\u00e4s mer<\/h3>\r\n<div class=\"display-posts-listing grid\"><div class=\"listing-item\"><a class=\"image\" href=\"https:\/\/litteraturbanken.se\/ljudochbild\/2025\/12\/05\/anna-karin-palm-och-novellen\/\"><img loading=\"lazy\" decoding=\"async\" width=\"640\" height=\"686\" src=\"https:\/\/litteraturbanken.se\/ljudochbild\/wp-content\/uploads\/2025\/11\/annakarinpalm-956x1024.webp\" class=\"attachment-large size-large wp-post-image\" alt=\"Anna-Karin Palm\" srcset=\"https:\/\/litteraturbanken.se\/ljudochbild\/wp-content\/uploads\/2025\/11\/annakarinpalm-956x1024.webp 956w, https:\/\/litteraturbanken.se\/ljudochbild\/wp-content\/uploads\/2025\/11\/annakarinpalm-280x300.webp 280w, https:\/\/litteraturbanken.se\/ljudochbild\/wp-content\/uploads\/2025\/11\/annakarinpalm-768x822.webp 768w, https:\/\/litteraturbanken.se\/ljudochbild\/wp-content\/uploads\/2025\/11\/annakarinpalm-480x514.webp 480w, https:\/\/litteraturbanken.se\/ljudochbild\/wp-content\/uploads\/2025\/11\/annakarinpalm.webp 1300w\" sizes=\"auto, (max-width: 640px) 100vw, 640px\" \/><\/a> <a class=\"title\" href=\"https:\/\/litteraturbanken.se\/ljudochbild\/2025\/12\/05\/anna-karin-palm-och-novellen\/\">Anna-Karin Palm &amp; novellen<\/a><\/div><div class=\"listing-item\"><a class=\"image\" href=\"https:\/\/litteraturbanken.se\/ljudochbild\/2021\/12\/13\/vi-ser-tillbaka-2021\/\"><img loading=\"lazy\" decoding=\"async\" width=\"600\" height=\"985\" src=\"https:\/\/litteraturbanken.se\/ljudochbild\/wp-content\/uploads\/2021\/12\/UMFA54672_1324.jpg\" class=\"attachment-large size-large wp-post-image\" alt=\"\" srcset=\"https:\/\/litteraturbanken.se\/ljudochbild\/wp-content\/uploads\/2021\/12\/UMFA54672_1324.jpg 600w, https:\/\/litteraturbanken.se\/ljudochbild\/wp-content\/uploads\/2021\/12\/UMFA54672_1324-183x300.jpg 183w, https:\/\/litteraturbanken.se\/ljudochbild\/wp-content\/uploads\/2021\/12\/UMFA54672_1324-480x788.jpg 480w\" sizes=\"auto, (max-width: 600px) 100vw, 600px\" \/><\/a> <a class=\"title\" href=\"https:\/\/litteraturbanken.se\/ljudochbild\/2021\/12\/13\/vi-ser-tillbaka-2021\/\">Vi ser tillbaka: 2021<\/a><\/div><\/div>\r\n\r\n\n","protected":false},"excerpt":{"rendered":"<p>\u201dTHORSTEN JONSSON (1910\u20131950) var verksam p\u00e5 flera litter\u00e4ra f\u00e4lt under 1940-talet. Han var under n\u00e5gra \u00e5r redakt\u00f6r f\u00f6r\u00a0Bonniers konversationslexikon\u00a0och han var verksam som \u00f6vers\u00e4ttare och arbetade d\u00e4rtill f\u00f6r flera tidningar och tidskifter. Han ingick bland annat i\u00a0Horisonts\u00a0redaktion fram [&hellip;]<\/p>\n","protected":false},"author":5,"featured_media":13328,"parent":7,"menu_order":0,"comment_status":"closed","ping_status":"closed","template":"","meta":{"footnotes":""},"class_list":["post-13327","page","type-page","status-publish","has-post-thumbnail","hentry"],"yoast_head":"<!-- This site is optimized with the Yoast SEO plugin v27.1.1 - https:\/\/yoast.com\/product\/yoast-seo-wordpress\/ -->\n<title>Thorsten Jonsson\u00a0(1910\u20131950) - Ljud &amp; Bild<\/title>\n<meta name=\"robots\" content=\"index, follow, max-snippet:-1, max-image-preview:large, max-video-preview:-1\" \/>\n<link rel=\"canonical\" href=\"https:\/\/litteraturbanken.se\/ljudochbild\/forfattare\/jonssont\/\" \/>\n<meta property=\"og:locale\" content=\"sv_SE\" \/>\n<meta property=\"og:type\" content=\"article\" \/>\n<meta property=\"og:title\" content=\"Thorsten Jonsson\u00a0(1910\u20131950) - Ljud &amp; Bild\" \/>\n<meta property=\"og:description\" content=\"\u201dTHORSTEN JONSSON (1910\u20131950) var verksam p\u00e5 flera litter\u00e4ra f\u00e4lt under 1940-talet. Han var under n\u00e5gra \u00e5r redakt\u00f6r f\u00f6r\u00a0Bonniers konversationslexikon\u00a0och han var verksam som \u00f6vers\u00e4ttare och arbetade d\u00e4rtill f\u00f6r flera tidningar och tidskifter. Han ingick bland annat i\u00a0Horisonts\u00a0redaktion fram [&hellip;]\" \/>\n<meta property=\"og:url\" content=\"https:\/\/litteraturbanken.se\/ljudochbild\/forfattare\/jonssont\/\" \/>\n<meta property=\"og:site_name\" content=\"Ljud &amp; Bild\" \/>\n<meta property=\"article:publisher\" content=\"https:\/\/www.facebook.com\/Litteraturbanken.se\" \/>\n<meta property=\"article:modified_time\" content=\"2025-11-19T12:31:44+00:00\" \/>\n<meta property=\"og:image\" content=\"https:\/\/litteraturbanken.se\/ljudochbild\/wp-content\/uploads\/2025\/11\/Thorsten_Jonsson_reading_upscayl_3x_ultrasharp-4x.webp\" \/>\n\t<meta property=\"og:image:width\" content=\"1200\" \/>\n\t<meta property=\"og:image:height\" content=\"944\" \/>\n\t<meta property=\"og:image:type\" content=\"image\/webp\" \/>\n<meta name=\"twitter:card\" content=\"summary_large_image\" \/>\n<meta name=\"twitter:site\" content=\"@litteraturbank\" \/>\n<meta name=\"twitter:label1\" content=\"Ber\u00e4knad l\u00e4stid\" \/>\n\t<meta name=\"twitter:data1\" content=\"2 minuter\" \/>\n<script type=\"application\/ld+json\" class=\"yoast-schema-graph\">{\"@context\":\"https:\/\/schema.org\",\"@graph\":[{\"@type\":\"WebPage\",\"@id\":\"https:\/\/litteraturbanken.se\/ljudochbild\/forfattare\/jonssont\/\",\"url\":\"https:\/\/litteraturbanken.se\/ljudochbild\/forfattare\/jonssont\/\",\"name\":\"Thorsten Jonsson\u00a0(1910\u20131950) - Ljud &amp; Bild\",\"isPartOf\":{\"@id\":\"https:\/\/litteraturbanken.se\/ljudochbild\/#website\"},\"primaryImageOfPage\":{\"@id\":\"https:\/\/litteraturbanken.se\/ljudochbild\/forfattare\/jonssont\/#primaryimage\"},\"image\":{\"@id\":\"https:\/\/litteraturbanken.se\/ljudochbild\/forfattare\/jonssont\/#primaryimage\"},\"thumbnailUrl\":\"https:\/\/litteraturbanken.se\/ljudochbild\/wp-content\/uploads\/2025\/11\/Thorsten_Jonsson_reading_upscayl_3x_ultrasharp-4x.webp\",\"datePublished\":\"2025-11-19T12:31:08+00:00\",\"dateModified\":\"2025-11-19T12:31:44+00:00\",\"breadcrumb\":{\"@id\":\"https:\/\/litteraturbanken.se\/ljudochbild\/forfattare\/jonssont\/#breadcrumb\"},\"inLanguage\":\"sv-SE\",\"potentialAction\":[{\"@type\":\"ReadAction\",\"target\":[\"https:\/\/litteraturbanken.se\/ljudochbild\/forfattare\/jonssont\/\"]}]},{\"@type\":\"ImageObject\",\"inLanguage\":\"sv-SE\",\"@id\":\"https:\/\/litteraturbanken.se\/ljudochbild\/forfattare\/jonssont\/#primaryimage\",\"url\":\"https:\/\/litteraturbanken.se\/ljudochbild\/wp-content\/uploads\/2025\/11\/Thorsten_Jonsson_reading_upscayl_3x_ultrasharp-4x.webp\",\"contentUrl\":\"https:\/\/litteraturbanken.se\/ljudochbild\/wp-content\/uploads\/2025\/11\/Thorsten_Jonsson_reading_upscayl_3x_ultrasharp-4x.webp\",\"width\":1200,\"height\":944,\"caption\":\"Thorsten Jonsson\"},{\"@type\":\"BreadcrumbList\",\"@id\":\"https:\/\/litteraturbanken.se\/ljudochbild\/forfattare\/jonssont\/#breadcrumb\",\"itemListElement\":[{\"@type\":\"ListItem\",\"position\":1,\"name\":\"Hem\",\"item\":\"https:\/\/litteraturbanken.se\/ljudochbild\/\"},{\"@type\":\"ListItem\",\"position\":2,\"name\":\"F\u00f6rfattare\",\"item\":\"https:\/\/litteraturbanken.se\/ljudochbild\/forfattare\/\"},{\"@type\":\"ListItem\",\"position\":3,\"name\":\"Thorsten Jonsson\u00a0(1910\u20131950)\"}]},{\"@type\":\"WebSite\",\"@id\":\"https:\/\/litteraturbanken.se\/ljudochbild\/#website\",\"url\":\"https:\/\/litteraturbanken.se\/ljudochbild\/\",\"name\":\"Ljud & Bild\",\"description\":\"Ur Litteraturbankens samlingar\",\"potentialAction\":[{\"@type\":\"SearchAction\",\"target\":{\"@type\":\"EntryPoint\",\"urlTemplate\":\"https:\/\/litteraturbanken.se\/ljudochbild\/?s={search_term_string}\"},\"query-input\":{\"@type\":\"PropertyValueSpecification\",\"valueRequired\":true,\"valueName\":\"search_term_string\"}}],\"inLanguage\":\"sv-SE\"}]}<\/script>\n<!-- \/ Yoast SEO plugin. -->","yoast_head_json":{"title":"Thorsten Jonsson\u00a0(1910\u20131950) - Ljud &amp; Bild","robots":{"index":"index","follow":"follow","max-snippet":"max-snippet:-1","max-image-preview":"max-image-preview:large","max-video-preview":"max-video-preview:-1"},"canonical":"https:\/\/litteraturbanken.se\/ljudochbild\/forfattare\/jonssont\/","og_locale":"sv_SE","og_type":"article","og_title":"Thorsten Jonsson\u00a0(1910\u20131950) - Ljud &amp; Bild","og_description":"\u201dTHORSTEN JONSSON (1910\u20131950) var verksam p\u00e5 flera litter\u00e4ra f\u00e4lt under 1940-talet. Han var under n\u00e5gra \u00e5r redakt\u00f6r f\u00f6r\u00a0Bonniers konversationslexikon\u00a0och han var verksam som \u00f6vers\u00e4ttare och arbetade d\u00e4rtill f\u00f6r flera tidningar och tidskifter. Han ingick bland annat i\u00a0Horisonts\u00a0redaktion fram [&hellip;]","og_url":"https:\/\/litteraturbanken.se\/ljudochbild\/forfattare\/jonssont\/","og_site_name":"Ljud &amp; Bild","article_publisher":"https:\/\/www.facebook.com\/Litteraturbanken.se","article_modified_time":"2025-11-19T12:31:44+00:00","og_image":[{"width":1200,"height":944,"url":"https:\/\/litteraturbanken.se\/ljudochbild\/wp-content\/uploads\/2025\/11\/Thorsten_Jonsson_reading_upscayl_3x_ultrasharp-4x.webp","type":"image\/webp"}],"twitter_card":"summary_large_image","twitter_site":"@litteraturbank","twitter_misc":{"Ber\u00e4knad l\u00e4stid":"2 minuter"},"schema":{"@context":"https:\/\/schema.org","@graph":[{"@type":"WebPage","@id":"https:\/\/litteraturbanken.se\/ljudochbild\/forfattare\/jonssont\/","url":"https:\/\/litteraturbanken.se\/ljudochbild\/forfattare\/jonssont\/","name":"Thorsten Jonsson\u00a0(1910\u20131950) - Ljud &amp; Bild","isPartOf":{"@id":"https:\/\/litteraturbanken.se\/ljudochbild\/#website"},"primaryImageOfPage":{"@id":"https:\/\/litteraturbanken.se\/ljudochbild\/forfattare\/jonssont\/#primaryimage"},"image":{"@id":"https:\/\/litteraturbanken.se\/ljudochbild\/forfattare\/jonssont\/#primaryimage"},"thumbnailUrl":"https:\/\/litteraturbanken.se\/ljudochbild\/wp-content\/uploads\/2025\/11\/Thorsten_Jonsson_reading_upscayl_3x_ultrasharp-4x.webp","datePublished":"2025-11-19T12:31:08+00:00","dateModified":"2025-11-19T12:31:44+00:00","breadcrumb":{"@id":"https:\/\/litteraturbanken.se\/ljudochbild\/forfattare\/jonssont\/#breadcrumb"},"inLanguage":"sv-SE","potentialAction":[{"@type":"ReadAction","target":["https:\/\/litteraturbanken.se\/ljudochbild\/forfattare\/jonssont\/"]}]},{"@type":"ImageObject","inLanguage":"sv-SE","@id":"https:\/\/litteraturbanken.se\/ljudochbild\/forfattare\/jonssont\/#primaryimage","url":"https:\/\/litteraturbanken.se\/ljudochbild\/wp-content\/uploads\/2025\/11\/Thorsten_Jonsson_reading_upscayl_3x_ultrasharp-4x.webp","contentUrl":"https:\/\/litteraturbanken.se\/ljudochbild\/wp-content\/uploads\/2025\/11\/Thorsten_Jonsson_reading_upscayl_3x_ultrasharp-4x.webp","width":1200,"height":944,"caption":"Thorsten Jonsson"},{"@type":"BreadcrumbList","@id":"https:\/\/litteraturbanken.se\/ljudochbild\/forfattare\/jonssont\/#breadcrumb","itemListElement":[{"@type":"ListItem","position":1,"name":"Hem","item":"https:\/\/litteraturbanken.se\/ljudochbild\/"},{"@type":"ListItem","position":2,"name":"F\u00f6rfattare","item":"https:\/\/litteraturbanken.se\/ljudochbild\/forfattare\/"},{"@type":"ListItem","position":3,"name":"Thorsten Jonsson\u00a0(1910\u20131950)"}]},{"@type":"WebSite","@id":"https:\/\/litteraturbanken.se\/ljudochbild\/#website","url":"https:\/\/litteraturbanken.se\/ljudochbild\/","name":"Ljud & Bild","description":"Ur Litteraturbankens samlingar","potentialAction":[{"@type":"SearchAction","target":{"@type":"EntryPoint","urlTemplate":"https:\/\/litteraturbanken.se\/ljudochbild\/?s={search_term_string}"},"query-input":{"@type":"PropertyValueSpecification","valueRequired":true,"valueName":"search_term_string"}}],"inLanguage":"sv-SE"}]}},"_links":{"self":[{"href":"https:\/\/litteraturbanken.se\/ljudochbild\/wp-json\/wp\/v2\/pages\/13327","targetHints":{"allow":["GET"]}}],"collection":[{"href":"https:\/\/litteraturbanken.se\/ljudochbild\/wp-json\/wp\/v2\/pages"}],"about":[{"href":"https:\/\/litteraturbanken.se\/ljudochbild\/wp-json\/wp\/v2\/types\/page"}],"author":[{"embeddable":true,"href":"https:\/\/litteraturbanken.se\/ljudochbild\/wp-json\/wp\/v2\/users\/5"}],"replies":[{"embeddable":true,"href":"https:\/\/litteraturbanken.se\/ljudochbild\/wp-json\/wp\/v2\/comments?post=13327"}],"version-history":[{"count":2,"href":"https:\/\/litteraturbanken.se\/ljudochbild\/wp-json\/wp\/v2\/pages\/13327\/revisions"}],"predecessor-version":[{"id":13331,"href":"https:\/\/litteraturbanken.se\/ljudochbild\/wp-json\/wp\/v2\/pages\/13327\/revisions\/13331"}],"up":[{"embeddable":true,"href":"https:\/\/litteraturbanken.se\/ljudochbild\/wp-json\/wp\/v2\/pages\/7"}],"wp:featuredmedia":[{"embeddable":true,"href":"https:\/\/litteraturbanken.se\/ljudochbild\/wp-json\/wp\/v2\/media\/13328"}],"wp:attachment":[{"href":"https:\/\/litteraturbanken.se\/ljudochbild\/wp-json\/wp\/v2\/media?parent=13327"}],"curies":[{"name":"wp","href":"https:\/\/api.w.org\/{rel}","templated":true}]}}