{"id":1466,"date":"2019-09-05T12:22:05","date_gmt":"2019-09-05T10:22:05","guid":{"rendered":"http:\/\/ordfabriken.org\/ljud\/?page_id=1466"},"modified":"2024-09-18T11:52:54","modified_gmt":"2024-09-18T09:52:54","slug":"nermant","status":"publish","type":"page","link":"https:\/\/litteraturbanken.se\/ljudochbild\/forfattare\/nermant\/","title":{"rendered":"Ture Nerman (1886\u20131969)"},"content":{"rendered":"<div class=\"wp-block-image\">\n<figure class=\"alignright size-large is-resized\"><img loading=\"lazy\" decoding=\"async\" width=\"685\" height=\"1024\" src=\"https:\/\/litteraturbanken.se\/ljudochbild\/wp-content\/uploads\/2024\/09\/turenerman-685x1024.jpg\" alt=\"Ture Nerman\" class=\"wp-image-12330\" style=\"width:150px;height:auto\" srcset=\"https:\/\/litteraturbanken.se\/ljudochbild\/wp-content\/uploads\/2024\/09\/turenerman-685x1024.jpg 685w, https:\/\/litteraturbanken.se\/ljudochbild\/wp-content\/uploads\/2024\/09\/turenerman-201x300.jpg 201w, https:\/\/litteraturbanken.se\/ljudochbild\/wp-content\/uploads\/2024\/09\/turenerman-768x1148.jpg 768w, https:\/\/litteraturbanken.se\/ljudochbild\/wp-content\/uploads\/2024\/09\/turenerman-1028x1536.jpg 1028w, https:\/\/litteraturbanken.se\/ljudochbild\/wp-content\/uploads\/2024\/09\/turenerman-480x717.jpg 480w, https:\/\/litteraturbanken.se\/ljudochbild\/wp-content\/uploads\/2024\/09\/turenerman.jpg 1200w\" sizes=\"auto, (max-width: 685px) 100vw, 685px\" \/><\/figure>\n<\/div>\n\n\n<p>\u201dSka man se och f\u00f6rst\u00e5 egenarten och kontinuiteten i Ture Nermans dramatiska liv, m\u00e5ste man veta att hans karakteristiska drag som m\u00e4nniska var f\u00e4rdiga redan n\u00e4r han, n\u00e5gra och tjugo \u00e5r gammal, besteg den offentliga scenen. Han var formad av den borgerliga v\u00e4rld d\u00e4r han hade v\u00e4xt upp. V\u00e4rderingar och principer var i grunden desamma, n\u00e4r han p\u00e5 1910- och 20-talen som brinnande bolsjevik attackerade det borgerliga samh\u00e4llet, som n\u00e4r han under andra v\u00e4rldskriget lika h\u00e4ngivet f\u00f6rsvarade det. Eller n\u00e4rmare best\u00e4mt: vad han k\u00e4mpade f\u00f6r var en idealiserad bild av detta samh\u00e4lle, f\u00f6rvandlat till en id\u00e9 om en M\u00e4nniskans v\u00e4rld och en Ny m\u00e4nniska. Nerman var idealist, men han var framf\u00f6rallt poet: han levde i visionen, i dikten, i ordet. Det var d\u00e4r han utr\u00e4ttade sitt b\u00e4sta och v\u00e4sentligaste.\u201d<\/p>\n\n\n\n<p>Stycket ovanf\u00f6r kommer fr\u00e5n Bengt Nermans artikel om Ture Nerman i <a href=\"https:\/\/sok.riksarkivet.se\/sbl\/Presentation.aspx?id=8846\" target=\"_blank\" rel=\"noreferrer noopener\">Svenskt biografiskt lexikon<\/a>.<\/p>\n\n\n\n<div class=\"wp-block-buttons is-layout-flex wp-block-buttons-is-layout-flex\">\n<div class=\"wp-block-button has-custom-font-size read-more-button\" style=\"font-size:14px\"><a class=\"wp-block-button__link has-white-color has-text-color has-background wp-element-button\" href=\"https:\/\/sok.riksarkivet.se\/sbl\/Presentation.aspx?id=8846\" style=\"border-radius:0px;background-color:#cd2400\" target=\"_blank\" rel=\"noopener\"><strong>L\u00c4S MER OM TURE NERMAN<\/strong><\/a><\/div>\n\n\n\n<div class=\"wp-block-button has-custom-font-size read-more-button\" style=\"font-size:14px\"><a class=\"wp-block-button__link has-white-color has-text-color has-background wp-element-button\" href=\"https:\/\/litteraturbanken.se\/f%C3%B6rfattare\/NermanT\/titlar\" style=\"border-radius:0px;background-color:#cd2400\" target=\"_blank\" rel=\"noopener\"><strong>L\u00c4S TURE NERMANS VERK HOS LB.SE<\/strong><\/a><\/div>\n<\/div>\n\n\n\n<div style=\"height:20px\" aria-hidden=\"true\" class=\"wp-block-spacer\"><\/div>\n\n\n\n<div class=\"wp-playlist wp-audio-playlist wp-playlist-light\">\n\t\t\t<div class=\"wp-playlist-current-item\"><\/div>\n\t\t<audio controls=\"controls\" preload=\"none\" width=\"618\"\n\t\t\t><\/audio>\n\t<div class=\"wp-playlist-next\"><\/div>\n\t<div class=\"wp-playlist-prev\"><\/div>\n\t<noscript>\n\t<ol>\n\t\t<li><a href='https:\/\/litteraturbanken.se\/ljudochbild\/wp-content\/uploads\/2019\/09\/nerman_denvackrastevisan_mossaed.mp3'>Den vackraste visan<\/a><\/li>\t<\/ol>\n\t<\/noscript>\n\t<script type=\"application\/json\" class=\"wp-playlist-script\">{\"type\":\"audio\",\"tracklist\":true,\"tracknumbers\":true,\"images\":true,\"artists\":true,\"tracks\":[{\"src\":\"https:\/\/litteraturbanken.se\/ljudochbild\/wp-content\/uploads\/2019\/09\/nerman_denvackrastevisan_mossaed.mp3\",\"type\":\"audio\/mpeg\",\"title\":\"Den vackraste visan\",\"caption\":\"\",\"description\":\"\\\"Den vackraste visan\\\" fr\\u00e5n Jila Mossaed l\\u00e4ser svenska klassiker av Nerman, Einar. Sl\\u00e4ppt: 2019. Sp\\u00e5r 14 av 22.\",\"meta\":{\"artist\":\"Jila Mossaed l\\u00e4ser Ture Nerman\",\"album\":\"Ture Nerman\",\"year\":\"2019\",\"length_formatted\":\"1:09\"},\"image\":{\"src\":\"https:\/\/litteraturbanken.se\/ljudochbild\/wp-content\/plugins\/media-library-assistant\/images\/crystal\/audio.png\",\"width\":48,\"height\":64},\"thumb\":{\"src\":\"https:\/\/litteraturbanken.se\/ljudochbild\/wp-content\/plugins\/media-library-assistant\/images\/crystal\/audio.png\",\"width\":48,\"height\":64}}]}<\/script>\n<\/div>\n\t\n\n\n\n<hr class=\"wp-block-separator has-alpha-channel-opacity\"\/>\n\n\n\n<p><em>Karikatyren ovanf\u00f6r har vi l\u00e5nat fr\u00e5n framsidan till Ture Nermans sj\u00e4lvbiografi <a href=\"https:\/\/litteraturbanken.se\/f%C3%B6rfattare\/NermanT\/titlar\/TrotsAllt\/sida\/I\/faksimil\" target=\"_blank\" rel=\"noreferrer noopener\">Trots allt! Minne och redovisning<\/a> (1954)<\/em>.<\/p>\n\n\n<h3 class=\"wp-block-heading author-related-title\">L\u00e4s mer<\/h3>\r\n<div class=\"display-posts-listing grid\"><div class=\"listing-item\"><a class=\"image\" href=\"https:\/\/litteraturbanken.se\/ljudochbild\/2019\/09\/22\/mossaed-laser-klassiker\/\"><img loading=\"lazy\" decoding=\"async\" width=\"640\" height=\"853\" src=\"https:\/\/litteraturbanken.se\/ljudochbild\/wp-content\/uploads\/2019\/09\/58758430_10157113315819761_8851764749076004864_o-768x1024.jpg\" class=\"attachment-large size-large wp-post-image\" alt=\"\" srcset=\"https:\/\/litteraturbanken.se\/ljudochbild\/wp-content\/uploads\/2019\/09\/58758430_10157113315819761_8851764749076004864_o-768x1024.jpg 768w, https:\/\/litteraturbanken.se\/ljudochbild\/wp-content\/uploads\/2019\/09\/58758430_10157113315819761_8851764749076004864_o-225x300.jpg 225w, https:\/\/litteraturbanken.se\/ljudochbild\/wp-content\/uploads\/2019\/09\/58758430_10157113315819761_8851764749076004864_o-480x640.jpg 480w, https:\/\/litteraturbanken.se\/ljudochbild\/wp-content\/uploads\/2019\/09\/58758430_10157113315819761_8851764749076004864_o-e1568905620148.jpg 600w\" sizes=\"auto, (max-width: 640px) 100vw, 640px\" \/><\/a> <a class=\"title\" href=\"https:\/\/litteraturbanken.se\/ljudochbild\/2019\/09\/22\/mossaed-laser-klassiker\/\">Jila Mossaed l\u00e4ser klassiker<\/a><\/div><div class=\"listing-item\"><a class=\"image\" href=\"https:\/\/litteraturbanken.se\/ljudochbild\/2020\/09\/29\/laslovet-2020\/\"><img loading=\"lazy\" decoding=\"async\" width=\"640\" height=\"819\" src=\"https:\/\/litteraturbanken.se\/ljudochbild\/wp-content\/uploads\/2020\/09\/DP72078_cyan.jpg\" class=\"attachment-large size-large wp-post-image\" alt=\"\" srcset=\"https:\/\/litteraturbanken.se\/ljudochbild\/wp-content\/uploads\/2020\/09\/DP72078_cyan.jpg 700w, https:\/\/litteraturbanken.se\/ljudochbild\/wp-content\/uploads\/2020\/09\/DP72078_cyan-234x300.jpg 234w, https:\/\/litteraturbanken.se\/ljudochbild\/wp-content\/uploads\/2020\/09\/DP72078_cyan-480x614.jpg 480w\" sizes=\"auto, (max-width: 640px) 100vw, 640px\" \/><\/a> <a class=\"title\" href=\"https:\/\/litteraturbanken.se\/ljudochbild\/2020\/09\/29\/laslovet-2020\/\">L\u00e4slovet 2020<\/a><\/div><\/div>\r\n\r\n\n","protected":false},"excerpt":{"rendered":"<p>\u201dSka man se och f\u00f6rst\u00e5 egenarten och kontinuiteten i Ture Nermans dramatiska liv, m\u00e5ste man veta att hans karakteristiska drag som m\u00e4nniska var f\u00e4rdiga redan n\u00e4r han, n\u00e5gra och tjugo \u00e5r gammal, besteg den offentliga scenen. Han var [&hellip;]<\/p>\n","protected":false},"author":1,"featured_media":12330,"parent":7,"menu_order":0,"comment_status":"closed","ping_status":"closed","template":"","meta":{"footnotes":""},"class_list":["post-1466","page","type-page","status-publish","has-post-thumbnail","hentry"],"yoast_head":"<!-- This site is optimized with the Yoast SEO plugin v27.1.1 - https:\/\/yoast.com\/product\/yoast-seo-wordpress\/ -->\n<title>Ture Nerman (1886\u20131969) - Ljud &amp; Bild<\/title>\n<meta name=\"robots\" content=\"index, follow, max-snippet:-1, max-image-preview:large, max-video-preview:-1\" \/>\n<link rel=\"canonical\" href=\"https:\/\/litteraturbanken.se\/ljudochbild\/forfattare\/nermant\/\" \/>\n<meta property=\"og:locale\" content=\"sv_SE\" \/>\n<meta property=\"og:type\" content=\"article\" \/>\n<meta property=\"og:title\" content=\"Ture Nerman (1886\u20131969) - Ljud &amp; Bild\" \/>\n<meta property=\"og:description\" content=\"\u201dSka man se och f\u00f6rst\u00e5 egenarten och kontinuiteten i Ture Nermans dramatiska liv, m\u00e5ste man veta att hans karakteristiska drag som m\u00e4nniska var f\u00e4rdiga redan n\u00e4r han, n\u00e5gra och tjugo \u00e5r gammal, besteg den offentliga scenen. Han var [&hellip;]\" \/>\n<meta property=\"og:url\" content=\"https:\/\/litteraturbanken.se\/ljudochbild\/forfattare\/nermant\/\" \/>\n<meta property=\"og:site_name\" content=\"Ljud &amp; Bild\" \/>\n<meta property=\"article:publisher\" content=\"https:\/\/www.facebook.com\/Litteraturbanken.se\" \/>\n<meta property=\"article:modified_time\" content=\"2024-09-18T09:52:54+00:00\" \/>\n<meta property=\"og:image\" content=\"https:\/\/litteraturbanken.se\/ljudochbild\/wp-content\/uploads\/2024\/09\/turenerman.jpg\" \/>\n\t<meta property=\"og:image:width\" content=\"1200\" \/>\n\t<meta property=\"og:image:height\" content=\"1793\" \/>\n\t<meta property=\"og:image:type\" content=\"image\/jpeg\" \/>\n<meta name=\"twitter:card\" content=\"summary_large_image\" \/>\n<meta name=\"twitter:site\" content=\"@litteraturbank\" \/>\n<meta name=\"twitter:label1\" content=\"Ber\u00e4knad l\u00e4stid\" \/>\n\t<meta name=\"twitter:data1\" content=\"2 minuter\" \/>\n<script type=\"application\/ld+json\" class=\"yoast-schema-graph\">{\"@context\":\"https:\/\/schema.org\",\"@graph\":[{\"@type\":\"WebPage\",\"@id\":\"https:\/\/litteraturbanken.se\/ljudochbild\/forfattare\/nermant\/\",\"url\":\"https:\/\/litteraturbanken.se\/ljudochbild\/forfattare\/nermant\/\",\"name\":\"Ture Nerman (1886\u20131969) - Ljud &amp; Bild\",\"isPartOf\":{\"@id\":\"https:\/\/litteraturbanken.se\/ljudochbild\/#website\"},\"primaryImageOfPage\":{\"@id\":\"https:\/\/litteraturbanken.se\/ljudochbild\/forfattare\/nermant\/#primaryimage\"},\"image\":{\"@id\":\"https:\/\/litteraturbanken.se\/ljudochbild\/forfattare\/nermant\/#primaryimage\"},\"thumbnailUrl\":\"https:\/\/litteraturbanken.se\/ljudochbild\/wp-content\/uploads\/2024\/09\/turenerman.jpg\",\"datePublished\":\"2019-09-05T10:22:05+00:00\",\"dateModified\":\"2024-09-18T09:52:54+00:00\",\"breadcrumb\":{\"@id\":\"https:\/\/litteraturbanken.se\/ljudochbild\/forfattare\/nermant\/#breadcrumb\"},\"inLanguage\":\"sv-SE\",\"potentialAction\":[{\"@type\":\"ReadAction\",\"target\":[\"https:\/\/litteraturbanken.se\/ljudochbild\/forfattare\/nermant\/\"]}]},{\"@type\":\"ImageObject\",\"inLanguage\":\"sv-SE\",\"@id\":\"https:\/\/litteraturbanken.se\/ljudochbild\/forfattare\/nermant\/#primaryimage\",\"url\":\"https:\/\/litteraturbanken.se\/ljudochbild\/wp-content\/uploads\/2024\/09\/turenerman.jpg\",\"contentUrl\":\"https:\/\/litteraturbanken.se\/ljudochbild\/wp-content\/uploads\/2024\/09\/turenerman.jpg\",\"width\":1200,\"height\":1793,\"caption\":\"Ture Nerman\"},{\"@type\":\"BreadcrumbList\",\"@id\":\"https:\/\/litteraturbanken.se\/ljudochbild\/forfattare\/nermant\/#breadcrumb\",\"itemListElement\":[{\"@type\":\"ListItem\",\"position\":1,\"name\":\"Hem\",\"item\":\"https:\/\/litteraturbanken.se\/ljudochbild\/\"},{\"@type\":\"ListItem\",\"position\":2,\"name\":\"F\u00f6rfattare\",\"item\":\"https:\/\/litteraturbanken.se\/ljudochbild\/forfattare\/\"},{\"@type\":\"ListItem\",\"position\":3,\"name\":\"Ture Nerman (1886\u20131969)\"}]},{\"@type\":\"WebSite\",\"@id\":\"https:\/\/litteraturbanken.se\/ljudochbild\/#website\",\"url\":\"https:\/\/litteraturbanken.se\/ljudochbild\/\",\"name\":\"Ljud & Bild\",\"description\":\"Ur Litteraturbankens samlingar\",\"potentialAction\":[{\"@type\":\"SearchAction\",\"target\":{\"@type\":\"EntryPoint\",\"urlTemplate\":\"https:\/\/litteraturbanken.se\/ljudochbild\/?s={search_term_string}\"},\"query-input\":{\"@type\":\"PropertyValueSpecification\",\"valueRequired\":true,\"valueName\":\"search_term_string\"}}],\"inLanguage\":\"sv-SE\"}]}<\/script>\n<!-- \/ Yoast SEO plugin. -->","yoast_head_json":{"title":"Ture Nerman (1886\u20131969) - Ljud &amp; Bild","robots":{"index":"index","follow":"follow","max-snippet":"max-snippet:-1","max-image-preview":"max-image-preview:large","max-video-preview":"max-video-preview:-1"},"canonical":"https:\/\/litteraturbanken.se\/ljudochbild\/forfattare\/nermant\/","og_locale":"sv_SE","og_type":"article","og_title":"Ture Nerman (1886\u20131969) - Ljud &amp; Bild","og_description":"\u201dSka man se och f\u00f6rst\u00e5 egenarten och kontinuiteten i Ture Nermans dramatiska liv, m\u00e5ste man veta att hans karakteristiska drag som m\u00e4nniska var f\u00e4rdiga redan n\u00e4r han, n\u00e5gra och tjugo \u00e5r gammal, besteg den offentliga scenen. Han var [&hellip;]","og_url":"https:\/\/litteraturbanken.se\/ljudochbild\/forfattare\/nermant\/","og_site_name":"Ljud &amp; Bild","article_publisher":"https:\/\/www.facebook.com\/Litteraturbanken.se","article_modified_time":"2024-09-18T09:52:54+00:00","og_image":[{"width":1200,"height":1793,"url":"https:\/\/litteraturbanken.se\/ljudochbild\/wp-content\/uploads\/2024\/09\/turenerman.jpg","type":"image\/jpeg"}],"twitter_card":"summary_large_image","twitter_site":"@litteraturbank","twitter_misc":{"Ber\u00e4knad l\u00e4stid":"2 minuter"},"schema":{"@context":"https:\/\/schema.org","@graph":[{"@type":"WebPage","@id":"https:\/\/litteraturbanken.se\/ljudochbild\/forfattare\/nermant\/","url":"https:\/\/litteraturbanken.se\/ljudochbild\/forfattare\/nermant\/","name":"Ture Nerman (1886\u20131969) - Ljud &amp; Bild","isPartOf":{"@id":"https:\/\/litteraturbanken.se\/ljudochbild\/#website"},"primaryImageOfPage":{"@id":"https:\/\/litteraturbanken.se\/ljudochbild\/forfattare\/nermant\/#primaryimage"},"image":{"@id":"https:\/\/litteraturbanken.se\/ljudochbild\/forfattare\/nermant\/#primaryimage"},"thumbnailUrl":"https:\/\/litteraturbanken.se\/ljudochbild\/wp-content\/uploads\/2024\/09\/turenerman.jpg","datePublished":"2019-09-05T10:22:05+00:00","dateModified":"2024-09-18T09:52:54+00:00","breadcrumb":{"@id":"https:\/\/litteraturbanken.se\/ljudochbild\/forfattare\/nermant\/#breadcrumb"},"inLanguage":"sv-SE","potentialAction":[{"@type":"ReadAction","target":["https:\/\/litteraturbanken.se\/ljudochbild\/forfattare\/nermant\/"]}]},{"@type":"ImageObject","inLanguage":"sv-SE","@id":"https:\/\/litteraturbanken.se\/ljudochbild\/forfattare\/nermant\/#primaryimage","url":"https:\/\/litteraturbanken.se\/ljudochbild\/wp-content\/uploads\/2024\/09\/turenerman.jpg","contentUrl":"https:\/\/litteraturbanken.se\/ljudochbild\/wp-content\/uploads\/2024\/09\/turenerman.jpg","width":1200,"height":1793,"caption":"Ture Nerman"},{"@type":"BreadcrumbList","@id":"https:\/\/litteraturbanken.se\/ljudochbild\/forfattare\/nermant\/#breadcrumb","itemListElement":[{"@type":"ListItem","position":1,"name":"Hem","item":"https:\/\/litteraturbanken.se\/ljudochbild\/"},{"@type":"ListItem","position":2,"name":"F\u00f6rfattare","item":"https:\/\/litteraturbanken.se\/ljudochbild\/forfattare\/"},{"@type":"ListItem","position":3,"name":"Ture Nerman (1886\u20131969)"}]},{"@type":"WebSite","@id":"https:\/\/litteraturbanken.se\/ljudochbild\/#website","url":"https:\/\/litteraturbanken.se\/ljudochbild\/","name":"Ljud & Bild","description":"Ur Litteraturbankens samlingar","potentialAction":[{"@type":"SearchAction","target":{"@type":"EntryPoint","urlTemplate":"https:\/\/litteraturbanken.se\/ljudochbild\/?s={search_term_string}"},"query-input":{"@type":"PropertyValueSpecification","valueRequired":true,"valueName":"search_term_string"}}],"inLanguage":"sv-SE"}]}},"_links":{"self":[{"href":"https:\/\/litteraturbanken.se\/ljudochbild\/wp-json\/wp\/v2\/pages\/1466","targetHints":{"allow":["GET"]}}],"collection":[{"href":"https:\/\/litteraturbanken.se\/ljudochbild\/wp-json\/wp\/v2\/pages"}],"about":[{"href":"https:\/\/litteraturbanken.se\/ljudochbild\/wp-json\/wp\/v2\/types\/page"}],"author":[{"embeddable":true,"href":"https:\/\/litteraturbanken.se\/ljudochbild\/wp-json\/wp\/v2\/users\/1"}],"replies":[{"embeddable":true,"href":"https:\/\/litteraturbanken.se\/ljudochbild\/wp-json\/wp\/v2\/comments?post=1466"}],"version-history":[{"count":6,"href":"https:\/\/litteraturbanken.se\/ljudochbild\/wp-json\/wp\/v2\/pages\/1466\/revisions"}],"predecessor-version":[{"id":12332,"href":"https:\/\/litteraturbanken.se\/ljudochbild\/wp-json\/wp\/v2\/pages\/1466\/revisions\/12332"}],"up":[{"embeddable":true,"href":"https:\/\/litteraturbanken.se\/ljudochbild\/wp-json\/wp\/v2\/pages\/7"}],"wp:featuredmedia":[{"embeddable":true,"href":"https:\/\/litteraturbanken.se\/ljudochbild\/wp-json\/wp\/v2\/media\/12330"}],"wp:attachment":[{"href":"https:\/\/litteraturbanken.se\/ljudochbild\/wp-json\/wp\/v2\/media?parent=1466"}],"curies":[{"name":"wp","href":"https:\/\/api.w.org\/{rel}","templated":true}]}}