{"id":1480,"date":"2019-09-05T13:38:28","date_gmt":"2019-09-05T11:38:28","guid":{"rendered":"http:\/\/ordfabriken.org\/ljud\/?page_id=1480"},"modified":"2024-09-17T10:40:39","modified_gmt":"2024-09-17T08:40:39","slug":"lo-johanssoni","status":"publish","type":"page","link":"https:\/\/litteraturbanken.se\/ljudochbild\/forfattare\/lo-johanssoni\/","title":{"rendered":"Ivar Lo-Johansson (1901\u20131990)"},"content":{"rendered":"<div class=\"wp-block-image\">\n<figure class=\"alignright\"><img loading=\"lazy\" decoding=\"async\" width=\"214\" height=\"300\" src=\"https:\/\/litteraturbanken.se\/ljudochbild\/wp-content\/uploads\/2019\/09\/Lo-JohanssonI_large-214x300.jpeg\" alt=\"\" class=\"wp-image-1489\" srcset=\"https:\/\/litteraturbanken.se\/ljudochbild\/wp-content\/uploads\/2019\/09\/Lo-JohanssonI_large-214x300.jpeg 214w, https:\/\/litteraturbanken.se\/ljudochbild\/wp-content\/uploads\/2019\/09\/Lo-JohanssonI_large.jpeg 393w\" sizes=\"auto, (max-width: 214px) 100vw, 214px\" \/><\/figure>\n<\/div>\n\n\n<p>\u201dIVAR LO-JOHANSSON (1901\u20131990) f\u00f6ddes i en statarfamilj och b\u00f6rjade sin skribentbana som medarbetare i V\u00e4sterhaninge folkh\u00f6gskolas elevtidning. Han begav sig ut p\u00e5 skrivande resor runt om i Europa och debutboken blev<em>Vagabondliv i Frankrike<\/em>\u00a0(1927) som f\u00f6ljdes av reportageb\u00f6ckerna\u00a0<em>Kolet i v\u00e5ld<\/em>\u00a0(1928),\u00a0<em>Nederstigen i d\u00f6dsriket<\/em> (1929),\u00a0<em>Zigenare<\/em>\u00a0(1929) och\u00a0<em>Mina st\u00e4ders ansikten<\/em>\u00a0(1930). Reseb\u00f6ckerna uppm\u00e4rksammades f\u00f6r sina slagkraftiga bilder av arbetartillvaro och fattigdom och Lo\u2013Johansson fick ocks\u00e5 m\u00f6jlighet att ge ut n\u00e5gra ungdomsnoveller \u2013\u00a0<em>Ett lag historier<\/em>\u00a0(1928). Efter \u00e5ren som vagabond i Europa gav han 1931 ut sin enda diktsamling \u2013\u00a0<em>Ur klyvnadens tid<\/em>\u00a0\u2013 och debuterade \u00e5ret d\u00e4rp\u00e5 som romanf\u00f6rfattare med den tragiska k\u00e4rlekshistorien\u00a0<em>M\u00e5na \u00e4r d\u00f6d<\/em>. Med sin n\u00e4sta roman \u2013\u00a0<a href=\"https:\/\/litteraturbanken.se\/forfattare\/Lo-JohanssonI\/titlar\/GodnattJord\/etext\"><em>Godnatt, jord<\/em><\/a>\u00a0(1933) \u2013 p\u00e5b\u00f6rjade Ivar Lo\u2013Johansson sina skildringar av statarna, av den h\u00e5rda och fattiga milj\u00f6 han sj\u00e4lv v\u00e4xt upp i.\u201d<\/p>\n\n\n\n<p>Stycket ovanf\u00f6r \u00e4r h\u00e4mtat ur Lotta Lotass introduktion av Ivar Lo-Johansson hos Litteraturbanken.<\/p>\n\n\n\n<div class=\"wp-block-buttons is-layout-flex wp-block-buttons-is-layout-flex\">\n<div class=\"wp-block-button has-custom-font-size read-more-button\" style=\"font-size:14px\"><a class=\"wp-block-button__link has-white-color has-text-color has-background wp-element-button\" href=\"https:\/\/litteraturbanken.se\/f%C3%B6rfattare\/Lo-JohanssonI\" style=\"border-radius:0px;background-color:#cd2400\" target=\"_blank\" rel=\"noopener\"><strong>L\u00c4S MER OM IVAR LO-JOHANSSON<\/strong><\/a><\/div>\n\n\n\n<div class=\"wp-block-button has-custom-font-size read-more-button\" style=\"font-size:14px\"><a class=\"wp-block-button__link has-white-color has-text-color has-background wp-element-button\" href=\"https:\/\/litteraturbanken.se\/f%C3%B6rfattare\/Franz%C3%A9nFM\/titlar\" style=\"border-radius:0px;background-color:#cd2400\" target=\"_blank\" rel=\"noopener\"><strong>L\u00c4S IVAR LO-JOHANSSONS VERK HOS LB.SE<\/strong><\/a><\/div>\n<\/div>\n\n\n\n<div style=\"height:20px\" aria-hidden=\"true\" class=\"wp-block-spacer\"><\/div>\n\n\n\n<div class=\"wp-playlist wp-audio-playlist wp-playlist-light\">\n\t\t\t<div class=\"wp-playlist-current-item\"><\/div>\n\t\t<audio controls=\"controls\" preload=\"none\" width=\"618\"\n\t\t\t><\/audio>\n\t<div class=\"wp-playlist-next\"><\/div>\n\t<div class=\"wp-playlist-prev\"><\/div>\n\t<noscript>\n\t<ol>\n\t\t<li><a href='https:\/\/litteraturbanken.se\/ljudochbild\/wp-content\/uploads\/2019\/09\/lojohansson_abroddochlilja_schiefauer.mp3'>\u00c5brodd och lilja<\/a><\/li>\t<\/ol>\n\t<\/noscript>\n\t<script type=\"application\/json\" class=\"wp-playlist-script\">{\"type\":\"audio\",\"tracklist\":true,\"tracknumbers\":true,\"images\":true,\"artists\":true,\"tracks\":[{\"src\":\"https:\/\/litteraturbanken.se\/ljudochbild\/wp-content\/uploads\/2019\/09\/lojohansson_abroddochlilja_schiefauer.mp3\",\"type\":\"audio\/mpeg\",\"title\":\"\\u00c5brodd och lilja\",\"caption\":\"\",\"description\":\"\\\"\\u00c5brodd och lilja\\\" fr\\u00e5n Jessica Schiefauer l\\u00e4ser \\u201dIn my solitude\\u201d av Lo-Johansson, Ivar. Sl\\u00e4ppt: 2019. Sp\\u00e5r 5 av 10.\",\"meta\":{\"artist\":\"Jessica Schiefauer l\\u00e4ser Ivar Lo-Johansson\",\"album\":\"Ivar Lo-Johansson\",\"year\":\"2019\",\"length_formatted\":\"10:54\"},\"image\":{\"src\":\"https:\/\/litteraturbanken.se\/ljudochbild\/wp-content\/uploads\/2019\/09\/lb_albumart.png\",\"width\":580,\"height\":612},\"thumb\":{\"src\":\"https:\/\/litteraturbanken.se\/ljudochbild\/wp-content\/uploads\/2019\/09\/lb_albumart-150x150.png\",\"width\":150,\"height\":150}}]}<\/script>\n<\/div>\n\t\n\n\n<h3 class=\"wp-block-heading author-related-title\">L\u00e4s mer<\/h3>\r\n<div class=\"display-posts-listing grid\"><div class=\"listing-item\"><a class=\"image\" href=\"https:\/\/litteraturbanken.se\/ljudochbild\/2021\/10\/31\/tio-klassiska-noveller\/\"><img loading=\"lazy\" decoding=\"async\" width=\"640\" height=\"804\" src=\"https:\/\/litteraturbanken.se\/ljudochbild\/wp-content\/uploads\/2021\/10\/tioklassiskanoveller-815x1024.jpg\" class=\"attachment-large size-large wp-post-image\" alt=\"Novellklassiker\" srcset=\"https:\/\/litteraturbanken.se\/ljudochbild\/wp-content\/uploads\/2021\/10\/tioklassiskanoveller-815x1024.jpg 815w, https:\/\/litteraturbanken.se\/ljudochbild\/wp-content\/uploads\/2021\/10\/tioklassiskanoveller-239x300.jpg 239w, https:\/\/litteraturbanken.se\/ljudochbild\/wp-content\/uploads\/2021\/10\/tioklassiskanoveller-768x965.jpg 768w, https:\/\/litteraturbanken.se\/ljudochbild\/wp-content\/uploads\/2021\/10\/tioklassiskanoveller-480x603.jpg 480w, https:\/\/litteraturbanken.se\/ljudochbild\/wp-content\/uploads\/2021\/10\/tioklassiskanoveller.jpg 1200w\" sizes=\"auto, (max-width: 640px) 100vw, 640px\" \/><\/a> <a class=\"title\" href=\"https:\/\/litteraturbanken.se\/ljudochbild\/2021\/10\/31\/tio-klassiska-noveller\/\">Tio klassiska noveller<\/a><\/div><div class=\"listing-item\"><a class=\"image\" href=\"https:\/\/litteraturbanken.se\/ljudochbild\/2019\/10\/27\/lyssna-till-lort-sverige\/\"><img loading=\"lazy\" decoding=\"async\" width=\"640\" height=\"727\" src=\"https:\/\/litteraturbanken.se\/ljudochbild\/wp-content\/uploads\/2019\/10\/lubbe-902x1024.jpg\" class=\"attachment-large size-large wp-post-image\" alt=\"\" srcset=\"https:\/\/litteraturbanken.se\/ljudochbild\/wp-content\/uploads\/2019\/10\/lubbe-902x1024.jpg 902w, https:\/\/litteraturbanken.se\/ljudochbild\/wp-content\/uploads\/2019\/10\/lubbe-264x300.jpg 264w, https:\/\/litteraturbanken.se\/ljudochbild\/wp-content\/uploads\/2019\/10\/lubbe-768x872.jpg 768w, https:\/\/litteraturbanken.se\/ljudochbild\/wp-content\/uploads\/2019\/10\/lubbe-480x545.jpg 480w, https:\/\/litteraturbanken.se\/ljudochbild\/wp-content\/uploads\/2019\/10\/lubbe-e1572171829277.jpg 700w\" sizes=\"auto, (max-width: 640px) 100vw, 640px\" \/><\/a> <a class=\"title\" href=\"https:\/\/litteraturbanken.se\/ljudochbild\/2019\/10\/27\/lyssna-till-lort-sverige\/\">Lyssna till Lort-Sverige<\/a><\/div><div class=\"listing-item\"><a class=\"image\" href=\"https:\/\/litteraturbanken.se\/ljudochbild\/2019\/09\/22\/ett-litterart-kalas\/\"><img loading=\"lazy\" decoding=\"async\" width=\"640\" height=\"723\" src=\"https:\/\/litteraturbanken.se\/ljudochbild\/wp-content\/uploads\/2019\/05\/fest_cover-907x1024.jpg\" class=\"attachment-large size-large wp-post-image\" alt=\"\" srcset=\"https:\/\/litteraturbanken.se\/ljudochbild\/wp-content\/uploads\/2019\/05\/fest_cover-907x1024.jpg 907w, https:\/\/litteraturbanken.se\/ljudochbild\/wp-content\/uploads\/2019\/05\/fest_cover-266x300.jpg 266w, https:\/\/litteraturbanken.se\/ljudochbild\/wp-content\/uploads\/2019\/05\/fest_cover-768x867.jpg 768w, https:\/\/litteraturbanken.se\/ljudochbild\/wp-content\/uploads\/2019\/05\/fest_cover-480x542.jpg 480w, https:\/\/litteraturbanken.se\/ljudochbild\/wp-content\/uploads\/2019\/05\/fest_cover.jpg 1958w\" sizes=\"auto, (max-width: 640px) 100vw, 640px\" \/><\/a> <a class=\"title\" href=\"https:\/\/litteraturbanken.se\/ljudochbild\/2019\/09\/22\/ett-litterart-kalas\/\">Ett litter\u00e4rt kalas<\/a><\/div><\/div>\r\n\r\n\n","protected":false},"excerpt":{"rendered":"<p>\u201dIVAR LO-JOHANSSON (1901\u20131990) f\u00f6ddes i en statarfamilj och b\u00f6rjade sin skribentbana som medarbetare i V\u00e4sterhaninge folkh\u00f6gskolas elevtidning. Han begav sig ut p\u00e5 skrivande resor runt om i Europa och debutboken blevVagabondliv i Frankrike\u00a0(1927) som f\u00f6ljdes av reportageb\u00f6ckerna\u00a0Kolet i [&hellip;]<\/p>\n","protected":false},"author":1,"featured_media":1489,"parent":7,"menu_order":0,"comment_status":"closed","ping_status":"closed","template":"","meta":{"footnotes":""},"class_list":["post-1480","page","type-page","status-publish","has-post-thumbnail","hentry"],"yoast_head":"<!-- This site is optimized with the Yoast SEO plugin v27.1.1 - https:\/\/yoast.com\/product\/yoast-seo-wordpress\/ -->\n<title>Ivar Lo-Johansson (1901\u20131990) - Ljud &amp; Bild<\/title>\n<meta name=\"robots\" content=\"index, follow, max-snippet:-1, max-image-preview:large, max-video-preview:-1\" \/>\n<link rel=\"canonical\" href=\"https:\/\/litteraturbanken.se\/ljudochbild\/forfattare\/lo-johanssoni\/\" \/>\n<meta property=\"og:locale\" content=\"sv_SE\" \/>\n<meta property=\"og:type\" content=\"article\" \/>\n<meta property=\"og:title\" content=\"Ivar Lo-Johansson (1901\u20131990) - Ljud &amp; Bild\" \/>\n<meta property=\"og:description\" content=\"\u201dIVAR LO-JOHANSSON (1901\u20131990) f\u00f6ddes i en statarfamilj och b\u00f6rjade sin skribentbana som medarbetare i V\u00e4sterhaninge folkh\u00f6gskolas elevtidning. Han begav sig ut p\u00e5 skrivande resor runt om i Europa och debutboken blevVagabondliv i Frankrike\u00a0(1927) som f\u00f6ljdes av reportageb\u00f6ckerna\u00a0Kolet i [&hellip;]\" \/>\n<meta property=\"og:url\" content=\"https:\/\/litteraturbanken.se\/ljudochbild\/forfattare\/lo-johanssoni\/\" \/>\n<meta property=\"og:site_name\" content=\"Ljud &amp; Bild\" \/>\n<meta property=\"article:publisher\" content=\"https:\/\/www.facebook.com\/Litteraturbanken.se\" \/>\n<meta property=\"article:modified_time\" content=\"2024-09-17T08:40:39+00:00\" \/>\n<meta property=\"og:image\" content=\"https:\/\/litteraturbanken.se\/ljudochbild\/wp-content\/uploads\/2019\/09\/Lo-JohanssonI_large.jpeg\" \/>\n\t<meta property=\"og:image:width\" content=\"393\" \/>\n\t<meta property=\"og:image:height\" content=\"550\" \/>\n\t<meta property=\"og:image:type\" content=\"image\/jpeg\" \/>\n<meta name=\"twitter:card\" content=\"summary_large_image\" \/>\n<meta name=\"twitter:site\" content=\"@litteraturbank\" \/>\n<meta name=\"twitter:label1\" content=\"Ber\u00e4knad l\u00e4stid\" \/>\n\t<meta name=\"twitter:data1\" content=\"2 minuter\" \/>\n<script type=\"application\/ld+json\" class=\"yoast-schema-graph\">{\"@context\":\"https:\/\/schema.org\",\"@graph\":[{\"@type\":\"WebPage\",\"@id\":\"https:\/\/litteraturbanken.se\/ljudochbild\/forfattare\/lo-johanssoni\/\",\"url\":\"https:\/\/litteraturbanken.se\/ljudochbild\/forfattare\/lo-johanssoni\/\",\"name\":\"Ivar Lo-Johansson (1901\u20131990) - Ljud &amp; Bild\",\"isPartOf\":{\"@id\":\"https:\/\/litteraturbanken.se\/ljudochbild\/#website\"},\"primaryImageOfPage\":{\"@id\":\"https:\/\/litteraturbanken.se\/ljudochbild\/forfattare\/lo-johanssoni\/#primaryimage\"},\"image\":{\"@id\":\"https:\/\/litteraturbanken.se\/ljudochbild\/forfattare\/lo-johanssoni\/#primaryimage\"},\"thumbnailUrl\":\"https:\/\/litteraturbanken.se\/ljudochbild\/wp-content\/uploads\/2019\/09\/Lo-JohanssonI_large.jpeg\",\"datePublished\":\"2019-09-05T11:38:28+00:00\",\"dateModified\":\"2024-09-17T08:40:39+00:00\",\"breadcrumb\":{\"@id\":\"https:\/\/litteraturbanken.se\/ljudochbild\/forfattare\/lo-johanssoni\/#breadcrumb\"},\"inLanguage\":\"sv-SE\",\"potentialAction\":[{\"@type\":\"ReadAction\",\"target\":[\"https:\/\/litteraturbanken.se\/ljudochbild\/forfattare\/lo-johanssoni\/\"]}]},{\"@type\":\"ImageObject\",\"inLanguage\":\"sv-SE\",\"@id\":\"https:\/\/litteraturbanken.se\/ljudochbild\/forfattare\/lo-johanssoni\/#primaryimage\",\"url\":\"https:\/\/litteraturbanken.se\/ljudochbild\/wp-content\/uploads\/2019\/09\/Lo-JohanssonI_large.jpeg\",\"contentUrl\":\"https:\/\/litteraturbanken.se\/ljudochbild\/wp-content\/uploads\/2019\/09\/Lo-JohanssonI_large.jpeg\",\"width\":393,\"height\":550},{\"@type\":\"BreadcrumbList\",\"@id\":\"https:\/\/litteraturbanken.se\/ljudochbild\/forfattare\/lo-johanssoni\/#breadcrumb\",\"itemListElement\":[{\"@type\":\"ListItem\",\"position\":1,\"name\":\"Hem\",\"item\":\"https:\/\/litteraturbanken.se\/ljudochbild\/\"},{\"@type\":\"ListItem\",\"position\":2,\"name\":\"F\u00f6rfattare\",\"item\":\"https:\/\/litteraturbanken.se\/ljudochbild\/forfattare\/\"},{\"@type\":\"ListItem\",\"position\":3,\"name\":\"Ivar Lo-Johansson (1901\u20131990)\"}]},{\"@type\":\"WebSite\",\"@id\":\"https:\/\/litteraturbanken.se\/ljudochbild\/#website\",\"url\":\"https:\/\/litteraturbanken.se\/ljudochbild\/\",\"name\":\"Ljud & Bild\",\"description\":\"Ur Litteraturbankens samlingar\",\"potentialAction\":[{\"@type\":\"SearchAction\",\"target\":{\"@type\":\"EntryPoint\",\"urlTemplate\":\"https:\/\/litteraturbanken.se\/ljudochbild\/?s={search_term_string}\"},\"query-input\":{\"@type\":\"PropertyValueSpecification\",\"valueRequired\":true,\"valueName\":\"search_term_string\"}}],\"inLanguage\":\"sv-SE\"}]}<\/script>\n<!-- \/ Yoast SEO plugin. -->","yoast_head_json":{"title":"Ivar Lo-Johansson (1901\u20131990) - Ljud &amp; Bild","robots":{"index":"index","follow":"follow","max-snippet":"max-snippet:-1","max-image-preview":"max-image-preview:large","max-video-preview":"max-video-preview:-1"},"canonical":"https:\/\/litteraturbanken.se\/ljudochbild\/forfattare\/lo-johanssoni\/","og_locale":"sv_SE","og_type":"article","og_title":"Ivar Lo-Johansson (1901\u20131990) - Ljud &amp; Bild","og_description":"\u201dIVAR LO-JOHANSSON (1901\u20131990) f\u00f6ddes i en statarfamilj och b\u00f6rjade sin skribentbana som medarbetare i V\u00e4sterhaninge folkh\u00f6gskolas elevtidning. Han begav sig ut p\u00e5 skrivande resor runt om i Europa och debutboken blevVagabondliv i Frankrike\u00a0(1927) som f\u00f6ljdes av reportageb\u00f6ckerna\u00a0Kolet i [&hellip;]","og_url":"https:\/\/litteraturbanken.se\/ljudochbild\/forfattare\/lo-johanssoni\/","og_site_name":"Ljud &amp; Bild","article_publisher":"https:\/\/www.facebook.com\/Litteraturbanken.se","article_modified_time":"2024-09-17T08:40:39+00:00","og_image":[{"width":393,"height":550,"url":"https:\/\/litteraturbanken.se\/ljudochbild\/wp-content\/uploads\/2019\/09\/Lo-JohanssonI_large.jpeg","type":"image\/jpeg"}],"twitter_card":"summary_large_image","twitter_site":"@litteraturbank","twitter_misc":{"Ber\u00e4knad l\u00e4stid":"2 minuter"},"schema":{"@context":"https:\/\/schema.org","@graph":[{"@type":"WebPage","@id":"https:\/\/litteraturbanken.se\/ljudochbild\/forfattare\/lo-johanssoni\/","url":"https:\/\/litteraturbanken.se\/ljudochbild\/forfattare\/lo-johanssoni\/","name":"Ivar Lo-Johansson (1901\u20131990) - Ljud &amp; Bild","isPartOf":{"@id":"https:\/\/litteraturbanken.se\/ljudochbild\/#website"},"primaryImageOfPage":{"@id":"https:\/\/litteraturbanken.se\/ljudochbild\/forfattare\/lo-johanssoni\/#primaryimage"},"image":{"@id":"https:\/\/litteraturbanken.se\/ljudochbild\/forfattare\/lo-johanssoni\/#primaryimage"},"thumbnailUrl":"https:\/\/litteraturbanken.se\/ljudochbild\/wp-content\/uploads\/2019\/09\/Lo-JohanssonI_large.jpeg","datePublished":"2019-09-05T11:38:28+00:00","dateModified":"2024-09-17T08:40:39+00:00","breadcrumb":{"@id":"https:\/\/litteraturbanken.se\/ljudochbild\/forfattare\/lo-johanssoni\/#breadcrumb"},"inLanguage":"sv-SE","potentialAction":[{"@type":"ReadAction","target":["https:\/\/litteraturbanken.se\/ljudochbild\/forfattare\/lo-johanssoni\/"]}]},{"@type":"ImageObject","inLanguage":"sv-SE","@id":"https:\/\/litteraturbanken.se\/ljudochbild\/forfattare\/lo-johanssoni\/#primaryimage","url":"https:\/\/litteraturbanken.se\/ljudochbild\/wp-content\/uploads\/2019\/09\/Lo-JohanssonI_large.jpeg","contentUrl":"https:\/\/litteraturbanken.se\/ljudochbild\/wp-content\/uploads\/2019\/09\/Lo-JohanssonI_large.jpeg","width":393,"height":550},{"@type":"BreadcrumbList","@id":"https:\/\/litteraturbanken.se\/ljudochbild\/forfattare\/lo-johanssoni\/#breadcrumb","itemListElement":[{"@type":"ListItem","position":1,"name":"Hem","item":"https:\/\/litteraturbanken.se\/ljudochbild\/"},{"@type":"ListItem","position":2,"name":"F\u00f6rfattare","item":"https:\/\/litteraturbanken.se\/ljudochbild\/forfattare\/"},{"@type":"ListItem","position":3,"name":"Ivar Lo-Johansson (1901\u20131990)"}]},{"@type":"WebSite","@id":"https:\/\/litteraturbanken.se\/ljudochbild\/#website","url":"https:\/\/litteraturbanken.se\/ljudochbild\/","name":"Ljud & Bild","description":"Ur Litteraturbankens samlingar","potentialAction":[{"@type":"SearchAction","target":{"@type":"EntryPoint","urlTemplate":"https:\/\/litteraturbanken.se\/ljudochbild\/?s={search_term_string}"},"query-input":{"@type":"PropertyValueSpecification","valueRequired":true,"valueName":"search_term_string"}}],"inLanguage":"sv-SE"}]}},"_links":{"self":[{"href":"https:\/\/litteraturbanken.se\/ljudochbild\/wp-json\/wp\/v2\/pages\/1480","targetHints":{"allow":["GET"]}}],"collection":[{"href":"https:\/\/litteraturbanken.se\/ljudochbild\/wp-json\/wp\/v2\/pages"}],"about":[{"href":"https:\/\/litteraturbanken.se\/ljudochbild\/wp-json\/wp\/v2\/types\/page"}],"author":[{"embeddable":true,"href":"https:\/\/litteraturbanken.se\/ljudochbild\/wp-json\/wp\/v2\/users\/1"}],"replies":[{"embeddable":true,"href":"https:\/\/litteraturbanken.se\/ljudochbild\/wp-json\/wp\/v2\/comments?post=1480"}],"version-history":[{"count":6,"href":"https:\/\/litteraturbanken.se\/ljudochbild\/wp-json\/wp\/v2\/pages\/1480\/revisions"}],"predecessor-version":[{"id":12186,"href":"https:\/\/litteraturbanken.se\/ljudochbild\/wp-json\/wp\/v2\/pages\/1480\/revisions\/12186"}],"up":[{"embeddable":true,"href":"https:\/\/litteraturbanken.se\/ljudochbild\/wp-json\/wp\/v2\/pages\/7"}],"wp:featuredmedia":[{"embeddable":true,"href":"https:\/\/litteraturbanken.se\/ljudochbild\/wp-json\/wp\/v2\/media\/1489"}],"wp:attachment":[{"href":"https:\/\/litteraturbanken.se\/ljudochbild\/wp-json\/wp\/v2\/media?parent=1480"}],"curies":[{"name":"wp","href":"https:\/\/api.w.org\/{rel}","templated":true}]}}