{"id":1598,"date":"2019-09-10T08:36:11","date_gmt":"2019-09-10T06:36:11","guid":{"rendered":"https:\/\/litteraturbanken.se\/ljudochbild\/?page_id=1598"},"modified":"2024-09-16T14:29:22","modified_gmt":"2024-09-16T12:29:22","slug":"aroseniusi","status":"publish","type":"page","link":"https:\/\/litteraturbanken.se\/ljudochbild\/forfattare\/aroseniusi\/","title":{"rendered":"Ivar Arosenius (1878\u20131909)"},"content":{"rendered":"<div class=\"wp-block-image\">\n<figure class=\"alignright\"><img loading=\"lazy\" decoding=\"async\" width=\"204\" height=\"300\" src=\"https:\/\/litteraturbanken.se\/ljudochbild\/wp-content\/uploads\/2019\/09\/AroseniusI_large-204x300.jpeg\" alt=\"Fotografi av Ivar Arosenius\" class=\"wp-image-1599\" srcset=\"https:\/\/litteraturbanken.se\/ljudochbild\/wp-content\/uploads\/2019\/09\/AroseniusI_large-204x300.jpeg 204w, https:\/\/litteraturbanken.se\/ljudochbild\/wp-content\/uploads\/2019\/09\/AroseniusI_large.jpeg 374w\" sizes=\"auto, (max-width: 204px) 100vw, 204px\" \/><\/figure>\n<\/div>\n\n\n<p>\u201dIVAR AROSENIUS (1878\u20131909) tillh\u00f6r de konstn\u00e4rer om vilka det kan s\u00e4gas att ber\u00f6mmelsen kom f\u00f6r sent. Det stora genombrottet fick han aldrig uppleva; n\u00e4r barnboken <em><a aria-label=\"Kattresan (\u00f6ppnas i en ny flik)\" href=\"https:\/\/litteraturbanken.se\/f%C3%B6rfattare\/AroseniusI\/titlar\/Kattresan\/sida\/1\/faksimil\" target=\"_blank\" rel=\"noreferrer noopener\">Kattresan<\/a><\/em>\u00a0publicerades 1909 var han redan borta. Arosenius stil \u00e4r f\u00f6rr\u00e4diskt enkel, och denna enkelhet \u00e4r s\u00e4kerligen en starkt bidragande orsak till hans best\u00e5ende popularitet. Men bakom det till synes enkla d\u00f6ljer sig ett avancerat \u00e5terbruk av \u00e4ldre tiders konstn\u00e4rliga uttryck. Med influenser fr\u00e5n bland annat italienskt ren\u00e4ssansm\u00e5leri och medeltida hantverk skapar Arosenius en alltigenom egen bildv\u00e4rld d\u00e4r barnet, men ocks\u00e5 tidvis konstn\u00e4ren sj\u00e4lv, tycks utforska v\u00e4rlden.\u201d<\/p>\n\n\n\n<p>Stycket ovanf\u00f6r har vi l\u00e5nat fr\u00e5n Dick Cla\u00e9ssons introduktion om Ivar Arosenius hos Litteraturbanken.<\/p>\n\n\n\n<div class=\"wp-block-buttons is-layout-flex wp-block-buttons-is-layout-flex\">\n<div class=\"wp-block-button has-custom-font-size read-more-button\" style=\"font-size:14px\"><a class=\"wp-block-button__link has-white-color has-text-color has-background wp-element-button\" href=\"https:\/\/litteraturbanken.se\/f%C3%B6rfattare\/AroseniusI\" style=\"border-radius:0px;background-color:#cd2400\" target=\"_blank\" rel=\"noopener\"><strong>L\u00c4S MER OM IVAR AROSENIUS<\/strong><\/a><\/div>\n\n\n\n<div class=\"wp-block-button has-custom-font-size read-more-button\" style=\"font-size:14px\"><a class=\"wp-block-button__link has-white-color has-text-color has-background wp-element-button\" href=\"https:\/\/litteraturbanken.se\/f%C3%B6rfattare\/AroseniusI\/titlar\" style=\"border-radius:0px;background-color:#cd2400\" target=\"_blank\" rel=\"noopener\"><strong>L\u00c4S IVAR AROSENIUS VERK HOS LB.SE<\/strong><\/a><\/div>\n<\/div>\n\n\n\n<div style=\"height:20px\" aria-hidden=\"true\" class=\"wp-block-spacer\"><\/div>\n\n\n\n<div class=\"wp-playlist wp-audio-playlist wp-playlist-light\">\n\t\t\t<div class=\"wp-playlist-current-item\"><\/div>\n\t\t<audio controls=\"controls\" preload=\"none\" width=\"618\"\n\t\t\t><\/audio>\n\t<div class=\"wp-playlist-next\"><\/div>\n\t<div class=\"wp-playlist-prev\"><\/div>\n\t<noscript>\n\t<ol>\n\t\t<li><a href='https:\/\/litteraturbanken.se\/ljudochbild\/wp-content\/uploads\/2019\/09\/arosenius_kattresan_helgeson.mp3'>Kattresan<\/a><\/li><li><a href='https:\/\/litteraturbanken.se\/ljudochbild\/wp-content\/uploads\/2019\/09\/arosenius_manresan_helgeson.mp3'>M\u00e5nresan<\/a><\/li>\t<\/ol>\n\t<\/noscript>\n\t<script type=\"application\/json\" class=\"wp-playlist-script\">{\"type\":\"audio\",\"tracklist\":true,\"tracknumbers\":true,\"images\":true,\"artists\":true,\"tracks\":[{\"src\":\"https:\/\/litteraturbanken.se\/ljudochbild\/wp-content\/uploads\/2019\/09\/arosenius_kattresan_helgeson.mp3\",\"type\":\"audio\/mpeg\",\"title\":\"Kattresan\",\"caption\":\"\",\"description\":\"\\\"Kattresan\\\" fr\\u00e5n Lillans resor av Helgeson, Paulina. Sp\\u00e5r 1 av 2.\",\"meta\":{\"artist\":\"Paulina Helgeson l\\u00e4ser Ivar Arosenius\",\"album\":\"Ivar Arosenius\",\"length_formatted\":\"5:04\"},\"image\":{\"src\":\"https:\/\/litteraturbanken.se\/ljudochbild\/wp-content\/uploads\/2019\/09\/wide_gub_wide-mp3-image.png\",\"width\":580,\"height\":612},\"thumb\":{\"src\":\"https:\/\/litteraturbanken.se\/ljudochbild\/wp-content\/uploads\/2019\/09\/wide_gub_wide-mp3-image-150x150.png\",\"width\":150,\"height\":150}},{\"src\":\"https:\/\/litteraturbanken.se\/ljudochbild\/wp-content\/uploads\/2019\/09\/arosenius_manresan_helgeson.mp3\",\"type\":\"audio\/mpeg\",\"title\":\"M\\u00e5nresan\",\"caption\":\"\",\"description\":\"\\\"M\\u00e5nresan\\\" fr\\u00e5n Lillans resor av Helgeson, Paulina. Sp\\u00e5r 2 av 2.\",\"meta\":{\"artist\":\"Paulina Helgeson l\\u00e4ser Ivar Arosenius\",\"album\":\"Ivar Arosenius\",\"length_formatted\":\"0:53\"},\"image\":{\"src\":\"https:\/\/litteraturbanken.se\/ljudochbild\/wp-content\/uploads\/2019\/09\/wide_gub_wide-mp3-image.png\",\"width\":580,\"height\":612},\"thumb\":{\"src\":\"https:\/\/litteraturbanken.se\/ljudochbild\/wp-content\/uploads\/2019\/09\/wide_gub_wide-mp3-image-150x150.png\",\"width\":150,\"height\":150}}]}<\/script>\n<\/div>\n\t\n\n\n<h3 class=\"wp-block-heading author-related-title\">L\u00e4s mer<\/h3>\r\n<div class=\"display-posts-listing grid\"><div class=\"listing-item\"><a class=\"image\" href=\"https:\/\/litteraturbanken.se\/ljudochbild\/2019\/09\/22\/den-digitala-lillan\/\"><img loading=\"lazy\" decoding=\"async\" width=\"640\" height=\"1010\" src=\"https:\/\/litteraturbanken.se\/ljudochbild\/wp-content\/uploads\/2019\/08\/lb99900503_4_0002-649x1024.jpg\" class=\"attachment-large size-large wp-post-image\" alt=\"\" srcset=\"https:\/\/litteraturbanken.se\/ljudochbild\/wp-content\/uploads\/2019\/08\/lb99900503_4_0002-649x1024.jpg 649w, https:\/\/litteraturbanken.se\/ljudochbild\/wp-content\/uploads\/2019\/08\/lb99900503_4_0002-190x300.jpg 190w, https:\/\/litteraturbanken.se\/ljudochbild\/wp-content\/uploads\/2019\/08\/lb99900503_4_0002-480x758.jpg 480w, https:\/\/litteraturbanken.se\/ljudochbild\/wp-content\/uploads\/2019\/08\/lb99900503_4_0002.jpg 655w\" sizes=\"auto, (max-width: 640px) 100vw, 640px\" \/><\/a> <a class=\"title\" href=\"https:\/\/litteraturbanken.se\/ljudochbild\/2019\/09\/22\/den-digitala-lillan\/\">Den digitala Lillan<\/a><\/div><div class=\"listing-item\"><a class=\"image\" href=\"https:\/\/litteraturbanken.se\/ljudochbild\/2019\/09\/22\/en-barnbok-och-verkligheten\/\"><img loading=\"lazy\" decoding=\"async\" width=\"640\" height=\"482\" src=\"https:\/\/litteraturbanken.se\/ljudochbild\/wp-content\/uploads\/2019\/06\/Sk\u00e4rmavbild-2019-06-09-kl.-20.08.58-e1560103844442.png\" class=\"attachment-large size-large wp-post-image\" alt=\"\" srcset=\"https:\/\/litteraturbanken.se\/ljudochbild\/wp-content\/uploads\/2019\/06\/Sk\u00e4rmavbild-2019-06-09-kl.-20.08.58-e1560103844442.png 800w, https:\/\/litteraturbanken.se\/ljudochbild\/wp-content\/uploads\/2019\/06\/Sk\u00e4rmavbild-2019-06-09-kl.-20.08.58-e1560103844442-300x226.png 300w, https:\/\/litteraturbanken.se\/ljudochbild\/wp-content\/uploads\/2019\/06\/Sk\u00e4rmavbild-2019-06-09-kl.-20.08.58-e1560103844442-768x579.png 768w, https:\/\/litteraturbanken.se\/ljudochbild\/wp-content\/uploads\/2019\/06\/Sk\u00e4rmavbild-2019-06-09-kl.-20.08.58-e1560103844442-480x362.png 480w\" sizes=\"auto, (max-width: 640px) 100vw, 640px\" \/><\/a> <a class=\"title\" href=\"https:\/\/litteraturbanken.se\/ljudochbild\/2019\/09\/22\/en-barnbok-och-verkligheten\/\">Kattresans \u00c4lv\u00e4ngen<\/a><\/div><div class=\"listing-item\"><a class=\"image\" href=\"https:\/\/litteraturbanken.se\/ljudochbild\/2019\/09\/22\/sjostrand-och-gierow\/\"><img loading=\"lazy\" decoding=\"async\" width=\"600\" height=\"749\" src=\"https:\/\/litteraturbanken.se\/ljudochbild\/wp-content\/uploads\/2019\/09\/sj\u00f6strand.jpg\" class=\"attachment-large size-large wp-post-image\" alt=\"\" srcset=\"https:\/\/litteraturbanken.se\/ljudochbild\/wp-content\/uploads\/2019\/09\/sj\u00f6strand.jpg 600w, https:\/\/litteraturbanken.se\/ljudochbild\/wp-content\/uploads\/2019\/09\/sj\u00f6strand-240x300.jpg 240w, https:\/\/litteraturbanken.se\/ljudochbild\/wp-content\/uploads\/2019\/09\/sj\u00f6strand-480x599.jpg 480w\" sizes=\"auto, (max-width: 600px) 100vw, 600px\" \/><\/a> <a class=\"title\" href=\"https:\/\/litteraturbanken.se\/ljudochbild\/2019\/09\/22\/sjostrand-och-gierow\/\">Sj\u00f6strand och Gierow<\/a><\/div><\/div>\r\n\r\n\n","protected":false},"excerpt":{"rendered":"<p>\u201dIVAR AROSENIUS (1878\u20131909) tillh\u00f6r de konstn\u00e4rer om vilka det kan s\u00e4gas att ber\u00f6mmelsen kom f\u00f6r sent. Det stora genombrottet fick han aldrig uppleva; n\u00e4r barnboken Kattresan\u00a0publicerades 1909 var han redan borta. Arosenius stil \u00e4r f\u00f6rr\u00e4diskt enkel, och denna [&hellip;]<\/p>\n","protected":false},"author":1,"featured_media":1841,"parent":7,"menu_order":0,"comment_status":"closed","ping_status":"closed","template":"","meta":{"footnotes":""},"class_list":["post-1598","page","type-page","status-publish","has-post-thumbnail","hentry"],"yoast_head":"<!-- This site is optimized with the Yoast SEO plugin v27.1.1 - https:\/\/yoast.com\/product\/yoast-seo-wordpress\/ -->\n<title>Ivar Arosenius (1878\u20131909) - Ljud &amp; Bild<\/title>\n<meta name=\"description\" content=\"Ivar Arosenius tillh\u00f6r de konstn\u00e4rer om vilka det kan s\u00e4gas att ber\u00f6mmelsen kom f\u00f6r sent. Det stora genombrottet fick han aldrig uppleva...\" \/>\n<meta name=\"robots\" content=\"index, follow, max-snippet:-1, max-image-preview:large, max-video-preview:-1\" \/>\n<link rel=\"canonical\" href=\"https:\/\/litteraturbanken.se\/ljudochbild\/forfattare\/aroseniusi\/\" \/>\n<meta property=\"og:locale\" content=\"sv_SE\" \/>\n<meta property=\"og:type\" content=\"article\" \/>\n<meta property=\"og:title\" content=\"Ivar Arosenius (1878\u20131909) - Ljud &amp; Bild\" \/>\n<meta property=\"og:description\" content=\"Ivar Arosenius tillh\u00f6r de konstn\u00e4rer om vilka det kan s\u00e4gas att ber\u00f6mmelsen kom f\u00f6r sent. Det stora genombrottet fick han aldrig uppleva...\" \/>\n<meta property=\"og:url\" content=\"https:\/\/litteraturbanken.se\/ljudochbild\/forfattare\/aroseniusi\/\" \/>\n<meta property=\"og:site_name\" content=\"Ljud &amp; Bild\" \/>\n<meta property=\"article:publisher\" content=\"https:\/\/www.facebook.com\/Litteraturbanken.se\" \/>\n<meta property=\"article:modified_time\" content=\"2024-09-16T12:29:22+00:00\" \/>\n<meta property=\"og:image\" content=\"https:\/\/litteraturbanken.se\/ljudochbild\/wp-content\/uploads\/2019\/09\/AroseniusI_large-1.jpeg\" \/>\n\t<meta property=\"og:image:width\" content=\"374\" \/>\n\t<meta property=\"og:image:height\" content=\"550\" \/>\n\t<meta property=\"og:image:type\" content=\"image\/jpeg\" \/>\n<meta name=\"twitter:card\" content=\"summary_large_image\" \/>\n<meta name=\"twitter:site\" content=\"@litteraturbank\" \/>\n<meta name=\"twitter:label1\" content=\"Ber\u00e4knad l\u00e4stid\" \/>\n\t<meta name=\"twitter:data1\" content=\"2 minuter\" \/>\n<script type=\"application\/ld+json\" class=\"yoast-schema-graph\">{\"@context\":\"https:\/\/schema.org\",\"@graph\":[{\"@type\":\"WebPage\",\"@id\":\"https:\/\/litteraturbanken.se\/ljudochbild\/forfattare\/aroseniusi\/\",\"url\":\"https:\/\/litteraturbanken.se\/ljudochbild\/forfattare\/aroseniusi\/\",\"name\":\"Ivar Arosenius (1878\u20131909) - Ljud &amp; Bild\",\"isPartOf\":{\"@id\":\"https:\/\/litteraturbanken.se\/ljudochbild\/#website\"},\"primaryImageOfPage\":{\"@id\":\"https:\/\/litteraturbanken.se\/ljudochbild\/forfattare\/aroseniusi\/#primaryimage\"},\"image\":{\"@id\":\"https:\/\/litteraturbanken.se\/ljudochbild\/forfattare\/aroseniusi\/#primaryimage\"},\"thumbnailUrl\":\"https:\/\/litteraturbanken.se\/ljudochbild\/wp-content\/uploads\/2019\/09\/AroseniusI_large-1.jpeg\",\"datePublished\":\"2019-09-10T06:36:11+00:00\",\"dateModified\":\"2024-09-16T12:29:22+00:00\",\"description\":\"Ivar Arosenius tillh\u00f6r de konstn\u00e4rer om vilka det kan s\u00e4gas att ber\u00f6mmelsen kom f\u00f6r sent. Det stora genombrottet fick han aldrig uppleva...\",\"breadcrumb\":{\"@id\":\"https:\/\/litteraturbanken.se\/ljudochbild\/forfattare\/aroseniusi\/#breadcrumb\"},\"inLanguage\":\"sv-SE\",\"potentialAction\":[{\"@type\":\"ReadAction\",\"target\":[\"https:\/\/litteraturbanken.se\/ljudochbild\/forfattare\/aroseniusi\/\"]}]},{\"@type\":\"ImageObject\",\"inLanguage\":\"sv-SE\",\"@id\":\"https:\/\/litteraturbanken.se\/ljudochbild\/forfattare\/aroseniusi\/#primaryimage\",\"url\":\"https:\/\/litteraturbanken.se\/ljudochbild\/wp-content\/uploads\/2019\/09\/AroseniusI_large-1.jpeg\",\"contentUrl\":\"https:\/\/litteraturbanken.se\/ljudochbild\/wp-content\/uploads\/2019\/09\/AroseniusI_large-1.jpeg\",\"width\":374,\"height\":550},{\"@type\":\"BreadcrumbList\",\"@id\":\"https:\/\/litteraturbanken.se\/ljudochbild\/forfattare\/aroseniusi\/#breadcrumb\",\"itemListElement\":[{\"@type\":\"ListItem\",\"position\":1,\"name\":\"Hem\",\"item\":\"https:\/\/litteraturbanken.se\/ljudochbild\/\"},{\"@type\":\"ListItem\",\"position\":2,\"name\":\"F\u00f6rfattare\",\"item\":\"https:\/\/litteraturbanken.se\/ljudochbild\/forfattare\/\"},{\"@type\":\"ListItem\",\"position\":3,\"name\":\"Ivar Arosenius (1878\u20131909)\"}]},{\"@type\":\"WebSite\",\"@id\":\"https:\/\/litteraturbanken.se\/ljudochbild\/#website\",\"url\":\"https:\/\/litteraturbanken.se\/ljudochbild\/\",\"name\":\"Ljud & Bild\",\"description\":\"Ur Litteraturbankens samlingar\",\"potentialAction\":[{\"@type\":\"SearchAction\",\"target\":{\"@type\":\"EntryPoint\",\"urlTemplate\":\"https:\/\/litteraturbanken.se\/ljudochbild\/?s={search_term_string}\"},\"query-input\":{\"@type\":\"PropertyValueSpecification\",\"valueRequired\":true,\"valueName\":\"search_term_string\"}}],\"inLanguage\":\"sv-SE\"}]}<\/script>\n<!-- \/ Yoast SEO plugin. -->","yoast_head_json":{"title":"Ivar Arosenius (1878\u20131909) - Ljud &amp; Bild","description":"Ivar Arosenius tillh\u00f6r de konstn\u00e4rer om vilka det kan s\u00e4gas att ber\u00f6mmelsen kom f\u00f6r sent. Det stora genombrottet fick han aldrig uppleva...","robots":{"index":"index","follow":"follow","max-snippet":"max-snippet:-1","max-image-preview":"max-image-preview:large","max-video-preview":"max-video-preview:-1"},"canonical":"https:\/\/litteraturbanken.se\/ljudochbild\/forfattare\/aroseniusi\/","og_locale":"sv_SE","og_type":"article","og_title":"Ivar Arosenius (1878\u20131909) - Ljud &amp; Bild","og_description":"Ivar Arosenius tillh\u00f6r de konstn\u00e4rer om vilka det kan s\u00e4gas att ber\u00f6mmelsen kom f\u00f6r sent. Det stora genombrottet fick han aldrig uppleva...","og_url":"https:\/\/litteraturbanken.se\/ljudochbild\/forfattare\/aroseniusi\/","og_site_name":"Ljud &amp; Bild","article_publisher":"https:\/\/www.facebook.com\/Litteraturbanken.se","article_modified_time":"2024-09-16T12:29:22+00:00","og_image":[{"width":374,"height":550,"url":"https:\/\/litteraturbanken.se\/ljudochbild\/wp-content\/uploads\/2019\/09\/AroseniusI_large-1.jpeg","type":"image\/jpeg"}],"twitter_card":"summary_large_image","twitter_site":"@litteraturbank","twitter_misc":{"Ber\u00e4knad l\u00e4stid":"2 minuter"},"schema":{"@context":"https:\/\/schema.org","@graph":[{"@type":"WebPage","@id":"https:\/\/litteraturbanken.se\/ljudochbild\/forfattare\/aroseniusi\/","url":"https:\/\/litteraturbanken.se\/ljudochbild\/forfattare\/aroseniusi\/","name":"Ivar Arosenius (1878\u20131909) - Ljud &amp; Bild","isPartOf":{"@id":"https:\/\/litteraturbanken.se\/ljudochbild\/#website"},"primaryImageOfPage":{"@id":"https:\/\/litteraturbanken.se\/ljudochbild\/forfattare\/aroseniusi\/#primaryimage"},"image":{"@id":"https:\/\/litteraturbanken.se\/ljudochbild\/forfattare\/aroseniusi\/#primaryimage"},"thumbnailUrl":"https:\/\/litteraturbanken.se\/ljudochbild\/wp-content\/uploads\/2019\/09\/AroseniusI_large-1.jpeg","datePublished":"2019-09-10T06:36:11+00:00","dateModified":"2024-09-16T12:29:22+00:00","description":"Ivar Arosenius tillh\u00f6r de konstn\u00e4rer om vilka det kan s\u00e4gas att ber\u00f6mmelsen kom f\u00f6r sent. Det stora genombrottet fick han aldrig uppleva...","breadcrumb":{"@id":"https:\/\/litteraturbanken.se\/ljudochbild\/forfattare\/aroseniusi\/#breadcrumb"},"inLanguage":"sv-SE","potentialAction":[{"@type":"ReadAction","target":["https:\/\/litteraturbanken.se\/ljudochbild\/forfattare\/aroseniusi\/"]}]},{"@type":"ImageObject","inLanguage":"sv-SE","@id":"https:\/\/litteraturbanken.se\/ljudochbild\/forfattare\/aroseniusi\/#primaryimage","url":"https:\/\/litteraturbanken.se\/ljudochbild\/wp-content\/uploads\/2019\/09\/AroseniusI_large-1.jpeg","contentUrl":"https:\/\/litteraturbanken.se\/ljudochbild\/wp-content\/uploads\/2019\/09\/AroseniusI_large-1.jpeg","width":374,"height":550},{"@type":"BreadcrumbList","@id":"https:\/\/litteraturbanken.se\/ljudochbild\/forfattare\/aroseniusi\/#breadcrumb","itemListElement":[{"@type":"ListItem","position":1,"name":"Hem","item":"https:\/\/litteraturbanken.se\/ljudochbild\/"},{"@type":"ListItem","position":2,"name":"F\u00f6rfattare","item":"https:\/\/litteraturbanken.se\/ljudochbild\/forfattare\/"},{"@type":"ListItem","position":3,"name":"Ivar Arosenius (1878\u20131909)"}]},{"@type":"WebSite","@id":"https:\/\/litteraturbanken.se\/ljudochbild\/#website","url":"https:\/\/litteraturbanken.se\/ljudochbild\/","name":"Ljud & Bild","description":"Ur Litteraturbankens samlingar","potentialAction":[{"@type":"SearchAction","target":{"@type":"EntryPoint","urlTemplate":"https:\/\/litteraturbanken.se\/ljudochbild\/?s={search_term_string}"},"query-input":{"@type":"PropertyValueSpecification","valueRequired":true,"valueName":"search_term_string"}}],"inLanguage":"sv-SE"}]}},"_links":{"self":[{"href":"https:\/\/litteraturbanken.se\/ljudochbild\/wp-json\/wp\/v2\/pages\/1598","targetHints":{"allow":["GET"]}}],"collection":[{"href":"https:\/\/litteraturbanken.se\/ljudochbild\/wp-json\/wp\/v2\/pages"}],"about":[{"href":"https:\/\/litteraturbanken.se\/ljudochbild\/wp-json\/wp\/v2\/types\/page"}],"author":[{"embeddable":true,"href":"https:\/\/litteraturbanken.se\/ljudochbild\/wp-json\/wp\/v2\/users\/1"}],"replies":[{"embeddable":true,"href":"https:\/\/litteraturbanken.se\/ljudochbild\/wp-json\/wp\/v2\/comments?post=1598"}],"version-history":[{"count":7,"href":"https:\/\/litteraturbanken.se\/ljudochbild\/wp-json\/wp\/v2\/pages\/1598\/revisions"}],"predecessor-version":[{"id":12031,"href":"https:\/\/litteraturbanken.se\/ljudochbild\/wp-json\/wp\/v2\/pages\/1598\/revisions\/12031"}],"up":[{"embeddable":true,"href":"https:\/\/litteraturbanken.se\/ljudochbild\/wp-json\/wp\/v2\/pages\/7"}],"wp:featuredmedia":[{"embeddable":true,"href":"https:\/\/litteraturbanken.se\/ljudochbild\/wp-json\/wp\/v2\/media\/1841"}],"wp:attachment":[{"href":"https:\/\/litteraturbanken.se\/ljudochbild\/wp-json\/wp\/v2\/media?parent=1598"}],"curies":[{"name":"wp","href":"https:\/\/api.w.org\/{rel}","templated":true}]}}