{"id":2666,"date":"2019-11-15T09:07:10","date_gmt":"2019-11-15T08:07:10","guid":{"rendered":"https:\/\/litteraturbanken.se\/ljudochbild\/?page_id=2666"},"modified":"2024-09-16T15:22:12","modified_gmt":"2024-09-16T13:22:12","slug":"engstroma","status":"publish","type":"page","link":"https:\/\/litteraturbanken.se\/ljudochbild\/forfattare\/engstroma\/","title":{"rendered":"Albert Engstr\u00f6m (1869\u20131940)"},"content":{"rendered":"<div class=\"wp-block-image\">\n<figure class=\"alignright\"><img decoding=\"async\" src=\"https:\/\/litteraturbanken.se\/ljudochbild\/wp-content\/uploads\/2019\/11\/AE_Strix_1907-229x300.jpg\" alt=\"\" class=\"wp-image-2668\"\/><\/figure>\n<\/div>\n\n\n<p>\u201dALBERT ENGSTR\u00d6M (1869\u20131940) b\u00f6rjade tidigt teckna portr\u00e4tt av de m\u00e4nniskor han m\u00f6tte i sin uppv\u00e4xtmilj\u00f6 i Sm\u00e5land. Fr\u00e4mst var det de s\u00e5 kallade \u2019originalen\u2019 som f\u00e5ngade hans intresse. \u2019Originalen\u2019, skrev han, \u2019\u00e4ro de enda m\u00e4nniskorna, och studiet av dem \u00e4r v\u00e4rt livet.\u2019 Som informator hos prosten Carlsson i M\u00f6rlunda och som bev\u00e4ring p\u00e5 Hultsfreds m\u00f6tesplats kom han i tillf\u00e4lle att studera tv\u00e5 andra f\u00f6r hans konstn\u00e4rskap karakteristiska motivkretsar: den klerikala och den milit\u00e4ra. Under klassiska studier i Uppsala tr\u00e4ffade han Bruno Liljefors och fick av honom r\u00e5det att \u00f6verge latinet och grekiskan f\u00f6r m\u00e5leriet. Engstr\u00f6m reste till G\u00f6teborg med endast ett par kronor p\u00e5 fickan, antogs som elev p\u00e5 konstskolan Valand och fick d\u00e4r som l\u00e4rare Carl Larsson vilken kom att ut\u00f6va stort inflytande p\u00e5 sin unge elev. Framf\u00f6r allt var det Carl Larssons m\u00e4sterliga linjef\u00f6ring som blev ett ideal f\u00f6r Engstr\u00f6m. \u2019Njutningen av en linje\u2019, skriver han, \u2019\u00e4r n\u00e5got s\u00e5 kolossalt att man tycker att man har skapat en glugg att se in i himlen genom.\u2019 D\u00e5 sk\u00e4mttidningen\u00a0<em>S\u00f6ndags\u2013Nisse<\/em>\u00a0s\u00f6kte ny illustrat\u00f6r rekommenderades Albert Engstr\u00f6m av Carl Larsson och b\u00f6rjade 1894 ett medarbetarskap som skulle vara i tre \u00e5r. Genom tecknandet i\u00a0<em>S\u00f6ndags-Nisse<\/em>\u00a0blev han med ens v\u00e4lk\u00e4nd och omtyckt av en stor publik. V\u00e5ren 1897 grundade han sin egen tidning \u2013\u00a0<em>Strix<\/em>\u00a0\u2013 som, under mottot \u2019T\u00e5l intet ont i v\u00e4rlden, men var glad \u00e5t allt godt\u2019, utan mannam\u00e5n drev gyckel med allt och alla vilka gjort sig f\u00f6rtj\u00e4nta d\u00e4rav.\u201d<\/p>\n\n\n\n<p>Stycket ovanf\u00f6r kommer ur Lotta Lotass introduktion av Albert Engstr\u00f6m hos Litteraturbanken.<\/p>\n\n\n\n<div class=\"wp-block-buttons is-layout-flex wp-block-buttons-is-layout-flex\">\n<div class=\"wp-block-button has-custom-font-size read-more-button\" style=\"font-size:14px\"><a class=\"wp-block-button__link has-white-color has-text-color has-background wp-element-button\" href=\"https:\/\/litteraturbanken.se\/f%C3%B6rfattare\/Engstr%C3%B6mA\" style=\"border-radius:0px;background-color:#cd2400\" target=\"_blank\" rel=\"noopener\"><strong>L\u00c4S MER OM ALBERT ENGSTR\u00d6M<\/strong><\/a><\/div>\n\n\n\n<div class=\"wp-block-button has-custom-font-size read-more-button\" style=\"font-size:14px\"><a class=\"wp-block-button__link has-white-color has-text-color has-background wp-element-button\" href=\"https:\/\/litteraturbanken.se\/f%C3%B6rfattare\/Engstr%C3%B6mA\/titlar\" style=\"border-radius:0px;background-color:#cd2400\" target=\"_blank\" rel=\"noopener\"><strong>L\u00c4S ALBERT ENGSTR\u00d6MS VERK HOS LB.SE<\/strong><\/a><\/div>\n<\/div>\n\n\n\n<div style=\"height:20px\" aria-hidden=\"true\" class=\"wp-block-spacer\"><\/div>\n\n\n\n<p>I spellistan nedan \u00e5terfinns en inspelning fr\u00e5n oktober 1908 d\u00e4r Albert Engstr\u00f6m sjunger visan \u201dDen bl\u00e5 f\u00e4rgen\u201d.<\/p>\n\n\n\n<div class=\"wp-playlist wp-audio-playlist wp-playlist-light\">\n\t\t\t<div class=\"wp-playlist-current-item\"><\/div>\n\t\t<audio controls=\"controls\" preload=\"none\" width=\"618\"\n\t\t\t><\/audio>\n\t<div class=\"wp-playlist-next\"><\/div>\n\t<div class=\"wp-playlist-prev\"><\/div>\n\t<noscript>\n\t<ol>\n\t\t<li><a href='https:\/\/litteraturbanken.se\/ljudochbild\/wp-content\/uploads\/2019\/11\/engstrom_visa_engstrom.mp3'>Den bl\u00e5 f\u00e4rgen<\/a><\/li>\t<\/ol>\n\t<\/noscript>\n\t<script type=\"application\/json\" class=\"wp-playlist-script\">{\"type\":\"audio\",\"tracklist\":true,\"tracknumbers\":true,\"images\":true,\"artists\":true,\"tracks\":[{\"src\":\"https:\/\/litteraturbanken.se\/ljudochbild\/wp-content\/uploads\/2019\/11\/engstrom_visa_engstrom.mp3\",\"type\":\"audio\/mpeg\",\"title\":\"Den bl\\u00e5 f\\u00e4rgen\",\"caption\":\"\",\"description\":\"\\\"Den bl\\u00e5 f\\u00e4rgen\\\" fr\\u00e5n Albert Engstr\\u00f6m sjunger av Engstr\\u00f6m, Albert. Sl\\u00e4ppt: 1908. Sp\\u00e5r 1 av 1.\",\"meta\":{\"artist\":\"Albert Engstr\\u00f6m sjunger (1908)\",\"album\":\"Albert Engstr\\u00f6m\"},\"image\":{\"src\":\"https:\/\/litteraturbanken.se\/ljudochbild\/wp-content\/uploads\/2019\/09\/wide_gub_wide-mp3-image.png\",\"width\":580,\"height\":612},\"thumb\":{\"src\":\"https:\/\/litteraturbanken.se\/ljudochbild\/wp-content\/uploads\/2019\/09\/wide_gub_wide-mp3-image-150x150.png\",\"width\":150,\"height\":150}}]}<\/script>\n<\/div>\n\t\n\n\n\n<p>F\u00f6ljande tv\u00e5 inl\u00e4sningar av Engstr\u00f6mtexter \u00e4r gjorda av <a href=\"https:\/\/litteraturbanken.se\/ljudochbild\/upplasare\/wallens\/\">Sigurd Wall\u00e9n (1884\u20131947)<\/a> och \u00e4r tillg\u00e4ngliggjorda med tillst\u00e5nd Sveriges Radio.<\/p>\n\n\n\n<div class=\"wp-playlist wp-audio-playlist wp-playlist-light\">\n\t\t\t<div class=\"wp-playlist-current-item\"><\/div>\n\t\t<audio controls=\"controls\" preload=\"none\" width=\"618\"\n\t\t\t><\/audio>\n\t<div class=\"wp-playlist-next\"><\/div>\n\t<div class=\"wp-playlist-prev\"><\/div>\n\t<noscript>\n\t<ol>\n\t\t<li><a href='https:\/\/litteraturbanken.se\/ljudochbild\/wp-content\/uploads\/2019\/11\/engstrom_jannemattssonsval_wallen.mp3'>Janne Mattssons val<\/a><\/li><li><a href='https:\/\/litteraturbanken.se\/ljudochbild\/wp-content\/uploads\/2019\/11\/engstrom_skargardsoriginal_wallen.mp3'>Sk\u00e4rg\u00e5rdsoriginal<\/a><\/li>\t<\/ol>\n\t<\/noscript>\n\t<script type=\"application\/json\" class=\"wp-playlist-script\">{\"type\":\"audio\",\"tracklist\":true,\"tracknumbers\":true,\"images\":true,\"artists\":true,\"tracks\":[{\"src\":\"https:\/\/litteraturbanken.se\/ljudochbild\/wp-content\/uploads\/2019\/11\/engstrom_jannemattssonsval_wallen.mp3\",\"type\":\"audio\/mpeg\",\"title\":\"Janne Mattssons val\",\"caption\":\"\",\"description\":\"\\\"Janne Mattssons val\\\" fr\\u00e5n Sigurd Wall\\u00e9n l\\u00e4ser Albert Engstr\\u00f6m i Sveriges Radio (1940\\u20131941) av Engstr\\u00f6m, Albert. Sl\\u00e4ppt: 1940.\",\"meta\":{\"artist\":\"Sigurd Wall\\u00e9n l\\u00e4ser Albert Engstr\\u00f6m i Sveriges Radio (1940\\u20131941)\",\"album\":\"Albert Engstr\\u00f6m\"},\"image\":{\"src\":\"https:\/\/litteraturbanken.se\/ljudochbild\/wp-content\/uploads\/2019\/09\/wide_gub_wide-mp3-image.png\",\"width\":580,\"height\":612},\"thumb\":{\"src\":\"https:\/\/litteraturbanken.se\/ljudochbild\/wp-content\/uploads\/2019\/09\/wide_gub_wide-mp3-image-150x150.png\",\"width\":150,\"height\":150}},{\"src\":\"https:\/\/litteraturbanken.se\/ljudochbild\/wp-content\/uploads\/2019\/11\/engstrom_skargardsoriginal_wallen.mp3\",\"type\":\"audio\/mpeg\",\"title\":\"Sk\\u00e4rg\\u00e5rdsoriginal\",\"caption\":\"\",\"description\":\"\\\"Sk\\u00e4rg\\u00e5rdsoriginal\\\" fr\\u00e5n Sigurd Wall\\u00e9n l\\u00e4ser Albert Engstr\\u00f6m i Sveriges Radio (1940\\u20131941) av Engstr\\u00f6m, Albert. Sl\\u00e4ppt: 1941. Sp\\u00e5r 2 av 2.\",\"meta\":{\"artist\":\"Sigurd Wall\\u00e9n l\\u00e4ser Albert Engstr\\u00f6m i Sveriges Radio (1940\\u20131941)\",\"album\":\"Albert Engstr\\u00f6m\"},\"image\":{\"src\":\"https:\/\/litteraturbanken.se\/ljudochbild\/wp-content\/uploads\/2019\/09\/wide_gub_wide-mp3-image.png\",\"width\":580,\"height\":612},\"thumb\":{\"src\":\"https:\/\/litteraturbanken.se\/ljudochbild\/wp-content\/uploads\/2019\/09\/wide_gub_wide-mp3-image-150x150.png\",\"width\":150,\"height\":150}}]}<\/script>\n<\/div>\n\t\n\n\n\n<p><em>Portr\u00e4ttet, fr\u00e5n ett omslag till Strix 1907, har vi l\u00e5nat fr\u00e5n <a href=\"https:\/\/commons.wikimedia.org\/wiki\/File:AE_Strix_1907.jpg\">Wikimedia Commons<\/a><\/em>.<\/p>\n\n\n<h3 class=\"wp-block-heading author-related-title\">L\u00e4s mer<\/h3>\r\n<div class=\"display-posts-listing grid\"><div class=\"listing-item\"><a class=\"image\" href=\"https:\/\/litteraturbanken.se\/ljudochbild\/2019\/11\/15\/en-bagatell-fran-1908\/\"><img loading=\"lazy\" decoding=\"async\" width=\"640\" height=\"684\" src=\"https:\/\/litteraturbanken.se\/ljudochbild\/wp-content\/uploads\/2019\/11\/AE_Strix_1907-e1573807611252-958x1024.jpg\" class=\"attachment-large size-large wp-post-image\" alt=\"\" srcset=\"https:\/\/litteraturbanken.se\/ljudochbild\/wp-content\/uploads\/2019\/11\/AE_Strix_1907-e1573807611252-958x1024.jpg 958w, https:\/\/litteraturbanken.se\/ljudochbild\/wp-content\/uploads\/2019\/11\/AE_Strix_1907-e1573807611252-281x300.jpg 281w, https:\/\/litteraturbanken.se\/ljudochbild\/wp-content\/uploads\/2019\/11\/AE_Strix_1907-e1573807611252-768x821.jpg 768w, https:\/\/litteraturbanken.se\/ljudochbild\/wp-content\/uploads\/2019\/11\/AE_Strix_1907-e1573807611252-480x513.jpg 480w, https:\/\/litteraturbanken.se\/ljudochbild\/wp-content\/uploads\/2019\/11\/AE_Strix_1907-e1573807611252.jpg 998w\" sizes=\"auto, (max-width: 640px) 100vw, 640px\" \/><\/a> <a class=\"title\" href=\"https:\/\/litteraturbanken.se\/ljudochbild\/2019\/11\/15\/en-bagatell-fran-1908\/\">En bagatell fr\u00e5n 1908<\/a><\/div><div class=\"listing-item\"><a class=\"image\" href=\"https:\/\/litteraturbanken.se\/ljudochbild\/2019\/12\/04\/albert-engstroms-livslanga-ja\/\"><img loading=\"lazy\" decoding=\"async\" width=\"640\" height=\"866\" src=\"https:\/\/litteraturbanken.se\/ljudochbild\/wp-content\/uploads\/2019\/12\/Kr\u00e4ftor_kr\u00e4va_dessa_drycker-757x1024.jpg\" class=\"attachment-large size-large wp-post-image\" alt=\"\" srcset=\"https:\/\/litteraturbanken.se\/ljudochbild\/wp-content\/uploads\/2019\/12\/Kr\u00e4ftor_kr\u00e4va_dessa_drycker-757x1024.jpg 757w, https:\/\/litteraturbanken.se\/ljudochbild\/wp-content\/uploads\/2019\/12\/Kr\u00e4ftor_kr\u00e4va_dessa_drycker-222x300.jpg 222w, https:\/\/litteraturbanken.se\/ljudochbild\/wp-content\/uploads\/2019\/12\/Kr\u00e4ftor_kr\u00e4va_dessa_drycker-768x1038.jpg 768w, https:\/\/litteraturbanken.se\/ljudochbild\/wp-content\/uploads\/2019\/12\/Kr\u00e4ftor_kr\u00e4va_dessa_drycker-480x649.jpg 480w, https:\/\/litteraturbanken.se\/ljudochbild\/wp-content\/uploads\/2019\/12\/Kr\u00e4ftor_kr\u00e4va_dessa_drycker-e1575449921216.jpg 700w\" sizes=\"auto, (max-width: 640px) 100vw, 640px\" \/><\/a> <a class=\"title\" href=\"https:\/\/litteraturbanken.se\/ljudochbild\/2019\/12\/04\/albert-engstroms-livslanga-ja\/\">Engstr\u00f6ms livsl\u00e5nga ja<\/a><\/div><div class=\"listing-item\"><a class=\"image\" href=\"https:\/\/litteraturbanken.se\/ljudochbild\/2024\/12\/11\/verket-jag-kommer-av-ett-brusand-hav\/\"><img loading=\"lazy\" decoding=\"async\" width=\"640\" height=\"642\" src=\"https:\/\/litteraturbanken.se\/ljudochbild\/wp-content\/uploads\/2024\/12\/Avsnittsbilder-Taube-NY.jpeg\" class=\"attachment-large size-large wp-post-image\" alt=\"Evert Taube\" srcset=\"https:\/\/litteraturbanken.se\/ljudochbild\/wp-content\/uploads\/2024\/12\/Avsnittsbilder-Taube-NY.jpeg 961w, https:\/\/litteraturbanken.se\/ljudochbild\/wp-content\/uploads\/2024\/12\/Avsnittsbilder-Taube-NY-300x300.jpeg 300w, https:\/\/litteraturbanken.se\/ljudochbild\/wp-content\/uploads\/2024\/12\/Avsnittsbilder-Taube-NY-150x150.jpeg 150w, https:\/\/litteraturbanken.se\/ljudochbild\/wp-content\/uploads\/2024\/12\/Avsnittsbilder-Taube-NY-768x770.jpeg 768w, https:\/\/litteraturbanken.se\/ljudochbild\/wp-content\/uploads\/2024\/12\/Avsnittsbilder-Taube-NY-480x481.jpeg 480w\" sizes=\"auto, (max-width: 640px) 100vw, 640px\" \/><\/a> <a class=\"title\" href=\"https:\/\/litteraturbanken.se\/ljudochbild\/2024\/12\/11\/verket-jag-kommer-av-ett-brusand-hav\/\">Verket: Jag kommer av ett brusand\u2019 hav<\/a><\/div><\/div>\r\n\r\n\n","protected":false},"excerpt":{"rendered":"<p>\u201dALBERT ENGSTR\u00d6M (1869\u20131940) b\u00f6rjade tidigt teckna portr\u00e4tt av de m\u00e4nniskor han m\u00f6tte i sin uppv\u00e4xtmilj\u00f6 i Sm\u00e5land. Fr\u00e4mst var det de s\u00e5 kallade \u2019originalen\u2019 som f\u00e5ngade hans intresse. \u2019Originalen\u2019, skrev han, \u2019\u00e4ro de enda m\u00e4nniskorna, och studiet av [&hellip;]<\/p>\n","protected":false},"author":1,"featured_media":2668,"parent":7,"menu_order":0,"comment_status":"closed","ping_status":"closed","template":"","meta":{"footnotes":""},"class_list":["post-2666","page","type-page","status-publish","has-post-thumbnail","hentry"],"yoast_head":"<!-- This site is optimized with the Yoast SEO plugin v27.1.1 - https:\/\/yoast.com\/product\/yoast-seo-wordpress\/ -->\n<title>Albert Engstr\u00f6m (1869\u20131940) - Ljud &amp; Bild<\/title>\n<meta name=\"robots\" content=\"index, follow, max-snippet:-1, max-image-preview:large, max-video-preview:-1\" \/>\n<link rel=\"canonical\" href=\"https:\/\/litteraturbanken.se\/ljudochbild\/forfattare\/engstroma\/\" \/>\n<meta property=\"og:locale\" content=\"sv_SE\" \/>\n<meta property=\"og:type\" content=\"article\" \/>\n<meta property=\"og:title\" content=\"Albert Engstr\u00f6m (1869\u20131940) - Ljud &amp; Bild\" \/>\n<meta property=\"og:description\" content=\"\u201dALBERT ENGSTR\u00d6M (1869\u20131940) b\u00f6rjade tidigt teckna portr\u00e4tt av de m\u00e4nniskor han m\u00f6tte i sin uppv\u00e4xtmilj\u00f6 i Sm\u00e5land. Fr\u00e4mst var det de s\u00e5 kallade \u2019originalen\u2019 som f\u00e5ngade hans intresse. \u2019Originalen\u2019, skrev han, \u2019\u00e4ro de enda m\u00e4nniskorna, och studiet av [&hellip;]\" \/>\n<meta property=\"og:url\" content=\"https:\/\/litteraturbanken.se\/ljudochbild\/forfattare\/engstroma\/\" \/>\n<meta property=\"og:site_name\" content=\"Ljud &amp; Bild\" \/>\n<meta property=\"article:publisher\" content=\"https:\/\/www.facebook.com\/Litteraturbanken.se\" \/>\n<meta property=\"article:modified_time\" content=\"2024-09-16T13:22:12+00:00\" \/>\n<meta property=\"og:image\" content=\"https:\/\/litteraturbanken.se\/ljudochbild\/wp-content\/uploads\/2019\/11\/AE_Strix_1907-e1573807611252.jpg\" \/>\n\t<meta property=\"og:image:width\" content=\"998\" \/>\n\t<meta property=\"og:image:height\" content=\"1067\" \/>\n\t<meta property=\"og:image:type\" content=\"image\/jpeg\" \/>\n<meta name=\"twitter:card\" content=\"summary_large_image\" \/>\n<meta name=\"twitter:site\" content=\"@litteraturbank\" \/>\n<meta name=\"twitter:label1\" content=\"Ber\u00e4knad l\u00e4stid\" \/>\n\t<meta name=\"twitter:data1\" content=\"2 minuter\" \/>\n<script type=\"application\/ld+json\" class=\"yoast-schema-graph\">{\"@context\":\"https:\/\/schema.org\",\"@graph\":[{\"@type\":\"WebPage\",\"@id\":\"https:\/\/litteraturbanken.se\/ljudochbild\/forfattare\/engstroma\/\",\"url\":\"https:\/\/litteraturbanken.se\/ljudochbild\/forfattare\/engstroma\/\",\"name\":\"Albert Engstr\u00f6m (1869\u20131940) - Ljud &amp; Bild\",\"isPartOf\":{\"@id\":\"https:\/\/litteraturbanken.se\/ljudochbild\/#website\"},\"primaryImageOfPage\":{\"@id\":\"https:\/\/litteraturbanken.se\/ljudochbild\/forfattare\/engstroma\/#primaryimage\"},\"image\":{\"@id\":\"https:\/\/litteraturbanken.se\/ljudochbild\/forfattare\/engstroma\/#primaryimage\"},\"thumbnailUrl\":\"https:\/\/litteraturbanken.se\/ljudochbild\/wp-content\/uploads\/2019\/11\/AE_Strix_1907-e1573807611252.jpg\",\"datePublished\":\"2019-11-15T08:07:10+00:00\",\"dateModified\":\"2024-09-16T13:22:12+00:00\",\"breadcrumb\":{\"@id\":\"https:\/\/litteraturbanken.se\/ljudochbild\/forfattare\/engstroma\/#breadcrumb\"},\"inLanguage\":\"sv-SE\",\"potentialAction\":[{\"@type\":\"ReadAction\",\"target\":[\"https:\/\/litteraturbanken.se\/ljudochbild\/forfattare\/engstroma\/\"]}]},{\"@type\":\"ImageObject\",\"inLanguage\":\"sv-SE\",\"@id\":\"https:\/\/litteraturbanken.se\/ljudochbild\/forfattare\/engstroma\/#primaryimage\",\"url\":\"https:\/\/litteraturbanken.se\/ljudochbild\/wp-content\/uploads\/2019\/11\/AE_Strix_1907-e1573807611252.jpg\",\"contentUrl\":\"https:\/\/litteraturbanken.se\/ljudochbild\/wp-content\/uploads\/2019\/11\/AE_Strix_1907-e1573807611252.jpg\",\"width\":998,\"height\":1067},{\"@type\":\"BreadcrumbList\",\"@id\":\"https:\/\/litteraturbanken.se\/ljudochbild\/forfattare\/engstroma\/#breadcrumb\",\"itemListElement\":[{\"@type\":\"ListItem\",\"position\":1,\"name\":\"Hem\",\"item\":\"https:\/\/litteraturbanken.se\/ljudochbild\/\"},{\"@type\":\"ListItem\",\"position\":2,\"name\":\"F\u00f6rfattare\",\"item\":\"https:\/\/litteraturbanken.se\/ljudochbild\/forfattare\/\"},{\"@type\":\"ListItem\",\"position\":3,\"name\":\"Albert Engstr\u00f6m (1869\u20131940)\"}]},{\"@type\":\"WebSite\",\"@id\":\"https:\/\/litteraturbanken.se\/ljudochbild\/#website\",\"url\":\"https:\/\/litteraturbanken.se\/ljudochbild\/\",\"name\":\"Ljud & Bild\",\"description\":\"Ur Litteraturbankens samlingar\",\"potentialAction\":[{\"@type\":\"SearchAction\",\"target\":{\"@type\":\"EntryPoint\",\"urlTemplate\":\"https:\/\/litteraturbanken.se\/ljudochbild\/?s={search_term_string}\"},\"query-input\":{\"@type\":\"PropertyValueSpecification\",\"valueRequired\":true,\"valueName\":\"search_term_string\"}}],\"inLanguage\":\"sv-SE\"}]}<\/script>\n<!-- \/ Yoast SEO plugin. -->","yoast_head_json":{"title":"Albert Engstr\u00f6m (1869\u20131940) - Ljud &amp; Bild","robots":{"index":"index","follow":"follow","max-snippet":"max-snippet:-1","max-image-preview":"max-image-preview:large","max-video-preview":"max-video-preview:-1"},"canonical":"https:\/\/litteraturbanken.se\/ljudochbild\/forfattare\/engstroma\/","og_locale":"sv_SE","og_type":"article","og_title":"Albert Engstr\u00f6m (1869\u20131940) - Ljud &amp; Bild","og_description":"\u201dALBERT ENGSTR\u00d6M (1869\u20131940) b\u00f6rjade tidigt teckna portr\u00e4tt av de m\u00e4nniskor han m\u00f6tte i sin uppv\u00e4xtmilj\u00f6 i Sm\u00e5land. Fr\u00e4mst var det de s\u00e5 kallade \u2019originalen\u2019 som f\u00e5ngade hans intresse. \u2019Originalen\u2019, skrev han, \u2019\u00e4ro de enda m\u00e4nniskorna, och studiet av [&hellip;]","og_url":"https:\/\/litteraturbanken.se\/ljudochbild\/forfattare\/engstroma\/","og_site_name":"Ljud &amp; Bild","article_publisher":"https:\/\/www.facebook.com\/Litteraturbanken.se","article_modified_time":"2024-09-16T13:22:12+00:00","og_image":[{"width":998,"height":1067,"url":"https:\/\/litteraturbanken.se\/ljudochbild\/wp-content\/uploads\/2019\/11\/AE_Strix_1907-e1573807611252.jpg","type":"image\/jpeg"}],"twitter_card":"summary_large_image","twitter_site":"@litteraturbank","twitter_misc":{"Ber\u00e4knad l\u00e4stid":"2 minuter"},"schema":{"@context":"https:\/\/schema.org","@graph":[{"@type":"WebPage","@id":"https:\/\/litteraturbanken.se\/ljudochbild\/forfattare\/engstroma\/","url":"https:\/\/litteraturbanken.se\/ljudochbild\/forfattare\/engstroma\/","name":"Albert Engstr\u00f6m (1869\u20131940) - Ljud &amp; Bild","isPartOf":{"@id":"https:\/\/litteraturbanken.se\/ljudochbild\/#website"},"primaryImageOfPage":{"@id":"https:\/\/litteraturbanken.se\/ljudochbild\/forfattare\/engstroma\/#primaryimage"},"image":{"@id":"https:\/\/litteraturbanken.se\/ljudochbild\/forfattare\/engstroma\/#primaryimage"},"thumbnailUrl":"https:\/\/litteraturbanken.se\/ljudochbild\/wp-content\/uploads\/2019\/11\/AE_Strix_1907-e1573807611252.jpg","datePublished":"2019-11-15T08:07:10+00:00","dateModified":"2024-09-16T13:22:12+00:00","breadcrumb":{"@id":"https:\/\/litteraturbanken.se\/ljudochbild\/forfattare\/engstroma\/#breadcrumb"},"inLanguage":"sv-SE","potentialAction":[{"@type":"ReadAction","target":["https:\/\/litteraturbanken.se\/ljudochbild\/forfattare\/engstroma\/"]}]},{"@type":"ImageObject","inLanguage":"sv-SE","@id":"https:\/\/litteraturbanken.se\/ljudochbild\/forfattare\/engstroma\/#primaryimage","url":"https:\/\/litteraturbanken.se\/ljudochbild\/wp-content\/uploads\/2019\/11\/AE_Strix_1907-e1573807611252.jpg","contentUrl":"https:\/\/litteraturbanken.se\/ljudochbild\/wp-content\/uploads\/2019\/11\/AE_Strix_1907-e1573807611252.jpg","width":998,"height":1067},{"@type":"BreadcrumbList","@id":"https:\/\/litteraturbanken.se\/ljudochbild\/forfattare\/engstroma\/#breadcrumb","itemListElement":[{"@type":"ListItem","position":1,"name":"Hem","item":"https:\/\/litteraturbanken.se\/ljudochbild\/"},{"@type":"ListItem","position":2,"name":"F\u00f6rfattare","item":"https:\/\/litteraturbanken.se\/ljudochbild\/forfattare\/"},{"@type":"ListItem","position":3,"name":"Albert Engstr\u00f6m (1869\u20131940)"}]},{"@type":"WebSite","@id":"https:\/\/litteraturbanken.se\/ljudochbild\/#website","url":"https:\/\/litteraturbanken.se\/ljudochbild\/","name":"Ljud & Bild","description":"Ur Litteraturbankens samlingar","potentialAction":[{"@type":"SearchAction","target":{"@type":"EntryPoint","urlTemplate":"https:\/\/litteraturbanken.se\/ljudochbild\/?s={search_term_string}"},"query-input":{"@type":"PropertyValueSpecification","valueRequired":true,"valueName":"search_term_string"}}],"inLanguage":"sv-SE"}]}},"_links":{"self":[{"href":"https:\/\/litteraturbanken.se\/ljudochbild\/wp-json\/wp\/v2\/pages\/2666","targetHints":{"allow":["GET"]}}],"collection":[{"href":"https:\/\/litteraturbanken.se\/ljudochbild\/wp-json\/wp\/v2\/pages"}],"about":[{"href":"https:\/\/litteraturbanken.se\/ljudochbild\/wp-json\/wp\/v2\/types\/page"}],"author":[{"embeddable":true,"href":"https:\/\/litteraturbanken.se\/ljudochbild\/wp-json\/wp\/v2\/users\/1"}],"replies":[{"embeddable":true,"href":"https:\/\/litteraturbanken.se\/ljudochbild\/wp-json\/wp\/v2\/comments?post=2666"}],"version-history":[{"count":21,"href":"https:\/\/litteraturbanken.se\/ljudochbild\/wp-json\/wp\/v2\/pages\/2666\/revisions"}],"predecessor-version":[{"id":12083,"href":"https:\/\/litteraturbanken.se\/ljudochbild\/wp-json\/wp\/v2\/pages\/2666\/revisions\/12083"}],"up":[{"embeddable":true,"href":"https:\/\/litteraturbanken.se\/ljudochbild\/wp-json\/wp\/v2\/pages\/7"}],"wp:featuredmedia":[{"embeddable":true,"href":"https:\/\/litteraturbanken.se\/ljudochbild\/wp-json\/wp\/v2\/media\/2668"}],"wp:attachment":[{"href":"https:\/\/litteraturbanken.se\/ljudochbild\/wp-json\/wp\/v2\/media?parent=2666"}],"curies":[{"name":"wp","href":"https:\/\/api.w.org\/{rel}","templated":true}]}}