{"id":2838,"date":"2019-11-28T20:46:45","date_gmt":"2019-11-28T19:46:45","guid":{"rendered":"https:\/\/litteraturbanken.se\/ljudochbild\/?page_id=2838"},"modified":"2024-03-18T16:15:48","modified_gmt":"2024-03-18T15:15:48","slug":"wallens","status":"publish","type":"page","link":"https:\/\/litteraturbanken.se\/ljudochbild\/upplasare\/wallens\/","title":{"rendered":"Sigurd Wall\u00e9n"},"content":{"rendered":"<div class=\"wp-block-image\">\n<figure class=\"alignright\"><img loading=\"lazy\" decoding=\"async\" width=\"222\" height=\"300\" src=\"https:\/\/litteraturbanken.se\/ljudochbild\/wp-content\/uploads\/2019\/11\/Sigurd_Wall\u00e9n_1884-1947-222x300.jpg\" alt=\"\" class=\"wp-image-2839\" srcset=\"https:\/\/litteraturbanken.se\/ljudochbild\/wp-content\/uploads\/2019\/11\/Sigurd_Wall\u00e9n_1884-1947-222x300.jpg 222w, https:\/\/litteraturbanken.se\/ljudochbild\/wp-content\/uploads\/2019\/11\/Sigurd_Wall\u00e9n_1884-1947-480x649.jpg 480w, https:\/\/litteraturbanken.se\/ljudochbild\/wp-content\/uploads\/2019\/11\/Sigurd_Wall\u00e9n_1884-1947.jpg 568w\" sizes=\"auto, (max-width: 222px) 100vw, 222px\" \/><\/figure>\n<\/div>\n\n\n<p>Sk\u00e5despelaren, regiss\u00f6ren, manusf\u00f6rfattaren och legenden Sigurd Wall\u00e9n (1884\u20131947) gjorde stora avtryck i 1900-talets kulturliv. Hans verklista \u00e4r n\u00e4rmast ofattbart l\u00e5ng och omfattar allt fr\u00e5n tunga regiuppdrag till l\u00e4ttsamma piruetter p\u00e5 tiljorna. I Litteraturbankens ljudsamlingar \u00e4r han representerad som inl\u00e4sare av <a href=\"https:\/\/litteraturbanken.se\/ljudochbild\/forfattare\/engstroma\/\">Albert Engstr\u00f6ms<\/a> historier: en s\u00e4llsynt l\u00e4mpad f\u00f6rening av f\u00f6rfattare och uttolkare.<br><br><em>Inspelningarna tillg\u00e4ngligg\u00f6rs med tillst\u00e5nd fr\u00e5n Sveriges Radio.<\/em><\/p>\n\n\n\n<div class=\"wp-playlist wp-audio-playlist wp-playlist-light\">\n\t\t\t<div class=\"wp-playlist-current-item\"><\/div>\n\t\t<audio controls=\"controls\" preload=\"none\" width=\"618\"\n\t\t\t><\/audio>\n\t<div class=\"wp-playlist-next\"><\/div>\n\t<div class=\"wp-playlist-prev\"><\/div>\n\t<noscript>\n\t<ol>\n\t\t<li><a href='https:\/\/litteraturbanken.se\/ljudochbild\/wp-content\/uploads\/2019\/11\/engstrom_jannemattssonsval_wallen.mp3'>Janne Mattssons val<\/a><\/li><li><a href='https:\/\/litteraturbanken.se\/ljudochbild\/wp-content\/uploads\/2019\/11\/engstrom_skargardsoriginal_wallen.mp3'>Sk\u00e4rg\u00e5rdsoriginal<\/a><\/li>\t<\/ol>\n\t<\/noscript>\n\t<script type=\"application\/json\" class=\"wp-playlist-script\">{\"type\":\"audio\",\"tracklist\":true,\"tracknumbers\":true,\"images\":true,\"artists\":true,\"tracks\":[{\"src\":\"https:\/\/litteraturbanken.se\/ljudochbild\/wp-content\/uploads\/2019\/11\/engstrom_jannemattssonsval_wallen.mp3\",\"type\":\"audio\/mpeg\",\"title\":\"Janne Mattssons val\",\"caption\":\"\",\"description\":\"\\\"Janne Mattssons val\\\" fr\\u00e5n Sigurd Wall\\u00e9n l\\u00e4ser Albert Engstr\\u00f6m i Sveriges Radio (1940\\u20131941) av Engstr\\u00f6m, Albert. Sl\\u00e4ppt: 1940.\",\"meta\":{\"artist\":\"Sigurd Wall\\u00e9n l\\u00e4ser Albert Engstr\\u00f6m i Sveriges Radio (1940\\u20131941)\",\"album\":\"Albert Engstr\\u00f6m\"},\"image\":{\"src\":\"https:\/\/litteraturbanken.se\/ljudochbild\/wp-content\/uploads\/2019\/09\/wide_gub_wide-mp3-image.png\",\"width\":580,\"height\":612},\"thumb\":{\"src\":\"https:\/\/litteraturbanken.se\/ljudochbild\/wp-content\/uploads\/2019\/09\/wide_gub_wide-mp3-image-150x150.png\",\"width\":150,\"height\":150}},{\"src\":\"https:\/\/litteraturbanken.se\/ljudochbild\/wp-content\/uploads\/2019\/11\/engstrom_skargardsoriginal_wallen.mp3\",\"type\":\"audio\/mpeg\",\"title\":\"Sk\\u00e4rg\\u00e5rdsoriginal\",\"caption\":\"\",\"description\":\"\\\"Sk\\u00e4rg\\u00e5rdsoriginal\\\" fr\\u00e5n Sigurd Wall\\u00e9n l\\u00e4ser Albert Engstr\\u00f6m i Sveriges Radio (1940\\u20131941) av Engstr\\u00f6m, Albert. Sl\\u00e4ppt: 1941. Sp\\u00e5r 2 av 2.\",\"meta\":{\"artist\":\"Sigurd Wall\\u00e9n l\\u00e4ser Albert Engstr\\u00f6m i Sveriges Radio (1940\\u20131941)\",\"album\":\"Albert Engstr\\u00f6m\"},\"image\":{\"src\":\"https:\/\/litteraturbanken.se\/ljudochbild\/wp-content\/uploads\/2019\/09\/wide_gub_wide-mp3-image.png\",\"width\":580,\"height\":612},\"thumb\":{\"src\":\"https:\/\/litteraturbanken.se\/ljudochbild\/wp-content\/uploads\/2019\/09\/wide_gub_wide-mp3-image-150x150.png\",\"width\":150,\"height\":150}}]}<\/script>\n<\/div>\n\t\n\n\n\n<p><em>Fotografiet, av Louis Huch, har vi l\u00e5nat fr\u00e5n <\/em><a href=\"https:\/\/commons.wikimedia.org\/wiki\/File:Sigurd_Wall\u00e9n,_1884-1947.jpg\"><em>Wikimedia<\/em><\/a><em>.<\/em><\/p>\n\n\n<h3 class=\"wp-block-heading author-related-title\">L\u00e4s mer<\/h3>\r\n<div class=\"display-posts-listing grid\"><div class=\"listing-item\"><a class=\"image\" href=\"https:\/\/litteraturbanken.se\/ljudochbild\/2019\/12\/04\/albert-engstroms-livslanga-ja\/\"><img loading=\"lazy\" decoding=\"async\" width=\"640\" height=\"866\" src=\"https:\/\/litteraturbanken.se\/ljudochbild\/wp-content\/uploads\/2019\/12\/Kr\u00e4ftor_kr\u00e4va_dessa_drycker-757x1024.jpg\" class=\"attachment-large size-large wp-post-image\" alt=\"\" srcset=\"https:\/\/litteraturbanken.se\/ljudochbild\/wp-content\/uploads\/2019\/12\/Kr\u00e4ftor_kr\u00e4va_dessa_drycker-757x1024.jpg 757w, https:\/\/litteraturbanken.se\/ljudochbild\/wp-content\/uploads\/2019\/12\/Kr\u00e4ftor_kr\u00e4va_dessa_drycker-222x300.jpg 222w, https:\/\/litteraturbanken.se\/ljudochbild\/wp-content\/uploads\/2019\/12\/Kr\u00e4ftor_kr\u00e4va_dessa_drycker-768x1038.jpg 768w, https:\/\/litteraturbanken.se\/ljudochbild\/wp-content\/uploads\/2019\/12\/Kr\u00e4ftor_kr\u00e4va_dessa_drycker-480x649.jpg 480w, https:\/\/litteraturbanken.se\/ljudochbild\/wp-content\/uploads\/2019\/12\/Kr\u00e4ftor_kr\u00e4va_dessa_drycker-e1575449921216.jpg 700w\" sizes=\"auto, (max-width: 640px) 100vw, 640px\" \/><\/a> <a class=\"title\" href=\"https:\/\/litteraturbanken.se\/ljudochbild\/2019\/12\/04\/albert-engstroms-livslanga-ja\/\">Engstr\u00f6ms livsl\u00e5nga ja<\/a><\/div><\/div>\r\n\r\n\n","protected":false},"excerpt":{"rendered":"<p>Sk\u00e5despelaren, regiss\u00f6ren, manusf\u00f6rfattaren och legenden Sigurd Wall\u00e9n (1884\u20131947) gjorde stora avtryck i 1900-talets kulturliv. Hans verklista \u00e4r n\u00e4rmast ofattbart l\u00e5ng och omfattar allt fr\u00e5n tunga regiuppdrag till l\u00e4ttsamma piruetter p\u00e5 tiljorna. I Litteraturbankens ljudsamlingar \u00e4r han representerad som [&hellip;]<\/p>\n","protected":false},"author":1,"featured_media":2839,"parent":8,"menu_order":0,"comment_status":"closed","ping_status":"closed","template":"","meta":{"footnotes":""},"class_list":["post-2838","page","type-page","status-publish","has-post-thumbnail","hentry"],"yoast_head":"<!-- This site is optimized with the Yoast SEO plugin v27.1.1 - https:\/\/yoast.com\/product\/yoast-seo-wordpress\/ -->\n<title>Sigurd Wall\u00e9n - Ljud &amp; Bild<\/title>\n<meta name=\"robots\" content=\"index, follow, max-snippet:-1, max-image-preview:large, max-video-preview:-1\" \/>\n<link rel=\"canonical\" href=\"https:\/\/litteraturbanken.se\/ljudochbild\/upplasare\/wallens\/\" \/>\n<meta property=\"og:locale\" content=\"sv_SE\" \/>\n<meta property=\"og:type\" content=\"article\" \/>\n<meta property=\"og:title\" content=\"Sigurd Wall\u00e9n - Ljud &amp; Bild\" \/>\n<meta property=\"og:description\" content=\"Sk\u00e5despelaren, regiss\u00f6ren, manusf\u00f6rfattaren och legenden Sigurd Wall\u00e9n (1884\u20131947) gjorde stora avtryck i 1900-talets kulturliv. Hans verklista \u00e4r n\u00e4rmast ofattbart l\u00e5ng och omfattar allt fr\u00e5n tunga regiuppdrag till l\u00e4ttsamma piruetter p\u00e5 tiljorna. I Litteraturbankens ljudsamlingar \u00e4r han representerad som [&hellip;]\" \/>\n<meta property=\"og:url\" content=\"https:\/\/litteraturbanken.se\/ljudochbild\/upplasare\/wallens\/\" \/>\n<meta property=\"og:site_name\" content=\"Ljud &amp; Bild\" \/>\n<meta property=\"article:publisher\" content=\"https:\/\/www.facebook.com\/Litteraturbanken.se\" \/>\n<meta property=\"article:modified_time\" content=\"2024-03-18T15:15:48+00:00\" \/>\n<meta property=\"og:image\" content=\"https:\/\/litteraturbanken.se\/ljudochbild\/wp-content\/uploads\/2019\/11\/Sigurd_Wall\u00e9n_1884-1947.jpg\" \/>\n\t<meta property=\"og:image:width\" content=\"568\" \/>\n\t<meta property=\"og:image:height\" content=\"768\" \/>\n\t<meta property=\"og:image:type\" content=\"image\/jpeg\" \/>\n<meta name=\"twitter:card\" content=\"summary_large_image\" \/>\n<meta name=\"twitter:site\" content=\"@litteraturbank\" \/>\n<meta name=\"twitter:label1\" content=\"Ber\u00e4knad l\u00e4stid\" \/>\n\t<meta name=\"twitter:data1\" content=\"1 minut\" \/>\n<script type=\"application\/ld+json\" class=\"yoast-schema-graph\">{\"@context\":\"https:\/\/schema.org\",\"@graph\":[{\"@type\":\"WebPage\",\"@id\":\"https:\/\/litteraturbanken.se\/ljudochbild\/upplasare\/wallens\/\",\"url\":\"https:\/\/litteraturbanken.se\/ljudochbild\/upplasare\/wallens\/\",\"name\":\"Sigurd Wall\u00e9n - Ljud &amp; Bild\",\"isPartOf\":{\"@id\":\"https:\/\/litteraturbanken.se\/ljudochbild\/#website\"},\"primaryImageOfPage\":{\"@id\":\"https:\/\/litteraturbanken.se\/ljudochbild\/upplasare\/wallens\/#primaryimage\"},\"image\":{\"@id\":\"https:\/\/litteraturbanken.se\/ljudochbild\/upplasare\/wallens\/#primaryimage\"},\"thumbnailUrl\":\"https:\/\/litteraturbanken.se\/ljudochbild\/wp-content\/uploads\/2019\/11\/Sigurd_Wall\u00e9n_1884-1947.jpg\",\"datePublished\":\"2019-11-28T19:46:45+00:00\",\"dateModified\":\"2024-03-18T15:15:48+00:00\",\"breadcrumb\":{\"@id\":\"https:\/\/litteraturbanken.se\/ljudochbild\/upplasare\/wallens\/#breadcrumb\"},\"inLanguage\":\"sv-SE\",\"potentialAction\":[{\"@type\":\"ReadAction\",\"target\":[\"https:\/\/litteraturbanken.se\/ljudochbild\/upplasare\/wallens\/\"]}]},{\"@type\":\"ImageObject\",\"inLanguage\":\"sv-SE\",\"@id\":\"https:\/\/litteraturbanken.se\/ljudochbild\/upplasare\/wallens\/#primaryimage\",\"url\":\"https:\/\/litteraturbanken.se\/ljudochbild\/wp-content\/uploads\/2019\/11\/Sigurd_Wall\u00e9n_1884-1947.jpg\",\"contentUrl\":\"https:\/\/litteraturbanken.se\/ljudochbild\/wp-content\/uploads\/2019\/11\/Sigurd_Wall\u00e9n_1884-1947.jpg\",\"width\":568,\"height\":768},{\"@type\":\"BreadcrumbList\",\"@id\":\"https:\/\/litteraturbanken.se\/ljudochbild\/upplasare\/wallens\/#breadcrumb\",\"itemListElement\":[{\"@type\":\"ListItem\",\"position\":1,\"name\":\"Hem\",\"item\":\"https:\/\/litteraturbanken.se\/ljudochbild\/\"},{\"@type\":\"ListItem\",\"position\":2,\"name\":\"Privat: Uppl\u00e4sare\",\"item\":\"https:\/\/litteraturbanken.se\/ljudochbild\/?page_id=8\"},{\"@type\":\"ListItem\",\"position\":3,\"name\":\"Sigurd Wall\u00e9n\"}]},{\"@type\":\"WebSite\",\"@id\":\"https:\/\/litteraturbanken.se\/ljudochbild\/#website\",\"url\":\"https:\/\/litteraturbanken.se\/ljudochbild\/\",\"name\":\"Ljud & Bild\",\"description\":\"Ur Litteraturbankens samlingar\",\"potentialAction\":[{\"@type\":\"SearchAction\",\"target\":{\"@type\":\"EntryPoint\",\"urlTemplate\":\"https:\/\/litteraturbanken.se\/ljudochbild\/?s={search_term_string}\"},\"query-input\":{\"@type\":\"PropertyValueSpecification\",\"valueRequired\":true,\"valueName\":\"search_term_string\"}}],\"inLanguage\":\"sv-SE\"}]}<\/script>\n<!-- \/ Yoast SEO plugin. -->","yoast_head_json":{"title":"Sigurd Wall\u00e9n - Ljud &amp; Bild","robots":{"index":"index","follow":"follow","max-snippet":"max-snippet:-1","max-image-preview":"max-image-preview:large","max-video-preview":"max-video-preview:-1"},"canonical":"https:\/\/litteraturbanken.se\/ljudochbild\/upplasare\/wallens\/","og_locale":"sv_SE","og_type":"article","og_title":"Sigurd Wall\u00e9n - Ljud &amp; Bild","og_description":"Sk\u00e5despelaren, regiss\u00f6ren, manusf\u00f6rfattaren och legenden Sigurd Wall\u00e9n (1884\u20131947) gjorde stora avtryck i 1900-talets kulturliv. Hans verklista \u00e4r n\u00e4rmast ofattbart l\u00e5ng och omfattar allt fr\u00e5n tunga regiuppdrag till l\u00e4ttsamma piruetter p\u00e5 tiljorna. I Litteraturbankens ljudsamlingar \u00e4r han representerad som [&hellip;]","og_url":"https:\/\/litteraturbanken.se\/ljudochbild\/upplasare\/wallens\/","og_site_name":"Ljud &amp; Bild","article_publisher":"https:\/\/www.facebook.com\/Litteraturbanken.se","article_modified_time":"2024-03-18T15:15:48+00:00","og_image":[{"width":568,"height":768,"url":"https:\/\/litteraturbanken.se\/ljudochbild\/wp-content\/uploads\/2019\/11\/Sigurd_Wall\u00e9n_1884-1947.jpg","type":"image\/jpeg"}],"twitter_card":"summary_large_image","twitter_site":"@litteraturbank","twitter_misc":{"Ber\u00e4knad l\u00e4stid":"1 minut"},"schema":{"@context":"https:\/\/schema.org","@graph":[{"@type":"WebPage","@id":"https:\/\/litteraturbanken.se\/ljudochbild\/upplasare\/wallens\/","url":"https:\/\/litteraturbanken.se\/ljudochbild\/upplasare\/wallens\/","name":"Sigurd Wall\u00e9n - Ljud &amp; Bild","isPartOf":{"@id":"https:\/\/litteraturbanken.se\/ljudochbild\/#website"},"primaryImageOfPage":{"@id":"https:\/\/litteraturbanken.se\/ljudochbild\/upplasare\/wallens\/#primaryimage"},"image":{"@id":"https:\/\/litteraturbanken.se\/ljudochbild\/upplasare\/wallens\/#primaryimage"},"thumbnailUrl":"https:\/\/litteraturbanken.se\/ljudochbild\/wp-content\/uploads\/2019\/11\/Sigurd_Wall\u00e9n_1884-1947.jpg","datePublished":"2019-11-28T19:46:45+00:00","dateModified":"2024-03-18T15:15:48+00:00","breadcrumb":{"@id":"https:\/\/litteraturbanken.se\/ljudochbild\/upplasare\/wallens\/#breadcrumb"},"inLanguage":"sv-SE","potentialAction":[{"@type":"ReadAction","target":["https:\/\/litteraturbanken.se\/ljudochbild\/upplasare\/wallens\/"]}]},{"@type":"ImageObject","inLanguage":"sv-SE","@id":"https:\/\/litteraturbanken.se\/ljudochbild\/upplasare\/wallens\/#primaryimage","url":"https:\/\/litteraturbanken.se\/ljudochbild\/wp-content\/uploads\/2019\/11\/Sigurd_Wall\u00e9n_1884-1947.jpg","contentUrl":"https:\/\/litteraturbanken.se\/ljudochbild\/wp-content\/uploads\/2019\/11\/Sigurd_Wall\u00e9n_1884-1947.jpg","width":568,"height":768},{"@type":"BreadcrumbList","@id":"https:\/\/litteraturbanken.se\/ljudochbild\/upplasare\/wallens\/#breadcrumb","itemListElement":[{"@type":"ListItem","position":1,"name":"Hem","item":"https:\/\/litteraturbanken.se\/ljudochbild\/"},{"@type":"ListItem","position":2,"name":"Privat: Uppl\u00e4sare","item":"https:\/\/litteraturbanken.se\/ljudochbild\/?page_id=8"},{"@type":"ListItem","position":3,"name":"Sigurd Wall\u00e9n"}]},{"@type":"WebSite","@id":"https:\/\/litteraturbanken.se\/ljudochbild\/#website","url":"https:\/\/litteraturbanken.se\/ljudochbild\/","name":"Ljud & Bild","description":"Ur Litteraturbankens samlingar","potentialAction":[{"@type":"SearchAction","target":{"@type":"EntryPoint","urlTemplate":"https:\/\/litteraturbanken.se\/ljudochbild\/?s={search_term_string}"},"query-input":{"@type":"PropertyValueSpecification","valueRequired":true,"valueName":"search_term_string"}}],"inLanguage":"sv-SE"}]}},"_links":{"self":[{"href":"https:\/\/litteraturbanken.se\/ljudochbild\/wp-json\/wp\/v2\/pages\/2838","targetHints":{"allow":["GET"]}}],"collection":[{"href":"https:\/\/litteraturbanken.se\/ljudochbild\/wp-json\/wp\/v2\/pages"}],"about":[{"href":"https:\/\/litteraturbanken.se\/ljudochbild\/wp-json\/wp\/v2\/types\/page"}],"author":[{"embeddable":true,"href":"https:\/\/litteraturbanken.se\/ljudochbild\/wp-json\/wp\/v2\/users\/1"}],"replies":[{"embeddable":true,"href":"https:\/\/litteraturbanken.se\/ljudochbild\/wp-json\/wp\/v2\/comments?post=2838"}],"version-history":[{"count":4,"href":"https:\/\/litteraturbanken.se\/ljudochbild\/wp-json\/wp\/v2\/pages\/2838\/revisions"}],"predecessor-version":[{"id":11018,"href":"https:\/\/litteraturbanken.se\/ljudochbild\/wp-json\/wp\/v2\/pages\/2838\/revisions\/11018"}],"up":[{"embeddable":true,"href":"https:\/\/litteraturbanken.se\/ljudochbild\/wp-json\/wp\/v2\/pages\/8"}],"wp:featuredmedia":[{"embeddable":true,"href":"https:\/\/litteraturbanken.se\/ljudochbild\/wp-json\/wp\/v2\/media\/2839"}],"wp:attachment":[{"href":"https:\/\/litteraturbanken.se\/ljudochbild\/wp-json\/wp\/v2\/media?parent=2838"}],"curies":[{"name":"wp","href":"https:\/\/api.w.org\/{rel}","templated":true}]}}